{"id":36578,"date":"2022-01-24T16:40:42","date_gmt":"2022-01-24T15:40:42","guid":{"rendered":"https:\/\/fonsvinum.com\/?post_type=product&#038;p=36578"},"modified":"2022-01-25T11:26:31","modified_gmt":"2022-01-25T10:26:31","slug":"produttori-del-barbaresco-ris-ovello-barbaresco-2015-magnum","status":"publish","type":"product","link":"https:\/\/fonsvinum.com\/de\/produkt\/produttori-del-barbaresco-ris-ovello-barbaresco-2015-magnum\/","title":{"rendered":"PRODUTTORI DEL BARBARESCO Ris. Ovello Barbaresco 2015 Magnum"},"content":{"rendered":"<h2><a href=\"https:\/\/fonsvinum.com\/de\/attributes\/producer\/produttori-del-barbaresco-de\/\">PRODUTTORI DEL BARBARESCO<\/a> Ris. Ovello Barbaresco 2015 Magnum<\/h2>\n<p>PRODUTTORI DEL BARBARESCO Ris. Ovello Barbaresco 2015 Magnum<\/p>\n<p>Sie z\u00e4hlt heute nicht nur zu den besten Genossenschaftskellereien Europas, sondern bietet ihre Weine auch noch zu sehr kundenfreundlichen Preisen an: Die im Jahr 1958 vom \u00f6rtlichen Pfarrer Don Fiorino Marengo neugeschaffene und heute mit ruhiger Hand von Aldo Vacca und Gianni Testa gef\u00fchrte Kooperative Produttori del Barbaresco.<\/p>\n<p>Mehr als f\u00fcnfzig angeschlossene Weinbauern kultivieren knapp ein Sechstel der Gesamtanbaufl\u00e4che im Barbaresco-Gebiet.<\/p>\n<p>Die Winzerfamilien bewirtschaften ihre in 200 bis 400 Meter H\u00f6he liegenden Parzellen autonom,\u00a0befolgen aber strenge Vorgaben des Direktoriums bez\u00fcglich der Boden- und Rebstockpflege.<\/p>\n<p>Da die Gew\u00e4chse in neun der besten Lagen der Denomination wachsen, beschreibt der Weinf\u00fchrer Gambero Rosso das aus knapp einem Dutzend kostbarer Tropfen bestehende und in guten Weinbaujahren durch die Linie Riserva erg\u00e4nzte Sortiment der Kooperative als einen &#8222;Lehrpfad, der zum wahren Wesen der Langa f\u00fchrt&#8220;.<\/p>\n<p>Erkl\u00e4rtes Ziel der Piemonteser war es von Anfang an, hochwertige Weine zu keltern und sich auf die Rebsorte Nebbiolo zu beschr\u00e4nken.<\/p>\n<p>Bis heute werden deshalb lediglich Barbaresco und Nebbiolo-Basisweine im traditionellen Stil erzeugt.<\/p>\n<p>Die Trauben f\u00fcr den Barbaresco stammen aus den Premium-Lagen Asili, Rabaj\u00e0, Pora, Montestefano, Ovello, Paj\u00e9, Montefico, Muncagota und Rio Sordo.<\/p>\n<p>Die klassische Bereitung mit ausgedehnten Maischestandzeiten und gro\u00dfen F\u00e4ssern bilden die Grundlage f\u00fcr \u00e4u\u00dferst langlebige Tropfen, die sich von Modestr\u00f6mungen deutlich distanzieren.<\/p>\n<p>Die Genossenschaft Cantina Sociale dei Produttori del Barbaresco war mit den bis in die Gegenwart hinein bedeutenden Weinbaubetrieben von Angelo Gaja und Bruno Giacosa der erste Erzeuger der Region, der Weine aus Cru-Lagen produzierte.<\/p>\n<p>Diese Vorgehensweise war ein erster Schritt in Richtung der heute g\u00fcltigen offiziellen Lagenkartografie der faszinierenden Denomination.<\/p>\n<p>In guten Jahren wird von der Kooperative aus rund der H\u00e4lfte der geernteten Trauben Barbaresco hergestellt.<\/p>\n<h2>RISERVA OVELLO <a href=\"https:\/\/www.shopinlanghe.com\/sellers?render_type=sellerview&amp;id_seller=5\">BARBARESCO<\/a><\/h2>\n","protected":false},"excerpt":{"rendered":"<p>PRODUTTORI DEL BARBARESCO Ris. Ovello Barbaresco 2015 Magnum PRODUTTORI DEL BARBARESCO Ris. Ovello Barbaresco 2015 Magnum Sie z\u00e4hlt heute nicht nur zu den besten Genossenschaftskellereien Europas, sondern bietet ihre Weine auch noch zu sehr kundenfreundlichen Preisen an: Die im Jahr 1958 vom \u00f6rtlichen Pfarrer Don Fiorino Marengo neugeschaffene und heute mit ruhiger Hand von Aldo [&hellip;]<\/p>\n","protected":false},"featured_media":32760,"comment_status":"open","ping_status":"closed","template":"","meta":{"_acf_changed":false,"_monsterinsights_skip_tracking":false,"_monsterinsights_sitenote_active":false,"_monsterinsights_sitenote_note":"","_monsterinsights_sitenote_category":0},"product_brand":[],"product_cat":[1773],"product_tag":[1751,15895,17732,15959],"class_list":{"0":"post-36578","1":"product","2":"type-product","3":"status-publish","4":"has-post-thumbnail","6":"product_cat-barbaresco-de","7":"product_tag-aussergewoehnliche-weine-aus-italien-de","8":"product_tag-barbaresco-de-2","9":"product_tag-magnum-de","10":"product_tag-vino-rosso-de","11":"pa_appellation-barbaresco-docg-de","12":"pa_formato-1-50-l-flasche-de","13":"pa_producer-produttori-del-barbaresco-de","14":"pa_region-piemont-de","15":"pa_vine-100-nebbiolo-de","16":"pa_vintage-2015-de","18":"first","19":"instock","20":"sale","21":"taxable","22":"shipping-taxable","23":"purchasable","24":"product-type-simple"},"bundled_by":[],"bundle_stock_status":"instock","bundle_stock_quantity":3,"bundle_virtual":false,"bundle_layout":"","bundle_add_to_cart_form_location":"","bundle_editable_in_cart":false,"bundle_sold_individually_context":"","bundle_item_grouping":"","bundle_min_size":"","bundle_max_size":"","bundle_price":[],"bundled_items":[],"bundle_sell_ids":[],"yoast_head":"<!-- This site is optimized with the Yoast SEO plugin v27.3 - https:\/\/yoast.com\/product\/yoast-seo-wordpress\/ -->\n<title>PRODUTTORI DEL BARBARESCO Ris. Ovello Barbaresco 2015 Magnum<\/title>\n<meta name=\"description\" content=\"Kaufen online - Fons Vinum -PRODUTTORI DEL BARBARESCO Ris. Ovello Barbaresco 2015 Magnum Der Barbaresco wird zu 100% aus Nebbiolo...\" \/>\n<meta name=\"robots\" content=\"index, follow, max-snippet:-1, max-image-preview:large, max-video-preview:-1\" \/>\n<link rel=\"canonical\" href=\"https:\/\/fonsvinum.com\/de\/produkt\/produttori-del-barbaresco-ris-ovello-barbaresco-2015-magnum\/\" \/>\n<meta property=\"og:locale\" content=\"de_DE\" \/>\n<meta property=\"og:type\" content=\"article\" \/>\n<meta property=\"og:title\" content=\"PRODUTTORI DEL BARBARESCO Ris. Ovello Barbaresco 2015 Magnum\" \/>\n<meta property=\"og:description\" content=\"Kaufen online - Fons Vinum -PRODUTTORI DEL BARBARESCO Ris. Ovello Barbaresco 2015 Magnum Der Barbaresco wird zu 100% aus Nebbiolo...\" \/>\n<meta property=\"og:url\" content=\"https:\/\/fonsvinum.com\/de\/produkt\/produttori-del-barbaresco-ris-ovello-barbaresco-2015-magnum\/\" \/>\n<meta property=\"og:site_name\" content=\"Fons Vinum\" \/>\n<meta property=\"article:modified_time\" content=\"2022-01-25T10:26:31+00:00\" \/>\n<meta property=\"og:image\" content=\"https:\/\/fonsvinum.com\/files\/2021\/05\/barbaresco-produttori-riserva-ovello.jpg\" \/>\n\t<meta property=\"og:image:width\" content=\"200\" \/>\n\t<meta property=\"og:image:height\" content=\"600\" \/>\n\t<meta property=\"og:image:type\" content=\"image\/jpeg\" \/>\n<meta name=\"twitter:label1\" content=\"Gesch\u00e4tzte Lesezeit\" \/>\n\t<meta name=\"twitter:data1\" content=\"2\u00a0Minuten\" \/>\n<script type=\"application\/ld+json\" class=\"yoast-schema-graph\">{\"@context\":\"https:\\\/\\\/schema.org\",\"@graph\":[{\"@type\":\"WebPage\",\"@id\":\"https:\\\/\\\/fonsvinum.com\\\/de\\\/produkt\\\/produttori-del-barbaresco-ris-ovello-barbaresco-2015-magnum\\\/\",\"url\":\"https:\\\/\\\/fonsvinum.com\\\/de\\\/produkt\\\/produttori-del-barbaresco-ris-ovello-barbaresco-2015-magnum\\\/\",\"name\":\"PRODUTTORI DEL BARBARESCO Ris. Ovello Barbaresco 2015 Magnum\",\"isPartOf\":{\"@id\":\"https:\\\/\\\/fonsvinum.com\\\/en\\\/#website\"},\"primaryImageOfPage\":{\"@id\":\"https:\\\/\\\/fonsvinum.com\\\/de\\\/produkt\\\/produttori-del-barbaresco-ris-ovello-barbaresco-2015-magnum\\\/#primaryimage\"},\"image\":{\"@id\":\"https:\\\/\\\/fonsvinum.com\\\/de\\\/produkt\\\/produttori-del-barbaresco-ris-ovello-barbaresco-2015-magnum\\\/#primaryimage\"},\"thumbnailUrl\":\"https:\\\/\\\/fonsvinum.com\\\/files\\\/2021\\\/05\\\/barbaresco-produttori-riserva-ovello.jpg\",\"datePublished\":\"2022-01-24T15:40:42+00:00\",\"dateModified\":\"2022-01-25T10:26:31+00:00\",\"description\":\"Kaufen online - Fons Vinum -PRODUTTORI DEL BARBARESCO Ris. Ovello Barbaresco 2015 Magnum Der Barbaresco wird zu 100% aus Nebbiolo...\",\"breadcrumb\":{\"@id\":\"https:\\\/\\\/fonsvinum.com\\\/de\\\/produkt\\\/produttori-del-barbaresco-ris-ovello-barbaresco-2015-magnum\\\/#breadcrumb\"},\"inLanguage\":\"de\",\"potentialAction\":[{\"@type\":\"ReadAction\",\"target\":[\"https:\\\/\\\/fonsvinum.com\\\/de\\\/produkt\\\/produttori-del-barbaresco-ris-ovello-barbaresco-2015-magnum\\\/\"]}]},{\"@type\":\"ImageObject\",\"inLanguage\":\"de\",\"@id\":\"https:\\\/\\\/fonsvinum.com\\\/de\\\/produkt\\\/produttori-del-barbaresco-ris-ovello-barbaresco-2015-magnum\\\/#primaryimage\",\"url\":\"https:\\\/\\\/fonsvinum.com\\\/files\\\/2021\\\/05\\\/barbaresco-produttori-riserva-ovello.jpg\",\"contentUrl\":\"https:\\\/\\\/fonsvinum.com\\\/files\\\/2021\\\/05\\\/barbaresco-produttori-riserva-ovello.jpg\",\"width\":200,\"height\":600,\"caption\":\"PRODUTTORI DEL BARBARESCO Riserva Ovello\"},{\"@type\":\"BreadcrumbList\",\"@id\":\"https:\\\/\\\/fonsvinum.com\\\/de\\\/produkt\\\/produttori-del-barbaresco-ris-ovello-barbaresco-2015-magnum\\\/#breadcrumb\",\"itemListElement\":[{\"@type\":\"ListItem\",\"position\":1,\"name\":\"Startseite\",\"item\":\"https:\\\/\\\/fonsvinum.com\\\/de\\\/\"},{\"@type\":\"ListItem\",\"position\":2,\"name\":\"Shop\",\"item\":\"https:\\\/\\\/fonsvinum.com\\\/de\\\/shop\\\/\"},{\"@type\":\"ListItem\",\"position\":3,\"name\":\"PRODUTTORI DEL BARBARESCO Ris. Ovello Barbaresco 2015 Magnum\"}]},{\"@type\":\"WebSite\",\"@id\":\"https:\\\/\\\/fonsvinum.com\\\/en\\\/#website\",\"url\":\"https:\\\/\\\/fonsvinum.com\\\/en\\\/\",\"name\":\"Fons Vinum\",\"description\":\"Vendita Vino Online\",\"publisher\":{\"@id\":\"https:\\\/\\\/fonsvinum.com\\\/en\\\/#organization\"},\"potentialAction\":[{\"@type\":\"SearchAction\",\"target\":{\"@type\":\"EntryPoint\",\"urlTemplate\":\"https:\\\/\\\/fonsvinum.com\\\/en\\\/?s={search_term_string}\"},\"query-input\":{\"@type\":\"PropertyValueSpecification\",\"valueRequired\":true,\"valueName\":\"search_term_string\"}}],\"inLanguage\":\"de\"},{\"@type\":\"Organization\",\"@id\":\"https:\\\/\\\/fonsvinum.com\\\/en\\\/#organization\",\"name\":\"Fons Vinum\",\"url\":\"https:\\\/\\\/fonsvinum.com\\\/en\\\/\",\"logo\":{\"@type\":\"ImageObject\",\"inLanguage\":\"de\",\"@id\":\"https:\\\/\\\/fonsvinum.com\\\/en\\\/#\\\/schema\\\/logo\\\/image\\\/\",\"url\":\"\",\"contentUrl\":\"\",\"caption\":\"Fons Vinum\"},\"image\":{\"@id\":\"https:\\\/\\\/fonsvinum.com\\\/en\\\/#\\\/schema\\\/logo\\\/image\\\/\"}}]}<\/script>\n<!-- \/ Yoast SEO plugin. -->","yoast_head_json":{"title":"PRODUTTORI DEL BARBARESCO Ris. Ovello Barbaresco 2015 Magnum","description":"Kaufen online - Fons Vinum -PRODUTTORI DEL BARBARESCO Ris. Ovello Barbaresco 2015 Magnum Der Barbaresco wird zu 100% aus Nebbiolo...","robots":{"index":"index","follow":"follow","max-snippet":"max-snippet:-1","max-image-preview":"max-image-preview:large","max-video-preview":"max-video-preview:-1"},"canonical":"https:\/\/fonsvinum.com\/de\/produkt\/produttori-del-barbaresco-ris-ovello-barbaresco-2015-magnum\/","og_locale":"de_DE","og_type":"article","og_title":"PRODUTTORI DEL BARBARESCO Ris. Ovello Barbaresco 2015 Magnum","og_description":"Kaufen online - Fons Vinum -PRODUTTORI DEL BARBARESCO Ris. Ovello Barbaresco 2015 Magnum Der Barbaresco wird zu 100% aus Nebbiolo...","og_url":"https:\/\/fonsvinum.com\/de\/produkt\/produttori-del-barbaresco-ris-ovello-barbaresco-2015-magnum\/","og_site_name":"Fons Vinum","article_modified_time":"2022-01-25T10:26:31+00:00","og_image":[{"width":200,"height":600,"url":"https:\/\/fonsvinum.com\/files\/2021\/05\/barbaresco-produttori-riserva-ovello.jpg","type":"image\/jpeg"}],"twitter_misc":{"Gesch\u00e4tzte Lesezeit":"2\u00a0Minuten"},"schema":{"@context":"https:\/\/schema.org","@graph":[{"@type":"WebPage","@id":"https:\/\/fonsvinum.com\/de\/produkt\/produttori-del-barbaresco-ris-ovello-barbaresco-2015-magnum\/","url":"https:\/\/fonsvinum.com\/de\/produkt\/produttori-del-barbaresco-ris-ovello-barbaresco-2015-magnum\/","name":"PRODUTTORI DEL BARBARESCO Ris. Ovello Barbaresco 2015 Magnum","isPartOf":{"@id":"https:\/\/fonsvinum.com\/en\/#website"},"primaryImageOfPage":{"@id":"https:\/\/fonsvinum.com\/de\/produkt\/produttori-del-barbaresco-ris-ovello-barbaresco-2015-magnum\/#primaryimage"},"image":{"@id":"https:\/\/fonsvinum.com\/de\/produkt\/produttori-del-barbaresco-ris-ovello-barbaresco-2015-magnum\/#primaryimage"},"thumbnailUrl":"https:\/\/fonsvinum.com\/files\/2021\/05\/barbaresco-produttori-riserva-ovello.jpg","datePublished":"2022-01-24T15:40:42+00:00","dateModified":"2022-01-25T10:26:31+00:00","description":"Kaufen online - Fons Vinum -PRODUTTORI DEL BARBARESCO Ris. Ovello Barbaresco 2015 Magnum Der Barbaresco wird zu 100% aus Nebbiolo...","breadcrumb":{"@id":"https:\/\/fonsvinum.com\/de\/produkt\/produttori-del-barbaresco-ris-ovello-barbaresco-2015-magnum\/#breadcrumb"},"inLanguage":"de","potentialAction":[{"@type":"ReadAction","target":["https:\/\/fonsvinum.com\/de\/produkt\/produttori-del-barbaresco-ris-ovello-barbaresco-2015-magnum\/"]}]},{"@type":"ImageObject","inLanguage":"de","@id":"https:\/\/fonsvinum.com\/de\/produkt\/produttori-del-barbaresco-ris-ovello-barbaresco-2015-magnum\/#primaryimage","url":"https:\/\/fonsvinum.com\/files\/2021\/05\/barbaresco-produttori-riserva-ovello.jpg","contentUrl":"https:\/\/fonsvinum.com\/files\/2021\/05\/barbaresco-produttori-riserva-ovello.jpg","width":200,"height":600,"caption":"PRODUTTORI DEL BARBARESCO Riserva Ovello"},{"@type":"BreadcrumbList","@id":"https:\/\/fonsvinum.com\/de\/produkt\/produttori-del-barbaresco-ris-ovello-barbaresco-2015-magnum\/#breadcrumb","itemListElement":[{"@type":"ListItem","position":1,"name":"Startseite","item":"https:\/\/fonsvinum.com\/de\/"},{"@type":"ListItem","position":2,"name":"Shop","item":"https:\/\/fonsvinum.com\/de\/shop\/"},{"@type":"ListItem","position":3,"name":"PRODUTTORI DEL BARBARESCO Ris. Ovello Barbaresco 2015 Magnum"}]},{"@type":"WebSite","@id":"https:\/\/fonsvinum.com\/en\/#website","url":"https:\/\/fonsvinum.com\/en\/","name":"Fons Vinum","description":"Vendita Vino Online","publisher":{"@id":"https:\/\/fonsvinum.com\/en\/#organization"},"potentialAction":[{"@type":"SearchAction","target":{"@type":"EntryPoint","urlTemplate":"https:\/\/fonsvinum.com\/en\/?s={search_term_string}"},"query-input":{"@type":"PropertyValueSpecification","valueRequired":true,"valueName":"search_term_string"}}],"inLanguage":"de"},{"@type":"Organization","@id":"https:\/\/fonsvinum.com\/en\/#organization","name":"Fons Vinum","url":"https:\/\/fonsvinum.com\/en\/","logo":{"@type":"ImageObject","inLanguage":"de","@id":"https:\/\/fonsvinum.com\/en\/#\/schema\/logo\/image\/","url":"","contentUrl":"","caption":"Fons Vinum"},"image":{"@id":"https:\/\/fonsvinum.com\/en\/#\/schema\/logo\/image\/"}}]}},"acf":[],"_links":{"self":[{"href":"https:\/\/fonsvinum.com\/de\/wp-json\/wp\/v2\/product\/36578","targetHints":{"allow":["GET"]}}],"collection":[{"href":"https:\/\/fonsvinum.com\/de\/wp-json\/wp\/v2\/product"}],"about":[{"href":"https:\/\/fonsvinum.com\/de\/wp-json\/wp\/v2\/types\/product"}],"replies":[{"embeddable":true,"href":"https:\/\/fonsvinum.com\/de\/wp-json\/wp\/v2\/comments?post=36578"}],"wp:featuredmedia":[{"embeddable":true,"href":"https:\/\/fonsvinum.com\/de\/wp-json\/wp\/v2\/media\/32760"}],"wp:attachment":[{"href":"https:\/\/fonsvinum.com\/de\/wp-json\/wp\/v2\/media?parent=36578"}],"wp:term":[{"taxonomy":"product_brand","embeddable":true,"href":"https:\/\/fonsvinum.com\/de\/wp-json\/wp\/v2\/product_brand?post=36578"},{"taxonomy":"product_cat","embeddable":true,"href":"https:\/\/fonsvinum.com\/de\/wp-json\/wp\/v2\/product_cat?post=36578"},{"taxonomy":"product_tag","embeddable":true,"href":"https:\/\/fonsvinum.com\/de\/wp-json\/wp\/v2\/product_tag?post=36578"}],"curies":[{"name":"wp","href":"https:\/\/api.w.org\/{rel}","templated":true}]}}