{"id":35366,"date":"2021-10-06T12:26:40","date_gmt":"2021-10-06T10:26:40","guid":{"rendered":"https:\/\/fonsvinum.com\/?post_type=product&#038;p=35366"},"modified":"2021-10-06T12:52:32","modified_gmt":"2021-10-06T10:52:32","slug":"mayr-josephus-unterganzner-st-magdalener-klassisch-2020","status":"publish","type":"product","link":"https:\/\/fonsvinum.com\/de\/produkt\/mayr-josephus-unterganzner-st-magdalener-klassisch-2020\/","title":{"rendered":"MAYR JOSEPHUS-UNTERGANZNER St. Magdalener Klassisch 2020"},"content":{"rendered":"<h3>MAYR JOSEPHUS-UNTERGANZNER St. Magdalener Klassisch 2020<\/h3>\n<p>MAYR JOSEPHUS-UNTERGANZNER St. Magdalener Klassisch 2020<\/p>\n<div class=\"post-header\">\n<h2><a href=\"https:\/\/fonsvinum.com\/de\/attributes\/producer\/maso-unterganzner-josephus-mayr-de\/\">MASO UNTERGANZNER &#8211;\u00a0MAYR JOSEPHUS<\/a><\/h2>\n<h3 class=\"post-title\">Kellermeisterkunst<\/h3>\n<\/div>\n<div class=\"post-content\">\n<div class=\"entry-content\">\n<p>Schon immer haben sich die \u201eUnterganzner\u201d mit der Kunst der Kellermeister besch\u00e4ftigt. Beweis daf\u00fcr ist ein gut erhaltenes B\u00fcchlein, dessen Inhalt als vollkommener Unterricht f\u00fcr Kellermeister gedacht war. W\u00e4hrend die Weine fr\u00fcher ausschlie\u00dflich in Holzf\u00e4ssern gelagert und lange vor dem Beginn des zwanzigsten Jahrhunderts auch au\u00dferhalb der Landesgrenzen transportiert wurden, sind die heutigen Keller mit Beton, Stahl und innovativen Techniken ausgestattet. Dennoch spielt das Holzfass nach wie vor eine herausragende Rolle. So werden die hochwertigsten Weine ausschlie\u00dflich im Holzfass gelagert. Durch die bewusst schonende Verarbeitung der Trauben und durch den vorsichtigen Umgang mit dem Endprodukt Wein soll die im Weinberg m\u00fchsam erarbeitete Qualit\u00e4t gef\u00f6rdert und erhalten werden.<br \/>\nMit viel Kreativit\u00e4t und Liebe zur Rebe entstehen hier exklusive <a href=\"https:\/\/www.shopinlanghe.com\/sellers?render_type=sellerview&amp;id_seller=5\">Weine<\/a> f\u00fcr besondere Menschen.<\/p>\n<h2>ST. MAGDALENER KLASSISCH<\/h2>\n<blockquote><p><em>\u201eDer Klassiker, gehaltvoll und elegant, von alten Reben &#8211; mit gro\u00dfem Lagerpotential\u201c<\/em><\/p><\/blockquote>\n<p>TRAUBENSORTE: Gro\u00dfvernatsch, Tschaggelevernatsch, Lagrein<br \/>\nBODENART: Glazialschotter und Porphyrverwitterungsboden<br \/>\nERZIEHUNGSFORM: Pergel, mit einer Tragrute \/Stock<br \/>\nPFLANZDICHTE: 6.000 \u2013 8.500 St\u00f6cke \/ha<br \/>\nDURCHSCHNITTSALTER DER REBST\u00d6CKE: 20 Jahre<br \/>\nQUALIT\u00c4TSVERBESSERNDE MASSNAHMEN: Ausd\u00fcnnung von 50% der Traubenmenge im Juli, Trauben teilen<br \/>\nERNTE: Anfang &#8211; Mitte Oktober<br \/>\nVINIFIKATION: Entrappung und anschlie\u00dfende Verg\u00e4rung im Edelstahltank bei kontrollierter G\u00e4rtemperatur mit einer Maischekontaktzeit von einer Woche<br \/>\nAUSBAU: biologischer S\u00e4ureabbau und Lagerung in kleinen und mittelgro\u00dfen Holzf\u00e4ssern<\/p>\n<ul>\n<li><strong>FARBE:<\/strong> dunkles Rubinrot<\/li>\n<li><strong>AROMA:<\/strong> Mandelaroma, reife Fr\u00fcchte, Veilchen, reifes Obst<\/li>\n<li><strong>GESCHMACK:<\/strong> f\u00fcllig, warm, edel, weiches Tannin<\/li>\n<\/ul>\n<\/div>\n<\/div>\n","protected":false},"excerpt":{"rendered":"<p>MAYR JOSEPHUS-UNTERGANZNER St. Magdalener Klassisch 2020 MAYR JOSEPHUS-UNTERGANZNER St. Magdalener Klassisch 2020 MASO UNTERGANZNER &#8211;\u00a0MAYR JOSEPHUS Kellermeisterkunst Schon immer haben sich die \u201eUnterganzner\u201d mit der Kunst der Kellermeister besch\u00e4ftigt. Beweis daf\u00fcr ist ein gut erhaltenes B\u00fcchlein, dessen Inhalt als vollkommener Unterricht f\u00fcr Kellermeister gedacht war. W\u00e4hrend die Weine fr\u00fcher ausschlie\u00dflich in Holzf\u00e4ssern gelagert und lange [&hellip;]<\/p>\n","protected":false},"featured_media":35374,"comment_status":"open","ping_status":"closed","template":"","meta":{"_acf_changed":false,"_monsterinsights_skip_tracking":false,"_monsterinsights_sitenote_active":false,"_monsterinsights_sitenote_note":"","_monsterinsights_sitenote_category":0},"product_brand":[],"product_cat":[1693],"product_tag":[15959],"class_list":{"0":"post-35366","1":"product","2":"type-product","3":"status-publish","4":"has-post-thumbnail","6":"product_cat-blend-2-de","7":"product_tag-vino-rosso-de","8":"pa_appellation-alto-adige-doc-de","9":"pa_formato-0-75-l-flasche-de","10":"pa_producer-maso-unterganzner-josephus-mayr-de","11":"pa_region-trentino-tiroler-etschland-de","12":"pa_vine-grossvernatsch-tschaggelevernatsch-lagrein","13":"pa_vintage-2020-de","15":"first","16":"outofstock","17":"taxable","18":"shipping-taxable","19":"purchasable","20":"product-type-simple"},"bundled_by":[],"bundle_stock_status":"outofstock","bundle_stock_quantity":0,"bundle_virtual":false,"bundle_layout":"","bundle_add_to_cart_form_location":"","bundle_editable_in_cart":false,"bundle_sold_individually_context":"","bundle_item_grouping":"","bundle_min_size":"","bundle_max_size":"","bundle_price":[],"bundled_items":[],"bundle_sell_ids":[],"yoast_head":"<!-- This site is optimized with the Yoast SEO plugin v27.2 - https:\/\/yoast.com\/product\/yoast-seo-wordpress\/ -->\n<title>MAYR JOSEPHUS-UNTERGANZNER St. Magdalener Klassisch 2020<\/title>\n<meta name=\"description\" content=\"Kaufen online MAYR JOSEPHUS-UNTERGANZNER St. Magdalener Klassisch 2020, FonsVinum, f\u00fcllig, warm, edel, weiches Tannin...\" \/>\n<meta name=\"robots\" content=\"index, follow, max-snippet:-1, max-image-preview:large, max-video-preview:-1\" \/>\n<link rel=\"canonical\" href=\"https:\/\/fonsvinum.com\/de\/produkt\/mayr-josephus-unterganzner-st-magdalener-klassisch-2020\/\" \/>\n<meta property=\"og:locale\" content=\"de_DE\" \/>\n<meta property=\"og:type\" content=\"article\" \/>\n<meta property=\"og:title\" content=\"MAYR JOSEPHUS-UNTERGANZNER St. Magdalener Klassisch 2020\" \/>\n<meta property=\"og:description\" content=\"Kaufen online MAYR JOSEPHUS-UNTERGANZNER St. Magdalener Klassisch 2020, FonsVinum, f\u00fcllig, warm, edel, weiches Tannin...\" \/>\n<meta property=\"og:url\" content=\"https:\/\/fonsvinum.com\/de\/produkt\/mayr-josephus-unterganzner-st-magdalener-klassisch-2020\/\" \/>\n<meta property=\"og:site_name\" content=\"Fons Vinum\" \/>\n<meta property=\"article:modified_time\" content=\"2021-10-06T10:52:32+00:00\" \/>\n<meta property=\"og:image\" content=\"https:\/\/fonsvinum.com\/files\/2021\/10\/mayr-unterganzner-st-magdalener-classico.jpg\" \/>\n\t<meta property=\"og:image:width\" content=\"200\" \/>\n\t<meta property=\"og:image:height\" content=\"600\" \/>\n\t<meta property=\"og:image:type\" content=\"image\/jpeg\" \/>\n<meta name=\"twitter:label1\" content=\"Gesch\u00e4tzte Lesezeit\" \/>\n\t<meta name=\"twitter:data1\" content=\"2\u00a0Minuten\" \/>\n<script type=\"application\/ld+json\" class=\"yoast-schema-graph\">{\"@context\":\"https:\/\/schema.org\",\"@graph\":[{\"@type\":\"WebPage\",\"@id\":\"https:\/\/fonsvinum.com\/de\/produkt\/mayr-josephus-unterganzner-st-magdalener-klassisch-2020\/\",\"url\":\"https:\/\/fonsvinum.com\/de\/produkt\/mayr-josephus-unterganzner-st-magdalener-klassisch-2020\/\",\"name\":\"MAYR JOSEPHUS-UNTERGANZNER St. Magdalener Klassisch 2020\",\"isPartOf\":{\"@id\":\"https:\/\/fonsvinum.com\/en\/#website\"},\"primaryImageOfPage\":{\"@id\":\"https:\/\/fonsvinum.com\/de\/produkt\/mayr-josephus-unterganzner-st-magdalener-klassisch-2020\/#primaryimage\"},\"image\":{\"@id\":\"https:\/\/fonsvinum.com\/de\/produkt\/mayr-josephus-unterganzner-st-magdalener-klassisch-2020\/#primaryimage\"},\"thumbnailUrl\":\"https:\/\/fonsvinum.com\/files\/2021\/10\/mayr-unterganzner-st-magdalener-classico.jpg\",\"datePublished\":\"2021-10-06T10:26:40+00:00\",\"dateModified\":\"2021-10-06T10:52:32+00:00\",\"description\":\"Kaufen online MAYR JOSEPHUS-UNTERGANZNER St. Magdalener Klassisch 2020, FonsVinum, f\u00fcllig, warm, edel, weiches Tannin...\",\"breadcrumb\":{\"@id\":\"https:\/\/fonsvinum.com\/de\/produkt\/mayr-josephus-unterganzner-st-magdalener-klassisch-2020\/#breadcrumb\"},\"inLanguage\":\"de\",\"potentialAction\":[{\"@type\":\"ReadAction\",\"target\":[\"https:\/\/fonsvinum.com\/de\/produkt\/mayr-josephus-unterganzner-st-magdalener-klassisch-2020\/\"]}]},{\"@type\":\"ImageObject\",\"inLanguage\":\"de\",\"@id\":\"https:\/\/fonsvinum.com\/de\/produkt\/mayr-josephus-unterganzner-st-magdalener-klassisch-2020\/#primaryimage\",\"url\":\"https:\/\/fonsvinum.com\/files\/2021\/10\/mayr-unterganzner-st-magdalener-classico.jpg\",\"contentUrl\":\"https:\/\/fonsvinum.com\/files\/2021\/10\/mayr-unterganzner-st-magdalener-classico.jpg\",\"width\":200,\"height\":600},{\"@type\":\"BreadcrumbList\",\"@id\":\"https:\/\/fonsvinum.com\/de\/produkt\/mayr-josephus-unterganzner-st-magdalener-klassisch-2020\/#breadcrumb\",\"itemListElement\":[{\"@type\":\"ListItem\",\"position\":1,\"name\":\"Startseite\",\"item\":\"https:\/\/fonsvinum.com\/de\/\"},{\"@type\":\"ListItem\",\"position\":2,\"name\":\"Shop\",\"item\":\"https:\/\/fonsvinum.com\/de\/shop\/\"},{\"@type\":\"ListItem\",\"position\":3,\"name\":\"MAYR JOSEPHUS-UNTERGANZNER St. Magdalener Klassisch 2020\"}]},{\"@type\":\"WebSite\",\"@id\":\"https:\/\/fonsvinum.com\/en\/#website\",\"url\":\"https:\/\/fonsvinum.com\/en\/\",\"name\":\"Fons Vinum\",\"description\":\"Vendita Vino Online\",\"publisher\":{\"@id\":\"https:\/\/fonsvinum.com\/en\/#organization\"},\"potentialAction\":[{\"@type\":\"SearchAction\",\"target\":{\"@type\":\"EntryPoint\",\"urlTemplate\":\"https:\/\/fonsvinum.com\/en\/?s={search_term_string}\"},\"query-input\":{\"@type\":\"PropertyValueSpecification\",\"valueRequired\":true,\"valueName\":\"search_term_string\"}}],\"inLanguage\":\"de\"},{\"@type\":\"Organization\",\"@id\":\"https:\/\/fonsvinum.com\/en\/#organization\",\"name\":\"Fons Vinum\",\"url\":\"https:\/\/fonsvinum.com\/en\/\",\"logo\":{\"@type\":\"ImageObject\",\"inLanguage\":\"de\",\"@id\":\"https:\/\/fonsvinum.com\/en\/#\/schema\/logo\/image\/\",\"url\":\"\",\"contentUrl\":\"\",\"caption\":\"Fons Vinum\"},\"image\":{\"@id\":\"https:\/\/fonsvinum.com\/en\/#\/schema\/logo\/image\/\"}}]}<\/script>\n<!-- \/ Yoast SEO plugin. -->","yoast_head_json":{"title":"MAYR JOSEPHUS-UNTERGANZNER St. Magdalener Klassisch 2020","description":"Kaufen online MAYR JOSEPHUS-UNTERGANZNER St. Magdalener Klassisch 2020, FonsVinum, f\u00fcllig, warm, edel, weiches Tannin...","robots":{"index":"index","follow":"follow","max-snippet":"max-snippet:-1","max-image-preview":"max-image-preview:large","max-video-preview":"max-video-preview:-1"},"canonical":"https:\/\/fonsvinum.com\/de\/produkt\/mayr-josephus-unterganzner-st-magdalener-klassisch-2020\/","og_locale":"de_DE","og_type":"article","og_title":"MAYR JOSEPHUS-UNTERGANZNER St. Magdalener Klassisch 2020","og_description":"Kaufen online MAYR JOSEPHUS-UNTERGANZNER St. Magdalener Klassisch 2020, FonsVinum, f\u00fcllig, warm, edel, weiches Tannin...","og_url":"https:\/\/fonsvinum.com\/de\/produkt\/mayr-josephus-unterganzner-st-magdalener-klassisch-2020\/","og_site_name":"Fons Vinum","article_modified_time":"2021-10-06T10:52:32+00:00","og_image":[{"width":200,"height":600,"url":"https:\/\/fonsvinum.com\/files\/2021\/10\/mayr-unterganzner-st-magdalener-classico.jpg","type":"image\/jpeg"}],"twitter_misc":{"Gesch\u00e4tzte Lesezeit":"2\u00a0Minuten"},"schema":{"@context":"https:\/\/schema.org","@graph":[{"@type":"WebPage","@id":"https:\/\/fonsvinum.com\/de\/produkt\/mayr-josephus-unterganzner-st-magdalener-klassisch-2020\/","url":"https:\/\/fonsvinum.com\/de\/produkt\/mayr-josephus-unterganzner-st-magdalener-klassisch-2020\/","name":"MAYR JOSEPHUS-UNTERGANZNER St. Magdalener Klassisch 2020","isPartOf":{"@id":"https:\/\/fonsvinum.com\/en\/#website"},"primaryImageOfPage":{"@id":"https:\/\/fonsvinum.com\/de\/produkt\/mayr-josephus-unterganzner-st-magdalener-klassisch-2020\/#primaryimage"},"image":{"@id":"https:\/\/fonsvinum.com\/de\/produkt\/mayr-josephus-unterganzner-st-magdalener-klassisch-2020\/#primaryimage"},"thumbnailUrl":"https:\/\/fonsvinum.com\/files\/2021\/10\/mayr-unterganzner-st-magdalener-classico.jpg","datePublished":"2021-10-06T10:26:40+00:00","dateModified":"2021-10-06T10:52:32+00:00","description":"Kaufen online MAYR JOSEPHUS-UNTERGANZNER St. Magdalener Klassisch 2020, FonsVinum, f\u00fcllig, warm, edel, weiches Tannin...","breadcrumb":{"@id":"https:\/\/fonsvinum.com\/de\/produkt\/mayr-josephus-unterganzner-st-magdalener-klassisch-2020\/#breadcrumb"},"inLanguage":"de","potentialAction":[{"@type":"ReadAction","target":["https:\/\/fonsvinum.com\/de\/produkt\/mayr-josephus-unterganzner-st-magdalener-klassisch-2020\/"]}]},{"@type":"ImageObject","inLanguage":"de","@id":"https:\/\/fonsvinum.com\/de\/produkt\/mayr-josephus-unterganzner-st-magdalener-klassisch-2020\/#primaryimage","url":"https:\/\/fonsvinum.com\/files\/2021\/10\/mayr-unterganzner-st-magdalener-classico.jpg","contentUrl":"https:\/\/fonsvinum.com\/files\/2021\/10\/mayr-unterganzner-st-magdalener-classico.jpg","width":200,"height":600},{"@type":"BreadcrumbList","@id":"https:\/\/fonsvinum.com\/de\/produkt\/mayr-josephus-unterganzner-st-magdalener-klassisch-2020\/#breadcrumb","itemListElement":[{"@type":"ListItem","position":1,"name":"Startseite","item":"https:\/\/fonsvinum.com\/de\/"},{"@type":"ListItem","position":2,"name":"Shop","item":"https:\/\/fonsvinum.com\/de\/shop\/"},{"@type":"ListItem","position":3,"name":"MAYR JOSEPHUS-UNTERGANZNER St. Magdalener Klassisch 2020"}]},{"@type":"WebSite","@id":"https:\/\/fonsvinum.com\/en\/#website","url":"https:\/\/fonsvinum.com\/en\/","name":"Fons Vinum","description":"Vendita Vino Online","publisher":{"@id":"https:\/\/fonsvinum.com\/en\/#organization"},"potentialAction":[{"@type":"SearchAction","target":{"@type":"EntryPoint","urlTemplate":"https:\/\/fonsvinum.com\/en\/?s={search_term_string}"},"query-input":{"@type":"PropertyValueSpecification","valueRequired":true,"valueName":"search_term_string"}}],"inLanguage":"de"},{"@type":"Organization","@id":"https:\/\/fonsvinum.com\/en\/#organization","name":"Fons Vinum","url":"https:\/\/fonsvinum.com\/en\/","logo":{"@type":"ImageObject","inLanguage":"de","@id":"https:\/\/fonsvinum.com\/en\/#\/schema\/logo\/image\/","url":"","contentUrl":"","caption":"Fons Vinum"},"image":{"@id":"https:\/\/fonsvinum.com\/en\/#\/schema\/logo\/image\/"}}]}},"acf":[],"_links":{"self":[{"href":"https:\/\/fonsvinum.com\/de\/wp-json\/wp\/v2\/product\/35366","targetHints":{"allow":["GET"]}}],"collection":[{"href":"https:\/\/fonsvinum.com\/de\/wp-json\/wp\/v2\/product"}],"about":[{"href":"https:\/\/fonsvinum.com\/de\/wp-json\/wp\/v2\/types\/product"}],"replies":[{"embeddable":true,"href":"https:\/\/fonsvinum.com\/de\/wp-json\/wp\/v2\/comments?post=35366"}],"wp:featuredmedia":[{"embeddable":true,"href":"https:\/\/fonsvinum.com\/de\/wp-json\/wp\/v2\/media\/35374"}],"wp:attachment":[{"href":"https:\/\/fonsvinum.com\/de\/wp-json\/wp\/v2\/media?parent=35366"}],"wp:term":[{"taxonomy":"product_brand","embeddable":true,"href":"https:\/\/fonsvinum.com\/de\/wp-json\/wp\/v2\/product_brand?post=35366"},{"taxonomy":"product_cat","embeddable":true,"href":"https:\/\/fonsvinum.com\/de\/wp-json\/wp\/v2\/product_cat?post=35366"},{"taxonomy":"product_tag","embeddable":true,"href":"https:\/\/fonsvinum.com\/de\/wp-json\/wp\/v2\/product_tag?post=35366"}],"curies":[{"name":"wp","href":"https:\/\/api.w.org\/{rel}","templated":true}]}}