{"id":35098,"date":"2021-09-28T09:38:27","date_gmt":"2021-09-28T07:38:27","guid":{"rendered":"https:\/\/fonsvinum.com\/?post_type=product&#038;p=35098"},"modified":"2021-09-28T11:13:06","modified_gmt":"2021-09-28T09:13:06","slug":"terlano-terlaner-rarity-2007","status":"publish","type":"product","link":"https:\/\/fonsvinum.com\/de\/produkt\/terlano-terlaner-rarity-2007\/","title":{"rendered":"TERLANO Terlaner Rarity 2007"},"content":{"rendered":"<h1>TERLANO Terlaner Rarity 2007<\/h1>\n<p>TERLANO Terlaner Rarity 2007<\/p>\n<h2>GESCHICHTE <a href=\"https:\/\/fonsvinum.com\/de\/attributes\/producer\/terlan-de\/\">TERLANO<\/a><\/h2>\n<div class=\"lead\">\n<p>Manchmal muss man neue Wege gehen, um Tradition zu erhalten. Dazu braucht es Mut und Zusammenhalt. Beides fehlte in Terlan sicher nicht, als im Jahr 1893 die Kellereigenossenschaft Terlan gegr\u00fcndet wurde. Was damals eine ungeheure Innovation war, hat sich bis heute bew\u00e4hrt. Der Terlaner Wein hat das kleine Dorf, zumindest bei Weinfreunden, weltber\u00fchmt gemacht.<\/p>\n<\/div>\n<div class=\"text \">\n<p>Die Gr\u00fcndung der Kellerei Terlan 1893 f\u00e4llt in eine Zeit, in der die Landwirtschaft zu den wichtigsten Wirtschaftsfaktoren des Landes z\u00e4hlt. Nebst einigen wenigen Weinpionieren, die schon vor \u00fcber 100 Jahren nach dem Vorbild des Rheingaus Entwicklungen und Rebsorten aus Deutschland und Frankreich nach S\u00fcdtirol gebracht haben, ist die Landwirtschaft allerdings r\u00fcckst\u00e4ndig und von wenigen Gro\u00dfgrundbesitzern gepr\u00e4gt.<br \/>\nIn der Weinwelt sind daher die Weinherren tonangebend. Um sich dieser Abh\u00e4ngigkeit zu entziehen, schlie\u00dfen sich in Terlan 24 Weinbauern zusammen und gr\u00fcnden die Kellerei Terlan.<strong>\u00a0<\/strong>W\u00e4hrend Ende des 19. Jahrhunderts in S\u00fcdtirol das Rotwein-Wei\u00dfwein-Verh\u00e4ltnis 80:20 vorherrscht, ist Terlan bereits 1893 als Wei\u00dfweingebiet bekannt. Dieses Verh\u00e4ltnis zwischen Wei\u00df- und Rotwein hat man im Laufe der Zeit weiter ausgebaut. Heute betr\u00e4gt der Anteil an Wei\u00dfweinen der Kellerei Terlan 70 Prozent im Vergleich zu 30 Prozent Rotwein.<\/p>\n<h2>TERLANER RARITY<\/h2>\n<p>&#8222;Eine Besonderheit der Kellerei Terlan sind die Rarit\u00e4ten, Sonderabf\u00fcllungen gereifter <a href=\"https:\/\/www.shopinlanghe.com\/sellers?render_type=sellerview&amp;id_seller=5\">Wei\u00dfweine<\/a>, die f\u00fcr mindestens zehn Jahre auf der Feinhefe in Stahltanks gelagert worden sind. Beeindruckend ist dabei vor allem die jugendliche Frische, durch die dieser Wei\u00dfburgunder trotz seines gereiften Alters besticht, und gutes Reifenpotential hat.\u201c<\/p>\n<blockquote><p><strong>Terlan besitzt ein Terroir um gro\u00dfe Wei\u00dfweine zu produzieren und stellt dies mit den Rarit\u00e4ten gekonnt unter Beweis<\/strong>.\u201c<br \/>\n<em>Rudi Kofler<\/em><\/p><\/blockquote>\n<div id=\"pj0ce9-accordion\" class=\"accordion-content\" role=\"tabpanel\" data-tab-content=\"\" aria-labelledby=\"pj0ce9-accordion-label\" aria-hidden=\"false\">\n<h3>&#8211; Jahrgang 2007 &#8211; Charakter<\/h3>\n<ul>\n<li><strong>Farbe:<\/strong> helles, leuchtendes strohgelb mit zart gr\u00fcnlichen Reflexen<\/li>\n<li><strong>Geruch:<\/strong> In der Nase beeindruckend frisch und bei jedem Versuch eine neue Geruchskomponente offenbarend besticht die Rarit\u00e4t. Kr\u00e4uternoten von Kamille, Zitronenmelisse und Liebst\u00f6ckl zeigen sich ebenso wie ein Hauch von getrockneten Kaki und Aprikosen. Gleichzeitig weist das facettenreiche Bouquet auch einen Duft nach Brotkruste und Hefezopf auf gepaart mit dezenter Feuersteinaromatik.<\/li>\n<li><strong>Geschmack:<\/strong> Am Gaumen geschmeidig und kraftvoll mit einem knackig frisch wirkenden S\u00e4ureger\u00fcst, welches dennoch einen filigranen Eindruck hinterl\u00e4sst und die mineralische Spannung ideal erg\u00e4nzt. Seidig und elegant aber gleichzeitig enorm druckvoll und tief pr\u00e4sentiert sich der Abgang.<\/li>\n<\/ul>\n<h3>&#8211; Jahrgang 2007 &#8211;\u00a0Preise<\/h3>\n<p>Robert Parker&#8217;s Wine Advocate : 97 Punkte<br \/>\nJames Suckling : 96 Punkte<br \/>\nFalstaff Wine Guide: 98 Punkte<br \/>\nVinous &#8211; Antonio Galloni : 94 Punkte<br \/>\nDer Ultimative Weinf\u00fchrer Italiens 2021 : 96 Punkte<br \/>\nVitae &#8211; La guida vini AIS : 4 viti<\/p>\n<\/div>\n<\/div>\n","protected":false},"excerpt":{"rendered":"<p>TERLANO Terlaner Rarity 2007 TERLANO Terlaner Rarity 2007 GESCHICHTE TERLANO Manchmal muss man neue Wege gehen, um Tradition zu erhalten. Dazu braucht es Mut und Zusammenhalt. Beides fehlte in Terlan sicher nicht, als im Jahr 1893 die Kellereigenossenschaft Terlan gegr\u00fcndet wurde. Was damals eine ungeheure Innovation war, hat sich bis heute bew\u00e4hrt. Der Terlaner Wein [&hellip;]<\/p>\n","protected":false},"featured_media":35112,"comment_status":"open","ping_status":"closed","template":"","meta":{"_acf_changed":false,"_monsterinsights_skip_tracking":false,"_monsterinsights_sitenote_active":false,"_monsterinsights_sitenote_note":"","_monsterinsights_sitenote_category":0},"product_brand":[],"product_cat":[2304],"product_tag":[1733,17742],"class_list":{"0":"post-35098","1":"product","2":"type-product","3":"status-publish","4":"has-post-thumbnail","6":"product_cat-pinot-bianco-de","7":"product_tag-aussergewoehnliche-weine-de","8":"product_tag-vino-bianco-de","9":"pa_appellation-alto-adige-bianco-doc-de","10":"pa_formato-0-75-l-flasche-de","11":"pa_producer-terlan-de","12":"pa_region-trentino-tiroler-etschland-de","13":"pa_vine-100-pinot-bianco-de","14":"pa_vintage-2007-de","16":"first","17":"outofstock","18":"taxable","19":"shipping-taxable","20":"purchasable","21":"product-type-simple"},"bundled_by":[],"bundle_stock_status":"outofstock","bundle_stock_quantity":0,"bundle_virtual":false,"bundle_layout":"","bundle_add_to_cart_form_location":"","bundle_editable_in_cart":false,"bundle_sold_individually_context":"","bundle_item_grouping":"","bundle_min_size":"","bundle_max_size":"","bundle_price":[],"bundled_items":[],"bundle_sell_ids":[],"yoast_head":"<!-- This site is optimized with the Yoast SEO plugin v27.2 - https:\/\/yoast.com\/product\/yoast-seo-wordpress\/ -->\n<title>Kaufen online TERLANO Terlaner Rarity 2007 - FonsVinum<\/title>\n<meta name=\"description\" content=\"TERLANO Terlaner Rarity 2007 &quot;Terlan besitzt ein Terroir um gro\u00dfe Wei\u00dfweine zu produzieren und stellt dies mit den Rarit\u00e4ten gekonnt unter Beweis&quot;\" \/>\n<meta name=\"robots\" content=\"index, follow, max-snippet:-1, max-image-preview:large, max-video-preview:-1\" \/>\n<link rel=\"canonical\" href=\"https:\/\/fonsvinum.com\/de\/produkt\/terlano-terlaner-rarity-2007\/\" \/>\n<meta property=\"og:locale\" content=\"de_DE\" \/>\n<meta property=\"og:type\" content=\"article\" \/>\n<meta property=\"og:title\" content=\"Kaufen online TERLANO Terlaner Rarity 2007 - FonsVinum\" \/>\n<meta property=\"og:description\" content=\"TERLANO Terlaner Rarity 2007 &quot;Terlan besitzt ein Terroir um gro\u00dfe Wei\u00dfweine zu produzieren und stellt dies mit den Rarit\u00e4ten gekonnt unter Beweis&quot;\" \/>\n<meta property=\"og:url\" content=\"https:\/\/fonsvinum.com\/de\/produkt\/terlano-terlaner-rarity-2007\/\" \/>\n<meta property=\"og:site_name\" content=\"Fons Vinum\" \/>\n<meta property=\"article:modified_time\" content=\"2021-09-28T09:13:06+00:00\" \/>\n<meta property=\"og:image\" content=\"https:\/\/fonsvinum.com\/files\/2021\/09\/terlano-rarity-2007.jpg\" \/>\n\t<meta property=\"og:image:width\" content=\"200\" \/>\n\t<meta property=\"og:image:height\" content=\"600\" \/>\n\t<meta property=\"og:image:type\" content=\"image\/jpeg\" \/>\n<meta name=\"twitter:label1\" content=\"Gesch\u00e4tzte Lesezeit\" \/>\n\t<meta name=\"twitter:data1\" content=\"2\u00a0Minuten\" \/>\n<script type=\"application\/ld+json\" class=\"yoast-schema-graph\">{\"@context\":\"https:\/\/schema.org\",\"@graph\":[{\"@type\":\"WebPage\",\"@id\":\"https:\/\/fonsvinum.com\/de\/produkt\/terlano-terlaner-rarity-2007\/\",\"url\":\"https:\/\/fonsvinum.com\/de\/produkt\/terlano-terlaner-rarity-2007\/\",\"name\":\"Kaufen online TERLANO Terlaner Rarity 2007 - FonsVinum\",\"isPartOf\":{\"@id\":\"https:\/\/fonsvinum.com\/en\/#website\"},\"primaryImageOfPage\":{\"@id\":\"https:\/\/fonsvinum.com\/de\/produkt\/terlano-terlaner-rarity-2007\/#primaryimage\"},\"image\":{\"@id\":\"https:\/\/fonsvinum.com\/de\/produkt\/terlano-terlaner-rarity-2007\/#primaryimage\"},\"thumbnailUrl\":\"https:\/\/fonsvinum.com\/files\/2021\/09\/terlano-rarity-2007.jpg\",\"datePublished\":\"2021-09-28T07:38:27+00:00\",\"dateModified\":\"2021-09-28T09:13:06+00:00\",\"description\":\"TERLANO Terlaner Rarity 2007 \\\"Terlan besitzt ein Terroir um gro\u00dfe Wei\u00dfweine zu produzieren und stellt dies mit den Rarit\u00e4ten gekonnt unter Beweis\\\"\",\"breadcrumb\":{\"@id\":\"https:\/\/fonsvinum.com\/de\/produkt\/terlano-terlaner-rarity-2007\/#breadcrumb\"},\"inLanguage\":\"de\",\"potentialAction\":[{\"@type\":\"ReadAction\",\"target\":[\"https:\/\/fonsvinum.com\/de\/produkt\/terlano-terlaner-rarity-2007\/\"]}]},{\"@type\":\"ImageObject\",\"inLanguage\":\"de\",\"@id\":\"https:\/\/fonsvinum.com\/de\/produkt\/terlano-terlaner-rarity-2007\/#primaryimage\",\"url\":\"https:\/\/fonsvinum.com\/files\/2021\/09\/terlano-rarity-2007.jpg\",\"contentUrl\":\"https:\/\/fonsvinum.com\/files\/2021\/09\/terlano-rarity-2007.jpg\",\"width\":200,\"height\":600},{\"@type\":\"BreadcrumbList\",\"@id\":\"https:\/\/fonsvinum.com\/de\/produkt\/terlano-terlaner-rarity-2007\/#breadcrumb\",\"itemListElement\":[{\"@type\":\"ListItem\",\"position\":1,\"name\":\"Startseite\",\"item\":\"https:\/\/fonsvinum.com\/de\/\"},{\"@type\":\"ListItem\",\"position\":2,\"name\":\"Shop\",\"item\":\"https:\/\/fonsvinum.com\/de\/shop\/\"},{\"@type\":\"ListItem\",\"position\":3,\"name\":\"TERLANO Terlaner Rarity 2007\"}]},{\"@type\":\"WebSite\",\"@id\":\"https:\/\/fonsvinum.com\/en\/#website\",\"url\":\"https:\/\/fonsvinum.com\/en\/\",\"name\":\"Fons Vinum\",\"description\":\"Vendita Vino Online\",\"publisher\":{\"@id\":\"https:\/\/fonsvinum.com\/en\/#organization\"},\"potentialAction\":[{\"@type\":\"SearchAction\",\"target\":{\"@type\":\"EntryPoint\",\"urlTemplate\":\"https:\/\/fonsvinum.com\/en\/?s={search_term_string}\"},\"query-input\":{\"@type\":\"PropertyValueSpecification\",\"valueRequired\":true,\"valueName\":\"search_term_string\"}}],\"inLanguage\":\"de\"},{\"@type\":\"Organization\",\"@id\":\"https:\/\/fonsvinum.com\/en\/#organization\",\"name\":\"Fons Vinum\",\"url\":\"https:\/\/fonsvinum.com\/en\/\",\"logo\":{\"@type\":\"ImageObject\",\"inLanguage\":\"de\",\"@id\":\"https:\/\/fonsvinum.com\/en\/#\/schema\/logo\/image\/\",\"url\":\"\",\"contentUrl\":\"\",\"caption\":\"Fons Vinum\"},\"image\":{\"@id\":\"https:\/\/fonsvinum.com\/en\/#\/schema\/logo\/image\/\"}}]}<\/script>\n<!-- \/ Yoast SEO plugin. -->","yoast_head_json":{"title":"Kaufen online TERLANO Terlaner Rarity 2007 - FonsVinum","description":"TERLANO Terlaner Rarity 2007 \"Terlan besitzt ein Terroir um gro\u00dfe Wei\u00dfweine zu produzieren und stellt dies mit den Rarit\u00e4ten gekonnt unter Beweis\"","robots":{"index":"index","follow":"follow","max-snippet":"max-snippet:-1","max-image-preview":"max-image-preview:large","max-video-preview":"max-video-preview:-1"},"canonical":"https:\/\/fonsvinum.com\/de\/produkt\/terlano-terlaner-rarity-2007\/","og_locale":"de_DE","og_type":"article","og_title":"Kaufen online TERLANO Terlaner Rarity 2007 - FonsVinum","og_description":"TERLANO Terlaner Rarity 2007 \"Terlan besitzt ein Terroir um gro\u00dfe Wei\u00dfweine zu produzieren und stellt dies mit den Rarit\u00e4ten gekonnt unter Beweis\"","og_url":"https:\/\/fonsvinum.com\/de\/produkt\/terlano-terlaner-rarity-2007\/","og_site_name":"Fons Vinum","article_modified_time":"2021-09-28T09:13:06+00:00","og_image":[{"width":200,"height":600,"url":"https:\/\/fonsvinum.com\/files\/2021\/09\/terlano-rarity-2007.jpg","type":"image\/jpeg"}],"twitter_misc":{"Gesch\u00e4tzte Lesezeit":"2\u00a0Minuten"},"schema":{"@context":"https:\/\/schema.org","@graph":[{"@type":"WebPage","@id":"https:\/\/fonsvinum.com\/de\/produkt\/terlano-terlaner-rarity-2007\/","url":"https:\/\/fonsvinum.com\/de\/produkt\/terlano-terlaner-rarity-2007\/","name":"Kaufen online TERLANO Terlaner Rarity 2007 - FonsVinum","isPartOf":{"@id":"https:\/\/fonsvinum.com\/en\/#website"},"primaryImageOfPage":{"@id":"https:\/\/fonsvinum.com\/de\/produkt\/terlano-terlaner-rarity-2007\/#primaryimage"},"image":{"@id":"https:\/\/fonsvinum.com\/de\/produkt\/terlano-terlaner-rarity-2007\/#primaryimage"},"thumbnailUrl":"https:\/\/fonsvinum.com\/files\/2021\/09\/terlano-rarity-2007.jpg","datePublished":"2021-09-28T07:38:27+00:00","dateModified":"2021-09-28T09:13:06+00:00","description":"TERLANO Terlaner Rarity 2007 \"Terlan besitzt ein Terroir um gro\u00dfe Wei\u00dfweine zu produzieren und stellt dies mit den Rarit\u00e4ten gekonnt unter Beweis\"","breadcrumb":{"@id":"https:\/\/fonsvinum.com\/de\/produkt\/terlano-terlaner-rarity-2007\/#breadcrumb"},"inLanguage":"de","potentialAction":[{"@type":"ReadAction","target":["https:\/\/fonsvinum.com\/de\/produkt\/terlano-terlaner-rarity-2007\/"]}]},{"@type":"ImageObject","inLanguage":"de","@id":"https:\/\/fonsvinum.com\/de\/produkt\/terlano-terlaner-rarity-2007\/#primaryimage","url":"https:\/\/fonsvinum.com\/files\/2021\/09\/terlano-rarity-2007.jpg","contentUrl":"https:\/\/fonsvinum.com\/files\/2021\/09\/terlano-rarity-2007.jpg","width":200,"height":600},{"@type":"BreadcrumbList","@id":"https:\/\/fonsvinum.com\/de\/produkt\/terlano-terlaner-rarity-2007\/#breadcrumb","itemListElement":[{"@type":"ListItem","position":1,"name":"Startseite","item":"https:\/\/fonsvinum.com\/de\/"},{"@type":"ListItem","position":2,"name":"Shop","item":"https:\/\/fonsvinum.com\/de\/shop\/"},{"@type":"ListItem","position":3,"name":"TERLANO Terlaner Rarity 2007"}]},{"@type":"WebSite","@id":"https:\/\/fonsvinum.com\/en\/#website","url":"https:\/\/fonsvinum.com\/en\/","name":"Fons Vinum","description":"Vendita Vino Online","publisher":{"@id":"https:\/\/fonsvinum.com\/en\/#organization"},"potentialAction":[{"@type":"SearchAction","target":{"@type":"EntryPoint","urlTemplate":"https:\/\/fonsvinum.com\/en\/?s={search_term_string}"},"query-input":{"@type":"PropertyValueSpecification","valueRequired":true,"valueName":"search_term_string"}}],"inLanguage":"de"},{"@type":"Organization","@id":"https:\/\/fonsvinum.com\/en\/#organization","name":"Fons Vinum","url":"https:\/\/fonsvinum.com\/en\/","logo":{"@type":"ImageObject","inLanguage":"de","@id":"https:\/\/fonsvinum.com\/en\/#\/schema\/logo\/image\/","url":"","contentUrl":"","caption":"Fons Vinum"},"image":{"@id":"https:\/\/fonsvinum.com\/en\/#\/schema\/logo\/image\/"}}]}},"acf":[],"_links":{"self":[{"href":"https:\/\/fonsvinum.com\/de\/wp-json\/wp\/v2\/product\/35098","targetHints":{"allow":["GET"]}}],"collection":[{"href":"https:\/\/fonsvinum.com\/de\/wp-json\/wp\/v2\/product"}],"about":[{"href":"https:\/\/fonsvinum.com\/de\/wp-json\/wp\/v2\/types\/product"}],"replies":[{"embeddable":true,"href":"https:\/\/fonsvinum.com\/de\/wp-json\/wp\/v2\/comments?post=35098"}],"wp:featuredmedia":[{"embeddable":true,"href":"https:\/\/fonsvinum.com\/de\/wp-json\/wp\/v2\/media\/35112"}],"wp:attachment":[{"href":"https:\/\/fonsvinum.com\/de\/wp-json\/wp\/v2\/media?parent=35098"}],"wp:term":[{"taxonomy":"product_brand","embeddable":true,"href":"https:\/\/fonsvinum.com\/de\/wp-json\/wp\/v2\/product_brand?post=35098"},{"taxonomy":"product_cat","embeddable":true,"href":"https:\/\/fonsvinum.com\/de\/wp-json\/wp\/v2\/product_cat?post=35098"},{"taxonomy":"product_tag","embeddable":true,"href":"https:\/\/fonsvinum.com\/de\/wp-json\/wp\/v2\/product_tag?post=35098"}],"curies":[{"name":"wp","href":"https:\/\/api.w.org\/{rel}","templated":true}]}}