{"id":34868,"date":"2021-09-17T12:03:11","date_gmt":"2021-09-17T10:03:11","guid":{"rendered":"https:\/\/fonsvinum.com\/?post_type=product&#038;p=34868"},"modified":"2021-09-17T12:28:14","modified_gmt":"2021-09-17T10:28:14","slug":"luciano-sandrone-le-vigne-barolo-2017","status":"publish","type":"product","link":"https:\/\/fonsvinum.com\/de\/produkt\/luciano-sandrone-le-vigne-barolo-2017\/","title":{"rendered":"LUCIANO SANDRONE Le Vigne Barolo 2017"},"content":{"rendered":"<h2>LUCIANO SANDRONE Le Vigne Barolo 2017<\/h2>\n<p>LUCIANO SANDRONE Le Vigne Barolo 2017<\/p>\n<h3>Weingut:<\/h3>\n<p>Luciano Sandrone ist einer der gro\u00dfen Erneuerer in der Langhe, der sich eindeutig am Vorbild Burgund orientiert. Seine beiden Baroli belegen regelm\u00e4\u00dfig Spitzenpl\u00e4tze in den Bestenlisten. W\u00e4hrend der Cannubi Boschis ein Lagenbarolo ist, werden f\u00fcr den Le Vigne Trauben aus vier vershiedenen Lagen verwendet.<\/p>\n<p>Barolo Aleste ist eine Wortzusammensetzung aus Alessia und Stefano.<\/p>\n<p>Ge\u00e4ndert hat sich ansonsten nichts.<\/p>\n<p>Hier ist immer noch der Cannubi Boschis in der Flasche. Trotzdem waren Barbara und Stefano die Erw\u00e4hnung seiner Enkel und damit n\u00e4chsten Generation, die das Weingut pr\u00e4gen soll wichtiger als die Hervorhebung der Lage.<\/p>\n<p>Cannubi Boschis, das ist der Weinberg, der direkt vis a vis vom Weingut liegt. Cannubi ist sicherlich die ber\u00fchmteste Lage der gesamten Langhe \u00fcberhaupt und von vielen f\u00fcr die beste Barolo Lage von allen gehalten.<\/p>\n<p>Das Herz des Cannubi ist die Unterlage Boschis, benannt nach den fr\u00fcheren Besitzern. Kalkstein und etwas wei\u00dfer Lehm.\u00a0 Cannubi ist die beste Lage im Barolo.<\/p>\n<h2>BAROLO LE VIGNE<\/h2>\n<p><strong>Alte Kunst.<\/strong><\/p>\n<p>Der Barolo Le Vigne pflegt die Tradition der Langhe und des Barolo. Wir folgen damit der alten und weisen Kunst der Verm\u00e4hlung verschiedener Weinberge, ganz so wie es aus fru\u0308heren Zeiten u\u0308berliefert ist. Wir haben diese historische Machart gerne wiederaufgenommen, wobei wir dabei immer mit den traubeneigenen Hefen arbeiten und die Weinberge stets getrennt voneinander ausbauen, anstatt sie, wie fru\u0308her u\u0308blich, bereits bei der G\u00e4rung zusammenzufu\u0308hren.<\/p>\n<p><strong>Der perfekte Querschnitt.<\/strong><\/p>\n<p>Mit viel Sorgfalt haben wir vier Weinberge ausgew\u00e4hlt, um alle Charakteristika des Barolo-Gebietes zur Geltung zu bringen: Baudana in Serralunga d&#8217;Alba, Villero in Castiglione Falletto, Vignane in Barolo und Merli in Novello stellen den perfekten Querschnitt des ganzen Gebietes mit seinen unterschiedlichen B\u00f6den dar: leicht und sandig, kompakt und tiefgru\u0308ndig, auf verschiedenen H\u00f6hen und in unterschiedlicher Ausrichtungen.<\/p>\n<p><strong>Jedes Jahr eine Entdeckung.<\/strong><\/p>\n<p>Nach einer getrennten Lese, Vinifizierung und dem abschlie\u00dfenden Ausbau fu\u0308hren wir in der Assemblage diejenigen Anteile zusammen, welche die Einmaligkeit eines jeden Weinbergs und die Besonderheiten des jeweiligen Jahrgangs zum Ausdruck bringen. Es ist unzweifelhaft ein Wein, der sich mit der Zeit entfaltet.<\/p>\n<p>Bekannterma\u00dfen geben Nebbiolo-Weine erst nach Jahren langsamer, ruhiger Reifung ihre besten Eigenschaften preis. Daher z\u00e4hlt auch unser Barolo Le Vigne zu den Protagonisten des Projekts \u201esibi et paucis&#8220;.<\/p>\n","protected":false},"excerpt":{"rendered":"<p>LUCIANO SANDRONE Le Vigne Barolo 2017 LUCIANO SANDRONE Le Vigne Barolo 2017 Weingut: Luciano Sandrone ist einer der gro\u00dfen Erneuerer in der Langhe, der sich eindeutig am Vorbild Burgund orientiert. Seine beiden Baroli belegen regelm\u00e4\u00dfig Spitzenpl\u00e4tze in den Bestenlisten. W\u00e4hrend der Cannubi Boschis ein Lagenbarolo ist, werden f\u00fcr den Le Vigne Trauben aus vier vershiedenen [&hellip;]<\/p>\n","protected":false},"featured_media":29282,"comment_status":"open","ping_status":"closed","template":"","meta":{"_acf_changed":false,"_monsterinsights_skip_tracking":false,"_monsterinsights_sitenote_active":false,"_monsterinsights_sitenote_note":"","_monsterinsights_sitenote_category":0},"product_brand":[],"product_cat":[1824],"product_tag":[15903,15893,15959],"class_list":{"0":"post-34868","1":"product","2":"type-product","3":"status-publish","4":"has-post-thumbnail","6":"product_cat-barolo-de","7":"product_tag-barolo-de","8":"product_tag-piemonte-de","9":"product_tag-vino-rosso-de","10":"pa_appellation-barolo-docg-de","11":"pa_formato-0-75-l-flasche-de","12":"pa_producer-luciano-sandrone-de","13":"pa_region-piemont-de","14":"pa_vine-100-nebbiolo-de","15":"pa_vintage-2017-de","17":"first","18":"outofstock","19":"taxable","20":"shipping-taxable","21":"purchasable","22":"product-type-simple"},"bundled_by":[],"bundle_stock_status":"outofstock","bundle_stock_quantity":0,"bundle_virtual":false,"bundle_layout":"","bundle_add_to_cart_form_location":"","bundle_editable_in_cart":false,"bundle_sold_individually_context":"","bundle_item_grouping":"","bundle_min_size":"","bundle_max_size":"","bundle_price":[],"bundled_items":[],"bundle_sell_ids":[],"yoast_head":"<!-- This site is optimized with the Yoast SEO plugin v27.2 - https:\/\/yoast.com\/product\/yoast-seo-wordpress\/ -->\n<title>Kaufen online on Fons Vinum LUCIANO SANDRONE Le Vigne Barolo 2017<\/title>\n<meta name=\"description\" content=\"LUCIANO SANDRONE Le Vigne Barolo 2017 ehemals Cannubi Boschis. I Fons Vinum rare Weine aus Piedmont und Toskana. Kaufen 6 Flasche!\" \/>\n<meta name=\"robots\" content=\"index, follow, max-snippet:-1, max-image-preview:large, max-video-preview:-1\" \/>\n<link rel=\"canonical\" href=\"https:\/\/fonsvinum.com\/de\/produkt\/luciano-sandrone-le-vigne-barolo-2017\/\" \/>\n<meta property=\"og:locale\" content=\"de_DE\" \/>\n<meta property=\"og:type\" content=\"article\" \/>\n<meta property=\"og:title\" content=\"Kaufen online on Fons Vinum LUCIANO SANDRONE Le Vigne Barolo 2017\" \/>\n<meta property=\"og:description\" content=\"LUCIANO SANDRONE Le Vigne Barolo 2017 ehemals Cannubi Boschis. I Fons Vinum rare Weine aus Piedmont und Toskana. Kaufen 6 Flasche!\" \/>\n<meta property=\"og:url\" content=\"https:\/\/fonsvinum.com\/de\/produkt\/luciano-sandrone-le-vigne-barolo-2017\/\" \/>\n<meta property=\"og:site_name\" content=\"Fons Vinum\" \/>\n<meta property=\"article:modified_time\" content=\"2021-09-17T10:28:14+00:00\" \/>\n<meta property=\"og:image\" content=\"https:\/\/fonsvinum.com\/files\/2020\/10\/Sandrone-Barolo-Le-Vigne-1.jpg\" \/>\n\t<meta property=\"og:image:width\" content=\"200\" \/>\n\t<meta property=\"og:image:height\" content=\"600\" \/>\n\t<meta property=\"og:image:type\" content=\"image\/jpeg\" \/>\n<meta name=\"twitter:label1\" content=\"Gesch\u00e4tzte Lesezeit\" \/>\n\t<meta name=\"twitter:data1\" content=\"2\u00a0Minuten\" \/>\n<script type=\"application\/ld+json\" class=\"yoast-schema-graph\">{\"@context\":\"https:\/\/schema.org\",\"@graph\":[{\"@type\":\"WebPage\",\"@id\":\"https:\/\/fonsvinum.com\/de\/produkt\/luciano-sandrone-le-vigne-barolo-2017\/\",\"url\":\"https:\/\/fonsvinum.com\/de\/produkt\/luciano-sandrone-le-vigne-barolo-2017\/\",\"name\":\"Kaufen online on Fons Vinum LUCIANO SANDRONE Le Vigne Barolo 2017\",\"isPartOf\":{\"@id\":\"https:\/\/fonsvinum.com\/en\/#website\"},\"primaryImageOfPage\":{\"@id\":\"https:\/\/fonsvinum.com\/de\/produkt\/luciano-sandrone-le-vigne-barolo-2017\/#primaryimage\"},\"image\":{\"@id\":\"https:\/\/fonsvinum.com\/de\/produkt\/luciano-sandrone-le-vigne-barolo-2017\/#primaryimage\"},\"thumbnailUrl\":\"https:\/\/fonsvinum.com\/files\/2020\/10\/Sandrone-Barolo-Le-Vigne-1.jpg\",\"datePublished\":\"2021-09-17T10:03:11+00:00\",\"dateModified\":\"2021-09-17T10:28:14+00:00\",\"description\":\"LUCIANO SANDRONE Le Vigne Barolo 2017 ehemals Cannubi Boschis. I Fons Vinum rare Weine aus Piedmont und Toskana. Kaufen 6 Flasche!\",\"breadcrumb\":{\"@id\":\"https:\/\/fonsvinum.com\/de\/produkt\/luciano-sandrone-le-vigne-barolo-2017\/#breadcrumb\"},\"inLanguage\":\"de\",\"potentialAction\":[{\"@type\":\"ReadAction\",\"target\":[\"https:\/\/fonsvinum.com\/de\/produkt\/luciano-sandrone-le-vigne-barolo-2017\/\"]}]},{\"@type\":\"ImageObject\",\"inLanguage\":\"de\",\"@id\":\"https:\/\/fonsvinum.com\/de\/produkt\/luciano-sandrone-le-vigne-barolo-2017\/#primaryimage\",\"url\":\"https:\/\/fonsvinum.com\/files\/2020\/10\/Sandrone-Barolo-Le-Vigne-1.jpg\",\"contentUrl\":\"https:\/\/fonsvinum.com\/files\/2020\/10\/Sandrone-Barolo-Le-Vigne-1.jpg\",\"width\":200,\"height\":600},{\"@type\":\"BreadcrumbList\",\"@id\":\"https:\/\/fonsvinum.com\/de\/produkt\/luciano-sandrone-le-vigne-barolo-2017\/#breadcrumb\",\"itemListElement\":[{\"@type\":\"ListItem\",\"position\":1,\"name\":\"Startseite\",\"item\":\"https:\/\/fonsvinum.com\/de\/\"},{\"@type\":\"ListItem\",\"position\":2,\"name\":\"Shop\",\"item\":\"https:\/\/fonsvinum.com\/de\/shop\/\"},{\"@type\":\"ListItem\",\"position\":3,\"name\":\"LUCIANO SANDRONE Le Vigne Barolo 2017\"}]},{\"@type\":\"WebSite\",\"@id\":\"https:\/\/fonsvinum.com\/en\/#website\",\"url\":\"https:\/\/fonsvinum.com\/en\/\",\"name\":\"Fons Vinum\",\"description\":\"Vendita Vino Online\",\"publisher\":{\"@id\":\"https:\/\/fonsvinum.com\/en\/#organization\"},\"potentialAction\":[{\"@type\":\"SearchAction\",\"target\":{\"@type\":\"EntryPoint\",\"urlTemplate\":\"https:\/\/fonsvinum.com\/en\/?s={search_term_string}\"},\"query-input\":{\"@type\":\"PropertyValueSpecification\",\"valueRequired\":true,\"valueName\":\"search_term_string\"}}],\"inLanguage\":\"de\"},{\"@type\":\"Organization\",\"@id\":\"https:\/\/fonsvinum.com\/en\/#organization\",\"name\":\"Fons Vinum\",\"url\":\"https:\/\/fonsvinum.com\/en\/\",\"logo\":{\"@type\":\"ImageObject\",\"inLanguage\":\"de\",\"@id\":\"https:\/\/fonsvinum.com\/en\/#\/schema\/logo\/image\/\",\"url\":\"\",\"contentUrl\":\"\",\"caption\":\"Fons Vinum\"},\"image\":{\"@id\":\"https:\/\/fonsvinum.com\/en\/#\/schema\/logo\/image\/\"}}]}<\/script>\n<!-- \/ Yoast SEO plugin. -->","yoast_head_json":{"title":"Kaufen online on Fons Vinum LUCIANO SANDRONE Le Vigne Barolo 2017","description":"LUCIANO SANDRONE Le Vigne Barolo 2017 ehemals Cannubi Boschis. I Fons Vinum rare Weine aus Piedmont und Toskana. Kaufen 6 Flasche!","robots":{"index":"index","follow":"follow","max-snippet":"max-snippet:-1","max-image-preview":"max-image-preview:large","max-video-preview":"max-video-preview:-1"},"canonical":"https:\/\/fonsvinum.com\/de\/produkt\/luciano-sandrone-le-vigne-barolo-2017\/","og_locale":"de_DE","og_type":"article","og_title":"Kaufen online on Fons Vinum LUCIANO SANDRONE Le Vigne Barolo 2017","og_description":"LUCIANO SANDRONE Le Vigne Barolo 2017 ehemals Cannubi Boschis. I Fons Vinum rare Weine aus Piedmont und Toskana. Kaufen 6 Flasche!","og_url":"https:\/\/fonsvinum.com\/de\/produkt\/luciano-sandrone-le-vigne-barolo-2017\/","og_site_name":"Fons Vinum","article_modified_time":"2021-09-17T10:28:14+00:00","og_image":[{"width":200,"height":600,"url":"https:\/\/fonsvinum.com\/files\/2020\/10\/Sandrone-Barolo-Le-Vigne-1.jpg","type":"image\/jpeg"}],"twitter_misc":{"Gesch\u00e4tzte Lesezeit":"2\u00a0Minuten"},"schema":{"@context":"https:\/\/schema.org","@graph":[{"@type":"WebPage","@id":"https:\/\/fonsvinum.com\/de\/produkt\/luciano-sandrone-le-vigne-barolo-2017\/","url":"https:\/\/fonsvinum.com\/de\/produkt\/luciano-sandrone-le-vigne-barolo-2017\/","name":"Kaufen online on Fons Vinum LUCIANO SANDRONE Le Vigne Barolo 2017","isPartOf":{"@id":"https:\/\/fonsvinum.com\/en\/#website"},"primaryImageOfPage":{"@id":"https:\/\/fonsvinum.com\/de\/produkt\/luciano-sandrone-le-vigne-barolo-2017\/#primaryimage"},"image":{"@id":"https:\/\/fonsvinum.com\/de\/produkt\/luciano-sandrone-le-vigne-barolo-2017\/#primaryimage"},"thumbnailUrl":"https:\/\/fonsvinum.com\/files\/2020\/10\/Sandrone-Barolo-Le-Vigne-1.jpg","datePublished":"2021-09-17T10:03:11+00:00","dateModified":"2021-09-17T10:28:14+00:00","description":"LUCIANO SANDRONE Le Vigne Barolo 2017 ehemals Cannubi Boschis. I Fons Vinum rare Weine aus Piedmont und Toskana. Kaufen 6 Flasche!","breadcrumb":{"@id":"https:\/\/fonsvinum.com\/de\/produkt\/luciano-sandrone-le-vigne-barolo-2017\/#breadcrumb"},"inLanguage":"de","potentialAction":[{"@type":"ReadAction","target":["https:\/\/fonsvinum.com\/de\/produkt\/luciano-sandrone-le-vigne-barolo-2017\/"]}]},{"@type":"ImageObject","inLanguage":"de","@id":"https:\/\/fonsvinum.com\/de\/produkt\/luciano-sandrone-le-vigne-barolo-2017\/#primaryimage","url":"https:\/\/fonsvinum.com\/files\/2020\/10\/Sandrone-Barolo-Le-Vigne-1.jpg","contentUrl":"https:\/\/fonsvinum.com\/files\/2020\/10\/Sandrone-Barolo-Le-Vigne-1.jpg","width":200,"height":600},{"@type":"BreadcrumbList","@id":"https:\/\/fonsvinum.com\/de\/produkt\/luciano-sandrone-le-vigne-barolo-2017\/#breadcrumb","itemListElement":[{"@type":"ListItem","position":1,"name":"Startseite","item":"https:\/\/fonsvinum.com\/de\/"},{"@type":"ListItem","position":2,"name":"Shop","item":"https:\/\/fonsvinum.com\/de\/shop\/"},{"@type":"ListItem","position":3,"name":"LUCIANO SANDRONE Le Vigne Barolo 2017"}]},{"@type":"WebSite","@id":"https:\/\/fonsvinum.com\/en\/#website","url":"https:\/\/fonsvinum.com\/en\/","name":"Fons Vinum","description":"Vendita Vino Online","publisher":{"@id":"https:\/\/fonsvinum.com\/en\/#organization"},"potentialAction":[{"@type":"SearchAction","target":{"@type":"EntryPoint","urlTemplate":"https:\/\/fonsvinum.com\/en\/?s={search_term_string}"},"query-input":{"@type":"PropertyValueSpecification","valueRequired":true,"valueName":"search_term_string"}}],"inLanguage":"de"},{"@type":"Organization","@id":"https:\/\/fonsvinum.com\/en\/#organization","name":"Fons Vinum","url":"https:\/\/fonsvinum.com\/en\/","logo":{"@type":"ImageObject","inLanguage":"de","@id":"https:\/\/fonsvinum.com\/en\/#\/schema\/logo\/image\/","url":"","contentUrl":"","caption":"Fons Vinum"},"image":{"@id":"https:\/\/fonsvinum.com\/en\/#\/schema\/logo\/image\/"}}]}},"acf":[],"_links":{"self":[{"href":"https:\/\/fonsvinum.com\/de\/wp-json\/wp\/v2\/product\/34868","targetHints":{"allow":["GET"]}}],"collection":[{"href":"https:\/\/fonsvinum.com\/de\/wp-json\/wp\/v2\/product"}],"about":[{"href":"https:\/\/fonsvinum.com\/de\/wp-json\/wp\/v2\/types\/product"}],"replies":[{"embeddable":true,"href":"https:\/\/fonsvinum.com\/de\/wp-json\/wp\/v2\/comments?post=34868"}],"wp:featuredmedia":[{"embeddable":true,"href":"https:\/\/fonsvinum.com\/de\/wp-json\/wp\/v2\/media\/29282"}],"wp:attachment":[{"href":"https:\/\/fonsvinum.com\/de\/wp-json\/wp\/v2\/media?parent=34868"}],"wp:term":[{"taxonomy":"product_brand","embeddable":true,"href":"https:\/\/fonsvinum.com\/de\/wp-json\/wp\/v2\/product_brand?post=34868"},{"taxonomy":"product_cat","embeddable":true,"href":"https:\/\/fonsvinum.com\/de\/wp-json\/wp\/v2\/product_cat?post=34868"},{"taxonomy":"product_tag","embeddable":true,"href":"https:\/\/fonsvinum.com\/de\/wp-json\/wp\/v2\/product_tag?post=34868"}],"curies":[{"name":"wp","href":"https:\/\/api.w.org\/{rel}","templated":true}]}}