{"id":34315,"date":"2021-07-26T15:25:14","date_gmt":"2021-07-26T13:25:14","guid":{"rendered":"https:\/\/fonsvinum.com\/?post_type=product&#038;p=34315"},"modified":"2021-11-18T12:08:43","modified_gmt":"2021-11-18T11:08:43","slug":"champagne-verkaufs-promo-la-grande-reserve","status":"publish","type":"product","link":"https:\/\/fonsvinum.com\/de\/produkt\/champagne-verkaufs-promo-la-grande-reserve\/","title":{"rendered":"Champagne Verkaufs Promo &#8222;LA GRANDE RESERVE&#8220;"},"content":{"rendered":"<h2><a href=\"https:\/\/fonsvinum.com\/de\/shop\/\">Champagne<\/a> Verkaufs Promo &#8222;LA GRANDE RESERVE&#8220;<\/h2>\n<h2>6 gemischte Flaschen <a href=\"https:\/\/www.shopinlanghe.com\/sellers?render_type=sellerview&amp;id_seller=5\">Champagner<\/a>!!<\/h2>\n","protected":false},"excerpt":{"rendered":"<p>Champagne Verkaufs Promo &#8222;LA GRANDE RESERVE&#8220; 6 gemischte Flaschen Champagner!!<\/p>\n","protected":false},"featured_media":34323,"comment_status":"open","ping_status":"closed","template":"","meta":{"_acf_changed":false,"_monsterinsights_skip_tracking":false,"_monsterinsights_sitenote_active":false,"_monsterinsights_sitenote_note":"","_monsterinsights_sitenote_category":0},"product_brand":[],"product_cat":[2160],"product_tag":[1802,17724],"class_list":{"0":"post-34315","1":"product","2":"type-product","3":"status-publish","4":"has-post-thumbnail","6":"product_cat-champagne-de","7":"product_tag-champagne-de","8":"product_tag-francia-de","9":"pa_appellation-champagne-aoc-de","10":"pa_formato-0-75-l-flasche-de","11":"pa_region-champagne-de","13":"first","14":"outofstock","15":"sale","16":"taxable","17":"shipping-taxable","18":"purchasable","19":"product-type-bundle"},"bundled_by":[],"bundle_stock_status":"outofstock","bundle_stock_quantity":0,"bundle_virtual":false,"bundle_layout":"default","bundle_add_to_cart_form_location":"default","bundle_editable_in_cart":false,"bundle_sold_individually_context":"product","bundle_item_grouping":"parent","bundle_min_size":"","bundle_max_size":"","bundle_price":{"price":{"min":{"incl_tax":"145","excl_tax":"118.852459"},"max":{"incl_tax":"145","excl_tax":"118.852459"}},"regular_price":{"min":{"incl_tax":"168.4","excl_tax":"138.032787"},"max":{"incl_tax":"168.4","excl_tax":"138.032787"}}},"bundled_items":[{"bundled_item_id":197,"product_id":25121,"menu_order":0,"quantity_min":2,"quantity_max":2,"quantity_default":2,"priced_individually":false,"shipped_individually":false,"override_title":false,"title":"Champagne Cuv\u00e9e de R\u00e9serve Brut Richard Dhondt","override_description":false,"description":"Champagne Cuv\u00e9e de R\u00e9serve Brut Richard Dhondt","optional":false,"hide_thumbnail":false,"discount":"","override_variations":false,"allowed_variations":[""],"override_default_variation_attributes":false,"default_variation_attributes":[],"single_product_visibility":"visible","cart_visibility":"visible","order_visibility":"visible","single_product_price_visibility":"visible","cart_price_visibility":"visible","order_price_visibility":"visible","stock_status":"in_stock"},{"bundled_item_id":199,"product_id":6610,"menu_order":1,"quantity_min":2,"quantity_max":2,"quantity_default":2,"priced_individually":false,"shipped_individually":false,"override_title":false,"title":"Champagne Cuvee di Reserve Tanneux-Mahy","override_description":false,"description":"Champagne Cuvee di Reserve Tanneux-Mahy","optional":false,"hide_thumbnail":false,"discount":"","override_variations":false,"allowed_variations":[""],"override_default_variation_attributes":false,"default_variation_attributes":[],"single_product_visibility":"visible","cart_visibility":"visible","order_visibility":"visible","single_product_price_visibility":"visible","cart_price_visibility":"visible","order_price_visibility":"visible","stock_status":"in_stock"},{"bundled_item_id":201,"product_id":28262,"menu_order":2,"quantity_min":2,"quantity_max":2,"quantity_default":2,"priced_individually":false,"shipped_individually":false,"override_title":false,"title":"Jacques Robin Secret de Sorb\u00e9e Champagne","override_description":false,"description":"Jacques Robin Secret de Sorb\u00e9e Champagne","optional":false,"hide_thumbnail":false,"discount":"","override_variations":false,"allowed_variations":[""],"override_default_variation_attributes":false,"default_variation_attributes":[],"single_product_visibility":"visible","cart_visibility":"visible","order_visibility":"visible","single_product_price_visibility":"visible","cart_price_visibility":"visible","order_price_visibility":"visible","stock_status":"out_of_stock"}],"bundle_sell_ids":[],"yoast_head":"<!-- This site is optimized with the Yoast SEO plugin v27.3 - https:\/\/yoast.com\/product\/yoast-seo-wordpress\/ -->\n<title>Kaufen Champagne Verkaufs Promo &quot;LA GRANDE RESERVE&quot;<\/title>\n<meta name=\"description\" content=\"Kaufen Champagne Verkaufs Promo &quot;LA GRANDE RESERVE&quot; - FonsVinum\" \/>\n<meta name=\"robots\" content=\"index, follow, max-snippet:-1, max-image-preview:large, max-video-preview:-1\" \/>\n<link rel=\"canonical\" href=\"https:\/\/fonsvinum.com\/de\/produkt\/champagne-verkaufs-promo-la-grande-reserve\/\" \/>\n<meta property=\"og:locale\" content=\"de_DE\" \/>\n<meta property=\"og:type\" content=\"article\" \/>\n<meta property=\"og:title\" content=\"Kaufen Champagne Verkaufs Promo &quot;LA GRANDE RESERVE&quot;\" \/>\n<meta property=\"og:description\" content=\"Kaufen Champagne Verkaufs Promo &quot;LA GRANDE RESERVE&quot; - FonsVinum\" \/>\n<meta property=\"og:url\" content=\"https:\/\/fonsvinum.com\/de\/produkt\/champagne-verkaufs-promo-la-grande-reserve\/\" \/>\n<meta property=\"og:site_name\" content=\"Fons Vinum\" \/>\n<meta property=\"article:modified_time\" content=\"2021-11-18T11:08:43+00:00\" \/>\n<meta property=\"og:image\" content=\"https:\/\/fonsvinum.com\/files\/2021\/07\/6-x-champagne-lotto-la-grande-reserve.jpg\" \/>\n\t<meta property=\"og:image:width\" content=\"1200\" \/>\n\t<meta property=\"og:image:height\" content=\"900\" \/>\n\t<meta property=\"og:image:type\" content=\"image\/jpeg\" \/>\n<meta name=\"twitter:label1\" content=\"Gesch\u00e4tzte Lesezeit\" \/>\n\t<meta name=\"twitter:data1\" content=\"1\u00a0Minute\" \/>\n<script type=\"application\/ld+json\" class=\"yoast-schema-graph\">{\"@context\":\"https:\\\/\\\/schema.org\",\"@graph\":[{\"@type\":\"WebPage\",\"@id\":\"https:\\\/\\\/fonsvinum.com\\\/de\\\/produkt\\\/champagne-verkaufs-promo-la-grande-reserve\\\/\",\"url\":\"https:\\\/\\\/fonsvinum.com\\\/de\\\/produkt\\\/champagne-verkaufs-promo-la-grande-reserve\\\/\",\"name\":\"Kaufen Champagne Verkaufs Promo \\\"LA GRANDE RESERVE\\\"\",\"isPartOf\":{\"@id\":\"https:\\\/\\\/fonsvinum.com\\\/en\\\/#website\"},\"primaryImageOfPage\":{\"@id\":\"https:\\\/\\\/fonsvinum.com\\\/de\\\/produkt\\\/champagne-verkaufs-promo-la-grande-reserve\\\/#primaryimage\"},\"image\":{\"@id\":\"https:\\\/\\\/fonsvinum.com\\\/de\\\/produkt\\\/champagne-verkaufs-promo-la-grande-reserve\\\/#primaryimage\"},\"thumbnailUrl\":\"https:\\\/\\\/fonsvinum.com\\\/files\\\/2021\\\/07\\\/6-x-champagne-lotto-la-grande-reserve.jpg\",\"datePublished\":\"2021-07-26T13:25:14+00:00\",\"dateModified\":\"2021-11-18T11:08:43+00:00\",\"description\":\"Kaufen Champagne Verkaufs Promo \\\"LA GRANDE RESERVE\\\" - FonsVinum\",\"breadcrumb\":{\"@id\":\"https:\\\/\\\/fonsvinum.com\\\/de\\\/produkt\\\/champagne-verkaufs-promo-la-grande-reserve\\\/#breadcrumb\"},\"inLanguage\":\"de\",\"potentialAction\":[{\"@type\":\"ReadAction\",\"target\":[\"https:\\\/\\\/fonsvinum.com\\\/de\\\/produkt\\\/champagne-verkaufs-promo-la-grande-reserve\\\/\"]}]},{\"@type\":\"ImageObject\",\"inLanguage\":\"de\",\"@id\":\"https:\\\/\\\/fonsvinum.com\\\/de\\\/produkt\\\/champagne-verkaufs-promo-la-grande-reserve\\\/#primaryimage\",\"url\":\"https:\\\/\\\/fonsvinum.com\\\/files\\\/2021\\\/07\\\/6-x-champagne-lotto-la-grande-reserve.jpg\",\"contentUrl\":\"https:\\\/\\\/fonsvinum.com\\\/files\\\/2021\\\/07\\\/6-x-champagne-lotto-la-grande-reserve.jpg\",\"width\":1200,\"height\":900},{\"@type\":\"BreadcrumbList\",\"@id\":\"https:\\\/\\\/fonsvinum.com\\\/de\\\/produkt\\\/champagne-verkaufs-promo-la-grande-reserve\\\/#breadcrumb\",\"itemListElement\":[{\"@type\":\"ListItem\",\"position\":1,\"name\":\"Startseite\",\"item\":\"https:\\\/\\\/fonsvinum.com\\\/de\\\/\"},{\"@type\":\"ListItem\",\"position\":2,\"name\":\"Shop\",\"item\":\"https:\\\/\\\/fonsvinum.com\\\/de\\\/shop\\\/\"},{\"@type\":\"ListItem\",\"position\":3,\"name\":\"Champagne Verkaufs Promo &#8220;LA GRANDE RESERVE&#8221;\"}]},{\"@type\":\"WebSite\",\"@id\":\"https:\\\/\\\/fonsvinum.com\\\/en\\\/#website\",\"url\":\"https:\\\/\\\/fonsvinum.com\\\/en\\\/\",\"name\":\"Fons Vinum\",\"description\":\"Vendita Vino Online\",\"publisher\":{\"@id\":\"https:\\\/\\\/fonsvinum.com\\\/en\\\/#organization\"},\"potentialAction\":[{\"@type\":\"SearchAction\",\"target\":{\"@type\":\"EntryPoint\",\"urlTemplate\":\"https:\\\/\\\/fonsvinum.com\\\/en\\\/?s={search_term_string}\"},\"query-input\":{\"@type\":\"PropertyValueSpecification\",\"valueRequired\":true,\"valueName\":\"search_term_string\"}}],\"inLanguage\":\"de\"},{\"@type\":\"Organization\",\"@id\":\"https:\\\/\\\/fonsvinum.com\\\/en\\\/#organization\",\"name\":\"Fons Vinum\",\"url\":\"https:\\\/\\\/fonsvinum.com\\\/en\\\/\",\"logo\":{\"@type\":\"ImageObject\",\"inLanguage\":\"de\",\"@id\":\"https:\\\/\\\/fonsvinum.com\\\/en\\\/#\\\/schema\\\/logo\\\/image\\\/\",\"url\":\"\",\"contentUrl\":\"\",\"caption\":\"Fons Vinum\"},\"image\":{\"@id\":\"https:\\\/\\\/fonsvinum.com\\\/en\\\/#\\\/schema\\\/logo\\\/image\\\/\"}}]}<\/script>\n<!-- \/ Yoast SEO plugin. -->","yoast_head_json":{"title":"Kaufen Champagne Verkaufs Promo \"LA GRANDE RESERVE\"","description":"Kaufen Champagne Verkaufs Promo \"LA GRANDE RESERVE\" - FonsVinum","robots":{"index":"index","follow":"follow","max-snippet":"max-snippet:-1","max-image-preview":"max-image-preview:large","max-video-preview":"max-video-preview:-1"},"canonical":"https:\/\/fonsvinum.com\/de\/produkt\/champagne-verkaufs-promo-la-grande-reserve\/","og_locale":"de_DE","og_type":"article","og_title":"Kaufen Champagne Verkaufs Promo \"LA GRANDE RESERVE\"","og_description":"Kaufen Champagne Verkaufs Promo \"LA GRANDE RESERVE\" - FonsVinum","og_url":"https:\/\/fonsvinum.com\/de\/produkt\/champagne-verkaufs-promo-la-grande-reserve\/","og_site_name":"Fons Vinum","article_modified_time":"2021-11-18T11:08:43+00:00","og_image":[{"width":1200,"height":900,"url":"https:\/\/fonsvinum.com\/files\/2021\/07\/6-x-champagne-lotto-la-grande-reserve.jpg","type":"image\/jpeg"}],"twitter_misc":{"Gesch\u00e4tzte Lesezeit":"1\u00a0Minute"},"schema":{"@context":"https:\/\/schema.org","@graph":[{"@type":"WebPage","@id":"https:\/\/fonsvinum.com\/de\/produkt\/champagne-verkaufs-promo-la-grande-reserve\/","url":"https:\/\/fonsvinum.com\/de\/produkt\/champagne-verkaufs-promo-la-grande-reserve\/","name":"Kaufen Champagne Verkaufs Promo \"LA GRANDE RESERVE\"","isPartOf":{"@id":"https:\/\/fonsvinum.com\/en\/#website"},"primaryImageOfPage":{"@id":"https:\/\/fonsvinum.com\/de\/produkt\/champagne-verkaufs-promo-la-grande-reserve\/#primaryimage"},"image":{"@id":"https:\/\/fonsvinum.com\/de\/produkt\/champagne-verkaufs-promo-la-grande-reserve\/#primaryimage"},"thumbnailUrl":"https:\/\/fonsvinum.com\/files\/2021\/07\/6-x-champagne-lotto-la-grande-reserve.jpg","datePublished":"2021-07-26T13:25:14+00:00","dateModified":"2021-11-18T11:08:43+00:00","description":"Kaufen Champagne Verkaufs Promo \"LA GRANDE RESERVE\" - FonsVinum","breadcrumb":{"@id":"https:\/\/fonsvinum.com\/de\/produkt\/champagne-verkaufs-promo-la-grande-reserve\/#breadcrumb"},"inLanguage":"de","potentialAction":[{"@type":"ReadAction","target":["https:\/\/fonsvinum.com\/de\/produkt\/champagne-verkaufs-promo-la-grande-reserve\/"]}]},{"@type":"ImageObject","inLanguage":"de","@id":"https:\/\/fonsvinum.com\/de\/produkt\/champagne-verkaufs-promo-la-grande-reserve\/#primaryimage","url":"https:\/\/fonsvinum.com\/files\/2021\/07\/6-x-champagne-lotto-la-grande-reserve.jpg","contentUrl":"https:\/\/fonsvinum.com\/files\/2021\/07\/6-x-champagne-lotto-la-grande-reserve.jpg","width":1200,"height":900},{"@type":"BreadcrumbList","@id":"https:\/\/fonsvinum.com\/de\/produkt\/champagne-verkaufs-promo-la-grande-reserve\/#breadcrumb","itemListElement":[{"@type":"ListItem","position":1,"name":"Startseite","item":"https:\/\/fonsvinum.com\/de\/"},{"@type":"ListItem","position":2,"name":"Shop","item":"https:\/\/fonsvinum.com\/de\/shop\/"},{"@type":"ListItem","position":3,"name":"Champagne Verkaufs Promo &#8220;LA GRANDE RESERVE&#8221;"}]},{"@type":"WebSite","@id":"https:\/\/fonsvinum.com\/en\/#website","url":"https:\/\/fonsvinum.com\/en\/","name":"Fons Vinum","description":"Vendita Vino Online","publisher":{"@id":"https:\/\/fonsvinum.com\/en\/#organization"},"potentialAction":[{"@type":"SearchAction","target":{"@type":"EntryPoint","urlTemplate":"https:\/\/fonsvinum.com\/en\/?s={search_term_string}"},"query-input":{"@type":"PropertyValueSpecification","valueRequired":true,"valueName":"search_term_string"}}],"inLanguage":"de"},{"@type":"Organization","@id":"https:\/\/fonsvinum.com\/en\/#organization","name":"Fons Vinum","url":"https:\/\/fonsvinum.com\/en\/","logo":{"@type":"ImageObject","inLanguage":"de","@id":"https:\/\/fonsvinum.com\/en\/#\/schema\/logo\/image\/","url":"","contentUrl":"","caption":"Fons Vinum"},"image":{"@id":"https:\/\/fonsvinum.com\/en\/#\/schema\/logo\/image\/"}}]}},"acf":[],"_links":{"self":[{"href":"https:\/\/fonsvinum.com\/de\/wp-json\/wp\/v2\/product\/34315","targetHints":{"allow":["GET"]}}],"collection":[{"href":"https:\/\/fonsvinum.com\/de\/wp-json\/wp\/v2\/product"}],"about":[{"href":"https:\/\/fonsvinum.com\/de\/wp-json\/wp\/v2\/types\/product"}],"replies":[{"embeddable":true,"href":"https:\/\/fonsvinum.com\/de\/wp-json\/wp\/v2\/comments?post=34315"}],"wp:featuredmedia":[{"embeddable":true,"href":"https:\/\/fonsvinum.com\/de\/wp-json\/wp\/v2\/media\/34323"}],"wp:attachment":[{"href":"https:\/\/fonsvinum.com\/de\/wp-json\/wp\/v2\/media?parent=34315"}],"wp:term":[{"taxonomy":"product_brand","embeddable":true,"href":"https:\/\/fonsvinum.com\/de\/wp-json\/wp\/v2\/product_brand?post=34315"},{"taxonomy":"product_cat","embeddable":true,"href":"https:\/\/fonsvinum.com\/de\/wp-json\/wp\/v2\/product_cat?post=34315"},{"taxonomy":"product_tag","embeddable":true,"href":"https:\/\/fonsvinum.com\/de\/wp-json\/wp\/v2\/product_tag?post=34315"}],"curies":[{"name":"wp","href":"https:\/\/api.w.org\/{rel}","templated":true}]}}