{"id":34175,"date":"2021-07-16T12:52:23","date_gmt":"2021-07-16T10:52:23","guid":{"rendered":"https:\/\/fonsvinum.com\/?post_type=product&#038;p=34175"},"modified":"2021-07-16T13:03:51","modified_gmt":"2021-07-16T11:03:51","slug":"pira-chiara-boschis-langhe-nebbiolo-2019","status":"publish","type":"product","link":"https:\/\/fonsvinum.com\/de\/produkt\/pira-chiara-boschis-langhe-nebbiolo-2019\/","title":{"rendered":"PIRA CHIARA BOSCHIS Langhe Nebbiolo 2019"},"content":{"rendered":"<h1>PIRA CHIARA BOSCHIS Langhe <a href=\"https:\/\/fonsvinum.com\/de\/shop\/\">Nebbiolo<\/a> 2019<\/h1>\n<h3>PIRA CHIARA BOSCHIS Langhe Nebbiolo 2019<\/h3>\n<h4><strong>Geschichte<\/strong><\/h4>\n<p>Die Pira, eine alte Familie von Winzern &#8211; in den Pfarrregistern seit dem siebzehnten Jahrhundert erw\u00e4hnt &#8211; wurde Weinproduzenten in den Jahren zwischen dem Ende des neunzehnten und dem Anfang des zwanzigsten Jahrhunderts.<\/p>\n<p>Gigi Pira, der legend\u00e4re Exponent der alten Produzentenschule, schuf seine Weine, indem er die Trauben aus seinen Parzellen der Cannubi, San Lorenzo und Via Nuova zusammenstellte und behauptete, dass, wie die K\u00fche auf den besten Weiden grasen, um die beste Milch zu produzieren, mit Wein funktioniert es auf die gleiche Weise.<\/p>\n<p>Doch Piras Verbundenheit mit der Tradition blieb damit nicht stehen: Er war in der Tat der letzte verbliebene Weinbrecher, der ohne die Hilfe irgendwelcher technischen Mittel mit den F\u00fc\u00dfen und der Produktion presste.<\/p>\n<p>Seit 1980 garantiert Chiara Boschis die Kontinuit\u00e4t, die nach einem Studium der Wirtschaftswissenschaften ihrer Leidenschaft f\u00fcr Wein und ihrer Welt, die sich um dieses &#8222;kleine gro\u00dfe Haus&#8220; k\u00fcmmert, nachgeht.<\/p>\n<p>Chiara hat einen Hauch von Erneuerung in den Keller und in den Produktionsstil gebracht.<\/p>\n<p>Die Arbeit im Weinberg, streng manuell, erfolgt mit gro\u00dfer Sorgfalt und Respekt f\u00fcr die Umwelt, nach einem integrierten Kontrollsystem und seit 2011 in der biologischen Umwandlung.<\/p>\n<p>Die Produktion ist daher sehr begrenzt (etwa 25 Tausend Flaschen pro Jahr) und ist daher ausschlie\u00dflich mit den Weinbergen verbunden.<\/p>\n<p>Seit 2010 wird Chiara von ihrem Bruder Giorgio begleitet, der mit ihr die gro\u00dfe Leidenschaft f\u00fcr die Arbeit im Weinberg und im Keller teilt.<\/p>\n<h4><strong>Die Weinberge<\/strong><\/h4>\n<p>Das Piemont hat eine besondere tektonische Evolution. Sein Boden, vor allem in einigen Gebieten, in der Terti\u00e4rzeit sah die Ablagerung und Sedimentation von kalk-toeigen Mergel mit Sandsteinen durchsetzt.<br \/>\nLanga, ein h\u00fcgeliges System in der Provinz Cuneo, zwischen der Ebene und den Seealpen, genie\u00dft auch ein besonderes Mikroklima, das in der Lage ist, den Trauben Eigenschaften von Exzellenz zu verleihen.<br \/>\nDas DOCG-Gebiet von Barolo befindet sich im Zentrum der Langhe und ist Teil von 11 Gemeinden, die Barolo umgeben.<\/p>\n","protected":false},"excerpt":{"rendered":"<p>PIRA CHIARA BOSCHIS Langhe Nebbiolo 2019 PIRA CHIARA BOSCHIS Langhe Nebbiolo 2019 Geschichte Die Pira, eine alte Familie von Winzern &#8211; in den Pfarrregistern seit dem siebzehnten Jahrhundert erw\u00e4hnt &#8211; wurde Weinproduzenten in den Jahren zwischen dem Ende des neunzehnten und dem Anfang des zwanzigsten Jahrhunderts. Gigi Pira, der legend\u00e4re Exponent der alten Produzentenschule, schuf [&hellip;]<\/p>\n","protected":false},"featured_media":27590,"comment_status":"open","ping_status":"closed","template":"","meta":{"_acf_changed":false,"_monsterinsights_skip_tracking":false,"_monsterinsights_sitenote_active":false,"_monsterinsights_sitenote_note":"","_monsterinsights_sitenote_category":0},"product_brand":[],"product_cat":[2356],"product_tag":[15941,15893,15959],"class_list":{"0":"post-34175","1":"product","2":"type-product","3":"status-publish","4":"has-post-thumbnail","6":"product_cat-nebbiolo-de","7":"product_tag-nebbiolo-de","8":"product_tag-piemonte-de","9":"product_tag-vino-rosso-de","10":"pa_appellation-langhe-nebbiolo-doc-de","11":"pa_formato-0-75-l-flasche-de","12":"pa_producer-az-agricola-pira-figli-de","13":"pa_region-piemont-de","14":"pa_vine-100-nebbiolo-de","15":"pa_vintage-2019-de","17":"first","18":"outofstock","19":"taxable","20":"shipping-taxable","21":"purchasable","22":"product-type-simple"},"bundled_by":[],"bundle_stock_status":"outofstock","bundle_stock_quantity":0,"bundle_virtual":false,"bundle_layout":"","bundle_add_to_cart_form_location":"","bundle_editable_in_cart":false,"bundle_sold_individually_context":"","bundle_item_grouping":"","bundle_min_size":"","bundle_max_size":"","bundle_price":[],"bundled_items":[],"bundle_sell_ids":[],"yoast_head":"<!-- This site is optimized with the Yoast SEO plugin v27.2 - https:\/\/yoast.com\/product\/yoast-seo-wordpress\/ -->\n<title>PIRA CHIARA BOSCHIS Langhe Nebbiolo 2019<\/title>\n<meta name=\"description\" content=\"PIRA CHIARA BOSCHIS Langhe Nebbiolo 2019\" \/>\n<meta name=\"robots\" content=\"index, follow, max-snippet:-1, max-image-preview:large, max-video-preview:-1\" \/>\n<link rel=\"canonical\" href=\"https:\/\/fonsvinum.com\/de\/produkt\/pira-chiara-boschis-langhe-nebbiolo-2019\/\" \/>\n<meta property=\"og:locale\" content=\"de_DE\" \/>\n<meta property=\"og:type\" content=\"article\" \/>\n<meta property=\"og:title\" content=\"PIRA CHIARA BOSCHIS Langhe Nebbiolo 2019\" \/>\n<meta property=\"og:description\" content=\"PIRA CHIARA BOSCHIS Langhe Nebbiolo 2019\" \/>\n<meta property=\"og:url\" content=\"https:\/\/fonsvinum.com\/de\/produkt\/pira-chiara-boschis-langhe-nebbiolo-2019\/\" \/>\n<meta property=\"og:site_name\" content=\"Fons Vinum\" \/>\n<meta property=\"article:modified_time\" content=\"2021-07-16T11:03:51+00:00\" \/>\n<meta property=\"og:image\" content=\"https:\/\/fonsvinum.com\/files\/2020\/10\/langhe-nebbiolo-pira-chiara-boschis.jpg\" \/>\n\t<meta property=\"og:image:width\" content=\"200\" \/>\n\t<meta property=\"og:image:height\" content=\"600\" \/>\n\t<meta property=\"og:image:type\" content=\"image\/jpeg\" \/>\n<meta name=\"twitter:label1\" content=\"Gesch\u00e4tzte Lesezeit\" \/>\n\t<meta name=\"twitter:data1\" content=\"2\u00a0Minuten\" \/>\n<script type=\"application\/ld+json\" class=\"yoast-schema-graph\">{\"@context\":\"https:\/\/schema.org\",\"@graph\":[{\"@type\":\"WebPage\",\"@id\":\"https:\/\/fonsvinum.com\/de\/produkt\/pira-chiara-boschis-langhe-nebbiolo-2019\/\",\"url\":\"https:\/\/fonsvinum.com\/de\/produkt\/pira-chiara-boschis-langhe-nebbiolo-2019\/\",\"name\":\"PIRA CHIARA BOSCHIS Langhe Nebbiolo 2019\",\"isPartOf\":{\"@id\":\"https:\/\/fonsvinum.com\/en\/#website\"},\"primaryImageOfPage\":{\"@id\":\"https:\/\/fonsvinum.com\/de\/produkt\/pira-chiara-boschis-langhe-nebbiolo-2019\/#primaryimage\"},\"image\":{\"@id\":\"https:\/\/fonsvinum.com\/de\/produkt\/pira-chiara-boschis-langhe-nebbiolo-2019\/#primaryimage\"},\"thumbnailUrl\":\"https:\/\/fonsvinum.com\/files\/2020\/10\/langhe-nebbiolo-pira-chiara-boschis.jpg\",\"datePublished\":\"2021-07-16T10:52:23+00:00\",\"dateModified\":\"2021-07-16T11:03:51+00:00\",\"description\":\"PIRA CHIARA BOSCHIS Langhe Nebbiolo 2019\",\"breadcrumb\":{\"@id\":\"https:\/\/fonsvinum.com\/de\/produkt\/pira-chiara-boschis-langhe-nebbiolo-2019\/#breadcrumb\"},\"inLanguage\":\"de\",\"potentialAction\":[{\"@type\":\"ReadAction\",\"target\":[\"https:\/\/fonsvinum.com\/de\/produkt\/pira-chiara-boschis-langhe-nebbiolo-2019\/\"]}]},{\"@type\":\"ImageObject\",\"inLanguage\":\"de\",\"@id\":\"https:\/\/fonsvinum.com\/de\/produkt\/pira-chiara-boschis-langhe-nebbiolo-2019\/#primaryimage\",\"url\":\"https:\/\/fonsvinum.com\/files\/2020\/10\/langhe-nebbiolo-pira-chiara-boschis.jpg\",\"contentUrl\":\"https:\/\/fonsvinum.com\/files\/2020\/10\/langhe-nebbiolo-pira-chiara-boschis.jpg\",\"width\":200,\"height\":600},{\"@type\":\"BreadcrumbList\",\"@id\":\"https:\/\/fonsvinum.com\/de\/produkt\/pira-chiara-boschis-langhe-nebbiolo-2019\/#breadcrumb\",\"itemListElement\":[{\"@type\":\"ListItem\",\"position\":1,\"name\":\"Startseite\",\"item\":\"https:\/\/fonsvinum.com\/de\/\"},{\"@type\":\"ListItem\",\"position\":2,\"name\":\"Shop\",\"item\":\"https:\/\/fonsvinum.com\/de\/shop\/\"},{\"@type\":\"ListItem\",\"position\":3,\"name\":\"PIRA CHIARA BOSCHIS Langhe Nebbiolo 2019\"}]},{\"@type\":\"WebSite\",\"@id\":\"https:\/\/fonsvinum.com\/en\/#website\",\"url\":\"https:\/\/fonsvinum.com\/en\/\",\"name\":\"Fons Vinum\",\"description\":\"Vendita Vino Online\",\"publisher\":{\"@id\":\"https:\/\/fonsvinum.com\/en\/#organization\"},\"potentialAction\":[{\"@type\":\"SearchAction\",\"target\":{\"@type\":\"EntryPoint\",\"urlTemplate\":\"https:\/\/fonsvinum.com\/en\/?s={search_term_string}\"},\"query-input\":{\"@type\":\"PropertyValueSpecification\",\"valueRequired\":true,\"valueName\":\"search_term_string\"}}],\"inLanguage\":\"de\"},{\"@type\":\"Organization\",\"@id\":\"https:\/\/fonsvinum.com\/en\/#organization\",\"name\":\"Fons Vinum\",\"url\":\"https:\/\/fonsvinum.com\/en\/\",\"logo\":{\"@type\":\"ImageObject\",\"inLanguage\":\"de\",\"@id\":\"https:\/\/fonsvinum.com\/en\/#\/schema\/logo\/image\/\",\"url\":\"\",\"contentUrl\":\"\",\"caption\":\"Fons Vinum\"},\"image\":{\"@id\":\"https:\/\/fonsvinum.com\/en\/#\/schema\/logo\/image\/\"}}]}<\/script>\n<!-- \/ Yoast SEO plugin. -->","yoast_head_json":{"title":"PIRA CHIARA BOSCHIS Langhe Nebbiolo 2019","description":"PIRA CHIARA BOSCHIS Langhe Nebbiolo 2019","robots":{"index":"index","follow":"follow","max-snippet":"max-snippet:-1","max-image-preview":"max-image-preview:large","max-video-preview":"max-video-preview:-1"},"canonical":"https:\/\/fonsvinum.com\/de\/produkt\/pira-chiara-boschis-langhe-nebbiolo-2019\/","og_locale":"de_DE","og_type":"article","og_title":"PIRA CHIARA BOSCHIS Langhe Nebbiolo 2019","og_description":"PIRA CHIARA BOSCHIS Langhe Nebbiolo 2019","og_url":"https:\/\/fonsvinum.com\/de\/produkt\/pira-chiara-boschis-langhe-nebbiolo-2019\/","og_site_name":"Fons Vinum","article_modified_time":"2021-07-16T11:03:51+00:00","og_image":[{"width":200,"height":600,"url":"https:\/\/fonsvinum.com\/files\/2020\/10\/langhe-nebbiolo-pira-chiara-boschis.jpg","type":"image\/jpeg"}],"twitter_misc":{"Gesch\u00e4tzte Lesezeit":"2\u00a0Minuten"},"schema":{"@context":"https:\/\/schema.org","@graph":[{"@type":"WebPage","@id":"https:\/\/fonsvinum.com\/de\/produkt\/pira-chiara-boschis-langhe-nebbiolo-2019\/","url":"https:\/\/fonsvinum.com\/de\/produkt\/pira-chiara-boschis-langhe-nebbiolo-2019\/","name":"PIRA CHIARA BOSCHIS Langhe Nebbiolo 2019","isPartOf":{"@id":"https:\/\/fonsvinum.com\/en\/#website"},"primaryImageOfPage":{"@id":"https:\/\/fonsvinum.com\/de\/produkt\/pira-chiara-boschis-langhe-nebbiolo-2019\/#primaryimage"},"image":{"@id":"https:\/\/fonsvinum.com\/de\/produkt\/pira-chiara-boschis-langhe-nebbiolo-2019\/#primaryimage"},"thumbnailUrl":"https:\/\/fonsvinum.com\/files\/2020\/10\/langhe-nebbiolo-pira-chiara-boschis.jpg","datePublished":"2021-07-16T10:52:23+00:00","dateModified":"2021-07-16T11:03:51+00:00","description":"PIRA CHIARA BOSCHIS Langhe Nebbiolo 2019","breadcrumb":{"@id":"https:\/\/fonsvinum.com\/de\/produkt\/pira-chiara-boschis-langhe-nebbiolo-2019\/#breadcrumb"},"inLanguage":"de","potentialAction":[{"@type":"ReadAction","target":["https:\/\/fonsvinum.com\/de\/produkt\/pira-chiara-boschis-langhe-nebbiolo-2019\/"]}]},{"@type":"ImageObject","inLanguage":"de","@id":"https:\/\/fonsvinum.com\/de\/produkt\/pira-chiara-boschis-langhe-nebbiolo-2019\/#primaryimage","url":"https:\/\/fonsvinum.com\/files\/2020\/10\/langhe-nebbiolo-pira-chiara-boschis.jpg","contentUrl":"https:\/\/fonsvinum.com\/files\/2020\/10\/langhe-nebbiolo-pira-chiara-boschis.jpg","width":200,"height":600},{"@type":"BreadcrumbList","@id":"https:\/\/fonsvinum.com\/de\/produkt\/pira-chiara-boschis-langhe-nebbiolo-2019\/#breadcrumb","itemListElement":[{"@type":"ListItem","position":1,"name":"Startseite","item":"https:\/\/fonsvinum.com\/de\/"},{"@type":"ListItem","position":2,"name":"Shop","item":"https:\/\/fonsvinum.com\/de\/shop\/"},{"@type":"ListItem","position":3,"name":"PIRA CHIARA BOSCHIS Langhe Nebbiolo 2019"}]},{"@type":"WebSite","@id":"https:\/\/fonsvinum.com\/en\/#website","url":"https:\/\/fonsvinum.com\/en\/","name":"Fons Vinum","description":"Vendita Vino Online","publisher":{"@id":"https:\/\/fonsvinum.com\/en\/#organization"},"potentialAction":[{"@type":"SearchAction","target":{"@type":"EntryPoint","urlTemplate":"https:\/\/fonsvinum.com\/en\/?s={search_term_string}"},"query-input":{"@type":"PropertyValueSpecification","valueRequired":true,"valueName":"search_term_string"}}],"inLanguage":"de"},{"@type":"Organization","@id":"https:\/\/fonsvinum.com\/en\/#organization","name":"Fons Vinum","url":"https:\/\/fonsvinum.com\/en\/","logo":{"@type":"ImageObject","inLanguage":"de","@id":"https:\/\/fonsvinum.com\/en\/#\/schema\/logo\/image\/","url":"","contentUrl":"","caption":"Fons Vinum"},"image":{"@id":"https:\/\/fonsvinum.com\/en\/#\/schema\/logo\/image\/"}}]}},"acf":[],"_links":{"self":[{"href":"https:\/\/fonsvinum.com\/de\/wp-json\/wp\/v2\/product\/34175","targetHints":{"allow":["GET"]}}],"collection":[{"href":"https:\/\/fonsvinum.com\/de\/wp-json\/wp\/v2\/product"}],"about":[{"href":"https:\/\/fonsvinum.com\/de\/wp-json\/wp\/v2\/types\/product"}],"replies":[{"embeddable":true,"href":"https:\/\/fonsvinum.com\/de\/wp-json\/wp\/v2\/comments?post=34175"}],"wp:featuredmedia":[{"embeddable":true,"href":"https:\/\/fonsvinum.com\/de\/wp-json\/wp\/v2\/media\/27590"}],"wp:attachment":[{"href":"https:\/\/fonsvinum.com\/de\/wp-json\/wp\/v2\/media?parent=34175"}],"wp:term":[{"taxonomy":"product_brand","embeddable":true,"href":"https:\/\/fonsvinum.com\/de\/wp-json\/wp\/v2\/product_brand?post=34175"},{"taxonomy":"product_cat","embeddable":true,"href":"https:\/\/fonsvinum.com\/de\/wp-json\/wp\/v2\/product_cat?post=34175"},{"taxonomy":"product_tag","embeddable":true,"href":"https:\/\/fonsvinum.com\/de\/wp-json\/wp\/v2\/product_tag?post=34175"}],"curies":[{"name":"wp","href":"https:\/\/api.w.org\/{rel}","templated":true}]}}