{"id":33365,"date":"2021-05-28T09:55:03","date_gmt":"2021-05-28T07:55:03","guid":{"rendered":"https:\/\/fonsvinum.com\/?post_type=product&#038;p=33365"},"modified":"2021-05-28T10:21:48","modified_gmt":"2021-05-28T08:21:48","slug":"gaja-alteni-di-brassica-sauvignon-2018","status":"publish","type":"product","link":"https:\/\/fonsvinum.com\/de\/produkt\/gaja-alteni-di-brassica-sauvignon-2018\/","title":{"rendered":"GAJA Alteni di Brassica Sauvignon 2018"},"content":{"rendered":"<h2>GAJA Alteni di Brassica Sauvignon 2018<\/h2>\n<p>Der Name kommt von alteni, kleinen Steinmauern die einst die G\u00e4rten der Gegend sch\u00fctzten, und brassica, der kleinen, gelben Blume, die im Fr\u00fchling in den Weing\u00e4rten w\u00e4chst.<\/p>\n<p>Elegante Nase mit aromatischen Noten im Einklang mit der feinen Frucht; ausgewogener K\u00f6rper mit dichter Struktur, gest\u00fctzt von einer perfekt integrierten S\u00e4ure.<\/p>\n<p>Ein verfeinerter Sauvignon Blanc-Stil mit sehr gutem Reifepotential von mindestens 12-20 Jahren.<\/p>\n","protected":false},"excerpt":{"rendered":"<p>GAJA Alteni di Brassica Sauvignon 2018 Der Name kommt von alteni, kleinen Steinmauern die einst die G\u00e4rten der Gegend sch\u00fctzten, und brassica, der kleinen, gelben Blume, die im Fr\u00fchling in den Weing\u00e4rten w\u00e4chst. Elegante Nase mit aromatischen Noten im Einklang mit der feinen Frucht; ausgewogener K\u00f6rper mit dichter Struktur, gest\u00fctzt von einer perfekt integrierten S\u00e4ure. [&hellip;]<\/p>\n","protected":false},"featured_media":6110,"comment_status":"open","ping_status":"closed","template":"","meta":{"_acf_changed":false,"_monsterinsights_skip_tracking":false,"_monsterinsights_sitenote_active":false,"_monsterinsights_sitenote_note":"","_monsterinsights_sitenote_category":0},"product_brand":[],"product_cat":[2314],"product_tag":[15893,17742],"class_list":{"0":"post-33365","1":"product","2":"type-product","3":"status-publish","4":"has-post-thumbnail","6":"product_cat-sauvignon-de","7":"product_tag-piemonte-de","8":"product_tag-vino-bianco-de","9":"pa_appellation-langhe-doc-de","10":"pa_formato-0-75-l-flasche-de","11":"pa_producer-gaja-de","12":"pa_region-piemont-de","13":"pa_vine-100-sauvignon-de","14":"pa_vintage-2018-de","16":"first","17":"instock","18":"taxable","19":"shipping-taxable","20":"purchasable","21":"product-type-simple"},"bundled_by":[],"bundle_stock_status":"instock","bundle_stock_quantity":2,"bundle_virtual":false,"bundle_layout":"","bundle_add_to_cart_form_location":"","bundle_editable_in_cart":false,"bundle_sold_individually_context":"","bundle_item_grouping":"","bundle_min_size":"","bundle_max_size":"","bundle_price":[],"bundled_items":[],"bundle_sell_ids":[],"yoast_head":"<!-- This site is optimized with the Yoast SEO plugin v27.3 - https:\/\/yoast.com\/product\/yoast-seo-wordpress\/ -->\n<title>Kaufen online GAJA Alteni di Brassica Sauvignon 2018<\/title>\n<meta name=\"description\" content=\"GAJA Alteni di Brassica Sauvignon 2018 Ein verfeinerter Sauvignon Blanc-Stil mit sehr gutem Reifepotential Shop from Fons Vinum\" \/>\n<meta name=\"robots\" content=\"index, follow, max-snippet:-1, max-image-preview:large, max-video-preview:-1\" \/>\n<link rel=\"canonical\" href=\"https:\/\/fonsvinum.com\/de\/produkt\/gaja-alteni-di-brassica-sauvignon-2018\/\" \/>\n<meta property=\"og:locale\" content=\"de_DE\" \/>\n<meta property=\"og:type\" content=\"article\" \/>\n<meta property=\"og:title\" content=\"Kaufen online GAJA Alteni di Brassica Sauvignon 2018\" \/>\n<meta property=\"og:description\" content=\"GAJA Alteni di Brassica Sauvignon 2018 Ein verfeinerter Sauvignon Blanc-Stil mit sehr gutem Reifepotential Shop from Fons Vinum\" \/>\n<meta property=\"og:url\" content=\"https:\/\/fonsvinum.com\/de\/produkt\/gaja-alteni-di-brassica-sauvignon-2018\/\" \/>\n<meta property=\"og:site_name\" content=\"Fons Vinum\" \/>\n<meta property=\"article:modified_time\" content=\"2021-05-28T08:21:48+00:00\" \/>\n<meta property=\"og:image\" content=\"https:\/\/fonsvinum.com\/files\/2013\/04\/gaja-alteni-di-brassica-sauvignon.png\" \/>\n\t<meta property=\"og:image:width\" content=\"254\" \/>\n\t<meta property=\"og:image:height\" content=\"800\" \/>\n\t<meta property=\"og:image:type\" content=\"image\/png\" \/>\n<meta name=\"twitter:label1\" content=\"Gesch\u00e4tzte Lesezeit\" \/>\n\t<meta name=\"twitter:data1\" content=\"1\u00a0Minute\" \/>\n<script type=\"application\/ld+json\" class=\"yoast-schema-graph\">{\"@context\":\"https:\\\/\\\/schema.org\",\"@graph\":[{\"@type\":\"WebPage\",\"@id\":\"https:\\\/\\\/fonsvinum.com\\\/de\\\/produkt\\\/gaja-alteni-di-brassica-sauvignon-2018\\\/\",\"url\":\"https:\\\/\\\/fonsvinum.com\\\/de\\\/produkt\\\/gaja-alteni-di-brassica-sauvignon-2018\\\/\",\"name\":\"Kaufen online GAJA Alteni di Brassica Sauvignon 2018\",\"isPartOf\":{\"@id\":\"https:\\\/\\\/fonsvinum.com\\\/en\\\/#website\"},\"primaryImageOfPage\":{\"@id\":\"https:\\\/\\\/fonsvinum.com\\\/de\\\/produkt\\\/gaja-alteni-di-brassica-sauvignon-2018\\\/#primaryimage\"},\"image\":{\"@id\":\"https:\\\/\\\/fonsvinum.com\\\/de\\\/produkt\\\/gaja-alteni-di-brassica-sauvignon-2018\\\/#primaryimage\"},\"thumbnailUrl\":\"https:\\\/\\\/fonsvinum.com\\\/files\\\/2013\\\/04\\\/gaja-alteni-di-brassica-sauvignon.png\",\"datePublished\":\"2021-05-28T07:55:03+00:00\",\"dateModified\":\"2021-05-28T08:21:48+00:00\",\"description\":\"GAJA Alteni di Brassica Sauvignon 2018 Ein verfeinerter Sauvignon Blanc-Stil mit sehr gutem Reifepotential Shop from Fons Vinum\",\"breadcrumb\":{\"@id\":\"https:\\\/\\\/fonsvinum.com\\\/de\\\/produkt\\\/gaja-alteni-di-brassica-sauvignon-2018\\\/#breadcrumb\"},\"inLanguage\":\"de\",\"potentialAction\":[{\"@type\":\"ReadAction\",\"target\":[\"https:\\\/\\\/fonsvinum.com\\\/de\\\/produkt\\\/gaja-alteni-di-brassica-sauvignon-2018\\\/\"]}]},{\"@type\":\"ImageObject\",\"inLanguage\":\"de\",\"@id\":\"https:\\\/\\\/fonsvinum.com\\\/de\\\/produkt\\\/gaja-alteni-di-brassica-sauvignon-2018\\\/#primaryimage\",\"url\":\"https:\\\/\\\/fonsvinum.com\\\/files\\\/2013\\\/04\\\/gaja-alteni-di-brassica-sauvignon.png\",\"contentUrl\":\"https:\\\/\\\/fonsvinum.com\\\/files\\\/2013\\\/04\\\/gaja-alteni-di-brassica-sauvignon.png\",\"width\":254,\"height\":800},{\"@type\":\"BreadcrumbList\",\"@id\":\"https:\\\/\\\/fonsvinum.com\\\/de\\\/produkt\\\/gaja-alteni-di-brassica-sauvignon-2018\\\/#breadcrumb\",\"itemListElement\":[{\"@type\":\"ListItem\",\"position\":1,\"name\":\"Startseite\",\"item\":\"https:\\\/\\\/fonsvinum.com\\\/de\\\/\"},{\"@type\":\"ListItem\",\"position\":2,\"name\":\"Shop\",\"item\":\"https:\\\/\\\/fonsvinum.com\\\/de\\\/shop\\\/\"},{\"@type\":\"ListItem\",\"position\":3,\"name\":\"GAJA Alteni di Brassica Sauvignon 2018\"}]},{\"@type\":\"WebSite\",\"@id\":\"https:\\\/\\\/fonsvinum.com\\\/en\\\/#website\",\"url\":\"https:\\\/\\\/fonsvinum.com\\\/en\\\/\",\"name\":\"Fons Vinum\",\"description\":\"Vendita Vino Online\",\"publisher\":{\"@id\":\"https:\\\/\\\/fonsvinum.com\\\/en\\\/#organization\"},\"potentialAction\":[{\"@type\":\"SearchAction\",\"target\":{\"@type\":\"EntryPoint\",\"urlTemplate\":\"https:\\\/\\\/fonsvinum.com\\\/en\\\/?s={search_term_string}\"},\"query-input\":{\"@type\":\"PropertyValueSpecification\",\"valueRequired\":true,\"valueName\":\"search_term_string\"}}],\"inLanguage\":\"de\"},{\"@type\":\"Organization\",\"@id\":\"https:\\\/\\\/fonsvinum.com\\\/en\\\/#organization\",\"name\":\"Fons Vinum\",\"url\":\"https:\\\/\\\/fonsvinum.com\\\/en\\\/\",\"logo\":{\"@type\":\"ImageObject\",\"inLanguage\":\"de\",\"@id\":\"https:\\\/\\\/fonsvinum.com\\\/en\\\/#\\\/schema\\\/logo\\\/image\\\/\",\"url\":\"\",\"contentUrl\":\"\",\"caption\":\"Fons Vinum\"},\"image\":{\"@id\":\"https:\\\/\\\/fonsvinum.com\\\/en\\\/#\\\/schema\\\/logo\\\/image\\\/\"}}]}<\/script>\n<!-- \/ Yoast SEO plugin. -->","yoast_head_json":{"title":"Kaufen online GAJA Alteni di Brassica Sauvignon 2018","description":"GAJA Alteni di Brassica Sauvignon 2018 Ein verfeinerter Sauvignon Blanc-Stil mit sehr gutem Reifepotential Shop from Fons Vinum","robots":{"index":"index","follow":"follow","max-snippet":"max-snippet:-1","max-image-preview":"max-image-preview:large","max-video-preview":"max-video-preview:-1"},"canonical":"https:\/\/fonsvinum.com\/de\/produkt\/gaja-alteni-di-brassica-sauvignon-2018\/","og_locale":"de_DE","og_type":"article","og_title":"Kaufen online GAJA Alteni di Brassica Sauvignon 2018","og_description":"GAJA Alteni di Brassica Sauvignon 2018 Ein verfeinerter Sauvignon Blanc-Stil mit sehr gutem Reifepotential Shop from Fons Vinum","og_url":"https:\/\/fonsvinum.com\/de\/produkt\/gaja-alteni-di-brassica-sauvignon-2018\/","og_site_name":"Fons Vinum","article_modified_time":"2021-05-28T08:21:48+00:00","og_image":[{"width":254,"height":800,"url":"https:\/\/fonsvinum.com\/files\/2013\/04\/gaja-alteni-di-brassica-sauvignon.png","type":"image\/png"}],"twitter_misc":{"Gesch\u00e4tzte Lesezeit":"1\u00a0Minute"},"schema":{"@context":"https:\/\/schema.org","@graph":[{"@type":"WebPage","@id":"https:\/\/fonsvinum.com\/de\/produkt\/gaja-alteni-di-brassica-sauvignon-2018\/","url":"https:\/\/fonsvinum.com\/de\/produkt\/gaja-alteni-di-brassica-sauvignon-2018\/","name":"Kaufen online GAJA Alteni di Brassica Sauvignon 2018","isPartOf":{"@id":"https:\/\/fonsvinum.com\/en\/#website"},"primaryImageOfPage":{"@id":"https:\/\/fonsvinum.com\/de\/produkt\/gaja-alteni-di-brassica-sauvignon-2018\/#primaryimage"},"image":{"@id":"https:\/\/fonsvinum.com\/de\/produkt\/gaja-alteni-di-brassica-sauvignon-2018\/#primaryimage"},"thumbnailUrl":"https:\/\/fonsvinum.com\/files\/2013\/04\/gaja-alteni-di-brassica-sauvignon.png","datePublished":"2021-05-28T07:55:03+00:00","dateModified":"2021-05-28T08:21:48+00:00","description":"GAJA Alteni di Brassica Sauvignon 2018 Ein verfeinerter Sauvignon Blanc-Stil mit sehr gutem Reifepotential Shop from Fons Vinum","breadcrumb":{"@id":"https:\/\/fonsvinum.com\/de\/produkt\/gaja-alteni-di-brassica-sauvignon-2018\/#breadcrumb"},"inLanguage":"de","potentialAction":[{"@type":"ReadAction","target":["https:\/\/fonsvinum.com\/de\/produkt\/gaja-alteni-di-brassica-sauvignon-2018\/"]}]},{"@type":"ImageObject","inLanguage":"de","@id":"https:\/\/fonsvinum.com\/de\/produkt\/gaja-alteni-di-brassica-sauvignon-2018\/#primaryimage","url":"https:\/\/fonsvinum.com\/files\/2013\/04\/gaja-alteni-di-brassica-sauvignon.png","contentUrl":"https:\/\/fonsvinum.com\/files\/2013\/04\/gaja-alteni-di-brassica-sauvignon.png","width":254,"height":800},{"@type":"BreadcrumbList","@id":"https:\/\/fonsvinum.com\/de\/produkt\/gaja-alteni-di-brassica-sauvignon-2018\/#breadcrumb","itemListElement":[{"@type":"ListItem","position":1,"name":"Startseite","item":"https:\/\/fonsvinum.com\/de\/"},{"@type":"ListItem","position":2,"name":"Shop","item":"https:\/\/fonsvinum.com\/de\/shop\/"},{"@type":"ListItem","position":3,"name":"GAJA Alteni di Brassica Sauvignon 2018"}]},{"@type":"WebSite","@id":"https:\/\/fonsvinum.com\/en\/#website","url":"https:\/\/fonsvinum.com\/en\/","name":"Fons Vinum","description":"Vendita Vino Online","publisher":{"@id":"https:\/\/fonsvinum.com\/en\/#organization"},"potentialAction":[{"@type":"SearchAction","target":{"@type":"EntryPoint","urlTemplate":"https:\/\/fonsvinum.com\/en\/?s={search_term_string}"},"query-input":{"@type":"PropertyValueSpecification","valueRequired":true,"valueName":"search_term_string"}}],"inLanguage":"de"},{"@type":"Organization","@id":"https:\/\/fonsvinum.com\/en\/#organization","name":"Fons Vinum","url":"https:\/\/fonsvinum.com\/en\/","logo":{"@type":"ImageObject","inLanguage":"de","@id":"https:\/\/fonsvinum.com\/en\/#\/schema\/logo\/image\/","url":"","contentUrl":"","caption":"Fons Vinum"},"image":{"@id":"https:\/\/fonsvinum.com\/en\/#\/schema\/logo\/image\/"}}]}},"acf":[],"_links":{"self":[{"href":"https:\/\/fonsvinum.com\/de\/wp-json\/wp\/v2\/product\/33365","targetHints":{"allow":["GET"]}}],"collection":[{"href":"https:\/\/fonsvinum.com\/de\/wp-json\/wp\/v2\/product"}],"about":[{"href":"https:\/\/fonsvinum.com\/de\/wp-json\/wp\/v2\/types\/product"}],"replies":[{"embeddable":true,"href":"https:\/\/fonsvinum.com\/de\/wp-json\/wp\/v2\/comments?post=33365"}],"wp:featuredmedia":[{"embeddable":true,"href":"https:\/\/fonsvinum.com\/de\/wp-json\/wp\/v2\/media\/6110"}],"wp:attachment":[{"href":"https:\/\/fonsvinum.com\/de\/wp-json\/wp\/v2\/media?parent=33365"}],"wp:term":[{"taxonomy":"product_brand","embeddable":true,"href":"https:\/\/fonsvinum.com\/de\/wp-json\/wp\/v2\/product_brand?post=33365"},{"taxonomy":"product_cat","embeddable":true,"href":"https:\/\/fonsvinum.com\/de\/wp-json\/wp\/v2\/product_cat?post=33365"},{"taxonomy":"product_tag","embeddable":true,"href":"https:\/\/fonsvinum.com\/de\/wp-json\/wp\/v2\/product_tag?post=33365"}],"curies":[{"name":"wp","href":"https:\/\/api.w.org\/{rel}","templated":true}]}}