{"id":33096,"date":"2021-05-19T11:56:48","date_gmt":"2021-05-19T09:56:48","guid":{"rendered":"https:\/\/fonsvinum.com\/?post_type=product&#038;p=33096"},"modified":"2021-05-19T12:42:11","modified_gmt":"2021-05-19T10:42:11","slug":"cordero-di-montezemolo-bricco-gattera-barolo-2015","status":"publish","type":"product","link":"https:\/\/fonsvinum.com\/de\/produkt\/cordero-di-montezemolo-bricco-gattera-barolo-2015\/","title":{"rendered":"CORDERO DI MONTEZEMOLO Bricco Gattera Barolo 2015"},"content":{"rendered":"<h2><a href=\"https:\/\/fonsvinum.com\/de\/attributes\/producer\/cordero-di-montezemolo-de\/\">CORDERO DI MONTEZEMOLO\u00a0<\/a><\/h2>\n<p><em>Die Familie Cordero di Montezemolo hat uralte, feste Wurzeln in der Geschichte des Piemont, die aber mit der Produktion von Qualit\u00e4tswein eigentlich wenig zu tun haben.<\/em><\/p>\n<p>Die Familie war n\u00e4mlich spanischer Herkunft und kam erst um die\u00a0<strong>Mitte des 15. Jahrhunderts<\/strong>\u00a0ins Piemont: Sie zeichnete sich durch\u00a0<strong>grafische Fertigkeiten<\/strong>\u00a0aus und \u00fcbernahm bedeutende\u00a0<strong>milit\u00e4rische und diplomatische Aufgaben im Dienste des K\u00f6nigshauses Savoyen<\/strong>, bis sie zu einer der wichtigsten Adelsfamilien (<strong>Markgrafen<\/strong>) im Piemont wurde.<\/p>\n<p>Das\u00a0<strong>Weingut Monfalletto<\/strong>\u00a0geh\u00f6rte einem der verschiedenen Zweige der Familie\u00a0<strong>Falletti<\/strong>, der einflussreichsten Adelsfamilie in Alba und Umgebung. Die Geschichte der Falletti und der Cordero di Montezemolo wurden verbunden, als Maria Lydia, Tochter der Markgr\u00e4fin Luigia Falletti, 1918 Paolo Cordero di Montezemolo heiratete. Das Paar starb ungl\u00fccklicherweise fr\u00fch, hinterlie\u00df aber einen Sohn, der ebenfalls\u00a0<strong>Paolo<\/strong>\u00a0hie\u00df.<\/p>\n<p>Als sie 1941 starb, ging der ganze Besitz einschlie\u00dflich des wundersch\u00f6nen Guts Monfalletto in La Morra direkt als Erbe an den Enkel Paolo. Historische Dokumente belegen die bl\u00fchende, umfangreiche\u00a0<strong>landwirtschaftliche T\u00e4tigkeit auf dem Grundst\u00fcck<\/strong>, das sich auf einem einzigartigen H\u00fcgel in bevorzugter Lage erstreckt. Der Weinbau ist auf diesem H\u00fcgel seit \u00fcber 200 Jahren belegt.<\/p>\n<blockquote><p><em>Der gro\u00dfe Wein, den viele als \u201cKunstwerk\u201d bezeichnen, ist ein Werk der Natur, er ist der Sonne, dem Klima, der Bodenbeschaffenheit und so weiter zu verdanken \u2013 um einen hochtrabenden, paradoxen Begriff zu verwenden, ist er ein Werk des Bodens.<\/em><\/p>\n<p class=\"fonte\"><em>Paolo Cordero di Montezemolo<\/em><\/p>\n<\/blockquote>\n<h2><a href=\"https:\/\/fonsvinum.com\/de\/?s=barolo&amp;post_type=product\">BAROLO<\/a> BRICCO GATTERA<\/h2>\n<p>Er liegt zu F\u00fc\u00dfen der hundertj\u00e4hrigen Libanonzeder mit s\u00fcdlicher Ausrichtung. Alte Rebst\u00f6cke und der reichhaltige, lehmige Boden auf 300 m H\u00f6he garantieren eine ideale Reifung f\u00fcr einen feierlichen, komplexen Barolo.<\/p>\n<p><strong>Organoleptische Eigenschaften:<\/strong> Farbe intensiv granatrot, an der Nase warm und reif, typische Nuancen von Veilchen und Konfit\u00fcre, Lakritze und in Alkohol eingelegte Kirschen. Am Gaumen weich, mit bemerkenswerter Struktur und feinem, nachhaltigem Tannin.<\/p>\n","protected":false},"excerpt":{"rendered":"<p>CORDERO DI MONTEZEMOLO\u00a0 Die Familie Cordero di Montezemolo hat uralte, feste Wurzeln in der Geschichte des Piemont, die aber mit der Produktion von Qualit\u00e4tswein eigentlich wenig zu tun haben. Die Familie war n\u00e4mlich spanischer Herkunft und kam erst um die\u00a0Mitte des 15. Jahrhunderts\u00a0ins Piemont: Sie zeichnete sich durch\u00a0grafische Fertigkeiten\u00a0aus und \u00fcbernahm bedeutende\u00a0milit\u00e4rische und diplomatische Aufgaben [&hellip;]<\/p>\n","protected":false},"featured_media":33110,"comment_status":"open","ping_status":"closed","template":"","meta":{"_acf_changed":false,"_monsterinsights_skip_tracking":false,"_monsterinsights_sitenote_active":false,"_monsterinsights_sitenote_note":"","_monsterinsights_sitenote_category":0},"product_brand":[],"product_cat":[1824],"product_tag":[15903,15893],"class_list":{"0":"post-33096","1":"product","2":"type-product","3":"status-publish","4":"has-post-thumbnail","6":"product_cat-barolo-de","7":"product_tag-barolo-de","8":"product_tag-piemonte-de","9":"pa_appellation-barolo-docg-de","10":"pa_formato-0-75-l-flasche-de","11":"pa_producer-cordero-di-montezemolo-de","12":"pa_region-piemont-de","13":"pa_vine-100-nebbiolo-de","14":"pa_vintage-2015-de","16":"first","17":"outofstock","18":"taxable","19":"shipping-taxable","20":"purchasable","21":"product-type-simple"},"bundled_by":[],"bundle_stock_status":"outofstock","bundle_stock_quantity":0,"bundle_virtual":false,"bundle_layout":"","bundle_add_to_cart_form_location":"","bundle_editable_in_cart":false,"bundle_sold_individually_context":"","bundle_item_grouping":"","bundle_min_size":"","bundle_max_size":"","bundle_price":[],"bundled_items":[],"bundle_sell_ids":[],"yoast_head":"<!-- This site is optimized with the Yoast SEO plugin v27.2 - https:\/\/yoast.com\/product\/yoast-seo-wordpress\/ -->\n<title>CORDERO DI MONTEZEMOLO Bricco Gattera Barolo 2015- Fons Vinum<\/title>\n<meta name=\"description\" content=\"CORDERO DI MONTEZEMOLO Bricco Gattera Barolo 2015 -Fons Vinum- Aristokratischer Wein, der ideal zu Wild und Wildgefl\u00fcgel, Hasenpfeffer\" \/>\n<meta name=\"robots\" content=\"index, follow, max-snippet:-1, max-image-preview:large, max-video-preview:-1\" \/>\n<link rel=\"canonical\" href=\"https:\/\/fonsvinum.com\/de\/produkt\/cordero-di-montezemolo-bricco-gattera-barolo-2015\/\" \/>\n<meta property=\"og:locale\" content=\"de_DE\" \/>\n<meta property=\"og:type\" content=\"article\" \/>\n<meta property=\"og:title\" content=\"CORDERO DI MONTEZEMOLO Bricco Gattera Barolo 2015- Fons Vinum\" \/>\n<meta property=\"og:description\" content=\"CORDERO DI MONTEZEMOLO Bricco Gattera Barolo 2015 -Fons Vinum- Aristokratischer Wein, der ideal zu Wild und Wildgefl\u00fcgel, Hasenpfeffer\" \/>\n<meta property=\"og:url\" content=\"https:\/\/fonsvinum.com\/de\/produkt\/cordero-di-montezemolo-bricco-gattera-barolo-2015\/\" \/>\n<meta property=\"og:site_name\" content=\"Fons Vinum\" \/>\n<meta property=\"article:modified_time\" content=\"2021-05-19T10:42:11+00:00\" \/>\n<meta property=\"og:image\" content=\"https:\/\/fonsvinum.com\/files\/2021\/05\/barolo-gattera-cordero-di-montezemolo.jpg\" \/>\n\t<meta property=\"og:image:width\" content=\"200\" \/>\n\t<meta property=\"og:image:height\" content=\"600\" \/>\n\t<meta property=\"og:image:type\" content=\"image\/jpeg\" \/>\n<meta name=\"twitter:label1\" content=\"Gesch\u00e4tzte Lesezeit\" \/>\n\t<meta name=\"twitter:data1\" content=\"2\u00a0Minuten\" \/>\n<script type=\"application\/ld+json\" class=\"yoast-schema-graph\">{\"@context\":\"https:\/\/schema.org\",\"@graph\":[{\"@type\":\"WebPage\",\"@id\":\"https:\/\/fonsvinum.com\/de\/produkt\/cordero-di-montezemolo-bricco-gattera-barolo-2015\/\",\"url\":\"https:\/\/fonsvinum.com\/de\/produkt\/cordero-di-montezemolo-bricco-gattera-barolo-2015\/\",\"name\":\"CORDERO DI MONTEZEMOLO Bricco Gattera Barolo 2015- Fons Vinum\",\"isPartOf\":{\"@id\":\"https:\/\/fonsvinum.com\/en\/#website\"},\"primaryImageOfPage\":{\"@id\":\"https:\/\/fonsvinum.com\/de\/produkt\/cordero-di-montezemolo-bricco-gattera-barolo-2015\/#primaryimage\"},\"image\":{\"@id\":\"https:\/\/fonsvinum.com\/de\/produkt\/cordero-di-montezemolo-bricco-gattera-barolo-2015\/#primaryimage\"},\"thumbnailUrl\":\"https:\/\/fonsvinum.com\/files\/2021\/05\/barolo-gattera-cordero-di-montezemolo.jpg\",\"datePublished\":\"2021-05-19T09:56:48+00:00\",\"dateModified\":\"2021-05-19T10:42:11+00:00\",\"description\":\"CORDERO DI MONTEZEMOLO Bricco Gattera Barolo 2015 -Fons Vinum- Aristokratischer Wein, der ideal zu Wild und Wildgefl\u00fcgel, Hasenpfeffer\",\"breadcrumb\":{\"@id\":\"https:\/\/fonsvinum.com\/de\/produkt\/cordero-di-montezemolo-bricco-gattera-barolo-2015\/#breadcrumb\"},\"inLanguage\":\"de\",\"potentialAction\":[{\"@type\":\"ReadAction\",\"target\":[\"https:\/\/fonsvinum.com\/de\/produkt\/cordero-di-montezemolo-bricco-gattera-barolo-2015\/\"]}]},{\"@type\":\"ImageObject\",\"inLanguage\":\"de\",\"@id\":\"https:\/\/fonsvinum.com\/de\/produkt\/cordero-di-montezemolo-bricco-gattera-barolo-2015\/#primaryimage\",\"url\":\"https:\/\/fonsvinum.com\/files\/2021\/05\/barolo-gattera-cordero-di-montezemolo.jpg\",\"contentUrl\":\"https:\/\/fonsvinum.com\/files\/2021\/05\/barolo-gattera-cordero-di-montezemolo.jpg\",\"width\":200,\"height\":600},{\"@type\":\"BreadcrumbList\",\"@id\":\"https:\/\/fonsvinum.com\/de\/produkt\/cordero-di-montezemolo-bricco-gattera-barolo-2015\/#breadcrumb\",\"itemListElement\":[{\"@type\":\"ListItem\",\"position\":1,\"name\":\"Startseite\",\"item\":\"https:\/\/fonsvinum.com\/de\/\"},{\"@type\":\"ListItem\",\"position\":2,\"name\":\"Shop\",\"item\":\"https:\/\/fonsvinum.com\/de\/shop\/\"},{\"@type\":\"ListItem\",\"position\":3,\"name\":\"CORDERO DI MONTEZEMOLO Bricco Gattera Barolo 2015\"}]},{\"@type\":\"WebSite\",\"@id\":\"https:\/\/fonsvinum.com\/en\/#website\",\"url\":\"https:\/\/fonsvinum.com\/en\/\",\"name\":\"Fons Vinum\",\"description\":\"Vendita Vino Online\",\"publisher\":{\"@id\":\"https:\/\/fonsvinum.com\/en\/#organization\"},\"potentialAction\":[{\"@type\":\"SearchAction\",\"target\":{\"@type\":\"EntryPoint\",\"urlTemplate\":\"https:\/\/fonsvinum.com\/en\/?s={search_term_string}\"},\"query-input\":{\"@type\":\"PropertyValueSpecification\",\"valueRequired\":true,\"valueName\":\"search_term_string\"}}],\"inLanguage\":\"de\"},{\"@type\":\"Organization\",\"@id\":\"https:\/\/fonsvinum.com\/en\/#organization\",\"name\":\"Fons Vinum\",\"url\":\"https:\/\/fonsvinum.com\/en\/\",\"logo\":{\"@type\":\"ImageObject\",\"inLanguage\":\"de\",\"@id\":\"https:\/\/fonsvinum.com\/en\/#\/schema\/logo\/image\/\",\"url\":\"\",\"contentUrl\":\"\",\"caption\":\"Fons Vinum\"},\"image\":{\"@id\":\"https:\/\/fonsvinum.com\/en\/#\/schema\/logo\/image\/\"}}]}<\/script>\n<!-- \/ Yoast SEO plugin. -->","yoast_head_json":{"title":"CORDERO DI MONTEZEMOLO Bricco Gattera Barolo 2015- Fons Vinum","description":"CORDERO DI MONTEZEMOLO Bricco Gattera Barolo 2015 -Fons Vinum- Aristokratischer Wein, der ideal zu Wild und Wildgefl\u00fcgel, Hasenpfeffer","robots":{"index":"index","follow":"follow","max-snippet":"max-snippet:-1","max-image-preview":"max-image-preview:large","max-video-preview":"max-video-preview:-1"},"canonical":"https:\/\/fonsvinum.com\/de\/produkt\/cordero-di-montezemolo-bricco-gattera-barolo-2015\/","og_locale":"de_DE","og_type":"article","og_title":"CORDERO DI MONTEZEMOLO Bricco Gattera Barolo 2015- Fons Vinum","og_description":"CORDERO DI MONTEZEMOLO Bricco Gattera Barolo 2015 -Fons Vinum- Aristokratischer Wein, der ideal zu Wild und Wildgefl\u00fcgel, Hasenpfeffer","og_url":"https:\/\/fonsvinum.com\/de\/produkt\/cordero-di-montezemolo-bricco-gattera-barolo-2015\/","og_site_name":"Fons Vinum","article_modified_time":"2021-05-19T10:42:11+00:00","og_image":[{"width":200,"height":600,"url":"https:\/\/fonsvinum.com\/files\/2021\/05\/barolo-gattera-cordero-di-montezemolo.jpg","type":"image\/jpeg"}],"twitter_misc":{"Gesch\u00e4tzte Lesezeit":"2\u00a0Minuten"},"schema":{"@context":"https:\/\/schema.org","@graph":[{"@type":"WebPage","@id":"https:\/\/fonsvinum.com\/de\/produkt\/cordero-di-montezemolo-bricco-gattera-barolo-2015\/","url":"https:\/\/fonsvinum.com\/de\/produkt\/cordero-di-montezemolo-bricco-gattera-barolo-2015\/","name":"CORDERO DI MONTEZEMOLO Bricco Gattera Barolo 2015- Fons Vinum","isPartOf":{"@id":"https:\/\/fonsvinum.com\/en\/#website"},"primaryImageOfPage":{"@id":"https:\/\/fonsvinum.com\/de\/produkt\/cordero-di-montezemolo-bricco-gattera-barolo-2015\/#primaryimage"},"image":{"@id":"https:\/\/fonsvinum.com\/de\/produkt\/cordero-di-montezemolo-bricco-gattera-barolo-2015\/#primaryimage"},"thumbnailUrl":"https:\/\/fonsvinum.com\/files\/2021\/05\/barolo-gattera-cordero-di-montezemolo.jpg","datePublished":"2021-05-19T09:56:48+00:00","dateModified":"2021-05-19T10:42:11+00:00","description":"CORDERO DI MONTEZEMOLO Bricco Gattera Barolo 2015 -Fons Vinum- Aristokratischer Wein, der ideal zu Wild und Wildgefl\u00fcgel, Hasenpfeffer","breadcrumb":{"@id":"https:\/\/fonsvinum.com\/de\/produkt\/cordero-di-montezemolo-bricco-gattera-barolo-2015\/#breadcrumb"},"inLanguage":"de","potentialAction":[{"@type":"ReadAction","target":["https:\/\/fonsvinum.com\/de\/produkt\/cordero-di-montezemolo-bricco-gattera-barolo-2015\/"]}]},{"@type":"ImageObject","inLanguage":"de","@id":"https:\/\/fonsvinum.com\/de\/produkt\/cordero-di-montezemolo-bricco-gattera-barolo-2015\/#primaryimage","url":"https:\/\/fonsvinum.com\/files\/2021\/05\/barolo-gattera-cordero-di-montezemolo.jpg","contentUrl":"https:\/\/fonsvinum.com\/files\/2021\/05\/barolo-gattera-cordero-di-montezemolo.jpg","width":200,"height":600},{"@type":"BreadcrumbList","@id":"https:\/\/fonsvinum.com\/de\/produkt\/cordero-di-montezemolo-bricco-gattera-barolo-2015\/#breadcrumb","itemListElement":[{"@type":"ListItem","position":1,"name":"Startseite","item":"https:\/\/fonsvinum.com\/de\/"},{"@type":"ListItem","position":2,"name":"Shop","item":"https:\/\/fonsvinum.com\/de\/shop\/"},{"@type":"ListItem","position":3,"name":"CORDERO DI MONTEZEMOLO Bricco Gattera Barolo 2015"}]},{"@type":"WebSite","@id":"https:\/\/fonsvinum.com\/en\/#website","url":"https:\/\/fonsvinum.com\/en\/","name":"Fons Vinum","description":"Vendita Vino Online","publisher":{"@id":"https:\/\/fonsvinum.com\/en\/#organization"},"potentialAction":[{"@type":"SearchAction","target":{"@type":"EntryPoint","urlTemplate":"https:\/\/fonsvinum.com\/en\/?s={search_term_string}"},"query-input":{"@type":"PropertyValueSpecification","valueRequired":true,"valueName":"search_term_string"}}],"inLanguage":"de"},{"@type":"Organization","@id":"https:\/\/fonsvinum.com\/en\/#organization","name":"Fons Vinum","url":"https:\/\/fonsvinum.com\/en\/","logo":{"@type":"ImageObject","inLanguage":"de","@id":"https:\/\/fonsvinum.com\/en\/#\/schema\/logo\/image\/","url":"","contentUrl":"","caption":"Fons Vinum"},"image":{"@id":"https:\/\/fonsvinum.com\/en\/#\/schema\/logo\/image\/"}}]}},"acf":[],"_links":{"self":[{"href":"https:\/\/fonsvinum.com\/de\/wp-json\/wp\/v2\/product\/33096","targetHints":{"allow":["GET"]}}],"collection":[{"href":"https:\/\/fonsvinum.com\/de\/wp-json\/wp\/v2\/product"}],"about":[{"href":"https:\/\/fonsvinum.com\/de\/wp-json\/wp\/v2\/types\/product"}],"replies":[{"embeddable":true,"href":"https:\/\/fonsvinum.com\/de\/wp-json\/wp\/v2\/comments?post=33096"}],"wp:featuredmedia":[{"embeddable":true,"href":"https:\/\/fonsvinum.com\/de\/wp-json\/wp\/v2\/media\/33110"}],"wp:attachment":[{"href":"https:\/\/fonsvinum.com\/de\/wp-json\/wp\/v2\/media?parent=33096"}],"wp:term":[{"taxonomy":"product_brand","embeddable":true,"href":"https:\/\/fonsvinum.com\/de\/wp-json\/wp\/v2\/product_brand?post=33096"},{"taxonomy":"product_cat","embeddable":true,"href":"https:\/\/fonsvinum.com\/de\/wp-json\/wp\/v2\/product_cat?post=33096"},{"taxonomy":"product_tag","embeddable":true,"href":"https:\/\/fonsvinum.com\/de\/wp-json\/wp\/v2\/product_tag?post=33096"}],"curies":[{"name":"wp","href":"https:\/\/api.w.org\/{rel}","templated":true}]}}