{"id":32546,"date":"2021-04-26T15:06:03","date_gmt":"2021-04-26T13:06:03","guid":{"rendered":"https:\/\/fonsvinum.com\/?post_type=product&#038;p=32546"},"modified":"2021-04-26T15:31:48","modified_gmt":"2021-04-26T13:31:48","slug":"marchesi-frescobaldi-ris-ripe-al-convento-brunello-di-montalcino-2015","status":"publish","type":"product","link":"https:\/\/fonsvinum.com\/de\/produkt\/marchesi-frescobaldi-ris-ripe-al-convento-brunello-di-montalcino-2015\/","title":{"rendered":"MARCHESI FRESCOBALDI Ris. Ripe al Convento Brunello di Montalcino 2015"},"content":{"rendered":"<h2><a href=\"https:\/\/fonsvinum.com\/?s=MARCHESI+FRESCOBALDI&amp;post_type=product\">MARCHESI FRESCOBALDI<\/a><\/h2>\n<h2><a href=\"https:\/\/fonsvinum.com\/de\/?s=BRUNELLO+DI+MONTALCINO&amp;post_type=product\">BRUNELLO DI MONTALCINO<\/a>\u00a0RIS. RIPE AL CONVENTO<\/h2>\n<p>\u201eAuf den h\u00f6chsten H\u00fcgeln unseres Weinguts, das bereits seit dem 19. Jahrhundert Wein erzeugt, haben wir einen kleinen Weinberg mit Sangiovese ausfindig gemacht, das uns einen au\u00dfergew\u00f6hnlichen Wein beschert. Die H\u00f6henlage von 450 Metern, die Ausrichtung nach der warmen Nachmittagssonne, die B\u00f6den aus Schierferstein, und der wohltuende mediterrane Wind schenken dieser Riserva von Brunello eine unglaubliche Eleganz, Pers\u00f6nlichkeit und Langlebigkeit\u201c<\/p>\n<p>Lamberto Frescobaldi<\/p>\n<h3>-2015 Preise und Auszeichnungen-<\/h3>\n<p>James Suckling: 97 Points<br \/>\nWine Advocate: 94 Points<br \/>\nVinous: 93 Points<br \/>\nFalstaff: 96 Points<\/p>\n","protected":false},"excerpt":{"rendered":"<p>MARCHESI FRESCOBALDI BRUNELLO DI MONTALCINO\u00a0RIS. RIPE AL CONVENTO \u201eAuf den h\u00f6chsten H\u00fcgeln unseres Weinguts, das bereits seit dem 19. Jahrhundert Wein erzeugt, haben wir einen kleinen Weinberg mit Sangiovese ausfindig gemacht, das uns einen au\u00dfergew\u00f6hnlichen Wein beschert. Die H\u00f6henlage von 450 Metern, die Ausrichtung nach der warmen Nachmittagssonne, die B\u00f6den aus Schierferstein, und der wohltuende [&hellip;]<\/p>\n","protected":false},"featured_media":32558,"comment_status":"open","ping_status":"closed","template":"","meta":{"_acf_changed":false,"_monsterinsights_skip_tracking":false,"_monsterinsights_sitenote_active":false,"_monsterinsights_sitenote_note":"","_monsterinsights_sitenote_category":0},"product_brand":[],"product_cat":[1762],"product_tag":[15911,15959,3583],"class_list":{"0":"post-32546","1":"product","2":"type-product","3":"status-publish","4":"has-post-thumbnail","6":"product_cat-brunello-de","7":"product_tag-brunello-de-2","8":"product_tag-vino-rosso-de","9":"product_tag-vini-toscani-de","10":"pa_appellation-brunello-di-montalcino-docg-de","11":"pa_formato-0-75-l-flasche-de","12":"pa_producer-marchesi-de-frescobaldi-2-de","13":"pa_region-toskana-de","14":"pa_vine-100-sangiovese-de","15":"pa_vintage-2015-de","17":"first","18":"instock","19":"taxable","20":"shipping-taxable","21":"purchasable","22":"product-type-simple"},"bundled_by":[],"bundle_stock_status":"instock","bundle_stock_quantity":5,"bundle_virtual":false,"bundle_layout":"","bundle_add_to_cart_form_location":"","bundle_editable_in_cart":false,"bundle_sold_individually_context":"","bundle_item_grouping":"","bundle_min_size":"","bundle_max_size":"","bundle_price":[],"bundled_items":[],"bundle_sell_ids":[],"yoast_head":"<!-- This site is optimized with the Yoast SEO plugin v27.3 - https:\/\/yoast.com\/product\/yoast-seo-wordpress\/ -->\n<title>FRESCOBALDI Ris. Ripe al Convento Brunello di Montalcino 2015<\/title>\n<meta name=\"description\" content=\"Kaufen online MARCHESI DE FRESCOBALDI Riserva Ripe al Convento Brunello di Montalcino 2015 - at Fons Vinum\" \/>\n<meta name=\"robots\" content=\"index, follow, max-snippet:-1, max-image-preview:large, max-video-preview:-1\" \/>\n<link rel=\"canonical\" href=\"https:\/\/fonsvinum.com\/de\/produkt\/marchesi-frescobaldi-ris-ripe-al-convento-brunello-di-montalcino-2015\/\" \/>\n<meta property=\"og:locale\" content=\"de_DE\" \/>\n<meta property=\"og:type\" content=\"article\" \/>\n<meta property=\"og:title\" content=\"FRESCOBALDI Ris. Ripe al Convento Brunello di Montalcino 2015\" \/>\n<meta property=\"og:description\" content=\"Kaufen online MARCHESI DE FRESCOBALDI Riserva Ripe al Convento Brunello di Montalcino 2015 - at Fons Vinum\" \/>\n<meta property=\"og:url\" content=\"https:\/\/fonsvinum.com\/de\/produkt\/marchesi-frescobaldi-ris-ripe-al-convento-brunello-di-montalcino-2015\/\" \/>\n<meta property=\"og:site_name\" content=\"Fons Vinum\" \/>\n<meta property=\"article:modified_time\" content=\"2021-04-26T13:31:48+00:00\" \/>\n<meta property=\"og:image\" content=\"https:\/\/fonsvinum.com\/files\/2021\/04\/brunello-di-montalcino-riserva-ripe-al-convento.jpg\" \/>\n\t<meta property=\"og:image:width\" content=\"200\" \/>\n\t<meta property=\"og:image:height\" content=\"600\" \/>\n\t<meta property=\"og:image:type\" content=\"image\/jpeg\" \/>\n<meta name=\"twitter:label1\" content=\"Gesch\u00e4tzte Lesezeit\" \/>\n\t<meta name=\"twitter:data1\" content=\"1\u00a0Minute\" \/>\n<script type=\"application\/ld+json\" class=\"yoast-schema-graph\">{\"@context\":\"https:\\\/\\\/schema.org\",\"@graph\":[{\"@type\":\"WebPage\",\"@id\":\"https:\\\/\\\/fonsvinum.com\\\/de\\\/produkt\\\/marchesi-frescobaldi-ris-ripe-al-convento-brunello-di-montalcino-2015\\\/\",\"url\":\"https:\\\/\\\/fonsvinum.com\\\/de\\\/produkt\\\/marchesi-frescobaldi-ris-ripe-al-convento-brunello-di-montalcino-2015\\\/\",\"name\":\"FRESCOBALDI Ris. Ripe al Convento Brunello di Montalcino 2015\",\"isPartOf\":{\"@id\":\"https:\\\/\\\/fonsvinum.com\\\/en\\\/#website\"},\"primaryImageOfPage\":{\"@id\":\"https:\\\/\\\/fonsvinum.com\\\/de\\\/produkt\\\/marchesi-frescobaldi-ris-ripe-al-convento-brunello-di-montalcino-2015\\\/#primaryimage\"},\"image\":{\"@id\":\"https:\\\/\\\/fonsvinum.com\\\/de\\\/produkt\\\/marchesi-frescobaldi-ris-ripe-al-convento-brunello-di-montalcino-2015\\\/#primaryimage\"},\"thumbnailUrl\":\"https:\\\/\\\/fonsvinum.com\\\/files\\\/2021\\\/04\\\/brunello-di-montalcino-riserva-ripe-al-convento.jpg\",\"datePublished\":\"2021-04-26T13:06:03+00:00\",\"dateModified\":\"2021-04-26T13:31:48+00:00\",\"description\":\"Kaufen online MARCHESI DE FRESCOBALDI Riserva Ripe al Convento Brunello di Montalcino 2015 - at Fons Vinum\",\"breadcrumb\":{\"@id\":\"https:\\\/\\\/fonsvinum.com\\\/de\\\/produkt\\\/marchesi-frescobaldi-ris-ripe-al-convento-brunello-di-montalcino-2015\\\/#breadcrumb\"},\"inLanguage\":\"de\",\"potentialAction\":[{\"@type\":\"ReadAction\",\"target\":[\"https:\\\/\\\/fonsvinum.com\\\/de\\\/produkt\\\/marchesi-frescobaldi-ris-ripe-al-convento-brunello-di-montalcino-2015\\\/\"]}]},{\"@type\":\"ImageObject\",\"inLanguage\":\"de\",\"@id\":\"https:\\\/\\\/fonsvinum.com\\\/de\\\/produkt\\\/marchesi-frescobaldi-ris-ripe-al-convento-brunello-di-montalcino-2015\\\/#primaryimage\",\"url\":\"https:\\\/\\\/fonsvinum.com\\\/files\\\/2021\\\/04\\\/brunello-di-montalcino-riserva-ripe-al-convento.jpg\",\"contentUrl\":\"https:\\\/\\\/fonsvinum.com\\\/files\\\/2021\\\/04\\\/brunello-di-montalcino-riserva-ripe-al-convento.jpg\",\"width\":200,\"height\":600,\"caption\":\"MARCHESI FRESCOBALDI Brunello di Montalcino Riserva Ripe al Convento 2018\"},{\"@type\":\"BreadcrumbList\",\"@id\":\"https:\\\/\\\/fonsvinum.com\\\/de\\\/produkt\\\/marchesi-frescobaldi-ris-ripe-al-convento-brunello-di-montalcino-2015\\\/#breadcrumb\",\"itemListElement\":[{\"@type\":\"ListItem\",\"position\":1,\"name\":\"Startseite\",\"item\":\"https:\\\/\\\/fonsvinum.com\\\/de\\\/\"},{\"@type\":\"ListItem\",\"position\":2,\"name\":\"Shop\",\"item\":\"https:\\\/\\\/fonsvinum.com\\\/de\\\/shop\\\/\"},{\"@type\":\"ListItem\",\"position\":3,\"name\":\"MARCHESI FRESCOBALDI Ris. Ripe al Convento Brunello di Montalcino 2015\"}]},{\"@type\":\"WebSite\",\"@id\":\"https:\\\/\\\/fonsvinum.com\\\/en\\\/#website\",\"url\":\"https:\\\/\\\/fonsvinum.com\\\/en\\\/\",\"name\":\"Fons Vinum\",\"description\":\"Vendita Vino Online\",\"publisher\":{\"@id\":\"https:\\\/\\\/fonsvinum.com\\\/en\\\/#organization\"},\"potentialAction\":[{\"@type\":\"SearchAction\",\"target\":{\"@type\":\"EntryPoint\",\"urlTemplate\":\"https:\\\/\\\/fonsvinum.com\\\/en\\\/?s={search_term_string}\"},\"query-input\":{\"@type\":\"PropertyValueSpecification\",\"valueRequired\":true,\"valueName\":\"search_term_string\"}}],\"inLanguage\":\"de\"},{\"@type\":\"Organization\",\"@id\":\"https:\\\/\\\/fonsvinum.com\\\/en\\\/#organization\",\"name\":\"Fons Vinum\",\"url\":\"https:\\\/\\\/fonsvinum.com\\\/en\\\/\",\"logo\":{\"@type\":\"ImageObject\",\"inLanguage\":\"de\",\"@id\":\"https:\\\/\\\/fonsvinum.com\\\/en\\\/#\\\/schema\\\/logo\\\/image\\\/\",\"url\":\"\",\"contentUrl\":\"\",\"caption\":\"Fons Vinum\"},\"image\":{\"@id\":\"https:\\\/\\\/fonsvinum.com\\\/en\\\/#\\\/schema\\\/logo\\\/image\\\/\"}}]}<\/script>\n<!-- \/ Yoast SEO plugin. -->","yoast_head_json":{"title":"FRESCOBALDI Ris. Ripe al Convento Brunello di Montalcino 2015","description":"Kaufen online MARCHESI DE FRESCOBALDI Riserva Ripe al Convento Brunello di Montalcino 2015 - at Fons Vinum","robots":{"index":"index","follow":"follow","max-snippet":"max-snippet:-1","max-image-preview":"max-image-preview:large","max-video-preview":"max-video-preview:-1"},"canonical":"https:\/\/fonsvinum.com\/de\/produkt\/marchesi-frescobaldi-ris-ripe-al-convento-brunello-di-montalcino-2015\/","og_locale":"de_DE","og_type":"article","og_title":"FRESCOBALDI Ris. Ripe al Convento Brunello di Montalcino 2015","og_description":"Kaufen online MARCHESI DE FRESCOBALDI Riserva Ripe al Convento Brunello di Montalcino 2015 - at Fons Vinum","og_url":"https:\/\/fonsvinum.com\/de\/produkt\/marchesi-frescobaldi-ris-ripe-al-convento-brunello-di-montalcino-2015\/","og_site_name":"Fons Vinum","article_modified_time":"2021-04-26T13:31:48+00:00","og_image":[{"width":200,"height":600,"url":"https:\/\/fonsvinum.com\/files\/2021\/04\/brunello-di-montalcino-riserva-ripe-al-convento.jpg","type":"image\/jpeg"}],"twitter_misc":{"Gesch\u00e4tzte Lesezeit":"1\u00a0Minute"},"schema":{"@context":"https:\/\/schema.org","@graph":[{"@type":"WebPage","@id":"https:\/\/fonsvinum.com\/de\/produkt\/marchesi-frescobaldi-ris-ripe-al-convento-brunello-di-montalcino-2015\/","url":"https:\/\/fonsvinum.com\/de\/produkt\/marchesi-frescobaldi-ris-ripe-al-convento-brunello-di-montalcino-2015\/","name":"FRESCOBALDI Ris. Ripe al Convento Brunello di Montalcino 2015","isPartOf":{"@id":"https:\/\/fonsvinum.com\/en\/#website"},"primaryImageOfPage":{"@id":"https:\/\/fonsvinum.com\/de\/produkt\/marchesi-frescobaldi-ris-ripe-al-convento-brunello-di-montalcino-2015\/#primaryimage"},"image":{"@id":"https:\/\/fonsvinum.com\/de\/produkt\/marchesi-frescobaldi-ris-ripe-al-convento-brunello-di-montalcino-2015\/#primaryimage"},"thumbnailUrl":"https:\/\/fonsvinum.com\/files\/2021\/04\/brunello-di-montalcino-riserva-ripe-al-convento.jpg","datePublished":"2021-04-26T13:06:03+00:00","dateModified":"2021-04-26T13:31:48+00:00","description":"Kaufen online MARCHESI DE FRESCOBALDI Riserva Ripe al Convento Brunello di Montalcino 2015 - at Fons Vinum","breadcrumb":{"@id":"https:\/\/fonsvinum.com\/de\/produkt\/marchesi-frescobaldi-ris-ripe-al-convento-brunello-di-montalcino-2015\/#breadcrumb"},"inLanguage":"de","potentialAction":[{"@type":"ReadAction","target":["https:\/\/fonsvinum.com\/de\/produkt\/marchesi-frescobaldi-ris-ripe-al-convento-brunello-di-montalcino-2015\/"]}]},{"@type":"ImageObject","inLanguage":"de","@id":"https:\/\/fonsvinum.com\/de\/produkt\/marchesi-frescobaldi-ris-ripe-al-convento-brunello-di-montalcino-2015\/#primaryimage","url":"https:\/\/fonsvinum.com\/files\/2021\/04\/brunello-di-montalcino-riserva-ripe-al-convento.jpg","contentUrl":"https:\/\/fonsvinum.com\/files\/2021\/04\/brunello-di-montalcino-riserva-ripe-al-convento.jpg","width":200,"height":600,"caption":"MARCHESI FRESCOBALDI Brunello di Montalcino Riserva Ripe al Convento 2018"},{"@type":"BreadcrumbList","@id":"https:\/\/fonsvinum.com\/de\/produkt\/marchesi-frescobaldi-ris-ripe-al-convento-brunello-di-montalcino-2015\/#breadcrumb","itemListElement":[{"@type":"ListItem","position":1,"name":"Startseite","item":"https:\/\/fonsvinum.com\/de\/"},{"@type":"ListItem","position":2,"name":"Shop","item":"https:\/\/fonsvinum.com\/de\/shop\/"},{"@type":"ListItem","position":3,"name":"MARCHESI FRESCOBALDI Ris. Ripe al Convento Brunello di Montalcino 2015"}]},{"@type":"WebSite","@id":"https:\/\/fonsvinum.com\/en\/#website","url":"https:\/\/fonsvinum.com\/en\/","name":"Fons Vinum","description":"Vendita Vino Online","publisher":{"@id":"https:\/\/fonsvinum.com\/en\/#organization"},"potentialAction":[{"@type":"SearchAction","target":{"@type":"EntryPoint","urlTemplate":"https:\/\/fonsvinum.com\/en\/?s={search_term_string}"},"query-input":{"@type":"PropertyValueSpecification","valueRequired":true,"valueName":"search_term_string"}}],"inLanguage":"de"},{"@type":"Organization","@id":"https:\/\/fonsvinum.com\/en\/#organization","name":"Fons Vinum","url":"https:\/\/fonsvinum.com\/en\/","logo":{"@type":"ImageObject","inLanguage":"de","@id":"https:\/\/fonsvinum.com\/en\/#\/schema\/logo\/image\/","url":"","contentUrl":"","caption":"Fons Vinum"},"image":{"@id":"https:\/\/fonsvinum.com\/en\/#\/schema\/logo\/image\/"}}]}},"acf":[],"_links":{"self":[{"href":"https:\/\/fonsvinum.com\/de\/wp-json\/wp\/v2\/product\/32546","targetHints":{"allow":["GET"]}}],"collection":[{"href":"https:\/\/fonsvinum.com\/de\/wp-json\/wp\/v2\/product"}],"about":[{"href":"https:\/\/fonsvinum.com\/de\/wp-json\/wp\/v2\/types\/product"}],"replies":[{"embeddable":true,"href":"https:\/\/fonsvinum.com\/de\/wp-json\/wp\/v2\/comments?post=32546"}],"wp:featuredmedia":[{"embeddable":true,"href":"https:\/\/fonsvinum.com\/de\/wp-json\/wp\/v2\/media\/32558"}],"wp:attachment":[{"href":"https:\/\/fonsvinum.com\/de\/wp-json\/wp\/v2\/media?parent=32546"}],"wp:term":[{"taxonomy":"product_brand","embeddable":true,"href":"https:\/\/fonsvinum.com\/de\/wp-json\/wp\/v2\/product_brand?post=32546"},{"taxonomy":"product_cat","embeddable":true,"href":"https:\/\/fonsvinum.com\/de\/wp-json\/wp\/v2\/product_cat?post=32546"},{"taxonomy":"product_tag","embeddable":true,"href":"https:\/\/fonsvinum.com\/de\/wp-json\/wp\/v2\/product_tag?post=32546"}],"curies":[{"name":"wp","href":"https:\/\/api.w.org\/{rel}","templated":true}]}}