{"id":32462,"date":"2021-04-22T16:24:08","date_gmt":"2021-04-22T14:24:08","guid":{"rendered":"https:\/\/fonsvinum.com\/?post_type=product&#038;p=32462"},"modified":"2021-04-22T16:56:35","modified_gmt":"2021-04-22T14:56:35","slug":"luce-della-vite-luce-2018","status":"publish","type":"product","link":"https:\/\/fonsvinum.com\/de\/produkt\/luce-della-vite-luce-2018\/","title":{"rendered":"LUCE DELLA VITE Luce 2018"},"content":{"rendered":"<h2><a href=\"https:\/\/fonsvinum.com\/de\/?filter_producer=luce-della-vite-de&amp;s=LUCE+DELLA+VITE&amp;post_type=product\">LUCE DELLA VITE<\/a><\/h2>\n<div class=\"main-details\">\n<div class=\"row\">\n<div class=\"col-12 order-md-1 col-md-7\">\n<h3 class=\"mt-5 mb-5\">Unsere Geschichte. Die Anf\u00e4nge.<\/h3>\n<p>Als Vittorio Frescobaldi Anfang der 90er Jahre Robert Mondavi trifft, nimmt ein neues Kapitel in der Geschichte der gro\u00dfartigen toskanischen Weine und in der Geschichte der Qualit\u00e4tsweine seinen Anfang.<\/p>\n<p>Aus der Begegnung der beiden Partner entstand Luce.<\/p>\n<p>Von Anfang an war es fester Wille, eine Vision zu verwirklichen \u2013 die Herstellung toskanischer Spitzenweine in einem besonders geeigneten Terroir, jenem, das die Ortschaft Montalcino umgibt.<\/p>\n<p>Ein ehrgeiziges Projekt mit dem Namen Luce della Vite: Eine Hommage an das Grundelement Licht, das uns W\u00e4rme, Energie und Leben schenkt. Nichts k\u00f6nnte in der Natur ohne Licht gedeihen.<\/p>\n<p>Die Tenuta Luce hielt diese Vision \u00fcber all die Jahre aufrecht \u2013 und wurde allm\u00e4hlich Wiege exklusiver Weine, die weit \u00fcber die Grenzen ihrer Region hinaus und zumal auf internationaler Ebene als Spitzenweine der Toskana gesch\u00e4tzt werden.<\/p>\n<\/div>\n<\/div>\n<\/div>\n<div class=\"mood\">\n<div class=\"paragraph\">\n<div class=\"row\">\n<div class=\"col-12 col-md-7\">\n<h3>Sonne, W\u00e4rme, Leben. Davon erz\u00e4hlt uns Luce.<\/h3>\n<p>Als Folge des nat\u00fcrlichen Generationenwechsels nahm Lamberto Frescobaldi, Sohn von Vittorio, die Geschicke des Gutes in die Hand.<\/p>\n<p>Unter seiner Leitung festigten sich in der Tenuta Luce della Vite die Kenntnisse und das Fachwissen weiter und weiter: Noch intensiver wird auf die Rhythmen der Natur eingegangen; im Fokus steht die leidenschaftliche Hingabe, den vielschichtigen Prozess der Vinifizierung mehr und mehr zu verfeinern. So entstehen wahre toskanische Spitzenweine.<\/p>\n<h2><a href=\"https:\/\/fonsvinum.com\/de\/?s=LUCE&amp;post_type=product\">LUCE<\/a><\/h2>\n<p>Luce ist der erste Wein, der auf Montalcino aus einem Verschnitt von Sangiovese und Merlot produziert wird.<\/p>\n<p>Dank der Zusammenarbeit der beiden Familien Marchesi de\u2019 Frescobaldi und Robert Mondavi entstand die Idee, die Rundheit und Weichheit des Merlot mit der Struktur und Eleganz des Sangiovese zu kombinieren.<\/p>\n<p>2005 ging die Verantwortung komplett auf Lamberto Frescobaldi \u00fcber, der die Geschichte des Luce mit gro\u00dfer Leidenschaft fortschreibt, ein Wein, der auf der ganzen Welt als Supertoskaner gesch\u00e4tzt ist. Zudem k\u00fcmmert er sich bei jedem Jahrgang um die Produktionsrichtlinien vom Weinstock bis zur Herstellung der Cuve\u00e9.<\/p>\n<\/div>\n<\/div>\n<\/div>\n<\/div>\n","protected":false},"excerpt":{"rendered":"<p>LUCE DELLA VITE Unsere Geschichte. Die Anf\u00e4nge. Als Vittorio Frescobaldi Anfang der 90er Jahre Robert Mondavi trifft, nimmt ein neues Kapitel in der Geschichte der gro\u00dfartigen toskanischen Weine und in der Geschichte der Qualit\u00e4tsweine seinen Anfang. Aus der Begegnung der beiden Partner entstand Luce. Von Anfang an war es fester Wille, eine Vision zu verwirklichen [&hellip;]<\/p>\n","protected":false},"featured_media":6508,"comment_status":"open","ping_status":"closed","template":"","meta":{"_acf_changed":false,"_monsterinsights_skip_tracking":false,"_monsterinsights_sitenote_active":false,"_monsterinsights_sitenote_note":"","_monsterinsights_sitenote_category":0},"product_brand":[],"product_cat":[1693],"product_tag":[15959,3583],"class_list":{"0":"post-32462","1":"product","2":"type-product","3":"status-publish","4":"has-post-thumbnail","6":"product_cat-blend-2-de","7":"product_tag-vino-rosso-de","8":"product_tag-vini-toscani-de","9":"pa_appellation-toscana-rosso-igt-de","10":"pa_formato-0-75-l-flasche-de","11":"pa_producer-luce-della-vite-de","12":"pa_region-toskana-de","13":"pa_vine-merlot-sangiovese-de","14":"pa_vintage-2018-de","16":"first","17":"instock","18":"taxable","19":"shipping-taxable","20":"purchasable","21":"product-type-simple"},"bundled_by":[],"bundle_stock_status":"instock","bundle_stock_quantity":2,"bundle_virtual":false,"bundle_layout":"","bundle_add_to_cart_form_location":"","bundle_editable_in_cart":false,"bundle_sold_individually_context":"","bundle_item_grouping":"","bundle_min_size":"","bundle_max_size":"","bundle_price":[],"bundled_items":[],"bundle_sell_ids":[],"yoast_head":"<!-- This site is optimized with the Yoast SEO plugin v27.3 - https:\/\/yoast.com\/product\/yoast-seo-wordpress\/ -->\n<title>LUCE DELLA VITE Luce 2018<\/title>\n<meta name=\"description\" content=\"LUCE DELLA VITE Luce 2018-Luce ist der erste Wein, der aus Trauben der Rebsorten Sangiovese und Merlot aus der Gegend bei Montalcino hergestellt wird\" \/>\n<meta name=\"robots\" content=\"index, follow, max-snippet:-1, max-image-preview:large, max-video-preview:-1\" \/>\n<link rel=\"canonical\" href=\"https:\/\/fonsvinum.com\/de\/produkt\/luce-della-vite-luce-2018\/\" \/>\n<meta property=\"og:locale\" content=\"de_DE\" \/>\n<meta property=\"og:type\" content=\"article\" \/>\n<meta property=\"og:title\" content=\"LUCE DELLA VITE Luce 2018\" \/>\n<meta property=\"og:description\" content=\"LUCE DELLA VITE Luce 2018-Luce ist der erste Wein, der aus Trauben der Rebsorten Sangiovese und Merlot aus der Gegend bei Montalcino hergestellt wird\" \/>\n<meta property=\"og:url\" content=\"https:\/\/fonsvinum.com\/de\/produkt\/luce-della-vite-luce-2018\/\" \/>\n<meta property=\"og:site_name\" content=\"Fons Vinum\" \/>\n<meta property=\"article:modified_time\" content=\"2021-04-22T14:56:35+00:00\" \/>\n<meta property=\"og:image\" content=\"https:\/\/fonsvinum.com\/files\/2014\/07\/toscana-luce.png\" \/>\n\t<meta property=\"og:image:width\" content=\"200\" \/>\n\t<meta property=\"og:image:height\" content=\"600\" \/>\n\t<meta property=\"og:image:type\" content=\"image\/png\" \/>\n<meta name=\"twitter:label1\" content=\"Gesch\u00e4tzte Lesezeit\" \/>\n\t<meta name=\"twitter:data1\" content=\"2\u00a0Minuten\" \/>\n<script type=\"application\/ld+json\" class=\"yoast-schema-graph\">{\"@context\":\"https:\\\/\\\/schema.org\",\"@graph\":[{\"@type\":\"WebPage\",\"@id\":\"https:\\\/\\\/fonsvinum.com\\\/de\\\/produkt\\\/luce-della-vite-luce-2018\\\/\",\"url\":\"https:\\\/\\\/fonsvinum.com\\\/de\\\/produkt\\\/luce-della-vite-luce-2018\\\/\",\"name\":\"LUCE DELLA VITE Luce 2018\",\"isPartOf\":{\"@id\":\"https:\\\/\\\/fonsvinum.com\\\/en\\\/#website\"},\"primaryImageOfPage\":{\"@id\":\"https:\\\/\\\/fonsvinum.com\\\/de\\\/produkt\\\/luce-della-vite-luce-2018\\\/#primaryimage\"},\"image\":{\"@id\":\"https:\\\/\\\/fonsvinum.com\\\/de\\\/produkt\\\/luce-della-vite-luce-2018\\\/#primaryimage\"},\"thumbnailUrl\":\"https:\\\/\\\/fonsvinum.com\\\/files\\\/2014\\\/07\\\/toscana-luce.png\",\"datePublished\":\"2021-04-22T14:24:08+00:00\",\"dateModified\":\"2021-04-22T14:56:35+00:00\",\"description\":\"LUCE DELLA VITE Luce 2018-Luce ist der erste Wein, der aus Trauben der Rebsorten Sangiovese und Merlot aus der Gegend bei Montalcino hergestellt wird\",\"breadcrumb\":{\"@id\":\"https:\\\/\\\/fonsvinum.com\\\/de\\\/produkt\\\/luce-della-vite-luce-2018\\\/#breadcrumb\"},\"inLanguage\":\"de\",\"potentialAction\":[{\"@type\":\"ReadAction\",\"target\":[\"https:\\\/\\\/fonsvinum.com\\\/de\\\/produkt\\\/luce-della-vite-luce-2018\\\/\"]}]},{\"@type\":\"ImageObject\",\"inLanguage\":\"de\",\"@id\":\"https:\\\/\\\/fonsvinum.com\\\/de\\\/produkt\\\/luce-della-vite-luce-2018\\\/#primaryimage\",\"url\":\"https:\\\/\\\/fonsvinum.com\\\/files\\\/2014\\\/07\\\/toscana-luce.png\",\"contentUrl\":\"https:\\\/\\\/fonsvinum.com\\\/files\\\/2014\\\/07\\\/toscana-luce.png\",\"width\":200,\"height\":600,\"caption\":\"Toscana IGT 2011 Luce\"},{\"@type\":\"BreadcrumbList\",\"@id\":\"https:\\\/\\\/fonsvinum.com\\\/de\\\/produkt\\\/luce-della-vite-luce-2018\\\/#breadcrumb\",\"itemListElement\":[{\"@type\":\"ListItem\",\"position\":1,\"name\":\"Startseite\",\"item\":\"https:\\\/\\\/fonsvinum.com\\\/de\\\/\"},{\"@type\":\"ListItem\",\"position\":2,\"name\":\"Shop\",\"item\":\"https:\\\/\\\/fonsvinum.com\\\/de\\\/shop\\\/\"},{\"@type\":\"ListItem\",\"position\":3,\"name\":\"LUCE DELLA VITE Luce 2018\"}]},{\"@type\":\"WebSite\",\"@id\":\"https:\\\/\\\/fonsvinum.com\\\/en\\\/#website\",\"url\":\"https:\\\/\\\/fonsvinum.com\\\/en\\\/\",\"name\":\"Fons Vinum\",\"description\":\"Vendita Vino Online\",\"publisher\":{\"@id\":\"https:\\\/\\\/fonsvinum.com\\\/en\\\/#organization\"},\"potentialAction\":[{\"@type\":\"SearchAction\",\"target\":{\"@type\":\"EntryPoint\",\"urlTemplate\":\"https:\\\/\\\/fonsvinum.com\\\/en\\\/?s={search_term_string}\"},\"query-input\":{\"@type\":\"PropertyValueSpecification\",\"valueRequired\":true,\"valueName\":\"search_term_string\"}}],\"inLanguage\":\"de\"},{\"@type\":\"Organization\",\"@id\":\"https:\\\/\\\/fonsvinum.com\\\/en\\\/#organization\",\"name\":\"Fons Vinum\",\"url\":\"https:\\\/\\\/fonsvinum.com\\\/en\\\/\",\"logo\":{\"@type\":\"ImageObject\",\"inLanguage\":\"de\",\"@id\":\"https:\\\/\\\/fonsvinum.com\\\/en\\\/#\\\/schema\\\/logo\\\/image\\\/\",\"url\":\"\",\"contentUrl\":\"\",\"caption\":\"Fons Vinum\"},\"image\":{\"@id\":\"https:\\\/\\\/fonsvinum.com\\\/en\\\/#\\\/schema\\\/logo\\\/image\\\/\"}}]}<\/script>\n<!-- \/ Yoast SEO plugin. -->","yoast_head_json":{"title":"LUCE DELLA VITE Luce 2018","description":"LUCE DELLA VITE Luce 2018-Luce ist der erste Wein, der aus Trauben der Rebsorten Sangiovese und Merlot aus der Gegend bei Montalcino hergestellt wird","robots":{"index":"index","follow":"follow","max-snippet":"max-snippet:-1","max-image-preview":"max-image-preview:large","max-video-preview":"max-video-preview:-1"},"canonical":"https:\/\/fonsvinum.com\/de\/produkt\/luce-della-vite-luce-2018\/","og_locale":"de_DE","og_type":"article","og_title":"LUCE DELLA VITE Luce 2018","og_description":"LUCE DELLA VITE Luce 2018-Luce ist der erste Wein, der aus Trauben der Rebsorten Sangiovese und Merlot aus der Gegend bei Montalcino hergestellt wird","og_url":"https:\/\/fonsvinum.com\/de\/produkt\/luce-della-vite-luce-2018\/","og_site_name":"Fons Vinum","article_modified_time":"2021-04-22T14:56:35+00:00","og_image":[{"width":200,"height":600,"url":"https:\/\/fonsvinum.com\/files\/2014\/07\/toscana-luce.png","type":"image\/png"}],"twitter_misc":{"Gesch\u00e4tzte Lesezeit":"2\u00a0Minuten"},"schema":{"@context":"https:\/\/schema.org","@graph":[{"@type":"WebPage","@id":"https:\/\/fonsvinum.com\/de\/produkt\/luce-della-vite-luce-2018\/","url":"https:\/\/fonsvinum.com\/de\/produkt\/luce-della-vite-luce-2018\/","name":"LUCE DELLA VITE Luce 2018","isPartOf":{"@id":"https:\/\/fonsvinum.com\/en\/#website"},"primaryImageOfPage":{"@id":"https:\/\/fonsvinum.com\/de\/produkt\/luce-della-vite-luce-2018\/#primaryimage"},"image":{"@id":"https:\/\/fonsvinum.com\/de\/produkt\/luce-della-vite-luce-2018\/#primaryimage"},"thumbnailUrl":"https:\/\/fonsvinum.com\/files\/2014\/07\/toscana-luce.png","datePublished":"2021-04-22T14:24:08+00:00","dateModified":"2021-04-22T14:56:35+00:00","description":"LUCE DELLA VITE Luce 2018-Luce ist der erste Wein, der aus Trauben der Rebsorten Sangiovese und Merlot aus der Gegend bei Montalcino hergestellt wird","breadcrumb":{"@id":"https:\/\/fonsvinum.com\/de\/produkt\/luce-della-vite-luce-2018\/#breadcrumb"},"inLanguage":"de","potentialAction":[{"@type":"ReadAction","target":["https:\/\/fonsvinum.com\/de\/produkt\/luce-della-vite-luce-2018\/"]}]},{"@type":"ImageObject","inLanguage":"de","@id":"https:\/\/fonsvinum.com\/de\/produkt\/luce-della-vite-luce-2018\/#primaryimage","url":"https:\/\/fonsvinum.com\/files\/2014\/07\/toscana-luce.png","contentUrl":"https:\/\/fonsvinum.com\/files\/2014\/07\/toscana-luce.png","width":200,"height":600,"caption":"Toscana IGT 2011 Luce"},{"@type":"BreadcrumbList","@id":"https:\/\/fonsvinum.com\/de\/produkt\/luce-della-vite-luce-2018\/#breadcrumb","itemListElement":[{"@type":"ListItem","position":1,"name":"Startseite","item":"https:\/\/fonsvinum.com\/de\/"},{"@type":"ListItem","position":2,"name":"Shop","item":"https:\/\/fonsvinum.com\/de\/shop\/"},{"@type":"ListItem","position":3,"name":"LUCE DELLA VITE Luce 2018"}]},{"@type":"WebSite","@id":"https:\/\/fonsvinum.com\/en\/#website","url":"https:\/\/fonsvinum.com\/en\/","name":"Fons Vinum","description":"Vendita Vino Online","publisher":{"@id":"https:\/\/fonsvinum.com\/en\/#organization"},"potentialAction":[{"@type":"SearchAction","target":{"@type":"EntryPoint","urlTemplate":"https:\/\/fonsvinum.com\/en\/?s={search_term_string}"},"query-input":{"@type":"PropertyValueSpecification","valueRequired":true,"valueName":"search_term_string"}}],"inLanguage":"de"},{"@type":"Organization","@id":"https:\/\/fonsvinum.com\/en\/#organization","name":"Fons Vinum","url":"https:\/\/fonsvinum.com\/en\/","logo":{"@type":"ImageObject","inLanguage":"de","@id":"https:\/\/fonsvinum.com\/en\/#\/schema\/logo\/image\/","url":"","contentUrl":"","caption":"Fons Vinum"},"image":{"@id":"https:\/\/fonsvinum.com\/en\/#\/schema\/logo\/image\/"}}]}},"acf":[],"_links":{"self":[{"href":"https:\/\/fonsvinum.com\/de\/wp-json\/wp\/v2\/product\/32462","targetHints":{"allow":["GET"]}}],"collection":[{"href":"https:\/\/fonsvinum.com\/de\/wp-json\/wp\/v2\/product"}],"about":[{"href":"https:\/\/fonsvinum.com\/de\/wp-json\/wp\/v2\/types\/product"}],"replies":[{"embeddable":true,"href":"https:\/\/fonsvinum.com\/de\/wp-json\/wp\/v2\/comments?post=32462"}],"wp:featuredmedia":[{"embeddable":true,"href":"https:\/\/fonsvinum.com\/de\/wp-json\/wp\/v2\/media\/6508"}],"wp:attachment":[{"href":"https:\/\/fonsvinum.com\/de\/wp-json\/wp\/v2\/media?parent=32462"}],"wp:term":[{"taxonomy":"product_brand","embeddable":true,"href":"https:\/\/fonsvinum.com\/de\/wp-json\/wp\/v2\/product_brand?post=32462"},{"taxonomy":"product_cat","embeddable":true,"href":"https:\/\/fonsvinum.com\/de\/wp-json\/wp\/v2\/product_cat?post=32462"},{"taxonomy":"product_tag","embeddable":true,"href":"https:\/\/fonsvinum.com\/de\/wp-json\/wp\/v2\/product_tag?post=32462"}],"curies":[{"name":"wp","href":"https:\/\/api.w.org\/{rel}","templated":true}]}}