{"id":32434,"date":"2021-04-22T10:09:18","date_gmt":"2021-04-22T08:09:18","guid":{"rendered":"https:\/\/fonsvinum.com\/?post_type=product&#038;p=32434"},"modified":"2021-04-22T11:37:04","modified_gmt":"2021-04-22T09:37:04","slug":"tenuta-dellornellaia-le-volte-2019","status":"publish","type":"product","link":"https:\/\/fonsvinum.com\/de\/produkt\/tenuta-dellornellaia-le-volte-2019\/","title":{"rendered":"TENUTA DELL&#8217;ORNELLAIA Le Volte 2019"},"content":{"rendered":"<div data-wrapper=\"true\">\n<div class=\"uk-accordion-content\">\n<div class=\"post-content-container uk-hidden-small\">\n<div class=\"uk-accordion\">\n<div data-wrapper=\"true\">\n<div class=\"uk-accordion-content\">\n<div data-wrapper=\"true\">\n<div class=\"uk-accordion-content\">\n<h2><a href=\"https:\/\/fonsvinum.com\/de\/?filter_producer=tenute-dellornellaia-de&amp;s=TENUTA+DELL%27ORNELLAIA&amp;post_type=product\">TENUTA DELL&#8217;ORNELLAIA<\/a><\/h2>\n<h3>-DIE FAMILIE FRESCOBALDI-<\/h3>\n<p>Seit 700 Jahren verbindet die Familie Frescobaldi Tradition, Erfahrung und Innovation mit Kreativit\u00e4t und Streben nach Exzellenz. Es war stets das Bestreben der Familie, die Vielfalt des toskanischen Terroirs zu entwickeln und zu feiern. Als stolze Besitzer einiger der besten Weing\u00fcter der Region waren die Familienmitglieder stets darum bem\u00fcht, die Identit\u00e4t und die Selbstst\u00e4ndigkeit jedes einzelnen Besitzes zu bewahren.<\/p>\n<p>Weltweit gilt ORNELLAIA als eine Weingut-Ikone; im Besitz der Familie Frescobaldi hat es sich zu einer Erfolgsgeschichte entwickelt. Dies ist nur eines der Familienweing\u00fcter, zu denen auch ATTEMS (Friaul), MASSETO, DANZANTE, LUCE DELLA VITE und die sechs FRESCOBALDI-Weing\u00fctern Nipozzano, CastelGiocondo, Pomino, Ammiraglia, Castiglioni und Remole z\u00e4hlen.<\/p>\n<h2><a href=\"https:\/\/fonsvinum.com\/de\/?s=LE+VOLTE&amp;post_type=product\">LE VOLTE<\/a><\/h2>\n<div class=\"scheda-container\">\n<div class=\"scheda-container-descr-cnt\">\n<div class=\"scheda-container\">\n<div class=\"scheda-container-descr-cnt\">\n<p>Le Volte dell\u2019Ornellaia vereint den mediterranen Ausdruck von Gro\u00dfz\u00fcgigkeit mit Struktur und Komplexit\u00e4t, die Ornellaias Philosophie widerspiegeln. Le Volte dell\u2019Ornellaia ist ein feiner Tropfen f\u00fcr spontanen, ungezwungenen Weingenuss.<\/p>\n<\/div>\n<\/div>\n<\/div>\n<\/div>\n<div class=\"post-content-container uk-hidden-small\">\n<div class=\"uk-accordion\">\n<h3 class=\"uk-accordion-title uk-active\">VERKOSTUNGSNOTIZEN DES WINZERS &#8211; 2019<\/h3>\n<div data-wrapper=\"true\">\n<div class=\"uk-accordion-content\">\n<p>\u201eDer Jahrgang 2019 des Le Volte dell\u2018Ornellaia zeichnet sich durch eine gro\u00dfartige Ausgewogenheit und Expressivit\u00e4t aus. Er leuchtet rubinrot im Glas und pr\u00e4sentiert klar definierte, intensive Nuancen von roten Beeren und Rosenbl\u00e4ttern in der Nase. Am Gaumen ist er k\u00f6rperreich und einh\u00fcllend, mit dichten Tanninen und einer lebendigen S\u00e4ure. Ein sehr angenehmer und genussreicher Wein.\u201c<\/p>\n<p>Olga Fusari \u2013 Weinmacher \u2013 Dezember 2020<\/p>\n<\/div>\n<\/div>\n<div data-wrapper=\"true\">\n<div class=\"uk-accordion-content\"><\/div>\n<\/div>\n<\/div>\n<\/div>\n<\/div>\n<\/div>\n<\/div>\n<\/div>\n<\/div>\n<\/div>\n<\/div>\n<\/div>\n","protected":false},"excerpt":{"rendered":"<p>TENUTA DELL&#8217;ORNELLAIA -DIE FAMILIE FRESCOBALDI- Seit 700 Jahren verbindet die Familie Frescobaldi Tradition, Erfahrung und Innovation mit Kreativit\u00e4t und Streben nach Exzellenz. Es war stets das Bestreben der Familie, die Vielfalt des toskanischen Terroirs zu entwickeln und zu feiern. Als stolze Besitzer einiger der besten Weing\u00fcter der Region waren die Familienmitglieder stets darum bem\u00fcht, die [&hellip;]<\/p>\n","protected":false},"featured_media":25211,"comment_status":"open","ping_status":"closed","template":"","meta":{"_acf_changed":false,"_monsterinsights_skip_tracking":false,"_monsterinsights_sitenote_active":false,"_monsterinsights_sitenote_note":"","_monsterinsights_sitenote_category":0},"product_brand":[],"product_cat":[1693],"product_tag":[15959,3583],"class_list":{"0":"post-32434","1":"product","2":"type-product","3":"status-publish","4":"has-post-thumbnail","6":"product_cat-blend-2-de","7":"product_tag-vino-rosso-de","8":"product_tag-vini-toscani-de","9":"pa_appellation-toscana-igt-de","10":"pa_formato-0-75-l-flasche-de","11":"pa_producer-tenuta-dellornellaia-de","12":"pa_region-toskana-de","13":"pa_vine-70-merlot-15-sangiovese-15-cabernet-sauvignon-de","14":"pa_vintage-2019-de","16":"first","17":"outofstock","18":"taxable","19":"shipping-taxable","20":"purchasable","21":"product-type-simple"},"bundled_by":[],"bundle_stock_status":"outofstock","bundle_stock_quantity":0,"bundle_virtual":false,"bundle_layout":"","bundle_add_to_cart_form_location":"","bundle_editable_in_cart":false,"bundle_sold_individually_context":"","bundle_item_grouping":"","bundle_min_size":"","bundle_max_size":"","bundle_price":[],"bundled_items":[],"bundle_sell_ids":[],"yoast_head":"<!-- This site is optimized with the Yoast SEO plugin v27.2 - https:\/\/yoast.com\/product\/yoast-seo-wordpress\/ -->\n<title>Kaufen online TENUTA DELL&#039;ORNELLAIA Le Volte 2019<\/title>\n<meta name=\"description\" content=\"Kaufen TTENUTA DELL&#039;ORNELLAIA Le Volte 2019 - I Fonsvinum rare Weine online aus Piedmont, Toskana und Venetien\" \/>\n<meta name=\"robots\" content=\"index, follow, max-snippet:-1, max-image-preview:large, max-video-preview:-1\" \/>\n<link rel=\"canonical\" href=\"https:\/\/fonsvinum.com\/de\/produkt\/tenuta-dellornellaia-le-volte-2019\/\" \/>\n<meta property=\"og:locale\" content=\"de_DE\" \/>\n<meta property=\"og:type\" content=\"article\" \/>\n<meta property=\"og:title\" content=\"Kaufen online TENUTA DELL&#039;ORNELLAIA Le Volte 2019\" \/>\n<meta property=\"og:description\" content=\"Kaufen TTENUTA DELL&#039;ORNELLAIA Le Volte 2019 - I Fonsvinum rare Weine online aus Piedmont, Toskana und Venetien\" \/>\n<meta property=\"og:url\" content=\"https:\/\/fonsvinum.com\/de\/produkt\/tenuta-dellornellaia-le-volte-2019\/\" \/>\n<meta property=\"og:site_name\" content=\"Fons Vinum\" \/>\n<meta property=\"article:modified_time\" content=\"2021-04-22T09:37:04+00:00\" \/>\n<meta property=\"og:image\" content=\"https:\/\/fonsvinum.com\/files\/2020\/06\/le-volte-ornellaia.jpg\" \/>\n\t<meta property=\"og:image:width\" content=\"200\" \/>\n\t<meta property=\"og:image:height\" content=\"600\" \/>\n\t<meta property=\"og:image:type\" content=\"image\/jpeg\" \/>\n<meta name=\"twitter:label1\" content=\"Gesch\u00e4tzte Lesezeit\" \/>\n\t<meta name=\"twitter:data1\" content=\"1\u00a0Minute\" \/>\n<script type=\"application\/ld+json\" class=\"yoast-schema-graph\">{\"@context\":\"https:\/\/schema.org\",\"@graph\":[{\"@type\":\"WebPage\",\"@id\":\"https:\/\/fonsvinum.com\/de\/produkt\/tenuta-dellornellaia-le-volte-2019\/\",\"url\":\"https:\/\/fonsvinum.com\/de\/produkt\/tenuta-dellornellaia-le-volte-2019\/\",\"name\":\"Kaufen online TENUTA DELL'ORNELLAIA Le Volte 2019\",\"isPartOf\":{\"@id\":\"https:\/\/fonsvinum.com\/en\/#website\"},\"primaryImageOfPage\":{\"@id\":\"https:\/\/fonsvinum.com\/de\/produkt\/tenuta-dellornellaia-le-volte-2019\/#primaryimage\"},\"image\":{\"@id\":\"https:\/\/fonsvinum.com\/de\/produkt\/tenuta-dellornellaia-le-volte-2019\/#primaryimage\"},\"thumbnailUrl\":\"https:\/\/fonsvinum.com\/files\/2020\/06\/le-volte-ornellaia.jpg\",\"datePublished\":\"2021-04-22T08:09:18+00:00\",\"dateModified\":\"2021-04-22T09:37:04+00:00\",\"description\":\"Kaufen TTENUTA DELL'ORNELLAIA Le Volte 2019 - I Fonsvinum rare Weine online aus Piedmont, Toskana und Venetien\",\"breadcrumb\":{\"@id\":\"https:\/\/fonsvinum.com\/de\/produkt\/tenuta-dellornellaia-le-volte-2019\/#breadcrumb\"},\"inLanguage\":\"de\",\"potentialAction\":[{\"@type\":\"ReadAction\",\"target\":[\"https:\/\/fonsvinum.com\/de\/produkt\/tenuta-dellornellaia-le-volte-2019\/\"]}]},{\"@type\":\"ImageObject\",\"inLanguage\":\"de\",\"@id\":\"https:\/\/fonsvinum.com\/de\/produkt\/tenuta-dellornellaia-le-volte-2019\/#primaryimage\",\"url\":\"https:\/\/fonsvinum.com\/files\/2020\/06\/le-volte-ornellaia.jpg\",\"contentUrl\":\"https:\/\/fonsvinum.com\/files\/2020\/06\/le-volte-ornellaia.jpg\",\"width\":200,\"height\":600},{\"@type\":\"BreadcrumbList\",\"@id\":\"https:\/\/fonsvinum.com\/de\/produkt\/tenuta-dellornellaia-le-volte-2019\/#breadcrumb\",\"itemListElement\":[{\"@type\":\"ListItem\",\"position\":1,\"name\":\"Startseite\",\"item\":\"https:\/\/fonsvinum.com\/de\/\"},{\"@type\":\"ListItem\",\"position\":2,\"name\":\"Shop\",\"item\":\"https:\/\/fonsvinum.com\/de\/shop\/\"},{\"@type\":\"ListItem\",\"position\":3,\"name\":\"TENUTA DELL&#8217;ORNELLAIA Le Volte 2019\"}]},{\"@type\":\"WebSite\",\"@id\":\"https:\/\/fonsvinum.com\/en\/#website\",\"url\":\"https:\/\/fonsvinum.com\/en\/\",\"name\":\"Fons Vinum\",\"description\":\"Vendita Vino Online\",\"publisher\":{\"@id\":\"https:\/\/fonsvinum.com\/en\/#organization\"},\"potentialAction\":[{\"@type\":\"SearchAction\",\"target\":{\"@type\":\"EntryPoint\",\"urlTemplate\":\"https:\/\/fonsvinum.com\/en\/?s={search_term_string}\"},\"query-input\":{\"@type\":\"PropertyValueSpecification\",\"valueRequired\":true,\"valueName\":\"search_term_string\"}}],\"inLanguage\":\"de\"},{\"@type\":\"Organization\",\"@id\":\"https:\/\/fonsvinum.com\/en\/#organization\",\"name\":\"Fons Vinum\",\"url\":\"https:\/\/fonsvinum.com\/en\/\",\"logo\":{\"@type\":\"ImageObject\",\"inLanguage\":\"de\",\"@id\":\"https:\/\/fonsvinum.com\/en\/#\/schema\/logo\/image\/\",\"url\":\"\",\"contentUrl\":\"\",\"caption\":\"Fons Vinum\"},\"image\":{\"@id\":\"https:\/\/fonsvinum.com\/en\/#\/schema\/logo\/image\/\"}}]}<\/script>\n<!-- \/ Yoast SEO plugin. -->","yoast_head_json":{"title":"Kaufen online TENUTA DELL'ORNELLAIA Le Volte 2019","description":"Kaufen TTENUTA DELL'ORNELLAIA Le Volte 2019 - I Fonsvinum rare Weine online aus Piedmont, Toskana und Venetien","robots":{"index":"index","follow":"follow","max-snippet":"max-snippet:-1","max-image-preview":"max-image-preview:large","max-video-preview":"max-video-preview:-1"},"canonical":"https:\/\/fonsvinum.com\/de\/produkt\/tenuta-dellornellaia-le-volte-2019\/","og_locale":"de_DE","og_type":"article","og_title":"Kaufen online TENUTA DELL'ORNELLAIA Le Volte 2019","og_description":"Kaufen TTENUTA DELL'ORNELLAIA Le Volte 2019 - I Fonsvinum rare Weine online aus Piedmont, Toskana und Venetien","og_url":"https:\/\/fonsvinum.com\/de\/produkt\/tenuta-dellornellaia-le-volte-2019\/","og_site_name":"Fons Vinum","article_modified_time":"2021-04-22T09:37:04+00:00","og_image":[{"width":200,"height":600,"url":"https:\/\/fonsvinum.com\/files\/2020\/06\/le-volte-ornellaia.jpg","type":"image\/jpeg"}],"twitter_misc":{"Gesch\u00e4tzte Lesezeit":"1\u00a0Minute"},"schema":{"@context":"https:\/\/schema.org","@graph":[{"@type":"WebPage","@id":"https:\/\/fonsvinum.com\/de\/produkt\/tenuta-dellornellaia-le-volte-2019\/","url":"https:\/\/fonsvinum.com\/de\/produkt\/tenuta-dellornellaia-le-volte-2019\/","name":"Kaufen online TENUTA DELL'ORNELLAIA Le Volte 2019","isPartOf":{"@id":"https:\/\/fonsvinum.com\/en\/#website"},"primaryImageOfPage":{"@id":"https:\/\/fonsvinum.com\/de\/produkt\/tenuta-dellornellaia-le-volte-2019\/#primaryimage"},"image":{"@id":"https:\/\/fonsvinum.com\/de\/produkt\/tenuta-dellornellaia-le-volte-2019\/#primaryimage"},"thumbnailUrl":"https:\/\/fonsvinum.com\/files\/2020\/06\/le-volte-ornellaia.jpg","datePublished":"2021-04-22T08:09:18+00:00","dateModified":"2021-04-22T09:37:04+00:00","description":"Kaufen TTENUTA DELL'ORNELLAIA Le Volte 2019 - I Fonsvinum rare Weine online aus Piedmont, Toskana und Venetien","breadcrumb":{"@id":"https:\/\/fonsvinum.com\/de\/produkt\/tenuta-dellornellaia-le-volte-2019\/#breadcrumb"},"inLanguage":"de","potentialAction":[{"@type":"ReadAction","target":["https:\/\/fonsvinum.com\/de\/produkt\/tenuta-dellornellaia-le-volte-2019\/"]}]},{"@type":"ImageObject","inLanguage":"de","@id":"https:\/\/fonsvinum.com\/de\/produkt\/tenuta-dellornellaia-le-volte-2019\/#primaryimage","url":"https:\/\/fonsvinum.com\/files\/2020\/06\/le-volte-ornellaia.jpg","contentUrl":"https:\/\/fonsvinum.com\/files\/2020\/06\/le-volte-ornellaia.jpg","width":200,"height":600},{"@type":"BreadcrumbList","@id":"https:\/\/fonsvinum.com\/de\/produkt\/tenuta-dellornellaia-le-volte-2019\/#breadcrumb","itemListElement":[{"@type":"ListItem","position":1,"name":"Startseite","item":"https:\/\/fonsvinum.com\/de\/"},{"@type":"ListItem","position":2,"name":"Shop","item":"https:\/\/fonsvinum.com\/de\/shop\/"},{"@type":"ListItem","position":3,"name":"TENUTA DELL&#8217;ORNELLAIA Le Volte 2019"}]},{"@type":"WebSite","@id":"https:\/\/fonsvinum.com\/en\/#website","url":"https:\/\/fonsvinum.com\/en\/","name":"Fons Vinum","description":"Vendita Vino Online","publisher":{"@id":"https:\/\/fonsvinum.com\/en\/#organization"},"potentialAction":[{"@type":"SearchAction","target":{"@type":"EntryPoint","urlTemplate":"https:\/\/fonsvinum.com\/en\/?s={search_term_string}"},"query-input":{"@type":"PropertyValueSpecification","valueRequired":true,"valueName":"search_term_string"}}],"inLanguage":"de"},{"@type":"Organization","@id":"https:\/\/fonsvinum.com\/en\/#organization","name":"Fons Vinum","url":"https:\/\/fonsvinum.com\/en\/","logo":{"@type":"ImageObject","inLanguage":"de","@id":"https:\/\/fonsvinum.com\/en\/#\/schema\/logo\/image\/","url":"","contentUrl":"","caption":"Fons Vinum"},"image":{"@id":"https:\/\/fonsvinum.com\/en\/#\/schema\/logo\/image\/"}}]}},"acf":[],"_links":{"self":[{"href":"https:\/\/fonsvinum.com\/de\/wp-json\/wp\/v2\/product\/32434","targetHints":{"allow":["GET"]}}],"collection":[{"href":"https:\/\/fonsvinum.com\/de\/wp-json\/wp\/v2\/product"}],"about":[{"href":"https:\/\/fonsvinum.com\/de\/wp-json\/wp\/v2\/types\/product"}],"replies":[{"embeddable":true,"href":"https:\/\/fonsvinum.com\/de\/wp-json\/wp\/v2\/comments?post=32434"}],"wp:featuredmedia":[{"embeddable":true,"href":"https:\/\/fonsvinum.com\/de\/wp-json\/wp\/v2\/media\/25211"}],"wp:attachment":[{"href":"https:\/\/fonsvinum.com\/de\/wp-json\/wp\/v2\/media?parent=32434"}],"wp:term":[{"taxonomy":"product_brand","embeddable":true,"href":"https:\/\/fonsvinum.com\/de\/wp-json\/wp\/v2\/product_brand?post=32434"},{"taxonomy":"product_cat","embeddable":true,"href":"https:\/\/fonsvinum.com\/de\/wp-json\/wp\/v2\/product_cat?post=32434"},{"taxonomy":"product_tag","embeddable":true,"href":"https:\/\/fonsvinum.com\/de\/wp-json\/wp\/v2\/product_tag?post=32434"}],"curies":[{"name":"wp","href":"https:\/\/api.w.org\/{rel}","templated":true}]}}