{"id":32390,"date":"2021-04-21T15:29:31","date_gmt":"2021-04-21T13:29:31","guid":{"rendered":"https:\/\/fonsvinum.com\/?post_type=product&#038;p=32390"},"modified":"2023-06-06T14:33:45","modified_gmt":"2023-06-06T12:33:45","slug":"tenuta-dellornellaia-la-grazia-ornellaia-2018","status":"publish","type":"product","link":"https:\/\/fonsvinum.com\/de\/produkt\/tenuta-dellornellaia-la-grazia-ornellaia-2018\/","title":{"rendered":"TENUTA DELL&#8217;ORNELLAIA &#8222;La Grazia&#8220; Ornellaia 2018"},"content":{"rendered":"<div data-wrapper=\"true\">\n<div class=\"uk-accordion-content\">\n<div class=\"post-content-container uk-hidden-small\">\n<div class=\"uk-accordion\">\n<div data-wrapper=\"true\">\n<div class=\"uk-accordion-content\">\n<div data-wrapper=\"true\">\n<div class=\"uk-accordion-content\">\n<h2><a href=\"https:\/\/fonsvinum.com\/de\/?filter_producer=tenute-dellornellaia-de&amp;s=TENUTA+DELL%27ORNELLAIA&amp;post_type=product\">TENUTA DELL&#8217;ORNELLAIA<\/a><\/h2>\n<h3>-DIE FAMILIE FRESCOBALDI-<\/h3>\n<p>Seit 700 Jahren verbindet die Familie Frescobaldi Tradition, Erfahrung und Innovation mit Kreativit\u00e4t und Streben nach Exzellenz. Es war stets das Bestreben der Familie, die Vielfalt des toskanischen Terroirs zu entwickeln und zu feiern. Als stolze Besitzer einiger der besten Weing\u00fcter der Region waren die Familienmitglieder stets darum bem\u00fcht, die Identit\u00e4t und die Selbstst\u00e4ndigkeit jedes einzelnen Besitzes zu bewahren.<\/p>\n<p>Weltweit gilt ORNELLAIA als eine Weingut-Ikone; im Besitz der Familie Frescobaldi hat es sich zu einer Erfolgsgeschichte entwickelt. Dies ist nur eines der Familienweing\u00fcter, zu denen auch ATTEMS (Friaul), MASSETO, DANZANTE, LUCE DELLA VITE und die sechs FRESCOBALDI-Weing\u00fctern Nipozzano, CastelGiocondo, Pomino, Ammiraglia, Castiglioni und Remole z\u00e4hlen.<\/p>\n<h2><a href=\"https:\/\/fonsvinum.com\/de\/?s=ORNELLAIA&amp;post_type=product\">ORNELLAIA<\/a><\/h2>\n<div class=\"scheda-container\">\n<div class=\"scheda-container-descr-cnt\">\n<p>Der Wunsch, die au\u00dfergew\u00f6hnliche Qualit\u00e4t des Weinguts zu f\u00f6rdern, pr\u00e4gt seit Beginn die Ornellaia-Philosophie. Ornellaia ist eine Cuv\u00e9e aus Cabernet Sauvignon, Merlot, Cabernet Franc sowie Petit Verdot und der authentische Ausdruck eines einzigartigen Terroirs, das im Einklang mit der Natur entwickelt wurde.<\/p>\n<\/div>\n<\/div>\n<div class=\"post-content-container uk-hidden-small\">\n<div class=\"uk-accordion\">\n<h2 class=\"uk-accordion-title uk-active\">AUTOR ETIKETT 2018 &#8222;LA GRAZIA&#8220;<\/h2>\n<p>Im Rahmen der 13. Auflage des Projekts Vendemmia d\u2019Artista interpretiert der belgische K\u00fcnstler Jan Fabre den Charakter \u201eLa Grazia\u201c (Anmut) des Ornellaia 2018 und er beschreibt den Eindruck von Symmetrie, Gleichm\u00e4\u00dfigkeit und Harmonie, in der Erhabenheit der Weine. Der K\u00fcnstler hat im Rahmen dieses Projekts nicht nur ein besonderes, ganz pers\u00f6nliches Meisterwerk f\u00fcr das Weingut geschaffen, sondern auch eine limitierte Serie von 111 gro\u00dfformatigen Flaschen k\u00fcnstlerisch gestaltet und eine Serie von 10 Etiketten, mit dem je eine Flasche pro Kiste \u00e0 sechs 0,75 l-Flaschen versehen ist.<\/p>\n<h3>-Der K\u00fcnstler Jan Fabre-<\/h3>\n<p>Jan Fabre ist ein belgischer K\u00fcnstler und gilt als eine der innovativsten und vielseitigsten Pers\u00f6nlichkeiten der internationalen zeitgen\u00f6ssischen Kunstszene. Er ist sicherlich eklektisch und einer, der st\u00e4ndig nach Br\u00fccken zwischen den unterschiedlichen Disziplinen sucht. Dank seines Engagements bereichert er die Welt der bildenden K\u00fcnste, des Theaters und der Literatur mit neuen Interpretationen. In seinen Werken bildender Kunst schuf Jan Fabre ein einzigartiges und zusammenh\u00e4ngendes Universum, eine h\u00f6chst pers\u00f6nliche Bildsprache mit wiederkehrenden Symbolen und Motiven, die Ausdruck seiner tiefen Verbundenheit mit der Sch\u00f6nheit und ihrer spirituellen Kraft ist.<\/p>\n<\/div>\n<\/div>\n<\/div>\n<\/div>\n<\/div>\n<\/div>\n<\/div>\n<\/div>\n<\/div>\n<\/div>\n","protected":false},"excerpt":{"rendered":"<p>TENUTA DELL&#8217;ORNELLAIA -DIE FAMILIE FRESCOBALDI- Seit 700 Jahren verbindet die Familie Frescobaldi Tradition, Erfahrung und Innovation mit Kreativit\u00e4t und Streben nach Exzellenz. Es war stets das Bestreben der Familie, die Vielfalt des toskanischen Terroirs zu entwickeln und zu feiern. Als stolze Besitzer einiger der besten Weing\u00fcter der Region waren die Familienmitglieder stets darum bem\u00fcht, die [&hellip;]<\/p>\n","protected":false},"featured_media":32398,"comment_status":"open","ping_status":"closed","template":"","meta":{"_acf_changed":false,"_monsterinsights_skip_tracking":false,"_monsterinsights_sitenote_active":false,"_monsterinsights_sitenote_note":"","_monsterinsights_sitenote_category":0},"product_brand":[],"product_cat":[1693],"product_tag":[1733,1751,15959,1745],"class_list":{"0":"post-32390","1":"product","2":"type-product","3":"status-publish","4":"has-post-thumbnail","6":"product_cat-blend-2-de","7":"product_tag-aussergewoehnliche-weine-de","8":"product_tag-aussergewoehnliche-weine-aus-italien-de","9":"product_tag-vino-rosso-de","10":"product_tag-super-tuscan-de","11":"pa_appellation-bolgheri-superiore-doc-de","12":"pa_formato-0-75-l-flasche-de","13":"pa_producer-tenuta-dellornellaia-de","14":"pa_region-toskana-de","15":"pa_vine-51-merlot-40-cabernet-sauvignon-7-cabernet-franc-2-petit-verdot-de","16":"pa_vintage-2018-de","18":"first","19":"instock","20":"taxable","21":"shipping-taxable","22":"purchasable","23":"product-type-simple"},"bundled_by":[],"bundle_stock_status":"instock","bundle_stock_quantity":1,"bundle_virtual":false,"bundle_layout":"","bundle_add_to_cart_form_location":"","bundle_editable_in_cart":false,"bundle_sold_individually_context":"","bundle_item_grouping":"","bundle_min_size":"","bundle_max_size":"","bundle_price":[],"bundled_items":[],"bundle_sell_ids":[],"yoast_head":"<!-- This site is optimized with the Yoast SEO plugin v27.2 - https:\/\/yoast.com\/product\/yoast-seo-wordpress\/ -->\n<title>Kaufen online TENUTA DELL&#039;ORNELLAIA &quot;La Grazia&quot; Ornellaia 2018<\/title>\n<meta name=\"description\" content=\"Kaufen TENUTA DELL&#039;ORNELLAIA &quot;La Grazia&quot; Ornellaia 2018 - I Fonsvinum rare Weine online aus Piedmont, Toskana und Venetien\" \/>\n<meta name=\"robots\" content=\"index, follow, max-snippet:-1, max-image-preview:large, max-video-preview:-1\" \/>\n<link rel=\"canonical\" href=\"https:\/\/fonsvinum.com\/de\/produkt\/tenuta-dellornellaia-la-grazia-ornellaia-2018\/\" \/>\n<meta property=\"og:locale\" content=\"de_DE\" \/>\n<meta property=\"og:type\" content=\"article\" \/>\n<meta property=\"og:title\" content=\"Kaufen online TENUTA DELL&#039;ORNELLAIA &quot;La Grazia&quot; Ornellaia 2018\" \/>\n<meta property=\"og:description\" content=\"Kaufen TENUTA DELL&#039;ORNELLAIA &quot;La Grazia&quot; Ornellaia 2018 - I Fonsvinum rare Weine online aus Piedmont, Toskana und Venetien\" \/>\n<meta property=\"og:url\" content=\"https:\/\/fonsvinum.com\/de\/produkt\/tenuta-dellornellaia-la-grazia-ornellaia-2018\/\" \/>\n<meta property=\"og:site_name\" content=\"Fons Vinum\" \/>\n<meta property=\"article:modified_time\" content=\"2023-06-06T12:33:45+00:00\" \/>\n<meta property=\"og:image\" content=\"https:\/\/fonsvinum.com\/files\/2021\/04\/ornellaia-la-grazia-2018.jpg\" \/>\n\t<meta property=\"og:image:width\" content=\"200\" \/>\n\t<meta property=\"og:image:height\" content=\"600\" \/>\n\t<meta property=\"og:image:type\" content=\"image\/jpeg\" \/>\n<meta name=\"twitter:label1\" content=\"Gesch\u00e4tzte Lesezeit\" \/>\n\t<meta name=\"twitter:data1\" content=\"2\u00a0Minuten\" \/>\n<script type=\"application\/ld+json\" class=\"yoast-schema-graph\">{\"@context\":\"https:\/\/schema.org\",\"@graph\":[{\"@type\":\"WebPage\",\"@id\":\"https:\/\/fonsvinum.com\/de\/produkt\/tenuta-dellornellaia-la-grazia-ornellaia-2018\/\",\"url\":\"https:\/\/fonsvinum.com\/de\/produkt\/tenuta-dellornellaia-la-grazia-ornellaia-2018\/\",\"name\":\"Kaufen online TENUTA DELL'ORNELLAIA \\\"La Grazia\\\" Ornellaia 2018\",\"isPartOf\":{\"@id\":\"https:\/\/fonsvinum.com\/en\/#website\"},\"primaryImageOfPage\":{\"@id\":\"https:\/\/fonsvinum.com\/de\/produkt\/tenuta-dellornellaia-la-grazia-ornellaia-2018\/#primaryimage\"},\"image\":{\"@id\":\"https:\/\/fonsvinum.com\/de\/produkt\/tenuta-dellornellaia-la-grazia-ornellaia-2018\/#primaryimage\"},\"thumbnailUrl\":\"https:\/\/fonsvinum.com\/files\/2021\/04\/ornellaia-la-grazia-2018.jpg\",\"datePublished\":\"2021-04-21T13:29:31+00:00\",\"dateModified\":\"2023-06-06T12:33:45+00:00\",\"description\":\"Kaufen TENUTA DELL'ORNELLAIA \\\"La Grazia\\\" Ornellaia 2018 - I Fonsvinum rare Weine online aus Piedmont, Toskana und Venetien\",\"breadcrumb\":{\"@id\":\"https:\/\/fonsvinum.com\/de\/produkt\/tenuta-dellornellaia-la-grazia-ornellaia-2018\/#breadcrumb\"},\"inLanguage\":\"de\",\"potentialAction\":[{\"@type\":\"ReadAction\",\"target\":[\"https:\/\/fonsvinum.com\/de\/produkt\/tenuta-dellornellaia-la-grazia-ornellaia-2018\/\"]}]},{\"@type\":\"ImageObject\",\"inLanguage\":\"de\",\"@id\":\"https:\/\/fonsvinum.com\/de\/produkt\/tenuta-dellornellaia-la-grazia-ornellaia-2018\/#primaryimage\",\"url\":\"https:\/\/fonsvinum.com\/files\/2021\/04\/ornellaia-la-grazia-2018.jpg\",\"contentUrl\":\"https:\/\/fonsvinum.com\/files\/2021\/04\/ornellaia-la-grazia-2018.jpg\",\"width\":200,\"height\":600},{\"@type\":\"BreadcrumbList\",\"@id\":\"https:\/\/fonsvinum.com\/de\/produkt\/tenuta-dellornellaia-la-grazia-ornellaia-2018\/#breadcrumb\",\"itemListElement\":[{\"@type\":\"ListItem\",\"position\":1,\"name\":\"Startseite\",\"item\":\"https:\/\/fonsvinum.com\/de\/\"},{\"@type\":\"ListItem\",\"position\":2,\"name\":\"Shop\",\"item\":\"https:\/\/fonsvinum.com\/de\/shop\/\"},{\"@type\":\"ListItem\",\"position\":3,\"name\":\"TENUTA DELL&#8217;ORNELLAIA &#8220;La Grazia&#8221; Ornellaia 2018\"}]},{\"@type\":\"WebSite\",\"@id\":\"https:\/\/fonsvinum.com\/en\/#website\",\"url\":\"https:\/\/fonsvinum.com\/en\/\",\"name\":\"Fons Vinum\",\"description\":\"Vendita Vino Online\",\"publisher\":{\"@id\":\"https:\/\/fonsvinum.com\/en\/#organization\"},\"potentialAction\":[{\"@type\":\"SearchAction\",\"target\":{\"@type\":\"EntryPoint\",\"urlTemplate\":\"https:\/\/fonsvinum.com\/en\/?s={search_term_string}\"},\"query-input\":{\"@type\":\"PropertyValueSpecification\",\"valueRequired\":true,\"valueName\":\"search_term_string\"}}],\"inLanguage\":\"de\"},{\"@type\":\"Organization\",\"@id\":\"https:\/\/fonsvinum.com\/en\/#organization\",\"name\":\"Fons Vinum\",\"url\":\"https:\/\/fonsvinum.com\/en\/\",\"logo\":{\"@type\":\"ImageObject\",\"inLanguage\":\"de\",\"@id\":\"https:\/\/fonsvinum.com\/en\/#\/schema\/logo\/image\/\",\"url\":\"\",\"contentUrl\":\"\",\"caption\":\"Fons Vinum\"},\"image\":{\"@id\":\"https:\/\/fonsvinum.com\/en\/#\/schema\/logo\/image\/\"}}]}<\/script>\n<!-- \/ Yoast SEO plugin. -->","yoast_head_json":{"title":"Kaufen online TENUTA DELL'ORNELLAIA \"La Grazia\" Ornellaia 2018","description":"Kaufen TENUTA DELL'ORNELLAIA \"La Grazia\" Ornellaia 2018 - I Fonsvinum rare Weine online aus Piedmont, Toskana und Venetien","robots":{"index":"index","follow":"follow","max-snippet":"max-snippet:-1","max-image-preview":"max-image-preview:large","max-video-preview":"max-video-preview:-1"},"canonical":"https:\/\/fonsvinum.com\/de\/produkt\/tenuta-dellornellaia-la-grazia-ornellaia-2018\/","og_locale":"de_DE","og_type":"article","og_title":"Kaufen online TENUTA DELL'ORNELLAIA \"La Grazia\" Ornellaia 2018","og_description":"Kaufen TENUTA DELL'ORNELLAIA \"La Grazia\" Ornellaia 2018 - I Fonsvinum rare Weine online aus Piedmont, Toskana und Venetien","og_url":"https:\/\/fonsvinum.com\/de\/produkt\/tenuta-dellornellaia-la-grazia-ornellaia-2018\/","og_site_name":"Fons Vinum","article_modified_time":"2023-06-06T12:33:45+00:00","og_image":[{"width":200,"height":600,"url":"https:\/\/fonsvinum.com\/files\/2021\/04\/ornellaia-la-grazia-2018.jpg","type":"image\/jpeg"}],"twitter_misc":{"Gesch\u00e4tzte Lesezeit":"2\u00a0Minuten"},"schema":{"@context":"https:\/\/schema.org","@graph":[{"@type":"WebPage","@id":"https:\/\/fonsvinum.com\/de\/produkt\/tenuta-dellornellaia-la-grazia-ornellaia-2018\/","url":"https:\/\/fonsvinum.com\/de\/produkt\/tenuta-dellornellaia-la-grazia-ornellaia-2018\/","name":"Kaufen online TENUTA DELL'ORNELLAIA \"La Grazia\" Ornellaia 2018","isPartOf":{"@id":"https:\/\/fonsvinum.com\/en\/#website"},"primaryImageOfPage":{"@id":"https:\/\/fonsvinum.com\/de\/produkt\/tenuta-dellornellaia-la-grazia-ornellaia-2018\/#primaryimage"},"image":{"@id":"https:\/\/fonsvinum.com\/de\/produkt\/tenuta-dellornellaia-la-grazia-ornellaia-2018\/#primaryimage"},"thumbnailUrl":"https:\/\/fonsvinum.com\/files\/2021\/04\/ornellaia-la-grazia-2018.jpg","datePublished":"2021-04-21T13:29:31+00:00","dateModified":"2023-06-06T12:33:45+00:00","description":"Kaufen TENUTA DELL'ORNELLAIA \"La Grazia\" Ornellaia 2018 - I Fonsvinum rare Weine online aus Piedmont, Toskana und Venetien","breadcrumb":{"@id":"https:\/\/fonsvinum.com\/de\/produkt\/tenuta-dellornellaia-la-grazia-ornellaia-2018\/#breadcrumb"},"inLanguage":"de","potentialAction":[{"@type":"ReadAction","target":["https:\/\/fonsvinum.com\/de\/produkt\/tenuta-dellornellaia-la-grazia-ornellaia-2018\/"]}]},{"@type":"ImageObject","inLanguage":"de","@id":"https:\/\/fonsvinum.com\/de\/produkt\/tenuta-dellornellaia-la-grazia-ornellaia-2018\/#primaryimage","url":"https:\/\/fonsvinum.com\/files\/2021\/04\/ornellaia-la-grazia-2018.jpg","contentUrl":"https:\/\/fonsvinum.com\/files\/2021\/04\/ornellaia-la-grazia-2018.jpg","width":200,"height":600},{"@type":"BreadcrumbList","@id":"https:\/\/fonsvinum.com\/de\/produkt\/tenuta-dellornellaia-la-grazia-ornellaia-2018\/#breadcrumb","itemListElement":[{"@type":"ListItem","position":1,"name":"Startseite","item":"https:\/\/fonsvinum.com\/de\/"},{"@type":"ListItem","position":2,"name":"Shop","item":"https:\/\/fonsvinum.com\/de\/shop\/"},{"@type":"ListItem","position":3,"name":"TENUTA DELL&#8217;ORNELLAIA &#8220;La Grazia&#8221; Ornellaia 2018"}]},{"@type":"WebSite","@id":"https:\/\/fonsvinum.com\/en\/#website","url":"https:\/\/fonsvinum.com\/en\/","name":"Fons Vinum","description":"Vendita Vino Online","publisher":{"@id":"https:\/\/fonsvinum.com\/en\/#organization"},"potentialAction":[{"@type":"SearchAction","target":{"@type":"EntryPoint","urlTemplate":"https:\/\/fonsvinum.com\/en\/?s={search_term_string}"},"query-input":{"@type":"PropertyValueSpecification","valueRequired":true,"valueName":"search_term_string"}}],"inLanguage":"de"},{"@type":"Organization","@id":"https:\/\/fonsvinum.com\/en\/#organization","name":"Fons Vinum","url":"https:\/\/fonsvinum.com\/en\/","logo":{"@type":"ImageObject","inLanguage":"de","@id":"https:\/\/fonsvinum.com\/en\/#\/schema\/logo\/image\/","url":"","contentUrl":"","caption":"Fons Vinum"},"image":{"@id":"https:\/\/fonsvinum.com\/en\/#\/schema\/logo\/image\/"}}]}},"acf":[],"_links":{"self":[{"href":"https:\/\/fonsvinum.com\/de\/wp-json\/wp\/v2\/product\/32390","targetHints":{"allow":["GET"]}}],"collection":[{"href":"https:\/\/fonsvinum.com\/de\/wp-json\/wp\/v2\/product"}],"about":[{"href":"https:\/\/fonsvinum.com\/de\/wp-json\/wp\/v2\/types\/product"}],"replies":[{"embeddable":true,"href":"https:\/\/fonsvinum.com\/de\/wp-json\/wp\/v2\/comments?post=32390"}],"wp:featuredmedia":[{"embeddable":true,"href":"https:\/\/fonsvinum.com\/de\/wp-json\/wp\/v2\/media\/32398"}],"wp:attachment":[{"href":"https:\/\/fonsvinum.com\/de\/wp-json\/wp\/v2\/media?parent=32390"}],"wp:term":[{"taxonomy":"product_brand","embeddable":true,"href":"https:\/\/fonsvinum.com\/de\/wp-json\/wp\/v2\/product_brand?post=32390"},{"taxonomy":"product_cat","embeddable":true,"href":"https:\/\/fonsvinum.com\/de\/wp-json\/wp\/v2\/product_cat?post=32390"},{"taxonomy":"product_tag","embeddable":true,"href":"https:\/\/fonsvinum.com\/de\/wp-json\/wp\/v2\/product_tag?post=32390"}],"curies":[{"name":"wp","href":"https:\/\/api.w.org\/{rel}","templated":true}]}}