{"id":32132,"date":"2021-04-15T11:00:13","date_gmt":"2021-04-15T09:00:13","guid":{"rendered":"https:\/\/fonsvinum.com\/?post_type=product&#038;p=32132"},"modified":"2021-04-15T12:04:30","modified_gmt":"2021-04-15T10:04:30","slug":"casanova-di-neri-tenuta-nuova-brunello-di-montalcino-2016","status":"publish","type":"product","link":"https:\/\/fonsvinum.com\/de\/produkt\/casanova-di-neri-tenuta-nuova-brunello-di-montalcino-2016\/","title":{"rendered":"CASANOVA DI NERI Tenuta Nuova Brunello di Montalcino 2016"},"content":{"rendered":"<h2><a href=\"https:\/\/fonsvinum.com\/de\/?filter_producer=az-agricola-casanova-di-neri-di-giacomo-neri-de&amp;s=CASANOVA+DI+NERI&amp;post_type=product\">CASANOVA DI NERI<\/a><\/h2>\n<h2>Tenuta Nuova <a href=\"https:\/\/fonsvinum.com\/de\/?s=brunello+di+montalcino&amp;post_type=product\">Brunello di Montalcino<\/a> 2016<\/h2>\n<p>Der Ausbau erfolgt \u00fcber 30 Monate im Barrique. Im Anschlu\u00df reift der Wein 18 Monate in der Flasche.<\/p>\n<p>Beeindruckendes Bouquet von explosiver Kraft. Im Auftakt verw\u00f6hnen ein breites Spektrum dunkler T\u00f6ne die Nase mit etwas Leder, Bitterschokolade, Moka, etwas Veilchen und Lakritze, umrahmt von reifer Frucht nach Schwarzkirsche, Pflaume und etwas Johannisbeere.<br \/>\nAm Gaumen gefallen die schon recht harmonischen Tannine und perfekt akzentuierte S\u00e4ure. Wir registrieren eine dichte Frucht von dunklen Beeren und Pflaume mit etwas verhaltenen Noten von Cassis und Kirsche.<\/p>\n<p>Das warme Holz, die orientalische W\u00fcrze und der zarte Schmelz erg\u00e4nzen die Fruchtkomposition in aristokratischer Weise. Langer Nachhall mit Beere, Holz und Leder.<\/p>\n<h3>-2016 Vintage Awards-<\/h3>\n<p>99\/100: JAMES SUCKLING<br \/>\n97\/100: ROBERT PARKER<\/p>\n<p><iframe loading=\"lazy\" title=\"2004 Tenuta Nuova Casanova Di Neri Brunello\" width=\"500\" height=\"281\" src=\"https:\/\/www.youtube.com\/embed\/4UVHEqgAdIY?feature=oembed\" frameborder=\"0\" allow=\"accelerometer; autoplay; clipboard-write; encrypted-media; gyroscope; picture-in-picture; web-share\" referrerpolicy=\"strict-origin-when-cross-origin\" allowfullscreen><\/iframe><\/p>\n","protected":false},"excerpt":{"rendered":"<p>CASANOVA DI NERI Tenuta Nuova Brunello di Montalcino 2016 Der Ausbau erfolgt \u00fcber 30 Monate im Barrique. Im Anschlu\u00df reift der Wein 18 Monate in der Flasche. Beeindruckendes Bouquet von explosiver Kraft. Im Auftakt verw\u00f6hnen ein breites Spektrum dunkler T\u00f6ne die Nase mit etwas Leder, Bitterschokolade, Moka, etwas Veilchen und Lakritze, umrahmt von reifer Frucht [&hellip;]<\/p>\n","protected":false},"featured_media":7087,"comment_status":"open","ping_status":"closed","template":"","meta":{"_acf_changed":false,"_monsterinsights_skip_tracking":false,"_monsterinsights_sitenote_active":false,"_monsterinsights_sitenote_note":"","_monsterinsights_sitenote_category":0},"product_brand":[],"product_cat":[1772],"product_tag":[15911,3583],"class_list":{"0":"post-32132","1":"product","2":"type-product","3":"status-publish","4":"has-post-thumbnail","6":"product_cat-sangiovese-de","7":"product_tag-brunello-de-2","8":"product_tag-vini-toscani-de","9":"pa_appellation-brunello-di-montalcino-docg-de","10":"pa_formato-0-75-l-flasche-de","11":"pa_producer-az-agricola-casanova-di-neri-di-giacomo-neri-de","12":"pa_region-toskana-de","13":"pa_vine-100-sangiovese-de","14":"pa_vintage-2016-de","16":"first","17":"instock","18":"taxable","19":"shipping-taxable","20":"purchasable","21":"product-type-simple"},"bundled_by":[],"bundle_stock_status":"instock","bundle_stock_quantity":3,"bundle_virtual":false,"bundle_layout":"","bundle_add_to_cart_form_location":"","bundle_editable_in_cart":false,"bundle_sold_individually_context":"","bundle_item_grouping":"","bundle_min_size":"","bundle_max_size":"","bundle_price":[],"bundled_items":[],"bundle_sell_ids":[],"yoast_head":"<!-- This site is optimized with the Yoast SEO plugin v27.3 - https:\/\/yoast.com\/product\/yoast-seo-wordpress\/ -->\n<title>CASANOVA DI NERI Tenuta Nuova Brunello di Montalcino 2016<\/title>\n<meta name=\"description\" content=\"CASANOVA DI NERI Tenuta Nuova Brunello di Montalcino 2016. Das warme Holz, die orientalische W\u00fcrze und der zarte Schmelz erg\u00e4nzen die Fruchtkomposition in aristokratischer Weise.\" \/>\n<meta name=\"robots\" content=\"index, follow, max-snippet:-1, max-image-preview:large, max-video-preview:-1\" \/>\n<link rel=\"canonical\" href=\"https:\/\/fonsvinum.com\/de\/produkt\/casanova-di-neri-tenuta-nuova-brunello-di-montalcino-2016\/\" \/>\n<meta property=\"og:locale\" content=\"de_DE\" \/>\n<meta property=\"og:type\" content=\"article\" \/>\n<meta property=\"og:title\" content=\"CASANOVA DI NERI Tenuta Nuova Brunello di Montalcino 2016\" \/>\n<meta property=\"og:description\" content=\"CASANOVA DI NERI Tenuta Nuova Brunello di Montalcino 2016. Das warme Holz, die orientalische W\u00fcrze und der zarte Schmelz erg\u00e4nzen die Fruchtkomposition in aristokratischer Weise.\" \/>\n<meta property=\"og:url\" content=\"https:\/\/fonsvinum.com\/de\/produkt\/casanova-di-neri-tenuta-nuova-brunello-di-montalcino-2016\/\" \/>\n<meta property=\"og:site_name\" content=\"Fons Vinum\" \/>\n<meta property=\"article:modified_time\" content=\"2021-04-15T10:04:30+00:00\" \/>\n<meta property=\"og:image\" content=\"https:\/\/fonsvinum.com\/files\/2016\/01\/Brunello-di-Montalcino-Tenuta-Nuova-Casanova-di-Neri.png\" \/>\n\t<meta property=\"og:image:width\" content=\"200\" \/>\n\t<meta property=\"og:image:height\" content=\"600\" \/>\n\t<meta property=\"og:image:type\" content=\"image\/png\" \/>\n<meta name=\"twitter:label1\" content=\"Gesch\u00e4tzte Lesezeit\" \/>\n\t<meta name=\"twitter:data1\" content=\"1\u00a0Minute\" \/>\n<script type=\"application\/ld+json\" class=\"yoast-schema-graph\">{\"@context\":\"https:\\\/\\\/schema.org\",\"@graph\":[{\"@type\":\"WebPage\",\"@id\":\"https:\\\/\\\/fonsvinum.com\\\/de\\\/produkt\\\/casanova-di-neri-tenuta-nuova-brunello-di-montalcino-2016\\\/\",\"url\":\"https:\\\/\\\/fonsvinum.com\\\/de\\\/produkt\\\/casanova-di-neri-tenuta-nuova-brunello-di-montalcino-2016\\\/\",\"name\":\"CASANOVA DI NERI Tenuta Nuova Brunello di Montalcino 2016\",\"isPartOf\":{\"@id\":\"https:\\\/\\\/fonsvinum.com\\\/en\\\/#website\"},\"primaryImageOfPage\":{\"@id\":\"https:\\\/\\\/fonsvinum.com\\\/de\\\/produkt\\\/casanova-di-neri-tenuta-nuova-brunello-di-montalcino-2016\\\/#primaryimage\"},\"image\":{\"@id\":\"https:\\\/\\\/fonsvinum.com\\\/de\\\/produkt\\\/casanova-di-neri-tenuta-nuova-brunello-di-montalcino-2016\\\/#primaryimage\"},\"thumbnailUrl\":\"https:\\\/\\\/fonsvinum.com\\\/files\\\/2016\\\/01\\\/Brunello-di-Montalcino-Tenuta-Nuova-Casanova-di-Neri.png\",\"datePublished\":\"2021-04-15T09:00:13+00:00\",\"dateModified\":\"2021-04-15T10:04:30+00:00\",\"description\":\"CASANOVA DI NERI Tenuta Nuova Brunello di Montalcino 2016. Das warme Holz, die orientalische W\u00fcrze und der zarte Schmelz erg\u00e4nzen die Fruchtkomposition in aristokratischer Weise.\",\"breadcrumb\":{\"@id\":\"https:\\\/\\\/fonsvinum.com\\\/de\\\/produkt\\\/casanova-di-neri-tenuta-nuova-brunello-di-montalcino-2016\\\/#breadcrumb\"},\"inLanguage\":\"de\",\"potentialAction\":[{\"@type\":\"ReadAction\",\"target\":[\"https:\\\/\\\/fonsvinum.com\\\/de\\\/produkt\\\/casanova-di-neri-tenuta-nuova-brunello-di-montalcino-2016\\\/\"]}]},{\"@type\":\"ImageObject\",\"inLanguage\":\"de\",\"@id\":\"https:\\\/\\\/fonsvinum.com\\\/de\\\/produkt\\\/casanova-di-neri-tenuta-nuova-brunello-di-montalcino-2016\\\/#primaryimage\",\"url\":\"https:\\\/\\\/fonsvinum.com\\\/files\\\/2016\\\/01\\\/Brunello-di-Montalcino-Tenuta-Nuova-Casanova-di-Neri.png\",\"contentUrl\":\"https:\\\/\\\/fonsvinum.com\\\/files\\\/2016\\\/01\\\/Brunello-di-Montalcino-Tenuta-Nuova-Casanova-di-Neri.png\",\"width\":200,\"height\":600},{\"@type\":\"BreadcrumbList\",\"@id\":\"https:\\\/\\\/fonsvinum.com\\\/de\\\/produkt\\\/casanova-di-neri-tenuta-nuova-brunello-di-montalcino-2016\\\/#breadcrumb\",\"itemListElement\":[{\"@type\":\"ListItem\",\"position\":1,\"name\":\"Startseite\",\"item\":\"https:\\\/\\\/fonsvinum.com\\\/de\\\/\"},{\"@type\":\"ListItem\",\"position\":2,\"name\":\"Shop\",\"item\":\"https:\\\/\\\/fonsvinum.com\\\/de\\\/shop\\\/\"},{\"@type\":\"ListItem\",\"position\":3,\"name\":\"CASANOVA DI NERI Tenuta Nuova Brunello di Montalcino 2016\"}]},{\"@type\":\"WebSite\",\"@id\":\"https:\\\/\\\/fonsvinum.com\\\/en\\\/#website\",\"url\":\"https:\\\/\\\/fonsvinum.com\\\/en\\\/\",\"name\":\"Fons Vinum\",\"description\":\"Vendita Vino Online\",\"publisher\":{\"@id\":\"https:\\\/\\\/fonsvinum.com\\\/en\\\/#organization\"},\"potentialAction\":[{\"@type\":\"SearchAction\",\"target\":{\"@type\":\"EntryPoint\",\"urlTemplate\":\"https:\\\/\\\/fonsvinum.com\\\/en\\\/?s={search_term_string}\"},\"query-input\":{\"@type\":\"PropertyValueSpecification\",\"valueRequired\":true,\"valueName\":\"search_term_string\"}}],\"inLanguage\":\"de\"},{\"@type\":\"Organization\",\"@id\":\"https:\\\/\\\/fonsvinum.com\\\/en\\\/#organization\",\"name\":\"Fons Vinum\",\"url\":\"https:\\\/\\\/fonsvinum.com\\\/en\\\/\",\"logo\":{\"@type\":\"ImageObject\",\"inLanguage\":\"de\",\"@id\":\"https:\\\/\\\/fonsvinum.com\\\/en\\\/#\\\/schema\\\/logo\\\/image\\\/\",\"url\":\"\",\"contentUrl\":\"\",\"caption\":\"Fons Vinum\"},\"image\":{\"@id\":\"https:\\\/\\\/fonsvinum.com\\\/en\\\/#\\\/schema\\\/logo\\\/image\\\/\"}}]}<\/script>\n<!-- \/ Yoast SEO plugin. -->","yoast_head_json":{"title":"CASANOVA DI NERI Tenuta Nuova Brunello di Montalcino 2016","description":"CASANOVA DI NERI Tenuta Nuova Brunello di Montalcino 2016. Das warme Holz, die orientalische W\u00fcrze und der zarte Schmelz erg\u00e4nzen die Fruchtkomposition in aristokratischer Weise.","robots":{"index":"index","follow":"follow","max-snippet":"max-snippet:-1","max-image-preview":"max-image-preview:large","max-video-preview":"max-video-preview:-1"},"canonical":"https:\/\/fonsvinum.com\/de\/produkt\/casanova-di-neri-tenuta-nuova-brunello-di-montalcino-2016\/","og_locale":"de_DE","og_type":"article","og_title":"CASANOVA DI NERI Tenuta Nuova Brunello di Montalcino 2016","og_description":"CASANOVA DI NERI Tenuta Nuova Brunello di Montalcino 2016. Das warme Holz, die orientalische W\u00fcrze und der zarte Schmelz erg\u00e4nzen die Fruchtkomposition in aristokratischer Weise.","og_url":"https:\/\/fonsvinum.com\/de\/produkt\/casanova-di-neri-tenuta-nuova-brunello-di-montalcino-2016\/","og_site_name":"Fons Vinum","article_modified_time":"2021-04-15T10:04:30+00:00","og_image":[{"width":200,"height":600,"url":"https:\/\/fonsvinum.com\/files\/2016\/01\/Brunello-di-Montalcino-Tenuta-Nuova-Casanova-di-Neri.png","type":"image\/png"}],"twitter_misc":{"Gesch\u00e4tzte Lesezeit":"1\u00a0Minute"},"schema":{"@context":"https:\/\/schema.org","@graph":[{"@type":"WebPage","@id":"https:\/\/fonsvinum.com\/de\/produkt\/casanova-di-neri-tenuta-nuova-brunello-di-montalcino-2016\/","url":"https:\/\/fonsvinum.com\/de\/produkt\/casanova-di-neri-tenuta-nuova-brunello-di-montalcino-2016\/","name":"CASANOVA DI NERI Tenuta Nuova Brunello di Montalcino 2016","isPartOf":{"@id":"https:\/\/fonsvinum.com\/en\/#website"},"primaryImageOfPage":{"@id":"https:\/\/fonsvinum.com\/de\/produkt\/casanova-di-neri-tenuta-nuova-brunello-di-montalcino-2016\/#primaryimage"},"image":{"@id":"https:\/\/fonsvinum.com\/de\/produkt\/casanova-di-neri-tenuta-nuova-brunello-di-montalcino-2016\/#primaryimage"},"thumbnailUrl":"https:\/\/fonsvinum.com\/files\/2016\/01\/Brunello-di-Montalcino-Tenuta-Nuova-Casanova-di-Neri.png","datePublished":"2021-04-15T09:00:13+00:00","dateModified":"2021-04-15T10:04:30+00:00","description":"CASANOVA DI NERI Tenuta Nuova Brunello di Montalcino 2016. Das warme Holz, die orientalische W\u00fcrze und der zarte Schmelz erg\u00e4nzen die Fruchtkomposition in aristokratischer Weise.","breadcrumb":{"@id":"https:\/\/fonsvinum.com\/de\/produkt\/casanova-di-neri-tenuta-nuova-brunello-di-montalcino-2016\/#breadcrumb"},"inLanguage":"de","potentialAction":[{"@type":"ReadAction","target":["https:\/\/fonsvinum.com\/de\/produkt\/casanova-di-neri-tenuta-nuova-brunello-di-montalcino-2016\/"]}]},{"@type":"ImageObject","inLanguage":"de","@id":"https:\/\/fonsvinum.com\/de\/produkt\/casanova-di-neri-tenuta-nuova-brunello-di-montalcino-2016\/#primaryimage","url":"https:\/\/fonsvinum.com\/files\/2016\/01\/Brunello-di-Montalcino-Tenuta-Nuova-Casanova-di-Neri.png","contentUrl":"https:\/\/fonsvinum.com\/files\/2016\/01\/Brunello-di-Montalcino-Tenuta-Nuova-Casanova-di-Neri.png","width":200,"height":600},{"@type":"BreadcrumbList","@id":"https:\/\/fonsvinum.com\/de\/produkt\/casanova-di-neri-tenuta-nuova-brunello-di-montalcino-2016\/#breadcrumb","itemListElement":[{"@type":"ListItem","position":1,"name":"Startseite","item":"https:\/\/fonsvinum.com\/de\/"},{"@type":"ListItem","position":2,"name":"Shop","item":"https:\/\/fonsvinum.com\/de\/shop\/"},{"@type":"ListItem","position":3,"name":"CASANOVA DI NERI Tenuta Nuova Brunello di Montalcino 2016"}]},{"@type":"WebSite","@id":"https:\/\/fonsvinum.com\/en\/#website","url":"https:\/\/fonsvinum.com\/en\/","name":"Fons Vinum","description":"Vendita Vino Online","publisher":{"@id":"https:\/\/fonsvinum.com\/en\/#organization"},"potentialAction":[{"@type":"SearchAction","target":{"@type":"EntryPoint","urlTemplate":"https:\/\/fonsvinum.com\/en\/?s={search_term_string}"},"query-input":{"@type":"PropertyValueSpecification","valueRequired":true,"valueName":"search_term_string"}}],"inLanguage":"de"},{"@type":"Organization","@id":"https:\/\/fonsvinum.com\/en\/#organization","name":"Fons Vinum","url":"https:\/\/fonsvinum.com\/en\/","logo":{"@type":"ImageObject","inLanguage":"de","@id":"https:\/\/fonsvinum.com\/en\/#\/schema\/logo\/image\/","url":"","contentUrl":"","caption":"Fons Vinum"},"image":{"@id":"https:\/\/fonsvinum.com\/en\/#\/schema\/logo\/image\/"}}]}},"acf":[],"_links":{"self":[{"href":"https:\/\/fonsvinum.com\/de\/wp-json\/wp\/v2\/product\/32132","targetHints":{"allow":["GET"]}}],"collection":[{"href":"https:\/\/fonsvinum.com\/de\/wp-json\/wp\/v2\/product"}],"about":[{"href":"https:\/\/fonsvinum.com\/de\/wp-json\/wp\/v2\/types\/product"}],"replies":[{"embeddable":true,"href":"https:\/\/fonsvinum.com\/de\/wp-json\/wp\/v2\/comments?post=32132"}],"wp:featuredmedia":[{"embeddable":true,"href":"https:\/\/fonsvinum.com\/de\/wp-json\/wp\/v2\/media\/7087"}],"wp:attachment":[{"href":"https:\/\/fonsvinum.com\/de\/wp-json\/wp\/v2\/media?parent=32132"}],"wp:term":[{"taxonomy":"product_brand","embeddable":true,"href":"https:\/\/fonsvinum.com\/de\/wp-json\/wp\/v2\/product_brand?post=32132"},{"taxonomy":"product_cat","embeddable":true,"href":"https:\/\/fonsvinum.com\/de\/wp-json\/wp\/v2\/product_cat?post=32132"},{"taxonomy":"product_tag","embeddable":true,"href":"https:\/\/fonsvinum.com\/de\/wp-json\/wp\/v2\/product_tag?post=32132"}],"curies":[{"name":"wp","href":"https:\/\/api.w.org\/{rel}","templated":true}]}}