{"id":31822,"date":"2021-03-30T12:40:40","date_gmt":"2021-03-30T10:40:40","guid":{"rendered":"https:\/\/fonsvinum.com\/?post_type=product&#038;p=31822"},"modified":"2021-03-30T12:56:19","modified_gmt":"2021-03-30T10:56:19","slug":"tenuta-san-guido-sassicaia-1997-magnum-owc","status":"publish","type":"product","link":"https:\/\/fonsvinum.com\/de\/produkt\/tenuta-san-guido-sassicaia-1997-magnum-owc\/","title":{"rendered":"TENUTA SAN GUIDO Sassicaia 1997 Magnum OWC"},"content":{"rendered":"<h3><em>&#8222;OWC&#8220;: Original Wooden Case<\/em><\/h3>\n<h2><a href=\"https:\/\/fonsvinum.com\/de\/?filter_producer=tenuta-san-guido-de&amp;s=TENUTA+SAN+GUIDO&amp;post_type=product\">TENUTA SAN GUIDO<\/a><\/h2>\n<article>\n<p class=\"bodytext\">Die Weing\u00e4rten der Tenuta San Guido befinden sich in der Spitzenlage Castiglioncello und erstrecken sich auch \u00fcber Quercione und Aia Nuova. Die Tenuta San Guido ist die Kultschmiede des Sassicaias, des wohl international bekanntesten Rotweins Italiens. Mit dem Guidalberto liefert man einen kleinen Sassicaia, der die Grundz\u00fcge des Kultweins in sich tr\u00e4gt, daf\u00fcr aber einen anderen Anspruch.<\/p>\n<h2><a href=\"https:\/\/fonsvinum.com\/de\/?s=SASSICAIA&amp;post_type=product\">SASSICAIA<\/a><\/h2>\n<p>&nbsp;<\/p>\n<\/article>\n","protected":false},"excerpt":{"rendered":"<p>&#8222;OWC&#8220;: Original Wooden Case TENUTA SAN GUIDO Die Weing\u00e4rten der Tenuta San Guido befinden sich in der Spitzenlage Castiglioncello und erstrecken sich auch \u00fcber Quercione und Aia Nuova. Die Tenuta San Guido ist die Kultschmiede des Sassicaias, des wohl international bekanntesten Rotweins Italiens. Mit dem Guidalberto liefert man einen kleinen Sassicaia, der die Grundz\u00fcge des [&hellip;]<\/p>\n","protected":false},"featured_media":31794,"comment_status":"open","ping_status":"closed","template":"","meta":{"_acf_changed":false,"_monsterinsights_skip_tracking":false,"_monsterinsights_sitenote_active":false,"_monsterinsights_sitenote_note":"","_monsterinsights_sitenote_category":0},"product_brand":[],"product_cat":[1693],"product_tag":[1751,17732,15959,1745,3583],"class_list":{"0":"post-31822","1":"product","2":"type-product","3":"status-publish","4":"has-post-thumbnail","6":"product_cat-blend-2-de","7":"product_tag-aussergewoehnliche-weine-aus-italien-de","8":"product_tag-magnum-de","9":"product_tag-vino-rosso-de","10":"product_tag-super-tuscan-de","11":"product_tag-vini-toscani-de","12":"pa_appellation-bolgheri-sassicaia-doc-de","13":"pa_formato-1-50-l-flasche-de","14":"pa_producer-tenuta-san-guido-de","15":"pa_region-toskana-de","16":"pa_vine-85-cabernet-sauvignon-15-cabernet-franc-de","17":"pa_vintage-1997-de","19":"first","20":"instock","21":"taxable","22":"shipping-taxable","23":"purchasable","24":"product-type-simple"},"bundled_by":[],"bundle_stock_status":"instock","bundle_stock_quantity":1,"bundle_virtual":false,"bundle_layout":"","bundle_add_to_cart_form_location":"","bundle_editable_in_cart":false,"bundle_sold_individually_context":"","bundle_item_grouping":"","bundle_min_size":"","bundle_max_size":"","bundle_price":[],"bundled_items":[],"bundle_sell_ids":[],"yoast_head":"<!-- This site is optimized with the Yoast SEO plugin v27.2 - https:\/\/yoast.com\/product\/yoast-seo-wordpress\/ -->\n<title>Buy online TENUTA SAN GUIDO Sassicaia 1997 Magnum OWC<\/title>\n<meta name=\"description\" content=\"Kaufen on line on Fons Vinum TENUTA SAN GUIDO Sassicaia 1997 Magnum OWC I Fons Vinum rare Weine aus Piedmont und Toskana\" \/>\n<meta name=\"robots\" content=\"index, follow, max-snippet:-1, max-image-preview:large, max-video-preview:-1\" \/>\n<link rel=\"canonical\" href=\"https:\/\/fonsvinum.com\/de\/produkt\/tenuta-san-guido-sassicaia-1997-magnum-owc\/\" \/>\n<meta property=\"og:locale\" content=\"de_DE\" \/>\n<meta property=\"og:type\" content=\"article\" \/>\n<meta property=\"og:title\" content=\"Buy online TENUTA SAN GUIDO Sassicaia 1997 Magnum OWC\" \/>\n<meta property=\"og:description\" content=\"Kaufen on line on Fons Vinum TENUTA SAN GUIDO Sassicaia 1997 Magnum OWC I Fons Vinum rare Weine aus Piedmont und Toskana\" \/>\n<meta property=\"og:url\" content=\"https:\/\/fonsvinum.com\/de\/produkt\/tenuta-san-guido-sassicaia-1997-magnum-owc\/\" \/>\n<meta property=\"og:site_name\" content=\"Fons Vinum\" \/>\n<meta property=\"article:modified_time\" content=\"2021-03-30T10:56:19+00:00\" \/>\n<meta property=\"og:image\" content=\"https:\/\/fonsvinum.com\/files\/2021\/03\/tenuta-san-guido-sassicaia-magnum-owc.jpg\" \/>\n\t<meta property=\"og:image:width\" content=\"300\" \/>\n\t<meta property=\"og:image:height\" content=\"600\" \/>\n\t<meta property=\"og:image:type\" content=\"image\/jpeg\" \/>\n<meta name=\"twitter:label1\" content=\"Gesch\u00e4tzte Lesezeit\" \/>\n\t<meta name=\"twitter:data1\" content=\"1\u00a0Minute\" \/>\n<script type=\"application\/ld+json\" class=\"yoast-schema-graph\">{\"@context\":\"https:\/\/schema.org\",\"@graph\":[{\"@type\":\"WebPage\",\"@id\":\"https:\/\/fonsvinum.com\/de\/produkt\/tenuta-san-guido-sassicaia-1997-magnum-owc\/\",\"url\":\"https:\/\/fonsvinum.com\/de\/produkt\/tenuta-san-guido-sassicaia-1997-magnum-owc\/\",\"name\":\"Buy online TENUTA SAN GUIDO Sassicaia 1997 Magnum OWC\",\"isPartOf\":{\"@id\":\"https:\/\/fonsvinum.com\/en\/#website\"},\"primaryImageOfPage\":{\"@id\":\"https:\/\/fonsvinum.com\/de\/produkt\/tenuta-san-guido-sassicaia-1997-magnum-owc\/#primaryimage\"},\"image\":{\"@id\":\"https:\/\/fonsvinum.com\/de\/produkt\/tenuta-san-guido-sassicaia-1997-magnum-owc\/#primaryimage\"},\"thumbnailUrl\":\"https:\/\/fonsvinum.com\/files\/2021\/03\/tenuta-san-guido-sassicaia-magnum-owc.jpg\",\"datePublished\":\"2021-03-30T10:40:40+00:00\",\"dateModified\":\"2021-03-30T10:56:19+00:00\",\"description\":\"Kaufen on line on Fons Vinum TENUTA SAN GUIDO Sassicaia 1997 Magnum OWC I Fons Vinum rare Weine aus Piedmont und Toskana\",\"breadcrumb\":{\"@id\":\"https:\/\/fonsvinum.com\/de\/produkt\/tenuta-san-guido-sassicaia-1997-magnum-owc\/#breadcrumb\"},\"inLanguage\":\"de\",\"potentialAction\":[{\"@type\":\"ReadAction\",\"target\":[\"https:\/\/fonsvinum.com\/de\/produkt\/tenuta-san-guido-sassicaia-1997-magnum-owc\/\"]}]},{\"@type\":\"ImageObject\",\"inLanguage\":\"de\",\"@id\":\"https:\/\/fonsvinum.com\/de\/produkt\/tenuta-san-guido-sassicaia-1997-magnum-owc\/#primaryimage\",\"url\":\"https:\/\/fonsvinum.com\/files\/2021\/03\/tenuta-san-guido-sassicaia-magnum-owc.jpg\",\"contentUrl\":\"https:\/\/fonsvinum.com\/files\/2021\/03\/tenuta-san-guido-sassicaia-magnum-owc.jpg\",\"width\":300,\"height\":600},{\"@type\":\"BreadcrumbList\",\"@id\":\"https:\/\/fonsvinum.com\/de\/produkt\/tenuta-san-guido-sassicaia-1997-magnum-owc\/#breadcrumb\",\"itemListElement\":[{\"@type\":\"ListItem\",\"position\":1,\"name\":\"Startseite\",\"item\":\"https:\/\/fonsvinum.com\/de\/\"},{\"@type\":\"ListItem\",\"position\":2,\"name\":\"Shop\",\"item\":\"https:\/\/fonsvinum.com\/de\/shop\/\"},{\"@type\":\"ListItem\",\"position\":3,\"name\":\"TENUTA SAN GUIDO Sassicaia 1997 Magnum OWC\"}]},{\"@type\":\"WebSite\",\"@id\":\"https:\/\/fonsvinum.com\/en\/#website\",\"url\":\"https:\/\/fonsvinum.com\/en\/\",\"name\":\"Fons Vinum\",\"description\":\"Vendita Vino Online\",\"publisher\":{\"@id\":\"https:\/\/fonsvinum.com\/en\/#organization\"},\"potentialAction\":[{\"@type\":\"SearchAction\",\"target\":{\"@type\":\"EntryPoint\",\"urlTemplate\":\"https:\/\/fonsvinum.com\/en\/?s={search_term_string}\"},\"query-input\":{\"@type\":\"PropertyValueSpecification\",\"valueRequired\":true,\"valueName\":\"search_term_string\"}}],\"inLanguage\":\"de\"},{\"@type\":\"Organization\",\"@id\":\"https:\/\/fonsvinum.com\/en\/#organization\",\"name\":\"Fons Vinum\",\"url\":\"https:\/\/fonsvinum.com\/en\/\",\"logo\":{\"@type\":\"ImageObject\",\"inLanguage\":\"de\",\"@id\":\"https:\/\/fonsvinum.com\/en\/#\/schema\/logo\/image\/\",\"url\":\"\",\"contentUrl\":\"\",\"caption\":\"Fons Vinum\"},\"image\":{\"@id\":\"https:\/\/fonsvinum.com\/en\/#\/schema\/logo\/image\/\"}}]}<\/script>\n<!-- \/ Yoast SEO plugin. -->","yoast_head_json":{"title":"Buy online TENUTA SAN GUIDO Sassicaia 1997 Magnum OWC","description":"Kaufen on line on Fons Vinum TENUTA SAN GUIDO Sassicaia 1997 Magnum OWC I Fons Vinum rare Weine aus Piedmont und Toskana","robots":{"index":"index","follow":"follow","max-snippet":"max-snippet:-1","max-image-preview":"max-image-preview:large","max-video-preview":"max-video-preview:-1"},"canonical":"https:\/\/fonsvinum.com\/de\/produkt\/tenuta-san-guido-sassicaia-1997-magnum-owc\/","og_locale":"de_DE","og_type":"article","og_title":"Buy online TENUTA SAN GUIDO Sassicaia 1997 Magnum OWC","og_description":"Kaufen on line on Fons Vinum TENUTA SAN GUIDO Sassicaia 1997 Magnum OWC I Fons Vinum rare Weine aus Piedmont und Toskana","og_url":"https:\/\/fonsvinum.com\/de\/produkt\/tenuta-san-guido-sassicaia-1997-magnum-owc\/","og_site_name":"Fons Vinum","article_modified_time":"2021-03-30T10:56:19+00:00","og_image":[{"width":300,"height":600,"url":"https:\/\/fonsvinum.com\/files\/2021\/03\/tenuta-san-guido-sassicaia-magnum-owc.jpg","type":"image\/jpeg"}],"twitter_misc":{"Gesch\u00e4tzte Lesezeit":"1\u00a0Minute"},"schema":{"@context":"https:\/\/schema.org","@graph":[{"@type":"WebPage","@id":"https:\/\/fonsvinum.com\/de\/produkt\/tenuta-san-guido-sassicaia-1997-magnum-owc\/","url":"https:\/\/fonsvinum.com\/de\/produkt\/tenuta-san-guido-sassicaia-1997-magnum-owc\/","name":"Buy online TENUTA SAN GUIDO Sassicaia 1997 Magnum OWC","isPartOf":{"@id":"https:\/\/fonsvinum.com\/en\/#website"},"primaryImageOfPage":{"@id":"https:\/\/fonsvinum.com\/de\/produkt\/tenuta-san-guido-sassicaia-1997-magnum-owc\/#primaryimage"},"image":{"@id":"https:\/\/fonsvinum.com\/de\/produkt\/tenuta-san-guido-sassicaia-1997-magnum-owc\/#primaryimage"},"thumbnailUrl":"https:\/\/fonsvinum.com\/files\/2021\/03\/tenuta-san-guido-sassicaia-magnum-owc.jpg","datePublished":"2021-03-30T10:40:40+00:00","dateModified":"2021-03-30T10:56:19+00:00","description":"Kaufen on line on Fons Vinum TENUTA SAN GUIDO Sassicaia 1997 Magnum OWC I Fons Vinum rare Weine aus Piedmont und Toskana","breadcrumb":{"@id":"https:\/\/fonsvinum.com\/de\/produkt\/tenuta-san-guido-sassicaia-1997-magnum-owc\/#breadcrumb"},"inLanguage":"de","potentialAction":[{"@type":"ReadAction","target":["https:\/\/fonsvinum.com\/de\/produkt\/tenuta-san-guido-sassicaia-1997-magnum-owc\/"]}]},{"@type":"ImageObject","inLanguage":"de","@id":"https:\/\/fonsvinum.com\/de\/produkt\/tenuta-san-guido-sassicaia-1997-magnum-owc\/#primaryimage","url":"https:\/\/fonsvinum.com\/files\/2021\/03\/tenuta-san-guido-sassicaia-magnum-owc.jpg","contentUrl":"https:\/\/fonsvinum.com\/files\/2021\/03\/tenuta-san-guido-sassicaia-magnum-owc.jpg","width":300,"height":600},{"@type":"BreadcrumbList","@id":"https:\/\/fonsvinum.com\/de\/produkt\/tenuta-san-guido-sassicaia-1997-magnum-owc\/#breadcrumb","itemListElement":[{"@type":"ListItem","position":1,"name":"Startseite","item":"https:\/\/fonsvinum.com\/de\/"},{"@type":"ListItem","position":2,"name":"Shop","item":"https:\/\/fonsvinum.com\/de\/shop\/"},{"@type":"ListItem","position":3,"name":"TENUTA SAN GUIDO Sassicaia 1997 Magnum OWC"}]},{"@type":"WebSite","@id":"https:\/\/fonsvinum.com\/en\/#website","url":"https:\/\/fonsvinum.com\/en\/","name":"Fons Vinum","description":"Vendita Vino Online","publisher":{"@id":"https:\/\/fonsvinum.com\/en\/#organization"},"potentialAction":[{"@type":"SearchAction","target":{"@type":"EntryPoint","urlTemplate":"https:\/\/fonsvinum.com\/en\/?s={search_term_string}"},"query-input":{"@type":"PropertyValueSpecification","valueRequired":true,"valueName":"search_term_string"}}],"inLanguage":"de"},{"@type":"Organization","@id":"https:\/\/fonsvinum.com\/en\/#organization","name":"Fons Vinum","url":"https:\/\/fonsvinum.com\/en\/","logo":{"@type":"ImageObject","inLanguage":"de","@id":"https:\/\/fonsvinum.com\/en\/#\/schema\/logo\/image\/","url":"","contentUrl":"","caption":"Fons Vinum"},"image":{"@id":"https:\/\/fonsvinum.com\/en\/#\/schema\/logo\/image\/"}}]}},"acf":[],"_links":{"self":[{"href":"https:\/\/fonsvinum.com\/de\/wp-json\/wp\/v2\/product\/31822","targetHints":{"allow":["GET"]}}],"collection":[{"href":"https:\/\/fonsvinum.com\/de\/wp-json\/wp\/v2\/product"}],"about":[{"href":"https:\/\/fonsvinum.com\/de\/wp-json\/wp\/v2\/types\/product"}],"replies":[{"embeddable":true,"href":"https:\/\/fonsvinum.com\/de\/wp-json\/wp\/v2\/comments?post=31822"}],"wp:featuredmedia":[{"embeddable":true,"href":"https:\/\/fonsvinum.com\/de\/wp-json\/wp\/v2\/media\/31794"}],"wp:attachment":[{"href":"https:\/\/fonsvinum.com\/de\/wp-json\/wp\/v2\/media?parent=31822"}],"wp:term":[{"taxonomy":"product_brand","embeddable":true,"href":"https:\/\/fonsvinum.com\/de\/wp-json\/wp\/v2\/product_brand?post=31822"},{"taxonomy":"product_cat","embeddable":true,"href":"https:\/\/fonsvinum.com\/de\/wp-json\/wp\/v2\/product_cat?post=31822"},{"taxonomy":"product_tag","embeddable":true,"href":"https:\/\/fonsvinum.com\/de\/wp-json\/wp\/v2\/product_tag?post=31822"}],"curies":[{"name":"wp","href":"https:\/\/api.w.org\/{rel}","templated":true}]}}