{"id":29704,"date":"2021-02-13T08:23:05","date_gmt":"2021-02-13T07:23:05","guid":{"rendered":"https:\/\/fonsvinum.com\/?post_type=product&#038;p=29704"},"modified":"2021-02-13T09:12:08","modified_gmt":"2021-02-13T08:12:08","slug":"marchesi-antinori-cervaro-della-sala-2019","status":"publish","type":"product","link":"https:\/\/fonsvinum.com\/de\/produkt\/marchesi-antinori-cervaro-della-sala-2019\/","title":{"rendered":"MARCHESI ANTINORI Cervaro della Sala 2019"},"content":{"rendered":"<h1><a href=\"https:\/\/fonsvinum.com\/de\/?s=MARCHESI+ANTINORI&amp;post_type=product\">MARCHESI ANTINORI<\/a> <a href=\"https:\/\/fonsvinum.com\/de\/?s=Cervaro+della+Sala+MARCHESI+ANTINORI&amp;post_type=product\">Cervaro della Sala<\/a> 2019<\/h1>\n<p>Der wohl ber\u00fchmteste Wei\u00dfwein Umbriens! Das komplexe Bouquet, dabei der intensiv fruchtige Geschmack mit feinen Vanillenoten und der unendlich erscheinende Abgang lassen diesen gro\u00dfartigen, 5 Monate in neuen Barriques gereiften Wein zu einem unvergesslichen Erlebnis werden.<\/p>\n<h2><span style=\"font-size: 16px\">WEINBEREITUNG<\/span><\/h2>\n<p><span style=\"font-size: 16px\">Die Vinifizierungskellerei ist so konstruiert, dass die Schwerkraft in vollem Umfang genutzt wird und damit eine Verarbeitung der Beeren und ihre Mazeration ohne mechanische Interventionen durch Pumpen m\u00f6glich ist. <\/span><span style=\"font-size: 16px\">Lese erfolgt in den allerersten Morgenstunden, damit die Fr\u00fcchte intakt und noch nicht gestresstvon den hohen Tagestemperaturen in der Kellereiankommen. <\/span><\/p>\n<p><span style=\"font-size: 16px\">Moste werden nach etwavierst\u00fcndiger Schalenmazeration bei 10\u00b0 C in kaskadierender Technik in Absetztanks umgef\u00fcllt, wo sie sich kl\u00e4ren, bevor sie in Barriques travasiert werden. Hier erfolgt dann erst die alkoholische und anschlie\u00dfend die malolaktische G\u00e4rung. Gew\u00f6hnlich sind die Chardonnay-Partien nach f\u00fcnf Monaten bereit f\u00fcr die erneute Umf\u00fcllung in Edelstahlbeh\u00e4lter und die Assemblage mit dem separat und &#8222;ohne Holz&#8220; vinifizierten Grechetto. <\/span><\/p>\n<p><span style=\"font-size: 16px\">Nach der Abf\u00fcllung in Flaschen verfeinert der Cervaro della Sala einige Monate in den historischen Kellereien des Castello della Sala, bevor er in den Handel kommt.lend strohgelber Farbe mit einigen gr\u00fcnlichen Reflexen, zeigt Toastnoten und Noten von Zitrusfr\u00fcchten und exotischen Fr\u00fcchten mit leichten Butternuancen. <\/span><\/p>\n<p><span style=\"font-size: 16px\">Am Gaumen markante Frische, Schmackhaftigkeit und eine angenehme Nachhaltigkeit. In seiner Jugendlichkeit, die schon erfreulich und einladend ist, l\u00e4sst er bereits ein gro\u00dfes Potenzial erahnen, das sich im Laufe der Jahre voll entfalten wird.<\/span><\/p>\n<p><strong>VERKOSTUNGSNOTIZEN<\/strong><\/p>\n<p>Der Cervaro della Sala 2019 pr\u00e4sentiert sich in hellgelber Farbe mit noch sichtbaren gr\u00fcnlichen Reflexen. An der Nase ist er intensiv und komplex mit Noten von Zitrusfr\u00fcchten, Ananas und Akazienbl\u00fcten in sch\u00f6ner Harmoniemit Ankl\u00e4ngen von Vanille und Feuerstein. Am Gaumen voll, fein und gut strukturiert; di e angenehme Schmackhaftigkeit istausbalanciertvon den typischen s\u00fc\u00dfen Noten von Nussbutter. Die Lese 2019 wird als einer der gro\u00dfen Jahrg\u00e4nge von Cervaro della Salain Erinnerung bleiben,ausdrucksvoll jetzt und in den kommenden Jahren.<\/p>\n","protected":false},"excerpt":{"rendered":"<p>MARCHESI ANTINORI Cervaro della Sala 2019 Der wohl ber\u00fchmteste Wei\u00dfwein Umbriens! Das komplexe Bouquet, dabei der intensiv fruchtige Geschmack mit feinen Vanillenoten und der unendlich erscheinende Abgang lassen diesen gro\u00dfartigen, 5 Monate in neuen Barriques gereiften Wein zu einem unvergesslichen Erlebnis werden. WEINBEREITUNG Die Vinifizierungskellerei ist so konstruiert, dass die Schwerkraft in vollem Umfang genutzt [&hellip;]<\/p>\n","protected":false},"featured_media":11645,"comment_status":"open","ping_status":"closed","template":"","meta":{"_acf_changed":false,"_monsterinsights_skip_tracking":false,"_monsterinsights_sitenote_active":false,"_monsterinsights_sitenote_note":"","_monsterinsights_sitenote_category":0},"product_brand":[],"product_cat":[2162,2266],"product_tag":[17744],"class_list":{"0":"post-29704","1":"product","2":"type-product","3":"status-publish","4":"has-post-thumbnail","6":"product_cat-blend","7":"product_cat-weissweine-de","8":"product_tag-vino-umbro-de","9":"pa_appellation-umbria-igt-de","10":"pa_formato-0-75-l-flasche-de","11":"pa_producer-marchesi-antinori-de","12":"pa_region-umbrien-de","13":"pa_vintage-2019-de","15":"first","16":"outofstock","17":"taxable","18":"shipping-taxable","19":"purchasable","20":"product-type-simple"},"bundled_by":[],"bundle_stock_status":"outofstock","bundle_stock_quantity":0,"bundle_virtual":false,"bundle_layout":"","bundle_add_to_cart_form_location":"","bundle_editable_in_cart":false,"bundle_sold_individually_context":"","bundle_item_grouping":"","bundle_min_size":"","bundle_max_size":"","bundle_price":[],"bundled_items":[],"bundle_sell_ids":[],"yoast_head":"<!-- This site is optimized with the Yoast SEO plugin v27.3 - https:\/\/yoast.com\/product\/yoast-seo-wordpress\/ -->\n<title>MARCHESI ANTINORI Cervaro della Sala 2019 fonsvinum<\/title>\n<meta name=\"description\" content=\"MARCHESI ANTINORI Cervaro della Sala 2019 von strahlend strohgelber Farbe mit einigen gr\u00fcnlichen Reflexen, zeigt Toastnoten und Noten von\" \/>\n<meta name=\"robots\" content=\"index, follow, max-snippet:-1, max-image-preview:large, max-video-preview:-1\" \/>\n<link rel=\"canonical\" href=\"https:\/\/fonsvinum.com\/de\/produkt\/marchesi-antinori-cervaro-della-sala-2019\/\" \/>\n<meta property=\"og:locale\" content=\"de_DE\" \/>\n<meta property=\"og:type\" content=\"article\" \/>\n<meta property=\"og:title\" content=\"MARCHESI ANTINORI Cervaro della Sala 2019 fonsvinum\" \/>\n<meta property=\"og:description\" content=\"MARCHESI ANTINORI Cervaro della Sala 2019 von strahlend strohgelber Farbe mit einigen gr\u00fcnlichen Reflexen, zeigt Toastnoten und Noten von\" \/>\n<meta property=\"og:url\" content=\"https:\/\/fonsvinum.com\/de\/produkt\/marchesi-antinori-cervaro-della-sala-2019\/\" \/>\n<meta property=\"og:site_name\" content=\"Fons Vinum\" \/>\n<meta property=\"article:modified_time\" content=\"2021-02-13T08:12:08+00:00\" \/>\n<meta property=\"og:image\" content=\"https:\/\/fonsvinum.com\/files\/2017\/07\/Cervaro-Della-Sala-Marchesi-Antinori-2015.jpg\" \/>\n\t<meta property=\"og:image:width\" content=\"200\" \/>\n\t<meta property=\"og:image:height\" content=\"600\" \/>\n\t<meta property=\"og:image:type\" content=\"image\/jpeg\" \/>\n<meta name=\"twitter:label1\" content=\"Gesch\u00e4tzte Lesezeit\" \/>\n\t<meta name=\"twitter:data1\" content=\"2\u00a0Minuten\" \/>\n<script type=\"application\/ld+json\" class=\"yoast-schema-graph\">{\"@context\":\"https:\\\/\\\/schema.org\",\"@graph\":[{\"@type\":\"WebPage\",\"@id\":\"https:\\\/\\\/fonsvinum.com\\\/de\\\/produkt\\\/marchesi-antinori-cervaro-della-sala-2019\\\/\",\"url\":\"https:\\\/\\\/fonsvinum.com\\\/de\\\/produkt\\\/marchesi-antinori-cervaro-della-sala-2019\\\/\",\"name\":\"MARCHESI ANTINORI Cervaro della Sala 2019 fonsvinum\",\"isPartOf\":{\"@id\":\"https:\\\/\\\/fonsvinum.com\\\/en\\\/#website\"},\"primaryImageOfPage\":{\"@id\":\"https:\\\/\\\/fonsvinum.com\\\/de\\\/produkt\\\/marchesi-antinori-cervaro-della-sala-2019\\\/#primaryimage\"},\"image\":{\"@id\":\"https:\\\/\\\/fonsvinum.com\\\/de\\\/produkt\\\/marchesi-antinori-cervaro-della-sala-2019\\\/#primaryimage\"},\"thumbnailUrl\":\"https:\\\/\\\/fonsvinum.com\\\/files\\\/2017\\\/07\\\/Cervaro-Della-Sala-Marchesi-Antinori-2015.jpg\",\"datePublished\":\"2021-02-13T07:23:05+00:00\",\"dateModified\":\"2021-02-13T08:12:08+00:00\",\"description\":\"MARCHESI ANTINORI Cervaro della Sala 2019 von strahlend strohgelber Farbe mit einigen gr\u00fcnlichen Reflexen, zeigt Toastnoten und Noten von\",\"breadcrumb\":{\"@id\":\"https:\\\/\\\/fonsvinum.com\\\/de\\\/produkt\\\/marchesi-antinori-cervaro-della-sala-2019\\\/#breadcrumb\"},\"inLanguage\":\"de\",\"potentialAction\":[{\"@type\":\"ReadAction\",\"target\":[\"https:\\\/\\\/fonsvinum.com\\\/de\\\/produkt\\\/marchesi-antinori-cervaro-della-sala-2019\\\/\"]}]},{\"@type\":\"ImageObject\",\"inLanguage\":\"de\",\"@id\":\"https:\\\/\\\/fonsvinum.com\\\/de\\\/produkt\\\/marchesi-antinori-cervaro-della-sala-2019\\\/#primaryimage\",\"url\":\"https:\\\/\\\/fonsvinum.com\\\/files\\\/2017\\\/07\\\/Cervaro-Della-Sala-Marchesi-Antinori-2015.jpg\",\"contentUrl\":\"https:\\\/\\\/fonsvinum.com\\\/files\\\/2017\\\/07\\\/Cervaro-Della-Sala-Marchesi-Antinori-2015.jpg\",\"width\":200,\"height\":600},{\"@type\":\"BreadcrumbList\",\"@id\":\"https:\\\/\\\/fonsvinum.com\\\/de\\\/produkt\\\/marchesi-antinori-cervaro-della-sala-2019\\\/#breadcrumb\",\"itemListElement\":[{\"@type\":\"ListItem\",\"position\":1,\"name\":\"Startseite\",\"item\":\"https:\\\/\\\/fonsvinum.com\\\/de\\\/\"},{\"@type\":\"ListItem\",\"position\":2,\"name\":\"Shop\",\"item\":\"https:\\\/\\\/fonsvinum.com\\\/de\\\/shop\\\/\"},{\"@type\":\"ListItem\",\"position\":3,\"name\":\"MARCHESI ANTINORI Cervaro della Sala 2019\"}]},{\"@type\":\"WebSite\",\"@id\":\"https:\\\/\\\/fonsvinum.com\\\/en\\\/#website\",\"url\":\"https:\\\/\\\/fonsvinum.com\\\/en\\\/\",\"name\":\"Fons Vinum\",\"description\":\"Vendita Vino Online\",\"publisher\":{\"@id\":\"https:\\\/\\\/fonsvinum.com\\\/en\\\/#organization\"},\"potentialAction\":[{\"@type\":\"SearchAction\",\"target\":{\"@type\":\"EntryPoint\",\"urlTemplate\":\"https:\\\/\\\/fonsvinum.com\\\/en\\\/?s={search_term_string}\"},\"query-input\":{\"@type\":\"PropertyValueSpecification\",\"valueRequired\":true,\"valueName\":\"search_term_string\"}}],\"inLanguage\":\"de\"},{\"@type\":\"Organization\",\"@id\":\"https:\\\/\\\/fonsvinum.com\\\/en\\\/#organization\",\"name\":\"Fons Vinum\",\"url\":\"https:\\\/\\\/fonsvinum.com\\\/en\\\/\",\"logo\":{\"@type\":\"ImageObject\",\"inLanguage\":\"de\",\"@id\":\"https:\\\/\\\/fonsvinum.com\\\/en\\\/#\\\/schema\\\/logo\\\/image\\\/\",\"url\":\"\",\"contentUrl\":\"\",\"caption\":\"Fons Vinum\"},\"image\":{\"@id\":\"https:\\\/\\\/fonsvinum.com\\\/en\\\/#\\\/schema\\\/logo\\\/image\\\/\"}}]}<\/script>\n<!-- \/ Yoast SEO plugin. -->","yoast_head_json":{"title":"MARCHESI ANTINORI Cervaro della Sala 2019 fonsvinum","description":"MARCHESI ANTINORI Cervaro della Sala 2019 von strahlend strohgelber Farbe mit einigen gr\u00fcnlichen Reflexen, zeigt Toastnoten und Noten von","robots":{"index":"index","follow":"follow","max-snippet":"max-snippet:-1","max-image-preview":"max-image-preview:large","max-video-preview":"max-video-preview:-1"},"canonical":"https:\/\/fonsvinum.com\/de\/produkt\/marchesi-antinori-cervaro-della-sala-2019\/","og_locale":"de_DE","og_type":"article","og_title":"MARCHESI ANTINORI Cervaro della Sala 2019 fonsvinum","og_description":"MARCHESI ANTINORI Cervaro della Sala 2019 von strahlend strohgelber Farbe mit einigen gr\u00fcnlichen Reflexen, zeigt Toastnoten und Noten von","og_url":"https:\/\/fonsvinum.com\/de\/produkt\/marchesi-antinori-cervaro-della-sala-2019\/","og_site_name":"Fons Vinum","article_modified_time":"2021-02-13T08:12:08+00:00","og_image":[{"width":200,"height":600,"url":"https:\/\/fonsvinum.com\/files\/2017\/07\/Cervaro-Della-Sala-Marchesi-Antinori-2015.jpg","type":"image\/jpeg"}],"twitter_misc":{"Gesch\u00e4tzte Lesezeit":"2\u00a0Minuten"},"schema":{"@context":"https:\/\/schema.org","@graph":[{"@type":"WebPage","@id":"https:\/\/fonsvinum.com\/de\/produkt\/marchesi-antinori-cervaro-della-sala-2019\/","url":"https:\/\/fonsvinum.com\/de\/produkt\/marchesi-antinori-cervaro-della-sala-2019\/","name":"MARCHESI ANTINORI Cervaro della Sala 2019 fonsvinum","isPartOf":{"@id":"https:\/\/fonsvinum.com\/en\/#website"},"primaryImageOfPage":{"@id":"https:\/\/fonsvinum.com\/de\/produkt\/marchesi-antinori-cervaro-della-sala-2019\/#primaryimage"},"image":{"@id":"https:\/\/fonsvinum.com\/de\/produkt\/marchesi-antinori-cervaro-della-sala-2019\/#primaryimage"},"thumbnailUrl":"https:\/\/fonsvinum.com\/files\/2017\/07\/Cervaro-Della-Sala-Marchesi-Antinori-2015.jpg","datePublished":"2021-02-13T07:23:05+00:00","dateModified":"2021-02-13T08:12:08+00:00","description":"MARCHESI ANTINORI Cervaro della Sala 2019 von strahlend strohgelber Farbe mit einigen gr\u00fcnlichen Reflexen, zeigt Toastnoten und Noten von","breadcrumb":{"@id":"https:\/\/fonsvinum.com\/de\/produkt\/marchesi-antinori-cervaro-della-sala-2019\/#breadcrumb"},"inLanguage":"de","potentialAction":[{"@type":"ReadAction","target":["https:\/\/fonsvinum.com\/de\/produkt\/marchesi-antinori-cervaro-della-sala-2019\/"]}]},{"@type":"ImageObject","inLanguage":"de","@id":"https:\/\/fonsvinum.com\/de\/produkt\/marchesi-antinori-cervaro-della-sala-2019\/#primaryimage","url":"https:\/\/fonsvinum.com\/files\/2017\/07\/Cervaro-Della-Sala-Marchesi-Antinori-2015.jpg","contentUrl":"https:\/\/fonsvinum.com\/files\/2017\/07\/Cervaro-Della-Sala-Marchesi-Antinori-2015.jpg","width":200,"height":600},{"@type":"BreadcrumbList","@id":"https:\/\/fonsvinum.com\/de\/produkt\/marchesi-antinori-cervaro-della-sala-2019\/#breadcrumb","itemListElement":[{"@type":"ListItem","position":1,"name":"Startseite","item":"https:\/\/fonsvinum.com\/de\/"},{"@type":"ListItem","position":2,"name":"Shop","item":"https:\/\/fonsvinum.com\/de\/shop\/"},{"@type":"ListItem","position":3,"name":"MARCHESI ANTINORI Cervaro della Sala 2019"}]},{"@type":"WebSite","@id":"https:\/\/fonsvinum.com\/en\/#website","url":"https:\/\/fonsvinum.com\/en\/","name":"Fons Vinum","description":"Vendita Vino Online","publisher":{"@id":"https:\/\/fonsvinum.com\/en\/#organization"},"potentialAction":[{"@type":"SearchAction","target":{"@type":"EntryPoint","urlTemplate":"https:\/\/fonsvinum.com\/en\/?s={search_term_string}"},"query-input":{"@type":"PropertyValueSpecification","valueRequired":true,"valueName":"search_term_string"}}],"inLanguage":"de"},{"@type":"Organization","@id":"https:\/\/fonsvinum.com\/en\/#organization","name":"Fons Vinum","url":"https:\/\/fonsvinum.com\/en\/","logo":{"@type":"ImageObject","inLanguage":"de","@id":"https:\/\/fonsvinum.com\/en\/#\/schema\/logo\/image\/","url":"","contentUrl":"","caption":"Fons Vinum"},"image":{"@id":"https:\/\/fonsvinum.com\/en\/#\/schema\/logo\/image\/"}}]}},"acf":[],"_links":{"self":[{"href":"https:\/\/fonsvinum.com\/de\/wp-json\/wp\/v2\/product\/29704","targetHints":{"allow":["GET"]}}],"collection":[{"href":"https:\/\/fonsvinum.com\/de\/wp-json\/wp\/v2\/product"}],"about":[{"href":"https:\/\/fonsvinum.com\/de\/wp-json\/wp\/v2\/types\/product"}],"replies":[{"embeddable":true,"href":"https:\/\/fonsvinum.com\/de\/wp-json\/wp\/v2\/comments?post=29704"}],"wp:featuredmedia":[{"embeddable":true,"href":"https:\/\/fonsvinum.com\/de\/wp-json\/wp\/v2\/media\/11645"}],"wp:attachment":[{"href":"https:\/\/fonsvinum.com\/de\/wp-json\/wp\/v2\/media?parent=29704"}],"wp:term":[{"taxonomy":"product_brand","embeddable":true,"href":"https:\/\/fonsvinum.com\/de\/wp-json\/wp\/v2\/product_brand?post=29704"},{"taxonomy":"product_cat","embeddable":true,"href":"https:\/\/fonsvinum.com\/de\/wp-json\/wp\/v2\/product_cat?post=29704"},{"taxonomy":"product_tag","embeddable":true,"href":"https:\/\/fonsvinum.com\/de\/wp-json\/wp\/v2\/product_tag?post=29704"}],"curies":[{"name":"wp","href":"https:\/\/api.w.org\/{rel}","templated":true}]}}