{"id":29614,"date":"2021-02-10T18:18:50","date_gmt":"2021-02-10T17:18:50","guid":{"rendered":"https:\/\/fonsvinum.com\/?post_type=product&#038;p=29614"},"modified":"2021-02-11T15:13:04","modified_gmt":"2021-02-11T14:13:04","slug":"bartolo-mascarello-nebbiolo-2018","status":"publish","type":"product","link":"https:\/\/fonsvinum.com\/de\/produkt\/bartolo-mascarello-nebbiolo-2018\/","title":{"rendered":"BARTOLO MASCARELLO Nebbiolo 2018"},"content":{"rendered":"<h1><a href=\"https:\/\/fonsvinum.com\/de\/?s=BARTOLO+MASCARELLO&amp;post_type=product\">BARTOLO MASCARELLO<\/a> <a href=\"https:\/\/fonsvinum.com\/de\/?s=LANGHE+NEBBIOLO+BARTOLO+MASCARELLO&amp;post_type=product\">Nebbiolo<\/a> 2018<\/h1>\n<h2>BARTOLO MASCARELLO Langhe Nebbiolo<\/h2>\n<p>Die Trauben f\u00fcr den Barolo stammen aus den Einzellagen Cannubi, Rocche Annunziata, Ru\u00e9 und San Lorenzo und werden naturnah angebaut. Der Ausbau erfolgt traditionell in gro\u00dfen gebrauchten Holzf\u00e4ssern. Da die produzierte Menge des Weinguts \u00e4usserst gering ist, d\u00fcrfen wir uns sehr gl\u00fccklich sch\u00e4tzen, dass wir einige Flaschen dieser Kostbarkeit ergattern konnten!<\/p>\n<p>&nbsp;<\/p>\n<p>&nbsp;<\/p>\n","protected":false},"excerpt":{"rendered":"<p>BARTOLO MASCARELLO Nebbiolo 2018 BARTOLO MASCARELLO Langhe Nebbiolo Die Trauben f\u00fcr den Barolo stammen aus den Einzellagen Cannubi, Rocche Annunziata, Ru\u00e9 und San Lorenzo und werden naturnah angebaut. Der Ausbau erfolgt traditionell in gro\u00dfen gebrauchten Holzf\u00e4ssern. Da die produzierte Menge des Weinguts \u00e4usserst gering ist, d\u00fcrfen wir uns sehr gl\u00fccklich sch\u00e4tzen, dass wir einige Flaschen [&hellip;]<\/p>\n","protected":false},"featured_media":22256,"comment_status":"open","ping_status":"closed","template":"","meta":{"_acf_changed":false,"_monsterinsights_skip_tracking":false,"_monsterinsights_sitenote_active":false,"_monsterinsights_sitenote_note":"","_monsterinsights_sitenote_category":0},"product_brand":[],"product_cat":[2356,2332],"product_tag":[15903,15893],"class_list":{"0":"post-29614","1":"product","2":"type-product","3":"status-publish","4":"has-post-thumbnail","6":"product_cat-nebbiolo-de","7":"product_cat-rotweine-de","8":"product_tag-barolo-de","9":"product_tag-piemonte-de","10":"pa_appellation-langhe-nebbiolo-doc-de","11":"pa_formato-0-75-l-flasche-de","12":"pa_producer-bartolo-mascarello-de-2","13":"pa_region-piemont-de","14":"pa_vine-nebbiolo-de","15":"pa_vintage-2018-de","17":"first","18":"outofstock","19":"taxable","20":"shipping-taxable","21":"purchasable","22":"product-type-simple"},"bundled_by":[],"bundle_stock_status":"outofstock","bundle_stock_quantity":0,"bundle_virtual":false,"bundle_layout":"","bundle_add_to_cart_form_location":"","bundle_editable_in_cart":false,"bundle_sold_individually_context":"","bundle_item_grouping":"","bundle_min_size":"","bundle_max_size":"","bundle_price":[],"bundled_items":[],"bundle_sell_ids":[],"yoast_head":"<!-- This site is optimized with the Yoast SEO plugin v27.3 - https:\/\/yoast.com\/product\/yoast-seo-wordpress\/ -->\n<title>BARTOLO MASCARELLO Langhe Nebbiolo 2018 I on line Fons Vinum<\/title>\n<meta name=\"description\" content=\"BARTOLO MASCARELLO Langhe Nebbiolo 2018 Die Trauben f\u00fcr den Barolo stammen aus den Einzellagen Cannubi. Rocche Annunziata, Ru\u00e9 und San...\" \/>\n<meta name=\"robots\" content=\"index, follow, max-snippet:-1, max-image-preview:large, max-video-preview:-1\" \/>\n<link rel=\"canonical\" href=\"https:\/\/fonsvinum.com\/de\/produkt\/bartolo-mascarello-nebbiolo-2018\/\" \/>\n<meta property=\"og:locale\" content=\"de_DE\" \/>\n<meta property=\"og:type\" content=\"article\" \/>\n<meta property=\"og:title\" content=\"BARTOLO MASCARELLO Langhe Nebbiolo 2018 I on line Fons Vinum\" \/>\n<meta property=\"og:description\" content=\"BARTOLO MASCARELLO Langhe Nebbiolo 2018 Die Trauben f\u00fcr den Barolo stammen aus den Einzellagen Cannubi. Rocche Annunziata, Ru\u00e9 und San...\" \/>\n<meta property=\"og:url\" content=\"https:\/\/fonsvinum.com\/de\/produkt\/bartolo-mascarello-nebbiolo-2018\/\" \/>\n<meta property=\"og:site_name\" content=\"Fons Vinum\" \/>\n<meta property=\"article:modified_time\" content=\"2021-02-11T14:13:04+00:00\" \/>\n<meta property=\"og:image\" content=\"https:\/\/fonsvinum.com\/files\/2020\/02\/nebbiolo-bartolo-mascarello.jpg\" \/>\n\t<meta property=\"og:image:width\" content=\"200\" \/>\n\t<meta property=\"og:image:height\" content=\"600\" \/>\n\t<meta property=\"og:image:type\" content=\"image\/jpeg\" \/>\n<meta name=\"twitter:label1\" content=\"Gesch\u00e4tzte Lesezeit\" \/>\n\t<meta name=\"twitter:data1\" content=\"1\u00a0Minute\" \/>\n<script type=\"application\/ld+json\" class=\"yoast-schema-graph\">{\"@context\":\"https:\\\/\\\/schema.org\",\"@graph\":[{\"@type\":\"WebPage\",\"@id\":\"https:\\\/\\\/fonsvinum.com\\\/de\\\/produkt\\\/bartolo-mascarello-nebbiolo-2018\\\/\",\"url\":\"https:\\\/\\\/fonsvinum.com\\\/de\\\/produkt\\\/bartolo-mascarello-nebbiolo-2018\\\/\",\"name\":\"BARTOLO MASCARELLO Langhe Nebbiolo 2018 I on line Fons Vinum\",\"isPartOf\":{\"@id\":\"https:\\\/\\\/fonsvinum.com\\\/en\\\/#website\"},\"primaryImageOfPage\":{\"@id\":\"https:\\\/\\\/fonsvinum.com\\\/de\\\/produkt\\\/bartolo-mascarello-nebbiolo-2018\\\/#primaryimage\"},\"image\":{\"@id\":\"https:\\\/\\\/fonsvinum.com\\\/de\\\/produkt\\\/bartolo-mascarello-nebbiolo-2018\\\/#primaryimage\"},\"thumbnailUrl\":\"https:\\\/\\\/fonsvinum.com\\\/files\\\/2020\\\/02\\\/nebbiolo-bartolo-mascarello.jpg\",\"datePublished\":\"2021-02-10T17:18:50+00:00\",\"dateModified\":\"2021-02-11T14:13:04+00:00\",\"description\":\"BARTOLO MASCARELLO Langhe Nebbiolo 2018 Die Trauben f\u00fcr den Barolo stammen aus den Einzellagen Cannubi. Rocche Annunziata, Ru\u00e9 und San...\",\"breadcrumb\":{\"@id\":\"https:\\\/\\\/fonsvinum.com\\\/de\\\/produkt\\\/bartolo-mascarello-nebbiolo-2018\\\/#breadcrumb\"},\"inLanguage\":\"de\",\"potentialAction\":[{\"@type\":\"ReadAction\",\"target\":[\"https:\\\/\\\/fonsvinum.com\\\/de\\\/produkt\\\/bartolo-mascarello-nebbiolo-2018\\\/\"]}]},{\"@type\":\"ImageObject\",\"inLanguage\":\"de\",\"@id\":\"https:\\\/\\\/fonsvinum.com\\\/de\\\/produkt\\\/bartolo-mascarello-nebbiolo-2018\\\/#primaryimage\",\"url\":\"https:\\\/\\\/fonsvinum.com\\\/files\\\/2020\\\/02\\\/nebbiolo-bartolo-mascarello.jpg\",\"contentUrl\":\"https:\\\/\\\/fonsvinum.com\\\/files\\\/2020\\\/02\\\/nebbiolo-bartolo-mascarello.jpg\",\"width\":200,\"height\":600},{\"@type\":\"BreadcrumbList\",\"@id\":\"https:\\\/\\\/fonsvinum.com\\\/de\\\/produkt\\\/bartolo-mascarello-nebbiolo-2018\\\/#breadcrumb\",\"itemListElement\":[{\"@type\":\"ListItem\",\"position\":1,\"name\":\"Startseite\",\"item\":\"https:\\\/\\\/fonsvinum.com\\\/de\\\/\"},{\"@type\":\"ListItem\",\"position\":2,\"name\":\"Shop\",\"item\":\"https:\\\/\\\/fonsvinum.com\\\/de\\\/shop\\\/\"},{\"@type\":\"ListItem\",\"position\":3,\"name\":\"BARTOLO MASCARELLO Nebbiolo 2018\"}]},{\"@type\":\"WebSite\",\"@id\":\"https:\\\/\\\/fonsvinum.com\\\/en\\\/#website\",\"url\":\"https:\\\/\\\/fonsvinum.com\\\/en\\\/\",\"name\":\"Fons Vinum\",\"description\":\"Vendita Vino Online\",\"publisher\":{\"@id\":\"https:\\\/\\\/fonsvinum.com\\\/en\\\/#organization\"},\"potentialAction\":[{\"@type\":\"SearchAction\",\"target\":{\"@type\":\"EntryPoint\",\"urlTemplate\":\"https:\\\/\\\/fonsvinum.com\\\/en\\\/?s={search_term_string}\"},\"query-input\":{\"@type\":\"PropertyValueSpecification\",\"valueRequired\":true,\"valueName\":\"search_term_string\"}}],\"inLanguage\":\"de\"},{\"@type\":\"Organization\",\"@id\":\"https:\\\/\\\/fonsvinum.com\\\/en\\\/#organization\",\"name\":\"Fons Vinum\",\"url\":\"https:\\\/\\\/fonsvinum.com\\\/en\\\/\",\"logo\":{\"@type\":\"ImageObject\",\"inLanguage\":\"de\",\"@id\":\"https:\\\/\\\/fonsvinum.com\\\/en\\\/#\\\/schema\\\/logo\\\/image\\\/\",\"url\":\"\",\"contentUrl\":\"\",\"caption\":\"Fons Vinum\"},\"image\":{\"@id\":\"https:\\\/\\\/fonsvinum.com\\\/en\\\/#\\\/schema\\\/logo\\\/image\\\/\"}}]}<\/script>\n<!-- \/ Yoast SEO plugin. -->","yoast_head_json":{"title":"BARTOLO MASCARELLO Langhe Nebbiolo 2018 I on line Fons Vinum","description":"BARTOLO MASCARELLO Langhe Nebbiolo 2018 Die Trauben f\u00fcr den Barolo stammen aus den Einzellagen Cannubi. Rocche Annunziata, Ru\u00e9 und San...","robots":{"index":"index","follow":"follow","max-snippet":"max-snippet:-1","max-image-preview":"max-image-preview:large","max-video-preview":"max-video-preview:-1"},"canonical":"https:\/\/fonsvinum.com\/de\/produkt\/bartolo-mascarello-nebbiolo-2018\/","og_locale":"de_DE","og_type":"article","og_title":"BARTOLO MASCARELLO Langhe Nebbiolo 2018 I on line Fons Vinum","og_description":"BARTOLO MASCARELLO Langhe Nebbiolo 2018 Die Trauben f\u00fcr den Barolo stammen aus den Einzellagen Cannubi. Rocche Annunziata, Ru\u00e9 und San...","og_url":"https:\/\/fonsvinum.com\/de\/produkt\/bartolo-mascarello-nebbiolo-2018\/","og_site_name":"Fons Vinum","article_modified_time":"2021-02-11T14:13:04+00:00","og_image":[{"width":200,"height":600,"url":"https:\/\/fonsvinum.com\/files\/2020\/02\/nebbiolo-bartolo-mascarello.jpg","type":"image\/jpeg"}],"twitter_misc":{"Gesch\u00e4tzte Lesezeit":"1\u00a0Minute"},"schema":{"@context":"https:\/\/schema.org","@graph":[{"@type":"WebPage","@id":"https:\/\/fonsvinum.com\/de\/produkt\/bartolo-mascarello-nebbiolo-2018\/","url":"https:\/\/fonsvinum.com\/de\/produkt\/bartolo-mascarello-nebbiolo-2018\/","name":"BARTOLO MASCARELLO Langhe Nebbiolo 2018 I on line Fons Vinum","isPartOf":{"@id":"https:\/\/fonsvinum.com\/en\/#website"},"primaryImageOfPage":{"@id":"https:\/\/fonsvinum.com\/de\/produkt\/bartolo-mascarello-nebbiolo-2018\/#primaryimage"},"image":{"@id":"https:\/\/fonsvinum.com\/de\/produkt\/bartolo-mascarello-nebbiolo-2018\/#primaryimage"},"thumbnailUrl":"https:\/\/fonsvinum.com\/files\/2020\/02\/nebbiolo-bartolo-mascarello.jpg","datePublished":"2021-02-10T17:18:50+00:00","dateModified":"2021-02-11T14:13:04+00:00","description":"BARTOLO MASCARELLO Langhe Nebbiolo 2018 Die Trauben f\u00fcr den Barolo stammen aus den Einzellagen Cannubi. Rocche Annunziata, Ru\u00e9 und San...","breadcrumb":{"@id":"https:\/\/fonsvinum.com\/de\/produkt\/bartolo-mascarello-nebbiolo-2018\/#breadcrumb"},"inLanguage":"de","potentialAction":[{"@type":"ReadAction","target":["https:\/\/fonsvinum.com\/de\/produkt\/bartolo-mascarello-nebbiolo-2018\/"]}]},{"@type":"ImageObject","inLanguage":"de","@id":"https:\/\/fonsvinum.com\/de\/produkt\/bartolo-mascarello-nebbiolo-2018\/#primaryimage","url":"https:\/\/fonsvinum.com\/files\/2020\/02\/nebbiolo-bartolo-mascarello.jpg","contentUrl":"https:\/\/fonsvinum.com\/files\/2020\/02\/nebbiolo-bartolo-mascarello.jpg","width":200,"height":600},{"@type":"BreadcrumbList","@id":"https:\/\/fonsvinum.com\/de\/produkt\/bartolo-mascarello-nebbiolo-2018\/#breadcrumb","itemListElement":[{"@type":"ListItem","position":1,"name":"Startseite","item":"https:\/\/fonsvinum.com\/de\/"},{"@type":"ListItem","position":2,"name":"Shop","item":"https:\/\/fonsvinum.com\/de\/shop\/"},{"@type":"ListItem","position":3,"name":"BARTOLO MASCARELLO Nebbiolo 2018"}]},{"@type":"WebSite","@id":"https:\/\/fonsvinum.com\/en\/#website","url":"https:\/\/fonsvinum.com\/en\/","name":"Fons Vinum","description":"Vendita Vino Online","publisher":{"@id":"https:\/\/fonsvinum.com\/en\/#organization"},"potentialAction":[{"@type":"SearchAction","target":{"@type":"EntryPoint","urlTemplate":"https:\/\/fonsvinum.com\/en\/?s={search_term_string}"},"query-input":{"@type":"PropertyValueSpecification","valueRequired":true,"valueName":"search_term_string"}}],"inLanguage":"de"},{"@type":"Organization","@id":"https:\/\/fonsvinum.com\/en\/#organization","name":"Fons Vinum","url":"https:\/\/fonsvinum.com\/en\/","logo":{"@type":"ImageObject","inLanguage":"de","@id":"https:\/\/fonsvinum.com\/en\/#\/schema\/logo\/image\/","url":"","contentUrl":"","caption":"Fons Vinum"},"image":{"@id":"https:\/\/fonsvinum.com\/en\/#\/schema\/logo\/image\/"}}]}},"acf":[],"_links":{"self":[{"href":"https:\/\/fonsvinum.com\/de\/wp-json\/wp\/v2\/product\/29614","targetHints":{"allow":["GET"]}}],"collection":[{"href":"https:\/\/fonsvinum.com\/de\/wp-json\/wp\/v2\/product"}],"about":[{"href":"https:\/\/fonsvinum.com\/de\/wp-json\/wp\/v2\/types\/product"}],"replies":[{"embeddable":true,"href":"https:\/\/fonsvinum.com\/de\/wp-json\/wp\/v2\/comments?post=29614"}],"wp:featuredmedia":[{"embeddable":true,"href":"https:\/\/fonsvinum.com\/de\/wp-json\/wp\/v2\/media\/22256"}],"wp:attachment":[{"href":"https:\/\/fonsvinum.com\/de\/wp-json\/wp\/v2\/media?parent=29614"}],"wp:term":[{"taxonomy":"product_brand","embeddable":true,"href":"https:\/\/fonsvinum.com\/de\/wp-json\/wp\/v2\/product_brand?post=29614"},{"taxonomy":"product_cat","embeddable":true,"href":"https:\/\/fonsvinum.com\/de\/wp-json\/wp\/v2\/product_cat?post=29614"},{"taxonomy":"product_tag","embeddable":true,"href":"https:\/\/fonsvinum.com\/de\/wp-json\/wp\/v2\/product_tag?post=29614"}],"curies":[{"name":"wp","href":"https:\/\/api.w.org\/{rel}","templated":true}]}}