{"id":29366,"date":"2021-02-01T08:29:21","date_gmt":"2021-02-01T07:29:21","guid":{"rendered":"https:\/\/fonsvinum.com\/?post_type=product&#038;p=29366"},"modified":"2026-04-23T05:47:00","modified_gmt":"2026-04-23T03:47:00","slug":"gaja-barbaresco-2017","status":"publish","type":"product","link":"https:\/\/fonsvinum.com\/de\/produkt\/gaja-barbaresco-2017\/","title":{"rendered":"GAJA Barbaresco 2017"},"content":{"rendered":"<h2>Weingut <a href=\"https:\/\/fonsvinum.com\/de\/attributes\/producer\/gaja-de\/\">GAJA<\/a><\/h2>\n<p><a href=\"https:\/\/www.gajadistribuzione.it\/\">Gaja<\/a> ist heute ein Weingut, das allein im Piemont fast 100 Hektar kontrollierte Weinberge in Eigenbesitz z\u00e4hlt. Das Weingut Gaja wurde 1859 in Barbaresco, im Herzen der Langhe, gegr\u00fcndet und gilt seit jeher als einer der symboltr\u00e4chtigen Namen in der Produktion von Barbaresco. <\/p>\n<p>Vom Gr\u00fcnder Giovanni bis zu Angelo Gaja hat diese Familie stets nach Qualit\u00e4t gestrebt. Das Piemont ist eine der berufensten Regionen f\u00fcr die Produktion gro\u00dfer Weine. Hier nimmt der Nebbiolo oft poetische Z\u00fcge an.  <\/p>\n<p>Angelo Gaja hatte in den 60er Jahren das Verdienst, die Traditionen zu erneuern. Dies bedeutete die Einf\u00fchrung neuer Techniken wie die Reduzierung des Ertrags pro Hektar, eine bessere Kontrolle der G\u00e4rtemperatur, einen sorgf\u00e4ltigen Einsatz des Barriques, die Verwendung l\u00e4ngerer Korken.<br \/>\nSo verstand es Gaja, mit der Zeit zu gehen, ohne in den Fehler zu verfallen, in der Tradition zu erstarren. Ein Erfolg also, der mit Intelligenz und Intuition aufgebaut, von der Strenge und den Opfern der Vorg\u00e4nger geerbt und in den letzten Jahrzehnten dank der hervorragenden F\u00fchrung von Angelo entwickelt und gefestigt wurde.  <\/p>\n<p>Gaja hat um sich herum das Image einer starken und unverzichtbaren Marke aufgebaut, Symbol f\u00fcr die Gr\u00f6\u00dfe des Barbaresco und eines Weins, der die Poesie seines Terroirs im Glas zu erz\u00e4hlen wei\u00df.<\/p>\n<h2><a href=\"https:\/\/fonsvinum.com\/?s=BARBARESCO&amp;post_type=product\">BARBARESCO<\/a><\/h2>\n<p>Der Barbaresco von Gaja ist ein Wein von immensem Reichtum und Ausdruckskraft, erzeugt von einem legend\u00e4ren Weingut der Langhe.<\/p>\n<p>Edle Flaschen, denen Sie einen Ehrenplatz im Keller vorbehalten sollten, um sie im richtigen Moment zu \u00f6ffnen und ihre vorz\u00fcgliche Komplexit\u00e4t in vollen Z\u00fcgen zu genie\u00dfen!<\/p>\n<h3>-Verkostungsnotizen-<\/h3>\n<p>Der Barbaresco Gaja ist entschieden, w\u00fcrzig, lakritzig, streng, R\u00f6stnoten, Kaffee, Mentholnuancen, Heidelbeere und balsamische Ankl\u00e4nge. Alles ist wunderbar definiert. <\/p>\n<ul>\n<li>Am <strong>Gaumen<\/strong> ist er \u00e4u\u00dferst reichhaltig, von gro\u00dfer Eleganz, mit entschiedenen und pr\u00e4zisen Tanninen. S\u00fc\u00dfes und sehr langes Finale. <\/li>\n<li>Ein Barbaresco mit \u00fcberbordender <strong>Nase,<\/strong> gro\u00dfer Struktur und s\u00fc\u00dfem, schmeichelndem Finale.<\/li>\n<\/ul>\n","protected":false},"excerpt":{"rendered":"<p>Weingut GAJA Gaja ist heute ein Weingut, das allein im Piemont fast 100 Hektar kontrollierte Weinberge in Eigenbesitz z\u00e4hlt. Das Weingut Gaja wurde 1859 in Barbaresco, im Herzen der Langhe, gegr\u00fcndet und gilt seit jeher als einer der symboltr\u00e4chtigen Namen in der Produktion von Barbaresco. Vom Gr\u00fcnder Giovanni bis zu Angelo Gaja hat diese Familie [&hellip;]<\/p>\n","protected":false},"featured_media":4684,"comment_status":"open","ping_status":"closed","template":"","meta":{"_acf_changed":false,"_monsterinsights_skip_tracking":false,"_monsterinsights_sitenote_active":false,"_monsterinsights_sitenote_note":"","_monsterinsights_sitenote_category":0},"product_brand":[],"product_cat":[1773],"product_tag":[15895,15893],"class_list":{"0":"post-29366","1":"product","2":"type-product","3":"status-publish","4":"has-post-thumbnail","6":"product_cat-barbaresco-de","7":"product_tag-barbaresco-de-2","8":"product_tag-piemonte-de","9":"pa_appellation-barbaresco-docg-de","10":"pa_formato-0-75-l-flasche-de","11":"pa_producer-gaja-de","12":"pa_region-piemont-de","13":"pa_vine-100-nebbiolo-de","14":"pa_vintage-2017-de","16":"first","17":"instock","18":"taxable","19":"shipping-taxable","20":"purchasable","21":"product-type-simple"},"bundled_by":[],"bundle_stock_status":"instock","bundle_stock_quantity":6,"bundle_virtual":false,"bundle_layout":"","bundle_add_to_cart_form_location":"","bundle_editable_in_cart":false,"bundle_sold_individually_context":"","bundle_item_grouping":"","bundle_min_size":"","bundle_max_size":"","bundle_price":[],"bundled_items":[],"bundle_sell_ids":[],"yoast_head":"<!-- This site is optimized with the Yoast SEO plugin v27.3 - https:\/\/yoast.com\/product\/yoast-seo-wordpress\/ -->\n<title>GAJA Barbaresco 2017 online kaufen FonsVinum<\/title>\n<meta name=\"description\" content=\"Kaufen Sie bei FonsVinum online GAJA Barbaresco 2017, ein Barbaresco mit \u00fcberbordender Nase, gro\u00dfer Struktur und s\u00fc\u00dfem, schmeichelndem Finale.\" \/>\n<meta name=\"robots\" content=\"index, follow, max-snippet:-1, max-image-preview:large, max-video-preview:-1\" \/>\n<link rel=\"canonical\" href=\"https:\/\/fonsvinum.com\/de\/produkt\/gaja-barbaresco-2017\/\" \/>\n<meta property=\"og:locale\" content=\"de_DE\" \/>\n<meta property=\"og:type\" content=\"article\" \/>\n<meta property=\"og:title\" content=\"GAJA Barbaresco 2017 online kaufen FonsVinum\" \/>\n<meta property=\"og:description\" content=\"Kaufen Sie bei FonsVinum online GAJA Barbaresco 2017, ein Barbaresco mit \u00fcberbordender Nase, gro\u00dfer Struktur und s\u00fc\u00dfem, schmeichelndem Finale.\" \/>\n<meta property=\"og:url\" content=\"https:\/\/fonsvinum.com\/de\/produkt\/gaja-barbaresco-2017\/\" \/>\n<meta property=\"og:site_name\" content=\"Fons Vinum\" \/>\n<meta property=\"article:modified_time\" content=\"2026-04-23T03:47:00+00:00\" \/>\n<meta property=\"og:image\" content=\"https:\/\/fonsvinum.com\/files\/2013\/04\/barbaresco-gaja.png\" \/>\n\t<meta property=\"og:image:width\" content=\"251\" \/>\n\t<meta property=\"og:image:height\" content=\"800\" \/>\n\t<meta property=\"og:image:type\" content=\"image\/png\" \/>\n<meta name=\"twitter:label1\" content=\"Gesch\u00e4tzte Lesezeit\" \/>\n\t<meta name=\"twitter:data1\" content=\"2\u00a0Minuten\" \/>\n<script type=\"application\/ld+json\" class=\"yoast-schema-graph\">{\"@context\":\"https:\\\/\\\/schema.org\",\"@graph\":[{\"@type\":\"WebPage\",\"@id\":\"https:\\\/\\\/fonsvinum.com\\\/de\\\/produkt\\\/gaja-barbaresco-2017\\\/\",\"url\":\"https:\\\/\\\/fonsvinum.com\\\/de\\\/produkt\\\/gaja-barbaresco-2017\\\/\",\"name\":\"GAJA Barbaresco 2017 online kaufen FonsVinum\",\"isPartOf\":{\"@id\":\"https:\\\/\\\/fonsvinum.com\\\/en\\\/#website\"},\"primaryImageOfPage\":{\"@id\":\"https:\\\/\\\/fonsvinum.com\\\/de\\\/produkt\\\/gaja-barbaresco-2017\\\/#primaryimage\"},\"image\":{\"@id\":\"https:\\\/\\\/fonsvinum.com\\\/de\\\/produkt\\\/gaja-barbaresco-2017\\\/#primaryimage\"},\"thumbnailUrl\":\"https:\\\/\\\/fonsvinum.com\\\/files\\\/2013\\\/04\\\/barbaresco-gaja.png\",\"datePublished\":\"2021-02-01T07:29:21+00:00\",\"dateModified\":\"2026-04-23T03:47:00+00:00\",\"description\":\"Kaufen Sie bei FonsVinum online GAJA Barbaresco 2017, ein Barbaresco mit \u00fcberbordender Nase, gro\u00dfer Struktur und s\u00fc\u00dfem, schmeichelndem Finale.\",\"breadcrumb\":{\"@id\":\"https:\\\/\\\/fonsvinum.com\\\/de\\\/produkt\\\/gaja-barbaresco-2017\\\/#breadcrumb\"},\"inLanguage\":\"de\",\"potentialAction\":[{\"@type\":\"ReadAction\",\"target\":[\"https:\\\/\\\/fonsvinum.com\\\/de\\\/produkt\\\/gaja-barbaresco-2017\\\/\"]}]},{\"@type\":\"ImageObject\",\"inLanguage\":\"de\",\"@id\":\"https:\\\/\\\/fonsvinum.com\\\/de\\\/produkt\\\/gaja-barbaresco-2017\\\/#primaryimage\",\"url\":\"https:\\\/\\\/fonsvinum.com\\\/files\\\/2013\\\/04\\\/barbaresco-gaja.png\",\"contentUrl\":\"https:\\\/\\\/fonsvinum.com\\\/files\\\/2013\\\/04\\\/barbaresco-gaja.png\",\"width\":251,\"height\":800,\"caption\":\"barbaresco gaja\"},{\"@type\":\"BreadcrumbList\",\"@id\":\"https:\\\/\\\/fonsvinum.com\\\/de\\\/produkt\\\/gaja-barbaresco-2017\\\/#breadcrumb\",\"itemListElement\":[{\"@type\":\"ListItem\",\"position\":1,\"name\":\"Startseite\",\"item\":\"https:\\\/\\\/fonsvinum.com\\\/de\\\/\"},{\"@type\":\"ListItem\",\"position\":2,\"name\":\"Shop\",\"item\":\"https:\\\/\\\/fonsvinum.com\\\/de\\\/shop\\\/\"},{\"@type\":\"ListItem\",\"position\":3,\"name\":\"GAJA Barbaresco 2017\"}]},{\"@type\":\"WebSite\",\"@id\":\"https:\\\/\\\/fonsvinum.com\\\/en\\\/#website\",\"url\":\"https:\\\/\\\/fonsvinum.com\\\/en\\\/\",\"name\":\"Fons Vinum\",\"description\":\"Vendita Vino Online\",\"publisher\":{\"@id\":\"https:\\\/\\\/fonsvinum.com\\\/en\\\/#organization\"},\"potentialAction\":[{\"@type\":\"SearchAction\",\"target\":{\"@type\":\"EntryPoint\",\"urlTemplate\":\"https:\\\/\\\/fonsvinum.com\\\/en\\\/?s={search_term_string}\"},\"query-input\":{\"@type\":\"PropertyValueSpecification\",\"valueRequired\":true,\"valueName\":\"search_term_string\"}}],\"inLanguage\":\"de\"},{\"@type\":\"Organization\",\"@id\":\"https:\\\/\\\/fonsvinum.com\\\/en\\\/#organization\",\"name\":\"Fons Vinum\",\"url\":\"https:\\\/\\\/fonsvinum.com\\\/en\\\/\",\"logo\":{\"@type\":\"ImageObject\",\"inLanguage\":\"de\",\"@id\":\"https:\\\/\\\/fonsvinum.com\\\/en\\\/#\\\/schema\\\/logo\\\/image\\\/\",\"url\":\"\",\"contentUrl\":\"\",\"caption\":\"Fons Vinum\"},\"image\":{\"@id\":\"https:\\\/\\\/fonsvinum.com\\\/en\\\/#\\\/schema\\\/logo\\\/image\\\/\"}}]}<\/script>\n<!-- \/ Yoast SEO plugin. -->","yoast_head_json":{"title":"GAJA Barbaresco 2017 online kaufen FonsVinum","description":"Kaufen Sie bei FonsVinum online GAJA Barbaresco 2017, ein Barbaresco mit \u00fcberbordender Nase, gro\u00dfer Struktur und s\u00fc\u00dfem, schmeichelndem Finale.","robots":{"index":"index","follow":"follow","max-snippet":"max-snippet:-1","max-image-preview":"max-image-preview:large","max-video-preview":"max-video-preview:-1"},"canonical":"https:\/\/fonsvinum.com\/de\/produkt\/gaja-barbaresco-2017\/","og_locale":"de_DE","og_type":"article","og_title":"GAJA Barbaresco 2017 online kaufen FonsVinum","og_description":"Kaufen Sie bei FonsVinum online GAJA Barbaresco 2017, ein Barbaresco mit \u00fcberbordender Nase, gro\u00dfer Struktur und s\u00fc\u00dfem, schmeichelndem Finale.","og_url":"https:\/\/fonsvinum.com\/de\/produkt\/gaja-barbaresco-2017\/","og_site_name":"Fons Vinum","article_modified_time":"2026-04-23T03:47:00+00:00","og_image":[{"width":251,"height":800,"url":"https:\/\/fonsvinum.com\/files\/2013\/04\/barbaresco-gaja.png","type":"image\/png"}],"twitter_misc":{"Gesch\u00e4tzte Lesezeit":"2\u00a0Minuten"},"schema":{"@context":"https:\/\/schema.org","@graph":[{"@type":"WebPage","@id":"https:\/\/fonsvinum.com\/de\/produkt\/gaja-barbaresco-2017\/","url":"https:\/\/fonsvinum.com\/de\/produkt\/gaja-barbaresco-2017\/","name":"GAJA Barbaresco 2017 online kaufen FonsVinum","isPartOf":{"@id":"https:\/\/fonsvinum.com\/en\/#website"},"primaryImageOfPage":{"@id":"https:\/\/fonsvinum.com\/de\/produkt\/gaja-barbaresco-2017\/#primaryimage"},"image":{"@id":"https:\/\/fonsvinum.com\/de\/produkt\/gaja-barbaresco-2017\/#primaryimage"},"thumbnailUrl":"https:\/\/fonsvinum.com\/files\/2013\/04\/barbaresco-gaja.png","datePublished":"2021-02-01T07:29:21+00:00","dateModified":"2026-04-23T03:47:00+00:00","description":"Kaufen Sie bei FonsVinum online GAJA Barbaresco 2017, ein Barbaresco mit \u00fcberbordender Nase, gro\u00dfer Struktur und s\u00fc\u00dfem, schmeichelndem Finale.","breadcrumb":{"@id":"https:\/\/fonsvinum.com\/de\/produkt\/gaja-barbaresco-2017\/#breadcrumb"},"inLanguage":"de","potentialAction":[{"@type":"ReadAction","target":["https:\/\/fonsvinum.com\/de\/produkt\/gaja-barbaresco-2017\/"]}]},{"@type":"ImageObject","inLanguage":"de","@id":"https:\/\/fonsvinum.com\/de\/produkt\/gaja-barbaresco-2017\/#primaryimage","url":"https:\/\/fonsvinum.com\/files\/2013\/04\/barbaresco-gaja.png","contentUrl":"https:\/\/fonsvinum.com\/files\/2013\/04\/barbaresco-gaja.png","width":251,"height":800,"caption":"barbaresco gaja"},{"@type":"BreadcrumbList","@id":"https:\/\/fonsvinum.com\/de\/produkt\/gaja-barbaresco-2017\/#breadcrumb","itemListElement":[{"@type":"ListItem","position":1,"name":"Startseite","item":"https:\/\/fonsvinum.com\/de\/"},{"@type":"ListItem","position":2,"name":"Shop","item":"https:\/\/fonsvinum.com\/de\/shop\/"},{"@type":"ListItem","position":3,"name":"GAJA Barbaresco 2017"}]},{"@type":"WebSite","@id":"https:\/\/fonsvinum.com\/en\/#website","url":"https:\/\/fonsvinum.com\/en\/","name":"Fons Vinum","description":"Vendita Vino Online","publisher":{"@id":"https:\/\/fonsvinum.com\/en\/#organization"},"potentialAction":[{"@type":"SearchAction","target":{"@type":"EntryPoint","urlTemplate":"https:\/\/fonsvinum.com\/en\/?s={search_term_string}"},"query-input":{"@type":"PropertyValueSpecification","valueRequired":true,"valueName":"search_term_string"}}],"inLanguage":"de"},{"@type":"Organization","@id":"https:\/\/fonsvinum.com\/en\/#organization","name":"Fons Vinum","url":"https:\/\/fonsvinum.com\/en\/","logo":{"@type":"ImageObject","inLanguage":"de","@id":"https:\/\/fonsvinum.com\/en\/#\/schema\/logo\/image\/","url":"","contentUrl":"","caption":"Fons Vinum"},"image":{"@id":"https:\/\/fonsvinum.com\/en\/#\/schema\/logo\/image\/"}}]}},"acf":[],"_links":{"self":[{"href":"https:\/\/fonsvinum.com\/de\/wp-json\/wp\/v2\/product\/29366","targetHints":{"allow":["GET"]}}],"collection":[{"href":"https:\/\/fonsvinum.com\/de\/wp-json\/wp\/v2\/product"}],"about":[{"href":"https:\/\/fonsvinum.com\/de\/wp-json\/wp\/v2\/types\/product"}],"replies":[{"embeddable":true,"href":"https:\/\/fonsvinum.com\/de\/wp-json\/wp\/v2\/comments?post=29366"}],"wp:featuredmedia":[{"embeddable":true,"href":"https:\/\/fonsvinum.com\/de\/wp-json\/wp\/v2\/media\/4684"}],"wp:attachment":[{"href":"https:\/\/fonsvinum.com\/de\/wp-json\/wp\/v2\/media?parent=29366"}],"wp:term":[{"taxonomy":"product_brand","embeddable":true,"href":"https:\/\/fonsvinum.com\/de\/wp-json\/wp\/v2\/product_brand?post=29366"},{"taxonomy":"product_cat","embeddable":true,"href":"https:\/\/fonsvinum.com\/de\/wp-json\/wp\/v2\/product_cat?post=29366"},{"taxonomy":"product_tag","embeddable":true,"href":"https:\/\/fonsvinum.com\/de\/wp-json\/wp\/v2\/product_tag?post=29366"}],"curies":[{"name":"wp","href":"https:\/\/api.w.org\/{rel}","templated":true}]}}