{"id":29348,"date":"2021-02-01T07:15:20","date_gmt":"2021-02-01T06:15:20","guid":{"rendered":"https:\/\/fonsvinum.com\/?post_type=product&#038;p=29348"},"modified":"2021-02-01T10:02:57","modified_gmt":"2021-02-01T09:02:57","slug":"marchesi-antinori-tignanello-1998","status":"publish","type":"product","link":"https:\/\/fonsvinum.com\/de\/produkt\/marchesi-antinori-tignanello-1998\/","title":{"rendered":"MARCHESI ANTINORI Tignanello 1998"},"content":{"rendered":"<h1><a href=\"https:\/\/fonsvinum.com\/?s=MARCHESI+ANTINORI&amp;post_type=product\">MARCHESI ANTINORI Tignanello 1998<\/a><\/h1>\n<h3>MARCHESI ANTINORI <a href=\"https:\/\/fonsvinum.com\/?s=TIGNANELLO&amp;post_type=product\">Tignanello<\/a> 1998<\/h3>\n<p>Der Weinberg Tignanello wird besonders sp\u00e4t gelesen, und ausschlie\u00dflich sorgf\u00e4ltig per Hand selektierte Trauben werden f\u00fcr diesen Wein verwendet.<\/p>\n<p>Der Tignanello ist intensiv fruchtig und komplex im Bouquet, im Geschmack zeigt er eine optimale Struktur, ist ausgewogen mit sanften Tanninen und einem angenehm langen Nachhall.<\/p>\n","protected":false},"excerpt":{"rendered":"<p>MARCHESI ANTINORI Tignanello 1998 MARCHESI ANTINORI Tignanello 1998 Der Weinberg Tignanello wird besonders sp\u00e4t gelesen, und ausschlie\u00dflich sorgf\u00e4ltig per Hand selektierte Trauben werden f\u00fcr diesen Wein verwendet. Der Tignanello ist intensiv fruchtig und komplex im Bouquet, im Geschmack zeigt er eine optimale Struktur, ist ausgewogen mit sanften Tanninen und einem angenehm langen Nachhall.<\/p>\n","protected":false},"featured_media":4189,"comment_status":"open","ping_status":"closed","template":"","meta":{"_acf_changed":false,"_monsterinsights_skip_tracking":false,"_monsterinsights_sitenote_active":false,"_monsterinsights_sitenote_note":"","_monsterinsights_sitenote_category":0},"product_brand":[],"product_cat":[1693,2332],"product_tag":[1745,3583],"class_list":{"0":"post-29348","1":"product","2":"type-product","3":"status-publish","4":"has-post-thumbnail","6":"product_cat-blend-2-de","7":"product_cat-rotweine-de","8":"product_tag-super-tuscan-de","9":"product_tag-vini-toscani-de","10":"pa_appellation-toscana-rosso-igt-de","11":"pa_formato-0-75-l-flasche-de","12":"pa_producer-marchesi-antinori-de","13":"pa_region-toskana-de","14":"pa_vine-85-sangiovese-10-cabernet-sauvignon-e-5-cabernet-franc-de","15":"pa_vintage-1998-de","17":"first","18":"instock","19":"taxable","20":"shipping-taxable","21":"purchasable","22":"product-type-simple"},"bundled_by":[],"bundle_stock_status":"instock","bundle_stock_quantity":1,"bundle_virtual":false,"bundle_layout":"","bundle_add_to_cart_form_location":"","bundle_editable_in_cart":false,"bundle_sold_individually_context":"","bundle_item_grouping":"","bundle_min_size":"","bundle_max_size":"","bundle_price":[],"bundled_items":[],"bundle_sell_ids":[],"yoast_head":"<!-- This site is optimized with the Yoast SEO plugin v27.2 - https:\/\/yoast.com\/product\/yoast-seo-wordpress\/ -->\n<title>MARCHESI ANTINORI Tignanello 1998 TOSCANA ROSSO<\/title>\n<meta name=\"description\" content=\"MARCHESI ANTINORI Tignanello 1998 TOSCANA ROSSO Der Tignanello ist intensiv fruchtig und komplex im Bouquet, im Geschmack zeigt er eine...\" \/>\n<meta name=\"robots\" content=\"index, follow, max-snippet:-1, max-image-preview:large, max-video-preview:-1\" \/>\n<link rel=\"canonical\" href=\"https:\/\/fonsvinum.com\/de\/produkt\/marchesi-antinori-tignanello-1998\/\" \/>\n<meta property=\"og:locale\" content=\"de_DE\" \/>\n<meta property=\"og:type\" content=\"article\" \/>\n<meta property=\"og:title\" content=\"MARCHESI ANTINORI Tignanello 1998 TOSCANA ROSSO\" \/>\n<meta property=\"og:description\" content=\"MARCHESI ANTINORI Tignanello 1998 TOSCANA ROSSO Der Tignanello ist intensiv fruchtig und komplex im Bouquet, im Geschmack zeigt er eine...\" \/>\n<meta property=\"og:url\" content=\"https:\/\/fonsvinum.com\/de\/produkt\/marchesi-antinori-tignanello-1998\/\" \/>\n<meta property=\"og:site_name\" content=\"Fons Vinum\" \/>\n<meta property=\"article:modified_time\" content=\"2021-02-01T09:02:57+00:00\" \/>\n<meta property=\"og:image\" content=\"https:\/\/fonsvinum.com\/files\/2013\/04\/tignanello-marchesi-antinori.png\" \/>\n\t<meta property=\"og:image:width\" content=\"202\" \/>\n\t<meta property=\"og:image:height\" content=\"630\" \/>\n\t<meta property=\"og:image:type\" content=\"image\/png\" \/>\n<script type=\"application\/ld+json\" class=\"yoast-schema-graph\">{\"@context\":\"https:\/\/schema.org\",\"@graph\":[{\"@type\":\"WebPage\",\"@id\":\"https:\/\/fonsvinum.com\/de\/produkt\/marchesi-antinori-tignanello-1998\/\",\"url\":\"https:\/\/fonsvinum.com\/de\/produkt\/marchesi-antinori-tignanello-1998\/\",\"name\":\"MARCHESI ANTINORI Tignanello 1998 TOSCANA ROSSO\",\"isPartOf\":{\"@id\":\"https:\/\/fonsvinum.com\/en\/#website\"},\"primaryImageOfPage\":{\"@id\":\"https:\/\/fonsvinum.com\/de\/produkt\/marchesi-antinori-tignanello-1998\/#primaryimage\"},\"image\":{\"@id\":\"https:\/\/fonsvinum.com\/de\/produkt\/marchesi-antinori-tignanello-1998\/#primaryimage\"},\"thumbnailUrl\":\"https:\/\/fonsvinum.com\/files\/2013\/04\/tignanello-marchesi-antinori.png\",\"datePublished\":\"2021-02-01T06:15:20+00:00\",\"dateModified\":\"2021-02-01T09:02:57+00:00\",\"description\":\"MARCHESI ANTINORI Tignanello 1998 TOSCANA ROSSO Der Tignanello ist intensiv fruchtig und komplex im Bouquet, im Geschmack zeigt er eine...\",\"breadcrumb\":{\"@id\":\"https:\/\/fonsvinum.com\/de\/produkt\/marchesi-antinori-tignanello-1998\/#breadcrumb\"},\"inLanguage\":\"de\",\"potentialAction\":[{\"@type\":\"ReadAction\",\"target\":[\"https:\/\/fonsvinum.com\/de\/produkt\/marchesi-antinori-tignanello-1998\/\"]}]},{\"@type\":\"ImageObject\",\"inLanguage\":\"de\",\"@id\":\"https:\/\/fonsvinum.com\/de\/produkt\/marchesi-antinori-tignanello-1998\/#primaryimage\",\"url\":\"https:\/\/fonsvinum.com\/files\/2013\/04\/tignanello-marchesi-antinori.png\",\"contentUrl\":\"https:\/\/fonsvinum.com\/files\/2013\/04\/tignanello-marchesi-antinori.png\",\"width\":202,\"height\":630},{\"@type\":\"BreadcrumbList\",\"@id\":\"https:\/\/fonsvinum.com\/de\/produkt\/marchesi-antinori-tignanello-1998\/#breadcrumb\",\"itemListElement\":[{\"@type\":\"ListItem\",\"position\":1,\"name\":\"Startseite\",\"item\":\"https:\/\/fonsvinum.com\/de\/\"},{\"@type\":\"ListItem\",\"position\":2,\"name\":\"Shop\",\"item\":\"https:\/\/fonsvinum.com\/de\/shop\/\"},{\"@type\":\"ListItem\",\"position\":3,\"name\":\"MARCHESI ANTINORI Tignanello 1998\"}]},{\"@type\":\"WebSite\",\"@id\":\"https:\/\/fonsvinum.com\/en\/#website\",\"url\":\"https:\/\/fonsvinum.com\/en\/\",\"name\":\"Fons Vinum\",\"description\":\"Vendita Vino Online\",\"publisher\":{\"@id\":\"https:\/\/fonsvinum.com\/en\/#organization\"},\"potentialAction\":[{\"@type\":\"SearchAction\",\"target\":{\"@type\":\"EntryPoint\",\"urlTemplate\":\"https:\/\/fonsvinum.com\/en\/?s={search_term_string}\"},\"query-input\":{\"@type\":\"PropertyValueSpecification\",\"valueRequired\":true,\"valueName\":\"search_term_string\"}}],\"inLanguage\":\"de\"},{\"@type\":\"Organization\",\"@id\":\"https:\/\/fonsvinum.com\/en\/#organization\",\"name\":\"Fons Vinum\",\"url\":\"https:\/\/fonsvinum.com\/en\/\",\"logo\":{\"@type\":\"ImageObject\",\"inLanguage\":\"de\",\"@id\":\"https:\/\/fonsvinum.com\/en\/#\/schema\/logo\/image\/\",\"url\":\"\",\"contentUrl\":\"\",\"caption\":\"Fons Vinum\"},\"image\":{\"@id\":\"https:\/\/fonsvinum.com\/en\/#\/schema\/logo\/image\/\"}}]}<\/script>\n<!-- \/ Yoast SEO plugin. -->","yoast_head_json":{"title":"MARCHESI ANTINORI Tignanello 1998 TOSCANA ROSSO","description":"MARCHESI ANTINORI Tignanello 1998 TOSCANA ROSSO Der Tignanello ist intensiv fruchtig und komplex im Bouquet, im Geschmack zeigt er eine...","robots":{"index":"index","follow":"follow","max-snippet":"max-snippet:-1","max-image-preview":"max-image-preview:large","max-video-preview":"max-video-preview:-1"},"canonical":"https:\/\/fonsvinum.com\/de\/produkt\/marchesi-antinori-tignanello-1998\/","og_locale":"de_DE","og_type":"article","og_title":"MARCHESI ANTINORI Tignanello 1998 TOSCANA ROSSO","og_description":"MARCHESI ANTINORI Tignanello 1998 TOSCANA ROSSO Der Tignanello ist intensiv fruchtig und komplex im Bouquet, im Geschmack zeigt er eine...","og_url":"https:\/\/fonsvinum.com\/de\/produkt\/marchesi-antinori-tignanello-1998\/","og_site_name":"Fons Vinum","article_modified_time":"2021-02-01T09:02:57+00:00","og_image":[{"width":202,"height":630,"url":"https:\/\/fonsvinum.com\/files\/2013\/04\/tignanello-marchesi-antinori.png","type":"image\/png"}],"schema":{"@context":"https:\/\/schema.org","@graph":[{"@type":"WebPage","@id":"https:\/\/fonsvinum.com\/de\/produkt\/marchesi-antinori-tignanello-1998\/","url":"https:\/\/fonsvinum.com\/de\/produkt\/marchesi-antinori-tignanello-1998\/","name":"MARCHESI ANTINORI Tignanello 1998 TOSCANA ROSSO","isPartOf":{"@id":"https:\/\/fonsvinum.com\/en\/#website"},"primaryImageOfPage":{"@id":"https:\/\/fonsvinum.com\/de\/produkt\/marchesi-antinori-tignanello-1998\/#primaryimage"},"image":{"@id":"https:\/\/fonsvinum.com\/de\/produkt\/marchesi-antinori-tignanello-1998\/#primaryimage"},"thumbnailUrl":"https:\/\/fonsvinum.com\/files\/2013\/04\/tignanello-marchesi-antinori.png","datePublished":"2021-02-01T06:15:20+00:00","dateModified":"2021-02-01T09:02:57+00:00","description":"MARCHESI ANTINORI Tignanello 1998 TOSCANA ROSSO Der Tignanello ist intensiv fruchtig und komplex im Bouquet, im Geschmack zeigt er eine...","breadcrumb":{"@id":"https:\/\/fonsvinum.com\/de\/produkt\/marchesi-antinori-tignanello-1998\/#breadcrumb"},"inLanguage":"de","potentialAction":[{"@type":"ReadAction","target":["https:\/\/fonsvinum.com\/de\/produkt\/marchesi-antinori-tignanello-1998\/"]}]},{"@type":"ImageObject","inLanguage":"de","@id":"https:\/\/fonsvinum.com\/de\/produkt\/marchesi-antinori-tignanello-1998\/#primaryimage","url":"https:\/\/fonsvinum.com\/files\/2013\/04\/tignanello-marchesi-antinori.png","contentUrl":"https:\/\/fonsvinum.com\/files\/2013\/04\/tignanello-marchesi-antinori.png","width":202,"height":630},{"@type":"BreadcrumbList","@id":"https:\/\/fonsvinum.com\/de\/produkt\/marchesi-antinori-tignanello-1998\/#breadcrumb","itemListElement":[{"@type":"ListItem","position":1,"name":"Startseite","item":"https:\/\/fonsvinum.com\/de\/"},{"@type":"ListItem","position":2,"name":"Shop","item":"https:\/\/fonsvinum.com\/de\/shop\/"},{"@type":"ListItem","position":3,"name":"MARCHESI ANTINORI Tignanello 1998"}]},{"@type":"WebSite","@id":"https:\/\/fonsvinum.com\/en\/#website","url":"https:\/\/fonsvinum.com\/en\/","name":"Fons Vinum","description":"Vendita Vino Online","publisher":{"@id":"https:\/\/fonsvinum.com\/en\/#organization"},"potentialAction":[{"@type":"SearchAction","target":{"@type":"EntryPoint","urlTemplate":"https:\/\/fonsvinum.com\/en\/?s={search_term_string}"},"query-input":{"@type":"PropertyValueSpecification","valueRequired":true,"valueName":"search_term_string"}}],"inLanguage":"de"},{"@type":"Organization","@id":"https:\/\/fonsvinum.com\/en\/#organization","name":"Fons Vinum","url":"https:\/\/fonsvinum.com\/en\/","logo":{"@type":"ImageObject","inLanguage":"de","@id":"https:\/\/fonsvinum.com\/en\/#\/schema\/logo\/image\/","url":"","contentUrl":"","caption":"Fons Vinum"},"image":{"@id":"https:\/\/fonsvinum.com\/en\/#\/schema\/logo\/image\/"}}]}},"acf":[],"_links":{"self":[{"href":"https:\/\/fonsvinum.com\/de\/wp-json\/wp\/v2\/product\/29348","targetHints":{"allow":["GET"]}}],"collection":[{"href":"https:\/\/fonsvinum.com\/de\/wp-json\/wp\/v2\/product"}],"about":[{"href":"https:\/\/fonsvinum.com\/de\/wp-json\/wp\/v2\/types\/product"}],"replies":[{"embeddable":true,"href":"https:\/\/fonsvinum.com\/de\/wp-json\/wp\/v2\/comments?post=29348"}],"wp:featuredmedia":[{"embeddable":true,"href":"https:\/\/fonsvinum.com\/de\/wp-json\/wp\/v2\/media\/4189"}],"wp:attachment":[{"href":"https:\/\/fonsvinum.com\/de\/wp-json\/wp\/v2\/media?parent=29348"}],"wp:term":[{"taxonomy":"product_brand","embeddable":true,"href":"https:\/\/fonsvinum.com\/de\/wp-json\/wp\/v2\/product_brand?post=29348"},{"taxonomy":"product_cat","embeddable":true,"href":"https:\/\/fonsvinum.com\/de\/wp-json\/wp\/v2\/product_cat?post=29348"},{"taxonomy":"product_tag","embeddable":true,"href":"https:\/\/fonsvinum.com\/de\/wp-json\/wp\/v2\/product_tag?post=29348"}],"curies":[{"name":"wp","href":"https:\/\/api.w.org\/{rel}","templated":true}]}}