{"id":29286,"date":"2021-01-27T15:06:36","date_gmt":"2021-01-27T14:06:36","guid":{"rendered":"https:\/\/fonsvinum.com\/?post_type=product&#038;p=29286"},"modified":"2022-02-21T12:53:02","modified_gmt":"2022-02-21T11:53:02","slug":"san-michele-appiano-appius-2017","status":"publish","type":"product","link":"https:\/\/fonsvinum.com\/de\/produkt\/san-michele-appiano-appius-2017\/","title":{"rendered":"SAN MICHELE APPIANO Appius 2017"},"content":{"rendered":"<h2>SAN MICHELE APPIANO Appius 2017<\/h2>\n<p>SAN MICHELE APPIANO <a href=\"https:\/\/www.shopinlanghe.com\/sellers?render_type=sellerview&amp;id_seller=5\">Appius<\/a> 2017<\/p>\n<h2><a href=\"https:\/\/fonsvinum.com\/de\/attributes\/producer\/san-michele-appiano-de\/\">San Michele Appiano<\/a><\/h2>\n<div class=\"half float_l\">\n<p>Erhaben und w\u00fcrdevoll thront die Kellerei St. Michael-Eppan seit \u00fcber 100 Jahren inmitten der \u00a0wichtigsten Weinbaugemeinde S\u00fcdtirols. Seit \u00fcber 2000 Jahren werden hier Weine angebaut. Das Gebiet rund um Eppan ist bekannt f\u00fcr seine idealen Voraussetzungen f\u00fcr den Weinbau. Ein gro\u00dfer Teil dieser Trauben werden in der Kellerei St. Michael-Eppan veredelt.<\/p>\n<\/div>\n<p class=\"half float_r\">Die 330 Winzerfamilien bilden das R\u00fcckgrat der Kellerei, die 1907 gegr\u00fcndet wurde. Ihre gro\u00dfe Passion gilt dem Weinbau, mit dem sie seit Generationen verbunden sind.<\/p>\n<p>Jeder Einzelne tr\u00e4gt mit Wissen, Tradition und Leidenschaft dazu bei, dass \u00a0die Kellerei \u00fcber ein exzellentes Traubenmaterial verf\u00fcgt, das in den Kellern mit viel Fingerspitzengef\u00fchl veredelt wird.<\/p>\n<div class=\"cell taste\">\n<div class=\"cell text-center margin_b\">\n<div class=\"cell text-center margin_b\">\n<div class=\"cell grid-x align-center-middle margin_tb_c\">\n<div class=\"cell shrink\"><\/div>\n<\/div>\n<\/div>\n<\/div>\n<\/div>\n","protected":false},"excerpt":{"rendered":"<p>SAN MICHELE APPIANO Appius 2017 SAN MICHELE APPIANO Appius 2017 San Michele Appiano Erhaben und w\u00fcrdevoll thront die Kellerei St. Michael-Eppan seit \u00fcber 100 Jahren inmitten der \u00a0wichtigsten Weinbaugemeinde S\u00fcdtirols. Seit \u00fcber 2000 Jahren werden hier Weine angebaut. Das Gebiet rund um Eppan ist bekannt f\u00fcr seine idealen Voraussetzungen f\u00fcr den Weinbau. Ein gro\u00dfer Teil [&hellip;]<\/p>\n","protected":false},"featured_media":37165,"comment_status":"open","ping_status":"closed","template":"","meta":{"_acf_changed":false,"_monsterinsights_skip_tracking":false,"_monsterinsights_sitenote_active":false,"_monsterinsights_sitenote_note":"","_monsterinsights_sitenote_category":0},"product_brand":[],"product_cat":[2162],"product_tag":[17742],"class_list":{"0":"post-29286","1":"product","2":"type-product","3":"status-publish","4":"has-post-thumbnail","6":"product_cat-blend","7":"product_tag-vino-bianco-de","8":"pa_appellation-alto-adige-doc-de","9":"pa_formato-0-75-l-flasche-de","10":"pa_producer-san-michele-appiano-de","11":"pa_region-trentino-tiroler-etschland-de","12":"pa_vintage-2017-de","14":"first","15":"instock","16":"taxable","17":"shipping-taxable","18":"purchasable","19":"product-type-simple"},"bundled_by":[],"bundle_stock_status":"instock","bundle_stock_quantity":2,"bundle_virtual":false,"bundle_layout":"","bundle_add_to_cart_form_location":"","bundle_editable_in_cart":false,"bundle_sold_individually_context":"","bundle_item_grouping":"","bundle_min_size":"","bundle_max_size":"","bundle_price":[],"bundled_items":[],"bundle_sell_ids":[],"yoast_head":"<!-- This site is optimized with the Yoast SEO plugin v27.3 - https:\/\/yoast.com\/product\/yoast-seo-wordpress\/ -->\n<title>Buy online on FonsVinum SAN MICHELE APPIANO Appius 2017<\/title>\n<meta name=\"description\" content=\"SAN MICHELE APPIANO Appius 2017 -FonsVinum- SAN MICHELE APPIANO Appius 2016 -FonsVinum-\" \/>\n<meta name=\"robots\" content=\"index, follow, max-snippet:-1, max-image-preview:large, max-video-preview:-1\" \/>\n<link rel=\"canonical\" href=\"https:\/\/fonsvinum.com\/de\/produkt\/san-michele-appiano-appius-2017\/\" \/>\n<meta property=\"og:locale\" content=\"de_DE\" \/>\n<meta property=\"og:type\" content=\"article\" \/>\n<meta property=\"og:title\" content=\"Buy online on FonsVinum SAN MICHELE APPIANO Appius 2017\" \/>\n<meta property=\"og:description\" content=\"SAN MICHELE APPIANO Appius 2017 -FonsVinum- SAN MICHELE APPIANO Appius 2016 -FonsVinum-\" \/>\n<meta property=\"og:url\" content=\"https:\/\/fonsvinum.com\/de\/produkt\/san-michele-appiano-appius-2017\/\" \/>\n<meta property=\"og:site_name\" content=\"Fons Vinum\" \/>\n<meta property=\"article:modified_time\" content=\"2022-02-21T11:53:02+00:00\" \/>\n<meta property=\"og:image\" content=\"https:\/\/fonsvinum.com\/files\/2021\/01\/appius-san-michele-appiano-2017.jpg\" \/>\n\t<meta property=\"og:image:width\" content=\"200\" \/>\n\t<meta property=\"og:image:height\" content=\"600\" \/>\n\t<meta property=\"og:image:type\" content=\"image\/jpeg\" \/>\n<meta name=\"twitter:label1\" content=\"Gesch\u00e4tzte Lesezeit\" \/>\n\t<meta name=\"twitter:data1\" content=\"1\u00a0Minute\" \/>\n<script type=\"application\/ld+json\" class=\"yoast-schema-graph\">{\"@context\":\"https:\\\/\\\/schema.org\",\"@graph\":[{\"@type\":\"WebPage\",\"@id\":\"https:\\\/\\\/fonsvinum.com\\\/de\\\/produkt\\\/san-michele-appiano-appius-2017\\\/\",\"url\":\"https:\\\/\\\/fonsvinum.com\\\/de\\\/produkt\\\/san-michele-appiano-appius-2017\\\/\",\"name\":\"Buy online on FonsVinum SAN MICHELE APPIANO Appius 2017\",\"isPartOf\":{\"@id\":\"https:\\\/\\\/fonsvinum.com\\\/en\\\/#website\"},\"primaryImageOfPage\":{\"@id\":\"https:\\\/\\\/fonsvinum.com\\\/de\\\/produkt\\\/san-michele-appiano-appius-2017\\\/#primaryimage\"},\"image\":{\"@id\":\"https:\\\/\\\/fonsvinum.com\\\/de\\\/produkt\\\/san-michele-appiano-appius-2017\\\/#primaryimage\"},\"thumbnailUrl\":\"https:\\\/\\\/fonsvinum.com\\\/files\\\/2021\\\/01\\\/appius-san-michele-appiano-2017.jpg\",\"datePublished\":\"2021-01-27T14:06:36+00:00\",\"dateModified\":\"2022-02-21T11:53:02+00:00\",\"description\":\"SAN MICHELE APPIANO Appius 2017 -FonsVinum- SAN MICHELE APPIANO Appius 2016 -FonsVinum-\",\"breadcrumb\":{\"@id\":\"https:\\\/\\\/fonsvinum.com\\\/de\\\/produkt\\\/san-michele-appiano-appius-2017\\\/#breadcrumb\"},\"inLanguage\":\"de\",\"potentialAction\":[{\"@type\":\"ReadAction\",\"target\":[\"https:\\\/\\\/fonsvinum.com\\\/de\\\/produkt\\\/san-michele-appiano-appius-2017\\\/\"]}]},{\"@type\":\"ImageObject\",\"inLanguage\":\"de\",\"@id\":\"https:\\\/\\\/fonsvinum.com\\\/de\\\/produkt\\\/san-michele-appiano-appius-2017\\\/#primaryimage\",\"url\":\"https:\\\/\\\/fonsvinum.com\\\/files\\\/2021\\\/01\\\/appius-san-michele-appiano-2017.jpg\",\"contentUrl\":\"https:\\\/\\\/fonsvinum.com\\\/files\\\/2021\\\/01\\\/appius-san-michele-appiano-2017.jpg\",\"width\":200,\"height\":600},{\"@type\":\"BreadcrumbList\",\"@id\":\"https:\\\/\\\/fonsvinum.com\\\/de\\\/produkt\\\/san-michele-appiano-appius-2017\\\/#breadcrumb\",\"itemListElement\":[{\"@type\":\"ListItem\",\"position\":1,\"name\":\"Startseite\",\"item\":\"https:\\\/\\\/fonsvinum.com\\\/de\\\/\"},{\"@type\":\"ListItem\",\"position\":2,\"name\":\"Shop\",\"item\":\"https:\\\/\\\/fonsvinum.com\\\/de\\\/shop\\\/\"},{\"@type\":\"ListItem\",\"position\":3,\"name\":\"SAN MICHELE APPIANO Appius 2017\"}]},{\"@type\":\"WebSite\",\"@id\":\"https:\\\/\\\/fonsvinum.com\\\/en\\\/#website\",\"url\":\"https:\\\/\\\/fonsvinum.com\\\/en\\\/\",\"name\":\"Fons Vinum\",\"description\":\"Vendita Vino Online\",\"publisher\":{\"@id\":\"https:\\\/\\\/fonsvinum.com\\\/en\\\/#organization\"},\"potentialAction\":[{\"@type\":\"SearchAction\",\"target\":{\"@type\":\"EntryPoint\",\"urlTemplate\":\"https:\\\/\\\/fonsvinum.com\\\/en\\\/?s={search_term_string}\"},\"query-input\":{\"@type\":\"PropertyValueSpecification\",\"valueRequired\":true,\"valueName\":\"search_term_string\"}}],\"inLanguage\":\"de\"},{\"@type\":\"Organization\",\"@id\":\"https:\\\/\\\/fonsvinum.com\\\/en\\\/#organization\",\"name\":\"Fons Vinum\",\"url\":\"https:\\\/\\\/fonsvinum.com\\\/en\\\/\",\"logo\":{\"@type\":\"ImageObject\",\"inLanguage\":\"de\",\"@id\":\"https:\\\/\\\/fonsvinum.com\\\/en\\\/#\\\/schema\\\/logo\\\/image\\\/\",\"url\":\"\",\"contentUrl\":\"\",\"caption\":\"Fons Vinum\"},\"image\":{\"@id\":\"https:\\\/\\\/fonsvinum.com\\\/en\\\/#\\\/schema\\\/logo\\\/image\\\/\"}}]}<\/script>\n<!-- \/ Yoast SEO plugin. -->","yoast_head_json":{"title":"Buy online on FonsVinum SAN MICHELE APPIANO Appius 2017","description":"SAN MICHELE APPIANO Appius 2017 -FonsVinum- SAN MICHELE APPIANO Appius 2016 -FonsVinum-","robots":{"index":"index","follow":"follow","max-snippet":"max-snippet:-1","max-image-preview":"max-image-preview:large","max-video-preview":"max-video-preview:-1"},"canonical":"https:\/\/fonsvinum.com\/de\/produkt\/san-michele-appiano-appius-2017\/","og_locale":"de_DE","og_type":"article","og_title":"Buy online on FonsVinum SAN MICHELE APPIANO Appius 2017","og_description":"SAN MICHELE APPIANO Appius 2017 -FonsVinum- SAN MICHELE APPIANO Appius 2016 -FonsVinum-","og_url":"https:\/\/fonsvinum.com\/de\/produkt\/san-michele-appiano-appius-2017\/","og_site_name":"Fons Vinum","article_modified_time":"2022-02-21T11:53:02+00:00","og_image":[{"width":200,"height":600,"url":"https:\/\/fonsvinum.com\/files\/2021\/01\/appius-san-michele-appiano-2017.jpg","type":"image\/jpeg"}],"twitter_misc":{"Gesch\u00e4tzte Lesezeit":"1\u00a0Minute"},"schema":{"@context":"https:\/\/schema.org","@graph":[{"@type":"WebPage","@id":"https:\/\/fonsvinum.com\/de\/produkt\/san-michele-appiano-appius-2017\/","url":"https:\/\/fonsvinum.com\/de\/produkt\/san-michele-appiano-appius-2017\/","name":"Buy online on FonsVinum SAN MICHELE APPIANO Appius 2017","isPartOf":{"@id":"https:\/\/fonsvinum.com\/en\/#website"},"primaryImageOfPage":{"@id":"https:\/\/fonsvinum.com\/de\/produkt\/san-michele-appiano-appius-2017\/#primaryimage"},"image":{"@id":"https:\/\/fonsvinum.com\/de\/produkt\/san-michele-appiano-appius-2017\/#primaryimage"},"thumbnailUrl":"https:\/\/fonsvinum.com\/files\/2021\/01\/appius-san-michele-appiano-2017.jpg","datePublished":"2021-01-27T14:06:36+00:00","dateModified":"2022-02-21T11:53:02+00:00","description":"SAN MICHELE APPIANO Appius 2017 -FonsVinum- SAN MICHELE APPIANO Appius 2016 -FonsVinum-","breadcrumb":{"@id":"https:\/\/fonsvinum.com\/de\/produkt\/san-michele-appiano-appius-2017\/#breadcrumb"},"inLanguage":"de","potentialAction":[{"@type":"ReadAction","target":["https:\/\/fonsvinum.com\/de\/produkt\/san-michele-appiano-appius-2017\/"]}]},{"@type":"ImageObject","inLanguage":"de","@id":"https:\/\/fonsvinum.com\/de\/produkt\/san-michele-appiano-appius-2017\/#primaryimage","url":"https:\/\/fonsvinum.com\/files\/2021\/01\/appius-san-michele-appiano-2017.jpg","contentUrl":"https:\/\/fonsvinum.com\/files\/2021\/01\/appius-san-michele-appiano-2017.jpg","width":200,"height":600},{"@type":"BreadcrumbList","@id":"https:\/\/fonsvinum.com\/de\/produkt\/san-michele-appiano-appius-2017\/#breadcrumb","itemListElement":[{"@type":"ListItem","position":1,"name":"Startseite","item":"https:\/\/fonsvinum.com\/de\/"},{"@type":"ListItem","position":2,"name":"Shop","item":"https:\/\/fonsvinum.com\/de\/shop\/"},{"@type":"ListItem","position":3,"name":"SAN MICHELE APPIANO Appius 2017"}]},{"@type":"WebSite","@id":"https:\/\/fonsvinum.com\/en\/#website","url":"https:\/\/fonsvinum.com\/en\/","name":"Fons Vinum","description":"Vendita Vino Online","publisher":{"@id":"https:\/\/fonsvinum.com\/en\/#organization"},"potentialAction":[{"@type":"SearchAction","target":{"@type":"EntryPoint","urlTemplate":"https:\/\/fonsvinum.com\/en\/?s={search_term_string}"},"query-input":{"@type":"PropertyValueSpecification","valueRequired":true,"valueName":"search_term_string"}}],"inLanguage":"de"},{"@type":"Organization","@id":"https:\/\/fonsvinum.com\/en\/#organization","name":"Fons Vinum","url":"https:\/\/fonsvinum.com\/en\/","logo":{"@type":"ImageObject","inLanguage":"de","@id":"https:\/\/fonsvinum.com\/en\/#\/schema\/logo\/image\/","url":"","contentUrl":"","caption":"Fons Vinum"},"image":{"@id":"https:\/\/fonsvinum.com\/en\/#\/schema\/logo\/image\/"}}]}},"acf":[],"_links":{"self":[{"href":"https:\/\/fonsvinum.com\/de\/wp-json\/wp\/v2\/product\/29286","targetHints":{"allow":["GET"]}}],"collection":[{"href":"https:\/\/fonsvinum.com\/de\/wp-json\/wp\/v2\/product"}],"about":[{"href":"https:\/\/fonsvinum.com\/de\/wp-json\/wp\/v2\/types\/product"}],"replies":[{"embeddable":true,"href":"https:\/\/fonsvinum.com\/de\/wp-json\/wp\/v2\/comments?post=29286"}],"wp:featuredmedia":[{"embeddable":true,"href":"https:\/\/fonsvinum.com\/de\/wp-json\/wp\/v2\/media\/37165"}],"wp:attachment":[{"href":"https:\/\/fonsvinum.com\/de\/wp-json\/wp\/v2\/media?parent=29286"}],"wp:term":[{"taxonomy":"product_brand","embeddable":true,"href":"https:\/\/fonsvinum.com\/de\/wp-json\/wp\/v2\/product_brand?post=29286"},{"taxonomy":"product_cat","embeddable":true,"href":"https:\/\/fonsvinum.com\/de\/wp-json\/wp\/v2\/product_cat?post=29286"},{"taxonomy":"product_tag","embeddable":true,"href":"https:\/\/fonsvinum.com\/de\/wp-json\/wp\/v2\/product_tag?post=29286"}],"curies":[{"name":"wp","href":"https:\/\/api.w.org\/{rel}","templated":true}]}}