{"id":28952,"date":"2021-01-19T15:49:04","date_gmt":"2021-01-19T14:49:04","guid":{"rendered":"https:\/\/fonsvinum.com\/?post_type=product&#038;p=28952"},"modified":"2021-11-08T16:23:49","modified_gmt":"2021-11-08T15:23:49","slug":"mayr-josephus-unterganzner-composition-reif-2018","status":"publish","type":"product","link":"https:\/\/fonsvinum.com\/de\/produkt\/mayr-josephus-unterganzner-composition-reif-2018\/","title":{"rendered":"MAYR JOSEPHUS-UNTERGANZNER Composition Reif 2018"},"content":{"rendered":"<h2>MAYR JOSEPHUS-UNTERGANZNER Composition Reif 2018<\/h2>\n<p>MAYR JOSEPHUS-UNTERGANZNER Composition Reif 2018<\/p>\n<div class=\"post-header\">\n<h2><a href=\"https:\/\/fonsvinum.com\/de\/attributes\/producer\/maso-unterganzner-josephus-mayr-de\/\">MASO UNTERGANZNER &#8211;\u00a0MAYR JOSEPHUS<\/a><\/h2>\n<h3 class=\"post-title\">Kellermeisterkunst<\/h3>\n<\/div>\n<div class=\"post-content\">\n<div class=\"entry-content\">\n<p>Schon immer haben sich die \u201eUnterganzner\u201d mit der Kunst der Kellermeister besch\u00e4ftigt. Beweis daf\u00fcr ist ein gut erhaltenes B\u00fcchlein, dessen Inhalt als vollkommener Unterricht f\u00fcr Kellermeister gedacht war. W\u00e4hrend die Weine fr\u00fcher ausschlie\u00dflich in Holzf\u00e4ssern gelagert und lange vor dem Beginn des zwanzigsten Jahrhunderts auch au\u00dferhalb der Landesgrenzen transportiert wurden, sind die heutigen Keller mit Beton, Stahl und innovativen Techniken ausgestattet. Dennoch spielt das Holzfass nach wie vor eine herausragende Rolle. So werden die hochwertigsten Weine ausschlie\u00dflich im Holzfass gelagert. Durch die bewusst schonende Verarbeitung der Trauben und durch den vorsichtigen Umgang mit dem Endprodukt Wein soll die im Weinberg m\u00fchsam erarbeitete Qualit\u00e4t gef\u00f6rdert und erhalten werden.<br \/>\nMit viel Kreativit\u00e4t und Liebe zur Rebe entstehen hier exklusive <a href=\"https:\/\/www.shopinlanghe.com\/sellers?render_type=sellerview&amp;id_seller=5\">Weine<\/a> f\u00fcr besondere Menschen.<\/p>\n<h2>COMPOSITION <a href=\"https:\/\/fonsvinum.com\/de\/?s=REIF&amp;post_type=product\">REIF<\/a><\/h2>\n<blockquote><p>\u201eDer gro\u00dfe Wein aus unseren allerbesten Trauben, sehr sp\u00e4t gelesen und mit gro\u00dfer Sorgfalt gekeltert \u201c<\/p><\/blockquote>\n<p><strong>TRAUBENSORTE:<\/strong> Cabernet Sauvignon, Cabernet Franc, Petit Verdot, Lagrein<br \/>\n<strong>BODENART:<\/strong> Alluvialboden porphyrischen Ursprungs und Mor\u00e4nenboden<br \/>\n<strong>QUALIT\u00c4TSVERBESSERNDE MASSNAHMEN:<\/strong> Ausd\u00fcnnung von 60% der Traubenmenge im Juli. Ein Teil der Cabernettrauben wird am Stock getrocknet<br \/>\n<strong>VINIFIKATION:<\/strong> Entrappung und anschlie\u00dfende Verg\u00e4rung im Edelstahltank bei kontrollierter G\u00e4rtemperatur mit einer\u00a0Maischekontaktzeit von ca. 10 Tagen beim Cabernet und von 7 Tagen beim Lagrein<br \/>\n<strong>AUSBAU:<\/strong> Biologischer S\u00e4ureabbau und Lagerung in neuen Barriques aus \u00fcberwiegend franz\u00f6sischer Eiche f\u00fcr 18 Monate<\/p>\n<ul>\n<li><strong>FARBE:<\/strong> Dichtes Granatrot<\/li>\n<li><strong>AROMA:<\/strong> Reife Frucht, D\u00f6rrobst, Johannisbeere, Kompott, Vanille<\/li>\n<li><strong>GESCHMACK:<\/strong> Vielseitig aromatisch, extraktreich, samtiges Tannin<\/li>\n<\/ul>\n<\/div>\n<\/div>\n","protected":false},"excerpt":{"rendered":"<p>MAYR JOSEPHUS-UNTERGANZNER Composition Reif 2018 MAYR JOSEPHUS-UNTERGANZNER Composition Reif 2018 MASO UNTERGANZNER &#8211;\u00a0MAYR JOSEPHUS Kellermeisterkunst Schon immer haben sich die \u201eUnterganzner\u201d mit der Kunst der Kellermeister besch\u00e4ftigt. Beweis daf\u00fcr ist ein gut erhaltenes B\u00fcchlein, dessen Inhalt als vollkommener Unterricht f\u00fcr Kellermeister gedacht war. W\u00e4hrend die Weine fr\u00fcher ausschlie\u00dflich in Holzf\u00e4ssern gelagert und lange vor dem [&hellip;]<\/p>\n","protected":false},"featured_media":24292,"comment_status":"open","ping_status":"closed","template":"","meta":{"_acf_changed":false,"_monsterinsights_skip_tracking":false,"_monsterinsights_sitenote_active":false,"_monsterinsights_sitenote_note":"","_monsterinsights_sitenote_category":0},"product_brand":[],"product_cat":[1693],"product_tag":[1751,15885],"class_list":{"0":"post-28952","1":"product","2":"type-product","3":"status-publish","4":"has-post-thumbnail","6":"product_cat-blend-2-de","7":"product_tag-aussergewoehnliche-weine-aus-italien-de","8":"product_tag-gewurztraminer-de","9":"pa_appellation-vino-rosso-de","10":"pa_formato-0-75-l-flasche-de","11":"pa_producer-maso-unterganzner-josephus-mayr-de","12":"pa_region-trentino-tiroler-etschland-de","13":"pa_vine-cabernet-sauvignon-cabernet-franc-merlot-petit-verdot-lagrein-de","14":"pa_vintage-2018-de","16":"first","17":"outofstock","18":"taxable","19":"shipping-taxable","20":"purchasable","21":"product-type-simple"},"bundled_by":[],"bundle_stock_status":"outofstock","bundle_stock_quantity":0,"bundle_virtual":false,"bundle_layout":"","bundle_add_to_cart_form_location":"","bundle_editable_in_cart":false,"bundle_sold_individually_context":"","bundle_item_grouping":"","bundle_min_size":"","bundle_max_size":"","bundle_price":[],"bundled_items":[],"bundle_sell_ids":[],"yoast_head":"<!-- This site is optimized with the Yoast SEO plugin v27.2 - https:\/\/yoast.com\/product\/yoast-seo-wordpress\/ -->\n<title>MAYR JOSEPHUS-UNTERGANZNER Composition Reif 2018<\/title>\n<meta name=\"description\" content=\"MAYR JOSEPHUS-UNTERGANZNER Composition Reif 2018-Fons Vinum Schon immer haben sich die \u201eUnterganzner\u201d mit der Kunst der Kellermeister...\" \/>\n<meta name=\"robots\" content=\"index, follow, max-snippet:-1, max-image-preview:large, max-video-preview:-1\" \/>\n<link rel=\"canonical\" href=\"https:\/\/fonsvinum.com\/de\/produkt\/mayr-josephus-unterganzner-composition-reif-2018\/\" \/>\n<meta property=\"og:locale\" content=\"de_DE\" \/>\n<meta property=\"og:type\" content=\"article\" \/>\n<meta property=\"og:title\" content=\"MAYR JOSEPHUS-UNTERGANZNER Composition Reif 2018\" \/>\n<meta property=\"og:description\" content=\"MAYR JOSEPHUS-UNTERGANZNER Composition Reif 2018-Fons Vinum Schon immer haben sich die \u201eUnterganzner\u201d mit der Kunst der Kellermeister...\" \/>\n<meta property=\"og:url\" content=\"https:\/\/fonsvinum.com\/de\/produkt\/mayr-josephus-unterganzner-composition-reif-2018\/\" \/>\n<meta property=\"og:site_name\" content=\"Fons Vinum\" \/>\n<meta property=\"article:modified_time\" content=\"2021-11-08T15:23:49+00:00\" \/>\n<meta property=\"og:image\" content=\"https:\/\/fonsvinum.com\/files\/2020\/04\/composition-reif-josef-unterganzner.jpg\" \/>\n\t<meta property=\"og:image:width\" content=\"200\" \/>\n\t<meta property=\"og:image:height\" content=\"600\" \/>\n\t<meta property=\"og:image:type\" content=\"image\/jpeg\" \/>\n<meta name=\"twitter:label1\" content=\"Gesch\u00e4tzte Lesezeit\" \/>\n\t<meta name=\"twitter:data1\" content=\"2\u00a0Minuten\" \/>\n<script type=\"application\/ld+json\" class=\"yoast-schema-graph\">{\"@context\":\"https:\/\/schema.org\",\"@graph\":[{\"@type\":\"WebPage\",\"@id\":\"https:\/\/fonsvinum.com\/de\/produkt\/mayr-josephus-unterganzner-composition-reif-2018\/\",\"url\":\"https:\/\/fonsvinum.com\/de\/produkt\/mayr-josephus-unterganzner-composition-reif-2018\/\",\"name\":\"MAYR JOSEPHUS-UNTERGANZNER Composition Reif 2018\",\"isPartOf\":{\"@id\":\"https:\/\/fonsvinum.com\/en\/#website\"},\"primaryImageOfPage\":{\"@id\":\"https:\/\/fonsvinum.com\/de\/produkt\/mayr-josephus-unterganzner-composition-reif-2018\/#primaryimage\"},\"image\":{\"@id\":\"https:\/\/fonsvinum.com\/de\/produkt\/mayr-josephus-unterganzner-composition-reif-2018\/#primaryimage\"},\"thumbnailUrl\":\"https:\/\/fonsvinum.com\/files\/2020\/04\/composition-reif-josef-unterganzner.jpg\",\"datePublished\":\"2021-01-19T14:49:04+00:00\",\"dateModified\":\"2021-11-08T15:23:49+00:00\",\"description\":\"MAYR JOSEPHUS-UNTERGANZNER Composition Reif 2018-Fons Vinum Schon immer haben sich die \u201eUnterganzner\u201d mit der Kunst der Kellermeister...\",\"breadcrumb\":{\"@id\":\"https:\/\/fonsvinum.com\/de\/produkt\/mayr-josephus-unterganzner-composition-reif-2018\/#breadcrumb\"},\"inLanguage\":\"de\",\"potentialAction\":[{\"@type\":\"ReadAction\",\"target\":[\"https:\/\/fonsvinum.com\/de\/produkt\/mayr-josephus-unterganzner-composition-reif-2018\/\"]}]},{\"@type\":\"ImageObject\",\"inLanguage\":\"de\",\"@id\":\"https:\/\/fonsvinum.com\/de\/produkt\/mayr-josephus-unterganzner-composition-reif-2018\/#primaryimage\",\"url\":\"https:\/\/fonsvinum.com\/files\/2020\/04\/composition-reif-josef-unterganzner.jpg\",\"contentUrl\":\"https:\/\/fonsvinum.com\/files\/2020\/04\/composition-reif-josef-unterganzner.jpg\",\"width\":200,\"height\":600},{\"@type\":\"BreadcrumbList\",\"@id\":\"https:\/\/fonsvinum.com\/de\/produkt\/mayr-josephus-unterganzner-composition-reif-2018\/#breadcrumb\",\"itemListElement\":[{\"@type\":\"ListItem\",\"position\":1,\"name\":\"Startseite\",\"item\":\"https:\/\/fonsvinum.com\/de\/\"},{\"@type\":\"ListItem\",\"position\":2,\"name\":\"Shop\",\"item\":\"https:\/\/fonsvinum.com\/de\/shop\/\"},{\"@type\":\"ListItem\",\"position\":3,\"name\":\"MAYR JOSEPHUS-UNTERGANZNER Composition Reif 2018\"}]},{\"@type\":\"WebSite\",\"@id\":\"https:\/\/fonsvinum.com\/en\/#website\",\"url\":\"https:\/\/fonsvinum.com\/en\/\",\"name\":\"Fons Vinum\",\"description\":\"Vendita Vino Online\",\"publisher\":{\"@id\":\"https:\/\/fonsvinum.com\/en\/#organization\"},\"potentialAction\":[{\"@type\":\"SearchAction\",\"target\":{\"@type\":\"EntryPoint\",\"urlTemplate\":\"https:\/\/fonsvinum.com\/en\/?s={search_term_string}\"},\"query-input\":{\"@type\":\"PropertyValueSpecification\",\"valueRequired\":true,\"valueName\":\"search_term_string\"}}],\"inLanguage\":\"de\"},{\"@type\":\"Organization\",\"@id\":\"https:\/\/fonsvinum.com\/en\/#organization\",\"name\":\"Fons Vinum\",\"url\":\"https:\/\/fonsvinum.com\/en\/\",\"logo\":{\"@type\":\"ImageObject\",\"inLanguage\":\"de\",\"@id\":\"https:\/\/fonsvinum.com\/en\/#\/schema\/logo\/image\/\",\"url\":\"\",\"contentUrl\":\"\",\"caption\":\"Fons Vinum\"},\"image\":{\"@id\":\"https:\/\/fonsvinum.com\/en\/#\/schema\/logo\/image\/\"}}]}<\/script>\n<!-- \/ Yoast SEO plugin. -->","yoast_head_json":{"title":"MAYR JOSEPHUS-UNTERGANZNER Composition Reif 2018","description":"MAYR JOSEPHUS-UNTERGANZNER Composition Reif 2018-Fons Vinum Schon immer haben sich die \u201eUnterganzner\u201d mit der Kunst der Kellermeister...","robots":{"index":"index","follow":"follow","max-snippet":"max-snippet:-1","max-image-preview":"max-image-preview:large","max-video-preview":"max-video-preview:-1"},"canonical":"https:\/\/fonsvinum.com\/de\/produkt\/mayr-josephus-unterganzner-composition-reif-2018\/","og_locale":"de_DE","og_type":"article","og_title":"MAYR JOSEPHUS-UNTERGANZNER Composition Reif 2018","og_description":"MAYR JOSEPHUS-UNTERGANZNER Composition Reif 2018-Fons Vinum Schon immer haben sich die \u201eUnterganzner\u201d mit der Kunst der Kellermeister...","og_url":"https:\/\/fonsvinum.com\/de\/produkt\/mayr-josephus-unterganzner-composition-reif-2018\/","og_site_name":"Fons Vinum","article_modified_time":"2021-11-08T15:23:49+00:00","og_image":[{"width":200,"height":600,"url":"https:\/\/fonsvinum.com\/files\/2020\/04\/composition-reif-josef-unterganzner.jpg","type":"image\/jpeg"}],"twitter_misc":{"Gesch\u00e4tzte Lesezeit":"2\u00a0Minuten"},"schema":{"@context":"https:\/\/schema.org","@graph":[{"@type":"WebPage","@id":"https:\/\/fonsvinum.com\/de\/produkt\/mayr-josephus-unterganzner-composition-reif-2018\/","url":"https:\/\/fonsvinum.com\/de\/produkt\/mayr-josephus-unterganzner-composition-reif-2018\/","name":"MAYR JOSEPHUS-UNTERGANZNER Composition Reif 2018","isPartOf":{"@id":"https:\/\/fonsvinum.com\/en\/#website"},"primaryImageOfPage":{"@id":"https:\/\/fonsvinum.com\/de\/produkt\/mayr-josephus-unterganzner-composition-reif-2018\/#primaryimage"},"image":{"@id":"https:\/\/fonsvinum.com\/de\/produkt\/mayr-josephus-unterganzner-composition-reif-2018\/#primaryimage"},"thumbnailUrl":"https:\/\/fonsvinum.com\/files\/2020\/04\/composition-reif-josef-unterganzner.jpg","datePublished":"2021-01-19T14:49:04+00:00","dateModified":"2021-11-08T15:23:49+00:00","description":"MAYR JOSEPHUS-UNTERGANZNER Composition Reif 2018-Fons Vinum Schon immer haben sich die \u201eUnterganzner\u201d mit der Kunst der Kellermeister...","breadcrumb":{"@id":"https:\/\/fonsvinum.com\/de\/produkt\/mayr-josephus-unterganzner-composition-reif-2018\/#breadcrumb"},"inLanguage":"de","potentialAction":[{"@type":"ReadAction","target":["https:\/\/fonsvinum.com\/de\/produkt\/mayr-josephus-unterganzner-composition-reif-2018\/"]}]},{"@type":"ImageObject","inLanguage":"de","@id":"https:\/\/fonsvinum.com\/de\/produkt\/mayr-josephus-unterganzner-composition-reif-2018\/#primaryimage","url":"https:\/\/fonsvinum.com\/files\/2020\/04\/composition-reif-josef-unterganzner.jpg","contentUrl":"https:\/\/fonsvinum.com\/files\/2020\/04\/composition-reif-josef-unterganzner.jpg","width":200,"height":600},{"@type":"BreadcrumbList","@id":"https:\/\/fonsvinum.com\/de\/produkt\/mayr-josephus-unterganzner-composition-reif-2018\/#breadcrumb","itemListElement":[{"@type":"ListItem","position":1,"name":"Startseite","item":"https:\/\/fonsvinum.com\/de\/"},{"@type":"ListItem","position":2,"name":"Shop","item":"https:\/\/fonsvinum.com\/de\/shop\/"},{"@type":"ListItem","position":3,"name":"MAYR JOSEPHUS-UNTERGANZNER Composition Reif 2018"}]},{"@type":"WebSite","@id":"https:\/\/fonsvinum.com\/en\/#website","url":"https:\/\/fonsvinum.com\/en\/","name":"Fons Vinum","description":"Vendita Vino Online","publisher":{"@id":"https:\/\/fonsvinum.com\/en\/#organization"},"potentialAction":[{"@type":"SearchAction","target":{"@type":"EntryPoint","urlTemplate":"https:\/\/fonsvinum.com\/en\/?s={search_term_string}"},"query-input":{"@type":"PropertyValueSpecification","valueRequired":true,"valueName":"search_term_string"}}],"inLanguage":"de"},{"@type":"Organization","@id":"https:\/\/fonsvinum.com\/en\/#organization","name":"Fons Vinum","url":"https:\/\/fonsvinum.com\/en\/","logo":{"@type":"ImageObject","inLanguage":"de","@id":"https:\/\/fonsvinum.com\/en\/#\/schema\/logo\/image\/","url":"","contentUrl":"","caption":"Fons Vinum"},"image":{"@id":"https:\/\/fonsvinum.com\/en\/#\/schema\/logo\/image\/"}}]}},"acf":[],"_links":{"self":[{"href":"https:\/\/fonsvinum.com\/de\/wp-json\/wp\/v2\/product\/28952","targetHints":{"allow":["GET"]}}],"collection":[{"href":"https:\/\/fonsvinum.com\/de\/wp-json\/wp\/v2\/product"}],"about":[{"href":"https:\/\/fonsvinum.com\/de\/wp-json\/wp\/v2\/types\/product"}],"replies":[{"embeddable":true,"href":"https:\/\/fonsvinum.com\/de\/wp-json\/wp\/v2\/comments?post=28952"}],"wp:featuredmedia":[{"embeddable":true,"href":"https:\/\/fonsvinum.com\/de\/wp-json\/wp\/v2\/media\/24292"}],"wp:attachment":[{"href":"https:\/\/fonsvinum.com\/de\/wp-json\/wp\/v2\/media?parent=28952"}],"wp:term":[{"taxonomy":"product_brand","embeddable":true,"href":"https:\/\/fonsvinum.com\/de\/wp-json\/wp\/v2\/product_brand?post=28952"},{"taxonomy":"product_cat","embeddable":true,"href":"https:\/\/fonsvinum.com\/de\/wp-json\/wp\/v2\/product_cat?post=28952"},{"taxonomy":"product_tag","embeddable":true,"href":"https:\/\/fonsvinum.com\/de\/wp-json\/wp\/v2\/product_tag?post=28952"}],"curies":[{"name":"wp","href":"https:\/\/api.w.org\/{rel}","templated":true}]}}