{"id":28112,"date":"2020-11-17T06:50:25","date_gmt":"2020-11-17T05:50:25","guid":{"rendered":"https:\/\/fonsvinum.com\/?post_type=product&#038;p=28112"},"modified":"2020-11-17T06:57:23","modified_gmt":"2020-11-17T05:57:23","slug":"gaja-sori-san-lorenzo-langhe-rosso-2014","status":"publish","type":"product","link":"https:\/\/fonsvinum.com\/de\/produkt\/gaja-sori-san-lorenzo-langhe-rosso-2014\/","title":{"rendered":"GAJA Sori San Lorenzo Langhe Rosso 2014"},"content":{"rendered":"<h1>GAJA Sori San Lorenzo Langhe Rosso 2014<\/h1>\n<p>Sor\u00ec San Lorenzo ist fast immer der kraftvollste und strengste der 5 Gaja Einzellagen-Weine.<\/p>\n<p>Er braucht daher eine l\u00e4ngere Entwicklungszeit auf der Flasche. Konzentrierte Frucht, feine Kr\u00e4uteraromen und mineralische Noten pr\u00e4gen diesen Spitzenwein.<\/p>\n<p>Dicht und kompakt, mit Ankl\u00e4ngen von exotischen Gew\u00fcrzen, endet dieser Rote in einem langen Finale<\/p>\n","protected":false},"excerpt":{"rendered":"<p>GAJA Sori San Lorenzo Langhe Rosso 2014 Sor\u00ec San Lorenzo ist fast immer der kraftvollste und strengste der 5 Gaja Einzellagen-Weine. Er braucht daher eine l\u00e4ngere Entwicklungszeit auf der Flasche. Konzentrierte Frucht, feine Kr\u00e4uteraromen und mineralische Noten pr\u00e4gen diesen Spitzenwein. Dicht und kompakt, mit Ankl\u00e4ngen von exotischen Gew\u00fcrzen, endet dieser Rote in einem langen Finale<\/p>\n","protected":false},"featured_media":5594,"comment_status":"open","ping_status":"closed","template":"","meta":{"_acf_changed":false,"_monsterinsights_skip_tracking":false,"_monsterinsights_sitenote_active":false,"_monsterinsights_sitenote_note":"","_monsterinsights_sitenote_category":0},"product_brand":[],"product_cat":[1693,2332],"product_tag":[1733],"class_list":{"0":"post-28112","1":"product","2":"type-product","3":"status-publish","4":"has-post-thumbnail","6":"product_cat-blend-2-de","7":"product_cat-rotweine-de","8":"product_tag-aussergewoehnliche-weine-de","9":"pa_appellation-barbaresco-docg-de","10":"pa_formato-0-75-l-flasche-de","11":"pa_producer-gaja-de","12":"pa_region-piemont-de","13":"pa_vine-95-nebbiolo-5-barbera-de","14":"pa_vintage-2014-de","16":"first","17":"outofstock","18":"taxable","19":"shipping-taxable","20":"purchasable","21":"product-type-simple"},"bundled_by":[],"bundle_stock_status":"outofstock","bundle_stock_quantity":0,"bundle_virtual":false,"bundle_layout":"","bundle_add_to_cart_form_location":"","bundle_editable_in_cart":false,"bundle_sold_individually_context":"","bundle_item_grouping":"","bundle_min_size":"","bundle_max_size":"","bundle_price":[],"bundled_items":[],"bundle_sell_ids":[],"yoast_head":"<!-- This site is optimized with the Yoast SEO plugin v27.3 - https:\/\/yoast.com\/product\/yoast-seo-wordpress\/ -->\n<title>buy GAJA Sori San Lorenzo Langhe Rosso 2014 fonsvinum<\/title>\n<meta name=\"description\" content=\"GAJA Sori San Lorenzo Langhe Rosso 2014 Sor\u00ec San Lorenzo ist fast immer der kraftvollste und strengste der 5 Gaja Einzellagen-Weine.\" \/>\n<meta name=\"robots\" content=\"index, follow, max-snippet:-1, max-image-preview:large, max-video-preview:-1\" \/>\n<link rel=\"canonical\" href=\"https:\/\/fonsvinum.com\/de\/produkt\/gaja-sori-san-lorenzo-langhe-rosso-2014\/\" \/>\n<meta property=\"og:locale\" content=\"de_DE\" \/>\n<meta property=\"og:type\" content=\"article\" \/>\n<meta property=\"og:title\" content=\"buy GAJA Sori San Lorenzo Langhe Rosso 2014 fonsvinum\" \/>\n<meta property=\"og:description\" content=\"GAJA Sori San Lorenzo Langhe Rosso 2014 Sor\u00ec San Lorenzo ist fast immer der kraftvollste und strengste der 5 Gaja Einzellagen-Weine.\" \/>\n<meta property=\"og:url\" content=\"https:\/\/fonsvinum.com\/de\/produkt\/gaja-sori-san-lorenzo-langhe-rosso-2014\/\" \/>\n<meta property=\"og:site_name\" content=\"Fons Vinum\" \/>\n<meta property=\"article:modified_time\" content=\"2020-11-17T05:57:23+00:00\" \/>\n<meta property=\"og:image\" content=\"https:\/\/fonsvinum.com\/files\/2013\/04\/langhe_rosso_sori_san-lorenzo_gaja.png\" \/>\n\t<meta property=\"og:image:width\" content=\"200\" \/>\n\t<meta property=\"og:image:height\" content=\"600\" \/>\n\t<meta property=\"og:image:type\" content=\"image\/png\" \/>\n<script type=\"application\/ld+json\" class=\"yoast-schema-graph\">{\"@context\":\"https:\\\/\\\/schema.org\",\"@graph\":[{\"@type\":\"WebPage\",\"@id\":\"https:\\\/\\\/fonsvinum.com\\\/de\\\/produkt\\\/gaja-sori-san-lorenzo-langhe-rosso-2014\\\/\",\"url\":\"https:\\\/\\\/fonsvinum.com\\\/de\\\/produkt\\\/gaja-sori-san-lorenzo-langhe-rosso-2014\\\/\",\"name\":\"buy GAJA Sori San Lorenzo Langhe Rosso 2014 fonsvinum\",\"isPartOf\":{\"@id\":\"https:\\\/\\\/fonsvinum.com\\\/en\\\/#website\"},\"primaryImageOfPage\":{\"@id\":\"https:\\\/\\\/fonsvinum.com\\\/de\\\/produkt\\\/gaja-sori-san-lorenzo-langhe-rosso-2014\\\/#primaryimage\"},\"image\":{\"@id\":\"https:\\\/\\\/fonsvinum.com\\\/de\\\/produkt\\\/gaja-sori-san-lorenzo-langhe-rosso-2014\\\/#primaryimage\"},\"thumbnailUrl\":\"https:\\\/\\\/fonsvinum.com\\\/files\\\/2013\\\/04\\\/langhe_rosso_sori_san-lorenzo_gaja.png\",\"datePublished\":\"2020-11-17T05:50:25+00:00\",\"dateModified\":\"2020-11-17T05:57:23+00:00\",\"description\":\"GAJA Sori San Lorenzo Langhe Rosso 2014 Sor\u00ec San Lorenzo ist fast immer der kraftvollste und strengste der 5 Gaja Einzellagen-Weine.\",\"breadcrumb\":{\"@id\":\"https:\\\/\\\/fonsvinum.com\\\/de\\\/produkt\\\/gaja-sori-san-lorenzo-langhe-rosso-2014\\\/#breadcrumb\"},\"inLanguage\":\"de\",\"potentialAction\":[{\"@type\":\"ReadAction\",\"target\":[\"https:\\\/\\\/fonsvinum.com\\\/de\\\/produkt\\\/gaja-sori-san-lorenzo-langhe-rosso-2014\\\/\"]}]},{\"@type\":\"ImageObject\",\"inLanguage\":\"de\",\"@id\":\"https:\\\/\\\/fonsvinum.com\\\/de\\\/produkt\\\/gaja-sori-san-lorenzo-langhe-rosso-2014\\\/#primaryimage\",\"url\":\"https:\\\/\\\/fonsvinum.com\\\/files\\\/2013\\\/04\\\/langhe_rosso_sori_san-lorenzo_gaja.png\",\"contentUrl\":\"https:\\\/\\\/fonsvinum.com\\\/files\\\/2013\\\/04\\\/langhe_rosso_sori_san-lorenzo_gaja.png\",\"width\":200,\"height\":600},{\"@type\":\"BreadcrumbList\",\"@id\":\"https:\\\/\\\/fonsvinum.com\\\/de\\\/produkt\\\/gaja-sori-san-lorenzo-langhe-rosso-2014\\\/#breadcrumb\",\"itemListElement\":[{\"@type\":\"ListItem\",\"position\":1,\"name\":\"Startseite\",\"item\":\"https:\\\/\\\/fonsvinum.com\\\/de\\\/\"},{\"@type\":\"ListItem\",\"position\":2,\"name\":\"Shop\",\"item\":\"https:\\\/\\\/fonsvinum.com\\\/de\\\/shop\\\/\"},{\"@type\":\"ListItem\",\"position\":3,\"name\":\"GAJA Sori San Lorenzo Langhe Rosso 2014\"}]},{\"@type\":\"WebSite\",\"@id\":\"https:\\\/\\\/fonsvinum.com\\\/en\\\/#website\",\"url\":\"https:\\\/\\\/fonsvinum.com\\\/en\\\/\",\"name\":\"Fons Vinum\",\"description\":\"Vendita Vino Online\",\"publisher\":{\"@id\":\"https:\\\/\\\/fonsvinum.com\\\/en\\\/#organization\"},\"potentialAction\":[{\"@type\":\"SearchAction\",\"target\":{\"@type\":\"EntryPoint\",\"urlTemplate\":\"https:\\\/\\\/fonsvinum.com\\\/en\\\/?s={search_term_string}\"},\"query-input\":{\"@type\":\"PropertyValueSpecification\",\"valueRequired\":true,\"valueName\":\"search_term_string\"}}],\"inLanguage\":\"de\"},{\"@type\":\"Organization\",\"@id\":\"https:\\\/\\\/fonsvinum.com\\\/en\\\/#organization\",\"name\":\"Fons Vinum\",\"url\":\"https:\\\/\\\/fonsvinum.com\\\/en\\\/\",\"logo\":{\"@type\":\"ImageObject\",\"inLanguage\":\"de\",\"@id\":\"https:\\\/\\\/fonsvinum.com\\\/en\\\/#\\\/schema\\\/logo\\\/image\\\/\",\"url\":\"\",\"contentUrl\":\"\",\"caption\":\"Fons Vinum\"},\"image\":{\"@id\":\"https:\\\/\\\/fonsvinum.com\\\/en\\\/#\\\/schema\\\/logo\\\/image\\\/\"}}]}<\/script>\n<!-- \/ Yoast SEO plugin. -->","yoast_head_json":{"title":"buy GAJA Sori San Lorenzo Langhe Rosso 2014 fonsvinum","description":"GAJA Sori San Lorenzo Langhe Rosso 2014 Sor\u00ec San Lorenzo ist fast immer der kraftvollste und strengste der 5 Gaja Einzellagen-Weine.","robots":{"index":"index","follow":"follow","max-snippet":"max-snippet:-1","max-image-preview":"max-image-preview:large","max-video-preview":"max-video-preview:-1"},"canonical":"https:\/\/fonsvinum.com\/de\/produkt\/gaja-sori-san-lorenzo-langhe-rosso-2014\/","og_locale":"de_DE","og_type":"article","og_title":"buy GAJA Sori San Lorenzo Langhe Rosso 2014 fonsvinum","og_description":"GAJA Sori San Lorenzo Langhe Rosso 2014 Sor\u00ec San Lorenzo ist fast immer der kraftvollste und strengste der 5 Gaja Einzellagen-Weine.","og_url":"https:\/\/fonsvinum.com\/de\/produkt\/gaja-sori-san-lorenzo-langhe-rosso-2014\/","og_site_name":"Fons Vinum","article_modified_time":"2020-11-17T05:57:23+00:00","og_image":[{"width":200,"height":600,"url":"https:\/\/fonsvinum.com\/files\/2013\/04\/langhe_rosso_sori_san-lorenzo_gaja.png","type":"image\/png"}],"schema":{"@context":"https:\/\/schema.org","@graph":[{"@type":"WebPage","@id":"https:\/\/fonsvinum.com\/de\/produkt\/gaja-sori-san-lorenzo-langhe-rosso-2014\/","url":"https:\/\/fonsvinum.com\/de\/produkt\/gaja-sori-san-lorenzo-langhe-rosso-2014\/","name":"buy GAJA Sori San Lorenzo Langhe Rosso 2014 fonsvinum","isPartOf":{"@id":"https:\/\/fonsvinum.com\/en\/#website"},"primaryImageOfPage":{"@id":"https:\/\/fonsvinum.com\/de\/produkt\/gaja-sori-san-lorenzo-langhe-rosso-2014\/#primaryimage"},"image":{"@id":"https:\/\/fonsvinum.com\/de\/produkt\/gaja-sori-san-lorenzo-langhe-rosso-2014\/#primaryimage"},"thumbnailUrl":"https:\/\/fonsvinum.com\/files\/2013\/04\/langhe_rosso_sori_san-lorenzo_gaja.png","datePublished":"2020-11-17T05:50:25+00:00","dateModified":"2020-11-17T05:57:23+00:00","description":"GAJA Sori San Lorenzo Langhe Rosso 2014 Sor\u00ec San Lorenzo ist fast immer der kraftvollste und strengste der 5 Gaja Einzellagen-Weine.","breadcrumb":{"@id":"https:\/\/fonsvinum.com\/de\/produkt\/gaja-sori-san-lorenzo-langhe-rosso-2014\/#breadcrumb"},"inLanguage":"de","potentialAction":[{"@type":"ReadAction","target":["https:\/\/fonsvinum.com\/de\/produkt\/gaja-sori-san-lorenzo-langhe-rosso-2014\/"]}]},{"@type":"ImageObject","inLanguage":"de","@id":"https:\/\/fonsvinum.com\/de\/produkt\/gaja-sori-san-lorenzo-langhe-rosso-2014\/#primaryimage","url":"https:\/\/fonsvinum.com\/files\/2013\/04\/langhe_rosso_sori_san-lorenzo_gaja.png","contentUrl":"https:\/\/fonsvinum.com\/files\/2013\/04\/langhe_rosso_sori_san-lorenzo_gaja.png","width":200,"height":600},{"@type":"BreadcrumbList","@id":"https:\/\/fonsvinum.com\/de\/produkt\/gaja-sori-san-lorenzo-langhe-rosso-2014\/#breadcrumb","itemListElement":[{"@type":"ListItem","position":1,"name":"Startseite","item":"https:\/\/fonsvinum.com\/de\/"},{"@type":"ListItem","position":2,"name":"Shop","item":"https:\/\/fonsvinum.com\/de\/shop\/"},{"@type":"ListItem","position":3,"name":"GAJA Sori San Lorenzo Langhe Rosso 2014"}]},{"@type":"WebSite","@id":"https:\/\/fonsvinum.com\/en\/#website","url":"https:\/\/fonsvinum.com\/en\/","name":"Fons Vinum","description":"Vendita Vino Online","publisher":{"@id":"https:\/\/fonsvinum.com\/en\/#organization"},"potentialAction":[{"@type":"SearchAction","target":{"@type":"EntryPoint","urlTemplate":"https:\/\/fonsvinum.com\/en\/?s={search_term_string}"},"query-input":{"@type":"PropertyValueSpecification","valueRequired":true,"valueName":"search_term_string"}}],"inLanguage":"de"},{"@type":"Organization","@id":"https:\/\/fonsvinum.com\/en\/#organization","name":"Fons Vinum","url":"https:\/\/fonsvinum.com\/en\/","logo":{"@type":"ImageObject","inLanguage":"de","@id":"https:\/\/fonsvinum.com\/en\/#\/schema\/logo\/image\/","url":"","contentUrl":"","caption":"Fons Vinum"},"image":{"@id":"https:\/\/fonsvinum.com\/en\/#\/schema\/logo\/image\/"}}]}},"acf":[],"_links":{"self":[{"href":"https:\/\/fonsvinum.com\/de\/wp-json\/wp\/v2\/product\/28112","targetHints":{"allow":["GET"]}}],"collection":[{"href":"https:\/\/fonsvinum.com\/de\/wp-json\/wp\/v2\/product"}],"about":[{"href":"https:\/\/fonsvinum.com\/de\/wp-json\/wp\/v2\/types\/product"}],"replies":[{"embeddable":true,"href":"https:\/\/fonsvinum.com\/de\/wp-json\/wp\/v2\/comments?post=28112"}],"wp:featuredmedia":[{"embeddable":true,"href":"https:\/\/fonsvinum.com\/de\/wp-json\/wp\/v2\/media\/5594"}],"wp:attachment":[{"href":"https:\/\/fonsvinum.com\/de\/wp-json\/wp\/v2\/media?parent=28112"}],"wp:term":[{"taxonomy":"product_brand","embeddable":true,"href":"https:\/\/fonsvinum.com\/de\/wp-json\/wp\/v2\/product_brand?post=28112"},{"taxonomy":"product_cat","embeddable":true,"href":"https:\/\/fonsvinum.com\/de\/wp-json\/wp\/v2\/product_cat?post=28112"},{"taxonomy":"product_tag","embeddable":true,"href":"https:\/\/fonsvinum.com\/de\/wp-json\/wp\/v2\/product_tag?post=28112"}],"curies":[{"name":"wp","href":"https:\/\/api.w.org\/{rel}","templated":true}]}}