{"id":28056,"date":"2020-11-12T07:20:02","date_gmt":"2020-11-12T06:20:02","guid":{"rendered":"https:\/\/fonsvinum.com\/?post_type=product&#038;p=28056"},"modified":"2020-11-12T07:24:38","modified_gmt":"2020-11-12T06:24:38","slug":"la-spinetta-barbaresco-starderi-2016","status":"publish","type":"product","link":"https:\/\/fonsvinum.com\/de\/produkt\/la-spinetta-barbaresco-starderi-2016\/","title":{"rendered":"LA SPINETTA Barbaresco Starderi 2016"},"content":{"rendered":"<p>LA SPINETTA Barbaresco Starderi 2016<\/p>\n<h1>LA SPINETTA Barbaresco Starderi 2016<\/h1>\n<h1><a title=\"la spinetta\" href=\"http:\/\/www.la-spinetta.com\/\" target=\"_blank\" rel=\"noopener noreferrer\">LA SPINETTA<\/a><\/h1>\n<p>Giorgio Rivetti ist einer der Gro\u00dfen im Piemont und hauptverantwortlich f\u00fcr die neue Bewegung rund um das Zentrum der Barolo Boys, jener Gruppe dynamischer und ungemein erfolgreicher Weinmacher wie Domenico Clerico, Elio Altare, Lucio Sandrone und andere. Giorgio Rivetti kommt aus dem Astigiano. Sein Hauswein ist daher der Moscato d&#8217;Asti. Seit einigen Jahren konzentriert er sich aber mehr auf Rotweine. Sein erster gro\u00dfer Wurf war der \u201ePin\u201c, ein im Barrique ausgebauter Mischsatz aus Barbera und Nebbiolo. Der Pin 1990 hat auf Anhieb die begehrten drei Gl\u00e4ser des Gambero Rosso bekommen und er hatte einen Spitzenplatz im Barbera-Test der Zeitschrift \u201eFeinschmecker\u201c. Nach dem Pin konzentrierte sich Giorgio Rivetti auf den Barbaresco. Drei wahrhaft gro\u00dfe Weine aus drei unterschiedlichen Cru Lagen entstanden: der Gallina V\u00fcrsu, der Starderi V\u00fcrsu und der Valeirano V\u00fcrsu. F\u00fcr die Etiketten w\u00e4hlte er das Rhinozeros von D\u00fcrer um klar zu machen, dass sein Barbaresco ein Wein voll urspr\u00fcnglicher Kraft ist. Bald kaufte er neue Weinberge und baute bei Grinzane Cavour eine neue Kellerei, die er Camp\u00e8 della Spinetta nannte. Von dort kommt sein Barolo V\u00fcrsu Camp\u00e9. Ein Wein von seltener Dichte und Konzentration. F\u00fcr den Barolo w\u00e4hlte er den L\u00f6wen von D\u00fcrer, weil er ein Wein ist, der nicht nur viel Kraft, sondern auch viel Eleganz hat.<\/p>\n<p>&nbsp;<\/p>\n","protected":false},"excerpt":{"rendered":"<p>LA SPINETTA Barbaresco Starderi 2016 LA SPINETTA Barbaresco Starderi 2016 LA SPINETTA Giorgio Rivetti ist einer der Gro\u00dfen im Piemont und hauptverantwortlich f\u00fcr die neue Bewegung rund um das Zentrum der Barolo Boys, jener Gruppe dynamischer und ungemein erfolgreicher Weinmacher wie Domenico Clerico, Elio Altare, Lucio Sandrone und andere. Giorgio Rivetti kommt aus dem Astigiano. [&hellip;]<\/p>\n","protected":false},"featured_media":6016,"comment_status":"open","ping_status":"closed","template":"","meta":{"_acf_changed":false,"_monsterinsights_skip_tracking":false,"_monsterinsights_sitenote_active":false,"_monsterinsights_sitenote_note":"","_monsterinsights_sitenote_category":0},"product_brand":[],"product_cat":[1773,2332],"product_tag":[15895],"class_list":{"0":"post-28056","1":"product","2":"type-product","3":"status-publish","4":"has-post-thumbnail","6":"product_cat-barbaresco-de","7":"product_cat-rotweine-de","8":"product_tag-barbaresco-de-2","9":"pa_appellation-barbaresco-docg-de","10":"pa_formato-0-75-l-flasche-de","11":"pa_producer-la-spinetta-de","12":"pa_region-piemont-de","13":"pa_vine-100-nebbiolo-de","14":"pa_vintage-2016-de","16":"first","17":"instock","18":"taxable","19":"shipping-taxable","20":"purchasable","21":"product-type-simple"},"bundled_by":[],"bundle_stock_status":"instock","bundle_stock_quantity":3,"bundle_virtual":false,"bundle_layout":"","bundle_add_to_cart_form_location":"","bundle_editable_in_cart":false,"bundle_sold_individually_context":"","bundle_item_grouping":"","bundle_min_size":"","bundle_max_size":"","bundle_price":[],"bundled_items":[],"bundle_sell_ids":[],"yoast_head":"<!-- This site is optimized with the Yoast SEO plugin v27.3 - https:\/\/yoast.com\/product\/yoast-seo-wordpress\/ -->\n<title>LA SPINETTA Barbaresco Starderi 2016 - Fons Vinum<\/title>\n<meta name=\"description\" content=\"Buy online to Fons Vinum LA SPINETTA Barbaresco Starderi 2016 I Fonsvinum ...rare Weine online aus Piedmont,Toskana und Venetien\" \/>\n<meta name=\"robots\" content=\"index, follow, max-snippet:-1, max-image-preview:large, max-video-preview:-1\" \/>\n<link rel=\"canonical\" href=\"https:\/\/fonsvinum.com\/de\/produkt\/la-spinetta-barbaresco-starderi-2016\/\" \/>\n<meta property=\"og:locale\" content=\"de_DE\" \/>\n<meta property=\"og:type\" content=\"article\" \/>\n<meta property=\"og:title\" content=\"LA SPINETTA Barbaresco Starderi 2016 - Fons Vinum\" \/>\n<meta property=\"og:description\" content=\"Buy online to Fons Vinum LA SPINETTA Barbaresco Starderi 2016 I Fonsvinum ...rare Weine online aus Piedmont,Toskana und Venetien\" \/>\n<meta property=\"og:url\" content=\"https:\/\/fonsvinum.com\/de\/produkt\/la-spinetta-barbaresco-starderi-2016\/\" \/>\n<meta property=\"og:site_name\" content=\"Fons Vinum\" \/>\n<meta property=\"article:modified_time\" content=\"2020-11-12T06:24:38+00:00\" \/>\n<meta property=\"og:image\" content=\"https:\/\/fonsvinum.com\/files\/2013\/04\/barbaresco-starderi-la-spinetta.png\" \/>\n\t<meta property=\"og:image:width\" content=\"190\" \/>\n\t<meta property=\"og:image:height\" content=\"700\" \/>\n\t<meta property=\"og:image:type\" content=\"image\/png\" \/>\n<meta name=\"twitter:label1\" content=\"Gesch\u00e4tzte Lesezeit\" \/>\n\t<meta name=\"twitter:data1\" content=\"1\u00a0Minute\" \/>\n<script type=\"application\/ld+json\" class=\"yoast-schema-graph\">{\"@context\":\"https:\\\/\\\/schema.org\",\"@graph\":[{\"@type\":\"WebPage\",\"@id\":\"https:\\\/\\\/fonsvinum.com\\\/de\\\/produkt\\\/la-spinetta-barbaresco-starderi-2016\\\/\",\"url\":\"https:\\\/\\\/fonsvinum.com\\\/de\\\/produkt\\\/la-spinetta-barbaresco-starderi-2016\\\/\",\"name\":\"LA SPINETTA Barbaresco Starderi 2016 - Fons Vinum\",\"isPartOf\":{\"@id\":\"https:\\\/\\\/fonsvinum.com\\\/en\\\/#website\"},\"primaryImageOfPage\":{\"@id\":\"https:\\\/\\\/fonsvinum.com\\\/de\\\/produkt\\\/la-spinetta-barbaresco-starderi-2016\\\/#primaryimage\"},\"image\":{\"@id\":\"https:\\\/\\\/fonsvinum.com\\\/de\\\/produkt\\\/la-spinetta-barbaresco-starderi-2016\\\/#primaryimage\"},\"thumbnailUrl\":\"https:\\\/\\\/fonsvinum.com\\\/files\\\/2013\\\/04\\\/barbaresco-starderi-la-spinetta.png\",\"datePublished\":\"2020-11-12T06:20:02+00:00\",\"dateModified\":\"2020-11-12T06:24:38+00:00\",\"description\":\"Buy online to Fons Vinum LA SPINETTA Barbaresco Starderi 2016 I Fonsvinum ...rare Weine online aus Piedmont,Toskana und Venetien\",\"breadcrumb\":{\"@id\":\"https:\\\/\\\/fonsvinum.com\\\/de\\\/produkt\\\/la-spinetta-barbaresco-starderi-2016\\\/#breadcrumb\"},\"inLanguage\":\"de\",\"potentialAction\":[{\"@type\":\"ReadAction\",\"target\":[\"https:\\\/\\\/fonsvinum.com\\\/de\\\/produkt\\\/la-spinetta-barbaresco-starderi-2016\\\/\"]}]},{\"@type\":\"ImageObject\",\"inLanguage\":\"de\",\"@id\":\"https:\\\/\\\/fonsvinum.com\\\/de\\\/produkt\\\/la-spinetta-barbaresco-starderi-2016\\\/#primaryimage\",\"url\":\"https:\\\/\\\/fonsvinum.com\\\/files\\\/2013\\\/04\\\/barbaresco-starderi-la-spinetta.png\",\"contentUrl\":\"https:\\\/\\\/fonsvinum.com\\\/files\\\/2013\\\/04\\\/barbaresco-starderi-la-spinetta.png\",\"width\":190,\"height\":700},{\"@type\":\"BreadcrumbList\",\"@id\":\"https:\\\/\\\/fonsvinum.com\\\/de\\\/produkt\\\/la-spinetta-barbaresco-starderi-2016\\\/#breadcrumb\",\"itemListElement\":[{\"@type\":\"ListItem\",\"position\":1,\"name\":\"Startseite\",\"item\":\"https:\\\/\\\/fonsvinum.com\\\/de\\\/\"},{\"@type\":\"ListItem\",\"position\":2,\"name\":\"Shop\",\"item\":\"https:\\\/\\\/fonsvinum.com\\\/de\\\/shop\\\/\"},{\"@type\":\"ListItem\",\"position\":3,\"name\":\"LA SPINETTA Barbaresco Starderi 2016\"}]},{\"@type\":\"WebSite\",\"@id\":\"https:\\\/\\\/fonsvinum.com\\\/en\\\/#website\",\"url\":\"https:\\\/\\\/fonsvinum.com\\\/en\\\/\",\"name\":\"Fons Vinum\",\"description\":\"Vendita Vino Online\",\"publisher\":{\"@id\":\"https:\\\/\\\/fonsvinum.com\\\/en\\\/#organization\"},\"potentialAction\":[{\"@type\":\"SearchAction\",\"target\":{\"@type\":\"EntryPoint\",\"urlTemplate\":\"https:\\\/\\\/fonsvinum.com\\\/en\\\/?s={search_term_string}\"},\"query-input\":{\"@type\":\"PropertyValueSpecification\",\"valueRequired\":true,\"valueName\":\"search_term_string\"}}],\"inLanguage\":\"de\"},{\"@type\":\"Organization\",\"@id\":\"https:\\\/\\\/fonsvinum.com\\\/en\\\/#organization\",\"name\":\"Fons Vinum\",\"url\":\"https:\\\/\\\/fonsvinum.com\\\/en\\\/\",\"logo\":{\"@type\":\"ImageObject\",\"inLanguage\":\"de\",\"@id\":\"https:\\\/\\\/fonsvinum.com\\\/en\\\/#\\\/schema\\\/logo\\\/image\\\/\",\"url\":\"\",\"contentUrl\":\"\",\"caption\":\"Fons Vinum\"},\"image\":{\"@id\":\"https:\\\/\\\/fonsvinum.com\\\/en\\\/#\\\/schema\\\/logo\\\/image\\\/\"}}]}<\/script>\n<!-- \/ Yoast SEO plugin. -->","yoast_head_json":{"title":"LA SPINETTA Barbaresco Starderi 2016 - Fons Vinum","description":"Buy online to Fons Vinum LA SPINETTA Barbaresco Starderi 2016 I Fonsvinum ...rare Weine online aus Piedmont,Toskana und Venetien","robots":{"index":"index","follow":"follow","max-snippet":"max-snippet:-1","max-image-preview":"max-image-preview:large","max-video-preview":"max-video-preview:-1"},"canonical":"https:\/\/fonsvinum.com\/de\/produkt\/la-spinetta-barbaresco-starderi-2016\/","og_locale":"de_DE","og_type":"article","og_title":"LA SPINETTA Barbaresco Starderi 2016 - Fons Vinum","og_description":"Buy online to Fons Vinum LA SPINETTA Barbaresco Starderi 2016 I Fonsvinum ...rare Weine online aus Piedmont,Toskana und Venetien","og_url":"https:\/\/fonsvinum.com\/de\/produkt\/la-spinetta-barbaresco-starderi-2016\/","og_site_name":"Fons Vinum","article_modified_time":"2020-11-12T06:24:38+00:00","og_image":[{"width":190,"height":700,"url":"https:\/\/fonsvinum.com\/files\/2013\/04\/barbaresco-starderi-la-spinetta.png","type":"image\/png"}],"twitter_misc":{"Gesch\u00e4tzte Lesezeit":"1\u00a0Minute"},"schema":{"@context":"https:\/\/schema.org","@graph":[{"@type":"WebPage","@id":"https:\/\/fonsvinum.com\/de\/produkt\/la-spinetta-barbaresco-starderi-2016\/","url":"https:\/\/fonsvinum.com\/de\/produkt\/la-spinetta-barbaresco-starderi-2016\/","name":"LA SPINETTA Barbaresco Starderi 2016 - Fons Vinum","isPartOf":{"@id":"https:\/\/fonsvinum.com\/en\/#website"},"primaryImageOfPage":{"@id":"https:\/\/fonsvinum.com\/de\/produkt\/la-spinetta-barbaresco-starderi-2016\/#primaryimage"},"image":{"@id":"https:\/\/fonsvinum.com\/de\/produkt\/la-spinetta-barbaresco-starderi-2016\/#primaryimage"},"thumbnailUrl":"https:\/\/fonsvinum.com\/files\/2013\/04\/barbaresco-starderi-la-spinetta.png","datePublished":"2020-11-12T06:20:02+00:00","dateModified":"2020-11-12T06:24:38+00:00","description":"Buy online to Fons Vinum LA SPINETTA Barbaresco Starderi 2016 I Fonsvinum ...rare Weine online aus Piedmont,Toskana und Venetien","breadcrumb":{"@id":"https:\/\/fonsvinum.com\/de\/produkt\/la-spinetta-barbaresco-starderi-2016\/#breadcrumb"},"inLanguage":"de","potentialAction":[{"@type":"ReadAction","target":["https:\/\/fonsvinum.com\/de\/produkt\/la-spinetta-barbaresco-starderi-2016\/"]}]},{"@type":"ImageObject","inLanguage":"de","@id":"https:\/\/fonsvinum.com\/de\/produkt\/la-spinetta-barbaresco-starderi-2016\/#primaryimage","url":"https:\/\/fonsvinum.com\/files\/2013\/04\/barbaresco-starderi-la-spinetta.png","contentUrl":"https:\/\/fonsvinum.com\/files\/2013\/04\/barbaresco-starderi-la-spinetta.png","width":190,"height":700},{"@type":"BreadcrumbList","@id":"https:\/\/fonsvinum.com\/de\/produkt\/la-spinetta-barbaresco-starderi-2016\/#breadcrumb","itemListElement":[{"@type":"ListItem","position":1,"name":"Startseite","item":"https:\/\/fonsvinum.com\/de\/"},{"@type":"ListItem","position":2,"name":"Shop","item":"https:\/\/fonsvinum.com\/de\/shop\/"},{"@type":"ListItem","position":3,"name":"LA SPINETTA Barbaresco Starderi 2016"}]},{"@type":"WebSite","@id":"https:\/\/fonsvinum.com\/en\/#website","url":"https:\/\/fonsvinum.com\/en\/","name":"Fons Vinum","description":"Vendita Vino Online","publisher":{"@id":"https:\/\/fonsvinum.com\/en\/#organization"},"potentialAction":[{"@type":"SearchAction","target":{"@type":"EntryPoint","urlTemplate":"https:\/\/fonsvinum.com\/en\/?s={search_term_string}"},"query-input":{"@type":"PropertyValueSpecification","valueRequired":true,"valueName":"search_term_string"}}],"inLanguage":"de"},{"@type":"Organization","@id":"https:\/\/fonsvinum.com\/en\/#organization","name":"Fons Vinum","url":"https:\/\/fonsvinum.com\/en\/","logo":{"@type":"ImageObject","inLanguage":"de","@id":"https:\/\/fonsvinum.com\/en\/#\/schema\/logo\/image\/","url":"","contentUrl":"","caption":"Fons Vinum"},"image":{"@id":"https:\/\/fonsvinum.com\/en\/#\/schema\/logo\/image\/"}}]}},"acf":[],"_links":{"self":[{"href":"https:\/\/fonsvinum.com\/de\/wp-json\/wp\/v2\/product\/28056","targetHints":{"allow":["GET"]}}],"collection":[{"href":"https:\/\/fonsvinum.com\/de\/wp-json\/wp\/v2\/product"}],"about":[{"href":"https:\/\/fonsvinum.com\/de\/wp-json\/wp\/v2\/types\/product"}],"replies":[{"embeddable":true,"href":"https:\/\/fonsvinum.com\/de\/wp-json\/wp\/v2\/comments?post=28056"}],"wp:featuredmedia":[{"embeddable":true,"href":"https:\/\/fonsvinum.com\/de\/wp-json\/wp\/v2\/media\/6016"}],"wp:attachment":[{"href":"https:\/\/fonsvinum.com\/de\/wp-json\/wp\/v2\/media?parent=28056"}],"wp:term":[{"taxonomy":"product_brand","embeddable":true,"href":"https:\/\/fonsvinum.com\/de\/wp-json\/wp\/v2\/product_brand?post=28056"},{"taxonomy":"product_cat","embeddable":true,"href":"https:\/\/fonsvinum.com\/de\/wp-json\/wp\/v2\/product_cat?post=28056"},{"taxonomy":"product_tag","embeddable":true,"href":"https:\/\/fonsvinum.com\/de\/wp-json\/wp\/v2\/product_tag?post=28056"}],"curies":[{"name":"wp","href":"https:\/\/api.w.org\/{rel}","templated":true}]}}