{"id":27852,"date":"2020-11-05T09:19:19","date_gmt":"2020-11-05T08:19:19","guid":{"rendered":"https:\/\/fonsvinum.com\/?post_type=product&#038;p=27852"},"modified":"2022-02-08T17:34:54","modified_gmt":"2022-02-08T16:34:54","slug":"podere-grattamacco-bolgheri-rosso-superiore-2017","status":"publish","type":"product","link":"https:\/\/fonsvinum.com\/de\/produkt\/podere-grattamacco-bolgheri-rosso-superiore-2017\/","title":{"rendered":"PODERE GRATTAMACCO Bolgheri Rosso Superiore 2017"},"content":{"rendered":"<h1><a href=\"http:\/\/www.bolgheridoc.com\/bolgheri\/de\/home\/\">PODERE GRATTAMACCO Bolgheri Rosso Superiore 2017<\/a><\/h1>\n<h1><em>35\u00b0 HARVEST<\/em><\/h1>\n<p><strong>Bolgheri Rosso Superiore 2016 Podere Grattamacco<\/strong><\/p>\n<p>Kann man die beiden internationalen Rebsorten Cabernet Sauvignon und Merlot besser mit Sangiovese verm\u00e4hlen als hier? Wohl kaum, verl\u00e4sslich wie ein Schweizer Uhrwerk liefert das Weingut jedes Jahr gro\u00dfe Bolgheriweine. In der Nase dominieren neben roten Fr\u00fcchten etwas Pfeffer und Kr\u00e4uter, im Mund findet sich die schon fast sprichw\u00f6rtliche Finesse und Eleganz wieder, die &#8218;Grattamacco&#8216; so besonders macht. M\u00fcrbes, fast seidiges Tannin und feinste Fruchtnuancen neben Kaffee und vielem mehr. Gehen Sie selbst auf Entdeckungsreise, es lohnt sich.<\/p>\n<p><strong>Rebsorte<\/strong>: Cabernet Sauvignon, Merlot, Sangiovese<br \/>\n<strong>Passt zu:<\/strong> geschmortem Fleisch und deftigen Gem\u00fcseeint\u00f6pfen<\/p>\n<h2>Pr\u00e4mierung Ornellaia 2017<\/h2>\n<ul>\n<li>\n<div class=\"grid__item width-5-12\"><strong>Gambero Rosso\u00a0 3 \/ 3<\/strong><\/div>\n<\/li>\n<li>\n<div class=\"grid__item width-5-12\">Wine Spectator\u00a0 95 \/ 100<\/div>\n<\/li>\n<li>\n<div class=\"grid__item width-5-12\">James Suckling\u00a0 95 \/ 100<\/div>\n<\/li>\n<\/ul>\n","protected":false},"excerpt":{"rendered":"<p>PODERE GRATTAMACCO Bolgheri Rosso Superiore 2017 35\u00b0 HARVEST Bolgheri Rosso Superiore 2016 Podere Grattamacco Kann man die beiden internationalen Rebsorten Cabernet Sauvignon und Merlot besser mit Sangiovese verm\u00e4hlen als hier? Wohl kaum, verl\u00e4sslich wie ein Schweizer Uhrwerk liefert das Weingut jedes Jahr gro\u00dfe Bolgheriweine. In der Nase dominieren neben roten Fr\u00fcchten etwas Pfeffer und Kr\u00e4uter, [&hellip;]<\/p>\n","protected":false},"featured_media":29274,"comment_status":"open","ping_status":"closed","template":"","meta":{"_acf_changed":false,"_monsterinsights_skip_tracking":false,"_monsterinsights_sitenote_active":false,"_monsterinsights_sitenote_note":"","_monsterinsights_sitenote_category":0},"product_brand":[],"product_cat":[1693],"product_tag":[1751,3583],"class_list":{"0":"post-27852","1":"product","2":"type-product","3":"status-publish","4":"has-post-thumbnail","6":"product_cat-blend-2-de","7":"product_tag-aussergewoehnliche-weine-aus-italien-de","8":"product_tag-vini-toscani-de","9":"pa_appellation-bolgheri-rosso-doc-de","10":"pa_formato-0-75-l-flasche-de","11":"pa_producer-podere-grattamacco-de","12":"pa_region-toskana-de","13":"pa_vine-65-cabernet-sauvignon-20-merlot-15-sangiovese-de","14":"pa_vintage-2017-de","16":"first","17":"instock","18":"taxable","19":"shipping-taxable","20":"purchasable","21":"product-type-simple"},"bundled_by":[],"bundle_stock_status":"instock","bundle_stock_quantity":6,"bundle_virtual":false,"bundle_layout":"","bundle_add_to_cart_form_location":"","bundle_editable_in_cart":false,"bundle_sold_individually_context":"","bundle_item_grouping":"","bundle_min_size":"","bundle_max_size":"","bundle_price":[],"bundled_items":[],"bundle_sell_ids":[],"yoast_head":"<!-- This site is optimized with the Yoast SEO plugin v27.2 - https:\/\/yoast.com\/product\/yoast-seo-wordpress\/ -->\n<title>Buy PODERE GRATTAMACCO Bolgheri Rosso Sup. 2017 | FonsVinum<\/title>\n<meta name=\"description\" content=\"PODERE GRATTAMACCO Bolgheri Rosso Superiore 2017 | FonsVinum - M\u00fcrbes, fast seidiges Tannin und feinste Fruchtnuancen neben Kaffee und vielem\" \/>\n<meta name=\"robots\" content=\"index, follow, max-snippet:-1, max-image-preview:large, max-video-preview:-1\" \/>\n<link rel=\"canonical\" href=\"https:\/\/fonsvinum.com\/de\/produkt\/podere-grattamacco-bolgheri-rosso-superiore-2017\/\" \/>\n<meta property=\"og:locale\" content=\"de_DE\" \/>\n<meta property=\"og:type\" content=\"article\" \/>\n<meta property=\"og:title\" content=\"Buy PODERE GRATTAMACCO Bolgheri Rosso Sup. 2017 | FonsVinum\" \/>\n<meta property=\"og:description\" content=\"PODERE GRATTAMACCO Bolgheri Rosso Superiore 2017 | FonsVinum - M\u00fcrbes, fast seidiges Tannin und feinste Fruchtnuancen neben Kaffee und vielem\" \/>\n<meta property=\"og:url\" content=\"https:\/\/fonsvinum.com\/de\/produkt\/podere-grattamacco-bolgheri-rosso-superiore-2017\/\" \/>\n<meta property=\"og:site_name\" content=\"Fons Vinum\" \/>\n<meta property=\"article:modified_time\" content=\"2022-02-08T16:34:54+00:00\" \/>\n<meta property=\"og:image\" content=\"https:\/\/fonsvinum.com\/files\/2020\/11\/grattamacco-sup-35\u00b0vendemmia-2017.jpg\" \/>\n\t<meta property=\"og:image:width\" content=\"200\" \/>\n\t<meta property=\"og:image:height\" content=\"600\" \/>\n\t<meta property=\"og:image:type\" content=\"image\/jpeg\" \/>\n<meta name=\"twitter:label1\" content=\"Gesch\u00e4tzte Lesezeit\" \/>\n\t<meta name=\"twitter:data1\" content=\"1\u00a0Minute\" \/>\n<script type=\"application\/ld+json\" class=\"yoast-schema-graph\">{\"@context\":\"https:\/\/schema.org\",\"@graph\":[{\"@type\":\"WebPage\",\"@id\":\"https:\/\/fonsvinum.com\/de\/produkt\/podere-grattamacco-bolgheri-rosso-superiore-2017\/\",\"url\":\"https:\/\/fonsvinum.com\/de\/produkt\/podere-grattamacco-bolgheri-rosso-superiore-2017\/\",\"name\":\"Buy PODERE GRATTAMACCO Bolgheri Rosso Sup. 2017 | FonsVinum\",\"isPartOf\":{\"@id\":\"https:\/\/fonsvinum.com\/en\/#website\"},\"primaryImageOfPage\":{\"@id\":\"https:\/\/fonsvinum.com\/de\/produkt\/podere-grattamacco-bolgheri-rosso-superiore-2017\/#primaryimage\"},\"image\":{\"@id\":\"https:\/\/fonsvinum.com\/de\/produkt\/podere-grattamacco-bolgheri-rosso-superiore-2017\/#primaryimage\"},\"thumbnailUrl\":\"https:\/\/fonsvinum.com\/files\/2020\/11\/grattamacco-sup-35\u00b0vendemmia-2017.jpg\",\"datePublished\":\"2020-11-05T08:19:19+00:00\",\"dateModified\":\"2022-02-08T16:34:54+00:00\",\"description\":\"PODERE GRATTAMACCO Bolgheri Rosso Superiore 2017 | FonsVinum - M\u00fcrbes, fast seidiges Tannin und feinste Fruchtnuancen neben Kaffee und vielem\",\"breadcrumb\":{\"@id\":\"https:\/\/fonsvinum.com\/de\/produkt\/podere-grattamacco-bolgheri-rosso-superiore-2017\/#breadcrumb\"},\"inLanguage\":\"de\",\"potentialAction\":[{\"@type\":\"ReadAction\",\"target\":[\"https:\/\/fonsvinum.com\/de\/produkt\/podere-grattamacco-bolgheri-rosso-superiore-2017\/\"]}]},{\"@type\":\"ImageObject\",\"inLanguage\":\"de\",\"@id\":\"https:\/\/fonsvinum.com\/de\/produkt\/podere-grattamacco-bolgheri-rosso-superiore-2017\/#primaryimage\",\"url\":\"https:\/\/fonsvinum.com\/files\/2020\/11\/grattamacco-sup-35\u00b0vendemmia-2017.jpg\",\"contentUrl\":\"https:\/\/fonsvinum.com\/files\/2020\/11\/grattamacco-sup-35\u00b0vendemmia-2017.jpg\",\"width\":200,\"height\":600},{\"@type\":\"BreadcrumbList\",\"@id\":\"https:\/\/fonsvinum.com\/de\/produkt\/podere-grattamacco-bolgheri-rosso-superiore-2017\/#breadcrumb\",\"itemListElement\":[{\"@type\":\"ListItem\",\"position\":1,\"name\":\"Startseite\",\"item\":\"https:\/\/fonsvinum.com\/de\/\"},{\"@type\":\"ListItem\",\"position\":2,\"name\":\"Shop\",\"item\":\"https:\/\/fonsvinum.com\/de\/shop\/\"},{\"@type\":\"ListItem\",\"position\":3,\"name\":\"PODERE GRATTAMACCO Bolgheri Rosso Superiore 2017\"}]},{\"@type\":\"WebSite\",\"@id\":\"https:\/\/fonsvinum.com\/en\/#website\",\"url\":\"https:\/\/fonsvinum.com\/en\/\",\"name\":\"Fons Vinum\",\"description\":\"Vendita Vino Online\",\"publisher\":{\"@id\":\"https:\/\/fonsvinum.com\/en\/#organization\"},\"potentialAction\":[{\"@type\":\"SearchAction\",\"target\":{\"@type\":\"EntryPoint\",\"urlTemplate\":\"https:\/\/fonsvinum.com\/en\/?s={search_term_string}\"},\"query-input\":{\"@type\":\"PropertyValueSpecification\",\"valueRequired\":true,\"valueName\":\"search_term_string\"}}],\"inLanguage\":\"de\"},{\"@type\":\"Organization\",\"@id\":\"https:\/\/fonsvinum.com\/en\/#organization\",\"name\":\"Fons Vinum\",\"url\":\"https:\/\/fonsvinum.com\/en\/\",\"logo\":{\"@type\":\"ImageObject\",\"inLanguage\":\"de\",\"@id\":\"https:\/\/fonsvinum.com\/en\/#\/schema\/logo\/image\/\",\"url\":\"\",\"contentUrl\":\"\",\"caption\":\"Fons Vinum\"},\"image\":{\"@id\":\"https:\/\/fonsvinum.com\/en\/#\/schema\/logo\/image\/\"}}]}<\/script>\n<!-- \/ Yoast SEO plugin. -->","yoast_head_json":{"title":"Buy PODERE GRATTAMACCO Bolgheri Rosso Sup. 2017 | FonsVinum","description":"PODERE GRATTAMACCO Bolgheri Rosso Superiore 2017 | FonsVinum - M\u00fcrbes, fast seidiges Tannin und feinste Fruchtnuancen neben Kaffee und vielem","robots":{"index":"index","follow":"follow","max-snippet":"max-snippet:-1","max-image-preview":"max-image-preview:large","max-video-preview":"max-video-preview:-1"},"canonical":"https:\/\/fonsvinum.com\/de\/produkt\/podere-grattamacco-bolgheri-rosso-superiore-2017\/","og_locale":"de_DE","og_type":"article","og_title":"Buy PODERE GRATTAMACCO Bolgheri Rosso Sup. 2017 | FonsVinum","og_description":"PODERE GRATTAMACCO Bolgheri Rosso Superiore 2017 | FonsVinum - M\u00fcrbes, fast seidiges Tannin und feinste Fruchtnuancen neben Kaffee und vielem","og_url":"https:\/\/fonsvinum.com\/de\/produkt\/podere-grattamacco-bolgheri-rosso-superiore-2017\/","og_site_name":"Fons Vinum","article_modified_time":"2022-02-08T16:34:54+00:00","og_image":[{"width":200,"height":600,"url":"https:\/\/fonsvinum.com\/files\/2020\/11\/grattamacco-sup-35\u00b0vendemmia-2017.jpg","type":"image\/jpeg"}],"twitter_misc":{"Gesch\u00e4tzte Lesezeit":"1\u00a0Minute"},"schema":{"@context":"https:\/\/schema.org","@graph":[{"@type":"WebPage","@id":"https:\/\/fonsvinum.com\/de\/produkt\/podere-grattamacco-bolgheri-rosso-superiore-2017\/","url":"https:\/\/fonsvinum.com\/de\/produkt\/podere-grattamacco-bolgheri-rosso-superiore-2017\/","name":"Buy PODERE GRATTAMACCO Bolgheri Rosso Sup. 2017 | FonsVinum","isPartOf":{"@id":"https:\/\/fonsvinum.com\/en\/#website"},"primaryImageOfPage":{"@id":"https:\/\/fonsvinum.com\/de\/produkt\/podere-grattamacco-bolgheri-rosso-superiore-2017\/#primaryimage"},"image":{"@id":"https:\/\/fonsvinum.com\/de\/produkt\/podere-grattamacco-bolgheri-rosso-superiore-2017\/#primaryimage"},"thumbnailUrl":"https:\/\/fonsvinum.com\/files\/2020\/11\/grattamacco-sup-35\u00b0vendemmia-2017.jpg","datePublished":"2020-11-05T08:19:19+00:00","dateModified":"2022-02-08T16:34:54+00:00","description":"PODERE GRATTAMACCO Bolgheri Rosso Superiore 2017 | FonsVinum - M\u00fcrbes, fast seidiges Tannin und feinste Fruchtnuancen neben Kaffee und vielem","breadcrumb":{"@id":"https:\/\/fonsvinum.com\/de\/produkt\/podere-grattamacco-bolgheri-rosso-superiore-2017\/#breadcrumb"},"inLanguage":"de","potentialAction":[{"@type":"ReadAction","target":["https:\/\/fonsvinum.com\/de\/produkt\/podere-grattamacco-bolgheri-rosso-superiore-2017\/"]}]},{"@type":"ImageObject","inLanguage":"de","@id":"https:\/\/fonsvinum.com\/de\/produkt\/podere-grattamacco-bolgheri-rosso-superiore-2017\/#primaryimage","url":"https:\/\/fonsvinum.com\/files\/2020\/11\/grattamacco-sup-35\u00b0vendemmia-2017.jpg","contentUrl":"https:\/\/fonsvinum.com\/files\/2020\/11\/grattamacco-sup-35\u00b0vendemmia-2017.jpg","width":200,"height":600},{"@type":"BreadcrumbList","@id":"https:\/\/fonsvinum.com\/de\/produkt\/podere-grattamacco-bolgheri-rosso-superiore-2017\/#breadcrumb","itemListElement":[{"@type":"ListItem","position":1,"name":"Startseite","item":"https:\/\/fonsvinum.com\/de\/"},{"@type":"ListItem","position":2,"name":"Shop","item":"https:\/\/fonsvinum.com\/de\/shop\/"},{"@type":"ListItem","position":3,"name":"PODERE GRATTAMACCO Bolgheri Rosso Superiore 2017"}]},{"@type":"WebSite","@id":"https:\/\/fonsvinum.com\/en\/#website","url":"https:\/\/fonsvinum.com\/en\/","name":"Fons Vinum","description":"Vendita Vino Online","publisher":{"@id":"https:\/\/fonsvinum.com\/en\/#organization"},"potentialAction":[{"@type":"SearchAction","target":{"@type":"EntryPoint","urlTemplate":"https:\/\/fonsvinum.com\/en\/?s={search_term_string}"},"query-input":{"@type":"PropertyValueSpecification","valueRequired":true,"valueName":"search_term_string"}}],"inLanguage":"de"},{"@type":"Organization","@id":"https:\/\/fonsvinum.com\/en\/#organization","name":"Fons Vinum","url":"https:\/\/fonsvinum.com\/en\/","logo":{"@type":"ImageObject","inLanguage":"de","@id":"https:\/\/fonsvinum.com\/en\/#\/schema\/logo\/image\/","url":"","contentUrl":"","caption":"Fons Vinum"},"image":{"@id":"https:\/\/fonsvinum.com\/en\/#\/schema\/logo\/image\/"}}]}},"acf":[],"_links":{"self":[{"href":"https:\/\/fonsvinum.com\/de\/wp-json\/wp\/v2\/product\/27852","targetHints":{"allow":["GET"]}}],"collection":[{"href":"https:\/\/fonsvinum.com\/de\/wp-json\/wp\/v2\/product"}],"about":[{"href":"https:\/\/fonsvinum.com\/de\/wp-json\/wp\/v2\/types\/product"}],"replies":[{"embeddable":true,"href":"https:\/\/fonsvinum.com\/de\/wp-json\/wp\/v2\/comments?post=27852"}],"wp:featuredmedia":[{"embeddable":true,"href":"https:\/\/fonsvinum.com\/de\/wp-json\/wp\/v2\/media\/29274"}],"wp:attachment":[{"href":"https:\/\/fonsvinum.com\/de\/wp-json\/wp\/v2\/media?parent=27852"}],"wp:term":[{"taxonomy":"product_brand","embeddable":true,"href":"https:\/\/fonsvinum.com\/de\/wp-json\/wp\/v2\/product_brand?post=27852"},{"taxonomy":"product_cat","embeddable":true,"href":"https:\/\/fonsvinum.com\/de\/wp-json\/wp\/v2\/product_cat?post=27852"},{"taxonomy":"product_tag","embeddable":true,"href":"https:\/\/fonsvinum.com\/de\/wp-json\/wp\/v2\/product_tag?post=27852"}],"curies":[{"name":"wp","href":"https:\/\/api.w.org\/{rel}","templated":true}]}}