{"id":27226,"date":"2020-10-16T17:12:00","date_gmt":"2020-10-16T15:12:00","guid":{"rendered":"https:\/\/fonsvinum.com\/?post_type=product&#038;p=27226"},"modified":"2021-02-17T16:17:03","modified_gmt":"2021-02-17T15:17:03","slug":"la-spinetta-gallina-barbaresco-2016","status":"publish","type":"product","link":"https:\/\/fonsvinum.com\/de\/produkt\/la-spinetta-gallina-barbaresco-2016\/","title":{"rendered":"LA SPINETTA Gallina Barbaresco 2016"},"content":{"rendered":"<h1><a href=\"https:\/\/fonsvinum.com\/de\/?s=LA+SPINETTA&amp;post_type=product\">LA SPINETTA<\/a> Gallina <a href=\"https:\/\/fonsvinum.com\/de\/?s=Barbaresco&amp;post_type=product\">Barbaresco<\/a> 2016<\/h1>\n<p>Der Barbaresco Gallina beeindruckt mit einer lebhaften, tiefen rubinroten Farbe mit violettem Rand.<br \/>\nRote Fr\u00fcchte wie rote Johannisbeeren und Kirschen, Mokka, feine Gew\u00fcrze und florale Noten (Veilchen, Rosen) pr\u00e4gen das Duftprofil. Am kr\u00e4ftigen, stoffigen Gaumen ist ein weicher und dichter Fruchtkern mit \u00fcppigen Pflaumen- und Johannisbeeraromen, akzentuiert von Tabaknoten zu versp\u00fcren.<\/p>\n<p>Wir empfehlen ihn zu gegrillten Speisen, roten Fleischgerichten und Wild oder zum Sologenuss.<\/p>\n<p>Nach einer 20- bis 22-monatigen Reife in franz\u00f6sischen Eichenf\u00e4ssern kommt der Wein f\u00fcr 3 Monate in Stahltanks ehe er auf die Flasche gef\u00fcllt wird und dort f\u00fcr weitere 12 Monate lagert.<\/p>\n","protected":false},"excerpt":{"rendered":"<p>LA SPINETTA Gallina Barbaresco 2016 Der Barbaresco Gallina beeindruckt mit einer lebhaften, tiefen rubinroten Farbe mit violettem Rand. Rote Fr\u00fcchte wie rote Johannisbeeren und Kirschen, Mokka, feine Gew\u00fcrze und florale Noten (Veilchen, Rosen) pr\u00e4gen das Duftprofil. Am kr\u00e4ftigen, stoffigen Gaumen ist ein weicher und dichter Fruchtkern mit \u00fcppigen Pflaumen- und Johannisbeeraromen, akzentuiert von Tabaknoten zu [&hellip;]<\/p>\n","protected":false},"featured_media":5840,"comment_status":"open","ping_status":"closed","template":"","meta":{"_acf_changed":false,"_monsterinsights_skip_tracking":false,"_monsterinsights_sitenote_active":false,"_monsterinsights_sitenote_note":"","_monsterinsights_sitenote_category":0},"product_brand":[],"product_cat":[1773,2332],"product_tag":[15895,15893],"class_list":{"0":"post-27226","1":"product","2":"type-product","3":"status-publish","4":"has-post-thumbnail","6":"product_cat-barbaresco-de","7":"product_cat-rotweine-de","8":"product_tag-barbaresco-de-2","9":"product_tag-piemonte-de","10":"pa_appellation-barbaresco-docg-de","11":"pa_formato-0-75-l-flasche-de","12":"pa_producer-la-spinetta-de","13":"pa_region-piemont-de","14":"pa_vine-100-nebbiolo-de","15":"pa_vintage-2016-de","17":"first","18":"instock","19":"taxable","20":"shipping-taxable","21":"purchasable","22":"product-type-simple"},"bundled_by":[],"bundle_stock_status":"instock","bundle_stock_quantity":1,"bundle_virtual":false,"bundle_layout":"","bundle_add_to_cart_form_location":"","bundle_editable_in_cart":false,"bundle_sold_individually_context":"","bundle_item_grouping":"","bundle_min_size":"","bundle_max_size":"","bundle_price":[],"bundled_items":[],"bundle_sell_ids":[],"yoast_head":"<!-- This site is optimized with the Yoast SEO plugin v27.3 - https:\/\/yoast.com\/product\/yoast-seo-wordpress\/ -->\n<title>LA SPINETTA Gallina Barbaresco 2016 online Fons Vinum<\/title>\n<meta name=\"description\" content=\"LA SPINETTA Gallina Barbaresco 2016 I Fonsvinum rare Weine online aus Piedmot,Toskana und Venetien. Nach einer 20- bis 22-monatigen\" \/>\n<meta name=\"robots\" content=\"index, follow, max-snippet:-1, max-image-preview:large, max-video-preview:-1\" \/>\n<link rel=\"canonical\" href=\"https:\/\/fonsvinum.com\/de\/produkt\/la-spinetta-gallina-barbaresco-2016\/\" \/>\n<meta property=\"og:locale\" content=\"de_DE\" \/>\n<meta property=\"og:type\" content=\"article\" \/>\n<meta property=\"og:title\" content=\"LA SPINETTA Gallina Barbaresco 2016 online Fons Vinum\" \/>\n<meta property=\"og:description\" content=\"LA SPINETTA Gallina Barbaresco 2016 I Fonsvinum rare Weine online aus Piedmot,Toskana und Venetien. Nach einer 20- bis 22-monatigen\" \/>\n<meta property=\"og:url\" content=\"https:\/\/fonsvinum.com\/de\/produkt\/la-spinetta-gallina-barbaresco-2016\/\" \/>\n<meta property=\"og:site_name\" content=\"Fons Vinum\" \/>\n<meta property=\"article:modified_time\" content=\"2021-02-17T15:17:03+00:00\" \/>\n<meta property=\"og:image\" content=\"https:\/\/fonsvinum.com\/files\/2013\/04\/barbaresco-gallina-la-spinetta.jpg\" \/>\n\t<meta property=\"og:image:width\" content=\"225\" \/>\n\t<meta property=\"og:image:height\" content=\"540\" \/>\n\t<meta property=\"og:image:type\" content=\"image\/jpeg\" \/>\n<meta name=\"twitter:label1\" content=\"Gesch\u00e4tzte Lesezeit\" \/>\n\t<meta name=\"twitter:data1\" content=\"1\u00a0Minute\" \/>\n<script type=\"application\/ld+json\" class=\"yoast-schema-graph\">{\"@context\":\"https:\\\/\\\/schema.org\",\"@graph\":[{\"@type\":\"WebPage\",\"@id\":\"https:\\\/\\\/fonsvinum.com\\\/de\\\/produkt\\\/la-spinetta-gallina-barbaresco-2016\\\/\",\"url\":\"https:\\\/\\\/fonsvinum.com\\\/de\\\/produkt\\\/la-spinetta-gallina-barbaresco-2016\\\/\",\"name\":\"LA SPINETTA Gallina Barbaresco 2016 online Fons Vinum\",\"isPartOf\":{\"@id\":\"https:\\\/\\\/fonsvinum.com\\\/en\\\/#website\"},\"primaryImageOfPage\":{\"@id\":\"https:\\\/\\\/fonsvinum.com\\\/de\\\/produkt\\\/la-spinetta-gallina-barbaresco-2016\\\/#primaryimage\"},\"image\":{\"@id\":\"https:\\\/\\\/fonsvinum.com\\\/de\\\/produkt\\\/la-spinetta-gallina-barbaresco-2016\\\/#primaryimage\"},\"thumbnailUrl\":\"https:\\\/\\\/fonsvinum.com\\\/files\\\/2013\\\/04\\\/barbaresco-gallina-la-spinetta.jpg\",\"datePublished\":\"2020-10-16T15:12:00+00:00\",\"dateModified\":\"2021-02-17T15:17:03+00:00\",\"description\":\"LA SPINETTA Gallina Barbaresco 2016 I Fonsvinum rare Weine online aus Piedmot,Toskana und Venetien. Nach einer 20- bis 22-monatigen\",\"breadcrumb\":{\"@id\":\"https:\\\/\\\/fonsvinum.com\\\/de\\\/produkt\\\/la-spinetta-gallina-barbaresco-2016\\\/#breadcrumb\"},\"inLanguage\":\"de\",\"potentialAction\":[{\"@type\":\"ReadAction\",\"target\":[\"https:\\\/\\\/fonsvinum.com\\\/de\\\/produkt\\\/la-spinetta-gallina-barbaresco-2016\\\/\"]}]},{\"@type\":\"ImageObject\",\"inLanguage\":\"de\",\"@id\":\"https:\\\/\\\/fonsvinum.com\\\/de\\\/produkt\\\/la-spinetta-gallina-barbaresco-2016\\\/#primaryimage\",\"url\":\"https:\\\/\\\/fonsvinum.com\\\/files\\\/2013\\\/04\\\/barbaresco-gallina-la-spinetta.jpg\",\"contentUrl\":\"https:\\\/\\\/fonsvinum.com\\\/files\\\/2013\\\/04\\\/barbaresco-gallina-la-spinetta.jpg\",\"width\":225,\"height\":540},{\"@type\":\"BreadcrumbList\",\"@id\":\"https:\\\/\\\/fonsvinum.com\\\/de\\\/produkt\\\/la-spinetta-gallina-barbaresco-2016\\\/#breadcrumb\",\"itemListElement\":[{\"@type\":\"ListItem\",\"position\":1,\"name\":\"Startseite\",\"item\":\"https:\\\/\\\/fonsvinum.com\\\/de\\\/\"},{\"@type\":\"ListItem\",\"position\":2,\"name\":\"Shop\",\"item\":\"https:\\\/\\\/fonsvinum.com\\\/de\\\/shop\\\/\"},{\"@type\":\"ListItem\",\"position\":3,\"name\":\"LA SPINETTA Gallina Barbaresco 2016\"}]},{\"@type\":\"WebSite\",\"@id\":\"https:\\\/\\\/fonsvinum.com\\\/en\\\/#website\",\"url\":\"https:\\\/\\\/fonsvinum.com\\\/en\\\/\",\"name\":\"Fons Vinum\",\"description\":\"Vendita Vino Online\",\"publisher\":{\"@id\":\"https:\\\/\\\/fonsvinum.com\\\/en\\\/#organization\"},\"potentialAction\":[{\"@type\":\"SearchAction\",\"target\":{\"@type\":\"EntryPoint\",\"urlTemplate\":\"https:\\\/\\\/fonsvinum.com\\\/en\\\/?s={search_term_string}\"},\"query-input\":{\"@type\":\"PropertyValueSpecification\",\"valueRequired\":true,\"valueName\":\"search_term_string\"}}],\"inLanguage\":\"de\"},{\"@type\":\"Organization\",\"@id\":\"https:\\\/\\\/fonsvinum.com\\\/en\\\/#organization\",\"name\":\"Fons Vinum\",\"url\":\"https:\\\/\\\/fonsvinum.com\\\/en\\\/\",\"logo\":{\"@type\":\"ImageObject\",\"inLanguage\":\"de\",\"@id\":\"https:\\\/\\\/fonsvinum.com\\\/en\\\/#\\\/schema\\\/logo\\\/image\\\/\",\"url\":\"\",\"contentUrl\":\"\",\"caption\":\"Fons Vinum\"},\"image\":{\"@id\":\"https:\\\/\\\/fonsvinum.com\\\/en\\\/#\\\/schema\\\/logo\\\/image\\\/\"}}]}<\/script>\n<!-- \/ Yoast SEO plugin. -->","yoast_head_json":{"title":"LA SPINETTA Gallina Barbaresco 2016 online Fons Vinum","description":"LA SPINETTA Gallina Barbaresco 2016 I Fonsvinum rare Weine online aus Piedmot,Toskana und Venetien. Nach einer 20- bis 22-monatigen","robots":{"index":"index","follow":"follow","max-snippet":"max-snippet:-1","max-image-preview":"max-image-preview:large","max-video-preview":"max-video-preview:-1"},"canonical":"https:\/\/fonsvinum.com\/de\/produkt\/la-spinetta-gallina-barbaresco-2016\/","og_locale":"de_DE","og_type":"article","og_title":"LA SPINETTA Gallina Barbaresco 2016 online Fons Vinum","og_description":"LA SPINETTA Gallina Barbaresco 2016 I Fonsvinum rare Weine online aus Piedmot,Toskana und Venetien. Nach einer 20- bis 22-monatigen","og_url":"https:\/\/fonsvinum.com\/de\/produkt\/la-spinetta-gallina-barbaresco-2016\/","og_site_name":"Fons Vinum","article_modified_time":"2021-02-17T15:17:03+00:00","og_image":[{"width":225,"height":540,"url":"https:\/\/fonsvinum.com\/files\/2013\/04\/barbaresco-gallina-la-spinetta.jpg","type":"image\/jpeg"}],"twitter_misc":{"Gesch\u00e4tzte Lesezeit":"1\u00a0Minute"},"schema":{"@context":"https:\/\/schema.org","@graph":[{"@type":"WebPage","@id":"https:\/\/fonsvinum.com\/de\/produkt\/la-spinetta-gallina-barbaresco-2016\/","url":"https:\/\/fonsvinum.com\/de\/produkt\/la-spinetta-gallina-barbaresco-2016\/","name":"LA SPINETTA Gallina Barbaresco 2016 online Fons Vinum","isPartOf":{"@id":"https:\/\/fonsvinum.com\/en\/#website"},"primaryImageOfPage":{"@id":"https:\/\/fonsvinum.com\/de\/produkt\/la-spinetta-gallina-barbaresco-2016\/#primaryimage"},"image":{"@id":"https:\/\/fonsvinum.com\/de\/produkt\/la-spinetta-gallina-barbaresco-2016\/#primaryimage"},"thumbnailUrl":"https:\/\/fonsvinum.com\/files\/2013\/04\/barbaresco-gallina-la-spinetta.jpg","datePublished":"2020-10-16T15:12:00+00:00","dateModified":"2021-02-17T15:17:03+00:00","description":"LA SPINETTA Gallina Barbaresco 2016 I Fonsvinum rare Weine online aus Piedmot,Toskana und Venetien. Nach einer 20- bis 22-monatigen","breadcrumb":{"@id":"https:\/\/fonsvinum.com\/de\/produkt\/la-spinetta-gallina-barbaresco-2016\/#breadcrumb"},"inLanguage":"de","potentialAction":[{"@type":"ReadAction","target":["https:\/\/fonsvinum.com\/de\/produkt\/la-spinetta-gallina-barbaresco-2016\/"]}]},{"@type":"ImageObject","inLanguage":"de","@id":"https:\/\/fonsvinum.com\/de\/produkt\/la-spinetta-gallina-barbaresco-2016\/#primaryimage","url":"https:\/\/fonsvinum.com\/files\/2013\/04\/barbaresco-gallina-la-spinetta.jpg","contentUrl":"https:\/\/fonsvinum.com\/files\/2013\/04\/barbaresco-gallina-la-spinetta.jpg","width":225,"height":540},{"@type":"BreadcrumbList","@id":"https:\/\/fonsvinum.com\/de\/produkt\/la-spinetta-gallina-barbaresco-2016\/#breadcrumb","itemListElement":[{"@type":"ListItem","position":1,"name":"Startseite","item":"https:\/\/fonsvinum.com\/de\/"},{"@type":"ListItem","position":2,"name":"Shop","item":"https:\/\/fonsvinum.com\/de\/shop\/"},{"@type":"ListItem","position":3,"name":"LA SPINETTA Gallina Barbaresco 2016"}]},{"@type":"WebSite","@id":"https:\/\/fonsvinum.com\/en\/#website","url":"https:\/\/fonsvinum.com\/en\/","name":"Fons Vinum","description":"Vendita Vino Online","publisher":{"@id":"https:\/\/fonsvinum.com\/en\/#organization"},"potentialAction":[{"@type":"SearchAction","target":{"@type":"EntryPoint","urlTemplate":"https:\/\/fonsvinum.com\/en\/?s={search_term_string}"},"query-input":{"@type":"PropertyValueSpecification","valueRequired":true,"valueName":"search_term_string"}}],"inLanguage":"de"},{"@type":"Organization","@id":"https:\/\/fonsvinum.com\/en\/#organization","name":"Fons Vinum","url":"https:\/\/fonsvinum.com\/en\/","logo":{"@type":"ImageObject","inLanguage":"de","@id":"https:\/\/fonsvinum.com\/en\/#\/schema\/logo\/image\/","url":"","contentUrl":"","caption":"Fons Vinum"},"image":{"@id":"https:\/\/fonsvinum.com\/en\/#\/schema\/logo\/image\/"}}]}},"acf":[],"_links":{"self":[{"href":"https:\/\/fonsvinum.com\/de\/wp-json\/wp\/v2\/product\/27226","targetHints":{"allow":["GET"]}}],"collection":[{"href":"https:\/\/fonsvinum.com\/de\/wp-json\/wp\/v2\/product"}],"about":[{"href":"https:\/\/fonsvinum.com\/de\/wp-json\/wp\/v2\/types\/product"}],"replies":[{"embeddable":true,"href":"https:\/\/fonsvinum.com\/de\/wp-json\/wp\/v2\/comments?post=27226"}],"wp:featuredmedia":[{"embeddable":true,"href":"https:\/\/fonsvinum.com\/de\/wp-json\/wp\/v2\/media\/5840"}],"wp:attachment":[{"href":"https:\/\/fonsvinum.com\/de\/wp-json\/wp\/v2\/media?parent=27226"}],"wp:term":[{"taxonomy":"product_brand","embeddable":true,"href":"https:\/\/fonsvinum.com\/de\/wp-json\/wp\/v2\/product_brand?post=27226"},{"taxonomy":"product_cat","embeddable":true,"href":"https:\/\/fonsvinum.com\/de\/wp-json\/wp\/v2\/product_cat?post=27226"},{"taxonomy":"product_tag","embeddable":true,"href":"https:\/\/fonsvinum.com\/de\/wp-json\/wp\/v2\/product_tag?post=27226"}],"curies":[{"name":"wp","href":"https:\/\/api.w.org\/{rel}","templated":true}]}}