{"id":27018,"date":"2020-10-07T17:11:58","date_gmt":"2020-10-07T15:11:58","guid":{"rendered":"https:\/\/fonsvinum.com\/?post_type=product&#038;p=27018"},"modified":"2022-03-15T14:36:31","modified_gmt":"2022-03-15T13:36:31","slug":"cantina-terlano-sauvignon-blanc-winkl-2021","status":"publish","type":"product","link":"https:\/\/fonsvinum.com\/de\/produkt\/cantina-terlano-sauvignon-blanc-winkl-2021\/","title":{"rendered":"CANTINA TERLANO WINKL Sauvignon Blanc 2021"},"content":{"rendered":"<h1>Cantina Terlano Sauvignon Blanc Winkl 2021<\/h1>\n<h2><a href=\"https:\/\/www.cantina-terlano.com\/\">TERLANO<\/a><\/h2>\n<header class=\"heading-container\">\n<h3 class=\"heading large\">Geschichte<\/h3>\n<\/header>\n<div class=\"lead\">\n<p>Manchmal muss man neue Wege gehen, um Tradition zu erhalten. Dazu braucht es Mut und Zusammenhalt. Beides fehlte in Terlan sicher nicht, als im Jahr 1893 die Kellereigenossenschaft Terlan gegr\u00fcndet wurde. Was damals eine ungeheure Innovation war, hat sich bis heute bew\u00e4hrt. Der Terlaner Wein hat das kleine Dorf, zumindest bei Weinfreunden, weltber\u00fchmt gemacht.<\/p>\n<\/div>\n<div class=\"text \">\n<p>Die Gr\u00fcndung der Kellerei Terlan 1893 f\u00e4llt in eine Zeit, in der die Landwirtschaft zu den wichtigsten Wirtschaftsfaktoren des Landes z\u00e4hlt. Nebst einigen wenigen Weinpionieren, die schon vor \u00fcber 100 Jahren nach dem Vorbild des Rheingaus Entwicklungen und Rebsorten aus Deutschland und Frankreich nach S\u00fcdtirol gebracht haben, ist die Landwirtschaft allerdings r\u00fcckst\u00e4ndig und von wenigen Gro\u00dfgrundbesitzern gepr\u00e4gt.<br \/>\nIn der Weinwelt sind daher die Weinherren tonangebend. Um sich dieser Abh\u00e4ngigkeit zu entziehen, schlie\u00dfen sich in Terlan 24 Weinbauern zusammen und gr\u00fcnden die Kellerei Terlan.<strong>\u00a0<\/strong>W\u00e4hrend Ende des 19. Jahrhunderts in S\u00fcdtirol das Rotwein-Wei\u00dfwein-Verh\u00e4ltnis 80:20 vorherrscht, ist Terlan bereits 1893 als Wei\u00dfweingebiet bekannt. Dieses Verh\u00e4ltnis zwischen Wei\u00df- und Rotwein hat man im Laufe der Zeit weiter ausgebaut. Heute betr\u00e4gt der Anteil an Wei\u00dfweinen der Kellerei Terlan 70 Prozent im Vergleich zu 30 Prozent Rotwein.<\/p>\n<header class=\"heading-container\">\n<h3 class=\"heading large\">Kellerei<\/h3>\n<\/header>\n<div class=\"lead\">\n<p>Im Jahre 1893 gegr\u00fcndet, z\u00e4hlt die Kellerei Terlan heute zu den f\u00fchrenden Winzergenossenschaften in S\u00fcdtirol. Ihr geh\u00f6ren aktuell 143 Mitglieder an, mit einer Anbaufl\u00e4che von 190 Hektar \u2013 dies entspricht einer abgef\u00fcllten Gesamtmenge von j\u00e4hrlich 1,5 Millionen Flaschen. Gemeinsam mit unseren Mitgliedern verfolgen wir seit vielen Jahren einen strengen Qualit\u00e4tskurs, der uns Renommee und Anerkennung vom italienischen und internationalen Weinmarkt eingebracht hat. Die Kellerei Terlan ist somit trotz ihrer \u00fcberschaubaren Gr\u00f6\u00dfe zu einer festen Institution in der Fachwelt avanciert.<\/p>\n<\/div>\n<p>&nbsp;<\/p>\n<\/div>\n","protected":false},"excerpt":{"rendered":"<p>Cantina Terlano Sauvignon Blanc Winkl 2021 TERLANO Geschichte Manchmal muss man neue Wege gehen, um Tradition zu erhalten. Dazu braucht es Mut und Zusammenhalt. Beides fehlte in Terlan sicher nicht, als im Jahr 1893 die Kellereigenossenschaft Terlan gegr\u00fcndet wurde. Was damals eine ungeheure Innovation war, hat sich bis heute bew\u00e4hrt. Der Terlaner Wein hat das [&hellip;]<\/p>\n","protected":false},"featured_media":24196,"comment_status":"open","ping_status":"closed","template":"","meta":{"_acf_changed":false,"_monsterinsights_skip_tracking":false,"_monsterinsights_sitenote_active":false,"_monsterinsights_sitenote_note":"","_monsterinsights_sitenote_category":0},"product_brand":[],"product_cat":[2314,2266],"product_tag":[1751,15885],"class_list":{"0":"post-27018","1":"product","2":"type-product","3":"status-publish","4":"has-post-thumbnail","6":"product_cat-sauvignon-de","7":"product_cat-weissweine-de","8":"product_tag-aussergewoehnliche-weine-aus-italien-de","9":"product_tag-gewurztraminer-de","10":"pa_appellation-alto-adige-doc-de","11":"pa_formato-0-75-l-flasche-de","12":"pa_producer-terlan-de","13":"pa_region-trentino-tiroler-etschland-de","14":"pa_vine-100-sauvignon-blanc-de","15":"pa_vintage-18393","17":"first","18":"outofstock","19":"taxable","20":"shipping-taxable","21":"purchasable","22":"product-type-simple"},"bundled_by":[],"bundle_stock_status":"outofstock","bundle_stock_quantity":0,"bundle_virtual":false,"bundle_layout":"","bundle_add_to_cart_form_location":"","bundle_editable_in_cart":false,"bundle_sold_individually_context":"","bundle_item_grouping":"","bundle_min_size":"","bundle_max_size":"","bundle_price":[],"bundled_items":[],"bundle_sell_ids":[],"yoast_head":"<!-- This site is optimized with the Yoast SEO plugin v27.2 - https:\/\/yoast.com\/product\/yoast-seo-wordpress\/ -->\n<title>Cantina Terlano Sauvignon Blanc Winkl 2021 - Fons Vinum<\/title>\n<meta name=\"description\" content=\"Cantina Terlano Sauvignon Blanc Winkl 2021 ...ist ein saftiger, zart fruchtiger, mineralischer Sauvignon Blanc, der bereits seit 1956....\" \/>\n<meta name=\"robots\" content=\"index, follow, max-snippet:-1, max-image-preview:large, max-video-preview:-1\" \/>\n<link rel=\"canonical\" href=\"https:\/\/fonsvinum.com\/de\/produkt\/cantina-terlano-sauvignon-blanc-winkl-2021\/\" \/>\n<meta property=\"og:locale\" content=\"de_DE\" \/>\n<meta property=\"og:type\" content=\"article\" \/>\n<meta property=\"og:title\" content=\"Cantina Terlano Sauvignon Blanc Winkl 2021 - Fons Vinum\" \/>\n<meta property=\"og:description\" content=\"Cantina Terlano Sauvignon Blanc Winkl 2021 ...ist ein saftiger, zart fruchtiger, mineralischer Sauvignon Blanc, der bereits seit 1956....\" \/>\n<meta property=\"og:url\" content=\"https:\/\/fonsvinum.com\/de\/produkt\/cantina-terlano-sauvignon-blanc-winkl-2021\/\" \/>\n<meta property=\"og:site_name\" content=\"Fons Vinum\" \/>\n<meta property=\"article:modified_time\" content=\"2022-03-15T13:36:31+00:00\" \/>\n<meta property=\"og:image\" content=\"https:\/\/fonsvinum.com\/files\/2020\/04\/sauvignon-blanc-winkl-terlano.jpg\" \/>\n\t<meta property=\"og:image:width\" content=\"200\" \/>\n\t<meta property=\"og:image:height\" content=\"600\" \/>\n\t<meta property=\"og:image:type\" content=\"image\/jpeg\" \/>\n<meta name=\"twitter:label1\" content=\"Gesch\u00e4tzte Lesezeit\" \/>\n\t<meta name=\"twitter:data1\" content=\"2\u00a0Minuten\" \/>\n<script type=\"application\/ld+json\" class=\"yoast-schema-graph\">{\"@context\":\"https:\/\/schema.org\",\"@graph\":[{\"@type\":\"WebPage\",\"@id\":\"https:\/\/fonsvinum.com\/de\/produkt\/cantina-terlano-sauvignon-blanc-winkl-2021\/\",\"url\":\"https:\/\/fonsvinum.com\/de\/produkt\/cantina-terlano-sauvignon-blanc-winkl-2021\/\",\"name\":\"Cantina Terlano Sauvignon Blanc Winkl 2021 - Fons Vinum\",\"isPartOf\":{\"@id\":\"https:\/\/fonsvinum.com\/en\/#website\"},\"primaryImageOfPage\":{\"@id\":\"https:\/\/fonsvinum.com\/de\/produkt\/cantina-terlano-sauvignon-blanc-winkl-2021\/#primaryimage\"},\"image\":{\"@id\":\"https:\/\/fonsvinum.com\/de\/produkt\/cantina-terlano-sauvignon-blanc-winkl-2021\/#primaryimage\"},\"thumbnailUrl\":\"https:\/\/fonsvinum.com\/files\/2020\/04\/sauvignon-blanc-winkl-terlano.jpg\",\"datePublished\":\"2020-10-07T15:11:58+00:00\",\"dateModified\":\"2022-03-15T13:36:31+00:00\",\"description\":\"Cantina Terlano Sauvignon Blanc Winkl 2021 ...ist ein saftiger, zart fruchtiger, mineralischer Sauvignon Blanc, der bereits seit 1956....\",\"breadcrumb\":{\"@id\":\"https:\/\/fonsvinum.com\/de\/produkt\/cantina-terlano-sauvignon-blanc-winkl-2021\/#breadcrumb\"},\"inLanguage\":\"de\",\"potentialAction\":[{\"@type\":\"ReadAction\",\"target\":[\"https:\/\/fonsvinum.com\/de\/produkt\/cantina-terlano-sauvignon-blanc-winkl-2021\/\"]}]},{\"@type\":\"ImageObject\",\"inLanguage\":\"de\",\"@id\":\"https:\/\/fonsvinum.com\/de\/produkt\/cantina-terlano-sauvignon-blanc-winkl-2021\/#primaryimage\",\"url\":\"https:\/\/fonsvinum.com\/files\/2020\/04\/sauvignon-blanc-winkl-terlano.jpg\",\"contentUrl\":\"https:\/\/fonsvinum.com\/files\/2020\/04\/sauvignon-blanc-winkl-terlano.jpg\",\"width\":200,\"height\":600},{\"@type\":\"BreadcrumbList\",\"@id\":\"https:\/\/fonsvinum.com\/de\/produkt\/cantina-terlano-sauvignon-blanc-winkl-2021\/#breadcrumb\",\"itemListElement\":[{\"@type\":\"ListItem\",\"position\":1,\"name\":\"Startseite\",\"item\":\"https:\/\/fonsvinum.com\/de\/\"},{\"@type\":\"ListItem\",\"position\":2,\"name\":\"Shop\",\"item\":\"https:\/\/fonsvinum.com\/de\/shop\/\"},{\"@type\":\"ListItem\",\"position\":3,\"name\":\"CANTINA TERLANO WINKL Sauvignon Blanc 2021\"}]},{\"@type\":\"WebSite\",\"@id\":\"https:\/\/fonsvinum.com\/en\/#website\",\"url\":\"https:\/\/fonsvinum.com\/en\/\",\"name\":\"Fons Vinum\",\"description\":\"Vendita Vino Online\",\"publisher\":{\"@id\":\"https:\/\/fonsvinum.com\/en\/#organization\"},\"potentialAction\":[{\"@type\":\"SearchAction\",\"target\":{\"@type\":\"EntryPoint\",\"urlTemplate\":\"https:\/\/fonsvinum.com\/en\/?s={search_term_string}\"},\"query-input\":{\"@type\":\"PropertyValueSpecification\",\"valueRequired\":true,\"valueName\":\"search_term_string\"}}],\"inLanguage\":\"de\"},{\"@type\":\"Organization\",\"@id\":\"https:\/\/fonsvinum.com\/en\/#organization\",\"name\":\"Fons Vinum\",\"url\":\"https:\/\/fonsvinum.com\/en\/\",\"logo\":{\"@type\":\"ImageObject\",\"inLanguage\":\"de\",\"@id\":\"https:\/\/fonsvinum.com\/en\/#\/schema\/logo\/image\/\",\"url\":\"\",\"contentUrl\":\"\",\"caption\":\"Fons Vinum\"},\"image\":{\"@id\":\"https:\/\/fonsvinum.com\/en\/#\/schema\/logo\/image\/\"}}]}<\/script>\n<!-- \/ Yoast SEO plugin. -->","yoast_head_json":{"title":"Cantina Terlano Sauvignon Blanc Winkl 2021 - Fons Vinum","description":"Cantina Terlano Sauvignon Blanc Winkl 2021 ...ist ein saftiger, zart fruchtiger, mineralischer Sauvignon Blanc, der bereits seit 1956....","robots":{"index":"index","follow":"follow","max-snippet":"max-snippet:-1","max-image-preview":"max-image-preview:large","max-video-preview":"max-video-preview:-1"},"canonical":"https:\/\/fonsvinum.com\/de\/produkt\/cantina-terlano-sauvignon-blanc-winkl-2021\/","og_locale":"de_DE","og_type":"article","og_title":"Cantina Terlano Sauvignon Blanc Winkl 2021 - Fons Vinum","og_description":"Cantina Terlano Sauvignon Blanc Winkl 2021 ...ist ein saftiger, zart fruchtiger, mineralischer Sauvignon Blanc, der bereits seit 1956....","og_url":"https:\/\/fonsvinum.com\/de\/produkt\/cantina-terlano-sauvignon-blanc-winkl-2021\/","og_site_name":"Fons Vinum","article_modified_time":"2022-03-15T13:36:31+00:00","og_image":[{"width":200,"height":600,"url":"https:\/\/fonsvinum.com\/files\/2020\/04\/sauvignon-blanc-winkl-terlano.jpg","type":"image\/jpeg"}],"twitter_misc":{"Gesch\u00e4tzte Lesezeit":"2\u00a0Minuten"},"schema":{"@context":"https:\/\/schema.org","@graph":[{"@type":"WebPage","@id":"https:\/\/fonsvinum.com\/de\/produkt\/cantina-terlano-sauvignon-blanc-winkl-2021\/","url":"https:\/\/fonsvinum.com\/de\/produkt\/cantina-terlano-sauvignon-blanc-winkl-2021\/","name":"Cantina Terlano Sauvignon Blanc Winkl 2021 - Fons Vinum","isPartOf":{"@id":"https:\/\/fonsvinum.com\/en\/#website"},"primaryImageOfPage":{"@id":"https:\/\/fonsvinum.com\/de\/produkt\/cantina-terlano-sauvignon-blanc-winkl-2021\/#primaryimage"},"image":{"@id":"https:\/\/fonsvinum.com\/de\/produkt\/cantina-terlano-sauvignon-blanc-winkl-2021\/#primaryimage"},"thumbnailUrl":"https:\/\/fonsvinum.com\/files\/2020\/04\/sauvignon-blanc-winkl-terlano.jpg","datePublished":"2020-10-07T15:11:58+00:00","dateModified":"2022-03-15T13:36:31+00:00","description":"Cantina Terlano Sauvignon Blanc Winkl 2021 ...ist ein saftiger, zart fruchtiger, mineralischer Sauvignon Blanc, der bereits seit 1956....","breadcrumb":{"@id":"https:\/\/fonsvinum.com\/de\/produkt\/cantina-terlano-sauvignon-blanc-winkl-2021\/#breadcrumb"},"inLanguage":"de","potentialAction":[{"@type":"ReadAction","target":["https:\/\/fonsvinum.com\/de\/produkt\/cantina-terlano-sauvignon-blanc-winkl-2021\/"]}]},{"@type":"ImageObject","inLanguage":"de","@id":"https:\/\/fonsvinum.com\/de\/produkt\/cantina-terlano-sauvignon-blanc-winkl-2021\/#primaryimage","url":"https:\/\/fonsvinum.com\/files\/2020\/04\/sauvignon-blanc-winkl-terlano.jpg","contentUrl":"https:\/\/fonsvinum.com\/files\/2020\/04\/sauvignon-blanc-winkl-terlano.jpg","width":200,"height":600},{"@type":"BreadcrumbList","@id":"https:\/\/fonsvinum.com\/de\/produkt\/cantina-terlano-sauvignon-blanc-winkl-2021\/#breadcrumb","itemListElement":[{"@type":"ListItem","position":1,"name":"Startseite","item":"https:\/\/fonsvinum.com\/de\/"},{"@type":"ListItem","position":2,"name":"Shop","item":"https:\/\/fonsvinum.com\/de\/shop\/"},{"@type":"ListItem","position":3,"name":"CANTINA TERLANO WINKL Sauvignon Blanc 2021"}]},{"@type":"WebSite","@id":"https:\/\/fonsvinum.com\/en\/#website","url":"https:\/\/fonsvinum.com\/en\/","name":"Fons Vinum","description":"Vendita Vino Online","publisher":{"@id":"https:\/\/fonsvinum.com\/en\/#organization"},"potentialAction":[{"@type":"SearchAction","target":{"@type":"EntryPoint","urlTemplate":"https:\/\/fonsvinum.com\/en\/?s={search_term_string}"},"query-input":{"@type":"PropertyValueSpecification","valueRequired":true,"valueName":"search_term_string"}}],"inLanguage":"de"},{"@type":"Organization","@id":"https:\/\/fonsvinum.com\/en\/#organization","name":"Fons Vinum","url":"https:\/\/fonsvinum.com\/en\/","logo":{"@type":"ImageObject","inLanguage":"de","@id":"https:\/\/fonsvinum.com\/en\/#\/schema\/logo\/image\/","url":"","contentUrl":"","caption":"Fons Vinum"},"image":{"@id":"https:\/\/fonsvinum.com\/en\/#\/schema\/logo\/image\/"}}]}},"acf":[],"_links":{"self":[{"href":"https:\/\/fonsvinum.com\/de\/wp-json\/wp\/v2\/product\/27018","targetHints":{"allow":["GET"]}}],"collection":[{"href":"https:\/\/fonsvinum.com\/de\/wp-json\/wp\/v2\/product"}],"about":[{"href":"https:\/\/fonsvinum.com\/de\/wp-json\/wp\/v2\/types\/product"}],"replies":[{"embeddable":true,"href":"https:\/\/fonsvinum.com\/de\/wp-json\/wp\/v2\/comments?post=27018"}],"wp:featuredmedia":[{"embeddable":true,"href":"https:\/\/fonsvinum.com\/de\/wp-json\/wp\/v2\/media\/24196"}],"wp:attachment":[{"href":"https:\/\/fonsvinum.com\/de\/wp-json\/wp\/v2\/media?parent=27018"}],"wp:term":[{"taxonomy":"product_brand","embeddable":true,"href":"https:\/\/fonsvinum.com\/de\/wp-json\/wp\/v2\/product_brand?post=27018"},{"taxonomy":"product_cat","embeddable":true,"href":"https:\/\/fonsvinum.com\/de\/wp-json\/wp\/v2\/product_cat?post=27018"},{"taxonomy":"product_tag","embeddable":true,"href":"https:\/\/fonsvinum.com\/de\/wp-json\/wp\/v2\/product_tag?post=27018"}],"curies":[{"name":"wp","href":"https:\/\/api.w.org\/{rel}","templated":true}]}}