{"id":26048,"date":"2020-08-06T10:32:06","date_gmt":"2020-08-06T08:32:06","guid":{"rendered":"https:\/\/fonsvinum.com\/?post_type=product&#038;p=26048"},"modified":"2020-08-06T10:51:43","modified_gmt":"2020-08-06T08:51:43","slug":"aldo-conterno-bussia-barolo-2000","status":"publish","type":"product","link":"https:\/\/fonsvinum.com\/de\/produkt\/aldo-conterno-bussia-barolo-2000\/","title":{"rendered":"Aldo Conterno BUSSIA Barolo 2000"},"content":{"rendered":"<p>Aldo Conterno BUSSIA Barolo 2000<\/p>\n<p>Bussia gilt als die beste Gro\u00dflage Monfortes, wie dieser Nebbiolo auch zeigt. Intensive Fruchtaromen von Johannisbeere, Sauerkirschev und Schlehe. Sehr elegant auf der Zunge und gute Kombination von Frucht, W\u00fcrze und Mineralik. Gute Balance von S\u00fc\u00dfe, S\u00e4ure, Frucht und Mineralik, bleibt lang am Gaumen.<\/p>\n","protected":false},"excerpt":{"rendered":"<p>Aldo Conterno BUSSIA Barolo 2000 Bussia gilt als die beste Gro\u00dflage Monfortes, wie dieser Nebbiolo auch zeigt. Intensive Fruchtaromen von Johannisbeere, Sauerkirschev und Schlehe. Sehr elegant auf der Zunge und gute Kombination von Frucht, W\u00fcrze und Mineralik. Gute Balance von S\u00fc\u00dfe, S\u00e4ure, Frucht und Mineralik, bleibt lang am Gaumen.<\/p>\n","protected":false},"featured_media":7301,"comment_status":"open","ping_status":"closed","template":"","meta":{"_acf_changed":false,"_monsterinsights_skip_tracking":false,"_monsterinsights_sitenote_active":false,"_monsterinsights_sitenote_note":"","_monsterinsights_sitenote_category":0},"product_brand":[],"product_cat":[1824],"product_tag":[15903],"class_list":{"0":"post-26048","1":"product","2":"type-product","3":"status-publish","4":"has-post-thumbnail","6":"product_cat-barolo-de","7":"product_tag-barolo-de","8":"pa_appellation-barolo-docg-de","9":"pa_formato-0-75-l-flasche-de","10":"pa_producer-aldo-conterno-de","11":"pa_region-piemont-de","12":"pa_vine-100-nebbiolo-de","13":"pa_vintage-2000-de","15":"first","16":"instock","17":"sale","18":"taxable","19":"shipping-taxable","20":"purchasable","21":"product-type-simple"},"bundled_by":[],"bundle_stock_status":"instock","bundle_stock_quantity":12,"bundle_virtual":false,"bundle_layout":"","bundle_add_to_cart_form_location":"","bundle_editable_in_cart":false,"bundle_sold_individually_context":"","bundle_item_grouping":"","bundle_min_size":"","bundle_max_size":"","bundle_price":[],"bundled_items":[],"bundle_sell_ids":[],"yoast_head":"<!-- This site is optimized with the Yoast SEO plugin v27.3 - https:\/\/yoast.com\/product\/yoast-seo-wordpress\/ -->\n<title>Buy Aldo Conterno BUSSIA Barolo 2000 wine online | FonsVinum<\/title>\n<meta name=\"description\" content=\"Aldo Conterno BUSSIA Barolo 2000\" \/>\n<meta name=\"robots\" content=\"index, follow, max-snippet:-1, max-image-preview:large, max-video-preview:-1\" \/>\n<link rel=\"canonical\" href=\"https:\/\/fonsvinum.com\/de\/produkt\/aldo-conterno-bussia-barolo-2000\/\" \/>\n<meta property=\"og:locale\" content=\"de_DE\" \/>\n<meta property=\"og:type\" content=\"article\" \/>\n<meta property=\"og:title\" content=\"Buy Aldo Conterno BUSSIA Barolo 2000 wine online | FonsVinum\" \/>\n<meta property=\"og:description\" content=\"Aldo Conterno BUSSIA Barolo 2000\" \/>\n<meta property=\"og:url\" content=\"https:\/\/fonsvinum.com\/de\/produkt\/aldo-conterno-bussia-barolo-2000\/\" \/>\n<meta property=\"og:site_name\" content=\"Fons Vinum\" \/>\n<meta property=\"article:modified_time\" content=\"2020-08-06T08:51:43+00:00\" \/>\n<meta property=\"og:image\" content=\"https:\/\/fonsvinum.com\/files\/2013\/10\/barolo-cicala-aldo-conterno.png\" \/>\n\t<meta property=\"og:image:width\" content=\"200\" \/>\n\t<meta property=\"og:image:height\" content=\"600\" \/>\n\t<meta property=\"og:image:type\" content=\"image\/png\" \/>\n<script type=\"application\/ld+json\" class=\"yoast-schema-graph\">{\"@context\":\"https:\\\/\\\/schema.org\",\"@graph\":[{\"@type\":\"WebPage\",\"@id\":\"https:\\\/\\\/fonsvinum.com\\\/de\\\/produkt\\\/aldo-conterno-bussia-barolo-2000\\\/\",\"url\":\"https:\\\/\\\/fonsvinum.com\\\/de\\\/produkt\\\/aldo-conterno-bussia-barolo-2000\\\/\",\"name\":\"Buy Aldo Conterno BUSSIA Barolo 2000 wine online | FonsVinum\",\"isPartOf\":{\"@id\":\"https:\\\/\\\/fonsvinum.com\\\/en\\\/#website\"},\"primaryImageOfPage\":{\"@id\":\"https:\\\/\\\/fonsvinum.com\\\/de\\\/produkt\\\/aldo-conterno-bussia-barolo-2000\\\/#primaryimage\"},\"image\":{\"@id\":\"https:\\\/\\\/fonsvinum.com\\\/de\\\/produkt\\\/aldo-conterno-bussia-barolo-2000\\\/#primaryimage\"},\"thumbnailUrl\":\"https:\\\/\\\/fonsvinum.com\\\/files\\\/2013\\\/10\\\/barolo-cicala-aldo-conterno.png\",\"datePublished\":\"2020-08-06T08:32:06+00:00\",\"dateModified\":\"2020-08-06T08:51:43+00:00\",\"description\":\"Aldo Conterno BUSSIA Barolo 2000\",\"breadcrumb\":{\"@id\":\"https:\\\/\\\/fonsvinum.com\\\/de\\\/produkt\\\/aldo-conterno-bussia-barolo-2000\\\/#breadcrumb\"},\"inLanguage\":\"de\",\"potentialAction\":[{\"@type\":\"ReadAction\",\"target\":[\"https:\\\/\\\/fonsvinum.com\\\/de\\\/produkt\\\/aldo-conterno-bussia-barolo-2000\\\/\"]}]},{\"@type\":\"ImageObject\",\"inLanguage\":\"de\",\"@id\":\"https:\\\/\\\/fonsvinum.com\\\/de\\\/produkt\\\/aldo-conterno-bussia-barolo-2000\\\/#primaryimage\",\"url\":\"https:\\\/\\\/fonsvinum.com\\\/files\\\/2013\\\/10\\\/barolo-cicala-aldo-conterno.png\",\"contentUrl\":\"https:\\\/\\\/fonsvinum.com\\\/files\\\/2013\\\/10\\\/barolo-cicala-aldo-conterno.png\",\"width\":200,\"height\":600},{\"@type\":\"BreadcrumbList\",\"@id\":\"https:\\\/\\\/fonsvinum.com\\\/de\\\/produkt\\\/aldo-conterno-bussia-barolo-2000\\\/#breadcrumb\",\"itemListElement\":[{\"@type\":\"ListItem\",\"position\":1,\"name\":\"Startseite\",\"item\":\"https:\\\/\\\/fonsvinum.com\\\/de\\\/\"},{\"@type\":\"ListItem\",\"position\":2,\"name\":\"Shop\",\"item\":\"https:\\\/\\\/fonsvinum.com\\\/de\\\/shop\\\/\"},{\"@type\":\"ListItem\",\"position\":3,\"name\":\"Aldo Conterno BUSSIA Barolo 2000\"}]},{\"@type\":\"WebSite\",\"@id\":\"https:\\\/\\\/fonsvinum.com\\\/en\\\/#website\",\"url\":\"https:\\\/\\\/fonsvinum.com\\\/en\\\/\",\"name\":\"Fons Vinum\",\"description\":\"Vendita Vino Online\",\"publisher\":{\"@id\":\"https:\\\/\\\/fonsvinum.com\\\/en\\\/#organization\"},\"potentialAction\":[{\"@type\":\"SearchAction\",\"target\":{\"@type\":\"EntryPoint\",\"urlTemplate\":\"https:\\\/\\\/fonsvinum.com\\\/en\\\/?s={search_term_string}\"},\"query-input\":{\"@type\":\"PropertyValueSpecification\",\"valueRequired\":true,\"valueName\":\"search_term_string\"}}],\"inLanguage\":\"de\"},{\"@type\":\"Organization\",\"@id\":\"https:\\\/\\\/fonsvinum.com\\\/en\\\/#organization\",\"name\":\"Fons Vinum\",\"url\":\"https:\\\/\\\/fonsvinum.com\\\/en\\\/\",\"logo\":{\"@type\":\"ImageObject\",\"inLanguage\":\"de\",\"@id\":\"https:\\\/\\\/fonsvinum.com\\\/en\\\/#\\\/schema\\\/logo\\\/image\\\/\",\"url\":\"\",\"contentUrl\":\"\",\"caption\":\"Fons Vinum\"},\"image\":{\"@id\":\"https:\\\/\\\/fonsvinum.com\\\/en\\\/#\\\/schema\\\/logo\\\/image\\\/\"}}]}<\/script>\n<!-- \/ Yoast SEO plugin. -->","yoast_head_json":{"title":"Buy Aldo Conterno BUSSIA Barolo 2000 wine online | FonsVinum","description":"Aldo Conterno BUSSIA Barolo 2000","robots":{"index":"index","follow":"follow","max-snippet":"max-snippet:-1","max-image-preview":"max-image-preview:large","max-video-preview":"max-video-preview:-1"},"canonical":"https:\/\/fonsvinum.com\/de\/produkt\/aldo-conterno-bussia-barolo-2000\/","og_locale":"de_DE","og_type":"article","og_title":"Buy Aldo Conterno BUSSIA Barolo 2000 wine online | FonsVinum","og_description":"Aldo Conterno BUSSIA Barolo 2000","og_url":"https:\/\/fonsvinum.com\/de\/produkt\/aldo-conterno-bussia-barolo-2000\/","og_site_name":"Fons Vinum","article_modified_time":"2020-08-06T08:51:43+00:00","og_image":[{"width":200,"height":600,"url":"https:\/\/fonsvinum.com\/files\/2013\/10\/barolo-cicala-aldo-conterno.png","type":"image\/png"}],"schema":{"@context":"https:\/\/schema.org","@graph":[{"@type":"WebPage","@id":"https:\/\/fonsvinum.com\/de\/produkt\/aldo-conterno-bussia-barolo-2000\/","url":"https:\/\/fonsvinum.com\/de\/produkt\/aldo-conterno-bussia-barolo-2000\/","name":"Buy Aldo Conterno BUSSIA Barolo 2000 wine online | FonsVinum","isPartOf":{"@id":"https:\/\/fonsvinum.com\/en\/#website"},"primaryImageOfPage":{"@id":"https:\/\/fonsvinum.com\/de\/produkt\/aldo-conterno-bussia-barolo-2000\/#primaryimage"},"image":{"@id":"https:\/\/fonsvinum.com\/de\/produkt\/aldo-conterno-bussia-barolo-2000\/#primaryimage"},"thumbnailUrl":"https:\/\/fonsvinum.com\/files\/2013\/10\/barolo-cicala-aldo-conterno.png","datePublished":"2020-08-06T08:32:06+00:00","dateModified":"2020-08-06T08:51:43+00:00","description":"Aldo Conterno BUSSIA Barolo 2000","breadcrumb":{"@id":"https:\/\/fonsvinum.com\/de\/produkt\/aldo-conterno-bussia-barolo-2000\/#breadcrumb"},"inLanguage":"de","potentialAction":[{"@type":"ReadAction","target":["https:\/\/fonsvinum.com\/de\/produkt\/aldo-conterno-bussia-barolo-2000\/"]}]},{"@type":"ImageObject","inLanguage":"de","@id":"https:\/\/fonsvinum.com\/de\/produkt\/aldo-conterno-bussia-barolo-2000\/#primaryimage","url":"https:\/\/fonsvinum.com\/files\/2013\/10\/barolo-cicala-aldo-conterno.png","contentUrl":"https:\/\/fonsvinum.com\/files\/2013\/10\/barolo-cicala-aldo-conterno.png","width":200,"height":600},{"@type":"BreadcrumbList","@id":"https:\/\/fonsvinum.com\/de\/produkt\/aldo-conterno-bussia-barolo-2000\/#breadcrumb","itemListElement":[{"@type":"ListItem","position":1,"name":"Startseite","item":"https:\/\/fonsvinum.com\/de\/"},{"@type":"ListItem","position":2,"name":"Shop","item":"https:\/\/fonsvinum.com\/de\/shop\/"},{"@type":"ListItem","position":3,"name":"Aldo Conterno BUSSIA Barolo 2000"}]},{"@type":"WebSite","@id":"https:\/\/fonsvinum.com\/en\/#website","url":"https:\/\/fonsvinum.com\/en\/","name":"Fons Vinum","description":"Vendita Vino Online","publisher":{"@id":"https:\/\/fonsvinum.com\/en\/#organization"},"potentialAction":[{"@type":"SearchAction","target":{"@type":"EntryPoint","urlTemplate":"https:\/\/fonsvinum.com\/en\/?s={search_term_string}"},"query-input":{"@type":"PropertyValueSpecification","valueRequired":true,"valueName":"search_term_string"}}],"inLanguage":"de"},{"@type":"Organization","@id":"https:\/\/fonsvinum.com\/en\/#organization","name":"Fons Vinum","url":"https:\/\/fonsvinum.com\/en\/","logo":{"@type":"ImageObject","inLanguage":"de","@id":"https:\/\/fonsvinum.com\/en\/#\/schema\/logo\/image\/","url":"","contentUrl":"","caption":"Fons Vinum"},"image":{"@id":"https:\/\/fonsvinum.com\/en\/#\/schema\/logo\/image\/"}}]}},"acf":[],"_links":{"self":[{"href":"https:\/\/fonsvinum.com\/de\/wp-json\/wp\/v2\/product\/26048","targetHints":{"allow":["GET"]}}],"collection":[{"href":"https:\/\/fonsvinum.com\/de\/wp-json\/wp\/v2\/product"}],"about":[{"href":"https:\/\/fonsvinum.com\/de\/wp-json\/wp\/v2\/types\/product"}],"replies":[{"embeddable":true,"href":"https:\/\/fonsvinum.com\/de\/wp-json\/wp\/v2\/comments?post=26048"}],"wp:featuredmedia":[{"embeddable":true,"href":"https:\/\/fonsvinum.com\/de\/wp-json\/wp\/v2\/media\/7301"}],"wp:attachment":[{"href":"https:\/\/fonsvinum.com\/de\/wp-json\/wp\/v2\/media?parent=26048"}],"wp:term":[{"taxonomy":"product_brand","embeddable":true,"href":"https:\/\/fonsvinum.com\/de\/wp-json\/wp\/v2\/product_brand?post=26048"},{"taxonomy":"product_cat","embeddable":true,"href":"https:\/\/fonsvinum.com\/de\/wp-json\/wp\/v2\/product_cat?post=26048"},{"taxonomy":"product_tag","embeddable":true,"href":"https:\/\/fonsvinum.com\/de\/wp-json\/wp\/v2\/product_tag?post=26048"}],"curies":[{"name":"wp","href":"https:\/\/api.w.org\/{rel}","templated":true}]}}