{"id":25507,"date":"2020-06-17T09:44:40","date_gmt":"2020-06-17T07:44:40","guid":{"rendered":"https:\/\/fonsvinum.com\/?post_type=product&#038;p=25507"},"modified":"2020-06-17T09:53:00","modified_gmt":"2020-06-17T07:53:00","slug":"sassicaia-2008-magnum","status":"publish","type":"product","link":"https:\/\/fonsvinum.com\/de\/produkt\/sassicaia-2008-magnum\/","title":{"rendered":"Sassicaia 2008 Magnum"},"content":{"rendered":"<h1><a href=\"http:\/\/www.tenutasanguido.com\/eng\/index.html\">Sassicaia<\/a> 2008 Magnum<\/h1>\n<div class=\"csc-header csc-header-n1\">\n<h2 class=\"csc-firstHeader\">Tenuta San Guido<\/h2>\n<\/div>\n<article>\n<p class=\"bodytext\">Die Weing\u00e4rten der Tenuta San Guido befinden sich in der Spitzenlage Castiglioncello und erstrecken sich auch \u00fcber Quercione und Aia Nuova. Die Tenuta San Guido ist die Kultschmiede des Sassicaias, des wohl international bekanntesten Rotweins Italiens. Mit dem Guidalberto liefert man einen kleinen Sassicaia, der die Grundz\u00fcge des Kultweins in sich tr\u00e4gt, daf\u00fcr aber einen anderen Anspruch.<\/p>\n<p>&nbsp;<\/p>\n<\/article>\n","protected":false},"excerpt":{"rendered":"<p>Sassicaia 2008 Magnum Tenuta San Guido Die Weing\u00e4rten der Tenuta San Guido befinden sich in der Spitzenlage Castiglioncello und erstrecken sich auch \u00fcber Quercione und Aia Nuova. Die Tenuta San Guido ist die Kultschmiede des Sassicaias, des wohl international bekanntesten Rotweins Italiens. Mit dem Guidalberto liefert man einen kleinen Sassicaia, der die Grundz\u00fcge des Kultweins [&hellip;]<\/p>\n","protected":false},"featured_media":32700,"comment_status":"open","ping_status":"closed","template":"","meta":{"_acf_changed":false,"_monsterinsights_skip_tracking":false,"_monsterinsights_sitenote_active":false,"_monsterinsights_sitenote_note":"","_monsterinsights_sitenote_category":0},"product_brand":[],"product_cat":[1693,2332],"product_tag":[1733,1751,2150,1745],"class_list":{"0":"post-25507","1":"product","2":"type-product","3":"status-publish","4":"has-post-thumbnail","6":"product_cat-blend-2-de","7":"product_cat-rotweine-de","8":"product_tag-aussergewoehnliche-weine-de","9":"product_tag-aussergewoehnliche-weine-aus-italien-de","10":"product_tag-grossformat","11":"product_tag-super-tuscan-de","12":"pa_appellation-bolgheri-sassicaia-doc-de","13":"pa_formato-1-50-l-flasche-de","14":"pa_producer-tenuta-san-guido-de","15":"pa_region-toskana-de","16":"pa_vine-85-cabernet-sauvignon-15-cabernet-franc-de","17":"pa_vintage-2008-de","19":"first","20":"instock","21":"taxable","22":"shipping-taxable","23":"purchasable","24":"product-type-simple"},"bundled_by":[],"bundle_stock_status":"instock","bundle_stock_quantity":1,"bundle_virtual":false,"bundle_layout":"","bundle_add_to_cart_form_location":"","bundle_editable_in_cart":false,"bundle_sold_individually_context":"","bundle_item_grouping":"","bundle_min_size":"","bundle_max_size":"","bundle_price":[],"bundled_items":[],"bundle_sell_ids":[],"yoast_head":"<!-- This site is optimized with the Yoast SEO plugin v27.2 - https:\/\/yoast.com\/product\/yoast-seo-wordpress\/ -->\n<title>Buy online Sassicaia 2008 Magnum Tenuta San Guido| FonsVinum<\/title>\n<meta name=\"description\" content=\"Kaufen on line on Fons Vinum Sassicaia 2008 Magnum Bolgheri Tenuta San Guido I Fons Vinum rare Weine aus Piedmont und Toskana\" \/>\n<meta name=\"robots\" content=\"index, follow, max-snippet:-1, max-image-preview:large, max-video-preview:-1\" \/>\n<link rel=\"canonical\" href=\"https:\/\/fonsvinum.com\/de\/produkt\/sassicaia-2008-magnum\/\" \/>\n<meta property=\"og:locale\" content=\"de_DE\" \/>\n<meta property=\"og:type\" content=\"article\" \/>\n<meta property=\"og:title\" content=\"Buy online Sassicaia 2008 Magnum Tenuta San Guido| FonsVinum\" \/>\n<meta property=\"og:description\" content=\"Kaufen on line on Fons Vinum Sassicaia 2008 Magnum Bolgheri Tenuta San Guido I Fons Vinum rare Weine aus Piedmont und Toskana\" \/>\n<meta property=\"og:url\" content=\"https:\/\/fonsvinum.com\/de\/produkt\/sassicaia-2008-magnum\/\" \/>\n<meta property=\"og:site_name\" content=\"Fons Vinum\" \/>\n<meta property=\"article:modified_time\" content=\"2020-06-17T07:53:00+00:00\" \/>\n<meta property=\"og:image\" content=\"https:\/\/fonsvinum.com\/files\/2014\/07\/sassicaia-tenuta-sa-guido.jpg\" \/>\n\t<meta property=\"og:image:width\" content=\"200\" \/>\n\t<meta property=\"og:image:height\" content=\"600\" \/>\n\t<meta property=\"og:image:type\" content=\"image\/jpeg\" \/>\n<script type=\"application\/ld+json\" class=\"yoast-schema-graph\">{\"@context\":\"https:\/\/schema.org\",\"@graph\":[{\"@type\":\"WebPage\",\"@id\":\"https:\/\/fonsvinum.com\/de\/produkt\/sassicaia-2008-magnum\/\",\"url\":\"https:\/\/fonsvinum.com\/de\/produkt\/sassicaia-2008-magnum\/\",\"name\":\"Buy online Sassicaia 2008 Magnum Tenuta San Guido| FonsVinum\",\"isPartOf\":{\"@id\":\"https:\/\/fonsvinum.com\/en\/#website\"},\"primaryImageOfPage\":{\"@id\":\"https:\/\/fonsvinum.com\/de\/produkt\/sassicaia-2008-magnum\/#primaryimage\"},\"image\":{\"@id\":\"https:\/\/fonsvinum.com\/de\/produkt\/sassicaia-2008-magnum\/#primaryimage\"},\"thumbnailUrl\":\"https:\/\/fonsvinum.com\/files\/2014\/07\/sassicaia-tenuta-sa-guido.jpg\",\"datePublished\":\"2020-06-17T07:44:40+00:00\",\"dateModified\":\"2020-06-17T07:53:00+00:00\",\"description\":\"Kaufen on line on Fons Vinum Sassicaia 2008 Magnum Bolgheri Tenuta San Guido I Fons Vinum rare Weine aus Piedmont und Toskana\",\"breadcrumb\":{\"@id\":\"https:\/\/fonsvinum.com\/de\/produkt\/sassicaia-2008-magnum\/#breadcrumb\"},\"inLanguage\":\"de\",\"potentialAction\":[{\"@type\":\"ReadAction\",\"target\":[\"https:\/\/fonsvinum.com\/de\/produkt\/sassicaia-2008-magnum\/\"]}]},{\"@type\":\"ImageObject\",\"inLanguage\":\"de\",\"@id\":\"https:\/\/fonsvinum.com\/de\/produkt\/sassicaia-2008-magnum\/#primaryimage\",\"url\":\"https:\/\/fonsvinum.com\/files\/2014\/07\/sassicaia-tenuta-sa-guido.jpg\",\"contentUrl\":\"https:\/\/fonsvinum.com\/files\/2014\/07\/sassicaia-tenuta-sa-guido.jpg\",\"width\":200,\"height\":600},{\"@type\":\"BreadcrumbList\",\"@id\":\"https:\/\/fonsvinum.com\/de\/produkt\/sassicaia-2008-magnum\/#breadcrumb\",\"itemListElement\":[{\"@type\":\"ListItem\",\"position\":1,\"name\":\"Startseite\",\"item\":\"https:\/\/fonsvinum.com\/de\/\"},{\"@type\":\"ListItem\",\"position\":2,\"name\":\"Shop\",\"item\":\"https:\/\/fonsvinum.com\/de\/shop\/\"},{\"@type\":\"ListItem\",\"position\":3,\"name\":\"Sassicaia 2008 Magnum\"}]},{\"@type\":\"WebSite\",\"@id\":\"https:\/\/fonsvinum.com\/en\/#website\",\"url\":\"https:\/\/fonsvinum.com\/en\/\",\"name\":\"Fons Vinum\",\"description\":\"Vendita Vino Online\",\"publisher\":{\"@id\":\"https:\/\/fonsvinum.com\/en\/#organization\"},\"potentialAction\":[{\"@type\":\"SearchAction\",\"target\":{\"@type\":\"EntryPoint\",\"urlTemplate\":\"https:\/\/fonsvinum.com\/en\/?s={search_term_string}\"},\"query-input\":{\"@type\":\"PropertyValueSpecification\",\"valueRequired\":true,\"valueName\":\"search_term_string\"}}],\"inLanguage\":\"de\"},{\"@type\":\"Organization\",\"@id\":\"https:\/\/fonsvinum.com\/en\/#organization\",\"name\":\"Fons Vinum\",\"url\":\"https:\/\/fonsvinum.com\/en\/\",\"logo\":{\"@type\":\"ImageObject\",\"inLanguage\":\"de\",\"@id\":\"https:\/\/fonsvinum.com\/en\/#\/schema\/logo\/image\/\",\"url\":\"\",\"contentUrl\":\"\",\"caption\":\"Fons Vinum\"},\"image\":{\"@id\":\"https:\/\/fonsvinum.com\/en\/#\/schema\/logo\/image\/\"}}]}<\/script>\n<!-- \/ Yoast SEO plugin. -->","yoast_head_json":{"title":"Buy online Sassicaia 2008 Magnum Tenuta San Guido| FonsVinum","description":"Kaufen on line on Fons Vinum Sassicaia 2008 Magnum Bolgheri Tenuta San Guido I Fons Vinum rare Weine aus Piedmont und Toskana","robots":{"index":"index","follow":"follow","max-snippet":"max-snippet:-1","max-image-preview":"max-image-preview:large","max-video-preview":"max-video-preview:-1"},"canonical":"https:\/\/fonsvinum.com\/de\/produkt\/sassicaia-2008-magnum\/","og_locale":"de_DE","og_type":"article","og_title":"Buy online Sassicaia 2008 Magnum Tenuta San Guido| FonsVinum","og_description":"Kaufen on line on Fons Vinum Sassicaia 2008 Magnum Bolgheri Tenuta San Guido I Fons Vinum rare Weine aus Piedmont und Toskana","og_url":"https:\/\/fonsvinum.com\/de\/produkt\/sassicaia-2008-magnum\/","og_site_name":"Fons Vinum","article_modified_time":"2020-06-17T07:53:00+00:00","og_image":[{"width":200,"height":600,"url":"https:\/\/fonsvinum.com\/files\/2014\/07\/sassicaia-tenuta-sa-guido.jpg","type":"image\/jpeg"}],"schema":{"@context":"https:\/\/schema.org","@graph":[{"@type":"WebPage","@id":"https:\/\/fonsvinum.com\/de\/produkt\/sassicaia-2008-magnum\/","url":"https:\/\/fonsvinum.com\/de\/produkt\/sassicaia-2008-magnum\/","name":"Buy online Sassicaia 2008 Magnum Tenuta San Guido| FonsVinum","isPartOf":{"@id":"https:\/\/fonsvinum.com\/en\/#website"},"primaryImageOfPage":{"@id":"https:\/\/fonsvinum.com\/de\/produkt\/sassicaia-2008-magnum\/#primaryimage"},"image":{"@id":"https:\/\/fonsvinum.com\/de\/produkt\/sassicaia-2008-magnum\/#primaryimage"},"thumbnailUrl":"https:\/\/fonsvinum.com\/files\/2014\/07\/sassicaia-tenuta-sa-guido.jpg","datePublished":"2020-06-17T07:44:40+00:00","dateModified":"2020-06-17T07:53:00+00:00","description":"Kaufen on line on Fons Vinum Sassicaia 2008 Magnum Bolgheri Tenuta San Guido I Fons Vinum rare Weine aus Piedmont und Toskana","breadcrumb":{"@id":"https:\/\/fonsvinum.com\/de\/produkt\/sassicaia-2008-magnum\/#breadcrumb"},"inLanguage":"de","potentialAction":[{"@type":"ReadAction","target":["https:\/\/fonsvinum.com\/de\/produkt\/sassicaia-2008-magnum\/"]}]},{"@type":"ImageObject","inLanguage":"de","@id":"https:\/\/fonsvinum.com\/de\/produkt\/sassicaia-2008-magnum\/#primaryimage","url":"https:\/\/fonsvinum.com\/files\/2014\/07\/sassicaia-tenuta-sa-guido.jpg","contentUrl":"https:\/\/fonsvinum.com\/files\/2014\/07\/sassicaia-tenuta-sa-guido.jpg","width":200,"height":600},{"@type":"BreadcrumbList","@id":"https:\/\/fonsvinum.com\/de\/produkt\/sassicaia-2008-magnum\/#breadcrumb","itemListElement":[{"@type":"ListItem","position":1,"name":"Startseite","item":"https:\/\/fonsvinum.com\/de\/"},{"@type":"ListItem","position":2,"name":"Shop","item":"https:\/\/fonsvinum.com\/de\/shop\/"},{"@type":"ListItem","position":3,"name":"Sassicaia 2008 Magnum"}]},{"@type":"WebSite","@id":"https:\/\/fonsvinum.com\/en\/#website","url":"https:\/\/fonsvinum.com\/en\/","name":"Fons Vinum","description":"Vendita Vino Online","publisher":{"@id":"https:\/\/fonsvinum.com\/en\/#organization"},"potentialAction":[{"@type":"SearchAction","target":{"@type":"EntryPoint","urlTemplate":"https:\/\/fonsvinum.com\/en\/?s={search_term_string}"},"query-input":{"@type":"PropertyValueSpecification","valueRequired":true,"valueName":"search_term_string"}}],"inLanguage":"de"},{"@type":"Organization","@id":"https:\/\/fonsvinum.com\/en\/#organization","name":"Fons Vinum","url":"https:\/\/fonsvinum.com\/en\/","logo":{"@type":"ImageObject","inLanguage":"de","@id":"https:\/\/fonsvinum.com\/en\/#\/schema\/logo\/image\/","url":"","contentUrl":"","caption":"Fons Vinum"},"image":{"@id":"https:\/\/fonsvinum.com\/en\/#\/schema\/logo\/image\/"}}]}},"acf":[],"_links":{"self":[{"href":"https:\/\/fonsvinum.com\/de\/wp-json\/wp\/v2\/product\/25507","targetHints":{"allow":["GET"]}}],"collection":[{"href":"https:\/\/fonsvinum.com\/de\/wp-json\/wp\/v2\/product"}],"about":[{"href":"https:\/\/fonsvinum.com\/de\/wp-json\/wp\/v2\/types\/product"}],"replies":[{"embeddable":true,"href":"https:\/\/fonsvinum.com\/de\/wp-json\/wp\/v2\/comments?post=25507"}],"wp:featuredmedia":[{"embeddable":true,"href":"https:\/\/fonsvinum.com\/de\/wp-json\/wp\/v2\/media\/32700"}],"wp:attachment":[{"href":"https:\/\/fonsvinum.com\/de\/wp-json\/wp\/v2\/media?parent=25507"}],"wp:term":[{"taxonomy":"product_brand","embeddable":true,"href":"https:\/\/fonsvinum.com\/de\/wp-json\/wp\/v2\/product_brand?post=25507"},{"taxonomy":"product_cat","embeddable":true,"href":"https:\/\/fonsvinum.com\/de\/wp-json\/wp\/v2\/product_cat?post=25507"},{"taxonomy":"product_tag","embeddable":true,"href":"https:\/\/fonsvinum.com\/de\/wp-json\/wp\/v2\/product_tag?post=25507"}],"curies":[{"name":"wp","href":"https:\/\/api.w.org\/{rel}","templated":true}]}}