{"id":25493,"date":"2020-06-15T12:29:41","date_gmt":"2020-06-15T10:29:41","guid":{"rendered":"https:\/\/fonsvinum.com\/?post_type=product&#038;p=25493"},"modified":"2020-06-15T12:36:10","modified_gmt":"2020-06-15T10:36:10","slug":"tignanello-2001-magnum-marchesi-antinori-toscana-rosso-in-owc","status":"publish","type":"product","link":"https:\/\/fonsvinum.com\/de\/produkt\/tignanello-2001-magnum-marchesi-antinori-toscana-rosso-in-owc\/","title":{"rendered":"TIGNANELLO 2001 MAGNUM Marchesi Antinori Toscana Rosso in OWC"},"content":{"rendered":"<h1>TIGNANELLO 2001 MAGNUM Marchesi Antinori Toscana Rosso in OWC<\/h1>\n<h3>TIGNANELLO 2001 MAGNUM Marchesi Antinori Toscana Rosso in OWC<\/h3>\n<p>Der Weinberg Tignanello wird besonders sp\u00e4t gelesen, und ausschlie\u00dflich sorgf\u00e4ltig per Hand selektierte Trauben werden f\u00fcr diesen Wein verwendet.<\/p>\n<p>Der Tignanello ist intensiv fruchtig und komplex im Bouquet, im Geschmack zeigt er eine optimale Struktur, ist ausgewogen mit sanften Tanninen und einem angenehm langen Nachhall.<\/p>\n<p>Ein Name, den man nicht weiter vorstellen braucht. Ultrafein. Schwarzer Pfeffer, Nelke, etwas Amarenakirsche in der Nase. Am Gaumen bleibt der Wein kr\u00e4ftig strukturiert, ganz fein poliertes Tannin, mittelkr\u00e4ftiger K\u00f6rper, nie fett, trotzdem immer mollig und geschmeidig. Ein Wein, der auch von der reifen S\u00e4ure lebt, elegant bleibt und in seiner Komplexit\u00e4t einzigartig ist. Von au\u00dfergew\u00f6hnlichem Reifepotenzial gepr\u00e4gt!<\/p>\n","protected":false},"excerpt":{"rendered":"<p>TIGNANELLO 2001 MAGNUM Marchesi Antinori Toscana Rosso in OWC TIGNANELLO 2001 MAGNUM Marchesi Antinori Toscana Rosso in OWC Der Weinberg Tignanello wird besonders sp\u00e4t gelesen, und ausschlie\u00dflich sorgf\u00e4ltig per Hand selektierte Trauben werden f\u00fcr diesen Wein verwendet. Der Tignanello ist intensiv fruchtig und komplex im Bouquet, im Geschmack zeigt er eine optimale Struktur, ist ausgewogen [&hellip;]<\/p>\n","protected":false},"featured_media":25489,"comment_status":"open","ping_status":"closed","template":"","meta":{"_acf_changed":false,"_monsterinsights_skip_tracking":false,"_monsterinsights_sitenote_active":false,"_monsterinsights_sitenote_note":"","_monsterinsights_sitenote_category":0},"product_brand":[],"product_cat":[1693,2332],"product_tag":[2150,17732,1745],"class_list":{"0":"post-25493","1":"product","2":"type-product","3":"status-publish","4":"has-post-thumbnail","6":"product_cat-blend-2-de","7":"product_cat-rotweine-de","8":"product_tag-grossformat","9":"product_tag-magnum-de","10":"product_tag-super-tuscan-de","11":"pa_appellation-toscana-rosso-igt-de","12":"pa_formato-1-50-l-flasche-de","13":"pa_producer-marchesi-antinori-de","14":"pa_region-toskana-de","15":"pa_vine-80-sangiovese-15-cabernet-sauvignon-5-cabernet-franc-de-2","16":"pa_vintage-2001-de","18":"first","19":"instock","20":"taxable","21":"shipping-taxable","22":"purchasable","23":"product-type-simple"},"bundled_by":[],"bundle_stock_status":"instock","bundle_stock_quantity":1,"bundle_virtual":false,"bundle_layout":"","bundle_add_to_cart_form_location":"","bundle_editable_in_cart":false,"bundle_sold_individually_context":"","bundle_item_grouping":"","bundle_min_size":"","bundle_max_size":"","bundle_price":[],"bundled_items":[],"bundle_sell_ids":[],"yoast_head":"<!-- This site is optimized with the Yoast SEO plugin v27.2 - https:\/\/yoast.com\/product\/yoast-seo-wordpress\/ -->\n<title>TIGNANELLO 2001 MAGNUM Marchesi Antinori Toscana Rosso in OWC<\/title>\n<meta name=\"description\" content=\"Kaufen onlineTIGNANELLO 2001 MAGNUM Marchesi Antinori Toscana Rosso in OWC I Fonsvinum rare Weine online aus Piedmont,Toskana und Venetien ...\" \/>\n<meta name=\"robots\" content=\"index, follow, max-snippet:-1, max-image-preview:large, max-video-preview:-1\" \/>\n<link rel=\"canonical\" href=\"https:\/\/fonsvinum.com\/de\/produkt\/tignanello-2001-magnum-marchesi-antinori-toscana-rosso-in-owc\/\" \/>\n<meta property=\"og:locale\" content=\"de_DE\" \/>\n<meta property=\"og:type\" content=\"article\" \/>\n<meta property=\"og:title\" content=\"TIGNANELLO 2001 MAGNUM Marchesi Antinori Toscana Rosso in OWC\" \/>\n<meta property=\"og:description\" content=\"Kaufen onlineTIGNANELLO 2001 MAGNUM Marchesi Antinori Toscana Rosso in OWC I Fonsvinum rare Weine online aus Piedmont,Toskana und Venetien ...\" \/>\n<meta property=\"og:url\" content=\"https:\/\/fonsvinum.com\/de\/produkt\/tignanello-2001-magnum-marchesi-antinori-toscana-rosso-in-owc\/\" \/>\n<meta property=\"og:site_name\" content=\"Fons Vinum\" \/>\n<meta property=\"article:modified_time\" content=\"2020-06-15T10:36:10+00:00\" \/>\n<meta property=\"og:image\" content=\"https:\/\/fonsvinum.com\/files\/2020\/06\/tignanello-magnum-antinori-owc.jpg\" \/>\n\t<meta property=\"og:image:width\" content=\"300\" \/>\n\t<meta property=\"og:image:height\" content=\"600\" \/>\n\t<meta property=\"og:image:type\" content=\"image\/jpeg\" \/>\n<meta name=\"twitter:label1\" content=\"Gesch\u00e4tzte Lesezeit\" \/>\n\t<meta name=\"twitter:data1\" content=\"1\u00a0Minute\" \/>\n<script type=\"application\/ld+json\" class=\"yoast-schema-graph\">{\"@context\":\"https:\/\/schema.org\",\"@graph\":[{\"@type\":\"WebPage\",\"@id\":\"https:\/\/fonsvinum.com\/de\/produkt\/tignanello-2001-magnum-marchesi-antinori-toscana-rosso-in-owc\/\",\"url\":\"https:\/\/fonsvinum.com\/de\/produkt\/tignanello-2001-magnum-marchesi-antinori-toscana-rosso-in-owc\/\",\"name\":\"TIGNANELLO 2001 MAGNUM Marchesi Antinori Toscana Rosso in OWC\",\"isPartOf\":{\"@id\":\"https:\/\/fonsvinum.com\/en\/#website\"},\"primaryImageOfPage\":{\"@id\":\"https:\/\/fonsvinum.com\/de\/produkt\/tignanello-2001-magnum-marchesi-antinori-toscana-rosso-in-owc\/#primaryimage\"},\"image\":{\"@id\":\"https:\/\/fonsvinum.com\/de\/produkt\/tignanello-2001-magnum-marchesi-antinori-toscana-rosso-in-owc\/#primaryimage\"},\"thumbnailUrl\":\"https:\/\/fonsvinum.com\/files\/2020\/06\/tignanello-magnum-antinori-owc.jpg\",\"datePublished\":\"2020-06-15T10:29:41+00:00\",\"dateModified\":\"2020-06-15T10:36:10+00:00\",\"description\":\"Kaufen onlineTIGNANELLO 2001 MAGNUM Marchesi Antinori Toscana Rosso in OWC I Fonsvinum rare Weine online aus Piedmont,Toskana und Venetien ...\",\"breadcrumb\":{\"@id\":\"https:\/\/fonsvinum.com\/de\/produkt\/tignanello-2001-magnum-marchesi-antinori-toscana-rosso-in-owc\/#breadcrumb\"},\"inLanguage\":\"de\",\"potentialAction\":[{\"@type\":\"ReadAction\",\"target\":[\"https:\/\/fonsvinum.com\/de\/produkt\/tignanello-2001-magnum-marchesi-antinori-toscana-rosso-in-owc\/\"]}]},{\"@type\":\"ImageObject\",\"inLanguage\":\"de\",\"@id\":\"https:\/\/fonsvinum.com\/de\/produkt\/tignanello-2001-magnum-marchesi-antinori-toscana-rosso-in-owc\/#primaryimage\",\"url\":\"https:\/\/fonsvinum.com\/files\/2020\/06\/tignanello-magnum-antinori-owc.jpg\",\"contentUrl\":\"https:\/\/fonsvinum.com\/files\/2020\/06\/tignanello-magnum-antinori-owc.jpg\",\"width\":300,\"height\":600},{\"@type\":\"BreadcrumbList\",\"@id\":\"https:\/\/fonsvinum.com\/de\/produkt\/tignanello-2001-magnum-marchesi-antinori-toscana-rosso-in-owc\/#breadcrumb\",\"itemListElement\":[{\"@type\":\"ListItem\",\"position\":1,\"name\":\"Startseite\",\"item\":\"https:\/\/fonsvinum.com\/de\/\"},{\"@type\":\"ListItem\",\"position\":2,\"name\":\"Shop\",\"item\":\"https:\/\/fonsvinum.com\/de\/shop\/\"},{\"@type\":\"ListItem\",\"position\":3,\"name\":\"TIGNANELLO 2001 MAGNUM Marchesi Antinori Toscana Rosso in OWC\"}]},{\"@type\":\"WebSite\",\"@id\":\"https:\/\/fonsvinum.com\/en\/#website\",\"url\":\"https:\/\/fonsvinum.com\/en\/\",\"name\":\"Fons Vinum\",\"description\":\"Vendita Vino Online\",\"publisher\":{\"@id\":\"https:\/\/fonsvinum.com\/en\/#organization\"},\"potentialAction\":[{\"@type\":\"SearchAction\",\"target\":{\"@type\":\"EntryPoint\",\"urlTemplate\":\"https:\/\/fonsvinum.com\/en\/?s={search_term_string}\"},\"query-input\":{\"@type\":\"PropertyValueSpecification\",\"valueRequired\":true,\"valueName\":\"search_term_string\"}}],\"inLanguage\":\"de\"},{\"@type\":\"Organization\",\"@id\":\"https:\/\/fonsvinum.com\/en\/#organization\",\"name\":\"Fons Vinum\",\"url\":\"https:\/\/fonsvinum.com\/en\/\",\"logo\":{\"@type\":\"ImageObject\",\"inLanguage\":\"de\",\"@id\":\"https:\/\/fonsvinum.com\/en\/#\/schema\/logo\/image\/\",\"url\":\"\",\"contentUrl\":\"\",\"caption\":\"Fons Vinum\"},\"image\":{\"@id\":\"https:\/\/fonsvinum.com\/en\/#\/schema\/logo\/image\/\"}}]}<\/script>\n<!-- \/ Yoast SEO plugin. -->","yoast_head_json":{"title":"TIGNANELLO 2001 MAGNUM Marchesi Antinori Toscana Rosso in OWC","description":"Kaufen onlineTIGNANELLO 2001 MAGNUM Marchesi Antinori Toscana Rosso in OWC I Fonsvinum rare Weine online aus Piedmont,Toskana und Venetien ...","robots":{"index":"index","follow":"follow","max-snippet":"max-snippet:-1","max-image-preview":"max-image-preview:large","max-video-preview":"max-video-preview:-1"},"canonical":"https:\/\/fonsvinum.com\/de\/produkt\/tignanello-2001-magnum-marchesi-antinori-toscana-rosso-in-owc\/","og_locale":"de_DE","og_type":"article","og_title":"TIGNANELLO 2001 MAGNUM Marchesi Antinori Toscana Rosso in OWC","og_description":"Kaufen onlineTIGNANELLO 2001 MAGNUM Marchesi Antinori Toscana Rosso in OWC I Fonsvinum rare Weine online aus Piedmont,Toskana und Venetien ...","og_url":"https:\/\/fonsvinum.com\/de\/produkt\/tignanello-2001-magnum-marchesi-antinori-toscana-rosso-in-owc\/","og_site_name":"Fons Vinum","article_modified_time":"2020-06-15T10:36:10+00:00","og_image":[{"width":300,"height":600,"url":"https:\/\/fonsvinum.com\/files\/2020\/06\/tignanello-magnum-antinori-owc.jpg","type":"image\/jpeg"}],"twitter_misc":{"Gesch\u00e4tzte Lesezeit":"1\u00a0Minute"},"schema":{"@context":"https:\/\/schema.org","@graph":[{"@type":"WebPage","@id":"https:\/\/fonsvinum.com\/de\/produkt\/tignanello-2001-magnum-marchesi-antinori-toscana-rosso-in-owc\/","url":"https:\/\/fonsvinum.com\/de\/produkt\/tignanello-2001-magnum-marchesi-antinori-toscana-rosso-in-owc\/","name":"TIGNANELLO 2001 MAGNUM Marchesi Antinori Toscana Rosso in OWC","isPartOf":{"@id":"https:\/\/fonsvinum.com\/en\/#website"},"primaryImageOfPage":{"@id":"https:\/\/fonsvinum.com\/de\/produkt\/tignanello-2001-magnum-marchesi-antinori-toscana-rosso-in-owc\/#primaryimage"},"image":{"@id":"https:\/\/fonsvinum.com\/de\/produkt\/tignanello-2001-magnum-marchesi-antinori-toscana-rosso-in-owc\/#primaryimage"},"thumbnailUrl":"https:\/\/fonsvinum.com\/files\/2020\/06\/tignanello-magnum-antinori-owc.jpg","datePublished":"2020-06-15T10:29:41+00:00","dateModified":"2020-06-15T10:36:10+00:00","description":"Kaufen onlineTIGNANELLO 2001 MAGNUM Marchesi Antinori Toscana Rosso in OWC I Fonsvinum rare Weine online aus Piedmont,Toskana und Venetien ...","breadcrumb":{"@id":"https:\/\/fonsvinum.com\/de\/produkt\/tignanello-2001-magnum-marchesi-antinori-toscana-rosso-in-owc\/#breadcrumb"},"inLanguage":"de","potentialAction":[{"@type":"ReadAction","target":["https:\/\/fonsvinum.com\/de\/produkt\/tignanello-2001-magnum-marchesi-antinori-toscana-rosso-in-owc\/"]}]},{"@type":"ImageObject","inLanguage":"de","@id":"https:\/\/fonsvinum.com\/de\/produkt\/tignanello-2001-magnum-marchesi-antinori-toscana-rosso-in-owc\/#primaryimage","url":"https:\/\/fonsvinum.com\/files\/2020\/06\/tignanello-magnum-antinori-owc.jpg","contentUrl":"https:\/\/fonsvinum.com\/files\/2020\/06\/tignanello-magnum-antinori-owc.jpg","width":300,"height":600},{"@type":"BreadcrumbList","@id":"https:\/\/fonsvinum.com\/de\/produkt\/tignanello-2001-magnum-marchesi-antinori-toscana-rosso-in-owc\/#breadcrumb","itemListElement":[{"@type":"ListItem","position":1,"name":"Startseite","item":"https:\/\/fonsvinum.com\/de\/"},{"@type":"ListItem","position":2,"name":"Shop","item":"https:\/\/fonsvinum.com\/de\/shop\/"},{"@type":"ListItem","position":3,"name":"TIGNANELLO 2001 MAGNUM Marchesi Antinori Toscana Rosso in OWC"}]},{"@type":"WebSite","@id":"https:\/\/fonsvinum.com\/en\/#website","url":"https:\/\/fonsvinum.com\/en\/","name":"Fons Vinum","description":"Vendita Vino Online","publisher":{"@id":"https:\/\/fonsvinum.com\/en\/#organization"},"potentialAction":[{"@type":"SearchAction","target":{"@type":"EntryPoint","urlTemplate":"https:\/\/fonsvinum.com\/en\/?s={search_term_string}"},"query-input":{"@type":"PropertyValueSpecification","valueRequired":true,"valueName":"search_term_string"}}],"inLanguage":"de"},{"@type":"Organization","@id":"https:\/\/fonsvinum.com\/en\/#organization","name":"Fons Vinum","url":"https:\/\/fonsvinum.com\/en\/","logo":{"@type":"ImageObject","inLanguage":"de","@id":"https:\/\/fonsvinum.com\/en\/#\/schema\/logo\/image\/","url":"","contentUrl":"","caption":"Fons Vinum"},"image":{"@id":"https:\/\/fonsvinum.com\/en\/#\/schema\/logo\/image\/"}}]}},"acf":[],"_links":{"self":[{"href":"https:\/\/fonsvinum.com\/de\/wp-json\/wp\/v2\/product\/25493","targetHints":{"allow":["GET"]}}],"collection":[{"href":"https:\/\/fonsvinum.com\/de\/wp-json\/wp\/v2\/product"}],"about":[{"href":"https:\/\/fonsvinum.com\/de\/wp-json\/wp\/v2\/types\/product"}],"replies":[{"embeddable":true,"href":"https:\/\/fonsvinum.com\/de\/wp-json\/wp\/v2\/comments?post=25493"}],"wp:featuredmedia":[{"embeddable":true,"href":"https:\/\/fonsvinum.com\/de\/wp-json\/wp\/v2\/media\/25489"}],"wp:attachment":[{"href":"https:\/\/fonsvinum.com\/de\/wp-json\/wp\/v2\/media?parent=25493"}],"wp:term":[{"taxonomy":"product_brand","embeddable":true,"href":"https:\/\/fonsvinum.com\/de\/wp-json\/wp\/v2\/product_brand?post=25493"},{"taxonomy":"product_cat","embeddable":true,"href":"https:\/\/fonsvinum.com\/de\/wp-json\/wp\/v2\/product_cat?post=25493"},{"taxonomy":"product_tag","embeddable":true,"href":"https:\/\/fonsvinum.com\/de\/wp-json\/wp\/v2\/product_tag?post=25493"}],"curies":[{"name":"wp","href":"https:\/\/api.w.org\/{rel}","templated":true}]}}