{"id":25383,"date":"2020-06-11T10:10:46","date_gmt":"2020-06-11T08:10:46","guid":{"rendered":"https:\/\/fonsvinum.com\/?post_type=product&#038;p=25383"},"modified":"2026-01-23T07:42:50","modified_gmt":"2026-01-23T06:42:50","slug":"tenuta-dellornellaia-ornus-dellornellaia-2016","status":"publish","type":"product","link":"https:\/\/fonsvinum.com\/de\/produkt\/tenuta-dellornellaia-ornus-dellornellaia-2016\/","title":{"rendered":"TENUTA DELL&#8217;ORNELLAIA Ornus dell\u2019Ornellaia 2016"},"content":{"rendered":"<h1>TENUTA DELL&#8217;ORNELLAIA Ornus dell\u2019Ornellaia 2016<\/h1>\n<h1 class=\"scheda-container-h1\">Ornus <a href=\"http:\/\/www.ornellaia.com\/de\/\">dell\u2019Ornellaia<\/a><\/h1>\n<p>Seit 700 Jahren verbindet die Familie Frescobaldi Tradition, Erfahrung und Innovation mit Kreativit\u00e4t und dem Streben nach Exzellenz. Die Familie hat sich stets bem\u00fcht, die Vielfalt des toskanischen Terroirs zu entwickeln und zu pflegen. Als stolze Besitzer einiger der besten Weinberge der Region haben sie stets darauf geachtet, die Identit\u00e4t und Eigenst\u00e4ndigkeit jedes einzelnen Weinguts zu bewahren.<\/p>\n<p>ORNELLAIA, eines der bekanntesten Weing\u00fcter der Welt, erreichte unter der \u00c4gide der Familie Frescobaldi seinen H\u00f6hepunkt.<\/p>\n<p>Ornellaia geh\u00f6rt neben ATTEMS (Friaul), MASSETO, DANZANTE, LUCE DELLA VITE und den sechs FRESCOBALDI-Weing\u00fctern Nipozzano, CastelGiocondo, Pomino, Ammiraglia, Castiglioni und Remole zu den Familienweing\u00fctern.<\/p>\n<p>IM KELLER<\/p>\n<p>Der Weinkeller ist die Fortsetzung des Weinbergs. Auch hier wird jeder Weinberg individuell behandelt und separat vinifiziert, um den spezifischen Charakter seiner Parzelle zum Ausdruck zu bringen. Der Gaumen ist dabei unser wichtigstes Werkzeug: Die t\u00e4gliche Verkostung der g\u00e4renden Weine erm\u00f6glicht es uns, die Extraktions- und Mazerationszeit f\u00fcr jeden der 70 bis 80 Grundweine pr\u00e4zise zu bestimmen. Diese reifen separat in kleinen franz\u00f6sischen Eichenf\u00e4ssern, bevor sie ausgew\u00e4hlt und verschnitten werden, um eine subtile Balance zwischen dem spezifischen Charakter des Jahrgangs und der sinnlichen Eleganz von Ornellaia zu erzielen.<\/p>\n<p>PHILOSOPHIE<\/p>\n<p>Die Produktionsphilosophie des Weinguts ist auf ein einziges Ziel ausgerichtet: Qualit\u00e4t. Jede Entscheidung ist daher von gr\u00f6\u00dfter Bedeutung und erfordert absolute Detailgenauigkeit. In keiner Phase des Produktionsprozesses sind Abk\u00fcrzungen erlaubt: So arbeiten wir, und so gewinnen wir die besten Trauben, abgestimmt auf die klimatischen Bedingungen jedes Jahrgangs.<\/p>\n<p>ORNUS DELL&#8217;ORNELLAIA<\/p>\n<p>Ornus dell&#8217;Ornellaia, ein Wein aus der Sp\u00e4tlese der Rebsorte Petit Manseng, wird in extrem limitierter Auflage produziert und verleiht dem Weingut eine neue Dimension. In manchen Jahrg\u00e4ngen bietet der kleine Weinberg \u201ePalmetta\u201c ideale Bedingungen f\u00fcr die Herstellung dieses exklusiven S\u00fc\u00dfweins. Der Name Ornus dell&#8217;Ornellaia ist von \u201eFraxinus Ornus\u201c, dem lateinischen Namen der Bl\u00fcten-Esche, inspiriert \u2013 dem Baum, der dem Wein seinen Namen gab. Die Bl\u00fcten-Esche, auch bekannt als \u201eMannabaum\u201c aufgrund ihres kostbaren Saftes, der seit der Antike als S\u00fc\u00dfungsmittel verwendet wird, ist eine typische Pflanze der mediterranen Macchia und verweist mit ihrem Namen \u201eFraxinus Ornus\u201c treffend auf die S\u00fc\u00dfe des Ornus dell&#8217;Ornellaia.<\/p>\n<p>Jahrgang 2016 \u2013<br \/>\nDie Winzerin sagt:<\/p>\n<p>\u201eOrnus dell&#8217;Ornellaia ist inspiriert von der Leidenschaft f\u00fcr unser Terroir und dem Wunsch, dessen Potenzial f\u00fcr die Herstellung gro\u00dfartiger s\u00fc\u00dfer Appassimento-Weine zu erkunden. Unterst\u00fctzt wird dies durch die milde und besonders windige Jahreszeit, die typisch f\u00fcr den Herbst in Bolgheri ist. Mit seiner klassischen, intensiven goldgelben Farbe verstr\u00f6mt der Ornus dell&#8217;Ornellaia 2016 lebhafte Aromen von Amaretto und Mandel, begleitet von s\u00fc\u00dfen Noten exotischer Fr\u00fcchte. Am Gaumen ist er besonders dicht und samtig, mit einer angenehmen S\u00fc\u00dfe, die perfekt von einer lebendigen und saftigen S\u00e4ure ausbalanciert wird.\u201c<\/p>\n<p>Olga Fusari \u2013 Winzerin<\/p>\n<p>Verkostungsnotizen<br \/>\nIm Glas zeigt er sich in einem tiefen und leuchtenden Goldgelb.<\/p>\n<p>In der Nase entfalten sich intensive und komplexe Noten von Bl\u00fcten und tropischen Fr\u00fcchten, Honig und Karamell, mit feinen Ankl\u00e4ngen von Aprikosenmarmelade.<\/p>\n<p>Kraftvoll und vollmundig am Gaumen, bewahrt er eine beneidenswerte Frische, die ihn leicht trinkbar, ausgewogen und genussvoll macht. Ein sehr langer Abgang mit floralen und fruchtigen Noten.<\/p>\n","protected":false},"excerpt":{"rendered":"<p>TENUTA DELL&#8217;ORNELLAIA Ornus dell\u2019Ornellaia 2016 Ornus dell\u2019Ornellaia Seit 700 Jahren verbindet die Familie Frescobaldi Tradition, Erfahrung und Innovation mit Kreativit\u00e4t und dem Streben nach Exzellenz. Die Familie hat sich stets bem\u00fcht, die Vielfalt des toskanischen Terroirs zu entwickeln und zu pflegen. Als stolze Besitzer einiger der besten Weinberge der Region haben sie stets darauf geachtet, [&hellip;]<\/p>\n","protected":false},"featured_media":25391,"comment_status":"open","ping_status":"closed","template":"","meta":{"_acf_changed":false,"_monsterinsights_skip_tracking":false,"_monsterinsights_sitenote_active":false,"_monsterinsights_sitenote_note":"","_monsterinsights_sitenote_category":0},"product_brand":[],"product_cat":[2382,2390],"product_tag":[1733,1751],"class_list":{"0":"post-25383","1":"product","2":"type-product","3":"status-publish","4":"has-post-thumbnail","6":"product_cat-dessertweine-de","7":"product_cat-passiti-de","8":"product_tag-aussergewoehnliche-weine-de","9":"product_tag-aussergewoehnliche-weine-aus-italien-de","10":"pa_appellation-bolgheri-superiore-doc-de","11":"pa_formato-0-375-l-flasche-de","12":"pa_producer-tenuta-dellornellaia-de","13":"pa_region-toskana-de","14":"pa_vine-100-petit-manseng-de","15":"pa_vintage-2016-de","17":"first","18":"instock","19":"taxable","20":"shipping-taxable","21":"purchasable","22":"product-type-simple"},"bundled_by":[],"bundle_stock_status":"instock","bundle_stock_quantity":2,"bundle_virtual":false,"bundle_layout":"","bundle_add_to_cart_form_location":"","bundle_editable_in_cart":false,"bundle_sold_individually_context":"","bundle_item_grouping":"","bundle_min_size":"","bundle_max_size":"","bundle_price":[],"bundled_items":[],"bundle_sell_ids":[],"yoast_head":"<!-- This site is optimized with the Yoast SEO plugin v27.2 - https:\/\/yoast.com\/product\/yoast-seo-wordpress\/ -->\n<title>Ornus dell\u2019Ornellaia 2016 I FONSVINUM RARE WEINE ONLINE<\/title>\n<meta name=\"description\" content=\"Ornus dell\u2019Ornellaia 2016 I Fonsvinum rare Weine online aus Piedmont, Toskana und Venetien\" \/>\n<meta name=\"robots\" content=\"index, follow, max-snippet:-1, max-image-preview:large, max-video-preview:-1\" \/>\n<link rel=\"canonical\" href=\"https:\/\/fonsvinum.com\/de\/produkt\/tenuta-dellornellaia-ornus-dellornellaia-2016\/\" \/>\n<meta property=\"og:locale\" content=\"de_DE\" \/>\n<meta property=\"og:type\" content=\"article\" \/>\n<meta property=\"og:title\" content=\"Ornus dell\u2019Ornellaia 2016 I FONSVINUM RARE WEINE ONLINE\" \/>\n<meta property=\"og:description\" content=\"Ornus dell\u2019Ornellaia 2016 I Fonsvinum rare Weine online aus Piedmont, Toskana und Venetien\" \/>\n<meta property=\"og:url\" content=\"https:\/\/fonsvinum.com\/de\/produkt\/tenuta-dellornellaia-ornus-dellornellaia-2016\/\" \/>\n<meta property=\"og:site_name\" content=\"Fons Vinum\" \/>\n<meta property=\"article:modified_time\" content=\"2026-01-23T06:42:50+00:00\" \/>\n<meta property=\"og:image\" content=\"https:\/\/fonsvinum.com\/files\/2020\/06\/ornus-ornellaia.jpg\" \/>\n\t<meta property=\"og:image:width\" content=\"200\" \/>\n\t<meta property=\"og:image:height\" content=\"600\" \/>\n\t<meta property=\"og:image:type\" content=\"image\/jpeg\" \/>\n<meta name=\"twitter:label1\" content=\"Gesch\u00e4tzte Lesezeit\" \/>\n\t<meta name=\"twitter:data1\" content=\"3\u00a0Minuten\" \/>\n<script type=\"application\/ld+json\" class=\"yoast-schema-graph\">{\"@context\":\"https:\/\/schema.org\",\"@graph\":[{\"@type\":\"WebPage\",\"@id\":\"https:\/\/fonsvinum.com\/de\/produkt\/tenuta-dellornellaia-ornus-dellornellaia-2016\/\",\"url\":\"https:\/\/fonsvinum.com\/de\/produkt\/tenuta-dellornellaia-ornus-dellornellaia-2016\/\",\"name\":\"Ornus dell\u2019Ornellaia 2016 I FONSVINUM RARE WEINE ONLINE\",\"isPartOf\":{\"@id\":\"https:\/\/fonsvinum.com\/en\/#website\"},\"primaryImageOfPage\":{\"@id\":\"https:\/\/fonsvinum.com\/de\/produkt\/tenuta-dellornellaia-ornus-dellornellaia-2016\/#primaryimage\"},\"image\":{\"@id\":\"https:\/\/fonsvinum.com\/de\/produkt\/tenuta-dellornellaia-ornus-dellornellaia-2016\/#primaryimage\"},\"thumbnailUrl\":\"https:\/\/fonsvinum.com\/files\/2020\/06\/ornus-ornellaia.jpg\",\"datePublished\":\"2020-06-11T08:10:46+00:00\",\"dateModified\":\"2026-01-23T06:42:50+00:00\",\"description\":\"Ornus dell\u2019Ornellaia 2016 I Fonsvinum rare Weine online aus Piedmont, Toskana und Venetien\",\"breadcrumb\":{\"@id\":\"https:\/\/fonsvinum.com\/de\/produkt\/tenuta-dellornellaia-ornus-dellornellaia-2016\/#breadcrumb\"},\"inLanguage\":\"de\",\"potentialAction\":[{\"@type\":\"ReadAction\",\"target\":[\"https:\/\/fonsvinum.com\/de\/produkt\/tenuta-dellornellaia-ornus-dellornellaia-2016\/\"]}]},{\"@type\":\"ImageObject\",\"inLanguage\":\"de\",\"@id\":\"https:\/\/fonsvinum.com\/de\/produkt\/tenuta-dellornellaia-ornus-dellornellaia-2016\/#primaryimage\",\"url\":\"https:\/\/fonsvinum.com\/files\/2020\/06\/ornus-ornellaia.jpg\",\"contentUrl\":\"https:\/\/fonsvinum.com\/files\/2020\/06\/ornus-ornellaia.jpg\",\"width\":200,\"height\":600},{\"@type\":\"BreadcrumbList\",\"@id\":\"https:\/\/fonsvinum.com\/de\/produkt\/tenuta-dellornellaia-ornus-dellornellaia-2016\/#breadcrumb\",\"itemListElement\":[{\"@type\":\"ListItem\",\"position\":1,\"name\":\"Startseite\",\"item\":\"https:\/\/fonsvinum.com\/de\/\"},{\"@type\":\"ListItem\",\"position\":2,\"name\":\"Shop\",\"item\":\"https:\/\/fonsvinum.com\/de\/shop\/\"},{\"@type\":\"ListItem\",\"position\":3,\"name\":\"TENUTA DELL&#8217;ORNELLAIA Ornus dell\u2019Ornellaia 2016\"}]},{\"@type\":\"WebSite\",\"@id\":\"https:\/\/fonsvinum.com\/en\/#website\",\"url\":\"https:\/\/fonsvinum.com\/en\/\",\"name\":\"Fons Vinum\",\"description\":\"Vendita Vino Online\",\"publisher\":{\"@id\":\"https:\/\/fonsvinum.com\/en\/#organization\"},\"potentialAction\":[{\"@type\":\"SearchAction\",\"target\":{\"@type\":\"EntryPoint\",\"urlTemplate\":\"https:\/\/fonsvinum.com\/en\/?s={search_term_string}\"},\"query-input\":{\"@type\":\"PropertyValueSpecification\",\"valueRequired\":true,\"valueName\":\"search_term_string\"}}],\"inLanguage\":\"de\"},{\"@type\":\"Organization\",\"@id\":\"https:\/\/fonsvinum.com\/en\/#organization\",\"name\":\"Fons Vinum\",\"url\":\"https:\/\/fonsvinum.com\/en\/\",\"logo\":{\"@type\":\"ImageObject\",\"inLanguage\":\"de\",\"@id\":\"https:\/\/fonsvinum.com\/en\/#\/schema\/logo\/image\/\",\"url\":\"\",\"contentUrl\":\"\",\"caption\":\"Fons Vinum\"},\"image\":{\"@id\":\"https:\/\/fonsvinum.com\/en\/#\/schema\/logo\/image\/\"}}]}<\/script>\n<!-- \/ Yoast SEO plugin. -->","yoast_head_json":{"title":"Ornus dell\u2019Ornellaia 2016 I FONSVINUM RARE WEINE ONLINE","description":"Ornus dell\u2019Ornellaia 2016 I Fonsvinum rare Weine online aus Piedmont, Toskana und Venetien","robots":{"index":"index","follow":"follow","max-snippet":"max-snippet:-1","max-image-preview":"max-image-preview:large","max-video-preview":"max-video-preview:-1"},"canonical":"https:\/\/fonsvinum.com\/de\/produkt\/tenuta-dellornellaia-ornus-dellornellaia-2016\/","og_locale":"de_DE","og_type":"article","og_title":"Ornus dell\u2019Ornellaia 2016 I FONSVINUM RARE WEINE ONLINE","og_description":"Ornus dell\u2019Ornellaia 2016 I Fonsvinum rare Weine online aus Piedmont, Toskana und Venetien","og_url":"https:\/\/fonsvinum.com\/de\/produkt\/tenuta-dellornellaia-ornus-dellornellaia-2016\/","og_site_name":"Fons Vinum","article_modified_time":"2026-01-23T06:42:50+00:00","og_image":[{"width":200,"height":600,"url":"https:\/\/fonsvinum.com\/files\/2020\/06\/ornus-ornellaia.jpg","type":"image\/jpeg"}],"twitter_misc":{"Gesch\u00e4tzte Lesezeit":"3\u00a0Minuten"},"schema":{"@context":"https:\/\/schema.org","@graph":[{"@type":"WebPage","@id":"https:\/\/fonsvinum.com\/de\/produkt\/tenuta-dellornellaia-ornus-dellornellaia-2016\/","url":"https:\/\/fonsvinum.com\/de\/produkt\/tenuta-dellornellaia-ornus-dellornellaia-2016\/","name":"Ornus dell\u2019Ornellaia 2016 I FONSVINUM RARE WEINE ONLINE","isPartOf":{"@id":"https:\/\/fonsvinum.com\/en\/#website"},"primaryImageOfPage":{"@id":"https:\/\/fonsvinum.com\/de\/produkt\/tenuta-dellornellaia-ornus-dellornellaia-2016\/#primaryimage"},"image":{"@id":"https:\/\/fonsvinum.com\/de\/produkt\/tenuta-dellornellaia-ornus-dellornellaia-2016\/#primaryimage"},"thumbnailUrl":"https:\/\/fonsvinum.com\/files\/2020\/06\/ornus-ornellaia.jpg","datePublished":"2020-06-11T08:10:46+00:00","dateModified":"2026-01-23T06:42:50+00:00","description":"Ornus dell\u2019Ornellaia 2016 I Fonsvinum rare Weine online aus Piedmont, Toskana und Venetien","breadcrumb":{"@id":"https:\/\/fonsvinum.com\/de\/produkt\/tenuta-dellornellaia-ornus-dellornellaia-2016\/#breadcrumb"},"inLanguage":"de","potentialAction":[{"@type":"ReadAction","target":["https:\/\/fonsvinum.com\/de\/produkt\/tenuta-dellornellaia-ornus-dellornellaia-2016\/"]}]},{"@type":"ImageObject","inLanguage":"de","@id":"https:\/\/fonsvinum.com\/de\/produkt\/tenuta-dellornellaia-ornus-dellornellaia-2016\/#primaryimage","url":"https:\/\/fonsvinum.com\/files\/2020\/06\/ornus-ornellaia.jpg","contentUrl":"https:\/\/fonsvinum.com\/files\/2020\/06\/ornus-ornellaia.jpg","width":200,"height":600},{"@type":"BreadcrumbList","@id":"https:\/\/fonsvinum.com\/de\/produkt\/tenuta-dellornellaia-ornus-dellornellaia-2016\/#breadcrumb","itemListElement":[{"@type":"ListItem","position":1,"name":"Startseite","item":"https:\/\/fonsvinum.com\/de\/"},{"@type":"ListItem","position":2,"name":"Shop","item":"https:\/\/fonsvinum.com\/de\/shop\/"},{"@type":"ListItem","position":3,"name":"TENUTA DELL&#8217;ORNELLAIA Ornus dell\u2019Ornellaia 2016"}]},{"@type":"WebSite","@id":"https:\/\/fonsvinum.com\/en\/#website","url":"https:\/\/fonsvinum.com\/en\/","name":"Fons Vinum","description":"Vendita Vino Online","publisher":{"@id":"https:\/\/fonsvinum.com\/en\/#organization"},"potentialAction":[{"@type":"SearchAction","target":{"@type":"EntryPoint","urlTemplate":"https:\/\/fonsvinum.com\/en\/?s={search_term_string}"},"query-input":{"@type":"PropertyValueSpecification","valueRequired":true,"valueName":"search_term_string"}}],"inLanguage":"de"},{"@type":"Organization","@id":"https:\/\/fonsvinum.com\/en\/#organization","name":"Fons Vinum","url":"https:\/\/fonsvinum.com\/en\/","logo":{"@type":"ImageObject","inLanguage":"de","@id":"https:\/\/fonsvinum.com\/en\/#\/schema\/logo\/image\/","url":"","contentUrl":"","caption":"Fons Vinum"},"image":{"@id":"https:\/\/fonsvinum.com\/en\/#\/schema\/logo\/image\/"}}]}},"acf":[],"_links":{"self":[{"href":"https:\/\/fonsvinum.com\/de\/wp-json\/wp\/v2\/product\/25383","targetHints":{"allow":["GET"]}}],"collection":[{"href":"https:\/\/fonsvinum.com\/de\/wp-json\/wp\/v2\/product"}],"about":[{"href":"https:\/\/fonsvinum.com\/de\/wp-json\/wp\/v2\/types\/product"}],"replies":[{"embeddable":true,"href":"https:\/\/fonsvinum.com\/de\/wp-json\/wp\/v2\/comments?post=25383"}],"wp:featuredmedia":[{"embeddable":true,"href":"https:\/\/fonsvinum.com\/de\/wp-json\/wp\/v2\/media\/25391"}],"wp:attachment":[{"href":"https:\/\/fonsvinum.com\/de\/wp-json\/wp\/v2\/media?parent=25383"}],"wp:term":[{"taxonomy":"product_brand","embeddable":true,"href":"https:\/\/fonsvinum.com\/de\/wp-json\/wp\/v2\/product_brand?post=25383"},{"taxonomy":"product_cat","embeddable":true,"href":"https:\/\/fonsvinum.com\/de\/wp-json\/wp\/v2\/product_cat?post=25383"},{"taxonomy":"product_tag","embeddable":true,"href":"https:\/\/fonsvinum.com\/de\/wp-json\/wp\/v2\/product_tag?post=25383"}],"curies":[{"name":"wp","href":"https:\/\/api.w.org\/{rel}","templated":true}]}}