{"id":25363,"date":"2020-06-10T12:01:02","date_gmt":"2020-06-10T10:01:02","guid":{"rendered":"https:\/\/fonsvinum.com\/?post_type=product&#038;p=25363"},"modified":"2020-06-10T12:13:15","modified_gmt":"2020-06-10T10:13:15","slug":"tignanello-2017-marchesi-antinori-toscana-rosso-copia","status":"publish","type":"product","link":"https:\/\/fonsvinum.com\/de\/produkt\/tignanello-2017-marchesi-antinori-toscana-rosso-copia\/","title":{"rendered":"TIGNANELLO 2017 MARCHESI ANTINORI TOSCANA ROSSO"},"content":{"rendered":"<h1>TIGNANELLO 2017 MARCHESI ANTINORI TOSCANA ROSSO<\/h1>\n<h3>TIGNANELLO 2017 MARCHESI ANTINORI TOSCANA ROSSO<\/h3>\n<p>Der Weinberg Tignanello wird besonders sp\u00e4t gelesen, und ausschlie\u00dflich sorgf\u00e4ltig per Hand selektierte Trauben werden f\u00fcr diesen Wein verwendet.<\/p>\n<p>Der Tignanello ist intensiv fruchtig und komplex im Bouquet, im Geschmack zeigt er eine optimale Struktur, ist ausgewogen mit sanften Tanninen und einem angenehm langen Nachhall.<\/p>\n<p>Ein Name, den man nicht weiter vorstellen braucht. Ultrafein. Schwarzer Pfeffer, Nelke, etwas Amarenakirsche in der Nase. Am Gaumen bleibt der Wein kr\u00e4ftig strukturiert, ganz fein poliertes Tannin, mittelkr\u00e4ftiger K\u00f6rper, nie fett, trotzdem immer mollig und geschmeidig. Ein Wein, der auch von der reifen S\u00e4ure lebt, elegant bleibt und in seiner Komplexit\u00e4t einzigartig ist. Von au\u00dfergew\u00f6hnlichem Reifepotenzial gepr\u00e4gt!<\/p>\n","protected":false},"excerpt":{"rendered":"<p>TIGNANELLO 2017 MARCHESI ANTINORI TOSCANA ROSSO TIGNANELLO 2017 MARCHESI ANTINORI TOSCANA ROSSO Der Weinberg Tignanello wird besonders sp\u00e4t gelesen, und ausschlie\u00dflich sorgf\u00e4ltig per Hand selektierte Trauben werden f\u00fcr diesen Wein verwendet. Der Tignanello ist intensiv fruchtig und komplex im Bouquet, im Geschmack zeigt er eine optimale Struktur, ist ausgewogen mit sanften Tanninen und einem angenehm [&hellip;]<\/p>\n","protected":false},"featured_media":4189,"comment_status":"open","ping_status":"closed","template":"","meta":{"_acf_changed":false,"_monsterinsights_skip_tracking":false,"_monsterinsights_sitenote_active":false,"_monsterinsights_sitenote_note":"","_monsterinsights_sitenote_category":0},"product_brand":[],"product_cat":[1693,2332],"product_tag":[15959,1745,3583],"class_list":{"0":"post-25363","1":"product","2":"type-product","3":"status-publish","4":"has-post-thumbnail","6":"product_cat-blend-2-de","7":"product_cat-rotweine-de","8":"product_tag-vino-rosso-de","9":"product_tag-super-tuscan-de","10":"product_tag-vini-toscani-de","11":"pa_appellation-toscana-rosso-igt-de","12":"pa_formato-0-75-l-flasche-de","13":"pa_producer-marchesi-antinori-de","14":"pa_region-toskana-de","15":"pa_vine-85-sangiovese-10-cabernet-sauvignon-e-5-cabernet-franc-de","16":"pa_vintage-2017-de","18":"first","19":"instock","20":"taxable","21":"shipping-taxable","22":"purchasable","23":"product-type-simple"},"bundled_by":[],"bundle_stock_status":"instock","bundle_stock_quantity":1,"bundle_virtual":false,"bundle_layout":"","bundle_add_to_cart_form_location":"","bundle_editable_in_cart":false,"bundle_sold_individually_context":"","bundle_item_grouping":"","bundle_min_size":"","bundle_max_size":"","bundle_price":[],"bundled_items":[],"bundle_sell_ids":[],"yoast_head":"<!-- This site is optimized with the Yoast SEO plugin v27.2 - https:\/\/yoast.com\/product\/yoast-seo-wordpress\/ -->\n<title>TIGNANELLO 2017 MARCHESI ANTINORI TOSCANA ROSSO<\/title>\n<meta name=\"description\" content=\"Kaufen online TIGNANELLO 2017 MARCHESI ANTINORI TOSCANA ROSSO I Fonsvinum rare Weine online aus Piedmont,Toskana und Venetien ...\" \/>\n<meta name=\"robots\" content=\"index, follow, max-snippet:-1, max-image-preview:large, max-video-preview:-1\" \/>\n<link rel=\"canonical\" href=\"https:\/\/fonsvinum.com\/de\/produkt\/tignanello-2017-marchesi-antinori-toscana-rosso-copia\/\" \/>\n<meta property=\"og:locale\" content=\"de_DE\" \/>\n<meta property=\"og:type\" content=\"article\" \/>\n<meta property=\"og:title\" content=\"TIGNANELLO 2017 MARCHESI ANTINORI TOSCANA ROSSO\" \/>\n<meta property=\"og:description\" content=\"Kaufen online TIGNANELLO 2017 MARCHESI ANTINORI TOSCANA ROSSO I Fonsvinum rare Weine online aus Piedmont,Toskana und Venetien ...\" \/>\n<meta property=\"og:url\" content=\"https:\/\/fonsvinum.com\/de\/produkt\/tignanello-2017-marchesi-antinori-toscana-rosso-copia\/\" \/>\n<meta property=\"og:site_name\" content=\"Fons Vinum\" \/>\n<meta property=\"article:modified_time\" content=\"2020-06-10T10:13:15+00:00\" \/>\n<meta property=\"og:image\" content=\"https:\/\/fonsvinum.com\/files\/2013\/04\/tignanello-marchesi-antinori.png\" \/>\n\t<meta property=\"og:image:width\" content=\"202\" \/>\n\t<meta property=\"og:image:height\" content=\"630\" \/>\n\t<meta property=\"og:image:type\" content=\"image\/png\" \/>\n<meta name=\"twitter:label1\" content=\"Gesch\u00e4tzte Lesezeit\" \/>\n\t<meta name=\"twitter:data1\" content=\"1\u00a0Minute\" \/>\n<script type=\"application\/ld+json\" class=\"yoast-schema-graph\">{\"@context\":\"https:\/\/schema.org\",\"@graph\":[{\"@type\":\"WebPage\",\"@id\":\"https:\/\/fonsvinum.com\/de\/produkt\/tignanello-2017-marchesi-antinori-toscana-rosso-copia\/\",\"url\":\"https:\/\/fonsvinum.com\/de\/produkt\/tignanello-2017-marchesi-antinori-toscana-rosso-copia\/\",\"name\":\"TIGNANELLO 2017 MARCHESI ANTINORI TOSCANA ROSSO\",\"isPartOf\":{\"@id\":\"https:\/\/fonsvinum.com\/en\/#website\"},\"primaryImageOfPage\":{\"@id\":\"https:\/\/fonsvinum.com\/de\/produkt\/tignanello-2017-marchesi-antinori-toscana-rosso-copia\/#primaryimage\"},\"image\":{\"@id\":\"https:\/\/fonsvinum.com\/de\/produkt\/tignanello-2017-marchesi-antinori-toscana-rosso-copia\/#primaryimage\"},\"thumbnailUrl\":\"https:\/\/fonsvinum.com\/files\/2013\/04\/tignanello-marchesi-antinori.png\",\"datePublished\":\"2020-06-10T10:01:02+00:00\",\"dateModified\":\"2020-06-10T10:13:15+00:00\",\"description\":\"Kaufen online TIGNANELLO 2017 MARCHESI ANTINORI TOSCANA ROSSO I Fonsvinum rare Weine online aus Piedmont,Toskana und Venetien ...\",\"breadcrumb\":{\"@id\":\"https:\/\/fonsvinum.com\/de\/produkt\/tignanello-2017-marchesi-antinori-toscana-rosso-copia\/#breadcrumb\"},\"inLanguage\":\"de\",\"potentialAction\":[{\"@type\":\"ReadAction\",\"target\":[\"https:\/\/fonsvinum.com\/de\/produkt\/tignanello-2017-marchesi-antinori-toscana-rosso-copia\/\"]}]},{\"@type\":\"ImageObject\",\"inLanguage\":\"de\",\"@id\":\"https:\/\/fonsvinum.com\/de\/produkt\/tignanello-2017-marchesi-antinori-toscana-rosso-copia\/#primaryimage\",\"url\":\"https:\/\/fonsvinum.com\/files\/2013\/04\/tignanello-marchesi-antinori.png\",\"contentUrl\":\"https:\/\/fonsvinum.com\/files\/2013\/04\/tignanello-marchesi-antinori.png\",\"width\":202,\"height\":630},{\"@type\":\"BreadcrumbList\",\"@id\":\"https:\/\/fonsvinum.com\/de\/produkt\/tignanello-2017-marchesi-antinori-toscana-rosso-copia\/#breadcrumb\",\"itemListElement\":[{\"@type\":\"ListItem\",\"position\":1,\"name\":\"Startseite\",\"item\":\"https:\/\/fonsvinum.com\/de\/\"},{\"@type\":\"ListItem\",\"position\":2,\"name\":\"Shop\",\"item\":\"https:\/\/fonsvinum.com\/de\/shop\/\"},{\"@type\":\"ListItem\",\"position\":3,\"name\":\"TIGNANELLO 2017 MARCHESI ANTINORI TOSCANA ROSSO\"}]},{\"@type\":\"WebSite\",\"@id\":\"https:\/\/fonsvinum.com\/en\/#website\",\"url\":\"https:\/\/fonsvinum.com\/en\/\",\"name\":\"Fons Vinum\",\"description\":\"Vendita Vino Online\",\"publisher\":{\"@id\":\"https:\/\/fonsvinum.com\/en\/#organization\"},\"potentialAction\":[{\"@type\":\"SearchAction\",\"target\":{\"@type\":\"EntryPoint\",\"urlTemplate\":\"https:\/\/fonsvinum.com\/en\/?s={search_term_string}\"},\"query-input\":{\"@type\":\"PropertyValueSpecification\",\"valueRequired\":true,\"valueName\":\"search_term_string\"}}],\"inLanguage\":\"de\"},{\"@type\":\"Organization\",\"@id\":\"https:\/\/fonsvinum.com\/en\/#organization\",\"name\":\"Fons Vinum\",\"url\":\"https:\/\/fonsvinum.com\/en\/\",\"logo\":{\"@type\":\"ImageObject\",\"inLanguage\":\"de\",\"@id\":\"https:\/\/fonsvinum.com\/en\/#\/schema\/logo\/image\/\",\"url\":\"\",\"contentUrl\":\"\",\"caption\":\"Fons Vinum\"},\"image\":{\"@id\":\"https:\/\/fonsvinum.com\/en\/#\/schema\/logo\/image\/\"}}]}<\/script>\n<!-- \/ Yoast SEO plugin. -->","yoast_head_json":{"title":"TIGNANELLO 2017 MARCHESI ANTINORI TOSCANA ROSSO","description":"Kaufen online TIGNANELLO 2017 MARCHESI ANTINORI TOSCANA ROSSO I Fonsvinum rare Weine online aus Piedmont,Toskana und Venetien ...","robots":{"index":"index","follow":"follow","max-snippet":"max-snippet:-1","max-image-preview":"max-image-preview:large","max-video-preview":"max-video-preview:-1"},"canonical":"https:\/\/fonsvinum.com\/de\/produkt\/tignanello-2017-marchesi-antinori-toscana-rosso-copia\/","og_locale":"de_DE","og_type":"article","og_title":"TIGNANELLO 2017 MARCHESI ANTINORI TOSCANA ROSSO","og_description":"Kaufen online TIGNANELLO 2017 MARCHESI ANTINORI TOSCANA ROSSO I Fonsvinum rare Weine online aus Piedmont,Toskana und Venetien ...","og_url":"https:\/\/fonsvinum.com\/de\/produkt\/tignanello-2017-marchesi-antinori-toscana-rosso-copia\/","og_site_name":"Fons Vinum","article_modified_time":"2020-06-10T10:13:15+00:00","og_image":[{"width":202,"height":630,"url":"https:\/\/fonsvinum.com\/files\/2013\/04\/tignanello-marchesi-antinori.png","type":"image\/png"}],"twitter_misc":{"Gesch\u00e4tzte Lesezeit":"1\u00a0Minute"},"schema":{"@context":"https:\/\/schema.org","@graph":[{"@type":"WebPage","@id":"https:\/\/fonsvinum.com\/de\/produkt\/tignanello-2017-marchesi-antinori-toscana-rosso-copia\/","url":"https:\/\/fonsvinum.com\/de\/produkt\/tignanello-2017-marchesi-antinori-toscana-rosso-copia\/","name":"TIGNANELLO 2017 MARCHESI ANTINORI TOSCANA ROSSO","isPartOf":{"@id":"https:\/\/fonsvinum.com\/en\/#website"},"primaryImageOfPage":{"@id":"https:\/\/fonsvinum.com\/de\/produkt\/tignanello-2017-marchesi-antinori-toscana-rosso-copia\/#primaryimage"},"image":{"@id":"https:\/\/fonsvinum.com\/de\/produkt\/tignanello-2017-marchesi-antinori-toscana-rosso-copia\/#primaryimage"},"thumbnailUrl":"https:\/\/fonsvinum.com\/files\/2013\/04\/tignanello-marchesi-antinori.png","datePublished":"2020-06-10T10:01:02+00:00","dateModified":"2020-06-10T10:13:15+00:00","description":"Kaufen online TIGNANELLO 2017 MARCHESI ANTINORI TOSCANA ROSSO I Fonsvinum rare Weine online aus Piedmont,Toskana und Venetien ...","breadcrumb":{"@id":"https:\/\/fonsvinum.com\/de\/produkt\/tignanello-2017-marchesi-antinori-toscana-rosso-copia\/#breadcrumb"},"inLanguage":"de","potentialAction":[{"@type":"ReadAction","target":["https:\/\/fonsvinum.com\/de\/produkt\/tignanello-2017-marchesi-antinori-toscana-rosso-copia\/"]}]},{"@type":"ImageObject","inLanguage":"de","@id":"https:\/\/fonsvinum.com\/de\/produkt\/tignanello-2017-marchesi-antinori-toscana-rosso-copia\/#primaryimage","url":"https:\/\/fonsvinum.com\/files\/2013\/04\/tignanello-marchesi-antinori.png","contentUrl":"https:\/\/fonsvinum.com\/files\/2013\/04\/tignanello-marchesi-antinori.png","width":202,"height":630},{"@type":"BreadcrumbList","@id":"https:\/\/fonsvinum.com\/de\/produkt\/tignanello-2017-marchesi-antinori-toscana-rosso-copia\/#breadcrumb","itemListElement":[{"@type":"ListItem","position":1,"name":"Startseite","item":"https:\/\/fonsvinum.com\/de\/"},{"@type":"ListItem","position":2,"name":"Shop","item":"https:\/\/fonsvinum.com\/de\/shop\/"},{"@type":"ListItem","position":3,"name":"TIGNANELLO 2017 MARCHESI ANTINORI TOSCANA ROSSO"}]},{"@type":"WebSite","@id":"https:\/\/fonsvinum.com\/en\/#website","url":"https:\/\/fonsvinum.com\/en\/","name":"Fons Vinum","description":"Vendita Vino Online","publisher":{"@id":"https:\/\/fonsvinum.com\/en\/#organization"},"potentialAction":[{"@type":"SearchAction","target":{"@type":"EntryPoint","urlTemplate":"https:\/\/fonsvinum.com\/en\/?s={search_term_string}"},"query-input":{"@type":"PropertyValueSpecification","valueRequired":true,"valueName":"search_term_string"}}],"inLanguage":"de"},{"@type":"Organization","@id":"https:\/\/fonsvinum.com\/en\/#organization","name":"Fons Vinum","url":"https:\/\/fonsvinum.com\/en\/","logo":{"@type":"ImageObject","inLanguage":"de","@id":"https:\/\/fonsvinum.com\/en\/#\/schema\/logo\/image\/","url":"","contentUrl":"","caption":"Fons Vinum"},"image":{"@id":"https:\/\/fonsvinum.com\/en\/#\/schema\/logo\/image\/"}}]}},"acf":[],"_links":{"self":[{"href":"https:\/\/fonsvinum.com\/de\/wp-json\/wp\/v2\/product\/25363","targetHints":{"allow":["GET"]}}],"collection":[{"href":"https:\/\/fonsvinum.com\/de\/wp-json\/wp\/v2\/product"}],"about":[{"href":"https:\/\/fonsvinum.com\/de\/wp-json\/wp\/v2\/types\/product"}],"replies":[{"embeddable":true,"href":"https:\/\/fonsvinum.com\/de\/wp-json\/wp\/v2\/comments?post=25363"}],"wp:featuredmedia":[{"embeddable":true,"href":"https:\/\/fonsvinum.com\/de\/wp-json\/wp\/v2\/media\/4189"}],"wp:attachment":[{"href":"https:\/\/fonsvinum.com\/de\/wp-json\/wp\/v2\/media?parent=25363"}],"wp:term":[{"taxonomy":"product_brand","embeddable":true,"href":"https:\/\/fonsvinum.com\/de\/wp-json\/wp\/v2\/product_brand?post=25363"},{"taxonomy":"product_cat","embeddable":true,"href":"https:\/\/fonsvinum.com\/de\/wp-json\/wp\/v2\/product_cat?post=25363"},{"taxonomy":"product_tag","embeddable":true,"href":"https:\/\/fonsvinum.com\/de\/wp-json\/wp\/v2\/product_tag?post=25363"}],"curies":[{"name":"wp","href":"https:\/\/api.w.org\/{rel}","templated":true}]}}