{"id":25203,"date":"2020-06-01T11:11:05","date_gmt":"2020-06-01T09:11:05","guid":{"rendered":"https:\/\/fonsvinum.com\/?post_type=product&#038;p=25203"},"modified":"2020-06-01T11:42:34","modified_gmt":"2020-06-01T09:42:34","slug":"le-volte-tenute-dellornellaia-2018","status":"publish","type":"product","link":"https:\/\/fonsvinum.com\/de\/produkt\/le-volte-tenute-dellornellaia-2018\/","title":{"rendered":"Le Volte TENUTE DELL&#8217;ORNELLAIA 2018"},"content":{"rendered":"<h1>Le Volte <a title=\"lE VOLTE\" href=\"http:\/\/www.ornellaia.com\/\" target=\"_blank\" rel=\"noopener noreferrer\">TENUTE DELL&#8217;ORNELLAIA<\/a> 2018<\/h1>\n<p>Die Ausdruckskraft des Le Volte dell\u2019Ornellaia profitiert von dem besonderen gleichm\u00e4\u00dfigen Klima, das auf dem Weinbaugebiet herrscht. Mediterrane St\u00e4rke vereint sich mit einer komplexen Struktur<\/p>\n<p>Der Wein ist farbintensiv, das Bukett bringt fruchtige und w\u00fcrzige Elemente zum Vorschein. Am Gaumen mischensich seidige Tannine mit einer frischen S\u00e4ure.<\/p>\n<p>Le Volte dell\u2019Ornellaia kombiniert die mediterrane Ausdruckskraft von opulenter, gro\u00dfz\u00fcgiger F\u00fclle mit Struktur und Komplexit\u00e4t. Der zug\u00e4ngliche Stil von Le Volte dell\u2019Ornellaia, ein Blend aus Merlot, Sangiovese und Cabernet Sauvignon, spiegelt die Philosophie und das Savoir-Faire von Ornellaia wider.<\/p>\n","protected":false},"excerpt":{"rendered":"<p>Le Volte TENUTE DELL&#8217;ORNELLAIA 2018 Die Ausdruckskraft des Le Volte dell\u2019Ornellaia profitiert von dem besonderen gleichm\u00e4\u00dfigen Klima, das auf dem Weinbaugebiet herrscht. Mediterrane St\u00e4rke vereint sich mit einer komplexen Struktur Der Wein ist farbintensiv, das Bukett bringt fruchtige und w\u00fcrzige Elemente zum Vorschein. Am Gaumen mischensich seidige Tannine mit einer frischen S\u00e4ure. Le Volte dell\u2019Ornellaia [&hellip;]<\/p>\n","protected":false},"featured_media":25211,"comment_status":"open","ping_status":"closed","template":"","meta":{"_acf_changed":false,"_monsterinsights_skip_tracking":false,"_monsterinsights_sitenote_active":false,"_monsterinsights_sitenote_note":"","_monsterinsights_sitenote_category":0},"product_brand":[],"product_cat":[1693],"product_tag":[3583],"class_list":{"0":"post-25203","1":"product","2":"type-product","3":"status-publish","4":"has-post-thumbnail","6":"product_cat-blend-2-de","7":"product_tag-vini-toscani-de","8":"pa_appellation-toscana-rosso-igt-de","9":"pa_formato-0-75-l-flasche-de","10":"pa_producer-tenuta-dellornellaia-de","11":"pa_region-toskana-de","12":"pa_vine-70-merlot-15-sangiovese-15-cabernet-sauvignon-de","13":"pa_vintage-2018-de","15":"first","16":"instock","17":"taxable","18":"shipping-taxable","19":"purchasable","20":"product-type-simple"},"bundled_by":[],"bundle_stock_status":"instock","bundle_stock_quantity":3,"bundle_virtual":false,"bundle_layout":"","bundle_add_to_cart_form_location":"","bundle_editable_in_cart":false,"bundle_sold_individually_context":"","bundle_item_grouping":"","bundle_min_size":"","bundle_max_size":"","bundle_price":[],"bundled_items":[],"bundle_sell_ids":[],"yoast_head":"<!-- This site is optimized with the Yoast SEO plugin v27.2 - https:\/\/yoast.com\/product\/yoast-seo-wordpress\/ -->\n<title>Le Volte TENUTE DELL&#039;ORNELLAIA 2018 Vino rosso IGT<\/title>\n<meta name=\"description\" content=\"Le Volte TENUTE DELL&#039;ORNELLAIA 2018 Die Ausdruckskraft des Le Volte dell\u2019Ornellaia profitiert von dem besonderen gleichm\u00e4\u00dfigen Klima\" \/>\n<meta name=\"robots\" content=\"index, follow, max-snippet:-1, max-image-preview:large, max-video-preview:-1\" \/>\n<link rel=\"canonical\" href=\"https:\/\/fonsvinum.com\/de\/produkt\/le-volte-tenute-dellornellaia-2018\/\" \/>\n<meta property=\"og:locale\" content=\"de_DE\" \/>\n<meta property=\"og:type\" content=\"article\" \/>\n<meta property=\"og:title\" content=\"Le Volte TENUTE DELL&#039;ORNELLAIA 2018 Vino rosso IGT\" \/>\n<meta property=\"og:description\" content=\"Le Volte TENUTE DELL&#039;ORNELLAIA 2018 Die Ausdruckskraft des Le Volte dell\u2019Ornellaia profitiert von dem besonderen gleichm\u00e4\u00dfigen Klima\" \/>\n<meta property=\"og:url\" content=\"https:\/\/fonsvinum.com\/de\/produkt\/le-volte-tenute-dellornellaia-2018\/\" \/>\n<meta property=\"og:site_name\" content=\"Fons Vinum\" \/>\n<meta property=\"article:modified_time\" content=\"2020-06-01T09:42:34+00:00\" \/>\n<meta property=\"og:image\" content=\"https:\/\/fonsvinum.com\/files\/2020\/06\/le-volte-ornellaia.jpg\" \/>\n\t<meta property=\"og:image:width\" content=\"200\" \/>\n\t<meta property=\"og:image:height\" content=\"600\" \/>\n\t<meta property=\"og:image:type\" content=\"image\/jpeg\" \/>\n<meta name=\"twitter:label1\" content=\"Gesch\u00e4tzte Lesezeit\" \/>\n\t<meta name=\"twitter:data1\" content=\"1\u00a0Minute\" \/>\n<script type=\"application\/ld+json\" class=\"yoast-schema-graph\">{\"@context\":\"https:\/\/schema.org\",\"@graph\":[{\"@type\":\"WebPage\",\"@id\":\"https:\/\/fonsvinum.com\/de\/produkt\/le-volte-tenute-dellornellaia-2018\/\",\"url\":\"https:\/\/fonsvinum.com\/de\/produkt\/le-volte-tenute-dellornellaia-2018\/\",\"name\":\"Le Volte TENUTE DELL'ORNELLAIA 2018 Vino rosso IGT\",\"isPartOf\":{\"@id\":\"https:\/\/fonsvinum.com\/en\/#website\"},\"primaryImageOfPage\":{\"@id\":\"https:\/\/fonsvinum.com\/de\/produkt\/le-volte-tenute-dellornellaia-2018\/#primaryimage\"},\"image\":{\"@id\":\"https:\/\/fonsvinum.com\/de\/produkt\/le-volte-tenute-dellornellaia-2018\/#primaryimage\"},\"thumbnailUrl\":\"https:\/\/fonsvinum.com\/files\/2020\/06\/le-volte-ornellaia.jpg\",\"datePublished\":\"2020-06-01T09:11:05+00:00\",\"dateModified\":\"2020-06-01T09:42:34+00:00\",\"description\":\"Le Volte TENUTE DELL'ORNELLAIA 2018 Die Ausdruckskraft des Le Volte dell\u2019Ornellaia profitiert von dem besonderen gleichm\u00e4\u00dfigen Klima\",\"breadcrumb\":{\"@id\":\"https:\/\/fonsvinum.com\/de\/produkt\/le-volte-tenute-dellornellaia-2018\/#breadcrumb\"},\"inLanguage\":\"de\",\"potentialAction\":[{\"@type\":\"ReadAction\",\"target\":[\"https:\/\/fonsvinum.com\/de\/produkt\/le-volte-tenute-dellornellaia-2018\/\"]}]},{\"@type\":\"ImageObject\",\"inLanguage\":\"de\",\"@id\":\"https:\/\/fonsvinum.com\/de\/produkt\/le-volte-tenute-dellornellaia-2018\/#primaryimage\",\"url\":\"https:\/\/fonsvinum.com\/files\/2020\/06\/le-volte-ornellaia.jpg\",\"contentUrl\":\"https:\/\/fonsvinum.com\/files\/2020\/06\/le-volte-ornellaia.jpg\",\"width\":200,\"height\":600},{\"@type\":\"BreadcrumbList\",\"@id\":\"https:\/\/fonsvinum.com\/de\/produkt\/le-volte-tenute-dellornellaia-2018\/#breadcrumb\",\"itemListElement\":[{\"@type\":\"ListItem\",\"position\":1,\"name\":\"Startseite\",\"item\":\"https:\/\/fonsvinum.com\/de\/\"},{\"@type\":\"ListItem\",\"position\":2,\"name\":\"Shop\",\"item\":\"https:\/\/fonsvinum.com\/de\/shop\/\"},{\"@type\":\"ListItem\",\"position\":3,\"name\":\"Le Volte TENUTE DELL&#8217;ORNELLAIA 2018\"}]},{\"@type\":\"WebSite\",\"@id\":\"https:\/\/fonsvinum.com\/en\/#website\",\"url\":\"https:\/\/fonsvinum.com\/en\/\",\"name\":\"Fons Vinum\",\"description\":\"Vendita Vino Online\",\"publisher\":{\"@id\":\"https:\/\/fonsvinum.com\/en\/#organization\"},\"potentialAction\":[{\"@type\":\"SearchAction\",\"target\":{\"@type\":\"EntryPoint\",\"urlTemplate\":\"https:\/\/fonsvinum.com\/en\/?s={search_term_string}\"},\"query-input\":{\"@type\":\"PropertyValueSpecification\",\"valueRequired\":true,\"valueName\":\"search_term_string\"}}],\"inLanguage\":\"de\"},{\"@type\":\"Organization\",\"@id\":\"https:\/\/fonsvinum.com\/en\/#organization\",\"name\":\"Fons Vinum\",\"url\":\"https:\/\/fonsvinum.com\/en\/\",\"logo\":{\"@type\":\"ImageObject\",\"inLanguage\":\"de\",\"@id\":\"https:\/\/fonsvinum.com\/en\/#\/schema\/logo\/image\/\",\"url\":\"\",\"contentUrl\":\"\",\"caption\":\"Fons Vinum\"},\"image\":{\"@id\":\"https:\/\/fonsvinum.com\/en\/#\/schema\/logo\/image\/\"}}]}<\/script>\n<!-- \/ Yoast SEO plugin. -->","yoast_head_json":{"title":"Le Volte TENUTE DELL'ORNELLAIA 2018 Vino rosso IGT","description":"Le Volte TENUTE DELL'ORNELLAIA 2018 Die Ausdruckskraft des Le Volte dell\u2019Ornellaia profitiert von dem besonderen gleichm\u00e4\u00dfigen Klima","robots":{"index":"index","follow":"follow","max-snippet":"max-snippet:-1","max-image-preview":"max-image-preview:large","max-video-preview":"max-video-preview:-1"},"canonical":"https:\/\/fonsvinum.com\/de\/produkt\/le-volte-tenute-dellornellaia-2018\/","og_locale":"de_DE","og_type":"article","og_title":"Le Volte TENUTE DELL'ORNELLAIA 2018 Vino rosso IGT","og_description":"Le Volte TENUTE DELL'ORNELLAIA 2018 Die Ausdruckskraft des Le Volte dell\u2019Ornellaia profitiert von dem besonderen gleichm\u00e4\u00dfigen Klima","og_url":"https:\/\/fonsvinum.com\/de\/produkt\/le-volte-tenute-dellornellaia-2018\/","og_site_name":"Fons Vinum","article_modified_time":"2020-06-01T09:42:34+00:00","og_image":[{"width":200,"height":600,"url":"https:\/\/fonsvinum.com\/files\/2020\/06\/le-volte-ornellaia.jpg","type":"image\/jpeg"}],"twitter_misc":{"Gesch\u00e4tzte Lesezeit":"1\u00a0Minute"},"schema":{"@context":"https:\/\/schema.org","@graph":[{"@type":"WebPage","@id":"https:\/\/fonsvinum.com\/de\/produkt\/le-volte-tenute-dellornellaia-2018\/","url":"https:\/\/fonsvinum.com\/de\/produkt\/le-volte-tenute-dellornellaia-2018\/","name":"Le Volte TENUTE DELL'ORNELLAIA 2018 Vino rosso IGT","isPartOf":{"@id":"https:\/\/fonsvinum.com\/en\/#website"},"primaryImageOfPage":{"@id":"https:\/\/fonsvinum.com\/de\/produkt\/le-volte-tenute-dellornellaia-2018\/#primaryimage"},"image":{"@id":"https:\/\/fonsvinum.com\/de\/produkt\/le-volte-tenute-dellornellaia-2018\/#primaryimage"},"thumbnailUrl":"https:\/\/fonsvinum.com\/files\/2020\/06\/le-volte-ornellaia.jpg","datePublished":"2020-06-01T09:11:05+00:00","dateModified":"2020-06-01T09:42:34+00:00","description":"Le Volte TENUTE DELL'ORNELLAIA 2018 Die Ausdruckskraft des Le Volte dell\u2019Ornellaia profitiert von dem besonderen gleichm\u00e4\u00dfigen Klima","breadcrumb":{"@id":"https:\/\/fonsvinum.com\/de\/produkt\/le-volte-tenute-dellornellaia-2018\/#breadcrumb"},"inLanguage":"de","potentialAction":[{"@type":"ReadAction","target":["https:\/\/fonsvinum.com\/de\/produkt\/le-volte-tenute-dellornellaia-2018\/"]}]},{"@type":"ImageObject","inLanguage":"de","@id":"https:\/\/fonsvinum.com\/de\/produkt\/le-volte-tenute-dellornellaia-2018\/#primaryimage","url":"https:\/\/fonsvinum.com\/files\/2020\/06\/le-volte-ornellaia.jpg","contentUrl":"https:\/\/fonsvinum.com\/files\/2020\/06\/le-volte-ornellaia.jpg","width":200,"height":600},{"@type":"BreadcrumbList","@id":"https:\/\/fonsvinum.com\/de\/produkt\/le-volte-tenute-dellornellaia-2018\/#breadcrumb","itemListElement":[{"@type":"ListItem","position":1,"name":"Startseite","item":"https:\/\/fonsvinum.com\/de\/"},{"@type":"ListItem","position":2,"name":"Shop","item":"https:\/\/fonsvinum.com\/de\/shop\/"},{"@type":"ListItem","position":3,"name":"Le Volte TENUTE DELL&#8217;ORNELLAIA 2018"}]},{"@type":"WebSite","@id":"https:\/\/fonsvinum.com\/en\/#website","url":"https:\/\/fonsvinum.com\/en\/","name":"Fons Vinum","description":"Vendita Vino Online","publisher":{"@id":"https:\/\/fonsvinum.com\/en\/#organization"},"potentialAction":[{"@type":"SearchAction","target":{"@type":"EntryPoint","urlTemplate":"https:\/\/fonsvinum.com\/en\/?s={search_term_string}"},"query-input":{"@type":"PropertyValueSpecification","valueRequired":true,"valueName":"search_term_string"}}],"inLanguage":"de"},{"@type":"Organization","@id":"https:\/\/fonsvinum.com\/en\/#organization","name":"Fons Vinum","url":"https:\/\/fonsvinum.com\/en\/","logo":{"@type":"ImageObject","inLanguage":"de","@id":"https:\/\/fonsvinum.com\/en\/#\/schema\/logo\/image\/","url":"","contentUrl":"","caption":"Fons Vinum"},"image":{"@id":"https:\/\/fonsvinum.com\/en\/#\/schema\/logo\/image\/"}}]}},"acf":[],"_links":{"self":[{"href":"https:\/\/fonsvinum.com\/de\/wp-json\/wp\/v2\/product\/25203","targetHints":{"allow":["GET"]}}],"collection":[{"href":"https:\/\/fonsvinum.com\/de\/wp-json\/wp\/v2\/product"}],"about":[{"href":"https:\/\/fonsvinum.com\/de\/wp-json\/wp\/v2\/types\/product"}],"replies":[{"embeddable":true,"href":"https:\/\/fonsvinum.com\/de\/wp-json\/wp\/v2\/comments?post=25203"}],"wp:featuredmedia":[{"embeddable":true,"href":"https:\/\/fonsvinum.com\/de\/wp-json\/wp\/v2\/media\/25211"}],"wp:attachment":[{"href":"https:\/\/fonsvinum.com\/de\/wp-json\/wp\/v2\/media?parent=25203"}],"wp:term":[{"taxonomy":"product_brand","embeddable":true,"href":"https:\/\/fonsvinum.com\/de\/wp-json\/wp\/v2\/product_brand?post=25203"},{"taxonomy":"product_cat","embeddable":true,"href":"https:\/\/fonsvinum.com\/de\/wp-json\/wp\/v2\/product_cat?post=25203"},{"taxonomy":"product_tag","embeddable":true,"href":"https:\/\/fonsvinum.com\/de\/wp-json\/wp\/v2\/product_tag?post=25203"}],"curies":[{"name":"wp","href":"https:\/\/api.w.org\/{rel}","templated":true}]}}