{"id":25185,"date":"2020-05-29T11:48:11","date_gmt":"2020-05-29T09:48:11","guid":{"rendered":"https:\/\/fonsvinum.com\/?post_type=product&#038;p=25185"},"modified":"2020-05-29T12:13:09","modified_gmt":"2020-05-29T10:13:09","slug":"ornellaia-2017","status":"publish","type":"product","link":"https:\/\/fonsvinum.com\/de\/produkt\/ornellaia-2017\/","title":{"rendered":"ORNELLAIA 2017"},"content":{"rendered":"<h1><a href=\"http:\/\/www.ornellaia.com\/de\/\">ORNELLAIA<\/a> 2017<\/h1>\n<div data-wrapper=\"true\">\n<div class=\"uk-accordion-content\">\n<div class=\"scheda-container\">\n<div class=\"scheda-container-descr-cnt\">\n<p>Der Wunsch, die au\u00dfergew\u00f6hnliche Qualit\u00e4t des Weinguts zu f\u00f6rdern, pr\u00e4gt seit Beginn die Ornellaia-Philosophie. Ornellaia ist eine Cuv\u00e9e aus Cabernet Sauvignon, Merlot, Cabernet Franc sowie Petit Verdot und der authentische Ausdruck eines einzigartigen Terroirs, das im Einklang mit der Natur entwickelt wurde.<\/p>\n<\/div>\n<\/div>\n<div class=\"post-content-container uk-hidden-small\">\n<div class=\"uk-accordion\">\n<h3 class=\"uk-accordion-title uk-active\">WINEMAKER\u2019S TASTING NOTES 2017<\/h3>\n<div data-wrapper=\"true\">\n<div class=\"uk-accordion-content\">\n<p>\u201eOrnellaia 2017 interpretiert das besonders warme und sonnige Jahr meisterhaft. Die intensive und dunkle Farbe k\u00fcndigt einen Wein von sch\u00f6ner Konzentration an. In der Nase reich und komplex, setzt er Aromen von reifen Beerenfr\u00fcchten frei, begleitet von Noten von s\u00fc\u00dfem Tabak und Vanille. Am Gaumen offenbart sich ein Ornellaia von gro\u00dfer Ausgewogenheit, eine Kombination aus Best\u00e4ndigkeit und angenehmer Frische.\u201c<\/p>\n<p>Olga Fusari \u2013 Weinmacher \u2013 Juli 2019<\/p>\n<h3 class=\"uk-accordion-title uk-active\">BEWERTUNGEN &#8211; 2017<\/h3>\n<div data-wrapper=\"true\">\n<div class=\"uk-accordion-content\">\n<p>James Suckling\u00a0<span class=\"gold\">95-96<\/span><\/p>\n<p>Antonio Galloni\u00a0<span class=\"gold\">97<\/span><\/p>\n<\/div>\n<\/div>\n<\/div>\n<\/div>\n<\/div>\n<\/div>\n<\/div>\n<\/div>\n","protected":false},"excerpt":{"rendered":"<p>ORNELLAIA 2017 Der Wunsch, die au\u00dfergew\u00f6hnliche Qualit\u00e4t des Weinguts zu f\u00f6rdern, pr\u00e4gt seit Beginn die Ornellaia-Philosophie. Ornellaia ist eine Cuv\u00e9e aus Cabernet Sauvignon, Merlot, Cabernet Franc sowie Petit Verdot und der authentische Ausdruck eines einzigartigen Terroirs, das im Einklang mit der Natur entwickelt wurde. WINEMAKER\u2019S TASTING NOTES 2017 \u201eOrnellaia 2017 interpretiert das besonders warme und [&hellip;]<\/p>\n","protected":false},"featured_media":4302,"comment_status":"open","ping_status":"closed","template":"","meta":{"_acf_changed":false,"_monsterinsights_skip_tracking":false,"_monsterinsights_sitenote_active":false,"_monsterinsights_sitenote_note":"","_monsterinsights_sitenote_category":0},"product_brand":[],"product_cat":[2162],"product_tag":[1733,1751],"class_list":{"0":"post-25185","1":"product","2":"type-product","3":"status-publish","4":"has-post-thumbnail","6":"product_cat-blend","7":"product_tag-aussergewoehnliche-weine-de","8":"product_tag-aussergewoehnliche-weine-aus-italien-de","9":"pa_appellation-bolgheri-superiore-doc-de","10":"pa_formato-0-75-l-flasche-de","11":"pa_producer-tenuta-dellornellaia-de","12":"pa_region-toskana-de","13":"pa_vine-56-cabernet-sauvignon-25-merlot-10-petit-verdot-9-cabernet-franc-de","14":"pa_vintage-2017-de","16":"first","17":"instock","18":"sale","19":"taxable","20":"shipping-taxable","21":"purchasable","22":"product-type-simple"},"bundled_by":[],"bundle_stock_status":"instock","bundle_stock_quantity":1,"bundle_virtual":false,"bundle_layout":"","bundle_add_to_cart_form_location":"","bundle_editable_in_cart":false,"bundle_sold_individually_context":"","bundle_item_grouping":"","bundle_min_size":"","bundle_max_size":"","bundle_price":[],"bundled_items":[],"bundle_sell_ids":[],"yoast_head":"<!-- This site is optimized with the Yoast SEO plugin v27.2 - https:\/\/yoast.com\/product\/yoast-seo-wordpress\/ -->\n<title>ORNELLAIA 2017 I FONSVINUM RARE WEINE ONLINE<\/title>\n<meta name=\"description\" content=\"ORNELLAIA 2017 I Fonsvinum rare Weine online aus Piedmont, Toskana und Venetien 56% CABERNET SAUVIGNON25% MERLOT10% PETIT VERDOT9% CABERNET FRANC\" \/>\n<meta name=\"robots\" content=\"index, follow, max-snippet:-1, max-image-preview:large, max-video-preview:-1\" \/>\n<link rel=\"canonical\" href=\"https:\/\/fonsvinum.com\/de\/produkt\/ornellaia-2017\/\" \/>\n<meta property=\"og:locale\" content=\"de_DE\" \/>\n<meta property=\"og:type\" content=\"article\" \/>\n<meta property=\"og:title\" content=\"ORNELLAIA 2017 I FONSVINUM RARE WEINE ONLINE\" \/>\n<meta property=\"og:description\" content=\"ORNELLAIA 2017 I Fonsvinum rare Weine online aus Piedmont, Toskana und Venetien 56% CABERNET SAUVIGNON25% MERLOT10% PETIT VERDOT9% CABERNET FRANC\" \/>\n<meta property=\"og:url\" content=\"https:\/\/fonsvinum.com\/de\/produkt\/ornellaia-2017\/\" \/>\n<meta property=\"og:site_name\" content=\"Fons Vinum\" \/>\n<meta property=\"article:modified_time\" content=\"2020-05-29T10:13:09+00:00\" \/>\n<meta property=\"og:image\" content=\"https:\/\/fonsvinum.com\/files\/2013\/04\/ornellaia-bolgheri-superiore1.png\" \/>\n\t<meta property=\"og:image:width\" content=\"200\" \/>\n\t<meta property=\"og:image:height\" content=\"600\" \/>\n\t<meta property=\"og:image:type\" content=\"image\/png\" \/>\n<meta name=\"twitter:label1\" content=\"Gesch\u00e4tzte Lesezeit\" \/>\n\t<meta name=\"twitter:data1\" content=\"1\u00a0Minute\" \/>\n<script type=\"application\/ld+json\" class=\"yoast-schema-graph\">{\"@context\":\"https:\/\/schema.org\",\"@graph\":[{\"@type\":\"WebPage\",\"@id\":\"https:\/\/fonsvinum.com\/de\/produkt\/ornellaia-2017\/\",\"url\":\"https:\/\/fonsvinum.com\/de\/produkt\/ornellaia-2017\/\",\"name\":\"ORNELLAIA 2017 I FONSVINUM RARE WEINE ONLINE\",\"isPartOf\":{\"@id\":\"https:\/\/fonsvinum.com\/en\/#website\"},\"primaryImageOfPage\":{\"@id\":\"https:\/\/fonsvinum.com\/de\/produkt\/ornellaia-2017\/#primaryimage\"},\"image\":{\"@id\":\"https:\/\/fonsvinum.com\/de\/produkt\/ornellaia-2017\/#primaryimage\"},\"thumbnailUrl\":\"https:\/\/fonsvinum.com\/files\/2013\/04\/ornellaia-bolgheri-superiore1.png\",\"datePublished\":\"2020-05-29T09:48:11+00:00\",\"dateModified\":\"2020-05-29T10:13:09+00:00\",\"description\":\"ORNELLAIA 2017 I Fonsvinum rare Weine online aus Piedmont, Toskana und Venetien 56% CABERNET SAUVIGNON25% MERLOT10% PETIT VERDOT9% CABERNET FRANC\",\"breadcrumb\":{\"@id\":\"https:\/\/fonsvinum.com\/de\/produkt\/ornellaia-2017\/#breadcrumb\"},\"inLanguage\":\"de\",\"potentialAction\":[{\"@type\":\"ReadAction\",\"target\":[\"https:\/\/fonsvinum.com\/de\/produkt\/ornellaia-2017\/\"]}]},{\"@type\":\"ImageObject\",\"inLanguage\":\"de\",\"@id\":\"https:\/\/fonsvinum.com\/de\/produkt\/ornellaia-2017\/#primaryimage\",\"url\":\"https:\/\/fonsvinum.com\/files\/2013\/04\/ornellaia-bolgheri-superiore1.png\",\"contentUrl\":\"https:\/\/fonsvinum.com\/files\/2013\/04\/ornellaia-bolgheri-superiore1.png\",\"width\":200,\"height\":600},{\"@type\":\"BreadcrumbList\",\"@id\":\"https:\/\/fonsvinum.com\/de\/produkt\/ornellaia-2017\/#breadcrumb\",\"itemListElement\":[{\"@type\":\"ListItem\",\"position\":1,\"name\":\"Startseite\",\"item\":\"https:\/\/fonsvinum.com\/de\/\"},{\"@type\":\"ListItem\",\"position\":2,\"name\":\"Shop\",\"item\":\"https:\/\/fonsvinum.com\/de\/shop\/\"},{\"@type\":\"ListItem\",\"position\":3,\"name\":\"ORNELLAIA 2017\"}]},{\"@type\":\"WebSite\",\"@id\":\"https:\/\/fonsvinum.com\/en\/#website\",\"url\":\"https:\/\/fonsvinum.com\/en\/\",\"name\":\"Fons Vinum\",\"description\":\"Vendita Vino Online\",\"publisher\":{\"@id\":\"https:\/\/fonsvinum.com\/en\/#organization\"},\"potentialAction\":[{\"@type\":\"SearchAction\",\"target\":{\"@type\":\"EntryPoint\",\"urlTemplate\":\"https:\/\/fonsvinum.com\/en\/?s={search_term_string}\"},\"query-input\":{\"@type\":\"PropertyValueSpecification\",\"valueRequired\":true,\"valueName\":\"search_term_string\"}}],\"inLanguage\":\"de\"},{\"@type\":\"Organization\",\"@id\":\"https:\/\/fonsvinum.com\/en\/#organization\",\"name\":\"Fons Vinum\",\"url\":\"https:\/\/fonsvinum.com\/en\/\",\"logo\":{\"@type\":\"ImageObject\",\"inLanguage\":\"de\",\"@id\":\"https:\/\/fonsvinum.com\/en\/#\/schema\/logo\/image\/\",\"url\":\"\",\"contentUrl\":\"\",\"caption\":\"Fons Vinum\"},\"image\":{\"@id\":\"https:\/\/fonsvinum.com\/en\/#\/schema\/logo\/image\/\"}}]}<\/script>\n<!-- \/ Yoast SEO plugin. -->","yoast_head_json":{"title":"ORNELLAIA 2017 I FONSVINUM RARE WEINE ONLINE","description":"ORNELLAIA 2017 I Fonsvinum rare Weine online aus Piedmont, Toskana und Venetien 56% CABERNET SAUVIGNON25% MERLOT10% PETIT VERDOT9% CABERNET FRANC","robots":{"index":"index","follow":"follow","max-snippet":"max-snippet:-1","max-image-preview":"max-image-preview:large","max-video-preview":"max-video-preview:-1"},"canonical":"https:\/\/fonsvinum.com\/de\/produkt\/ornellaia-2017\/","og_locale":"de_DE","og_type":"article","og_title":"ORNELLAIA 2017 I FONSVINUM RARE WEINE ONLINE","og_description":"ORNELLAIA 2017 I Fonsvinum rare Weine online aus Piedmont, Toskana und Venetien 56% CABERNET SAUVIGNON25% MERLOT10% PETIT VERDOT9% CABERNET FRANC","og_url":"https:\/\/fonsvinum.com\/de\/produkt\/ornellaia-2017\/","og_site_name":"Fons Vinum","article_modified_time":"2020-05-29T10:13:09+00:00","og_image":[{"width":200,"height":600,"url":"https:\/\/fonsvinum.com\/files\/2013\/04\/ornellaia-bolgheri-superiore1.png","type":"image\/png"}],"twitter_misc":{"Gesch\u00e4tzte Lesezeit":"1\u00a0Minute"},"schema":{"@context":"https:\/\/schema.org","@graph":[{"@type":"WebPage","@id":"https:\/\/fonsvinum.com\/de\/produkt\/ornellaia-2017\/","url":"https:\/\/fonsvinum.com\/de\/produkt\/ornellaia-2017\/","name":"ORNELLAIA 2017 I FONSVINUM RARE WEINE ONLINE","isPartOf":{"@id":"https:\/\/fonsvinum.com\/en\/#website"},"primaryImageOfPage":{"@id":"https:\/\/fonsvinum.com\/de\/produkt\/ornellaia-2017\/#primaryimage"},"image":{"@id":"https:\/\/fonsvinum.com\/de\/produkt\/ornellaia-2017\/#primaryimage"},"thumbnailUrl":"https:\/\/fonsvinum.com\/files\/2013\/04\/ornellaia-bolgheri-superiore1.png","datePublished":"2020-05-29T09:48:11+00:00","dateModified":"2020-05-29T10:13:09+00:00","description":"ORNELLAIA 2017 I Fonsvinum rare Weine online aus Piedmont, Toskana und Venetien 56% CABERNET SAUVIGNON25% MERLOT10% PETIT VERDOT9% CABERNET FRANC","breadcrumb":{"@id":"https:\/\/fonsvinum.com\/de\/produkt\/ornellaia-2017\/#breadcrumb"},"inLanguage":"de","potentialAction":[{"@type":"ReadAction","target":["https:\/\/fonsvinum.com\/de\/produkt\/ornellaia-2017\/"]}]},{"@type":"ImageObject","inLanguage":"de","@id":"https:\/\/fonsvinum.com\/de\/produkt\/ornellaia-2017\/#primaryimage","url":"https:\/\/fonsvinum.com\/files\/2013\/04\/ornellaia-bolgheri-superiore1.png","contentUrl":"https:\/\/fonsvinum.com\/files\/2013\/04\/ornellaia-bolgheri-superiore1.png","width":200,"height":600},{"@type":"BreadcrumbList","@id":"https:\/\/fonsvinum.com\/de\/produkt\/ornellaia-2017\/#breadcrumb","itemListElement":[{"@type":"ListItem","position":1,"name":"Startseite","item":"https:\/\/fonsvinum.com\/de\/"},{"@type":"ListItem","position":2,"name":"Shop","item":"https:\/\/fonsvinum.com\/de\/shop\/"},{"@type":"ListItem","position":3,"name":"ORNELLAIA 2017"}]},{"@type":"WebSite","@id":"https:\/\/fonsvinum.com\/en\/#website","url":"https:\/\/fonsvinum.com\/en\/","name":"Fons Vinum","description":"Vendita Vino Online","publisher":{"@id":"https:\/\/fonsvinum.com\/en\/#organization"},"potentialAction":[{"@type":"SearchAction","target":{"@type":"EntryPoint","urlTemplate":"https:\/\/fonsvinum.com\/en\/?s={search_term_string}"},"query-input":{"@type":"PropertyValueSpecification","valueRequired":true,"valueName":"search_term_string"}}],"inLanguage":"de"},{"@type":"Organization","@id":"https:\/\/fonsvinum.com\/en\/#organization","name":"Fons Vinum","url":"https:\/\/fonsvinum.com\/en\/","logo":{"@type":"ImageObject","inLanguage":"de","@id":"https:\/\/fonsvinum.com\/en\/#\/schema\/logo\/image\/","url":"","contentUrl":"","caption":"Fons Vinum"},"image":{"@id":"https:\/\/fonsvinum.com\/en\/#\/schema\/logo\/image\/"}}]}},"acf":[],"_links":{"self":[{"href":"https:\/\/fonsvinum.com\/de\/wp-json\/wp\/v2\/product\/25185","targetHints":{"allow":["GET"]}}],"collection":[{"href":"https:\/\/fonsvinum.com\/de\/wp-json\/wp\/v2\/product"}],"about":[{"href":"https:\/\/fonsvinum.com\/de\/wp-json\/wp\/v2\/types\/product"}],"replies":[{"embeddable":true,"href":"https:\/\/fonsvinum.com\/de\/wp-json\/wp\/v2\/comments?post=25185"}],"wp:featuredmedia":[{"embeddable":true,"href":"https:\/\/fonsvinum.com\/de\/wp-json\/wp\/v2\/media\/4302"}],"wp:attachment":[{"href":"https:\/\/fonsvinum.com\/de\/wp-json\/wp\/v2\/media?parent=25185"}],"wp:term":[{"taxonomy":"product_brand","embeddable":true,"href":"https:\/\/fonsvinum.com\/de\/wp-json\/wp\/v2\/product_brand?post=25185"},{"taxonomy":"product_cat","embeddable":true,"href":"https:\/\/fonsvinum.com\/de\/wp-json\/wp\/v2\/product_cat?post=25185"},{"taxonomy":"product_tag","embeddable":true,"href":"https:\/\/fonsvinum.com\/de\/wp-json\/wp\/v2\/product_tag?post=25185"}],"curies":[{"name":"wp","href":"https:\/\/api.w.org\/{rel}","templated":true}]}}