{"id":25058,"date":"2020-05-20T12:21:14","date_gmt":"2020-05-20T10:21:14","guid":{"rendered":"https:\/\/fonsvinum.com\/?post_type=product&#038;p=25058"},"modified":"2020-05-20T12:38:41","modified_gmt":"2020-05-20T10:38:41","slug":"barolo-bric-del-fiasc-paolo-scavino-2015","status":"publish","type":"product","link":"https:\/\/fonsvinum.com\/de\/produkt\/barolo-bric-del-fiasc-paolo-scavino-2015\/","title":{"rendered":"Barolo Bric del Fiasc Paolo Scavino 2015"},"content":{"rendered":"<h1><a title=\"Barolo\" href=\"https:\/\/fonsvinum.com\/categoria-prodotto\/vini-rossi\/barolo\/\">Barolo <\/a>Bric del Fiasc Paolo Scavino 2015<\/h1>\n<p>Wilde Beeren und aromatische Kr\u00e4uter l\u00e4sst das tolle Bouquet dieses 24 Monate im Fass gereiften Weines erkennen.<\/p>\n<p>Mit seinem sanften Tanin und dem nachhaltigen Finale genie\u00dft man ihn hervorragend zu Wildgerichten oder reifem K\u00e4se.<\/p>\n<p>Ein Megawein, der f\u00fcr die n\u00e4chsten Dekaden einer der Referenzpunkte f\u00fcr gro\u00dfe Baroli sein wird.<\/p>\n","protected":false},"excerpt":{"rendered":"<p>Barolo Bric del Fiasc Paolo Scavino 2015 Wilde Beeren und aromatische Kr\u00e4uter l\u00e4sst das tolle Bouquet dieses 24 Monate im Fass gereiften Weines erkennen. Mit seinem sanften Tanin und dem nachhaltigen Finale genie\u00dft man ihn hervorragend zu Wildgerichten oder reifem K\u00e4se. Ein Megawein, der f\u00fcr die n\u00e4chsten Dekaden einer der Referenzpunkte f\u00fcr gro\u00dfe Baroli sein [&hellip;]<\/p>\n","protected":false},"featured_media":3537,"comment_status":"open","ping_status":"closed","template":"","meta":{"_acf_changed":false,"_monsterinsights_skip_tracking":false,"_monsterinsights_sitenote_active":false,"_monsterinsights_sitenote_note":"","_monsterinsights_sitenote_category":0},"product_brand":[],"product_cat":[1824],"product_tag":[1733],"class_list":{"0":"post-25058","1":"product","2":"type-product","3":"status-publish","4":"has-post-thumbnail","6":"product_cat-barolo-de","7":"product_tag-aussergewoehnliche-weine-de","8":"pa_appellation-barolo-docg-de","9":"pa_formato-0-75-l-flasche-de","10":"pa_producer-paolo-scavino-de","11":"pa_region-piemont-de","12":"pa_vine-100-nebbiolo-de","13":"pa_vintage-2015-de","15":"first","16":"instock","17":"taxable","18":"shipping-taxable","19":"purchasable","20":"product-type-simple"},"bundled_by":[],"bundle_stock_status":"instock","bundle_stock_quantity":8,"bundle_virtual":false,"bundle_layout":"","bundle_add_to_cart_form_location":"","bundle_editable_in_cart":false,"bundle_sold_individually_context":"","bundle_item_grouping":"","bundle_min_size":"","bundle_max_size":"","bundle_price":[],"bundled_items":[],"bundle_sell_ids":[],"yoast_head":"<!-- This site is optimized with the Yoast SEO plugin v27.3 - https:\/\/yoast.com\/product\/yoast-seo-wordpress\/ -->\n<title>Acquista on line Barolo Bric del Fiasc Paolo Scavino 2015 | FonsVinum<\/title>\n<meta name=\"description\" content=\"Barolo Bric del Fiasc Paolo Scavino 2015 Wilde Beeren und aromatische Kr\u00e4uter l\u00e4sst das tolle Bouquet dieses 24 Monate im Fass gereiften Weines erkennen.\" \/>\n<meta name=\"robots\" content=\"index, follow, max-snippet:-1, max-image-preview:large, max-video-preview:-1\" \/>\n<link rel=\"canonical\" href=\"https:\/\/fonsvinum.com\/de\/produkt\/barolo-bric-del-fiasc-paolo-scavino-2015\/\" \/>\n<meta property=\"og:locale\" content=\"de_DE\" \/>\n<meta property=\"og:type\" content=\"article\" \/>\n<meta property=\"og:title\" content=\"Acquista on line Barolo Bric del Fiasc Paolo Scavino 2015 | FonsVinum\" \/>\n<meta property=\"og:description\" content=\"Barolo Bric del Fiasc Paolo Scavino 2015 Wilde Beeren und aromatische Kr\u00e4uter l\u00e4sst das tolle Bouquet dieses 24 Monate im Fass gereiften Weines erkennen.\" \/>\n<meta property=\"og:url\" content=\"https:\/\/fonsvinum.com\/de\/produkt\/barolo-bric-del-fiasc-paolo-scavino-2015\/\" \/>\n<meta property=\"og:site_name\" content=\"Fons Vinum\" \/>\n<meta property=\"article:modified_time\" content=\"2020-05-20T10:38:41+00:00\" \/>\n<meta property=\"og:image\" content=\"https:\/\/fonsvinum.com\/files\/2015\/01\/barolo-bric-del-fiasc-paolo-scavino.png\" \/>\n\t<meta property=\"og:image:width\" content=\"200\" \/>\n\t<meta property=\"og:image:height\" content=\"600\" \/>\n\t<meta property=\"og:image:type\" content=\"image\/png\" \/>\n<script type=\"application\/ld+json\" class=\"yoast-schema-graph\">{\"@context\":\"https:\\\/\\\/schema.org\",\"@graph\":[{\"@type\":\"WebPage\",\"@id\":\"https:\\\/\\\/fonsvinum.com\\\/de\\\/produkt\\\/barolo-bric-del-fiasc-paolo-scavino-2015\\\/\",\"url\":\"https:\\\/\\\/fonsvinum.com\\\/de\\\/produkt\\\/barolo-bric-del-fiasc-paolo-scavino-2015\\\/\",\"name\":\"Acquista on line Barolo Bric del Fiasc Paolo Scavino 2015 | FonsVinum\",\"isPartOf\":{\"@id\":\"https:\\\/\\\/fonsvinum.com\\\/en\\\/#website\"},\"primaryImageOfPage\":{\"@id\":\"https:\\\/\\\/fonsvinum.com\\\/de\\\/produkt\\\/barolo-bric-del-fiasc-paolo-scavino-2015\\\/#primaryimage\"},\"image\":{\"@id\":\"https:\\\/\\\/fonsvinum.com\\\/de\\\/produkt\\\/barolo-bric-del-fiasc-paolo-scavino-2015\\\/#primaryimage\"},\"thumbnailUrl\":\"https:\\\/\\\/fonsvinum.com\\\/files\\\/2015\\\/01\\\/barolo-bric-del-fiasc-paolo-scavino.png\",\"datePublished\":\"2020-05-20T10:21:14+00:00\",\"dateModified\":\"2020-05-20T10:38:41+00:00\",\"description\":\"Barolo Bric del Fiasc Paolo Scavino 2015 Wilde Beeren und aromatische Kr\u00e4uter l\u00e4sst das tolle Bouquet dieses 24 Monate im Fass gereiften Weines erkennen.\",\"breadcrumb\":{\"@id\":\"https:\\\/\\\/fonsvinum.com\\\/de\\\/produkt\\\/barolo-bric-del-fiasc-paolo-scavino-2015\\\/#breadcrumb\"},\"inLanguage\":\"de\",\"potentialAction\":[{\"@type\":\"ReadAction\",\"target\":[\"https:\\\/\\\/fonsvinum.com\\\/de\\\/produkt\\\/barolo-bric-del-fiasc-paolo-scavino-2015\\\/\"]}]},{\"@type\":\"ImageObject\",\"inLanguage\":\"de\",\"@id\":\"https:\\\/\\\/fonsvinum.com\\\/de\\\/produkt\\\/barolo-bric-del-fiasc-paolo-scavino-2015\\\/#primaryimage\",\"url\":\"https:\\\/\\\/fonsvinum.com\\\/files\\\/2015\\\/01\\\/barolo-bric-del-fiasc-paolo-scavino.png\",\"contentUrl\":\"https:\\\/\\\/fonsvinum.com\\\/files\\\/2015\\\/01\\\/barolo-bric-del-fiasc-paolo-scavino.png\",\"width\":200,\"height\":600},{\"@type\":\"BreadcrumbList\",\"@id\":\"https:\\\/\\\/fonsvinum.com\\\/de\\\/produkt\\\/barolo-bric-del-fiasc-paolo-scavino-2015\\\/#breadcrumb\",\"itemListElement\":[{\"@type\":\"ListItem\",\"position\":1,\"name\":\"Startseite\",\"item\":\"https:\\\/\\\/fonsvinum.com\\\/de\\\/\"},{\"@type\":\"ListItem\",\"position\":2,\"name\":\"Shop\",\"item\":\"https:\\\/\\\/fonsvinum.com\\\/de\\\/shop\\\/\"},{\"@type\":\"ListItem\",\"position\":3,\"name\":\"Barolo Bric del Fiasc Paolo Scavino 2015\"}]},{\"@type\":\"WebSite\",\"@id\":\"https:\\\/\\\/fonsvinum.com\\\/en\\\/#website\",\"url\":\"https:\\\/\\\/fonsvinum.com\\\/en\\\/\",\"name\":\"Fons Vinum\",\"description\":\"Vendita Vino Online\",\"publisher\":{\"@id\":\"https:\\\/\\\/fonsvinum.com\\\/en\\\/#organization\"},\"potentialAction\":[{\"@type\":\"SearchAction\",\"target\":{\"@type\":\"EntryPoint\",\"urlTemplate\":\"https:\\\/\\\/fonsvinum.com\\\/en\\\/?s={search_term_string}\"},\"query-input\":{\"@type\":\"PropertyValueSpecification\",\"valueRequired\":true,\"valueName\":\"search_term_string\"}}],\"inLanguage\":\"de\"},{\"@type\":\"Organization\",\"@id\":\"https:\\\/\\\/fonsvinum.com\\\/en\\\/#organization\",\"name\":\"Fons Vinum\",\"url\":\"https:\\\/\\\/fonsvinum.com\\\/en\\\/\",\"logo\":{\"@type\":\"ImageObject\",\"inLanguage\":\"de\",\"@id\":\"https:\\\/\\\/fonsvinum.com\\\/en\\\/#\\\/schema\\\/logo\\\/image\\\/\",\"url\":\"\",\"contentUrl\":\"\",\"caption\":\"Fons Vinum\"},\"image\":{\"@id\":\"https:\\\/\\\/fonsvinum.com\\\/en\\\/#\\\/schema\\\/logo\\\/image\\\/\"}}]}<\/script>\n<!-- \/ Yoast SEO plugin. -->","yoast_head_json":{"title":"Acquista on line Barolo Bric del Fiasc Paolo Scavino 2015 | FonsVinum","description":"Barolo Bric del Fiasc Paolo Scavino 2015 Wilde Beeren und aromatische Kr\u00e4uter l\u00e4sst das tolle Bouquet dieses 24 Monate im Fass gereiften Weines erkennen.","robots":{"index":"index","follow":"follow","max-snippet":"max-snippet:-1","max-image-preview":"max-image-preview:large","max-video-preview":"max-video-preview:-1"},"canonical":"https:\/\/fonsvinum.com\/de\/produkt\/barolo-bric-del-fiasc-paolo-scavino-2015\/","og_locale":"de_DE","og_type":"article","og_title":"Acquista on line Barolo Bric del Fiasc Paolo Scavino 2015 | FonsVinum","og_description":"Barolo Bric del Fiasc Paolo Scavino 2015 Wilde Beeren und aromatische Kr\u00e4uter l\u00e4sst das tolle Bouquet dieses 24 Monate im Fass gereiften Weines erkennen.","og_url":"https:\/\/fonsvinum.com\/de\/produkt\/barolo-bric-del-fiasc-paolo-scavino-2015\/","og_site_name":"Fons Vinum","article_modified_time":"2020-05-20T10:38:41+00:00","og_image":[{"width":200,"height":600,"url":"https:\/\/fonsvinum.com\/files\/2015\/01\/barolo-bric-del-fiasc-paolo-scavino.png","type":"image\/png"}],"schema":{"@context":"https:\/\/schema.org","@graph":[{"@type":"WebPage","@id":"https:\/\/fonsvinum.com\/de\/produkt\/barolo-bric-del-fiasc-paolo-scavino-2015\/","url":"https:\/\/fonsvinum.com\/de\/produkt\/barolo-bric-del-fiasc-paolo-scavino-2015\/","name":"Acquista on line Barolo Bric del Fiasc Paolo Scavino 2015 | FonsVinum","isPartOf":{"@id":"https:\/\/fonsvinum.com\/en\/#website"},"primaryImageOfPage":{"@id":"https:\/\/fonsvinum.com\/de\/produkt\/barolo-bric-del-fiasc-paolo-scavino-2015\/#primaryimage"},"image":{"@id":"https:\/\/fonsvinum.com\/de\/produkt\/barolo-bric-del-fiasc-paolo-scavino-2015\/#primaryimage"},"thumbnailUrl":"https:\/\/fonsvinum.com\/files\/2015\/01\/barolo-bric-del-fiasc-paolo-scavino.png","datePublished":"2020-05-20T10:21:14+00:00","dateModified":"2020-05-20T10:38:41+00:00","description":"Barolo Bric del Fiasc Paolo Scavino 2015 Wilde Beeren und aromatische Kr\u00e4uter l\u00e4sst das tolle Bouquet dieses 24 Monate im Fass gereiften Weines erkennen.","breadcrumb":{"@id":"https:\/\/fonsvinum.com\/de\/produkt\/barolo-bric-del-fiasc-paolo-scavino-2015\/#breadcrumb"},"inLanguage":"de","potentialAction":[{"@type":"ReadAction","target":["https:\/\/fonsvinum.com\/de\/produkt\/barolo-bric-del-fiasc-paolo-scavino-2015\/"]}]},{"@type":"ImageObject","inLanguage":"de","@id":"https:\/\/fonsvinum.com\/de\/produkt\/barolo-bric-del-fiasc-paolo-scavino-2015\/#primaryimage","url":"https:\/\/fonsvinum.com\/files\/2015\/01\/barolo-bric-del-fiasc-paolo-scavino.png","contentUrl":"https:\/\/fonsvinum.com\/files\/2015\/01\/barolo-bric-del-fiasc-paolo-scavino.png","width":200,"height":600},{"@type":"BreadcrumbList","@id":"https:\/\/fonsvinum.com\/de\/produkt\/barolo-bric-del-fiasc-paolo-scavino-2015\/#breadcrumb","itemListElement":[{"@type":"ListItem","position":1,"name":"Startseite","item":"https:\/\/fonsvinum.com\/de\/"},{"@type":"ListItem","position":2,"name":"Shop","item":"https:\/\/fonsvinum.com\/de\/shop\/"},{"@type":"ListItem","position":3,"name":"Barolo Bric del Fiasc Paolo Scavino 2015"}]},{"@type":"WebSite","@id":"https:\/\/fonsvinum.com\/en\/#website","url":"https:\/\/fonsvinum.com\/en\/","name":"Fons Vinum","description":"Vendita Vino Online","publisher":{"@id":"https:\/\/fonsvinum.com\/en\/#organization"},"potentialAction":[{"@type":"SearchAction","target":{"@type":"EntryPoint","urlTemplate":"https:\/\/fonsvinum.com\/en\/?s={search_term_string}"},"query-input":{"@type":"PropertyValueSpecification","valueRequired":true,"valueName":"search_term_string"}}],"inLanguage":"de"},{"@type":"Organization","@id":"https:\/\/fonsvinum.com\/en\/#organization","name":"Fons Vinum","url":"https:\/\/fonsvinum.com\/en\/","logo":{"@type":"ImageObject","inLanguage":"de","@id":"https:\/\/fonsvinum.com\/en\/#\/schema\/logo\/image\/","url":"","contentUrl":"","caption":"Fons Vinum"},"image":{"@id":"https:\/\/fonsvinum.com\/en\/#\/schema\/logo\/image\/"}}]}},"acf":[],"_links":{"self":[{"href":"https:\/\/fonsvinum.com\/de\/wp-json\/wp\/v2\/product\/25058","targetHints":{"allow":["GET"]}}],"collection":[{"href":"https:\/\/fonsvinum.com\/de\/wp-json\/wp\/v2\/product"}],"about":[{"href":"https:\/\/fonsvinum.com\/de\/wp-json\/wp\/v2\/types\/product"}],"replies":[{"embeddable":true,"href":"https:\/\/fonsvinum.com\/de\/wp-json\/wp\/v2\/comments?post=25058"}],"wp:featuredmedia":[{"embeddable":true,"href":"https:\/\/fonsvinum.com\/de\/wp-json\/wp\/v2\/media\/3537"}],"wp:attachment":[{"href":"https:\/\/fonsvinum.com\/de\/wp-json\/wp\/v2\/media?parent=25058"}],"wp:term":[{"taxonomy":"product_brand","embeddable":true,"href":"https:\/\/fonsvinum.com\/de\/wp-json\/wp\/v2\/product_brand?post=25058"},{"taxonomy":"product_cat","embeddable":true,"href":"https:\/\/fonsvinum.com\/de\/wp-json\/wp\/v2\/product_cat?post=25058"},{"taxonomy":"product_tag","embeddable":true,"href":"https:\/\/fonsvinum.com\/de\/wp-json\/wp\/v2\/product_tag?post=25058"}],"curies":[{"name":"wp","href":"https:\/\/api.w.org\/{rel}","templated":true}]}}