{"id":25040,"date":"2020-05-20T09:58:52","date_gmt":"2020-05-20T07:58:52","guid":{"rendered":"https:\/\/fonsvinum.com\/?post_type=product&#038;p=25040"},"modified":"2022-12-07T09:53:00","modified_gmt":"2022-12-07T08:53:00","slug":"primofiore-giuseppe-quintarelli-2020","status":"publish","type":"product","link":"https:\/\/fonsvinum.com\/de\/produkt\/primofiore-giuseppe-quintarelli-2020\/","title":{"rendered":"Primofiore Giuseppe Quintarelli 2020"},"content":{"rendered":"<h1>Primofiore Giuseppe Quintarelli 2020<\/h1>\n<p>The father of Amarone and accomplished Italian winemaker, the legacy left by Giuseppe Quintarelli is immeasurable. Excellence, tradition, artisanry, patience and authenticity define the titanic work carried out by this domain that only produces wine when the vintage allows it. These extremely elegant wines are blessed with great delicacy and extraordinary aromatic complexity.<\/p>\n<p>Giuseppe Quintarelli is quite simply a legend of Italian viticulture, and more precisely of Amarone, a Venetian wine with worldwide reputation. He unfortunately passed away in 2012. He managed his 12-hectare domain in the hills to the north of Verona, in the heart of the Valpolicella appellation. A perfectionist through and through, he wouldn\u2019t release his wines for sale until they had matured for many years.<\/p>\n<h2>PRIMOFIORE QUINTARELLI<\/h2>\n<div class=\"item-description\">Primofiore ist ein dunkelrubinroter Wein mit einem fruchtigen\u00a0<span class=\"xwhighlight\" data-hasqtip=\"0\">Bukett<\/span>, der starke Ankl\u00e4nge an die verwendete Rebsorte zeigt. Im Gaumen erweist sich dieser Wein als gut strukturiert mit einem wohl balancierten Tanningehalt.<\/div>\n<div><\/div>\n<div>\n<div id=\"pnlColore\" class=\"sense\" title=\"Farbe\">\n<div class=\"outer-table\">\n<div class=\"table-cell\"><strong>Color:<\/strong> Dunkelrubinroter Wein.<\/div>\n<\/div>\n<\/div>\n<div id=\"pnlProfumo\" class=\"sense\" title=\"Aroma\/Bukett\">\n<div class=\"outer-table\">\n<div class=\"table-cell\"><\/div>\n<div class=\"table-cell\"><strong>Nase:<\/strong> Die Nase wird sofort von starken blumigen und fruchtigen Noten verw\u00f6hnt: vor allem herrschen die von Veilchen, Schwarzkirschen und Waldfr\u00fcchten entfaltenden Ger\u00fcche vor.<\/div>\n<div><\/div>\n<div class=\"table-cell\"><strong><span lang=\"de\">Geschmack:<\/span>Im<\/strong> Mund dr\u00e4ngen sich wohlschmeckend die fruchtigen und w\u00fcrzigen Aromen vor. Auch die grasigen und erdigen Note sind in diesem Fall leicht erkennbar. Primofiore ist weich, frisch, schmackhaft, mittelkr\u00e4ftig und gut balanciert.<\/div>\n<\/div>\n<\/div>\n<\/div>\n<div class=\"senses\">\n<div id=\"pnlColore\" class=\"sense\" title=\"Farbe\">\n<div class=\"outer-table\">\n<div class=\"table-cell\"><\/div>\n<\/div>\n<\/div>\n<\/div>\n","protected":false},"excerpt":{"rendered":"<p>Primofiore Giuseppe Quintarelli 2020 The father of Amarone and accomplished Italian winemaker, the legacy left by Giuseppe Quintarelli is immeasurable. Excellence, tradition, artisanry, patience and authenticity define the titanic work carried out by this domain that only produces wine when the vintage allows it. These extremely elegant wines are blessed with great delicacy and extraordinary [&hellip;]<\/p>\n","protected":false},"featured_media":21850,"comment_status":"open","ping_status":"closed","template":"","meta":{"_acf_changed":false,"_monsterinsights_skip_tracking":false,"_monsterinsights_sitenote_active":false,"_monsterinsights_sitenote_note":"","_monsterinsights_sitenote_category":0},"product_brand":[],"product_cat":[1693,2332],"product_tag":[1733],"class_list":{"0":"post-25040","1":"product","2":"type-product","3":"status-publish","4":"has-post-thumbnail","6":"product_cat-blend-2-de","7":"product_cat-rotweine-de","8":"product_tag-aussergewoehnliche-weine-de","9":"pa_appellation-igt-veneto-de","10":"pa_formato-0-75-l-flasche-de","11":"pa_producer-quintarelli-giuseppe-de","12":"pa_region-venetien-de","13":"pa_vine-25-cabernet-franc-25-cabernet-sauvignon-25-corvina-25-corvinone-de","14":"pa_vintage-2020-de","16":"first","17":"instock","18":"taxable","19":"shipping-taxable","20":"purchasable","21":"product-type-simple"},"bundled_by":[],"bundle_stock_status":"instock","bundle_stock_quantity":1,"bundle_virtual":false,"bundle_layout":"","bundle_add_to_cart_form_location":"","bundle_editable_in_cart":false,"bundle_sold_individually_context":"","bundle_item_grouping":"","bundle_min_size":"","bundle_max_size":"","bundle_price":[],"bundled_items":[],"bundle_sell_ids":[],"yoast_head":"<!-- This site is optimized with the Yoast SEO plugin v27.2 - https:\/\/yoast.com\/product\/yoast-seo-wordpress\/ -->\n<title>Kaufen Primofiore Giuseppe Quintarelli 2020- Fons Vinum<\/title>\n<meta name=\"description\" content=\"Primofiore Giuseppe Quintarelli 2020 -Fons Vinum- Im Gaumen erweist sich dieser Wein als gut strukturiert mit einem wohl balancierten Tanningehalt.\" \/>\n<meta name=\"robots\" content=\"index, follow, max-snippet:-1, max-image-preview:large, max-video-preview:-1\" \/>\n<link rel=\"canonical\" href=\"https:\/\/fonsvinum.com\/de\/produkt\/primofiore-giuseppe-quintarelli-2020\/\" \/>\n<meta property=\"og:locale\" content=\"de_DE\" \/>\n<meta property=\"og:type\" content=\"article\" \/>\n<meta property=\"og:title\" content=\"Kaufen Primofiore Giuseppe Quintarelli 2020- Fons Vinum\" \/>\n<meta property=\"og:description\" content=\"Primofiore Giuseppe Quintarelli 2020 -Fons Vinum- Im Gaumen erweist sich dieser Wein als gut strukturiert mit einem wohl balancierten Tanningehalt.\" \/>\n<meta property=\"og:url\" content=\"https:\/\/fonsvinum.com\/de\/produkt\/primofiore-giuseppe-quintarelli-2020\/\" \/>\n<meta property=\"og:site_name\" content=\"Fons Vinum\" \/>\n<meta property=\"article:modified_time\" content=\"2022-12-07T08:53:00+00:00\" \/>\n<meta property=\"og:image\" content=\"https:\/\/fonsvinum.com\/files\/2020\/01\/primofiore-quintarelli.jpg\" \/>\n\t<meta property=\"og:image:width\" content=\"200\" \/>\n\t<meta property=\"og:image:height\" content=\"600\" \/>\n\t<meta property=\"og:image:type\" content=\"image\/jpeg\" \/>\n<meta name=\"twitter:label1\" content=\"Gesch\u00e4tzte Lesezeit\" \/>\n\t<meta name=\"twitter:data1\" content=\"2\u00a0Minuten\" \/>\n<script type=\"application\/ld+json\" class=\"yoast-schema-graph\">{\"@context\":\"https:\/\/schema.org\",\"@graph\":[{\"@type\":\"WebPage\",\"@id\":\"https:\/\/fonsvinum.com\/de\/produkt\/primofiore-giuseppe-quintarelli-2020\/\",\"url\":\"https:\/\/fonsvinum.com\/de\/produkt\/primofiore-giuseppe-quintarelli-2020\/\",\"name\":\"Kaufen Primofiore Giuseppe Quintarelli 2020- Fons Vinum\",\"isPartOf\":{\"@id\":\"https:\/\/fonsvinum.com\/en\/#website\"},\"primaryImageOfPage\":{\"@id\":\"https:\/\/fonsvinum.com\/de\/produkt\/primofiore-giuseppe-quintarelli-2020\/#primaryimage\"},\"image\":{\"@id\":\"https:\/\/fonsvinum.com\/de\/produkt\/primofiore-giuseppe-quintarelli-2020\/#primaryimage\"},\"thumbnailUrl\":\"https:\/\/fonsvinum.com\/files\/2020\/01\/primofiore-quintarelli.jpg\",\"datePublished\":\"2020-05-20T07:58:52+00:00\",\"dateModified\":\"2022-12-07T08:53:00+00:00\",\"description\":\"Primofiore Giuseppe Quintarelli 2020 -Fons Vinum- Im Gaumen erweist sich dieser Wein als gut strukturiert mit einem wohl balancierten Tanningehalt.\",\"breadcrumb\":{\"@id\":\"https:\/\/fonsvinum.com\/de\/produkt\/primofiore-giuseppe-quintarelli-2020\/#breadcrumb\"},\"inLanguage\":\"de\",\"potentialAction\":[{\"@type\":\"ReadAction\",\"target\":[\"https:\/\/fonsvinum.com\/de\/produkt\/primofiore-giuseppe-quintarelli-2020\/\"]}]},{\"@type\":\"ImageObject\",\"inLanguage\":\"de\",\"@id\":\"https:\/\/fonsvinum.com\/de\/produkt\/primofiore-giuseppe-quintarelli-2020\/#primaryimage\",\"url\":\"https:\/\/fonsvinum.com\/files\/2020\/01\/primofiore-quintarelli.jpg\",\"contentUrl\":\"https:\/\/fonsvinum.com\/files\/2020\/01\/primofiore-quintarelli.jpg\",\"width\":200,\"height\":600},{\"@type\":\"BreadcrumbList\",\"@id\":\"https:\/\/fonsvinum.com\/de\/produkt\/primofiore-giuseppe-quintarelli-2020\/#breadcrumb\",\"itemListElement\":[{\"@type\":\"ListItem\",\"position\":1,\"name\":\"Startseite\",\"item\":\"https:\/\/fonsvinum.com\/de\/\"},{\"@type\":\"ListItem\",\"position\":2,\"name\":\"Shop\",\"item\":\"https:\/\/fonsvinum.com\/de\/shop\/\"},{\"@type\":\"ListItem\",\"position\":3,\"name\":\"Primofiore Giuseppe Quintarelli 2020\"}]},{\"@type\":\"WebSite\",\"@id\":\"https:\/\/fonsvinum.com\/en\/#website\",\"url\":\"https:\/\/fonsvinum.com\/en\/\",\"name\":\"Fons Vinum\",\"description\":\"Vendita Vino Online\",\"publisher\":{\"@id\":\"https:\/\/fonsvinum.com\/en\/#organization\"},\"potentialAction\":[{\"@type\":\"SearchAction\",\"target\":{\"@type\":\"EntryPoint\",\"urlTemplate\":\"https:\/\/fonsvinum.com\/en\/?s={search_term_string}\"},\"query-input\":{\"@type\":\"PropertyValueSpecification\",\"valueRequired\":true,\"valueName\":\"search_term_string\"}}],\"inLanguage\":\"de\"},{\"@type\":\"Organization\",\"@id\":\"https:\/\/fonsvinum.com\/en\/#organization\",\"name\":\"Fons Vinum\",\"url\":\"https:\/\/fonsvinum.com\/en\/\",\"logo\":{\"@type\":\"ImageObject\",\"inLanguage\":\"de\",\"@id\":\"https:\/\/fonsvinum.com\/en\/#\/schema\/logo\/image\/\",\"url\":\"\",\"contentUrl\":\"\",\"caption\":\"Fons Vinum\"},\"image\":{\"@id\":\"https:\/\/fonsvinum.com\/en\/#\/schema\/logo\/image\/\"}}]}<\/script>\n<!-- \/ Yoast SEO plugin. -->","yoast_head_json":{"title":"Kaufen Primofiore Giuseppe Quintarelli 2020- Fons Vinum","description":"Primofiore Giuseppe Quintarelli 2020 -Fons Vinum- Im Gaumen erweist sich dieser Wein als gut strukturiert mit einem wohl balancierten Tanningehalt.","robots":{"index":"index","follow":"follow","max-snippet":"max-snippet:-1","max-image-preview":"max-image-preview:large","max-video-preview":"max-video-preview:-1"},"canonical":"https:\/\/fonsvinum.com\/de\/produkt\/primofiore-giuseppe-quintarelli-2020\/","og_locale":"de_DE","og_type":"article","og_title":"Kaufen Primofiore Giuseppe Quintarelli 2020- Fons Vinum","og_description":"Primofiore Giuseppe Quintarelli 2020 -Fons Vinum- Im Gaumen erweist sich dieser Wein als gut strukturiert mit einem wohl balancierten Tanningehalt.","og_url":"https:\/\/fonsvinum.com\/de\/produkt\/primofiore-giuseppe-quintarelli-2020\/","og_site_name":"Fons Vinum","article_modified_time":"2022-12-07T08:53:00+00:00","og_image":[{"width":200,"height":600,"url":"https:\/\/fonsvinum.com\/files\/2020\/01\/primofiore-quintarelli.jpg","type":"image\/jpeg"}],"twitter_misc":{"Gesch\u00e4tzte Lesezeit":"2\u00a0Minuten"},"schema":{"@context":"https:\/\/schema.org","@graph":[{"@type":"WebPage","@id":"https:\/\/fonsvinum.com\/de\/produkt\/primofiore-giuseppe-quintarelli-2020\/","url":"https:\/\/fonsvinum.com\/de\/produkt\/primofiore-giuseppe-quintarelli-2020\/","name":"Kaufen Primofiore Giuseppe Quintarelli 2020- Fons Vinum","isPartOf":{"@id":"https:\/\/fonsvinum.com\/en\/#website"},"primaryImageOfPage":{"@id":"https:\/\/fonsvinum.com\/de\/produkt\/primofiore-giuseppe-quintarelli-2020\/#primaryimage"},"image":{"@id":"https:\/\/fonsvinum.com\/de\/produkt\/primofiore-giuseppe-quintarelli-2020\/#primaryimage"},"thumbnailUrl":"https:\/\/fonsvinum.com\/files\/2020\/01\/primofiore-quintarelli.jpg","datePublished":"2020-05-20T07:58:52+00:00","dateModified":"2022-12-07T08:53:00+00:00","description":"Primofiore Giuseppe Quintarelli 2020 -Fons Vinum- Im Gaumen erweist sich dieser Wein als gut strukturiert mit einem wohl balancierten Tanningehalt.","breadcrumb":{"@id":"https:\/\/fonsvinum.com\/de\/produkt\/primofiore-giuseppe-quintarelli-2020\/#breadcrumb"},"inLanguage":"de","potentialAction":[{"@type":"ReadAction","target":["https:\/\/fonsvinum.com\/de\/produkt\/primofiore-giuseppe-quintarelli-2020\/"]}]},{"@type":"ImageObject","inLanguage":"de","@id":"https:\/\/fonsvinum.com\/de\/produkt\/primofiore-giuseppe-quintarelli-2020\/#primaryimage","url":"https:\/\/fonsvinum.com\/files\/2020\/01\/primofiore-quintarelli.jpg","contentUrl":"https:\/\/fonsvinum.com\/files\/2020\/01\/primofiore-quintarelli.jpg","width":200,"height":600},{"@type":"BreadcrumbList","@id":"https:\/\/fonsvinum.com\/de\/produkt\/primofiore-giuseppe-quintarelli-2020\/#breadcrumb","itemListElement":[{"@type":"ListItem","position":1,"name":"Startseite","item":"https:\/\/fonsvinum.com\/de\/"},{"@type":"ListItem","position":2,"name":"Shop","item":"https:\/\/fonsvinum.com\/de\/shop\/"},{"@type":"ListItem","position":3,"name":"Primofiore Giuseppe Quintarelli 2020"}]},{"@type":"WebSite","@id":"https:\/\/fonsvinum.com\/en\/#website","url":"https:\/\/fonsvinum.com\/en\/","name":"Fons Vinum","description":"Vendita Vino Online","publisher":{"@id":"https:\/\/fonsvinum.com\/en\/#organization"},"potentialAction":[{"@type":"SearchAction","target":{"@type":"EntryPoint","urlTemplate":"https:\/\/fonsvinum.com\/en\/?s={search_term_string}"},"query-input":{"@type":"PropertyValueSpecification","valueRequired":true,"valueName":"search_term_string"}}],"inLanguage":"de"},{"@type":"Organization","@id":"https:\/\/fonsvinum.com\/en\/#organization","name":"Fons Vinum","url":"https:\/\/fonsvinum.com\/en\/","logo":{"@type":"ImageObject","inLanguage":"de","@id":"https:\/\/fonsvinum.com\/en\/#\/schema\/logo\/image\/","url":"","contentUrl":"","caption":"Fons Vinum"},"image":{"@id":"https:\/\/fonsvinum.com\/en\/#\/schema\/logo\/image\/"}}]}},"acf":[],"_links":{"self":[{"href":"https:\/\/fonsvinum.com\/de\/wp-json\/wp\/v2\/product\/25040","targetHints":{"allow":["GET"]}}],"collection":[{"href":"https:\/\/fonsvinum.com\/de\/wp-json\/wp\/v2\/product"}],"about":[{"href":"https:\/\/fonsvinum.com\/de\/wp-json\/wp\/v2\/types\/product"}],"replies":[{"embeddable":true,"href":"https:\/\/fonsvinum.com\/de\/wp-json\/wp\/v2\/comments?post=25040"}],"wp:featuredmedia":[{"embeddable":true,"href":"https:\/\/fonsvinum.com\/de\/wp-json\/wp\/v2\/media\/21850"}],"wp:attachment":[{"href":"https:\/\/fonsvinum.com\/de\/wp-json\/wp\/v2\/media?parent=25040"}],"wp:term":[{"taxonomy":"product_brand","embeddable":true,"href":"https:\/\/fonsvinum.com\/de\/wp-json\/wp\/v2\/product_brand?post=25040"},{"taxonomy":"product_cat","embeddable":true,"href":"https:\/\/fonsvinum.com\/de\/wp-json\/wp\/v2\/product_cat?post=25040"},{"taxonomy":"product_tag","embeddable":true,"href":"https:\/\/fonsvinum.com\/de\/wp-json\/wp\/v2\/product_tag?post=25040"}],"curies":[{"name":"wp","href":"https:\/\/api.w.org\/{rel}","templated":true}]}}