{"id":24704,"date":"2020-05-05T10:14:40","date_gmt":"2020-05-05T08:14:40","guid":{"rendered":"https:\/\/fonsvinum.com\/?post_type=product&#038;p=24704"},"modified":"2020-05-11T15:10:02","modified_gmt":"2020-05-11T13:10:02","slug":"valpolicella-classico-supeirore-quintarelli-2012","status":"publish","type":"product","link":"https:\/\/fonsvinum.com\/de\/produkt\/valpolicella-classico-supeirore-quintarelli-2012\/","title":{"rendered":"Valpolicella Classico Superiore QUINTARELLI 2012"},"content":{"rendered":"<h1>Valpolicella Classico Superiore QUINTARELLI 2012<\/h1>\n<p>Der Valpolicella <a title=\"quintarelli\" href=\"https:\/\/fonsvinum.com\/produttore\/quintarelli\/\" target=\"_blank\" rel=\"noopener noreferrer\">QUINTARELLI<\/a> besticht mit seiner dichten granatroten Farbe.<\/p>\n<p>Feinw\u00fcrzige, warme Aromen von Pflaumen, s\u00fc\u00dfen Fr\u00fcchten, Rosinen, Kaffee, Tabak und Vanille sowie eine Spur von Bitterschokolade umspielen die Nase.<\/p>\n<p>Im komplexen, anhaltenden, weichen, vollen und nuancenreichen Mund brilliert er mit einer herzhaften Fruchtf\u00fclle und der sanften Tanninstruktur.<\/p>\n<p>Genie\u00dfen Sie ihn zu w\u00fcrzigen Kaninchenpasteten, geschmortem Wildschwein und reifen K\u00e4sesorten<\/p>\n","protected":false},"excerpt":{"rendered":"<p>Valpolicella Classico Superiore QUINTARELLI 2012 Der Valpolicella QUINTARELLI besticht mit seiner dichten granatroten Farbe. Feinw\u00fcrzige, warme Aromen von Pflaumen, s\u00fc\u00dfen Fr\u00fcchten, Rosinen, Kaffee, Tabak und Vanille sowie eine Spur von Bitterschokolade umspielen die Nase. Im komplexen, anhaltenden, weichen, vollen und nuancenreichen Mund brilliert er mit einer herzhaften Fruchtf\u00fclle und der sanften Tanninstruktur. Genie\u00dfen Sie ihn [&hellip;]<\/p>\n","protected":false},"featured_media":5752,"comment_status":"open","ping_status":"closed","template":"","meta":{"_acf_changed":false,"_monsterinsights_skip_tracking":false,"_monsterinsights_sitenote_active":false,"_monsterinsights_sitenote_note":"","_monsterinsights_sitenote_category":0},"product_brand":[],"product_cat":[2332,2380],"product_tag":[1733],"class_list":{"0":"post-24704","1":"product","2":"type-product","3":"status-publish","4":"has-post-thumbnail","6":"product_cat-rotweine-de","7":"product_cat-valpolicella-de","8":"product_tag-aussergewoehnliche-weine-de","9":"pa_appellation-valpolicella-classico-doc-de","10":"pa_formato-0-75-l-flasche-de","11":"pa_producer-quintarelli-giuseppe-de","12":"pa_region-venetien-de","13":"pa_vine-55-corvina-25-rondinella-20-cabernet-nebbiolo-croatina-e-sangiovese-de","14":"pa_vintage-2012-de","16":"first","17":"outofstock","18":"taxable","19":"shipping-taxable","20":"purchasable","21":"product-type-simple"},"bundled_by":[],"bundle_stock_status":"outofstock","bundle_stock_quantity":0,"bundle_virtual":false,"bundle_layout":"","bundle_add_to_cart_form_location":"","bundle_editable_in_cart":false,"bundle_sold_individually_context":"","bundle_item_grouping":"","bundle_min_size":"","bundle_max_size":"","bundle_price":[],"bundled_items":[],"bundle_sell_ids":[],"yoast_head":"<!-- This site is optimized with the Yoast SEO plugin v27.2 - https:\/\/yoast.com\/product\/yoast-seo-wordpress\/ -->\n<title>Valpolicella Classico Superiore QUINTARELLI 2012<\/title>\n<meta name=\"description\" content=\"Valpolicella Classico Superiore QUINTARELLI 2012\" \/>\n<meta name=\"robots\" content=\"index, follow, max-snippet:-1, max-image-preview:large, max-video-preview:-1\" \/>\n<link rel=\"canonical\" href=\"https:\/\/fonsvinum.com\/de\/produkt\/valpolicella-classico-supeirore-quintarelli-2012\/\" \/>\n<meta property=\"og:locale\" content=\"de_DE\" \/>\n<meta property=\"og:type\" content=\"article\" \/>\n<meta property=\"og:title\" content=\"Valpolicella Classico Superiore QUINTARELLI 2012\" \/>\n<meta property=\"og:description\" content=\"Valpolicella Classico Superiore QUINTARELLI 2012\" \/>\n<meta property=\"og:url\" content=\"https:\/\/fonsvinum.com\/de\/produkt\/valpolicella-classico-supeirore-quintarelli-2012\/\" \/>\n<meta property=\"og:site_name\" content=\"Fons Vinum\" \/>\n<meta property=\"article:modified_time\" content=\"2020-05-11T13:10:02+00:00\" \/>\n<meta property=\"og:image\" content=\"https:\/\/fonsvinum.com\/files\/2014\/10\/valpolicella-05quintarelli.jpg\" \/>\n\t<meta property=\"og:image:width\" content=\"225\" \/>\n\t<meta property=\"og:image:height\" content=\"540\" \/>\n\t<meta property=\"og:image:type\" content=\"image\/jpeg\" \/>\n<script type=\"application\/ld+json\" class=\"yoast-schema-graph\">{\"@context\":\"https:\/\/schema.org\",\"@graph\":[{\"@type\":\"WebPage\",\"@id\":\"https:\/\/fonsvinum.com\/de\/produkt\/valpolicella-classico-supeirore-quintarelli-2012\/\",\"url\":\"https:\/\/fonsvinum.com\/de\/produkt\/valpolicella-classico-supeirore-quintarelli-2012\/\",\"name\":\"Valpolicella Classico Superiore QUINTARELLI 2012\",\"isPartOf\":{\"@id\":\"https:\/\/fonsvinum.com\/en\/#website\"},\"primaryImageOfPage\":{\"@id\":\"https:\/\/fonsvinum.com\/de\/produkt\/valpolicella-classico-supeirore-quintarelli-2012\/#primaryimage\"},\"image\":{\"@id\":\"https:\/\/fonsvinum.com\/de\/produkt\/valpolicella-classico-supeirore-quintarelli-2012\/#primaryimage\"},\"thumbnailUrl\":\"https:\/\/fonsvinum.com\/files\/2014\/10\/valpolicella-05quintarelli.jpg\",\"datePublished\":\"2020-05-05T08:14:40+00:00\",\"dateModified\":\"2020-05-11T13:10:02+00:00\",\"description\":\"Valpolicella Classico Superiore QUINTARELLI 2012\",\"breadcrumb\":{\"@id\":\"https:\/\/fonsvinum.com\/de\/produkt\/valpolicella-classico-supeirore-quintarelli-2012\/#breadcrumb\"},\"inLanguage\":\"de\",\"potentialAction\":[{\"@type\":\"ReadAction\",\"target\":[\"https:\/\/fonsvinum.com\/de\/produkt\/valpolicella-classico-supeirore-quintarelli-2012\/\"]}]},{\"@type\":\"ImageObject\",\"inLanguage\":\"de\",\"@id\":\"https:\/\/fonsvinum.com\/de\/produkt\/valpolicella-classico-supeirore-quintarelli-2012\/#primaryimage\",\"url\":\"https:\/\/fonsvinum.com\/files\/2014\/10\/valpolicella-05quintarelli.jpg\",\"contentUrl\":\"https:\/\/fonsvinum.com\/files\/2014\/10\/valpolicella-05quintarelli.jpg\",\"width\":225,\"height\":540},{\"@type\":\"BreadcrumbList\",\"@id\":\"https:\/\/fonsvinum.com\/de\/produkt\/valpolicella-classico-supeirore-quintarelli-2012\/#breadcrumb\",\"itemListElement\":[{\"@type\":\"ListItem\",\"position\":1,\"name\":\"Startseite\",\"item\":\"https:\/\/fonsvinum.com\/de\/\"},{\"@type\":\"ListItem\",\"position\":2,\"name\":\"Shop\",\"item\":\"https:\/\/fonsvinum.com\/de\/shop\/\"},{\"@type\":\"ListItem\",\"position\":3,\"name\":\"Valpolicella Classico Superiore QUINTARELLI 2012\"}]},{\"@type\":\"WebSite\",\"@id\":\"https:\/\/fonsvinum.com\/en\/#website\",\"url\":\"https:\/\/fonsvinum.com\/en\/\",\"name\":\"Fons Vinum\",\"description\":\"Vendita Vino Online\",\"publisher\":{\"@id\":\"https:\/\/fonsvinum.com\/en\/#organization\"},\"potentialAction\":[{\"@type\":\"SearchAction\",\"target\":{\"@type\":\"EntryPoint\",\"urlTemplate\":\"https:\/\/fonsvinum.com\/en\/?s={search_term_string}\"},\"query-input\":{\"@type\":\"PropertyValueSpecification\",\"valueRequired\":true,\"valueName\":\"search_term_string\"}}],\"inLanguage\":\"de\"},{\"@type\":\"Organization\",\"@id\":\"https:\/\/fonsvinum.com\/en\/#organization\",\"name\":\"Fons Vinum\",\"url\":\"https:\/\/fonsvinum.com\/en\/\",\"logo\":{\"@type\":\"ImageObject\",\"inLanguage\":\"de\",\"@id\":\"https:\/\/fonsvinum.com\/en\/#\/schema\/logo\/image\/\",\"url\":\"\",\"contentUrl\":\"\",\"caption\":\"Fons Vinum\"},\"image\":{\"@id\":\"https:\/\/fonsvinum.com\/en\/#\/schema\/logo\/image\/\"}}]}<\/script>\n<!-- \/ Yoast SEO plugin. -->","yoast_head_json":{"title":"Valpolicella Classico Superiore QUINTARELLI 2012","description":"Valpolicella Classico Superiore QUINTARELLI 2012","robots":{"index":"index","follow":"follow","max-snippet":"max-snippet:-1","max-image-preview":"max-image-preview:large","max-video-preview":"max-video-preview:-1"},"canonical":"https:\/\/fonsvinum.com\/de\/produkt\/valpolicella-classico-supeirore-quintarelli-2012\/","og_locale":"de_DE","og_type":"article","og_title":"Valpolicella Classico Superiore QUINTARELLI 2012","og_description":"Valpolicella Classico Superiore QUINTARELLI 2012","og_url":"https:\/\/fonsvinum.com\/de\/produkt\/valpolicella-classico-supeirore-quintarelli-2012\/","og_site_name":"Fons Vinum","article_modified_time":"2020-05-11T13:10:02+00:00","og_image":[{"width":225,"height":540,"url":"https:\/\/fonsvinum.com\/files\/2014\/10\/valpolicella-05quintarelli.jpg","type":"image\/jpeg"}],"schema":{"@context":"https:\/\/schema.org","@graph":[{"@type":"WebPage","@id":"https:\/\/fonsvinum.com\/de\/produkt\/valpolicella-classico-supeirore-quintarelli-2012\/","url":"https:\/\/fonsvinum.com\/de\/produkt\/valpolicella-classico-supeirore-quintarelli-2012\/","name":"Valpolicella Classico Superiore QUINTARELLI 2012","isPartOf":{"@id":"https:\/\/fonsvinum.com\/en\/#website"},"primaryImageOfPage":{"@id":"https:\/\/fonsvinum.com\/de\/produkt\/valpolicella-classico-supeirore-quintarelli-2012\/#primaryimage"},"image":{"@id":"https:\/\/fonsvinum.com\/de\/produkt\/valpolicella-classico-supeirore-quintarelli-2012\/#primaryimage"},"thumbnailUrl":"https:\/\/fonsvinum.com\/files\/2014\/10\/valpolicella-05quintarelli.jpg","datePublished":"2020-05-05T08:14:40+00:00","dateModified":"2020-05-11T13:10:02+00:00","description":"Valpolicella Classico Superiore QUINTARELLI 2012","breadcrumb":{"@id":"https:\/\/fonsvinum.com\/de\/produkt\/valpolicella-classico-supeirore-quintarelli-2012\/#breadcrumb"},"inLanguage":"de","potentialAction":[{"@type":"ReadAction","target":["https:\/\/fonsvinum.com\/de\/produkt\/valpolicella-classico-supeirore-quintarelli-2012\/"]}]},{"@type":"ImageObject","inLanguage":"de","@id":"https:\/\/fonsvinum.com\/de\/produkt\/valpolicella-classico-supeirore-quintarelli-2012\/#primaryimage","url":"https:\/\/fonsvinum.com\/files\/2014\/10\/valpolicella-05quintarelli.jpg","contentUrl":"https:\/\/fonsvinum.com\/files\/2014\/10\/valpolicella-05quintarelli.jpg","width":225,"height":540},{"@type":"BreadcrumbList","@id":"https:\/\/fonsvinum.com\/de\/produkt\/valpolicella-classico-supeirore-quintarelli-2012\/#breadcrumb","itemListElement":[{"@type":"ListItem","position":1,"name":"Startseite","item":"https:\/\/fonsvinum.com\/de\/"},{"@type":"ListItem","position":2,"name":"Shop","item":"https:\/\/fonsvinum.com\/de\/shop\/"},{"@type":"ListItem","position":3,"name":"Valpolicella Classico Superiore QUINTARELLI 2012"}]},{"@type":"WebSite","@id":"https:\/\/fonsvinum.com\/en\/#website","url":"https:\/\/fonsvinum.com\/en\/","name":"Fons Vinum","description":"Vendita Vino Online","publisher":{"@id":"https:\/\/fonsvinum.com\/en\/#organization"},"potentialAction":[{"@type":"SearchAction","target":{"@type":"EntryPoint","urlTemplate":"https:\/\/fonsvinum.com\/en\/?s={search_term_string}"},"query-input":{"@type":"PropertyValueSpecification","valueRequired":true,"valueName":"search_term_string"}}],"inLanguage":"de"},{"@type":"Organization","@id":"https:\/\/fonsvinum.com\/en\/#organization","name":"Fons Vinum","url":"https:\/\/fonsvinum.com\/en\/","logo":{"@type":"ImageObject","inLanguage":"de","@id":"https:\/\/fonsvinum.com\/en\/#\/schema\/logo\/image\/","url":"","contentUrl":"","caption":"Fons Vinum"},"image":{"@id":"https:\/\/fonsvinum.com\/en\/#\/schema\/logo\/image\/"}}]}},"acf":[],"_links":{"self":[{"href":"https:\/\/fonsvinum.com\/de\/wp-json\/wp\/v2\/product\/24704","targetHints":{"allow":["GET"]}}],"collection":[{"href":"https:\/\/fonsvinum.com\/de\/wp-json\/wp\/v2\/product"}],"about":[{"href":"https:\/\/fonsvinum.com\/de\/wp-json\/wp\/v2\/types\/product"}],"replies":[{"embeddable":true,"href":"https:\/\/fonsvinum.com\/de\/wp-json\/wp\/v2\/comments?post=24704"}],"wp:featuredmedia":[{"embeddable":true,"href":"https:\/\/fonsvinum.com\/de\/wp-json\/wp\/v2\/media\/5752"}],"wp:attachment":[{"href":"https:\/\/fonsvinum.com\/de\/wp-json\/wp\/v2\/media?parent=24704"}],"wp:term":[{"taxonomy":"product_brand","embeddable":true,"href":"https:\/\/fonsvinum.com\/de\/wp-json\/wp\/v2\/product_brand?post=24704"},{"taxonomy":"product_cat","embeddable":true,"href":"https:\/\/fonsvinum.com\/de\/wp-json\/wp\/v2\/product_cat?post=24704"},{"taxonomy":"product_tag","embeddable":true,"href":"https:\/\/fonsvinum.com\/de\/wp-json\/wp\/v2\/product_tag?post=24704"}],"curies":[{"name":"wp","href":"https:\/\/api.w.org\/{rel}","templated":true}]}}