{"id":24586,"date":"2020-04-30T11:47:53","date_gmt":"2020-04-30T09:47:53","guid":{"rendered":"https:\/\/fonsvinum.com\/?post_type=product&#038;p=24586"},"modified":"2020-04-30T12:10:22","modified_gmt":"2020-04-30T10:10:22","slug":"toscana-igt-lucente-2017-luce-della-vite","status":"publish","type":"product","link":"https:\/\/fonsvinum.com\/de\/produkt\/toscana-igt-lucente-2017-luce-della-vite\/","title":{"rendered":"Lucente 2017 Luce della Vite"},"content":{"rendered":"<h1>Lucente 2017 <a href=\"https:\/\/de.lucedellavite.com\/\">Luce della Vite<\/a><\/h1>\n<p>Lucente 2017 Luce della Vite<\/p>\n<h2>LUCE DELLA VITE<\/h2>\n<div class=\"main-details\">\n<div class=\"row\">\n<div class=\"col-12 order-md-1 col-md-7\">\n<h3 class=\"mt-5 mb-5\">Unsere Geschichte. Die Anf\u00e4nge.<\/h3>\n<p>Als Vittorio Frescobaldi Anfang der 90er Jahre Robert Mondavi trifft, nimmt ein neues Kapitel in der Geschichte der gro\u00dfartigen toskanischen Weine und in der Geschichte der Qualit\u00e4tsweine seinen Anfang.<\/p>\n<p>Aus der Begegnung der beiden Partner entstand Luce.<\/p>\n<p>Von Anfang an war es fester Wille, eine Vision zu verwirklichen \u2013 die Herstellung toskanischer Spitzenweine in einem besonders geeigneten Terroir, jenem, das die Ortschaft Montalcino umgibt.<\/p>\n<p>Ein ehrgeiziges Projekt mit dem Namen Luce della Vite: Eine Hommage an das Grundelement Licht, das uns W\u00e4rme, Energie und Leben schenkt. Nichts k\u00f6nnte in der Natur ohne Licht gedeihen.<\/p>\n<p>Die Tenuta Luce hielt diese Vision \u00fcber all die Jahre aufrecht \u2013 und wurde allm\u00e4hlich Wiege exklusiver Weine, die weit \u00fcber die Grenzen ihrer Region hinaus und zumal auf internationaler Ebene als Spitzenweine der Toskana gesch\u00e4tzt werden.<\/p>\n<\/div>\n<\/div>\n<\/div>\n<div class=\"mood\">\n<div class=\"paragraph\">\n<div class=\"row\">\n<div class=\"col-12 col-md-7\">\n<h3>Sonne, W\u00e4rme, Leben. Davon erz\u00e4hlt uns Luce.<\/h3>\n<p>Als Folge des nat\u00fcrlichen Generationenwechsels nahm Lamberto Frescobaldi, Sohn von Vittorio, die Geschicke des Gutes in die Hand.<\/p>\n<p>Unter seiner Leitung festigten sich in der Tenuta Luce della Vite die Kenntnisse und das Fachwissen weiter und weiter: Noch intensiver wird auf die Rhythmen der Natur eingegangen; im Fokus steht die leidenschaftliche Hingabe, den vielschichtigen Prozess der Vinifizierung mehr und mehr zu verfeinern. So entstehen wahre toskanische Spitzenweine.<\/p>\n<h2>LUCENTE<\/h2>\n<p>Lucente ist der zweite Wein von Luce.<\/p>\n<p>Er entsteht aus einer Selektion von Trauben der Sorten Sangiovese und Merlot, die wie geschaffen f\u00fcr diesen Weinstil sind. Weich und elegant unterscheidet er sich durch seine Unmittelbarkeit und Gef\u00e4lligkeit und tritt als moderner Botschafter toskanischer Winzerkunst auf.<\/p>\n<p>Er ist perfekter Ausdruck der Einzigartigkeit seines Terroirs. Vor seiner Abf\u00fcllung in Flaschen erfolgt ein 12monatiger Ausbau im Barrique im Weinkeller der Tenuta Luce.<\/p>\n<\/div>\n<\/div>\n<\/div>\n<\/div>\n","protected":false},"excerpt":{"rendered":"<p>Lucente 2017 Luce della Vite Lucente 2017 Luce della Vite LUCE DELLA VITE Unsere Geschichte. Die Anf\u00e4nge. Als Vittorio Frescobaldi Anfang der 90er Jahre Robert Mondavi trifft, nimmt ein neues Kapitel in der Geschichte der gro\u00dfartigen toskanischen Weine und in der Geschichte der Qualit\u00e4tsweine seinen Anfang. Aus der Begegnung der beiden Partner entstand Luce. Von [&hellip;]<\/p>\n","protected":false},"featured_media":4678,"comment_status":"open","ping_status":"closed","template":"","meta":{"_acf_changed":false,"_monsterinsights_skip_tracking":false,"_monsterinsights_sitenote_active":false,"_monsterinsights_sitenote_note":"","_monsterinsights_sitenote_category":0},"product_brand":[],"product_cat":[1693],"product_tag":[],"class_list":{"0":"post-24586","1":"product","2":"type-product","3":"status-publish","4":"has-post-thumbnail","6":"product_cat-blend-2-de","7":"pa_appellation-toscana-rosso-igt-de","8":"pa_formato-0-75-l-flasche-de","9":"pa_producer-luce-della-vite-de","10":"pa_region-toskana-de","11":"pa_vine-50-merlot-35-sangiovese15-cabernet-sauvignon-de","12":"pa_vintage-2017-de","14":"first","15":"instock","16":"taxable","17":"shipping-taxable","18":"purchasable","19":"product-type-simple"},"bundled_by":[],"bundle_stock_status":"instock","bundle_stock_quantity":6,"bundle_virtual":false,"bundle_layout":"","bundle_add_to_cart_form_location":"","bundle_editable_in_cart":false,"bundle_sold_individually_context":"","bundle_item_grouping":"","bundle_min_size":"","bundle_max_size":"","bundle_price":[],"bundled_items":[],"bundle_sell_ids":[],"yoast_head":"<!-- This site is optimized with the Yoast SEO plugin v27.2 - https:\/\/yoast.com\/product\/yoast-seo-wordpress\/ -->\n<title>Kaufen on line Toscana IGT Lucente 2017 Luce della vite<\/title>\n<meta name=\"description\" content=\"Kaufen on line on Fons Vinum Toscana IGT Lucente 2017 Luce della vite. I Fons Vinum rare Weine on line aus Piedmont und Toskana.\" \/>\n<meta name=\"robots\" content=\"index, follow, max-snippet:-1, max-image-preview:large, max-video-preview:-1\" \/>\n<link rel=\"canonical\" href=\"https:\/\/fonsvinum.com\/de\/produkt\/toscana-igt-lucente-2017-luce-della-vite\/\" \/>\n<meta property=\"og:locale\" content=\"de_DE\" \/>\n<meta property=\"og:type\" content=\"article\" \/>\n<meta property=\"og:title\" content=\"Kaufen on line Toscana IGT Lucente 2017 Luce della vite\" \/>\n<meta property=\"og:description\" content=\"Kaufen on line on Fons Vinum Toscana IGT Lucente 2017 Luce della vite. I Fons Vinum rare Weine on line aus Piedmont und Toskana.\" \/>\n<meta property=\"og:url\" content=\"https:\/\/fonsvinum.com\/de\/produkt\/toscana-igt-lucente-2017-luce-della-vite\/\" \/>\n<meta property=\"og:site_name\" content=\"Fons Vinum\" \/>\n<meta property=\"article:modified_time\" content=\"2020-04-30T10:10:22+00:00\" \/>\n<meta property=\"og:image\" content=\"https:\/\/fonsvinum.com\/files\/2014\/07\/toscana-lucente-luce.png\" \/>\n\t<meta property=\"og:image:width\" content=\"200\" \/>\n\t<meta property=\"og:image:height\" content=\"600\" \/>\n\t<meta property=\"og:image:type\" content=\"image\/png\" \/>\n<meta name=\"twitter:label1\" content=\"Gesch\u00e4tzte Lesezeit\" \/>\n\t<meta name=\"twitter:data1\" content=\"2\u00a0Minuten\" \/>\n<script type=\"application\/ld+json\" class=\"yoast-schema-graph\">{\"@context\":\"https:\/\/schema.org\",\"@graph\":[{\"@type\":\"WebPage\",\"@id\":\"https:\/\/fonsvinum.com\/de\/produkt\/toscana-igt-lucente-2017-luce-della-vite\/\",\"url\":\"https:\/\/fonsvinum.com\/de\/produkt\/toscana-igt-lucente-2017-luce-della-vite\/\",\"name\":\"Kaufen on line Toscana IGT Lucente 2017 Luce della vite\",\"isPartOf\":{\"@id\":\"https:\/\/fonsvinum.com\/en\/#website\"},\"primaryImageOfPage\":{\"@id\":\"https:\/\/fonsvinum.com\/de\/produkt\/toscana-igt-lucente-2017-luce-della-vite\/#primaryimage\"},\"image\":{\"@id\":\"https:\/\/fonsvinum.com\/de\/produkt\/toscana-igt-lucente-2017-luce-della-vite\/#primaryimage\"},\"thumbnailUrl\":\"https:\/\/fonsvinum.com\/files\/2014\/07\/toscana-lucente-luce.png\",\"datePublished\":\"2020-04-30T09:47:53+00:00\",\"dateModified\":\"2020-04-30T10:10:22+00:00\",\"description\":\"Kaufen on line on Fons Vinum Toscana IGT Lucente 2017 Luce della vite. I Fons Vinum rare Weine on line aus Piedmont und Toskana.\",\"breadcrumb\":{\"@id\":\"https:\/\/fonsvinum.com\/de\/produkt\/toscana-igt-lucente-2017-luce-della-vite\/#breadcrumb\"},\"inLanguage\":\"de\",\"potentialAction\":[{\"@type\":\"ReadAction\",\"target\":[\"https:\/\/fonsvinum.com\/de\/produkt\/toscana-igt-lucente-2017-luce-della-vite\/\"]}]},{\"@type\":\"ImageObject\",\"inLanguage\":\"de\",\"@id\":\"https:\/\/fonsvinum.com\/de\/produkt\/toscana-igt-lucente-2017-luce-della-vite\/#primaryimage\",\"url\":\"https:\/\/fonsvinum.com\/files\/2014\/07\/toscana-lucente-luce.png\",\"contentUrl\":\"https:\/\/fonsvinum.com\/files\/2014\/07\/toscana-lucente-luce.png\",\"width\":200,\"height\":600},{\"@type\":\"BreadcrumbList\",\"@id\":\"https:\/\/fonsvinum.com\/de\/produkt\/toscana-igt-lucente-2017-luce-della-vite\/#breadcrumb\",\"itemListElement\":[{\"@type\":\"ListItem\",\"position\":1,\"name\":\"Startseite\",\"item\":\"https:\/\/fonsvinum.com\/de\/\"},{\"@type\":\"ListItem\",\"position\":2,\"name\":\"Shop\",\"item\":\"https:\/\/fonsvinum.com\/de\/shop\/\"},{\"@type\":\"ListItem\",\"position\":3,\"name\":\"Lucente 2017 Luce della Vite\"}]},{\"@type\":\"WebSite\",\"@id\":\"https:\/\/fonsvinum.com\/en\/#website\",\"url\":\"https:\/\/fonsvinum.com\/en\/\",\"name\":\"Fons Vinum\",\"description\":\"Vendita Vino Online\",\"publisher\":{\"@id\":\"https:\/\/fonsvinum.com\/en\/#organization\"},\"potentialAction\":[{\"@type\":\"SearchAction\",\"target\":{\"@type\":\"EntryPoint\",\"urlTemplate\":\"https:\/\/fonsvinum.com\/en\/?s={search_term_string}\"},\"query-input\":{\"@type\":\"PropertyValueSpecification\",\"valueRequired\":true,\"valueName\":\"search_term_string\"}}],\"inLanguage\":\"de\"},{\"@type\":\"Organization\",\"@id\":\"https:\/\/fonsvinum.com\/en\/#organization\",\"name\":\"Fons Vinum\",\"url\":\"https:\/\/fonsvinum.com\/en\/\",\"logo\":{\"@type\":\"ImageObject\",\"inLanguage\":\"de\",\"@id\":\"https:\/\/fonsvinum.com\/en\/#\/schema\/logo\/image\/\",\"url\":\"\",\"contentUrl\":\"\",\"caption\":\"Fons Vinum\"},\"image\":{\"@id\":\"https:\/\/fonsvinum.com\/en\/#\/schema\/logo\/image\/\"}}]}<\/script>\n<!-- \/ Yoast SEO plugin. -->","yoast_head_json":{"title":"Kaufen on line Toscana IGT Lucente 2017 Luce della vite","description":"Kaufen on line on Fons Vinum Toscana IGT Lucente 2017 Luce della vite. I Fons Vinum rare Weine on line aus Piedmont und Toskana.","robots":{"index":"index","follow":"follow","max-snippet":"max-snippet:-1","max-image-preview":"max-image-preview:large","max-video-preview":"max-video-preview:-1"},"canonical":"https:\/\/fonsvinum.com\/de\/produkt\/toscana-igt-lucente-2017-luce-della-vite\/","og_locale":"de_DE","og_type":"article","og_title":"Kaufen on line Toscana IGT Lucente 2017 Luce della vite","og_description":"Kaufen on line on Fons Vinum Toscana IGT Lucente 2017 Luce della vite. I Fons Vinum rare Weine on line aus Piedmont und Toskana.","og_url":"https:\/\/fonsvinum.com\/de\/produkt\/toscana-igt-lucente-2017-luce-della-vite\/","og_site_name":"Fons Vinum","article_modified_time":"2020-04-30T10:10:22+00:00","og_image":[{"width":200,"height":600,"url":"https:\/\/fonsvinum.com\/files\/2014\/07\/toscana-lucente-luce.png","type":"image\/png"}],"twitter_misc":{"Gesch\u00e4tzte Lesezeit":"2\u00a0Minuten"},"schema":{"@context":"https:\/\/schema.org","@graph":[{"@type":"WebPage","@id":"https:\/\/fonsvinum.com\/de\/produkt\/toscana-igt-lucente-2017-luce-della-vite\/","url":"https:\/\/fonsvinum.com\/de\/produkt\/toscana-igt-lucente-2017-luce-della-vite\/","name":"Kaufen on line Toscana IGT Lucente 2017 Luce della vite","isPartOf":{"@id":"https:\/\/fonsvinum.com\/en\/#website"},"primaryImageOfPage":{"@id":"https:\/\/fonsvinum.com\/de\/produkt\/toscana-igt-lucente-2017-luce-della-vite\/#primaryimage"},"image":{"@id":"https:\/\/fonsvinum.com\/de\/produkt\/toscana-igt-lucente-2017-luce-della-vite\/#primaryimage"},"thumbnailUrl":"https:\/\/fonsvinum.com\/files\/2014\/07\/toscana-lucente-luce.png","datePublished":"2020-04-30T09:47:53+00:00","dateModified":"2020-04-30T10:10:22+00:00","description":"Kaufen on line on Fons Vinum Toscana IGT Lucente 2017 Luce della vite. I Fons Vinum rare Weine on line aus Piedmont und Toskana.","breadcrumb":{"@id":"https:\/\/fonsvinum.com\/de\/produkt\/toscana-igt-lucente-2017-luce-della-vite\/#breadcrumb"},"inLanguage":"de","potentialAction":[{"@type":"ReadAction","target":["https:\/\/fonsvinum.com\/de\/produkt\/toscana-igt-lucente-2017-luce-della-vite\/"]}]},{"@type":"ImageObject","inLanguage":"de","@id":"https:\/\/fonsvinum.com\/de\/produkt\/toscana-igt-lucente-2017-luce-della-vite\/#primaryimage","url":"https:\/\/fonsvinum.com\/files\/2014\/07\/toscana-lucente-luce.png","contentUrl":"https:\/\/fonsvinum.com\/files\/2014\/07\/toscana-lucente-luce.png","width":200,"height":600},{"@type":"BreadcrumbList","@id":"https:\/\/fonsvinum.com\/de\/produkt\/toscana-igt-lucente-2017-luce-della-vite\/#breadcrumb","itemListElement":[{"@type":"ListItem","position":1,"name":"Startseite","item":"https:\/\/fonsvinum.com\/de\/"},{"@type":"ListItem","position":2,"name":"Shop","item":"https:\/\/fonsvinum.com\/de\/shop\/"},{"@type":"ListItem","position":3,"name":"Lucente 2017 Luce della Vite"}]},{"@type":"WebSite","@id":"https:\/\/fonsvinum.com\/en\/#website","url":"https:\/\/fonsvinum.com\/en\/","name":"Fons Vinum","description":"Vendita Vino Online","publisher":{"@id":"https:\/\/fonsvinum.com\/en\/#organization"},"potentialAction":[{"@type":"SearchAction","target":{"@type":"EntryPoint","urlTemplate":"https:\/\/fonsvinum.com\/en\/?s={search_term_string}"},"query-input":{"@type":"PropertyValueSpecification","valueRequired":true,"valueName":"search_term_string"}}],"inLanguage":"de"},{"@type":"Organization","@id":"https:\/\/fonsvinum.com\/en\/#organization","name":"Fons Vinum","url":"https:\/\/fonsvinum.com\/en\/","logo":{"@type":"ImageObject","inLanguage":"de","@id":"https:\/\/fonsvinum.com\/en\/#\/schema\/logo\/image\/","url":"","contentUrl":"","caption":"Fons Vinum"},"image":{"@id":"https:\/\/fonsvinum.com\/en\/#\/schema\/logo\/image\/"}}]}},"acf":[],"_links":{"self":[{"href":"https:\/\/fonsvinum.com\/de\/wp-json\/wp\/v2\/product\/24586","targetHints":{"allow":["GET"]}}],"collection":[{"href":"https:\/\/fonsvinum.com\/de\/wp-json\/wp\/v2\/product"}],"about":[{"href":"https:\/\/fonsvinum.com\/de\/wp-json\/wp\/v2\/types\/product"}],"replies":[{"embeddable":true,"href":"https:\/\/fonsvinum.com\/de\/wp-json\/wp\/v2\/comments?post=24586"}],"wp:featuredmedia":[{"embeddable":true,"href":"https:\/\/fonsvinum.com\/de\/wp-json\/wp\/v2\/media\/4678"}],"wp:attachment":[{"href":"https:\/\/fonsvinum.com\/de\/wp-json\/wp\/v2\/media?parent=24586"}],"wp:term":[{"taxonomy":"product_brand","embeddable":true,"href":"https:\/\/fonsvinum.com\/de\/wp-json\/wp\/v2\/product_brand?post=24586"},{"taxonomy":"product_cat","embeddable":true,"href":"https:\/\/fonsvinum.com\/de\/wp-json\/wp\/v2\/product_cat?post=24586"},{"taxonomy":"product_tag","embeddable":true,"href":"https:\/\/fonsvinum.com\/de\/wp-json\/wp\/v2\/product_tag?post=24586"}],"curies":[{"name":"wp","href":"https:\/\/api.w.org\/{rel}","templated":true}]}}