{"id":24326,"date":"2020-04-27T16:27:27","date_gmt":"2020-04-27T14:27:27","guid":{"rendered":"https:\/\/fonsvinum.com\/?post_type=product&#038;p=24326"},"modified":"2020-04-27T17:00:33","modified_gmt":"2020-04-27T15:00:33","slug":"barolo-riserva-vecchie-vigne-renato-corino-2005","status":"publish","type":"product","link":"https:\/\/fonsvinum.com\/de\/produkt\/barolo-riserva-vecchie-vigne-renato-corino-2005\/","title":{"rendered":"Barolo Riserva Vecchie Vigne Renato Corino 2005"},"content":{"rendered":"<h1>Barolo Riserva Vecchie Vigne <a href=\"http:\/\/www.renatocorino.it\/de_index.html\">Renato Corino<\/a> 2005<\/h1>\n<h5 class=\"lead\">Die Geschichte von Weingut Renato Corino<\/h5>\n<p>Das Weingut Renato Corino wurde im Jahr 2005 gegr\u00fcndet. Zuvor sammelte Renato zusammen mit seinem Bruder Giuliano 20 Jahre Erfahrung im v\u00e4terlichen Betrieb Giovanni Corino.<\/p>\n<p>Das wundersch\u00f6ne Anwesen liegt im Herzen des Vigneto Arborina; einer der besten Lagen der Region. Zusammen mit dem Vigneto Rocche dell\u00b4Annunziata repr\u00e4sentieren diese beiden Top-Lagen hervorragende Eigenschaften f\u00fcr die Produktion von Barolo Weinen aus La Morra.<\/p>\n<p>Renato Corino ist bekannt f\u00fcr seine sehr eleganten Barolo-Weine:<\/p>\n<ul>\n<li>Barolo del comune di La Morra<\/li>\n<li>Barolo Arborina<\/li>\n<li>Barolo Rocche dell\u00b4Annunziata<\/li>\n<li>Barolo Riserva<\/li>\n<\/ul>\n<p>Dar\u00fcber hinaus werden die folgenden Weine produziert:<\/p>\n<ul>\n<li>Dolcetto d\u00b4Alba<\/li>\n<li>Barbera d\u00b4Alba<\/li>\n<li>Langhe Nebbiolo<\/li>\n<li>Barbera d\u00b4Alba Pozzo<\/li>\n<\/ul>\n<p>Der Familienbetrieb verf\u00fcgt \u00fcber 7 Hektar Anbaufl\u00e4chen und wird von Renato und seinem Sohn Stefano mit besonders gro\u00dfer Leidenschaft und Sorgfalt gef\u00fchrt.<\/p>\n","protected":false},"excerpt":{"rendered":"<p>Barolo Riserva Vecchie Vigne Renato Corino 2005 Die Geschichte von Weingut Renato Corino Das Weingut Renato Corino wurde im Jahr 2005 gegr\u00fcndet. Zuvor sammelte Renato zusammen mit seinem Bruder Giuliano 20 Jahre Erfahrung im v\u00e4terlichen Betrieb Giovanni Corino. Das wundersch\u00f6ne Anwesen liegt im Herzen des Vigneto Arborina; einer der besten Lagen der Region. Zusammen mit [&hellip;]<\/p>\n","protected":false},"featured_media":24334,"comment_status":"open","ping_status":"closed","template":"","meta":{"_acf_changed":false,"_monsterinsights_skip_tracking":false,"_monsterinsights_sitenote_active":false,"_monsterinsights_sitenote_note":"","_monsterinsights_sitenote_category":0},"product_brand":[],"product_cat":[1824],"product_tag":[1751,15903],"class_list":{"0":"post-24326","1":"product","2":"type-product","3":"status-publish","4":"has-post-thumbnail","6":"product_cat-barolo-de","7":"product_tag-aussergewoehnliche-weine-aus-italien-de","8":"product_tag-barolo-de","9":"pa_appellation-barolo-riserva-docg-de","10":"pa_formato-0-75-l-flasche-de","11":"pa_producer-renato-corino-de","12":"pa_region-piemont-de","13":"pa_vine-100-nebbiolo-de","14":"pa_vintage-2005-de","16":"first","17":"outofstock","18":"taxable","19":"shipping-taxable","20":"purchasable","21":"product-type-simple"},"bundled_by":[],"bundle_stock_status":"outofstock","bundle_stock_quantity":1,"bundle_virtual":false,"bundle_layout":"","bundle_add_to_cart_form_location":"","bundle_editable_in_cart":false,"bundle_sold_individually_context":"","bundle_item_grouping":"","bundle_min_size":"","bundle_max_size":"","bundle_price":[],"bundled_items":[],"bundle_sell_ids":[],"yoast_head":"<!-- This site is optimized with the Yoast SEO plugin v27.2 - https:\/\/yoast.com\/product\/yoast-seo-wordpress\/ -->\n<title>Buy Barolo Riserva Vecchie Vigne Renato Corino 2005 | FonsVinum<\/title>\n<meta name=\"description\" content=\"Barolo Riserva Vecchie Vigne Renato Corino 2005 | FonsVinum\" \/>\n<meta name=\"robots\" content=\"index, follow, max-snippet:-1, max-image-preview:large, max-video-preview:-1\" \/>\n<link rel=\"canonical\" href=\"https:\/\/fonsvinum.com\/de\/produkt\/barolo-riserva-vecchie-vigne-renato-corino-2005\/\" \/>\n<meta property=\"og:locale\" content=\"de_DE\" \/>\n<meta property=\"og:type\" content=\"article\" \/>\n<meta property=\"og:title\" content=\"Buy Barolo Riserva Vecchie Vigne Renato Corino 2005 | FonsVinum\" \/>\n<meta property=\"og:description\" content=\"Barolo Riserva Vecchie Vigne Renato Corino 2005 | FonsVinum\" \/>\n<meta property=\"og:url\" content=\"https:\/\/fonsvinum.com\/de\/produkt\/barolo-riserva-vecchie-vigne-renato-corino-2005\/\" \/>\n<meta property=\"og:site_name\" content=\"Fons Vinum\" \/>\n<meta property=\"article:modified_time\" content=\"2020-04-27T15:00:33+00:00\" \/>\n<meta property=\"og:image\" content=\"https:\/\/fonsvinum.com\/files\/2020\/04\/barolo-riserva-vecchie-vigne-renato-corino.jpg\" \/>\n\t<meta property=\"og:image:width\" content=\"200\" \/>\n\t<meta property=\"og:image:height\" content=\"600\" \/>\n\t<meta property=\"og:image:type\" content=\"image\/jpeg\" \/>\n<meta name=\"twitter:label1\" content=\"Gesch\u00e4tzte Lesezeit\" \/>\n\t<meta name=\"twitter:data1\" content=\"1\u00a0Minute\" \/>\n<script type=\"application\/ld+json\" class=\"yoast-schema-graph\">{\"@context\":\"https:\/\/schema.org\",\"@graph\":[{\"@type\":\"WebPage\",\"@id\":\"https:\/\/fonsvinum.com\/de\/produkt\/barolo-riserva-vecchie-vigne-renato-corino-2005\/\",\"url\":\"https:\/\/fonsvinum.com\/de\/produkt\/barolo-riserva-vecchie-vigne-renato-corino-2005\/\",\"name\":\"Buy Barolo Riserva Vecchie Vigne Renato Corino 2005 | FonsVinum\",\"isPartOf\":{\"@id\":\"https:\/\/fonsvinum.com\/en\/#website\"},\"primaryImageOfPage\":{\"@id\":\"https:\/\/fonsvinum.com\/de\/produkt\/barolo-riserva-vecchie-vigne-renato-corino-2005\/#primaryimage\"},\"image\":{\"@id\":\"https:\/\/fonsvinum.com\/de\/produkt\/barolo-riserva-vecchie-vigne-renato-corino-2005\/#primaryimage\"},\"thumbnailUrl\":\"https:\/\/fonsvinum.com\/files\/2020\/04\/barolo-riserva-vecchie-vigne-renato-corino.jpg\",\"datePublished\":\"2020-04-27T14:27:27+00:00\",\"dateModified\":\"2020-04-27T15:00:33+00:00\",\"description\":\"Barolo Riserva Vecchie Vigne Renato Corino 2005 | FonsVinum\",\"breadcrumb\":{\"@id\":\"https:\/\/fonsvinum.com\/de\/produkt\/barolo-riserva-vecchie-vigne-renato-corino-2005\/#breadcrumb\"},\"inLanguage\":\"de\",\"potentialAction\":[{\"@type\":\"ReadAction\",\"target\":[\"https:\/\/fonsvinum.com\/de\/produkt\/barolo-riserva-vecchie-vigne-renato-corino-2005\/\"]}]},{\"@type\":\"ImageObject\",\"inLanguage\":\"de\",\"@id\":\"https:\/\/fonsvinum.com\/de\/produkt\/barolo-riserva-vecchie-vigne-renato-corino-2005\/#primaryimage\",\"url\":\"https:\/\/fonsvinum.com\/files\/2020\/04\/barolo-riserva-vecchie-vigne-renato-corino.jpg\",\"contentUrl\":\"https:\/\/fonsvinum.com\/files\/2020\/04\/barolo-riserva-vecchie-vigne-renato-corino.jpg\",\"width\":200,\"height\":600},{\"@type\":\"BreadcrumbList\",\"@id\":\"https:\/\/fonsvinum.com\/de\/produkt\/barolo-riserva-vecchie-vigne-renato-corino-2005\/#breadcrumb\",\"itemListElement\":[{\"@type\":\"ListItem\",\"position\":1,\"name\":\"Startseite\",\"item\":\"https:\/\/fonsvinum.com\/de\/\"},{\"@type\":\"ListItem\",\"position\":2,\"name\":\"Shop\",\"item\":\"https:\/\/fonsvinum.com\/de\/shop\/\"},{\"@type\":\"ListItem\",\"position\":3,\"name\":\"Barolo Riserva Vecchie Vigne Renato Corino 2005\"}]},{\"@type\":\"WebSite\",\"@id\":\"https:\/\/fonsvinum.com\/en\/#website\",\"url\":\"https:\/\/fonsvinum.com\/en\/\",\"name\":\"Fons Vinum\",\"description\":\"Vendita Vino Online\",\"publisher\":{\"@id\":\"https:\/\/fonsvinum.com\/en\/#organization\"},\"potentialAction\":[{\"@type\":\"SearchAction\",\"target\":{\"@type\":\"EntryPoint\",\"urlTemplate\":\"https:\/\/fonsvinum.com\/en\/?s={search_term_string}\"},\"query-input\":{\"@type\":\"PropertyValueSpecification\",\"valueRequired\":true,\"valueName\":\"search_term_string\"}}],\"inLanguage\":\"de\"},{\"@type\":\"Organization\",\"@id\":\"https:\/\/fonsvinum.com\/en\/#organization\",\"name\":\"Fons Vinum\",\"url\":\"https:\/\/fonsvinum.com\/en\/\",\"logo\":{\"@type\":\"ImageObject\",\"inLanguage\":\"de\",\"@id\":\"https:\/\/fonsvinum.com\/en\/#\/schema\/logo\/image\/\",\"url\":\"\",\"contentUrl\":\"\",\"caption\":\"Fons Vinum\"},\"image\":{\"@id\":\"https:\/\/fonsvinum.com\/en\/#\/schema\/logo\/image\/\"}}]}<\/script>\n<!-- \/ Yoast SEO plugin. -->","yoast_head_json":{"title":"Buy Barolo Riserva Vecchie Vigne Renato Corino 2005 | FonsVinum","description":"Barolo Riserva Vecchie Vigne Renato Corino 2005 | FonsVinum","robots":{"index":"index","follow":"follow","max-snippet":"max-snippet:-1","max-image-preview":"max-image-preview:large","max-video-preview":"max-video-preview:-1"},"canonical":"https:\/\/fonsvinum.com\/de\/produkt\/barolo-riserva-vecchie-vigne-renato-corino-2005\/","og_locale":"de_DE","og_type":"article","og_title":"Buy Barolo Riserva Vecchie Vigne Renato Corino 2005 | FonsVinum","og_description":"Barolo Riserva Vecchie Vigne Renato Corino 2005 | FonsVinum","og_url":"https:\/\/fonsvinum.com\/de\/produkt\/barolo-riserva-vecchie-vigne-renato-corino-2005\/","og_site_name":"Fons Vinum","article_modified_time":"2020-04-27T15:00:33+00:00","og_image":[{"width":200,"height":600,"url":"https:\/\/fonsvinum.com\/files\/2020\/04\/barolo-riserva-vecchie-vigne-renato-corino.jpg","type":"image\/jpeg"}],"twitter_misc":{"Gesch\u00e4tzte Lesezeit":"1\u00a0Minute"},"schema":{"@context":"https:\/\/schema.org","@graph":[{"@type":"WebPage","@id":"https:\/\/fonsvinum.com\/de\/produkt\/barolo-riserva-vecchie-vigne-renato-corino-2005\/","url":"https:\/\/fonsvinum.com\/de\/produkt\/barolo-riserva-vecchie-vigne-renato-corino-2005\/","name":"Buy Barolo Riserva Vecchie Vigne Renato Corino 2005 | FonsVinum","isPartOf":{"@id":"https:\/\/fonsvinum.com\/en\/#website"},"primaryImageOfPage":{"@id":"https:\/\/fonsvinum.com\/de\/produkt\/barolo-riserva-vecchie-vigne-renato-corino-2005\/#primaryimage"},"image":{"@id":"https:\/\/fonsvinum.com\/de\/produkt\/barolo-riserva-vecchie-vigne-renato-corino-2005\/#primaryimage"},"thumbnailUrl":"https:\/\/fonsvinum.com\/files\/2020\/04\/barolo-riserva-vecchie-vigne-renato-corino.jpg","datePublished":"2020-04-27T14:27:27+00:00","dateModified":"2020-04-27T15:00:33+00:00","description":"Barolo Riserva Vecchie Vigne Renato Corino 2005 | FonsVinum","breadcrumb":{"@id":"https:\/\/fonsvinum.com\/de\/produkt\/barolo-riserva-vecchie-vigne-renato-corino-2005\/#breadcrumb"},"inLanguage":"de","potentialAction":[{"@type":"ReadAction","target":["https:\/\/fonsvinum.com\/de\/produkt\/barolo-riserva-vecchie-vigne-renato-corino-2005\/"]}]},{"@type":"ImageObject","inLanguage":"de","@id":"https:\/\/fonsvinum.com\/de\/produkt\/barolo-riserva-vecchie-vigne-renato-corino-2005\/#primaryimage","url":"https:\/\/fonsvinum.com\/files\/2020\/04\/barolo-riserva-vecchie-vigne-renato-corino.jpg","contentUrl":"https:\/\/fonsvinum.com\/files\/2020\/04\/barolo-riserva-vecchie-vigne-renato-corino.jpg","width":200,"height":600},{"@type":"BreadcrumbList","@id":"https:\/\/fonsvinum.com\/de\/produkt\/barolo-riserva-vecchie-vigne-renato-corino-2005\/#breadcrumb","itemListElement":[{"@type":"ListItem","position":1,"name":"Startseite","item":"https:\/\/fonsvinum.com\/de\/"},{"@type":"ListItem","position":2,"name":"Shop","item":"https:\/\/fonsvinum.com\/de\/shop\/"},{"@type":"ListItem","position":3,"name":"Barolo Riserva Vecchie Vigne Renato Corino 2005"}]},{"@type":"WebSite","@id":"https:\/\/fonsvinum.com\/en\/#website","url":"https:\/\/fonsvinum.com\/en\/","name":"Fons Vinum","description":"Vendita Vino Online","publisher":{"@id":"https:\/\/fonsvinum.com\/en\/#organization"},"potentialAction":[{"@type":"SearchAction","target":{"@type":"EntryPoint","urlTemplate":"https:\/\/fonsvinum.com\/en\/?s={search_term_string}"},"query-input":{"@type":"PropertyValueSpecification","valueRequired":true,"valueName":"search_term_string"}}],"inLanguage":"de"},{"@type":"Organization","@id":"https:\/\/fonsvinum.com\/en\/#organization","name":"Fons Vinum","url":"https:\/\/fonsvinum.com\/en\/","logo":{"@type":"ImageObject","inLanguage":"de","@id":"https:\/\/fonsvinum.com\/en\/#\/schema\/logo\/image\/","url":"","contentUrl":"","caption":"Fons Vinum"},"image":{"@id":"https:\/\/fonsvinum.com\/en\/#\/schema\/logo\/image\/"}}]}},"acf":[],"_links":{"self":[{"href":"https:\/\/fonsvinum.com\/de\/wp-json\/wp\/v2\/product\/24326","targetHints":{"allow":["GET"]}}],"collection":[{"href":"https:\/\/fonsvinum.com\/de\/wp-json\/wp\/v2\/product"}],"about":[{"href":"https:\/\/fonsvinum.com\/de\/wp-json\/wp\/v2\/types\/product"}],"replies":[{"embeddable":true,"href":"https:\/\/fonsvinum.com\/de\/wp-json\/wp\/v2\/comments?post=24326"}],"wp:featuredmedia":[{"embeddable":true,"href":"https:\/\/fonsvinum.com\/de\/wp-json\/wp\/v2\/media\/24334"}],"wp:attachment":[{"href":"https:\/\/fonsvinum.com\/de\/wp-json\/wp\/v2\/media?parent=24326"}],"wp:term":[{"taxonomy":"product_brand","embeddable":true,"href":"https:\/\/fonsvinum.com\/de\/wp-json\/wp\/v2\/product_brand?post=24326"},{"taxonomy":"product_cat","embeddable":true,"href":"https:\/\/fonsvinum.com\/de\/wp-json\/wp\/v2\/product_cat?post=24326"},{"taxonomy":"product_tag","embeddable":true,"href":"https:\/\/fonsvinum.com\/de\/wp-json\/wp\/v2\/product_tag?post=24326"}],"curies":[{"name":"wp","href":"https:\/\/api.w.org\/{rel}","templated":true}]}}