{"id":24132,"date":"2020-04-23T11:20:49","date_gmt":"2020-04-23T09:20:49","guid":{"rendered":"https:\/\/fonsvinum.com\/?post_type=product&#038;p=24132"},"modified":"2020-04-23T11:27:23","modified_gmt":"2020-04-23T09:27:23","slug":"nebbiolo-dalba-valmaggiore-luciano-sandrone-2015","status":"publish","type":"product","link":"https:\/\/fonsvinum.com\/de\/produkt\/nebbiolo-dalba-valmaggiore-luciano-sandrone-2015\/","title":{"rendered":"Nebbiolo D&#8217;Alba Valmaggiore Luciano Sandrone 2015"},"content":{"rendered":"<h1>Nebbiolo D&#8217;Alba Valmaggiore Luciano Sandrone 2015<\/h1>\n<h2>Von damals bis heute<\/h2>\n<p>Der &#8222;Garagiste&#8220;. Unsere Geschichte beginnt in den 70er Jahren zuhause in einer Garage und wird seitdem mit Herz, unerm\u00fcdlichem Einsatz und einem besonderen Augenmerk auf Details fortgef\u00fchrt. So einfach ist sie entstanden, die Philosophie des Hauses Sandrone. Heute wie damals, allerdings mit solideren Wurzeln, setzen wir alles daran, unsere Arbeit gut zu machen.<\/p>\n<h2>Einig, unbeschwert, weitsichtig, immer in Bewegung<\/h2>\n<p>Das sind wir. Geboren und aufgewachsen in den Langhe. Vor allem eine Familie, erst dann ein Weingut. Im Laufe der Jahre sind wir \u2013 auch dank unseres Teams \u2013 unbeschwert und ausgeglichen gewachsen. Unsere F\u00fc\u00dfe sind fest im Boden verankert, unsere Tr\u00e4ume hingegen stehen niemals still. Heute bewirtschaften wir insgesamt 27 Hektar in Langa und Roero.<\/p>\n<h2>Philosophie<\/h2>\n<p><span class=\"text\">Von Anfang an hatte Luciano Sandrone eine klare Philosophie von Qualit\u00e4t im Kopf. Diese Philosophie teilt er schon immer mit seiner Frau Mariuccia, seinem Bruder Luca und seiner Tochter Barbara. Gemeinsam verfeinerten sie diese Jahr f\u00fcr Jahr.\u00a0<\/span><\/p>\n","protected":false},"excerpt":{"rendered":"<p>Nebbiolo D&#8217;Alba Valmaggiore Luciano Sandrone 2015 Von damals bis heute Der &#8222;Garagiste&#8220;. Unsere Geschichte beginnt in den 70er Jahren zuhause in einer Garage und wird seitdem mit Herz, unerm\u00fcdlichem Einsatz und einem besonderen Augenmerk auf Details fortgef\u00fchrt. So einfach ist sie entstanden, die Philosophie des Hauses Sandrone. Heute wie damals, allerdings mit solideren Wurzeln, setzen [&hellip;]<\/p>\n","protected":false},"featured_media":21451,"comment_status":"open","ping_status":"closed","template":"","meta":{"_acf_changed":false,"_monsterinsights_skip_tracking":false,"_monsterinsights_sitenote_active":false,"_monsterinsights_sitenote_note":"","_monsterinsights_sitenote_category":0},"product_brand":[],"product_cat":[2356],"product_tag":[],"class_list":{"0":"post-24132","1":"product","2":"type-product","3":"status-publish","4":"has-post-thumbnail","6":"product_cat-nebbiolo-de","7":"pa_appellation-nebbiolo-dalba-doc-de","8":"pa_formato-0-75-l-flasche-de","9":"pa_producer-luciano-sandrone-de","10":"pa_region-piemont-de","11":"pa_vine-nebbiolo-de","12":"pa_vintage-2015-de","14":"first","15":"outofstock","16":"taxable","17":"shipping-taxable","18":"purchasable","19":"product-type-simple"},"bundled_by":[],"bundle_stock_status":"outofstock","bundle_stock_quantity":0,"bundle_virtual":false,"bundle_layout":"","bundle_add_to_cart_form_location":"","bundle_editable_in_cart":false,"bundle_sold_individually_context":"","bundle_item_grouping":"","bundle_min_size":"","bundle_max_size":"","bundle_price":[],"bundled_items":[],"bundle_sell_ids":[],"yoast_head":"<!-- This site is optimized with the Yoast SEO plugin v27.2 - https:\/\/yoast.com\/product\/yoast-seo-wordpress\/ -->\n<title>Nebbiolo D&#039;Alba Valmaggiore Luciano Sandrone 2015 - Fons Vinum<\/title>\n<meta name=\"description\" content=\"Nebbiolo D&#039;Alba Valmaggiore Luciano Sandrone 2015 -Fons Vinum\" \/>\n<meta name=\"robots\" content=\"index, follow, max-snippet:-1, max-image-preview:large, max-video-preview:-1\" \/>\n<link rel=\"canonical\" href=\"https:\/\/fonsvinum.com\/de\/produkt\/nebbiolo-dalba-valmaggiore-luciano-sandrone-2015\/\" \/>\n<meta property=\"og:locale\" content=\"de_DE\" \/>\n<meta property=\"og:type\" content=\"article\" \/>\n<meta property=\"og:title\" content=\"Nebbiolo D&#039;Alba Valmaggiore Luciano Sandrone 2015 - Fons Vinum\" \/>\n<meta property=\"og:description\" content=\"Nebbiolo D&#039;Alba Valmaggiore Luciano Sandrone 2015 -Fons Vinum\" \/>\n<meta property=\"og:url\" content=\"https:\/\/fonsvinum.com\/de\/produkt\/nebbiolo-dalba-valmaggiore-luciano-sandrone-2015\/\" \/>\n<meta property=\"og:site_name\" content=\"Fons Vinum\" \/>\n<meta property=\"article:modified_time\" content=\"2020-04-23T09:27:23+00:00\" \/>\n<meta property=\"og:image\" content=\"https:\/\/fonsvinum.com\/files\/2019\/12\/nebbiolo-valmaggiore-luciando-sandrone.jpg\" \/>\n\t<meta property=\"og:image:width\" content=\"200\" \/>\n\t<meta property=\"og:image:height\" content=\"600\" \/>\n\t<meta property=\"og:image:type\" content=\"image\/jpeg\" \/>\n<meta name=\"twitter:label1\" content=\"Gesch\u00e4tzte Lesezeit\" \/>\n\t<meta name=\"twitter:data1\" content=\"1\u00a0Minute\" \/>\n<script type=\"application\/ld+json\" class=\"yoast-schema-graph\">{\"@context\":\"https:\/\/schema.org\",\"@graph\":[{\"@type\":\"WebPage\",\"@id\":\"https:\/\/fonsvinum.com\/de\/produkt\/nebbiolo-dalba-valmaggiore-luciano-sandrone-2015\/\",\"url\":\"https:\/\/fonsvinum.com\/de\/produkt\/nebbiolo-dalba-valmaggiore-luciano-sandrone-2015\/\",\"name\":\"Nebbiolo D'Alba Valmaggiore Luciano Sandrone 2015 - Fons Vinum\",\"isPartOf\":{\"@id\":\"https:\/\/fonsvinum.com\/en\/#website\"},\"primaryImageOfPage\":{\"@id\":\"https:\/\/fonsvinum.com\/de\/produkt\/nebbiolo-dalba-valmaggiore-luciano-sandrone-2015\/#primaryimage\"},\"image\":{\"@id\":\"https:\/\/fonsvinum.com\/de\/produkt\/nebbiolo-dalba-valmaggiore-luciano-sandrone-2015\/#primaryimage\"},\"thumbnailUrl\":\"https:\/\/fonsvinum.com\/files\/2019\/12\/nebbiolo-valmaggiore-luciando-sandrone.jpg\",\"datePublished\":\"2020-04-23T09:20:49+00:00\",\"dateModified\":\"2020-04-23T09:27:23+00:00\",\"description\":\"Nebbiolo D'Alba Valmaggiore Luciano Sandrone 2015 -Fons Vinum\",\"breadcrumb\":{\"@id\":\"https:\/\/fonsvinum.com\/de\/produkt\/nebbiolo-dalba-valmaggiore-luciano-sandrone-2015\/#breadcrumb\"},\"inLanguage\":\"de\",\"potentialAction\":[{\"@type\":\"ReadAction\",\"target\":[\"https:\/\/fonsvinum.com\/de\/produkt\/nebbiolo-dalba-valmaggiore-luciano-sandrone-2015\/\"]}]},{\"@type\":\"ImageObject\",\"inLanguage\":\"de\",\"@id\":\"https:\/\/fonsvinum.com\/de\/produkt\/nebbiolo-dalba-valmaggiore-luciano-sandrone-2015\/#primaryimage\",\"url\":\"https:\/\/fonsvinum.com\/files\/2019\/12\/nebbiolo-valmaggiore-luciando-sandrone.jpg\",\"contentUrl\":\"https:\/\/fonsvinum.com\/files\/2019\/12\/nebbiolo-valmaggiore-luciando-sandrone.jpg\",\"width\":200,\"height\":600},{\"@type\":\"BreadcrumbList\",\"@id\":\"https:\/\/fonsvinum.com\/de\/produkt\/nebbiolo-dalba-valmaggiore-luciano-sandrone-2015\/#breadcrumb\",\"itemListElement\":[{\"@type\":\"ListItem\",\"position\":1,\"name\":\"Startseite\",\"item\":\"https:\/\/fonsvinum.com\/de\/\"},{\"@type\":\"ListItem\",\"position\":2,\"name\":\"Shop\",\"item\":\"https:\/\/fonsvinum.com\/de\/shop\/\"},{\"@type\":\"ListItem\",\"position\":3,\"name\":\"Nebbiolo D&#8217;Alba Valmaggiore Luciano Sandrone 2015\"}]},{\"@type\":\"WebSite\",\"@id\":\"https:\/\/fonsvinum.com\/en\/#website\",\"url\":\"https:\/\/fonsvinum.com\/en\/\",\"name\":\"Fons Vinum\",\"description\":\"Vendita Vino Online\",\"publisher\":{\"@id\":\"https:\/\/fonsvinum.com\/en\/#organization\"},\"potentialAction\":[{\"@type\":\"SearchAction\",\"target\":{\"@type\":\"EntryPoint\",\"urlTemplate\":\"https:\/\/fonsvinum.com\/en\/?s={search_term_string}\"},\"query-input\":{\"@type\":\"PropertyValueSpecification\",\"valueRequired\":true,\"valueName\":\"search_term_string\"}}],\"inLanguage\":\"de\"},{\"@type\":\"Organization\",\"@id\":\"https:\/\/fonsvinum.com\/en\/#organization\",\"name\":\"Fons Vinum\",\"url\":\"https:\/\/fonsvinum.com\/en\/\",\"logo\":{\"@type\":\"ImageObject\",\"inLanguage\":\"de\",\"@id\":\"https:\/\/fonsvinum.com\/en\/#\/schema\/logo\/image\/\",\"url\":\"\",\"contentUrl\":\"\",\"caption\":\"Fons Vinum\"},\"image\":{\"@id\":\"https:\/\/fonsvinum.com\/en\/#\/schema\/logo\/image\/\"}}]}<\/script>\n<!-- \/ Yoast SEO plugin. -->","yoast_head_json":{"title":"Nebbiolo D'Alba Valmaggiore Luciano Sandrone 2015 - Fons Vinum","description":"Nebbiolo D'Alba Valmaggiore Luciano Sandrone 2015 -Fons Vinum","robots":{"index":"index","follow":"follow","max-snippet":"max-snippet:-1","max-image-preview":"max-image-preview:large","max-video-preview":"max-video-preview:-1"},"canonical":"https:\/\/fonsvinum.com\/de\/produkt\/nebbiolo-dalba-valmaggiore-luciano-sandrone-2015\/","og_locale":"de_DE","og_type":"article","og_title":"Nebbiolo D'Alba Valmaggiore Luciano Sandrone 2015 - Fons Vinum","og_description":"Nebbiolo D'Alba Valmaggiore Luciano Sandrone 2015 -Fons Vinum","og_url":"https:\/\/fonsvinum.com\/de\/produkt\/nebbiolo-dalba-valmaggiore-luciano-sandrone-2015\/","og_site_name":"Fons Vinum","article_modified_time":"2020-04-23T09:27:23+00:00","og_image":[{"width":200,"height":600,"url":"https:\/\/fonsvinum.com\/files\/2019\/12\/nebbiolo-valmaggiore-luciando-sandrone.jpg","type":"image\/jpeg"}],"twitter_misc":{"Gesch\u00e4tzte Lesezeit":"1\u00a0Minute"},"schema":{"@context":"https:\/\/schema.org","@graph":[{"@type":"WebPage","@id":"https:\/\/fonsvinum.com\/de\/produkt\/nebbiolo-dalba-valmaggiore-luciano-sandrone-2015\/","url":"https:\/\/fonsvinum.com\/de\/produkt\/nebbiolo-dalba-valmaggiore-luciano-sandrone-2015\/","name":"Nebbiolo D'Alba Valmaggiore Luciano Sandrone 2015 - Fons Vinum","isPartOf":{"@id":"https:\/\/fonsvinum.com\/en\/#website"},"primaryImageOfPage":{"@id":"https:\/\/fonsvinum.com\/de\/produkt\/nebbiolo-dalba-valmaggiore-luciano-sandrone-2015\/#primaryimage"},"image":{"@id":"https:\/\/fonsvinum.com\/de\/produkt\/nebbiolo-dalba-valmaggiore-luciano-sandrone-2015\/#primaryimage"},"thumbnailUrl":"https:\/\/fonsvinum.com\/files\/2019\/12\/nebbiolo-valmaggiore-luciando-sandrone.jpg","datePublished":"2020-04-23T09:20:49+00:00","dateModified":"2020-04-23T09:27:23+00:00","description":"Nebbiolo D'Alba Valmaggiore Luciano Sandrone 2015 -Fons Vinum","breadcrumb":{"@id":"https:\/\/fonsvinum.com\/de\/produkt\/nebbiolo-dalba-valmaggiore-luciano-sandrone-2015\/#breadcrumb"},"inLanguage":"de","potentialAction":[{"@type":"ReadAction","target":["https:\/\/fonsvinum.com\/de\/produkt\/nebbiolo-dalba-valmaggiore-luciano-sandrone-2015\/"]}]},{"@type":"ImageObject","inLanguage":"de","@id":"https:\/\/fonsvinum.com\/de\/produkt\/nebbiolo-dalba-valmaggiore-luciano-sandrone-2015\/#primaryimage","url":"https:\/\/fonsvinum.com\/files\/2019\/12\/nebbiolo-valmaggiore-luciando-sandrone.jpg","contentUrl":"https:\/\/fonsvinum.com\/files\/2019\/12\/nebbiolo-valmaggiore-luciando-sandrone.jpg","width":200,"height":600},{"@type":"BreadcrumbList","@id":"https:\/\/fonsvinum.com\/de\/produkt\/nebbiolo-dalba-valmaggiore-luciano-sandrone-2015\/#breadcrumb","itemListElement":[{"@type":"ListItem","position":1,"name":"Startseite","item":"https:\/\/fonsvinum.com\/de\/"},{"@type":"ListItem","position":2,"name":"Shop","item":"https:\/\/fonsvinum.com\/de\/shop\/"},{"@type":"ListItem","position":3,"name":"Nebbiolo D&#8217;Alba Valmaggiore Luciano Sandrone 2015"}]},{"@type":"WebSite","@id":"https:\/\/fonsvinum.com\/en\/#website","url":"https:\/\/fonsvinum.com\/en\/","name":"Fons Vinum","description":"Vendita Vino Online","publisher":{"@id":"https:\/\/fonsvinum.com\/en\/#organization"},"potentialAction":[{"@type":"SearchAction","target":{"@type":"EntryPoint","urlTemplate":"https:\/\/fonsvinum.com\/en\/?s={search_term_string}"},"query-input":{"@type":"PropertyValueSpecification","valueRequired":true,"valueName":"search_term_string"}}],"inLanguage":"de"},{"@type":"Organization","@id":"https:\/\/fonsvinum.com\/en\/#organization","name":"Fons Vinum","url":"https:\/\/fonsvinum.com\/en\/","logo":{"@type":"ImageObject","inLanguage":"de","@id":"https:\/\/fonsvinum.com\/en\/#\/schema\/logo\/image\/","url":"","contentUrl":"","caption":"Fons Vinum"},"image":{"@id":"https:\/\/fonsvinum.com\/en\/#\/schema\/logo\/image\/"}}]}},"acf":[],"_links":{"self":[{"href":"https:\/\/fonsvinum.com\/de\/wp-json\/wp\/v2\/product\/24132","targetHints":{"allow":["GET"]}}],"collection":[{"href":"https:\/\/fonsvinum.com\/de\/wp-json\/wp\/v2\/product"}],"about":[{"href":"https:\/\/fonsvinum.com\/de\/wp-json\/wp\/v2\/types\/product"}],"replies":[{"embeddable":true,"href":"https:\/\/fonsvinum.com\/de\/wp-json\/wp\/v2\/comments?post=24132"}],"wp:featuredmedia":[{"embeddable":true,"href":"https:\/\/fonsvinum.com\/de\/wp-json\/wp\/v2\/media\/21451"}],"wp:attachment":[{"href":"https:\/\/fonsvinum.com\/de\/wp-json\/wp\/v2\/media?parent=24132"}],"wp:term":[{"taxonomy":"product_brand","embeddable":true,"href":"https:\/\/fonsvinum.com\/de\/wp-json\/wp\/v2\/product_brand?post=24132"},{"taxonomy":"product_cat","embeddable":true,"href":"https:\/\/fonsvinum.com\/de\/wp-json\/wp\/v2\/product_cat?post=24132"},{"taxonomy":"product_tag","embeddable":true,"href":"https:\/\/fonsvinum.com\/de\/wp-json\/wp\/v2\/product_tag?post=24132"}],"curies":[{"name":"wp","href":"https:\/\/api.w.org\/{rel}","templated":true}]}}