{"id":23948,"date":"2020-04-20T17:34:58","date_gmt":"2020-04-20T15:34:58","guid":{"rendered":"https:\/\/fonsvinum.com\/?post_type=product&#038;p=23948"},"modified":"2020-04-20T17:43:54","modified_gmt":"2020-04-20T15:43:54","slug":"nebbiolo-il-favot-2015-aldo-conterno","status":"publish","type":"product","link":"https:\/\/fonsvinum.com\/de\/produkt\/nebbiolo-il-favot-2015-aldo-conterno\/","title":{"rendered":"Nebbiolo IL FAVOT 2015 Aldo Conterno"},"content":{"rendered":"<h1><b>Nebbiolo IL FAVOT 2015<\/b><\/h1>\n<h1><b>Aldo Conterno<\/b><\/h1>\n<h2><b>&#8211; Aldo Conterno &#8211;\u00a0<\/b><\/h2>\n<article>\n<p class=\"bodytext\">Die Familie <strong>Aldo Conterno<\/strong> produziert schon seit \u00fcber f\u00fcnf Generationen Wein. Das Weingut, das im Weiler \u201eBussia Soprana\u201c bei Monforte d\u2019Alba liegt, der besten Lage Monfortes und eine der besten Lagen f\u00fcr Barolo \u00fcberhaupt, verwendet auch heute noch, bzw. wieder, ausschlie\u00dflich die aus eigenen Weinbergen stammenden Trauben.<\/p>\n<p>&nbsp;<\/p>\n<p><strong>Weintyp:<\/strong>\u00a0Rotwein<br \/>\n<strong>Hersteller<\/strong>: Poderi Aldo Conterno<br \/>\n<strong>Region<\/strong>: Italien, Piemont<br \/>\n<strong>Stil<\/strong>: trocken, fruchtig<br \/>\n<strong>Rebsorte<\/strong>: 100% Nebbiolo<br \/>\n<strong>Farbe<\/strong>: intensives Rubinrot<\/p>\n<p><strong>Beschreibung:\u00a0<\/strong>Der Podere Aldo Conterno<em><strong> Il Favot Langhe Nebbiolo DOC<\/strong><\/em> ist ein moderner und zug\u00e4nglicher Rotwein aus dem Piemont.\u00a0Am Gaumen ist der Podere Aldo Conterno <em><strong>Il Favot Langhe Nebbiolo DOC<\/strong><\/em> samtig dicht, geschmeidig, mit s\u00fc\u00dfer und roter Frucht. Langer intensiver Nachhall.\u00a0Die Trauben f\u00fcr den Podere Aldo Conterno <strong><em>Il Favot Langhe Nebbiolo DOC<\/em><\/strong> stammen aus Reben, die h\u00f6chstens 20 Jahre alt und in den Lagen von Bussia verteilt sind. Die Maischeg\u00e4rung dauert nur eine knappe Woche, denn es sollen nur wenig Tannine, aber viel Farbstoffe ausgel\u00f6st werden. Nach f\u00fcnf Monaten im Stahltank wird der Wein in neue Barriques umgef\u00fcllt und w\u00e4hrend 18 Monaten ausgebaut.<\/p>\n<\/article>\n<p>&nbsp;<\/p>\n","protected":false},"excerpt":{"rendered":"<p>Nebbiolo IL FAVOT 2015 Aldo Conterno &#8211; Aldo Conterno &#8211;\u00a0 Die Familie Aldo Conterno produziert schon seit \u00fcber f\u00fcnf Generationen Wein. Das Weingut, das im Weiler \u201eBussia Soprana\u201c bei Monforte d\u2019Alba liegt, der besten Lage Monfortes und eine der besten Lagen f\u00fcr Barolo \u00fcberhaupt, verwendet auch heute noch, bzw. wieder, ausschlie\u00dflich die aus eigenen Weinbergen [&hellip;]<\/p>\n","protected":false},"featured_media":21744,"comment_status":"open","ping_status":"closed","template":"","meta":{"_acf_changed":false,"_monsterinsights_skip_tracking":false,"_monsterinsights_sitenote_active":false,"_monsterinsights_sitenote_note":"","_monsterinsights_sitenote_category":0},"product_brand":[],"product_cat":[2356],"product_tag":[1751,15903],"class_list":{"0":"post-23948","1":"product","2":"type-product","3":"status-publish","4":"has-post-thumbnail","6":"product_cat-nebbiolo-de","7":"product_tag-aussergewoehnliche-weine-aus-italien-de","8":"product_tag-barolo-de","9":"pa_appellation-langhe-nebbiolo-doc-de","10":"pa_formato-0-75-l-flasche-de","11":"pa_producer-aldo-conterno-de","12":"pa_region-piemont-de","13":"pa_vine-100-nebbiolo-de","14":"pa_vintage-2015-de","16":"first","17":"outofstock","18":"taxable","19":"shipping-taxable","20":"purchasable","21":"product-type-simple"},"bundled_by":[],"bundle_stock_status":"outofstock","bundle_stock_quantity":4,"bundle_virtual":false,"bundle_layout":"","bundle_add_to_cart_form_location":"","bundle_editable_in_cart":false,"bundle_sold_individually_context":"","bundle_item_grouping":"","bundle_min_size":"","bundle_max_size":"","bundle_price":[],"bundled_items":[],"bundle_sell_ids":[],"yoast_head":"<!-- This site is optimized with the Yoast SEO plugin v27.2 - https:\/\/yoast.com\/product\/yoast-seo-wordpress\/ -->\n<title>Nebbiolo IL FAVOT 2015 Aldo Conterno - FonsVinum<\/title>\n<meta name=\"description\" content=\"Nebbiolo IL FAVOT 2015 Aldo Conterno - Der Podere Aldo Conterno Il Favot Langhe Nebbiolo DOC ist ein moderner und zug\u00e4nglicher Rotwein aus dem Piemont\" \/>\n<meta name=\"robots\" content=\"index, follow, max-snippet:-1, max-image-preview:large, max-video-preview:-1\" \/>\n<link rel=\"canonical\" href=\"https:\/\/fonsvinum.com\/de\/produkt\/nebbiolo-il-favot-2015-aldo-conterno\/\" \/>\n<meta property=\"og:locale\" content=\"de_DE\" \/>\n<meta property=\"og:type\" content=\"article\" \/>\n<meta property=\"og:title\" content=\"Nebbiolo IL FAVOT 2015 Aldo Conterno - FonsVinum\" \/>\n<meta property=\"og:description\" content=\"Nebbiolo IL FAVOT 2015 Aldo Conterno - Der Podere Aldo Conterno Il Favot Langhe Nebbiolo DOC ist ein moderner und zug\u00e4nglicher Rotwein aus dem Piemont\" \/>\n<meta property=\"og:url\" content=\"https:\/\/fonsvinum.com\/de\/produkt\/nebbiolo-il-favot-2015-aldo-conterno\/\" \/>\n<meta property=\"og:site_name\" content=\"Fons Vinum\" \/>\n<meta property=\"article:modified_time\" content=\"2020-04-20T15:43:54+00:00\" \/>\n<meta property=\"og:image\" content=\"https:\/\/fonsvinum.com\/files\/2020\/01\/nebbiolo-il-favot-aldo-conterno.jpg\" \/>\n\t<meta property=\"og:image:width\" content=\"200\" \/>\n\t<meta property=\"og:image:height\" content=\"600\" \/>\n\t<meta property=\"og:image:type\" content=\"image\/jpeg\" \/>\n<meta name=\"twitter:label1\" content=\"Gesch\u00e4tzte Lesezeit\" \/>\n\t<meta name=\"twitter:data1\" content=\"1\u00a0Minute\" \/>\n<script type=\"application\/ld+json\" class=\"yoast-schema-graph\">{\"@context\":\"https:\/\/schema.org\",\"@graph\":[{\"@type\":\"WebPage\",\"@id\":\"https:\/\/fonsvinum.com\/de\/produkt\/nebbiolo-il-favot-2015-aldo-conterno\/\",\"url\":\"https:\/\/fonsvinum.com\/de\/produkt\/nebbiolo-il-favot-2015-aldo-conterno\/\",\"name\":\"Nebbiolo IL FAVOT 2015 Aldo Conterno - FonsVinum\",\"isPartOf\":{\"@id\":\"https:\/\/fonsvinum.com\/en\/#website\"},\"primaryImageOfPage\":{\"@id\":\"https:\/\/fonsvinum.com\/de\/produkt\/nebbiolo-il-favot-2015-aldo-conterno\/#primaryimage\"},\"image\":{\"@id\":\"https:\/\/fonsvinum.com\/de\/produkt\/nebbiolo-il-favot-2015-aldo-conterno\/#primaryimage\"},\"thumbnailUrl\":\"https:\/\/fonsvinum.com\/files\/2020\/01\/nebbiolo-il-favot-aldo-conterno.jpg\",\"datePublished\":\"2020-04-20T15:34:58+00:00\",\"dateModified\":\"2020-04-20T15:43:54+00:00\",\"description\":\"Nebbiolo IL FAVOT 2015 Aldo Conterno - Der Podere Aldo Conterno Il Favot Langhe Nebbiolo DOC ist ein moderner und zug\u00e4nglicher Rotwein aus dem Piemont\",\"breadcrumb\":{\"@id\":\"https:\/\/fonsvinum.com\/de\/produkt\/nebbiolo-il-favot-2015-aldo-conterno\/#breadcrumb\"},\"inLanguage\":\"de\",\"potentialAction\":[{\"@type\":\"ReadAction\",\"target\":[\"https:\/\/fonsvinum.com\/de\/produkt\/nebbiolo-il-favot-2015-aldo-conterno\/\"]}]},{\"@type\":\"ImageObject\",\"inLanguage\":\"de\",\"@id\":\"https:\/\/fonsvinum.com\/de\/produkt\/nebbiolo-il-favot-2015-aldo-conterno\/#primaryimage\",\"url\":\"https:\/\/fonsvinum.com\/files\/2020\/01\/nebbiolo-il-favot-aldo-conterno.jpg\",\"contentUrl\":\"https:\/\/fonsvinum.com\/files\/2020\/01\/nebbiolo-il-favot-aldo-conterno.jpg\",\"width\":200,\"height\":600},{\"@type\":\"BreadcrumbList\",\"@id\":\"https:\/\/fonsvinum.com\/de\/produkt\/nebbiolo-il-favot-2015-aldo-conterno\/#breadcrumb\",\"itemListElement\":[{\"@type\":\"ListItem\",\"position\":1,\"name\":\"Startseite\",\"item\":\"https:\/\/fonsvinum.com\/de\/\"},{\"@type\":\"ListItem\",\"position\":2,\"name\":\"Shop\",\"item\":\"https:\/\/fonsvinum.com\/de\/shop\/\"},{\"@type\":\"ListItem\",\"position\":3,\"name\":\"Nebbiolo IL FAVOT 2015 Aldo Conterno\"}]},{\"@type\":\"WebSite\",\"@id\":\"https:\/\/fonsvinum.com\/en\/#website\",\"url\":\"https:\/\/fonsvinum.com\/en\/\",\"name\":\"Fons Vinum\",\"description\":\"Vendita Vino Online\",\"publisher\":{\"@id\":\"https:\/\/fonsvinum.com\/en\/#organization\"},\"potentialAction\":[{\"@type\":\"SearchAction\",\"target\":{\"@type\":\"EntryPoint\",\"urlTemplate\":\"https:\/\/fonsvinum.com\/en\/?s={search_term_string}\"},\"query-input\":{\"@type\":\"PropertyValueSpecification\",\"valueRequired\":true,\"valueName\":\"search_term_string\"}}],\"inLanguage\":\"de\"},{\"@type\":\"Organization\",\"@id\":\"https:\/\/fonsvinum.com\/en\/#organization\",\"name\":\"Fons Vinum\",\"url\":\"https:\/\/fonsvinum.com\/en\/\",\"logo\":{\"@type\":\"ImageObject\",\"inLanguage\":\"de\",\"@id\":\"https:\/\/fonsvinum.com\/en\/#\/schema\/logo\/image\/\",\"url\":\"\",\"contentUrl\":\"\",\"caption\":\"Fons Vinum\"},\"image\":{\"@id\":\"https:\/\/fonsvinum.com\/en\/#\/schema\/logo\/image\/\"}}]}<\/script>\n<!-- \/ Yoast SEO plugin. -->","yoast_head_json":{"title":"Nebbiolo IL FAVOT 2015 Aldo Conterno - FonsVinum","description":"Nebbiolo IL FAVOT 2015 Aldo Conterno - Der Podere Aldo Conterno Il Favot Langhe Nebbiolo DOC ist ein moderner und zug\u00e4nglicher Rotwein aus dem Piemont","robots":{"index":"index","follow":"follow","max-snippet":"max-snippet:-1","max-image-preview":"max-image-preview:large","max-video-preview":"max-video-preview:-1"},"canonical":"https:\/\/fonsvinum.com\/de\/produkt\/nebbiolo-il-favot-2015-aldo-conterno\/","og_locale":"de_DE","og_type":"article","og_title":"Nebbiolo IL FAVOT 2015 Aldo Conterno - FonsVinum","og_description":"Nebbiolo IL FAVOT 2015 Aldo Conterno - Der Podere Aldo Conterno Il Favot Langhe Nebbiolo DOC ist ein moderner und zug\u00e4nglicher Rotwein aus dem Piemont","og_url":"https:\/\/fonsvinum.com\/de\/produkt\/nebbiolo-il-favot-2015-aldo-conterno\/","og_site_name":"Fons Vinum","article_modified_time":"2020-04-20T15:43:54+00:00","og_image":[{"width":200,"height":600,"url":"https:\/\/fonsvinum.com\/files\/2020\/01\/nebbiolo-il-favot-aldo-conterno.jpg","type":"image\/jpeg"}],"twitter_misc":{"Gesch\u00e4tzte Lesezeit":"1\u00a0Minute"},"schema":{"@context":"https:\/\/schema.org","@graph":[{"@type":"WebPage","@id":"https:\/\/fonsvinum.com\/de\/produkt\/nebbiolo-il-favot-2015-aldo-conterno\/","url":"https:\/\/fonsvinum.com\/de\/produkt\/nebbiolo-il-favot-2015-aldo-conterno\/","name":"Nebbiolo IL FAVOT 2015 Aldo Conterno - FonsVinum","isPartOf":{"@id":"https:\/\/fonsvinum.com\/en\/#website"},"primaryImageOfPage":{"@id":"https:\/\/fonsvinum.com\/de\/produkt\/nebbiolo-il-favot-2015-aldo-conterno\/#primaryimage"},"image":{"@id":"https:\/\/fonsvinum.com\/de\/produkt\/nebbiolo-il-favot-2015-aldo-conterno\/#primaryimage"},"thumbnailUrl":"https:\/\/fonsvinum.com\/files\/2020\/01\/nebbiolo-il-favot-aldo-conterno.jpg","datePublished":"2020-04-20T15:34:58+00:00","dateModified":"2020-04-20T15:43:54+00:00","description":"Nebbiolo IL FAVOT 2015 Aldo Conterno - Der Podere Aldo Conterno Il Favot Langhe Nebbiolo DOC ist ein moderner und zug\u00e4nglicher Rotwein aus dem Piemont","breadcrumb":{"@id":"https:\/\/fonsvinum.com\/de\/produkt\/nebbiolo-il-favot-2015-aldo-conterno\/#breadcrumb"},"inLanguage":"de","potentialAction":[{"@type":"ReadAction","target":["https:\/\/fonsvinum.com\/de\/produkt\/nebbiolo-il-favot-2015-aldo-conterno\/"]}]},{"@type":"ImageObject","inLanguage":"de","@id":"https:\/\/fonsvinum.com\/de\/produkt\/nebbiolo-il-favot-2015-aldo-conterno\/#primaryimage","url":"https:\/\/fonsvinum.com\/files\/2020\/01\/nebbiolo-il-favot-aldo-conterno.jpg","contentUrl":"https:\/\/fonsvinum.com\/files\/2020\/01\/nebbiolo-il-favot-aldo-conterno.jpg","width":200,"height":600},{"@type":"BreadcrumbList","@id":"https:\/\/fonsvinum.com\/de\/produkt\/nebbiolo-il-favot-2015-aldo-conterno\/#breadcrumb","itemListElement":[{"@type":"ListItem","position":1,"name":"Startseite","item":"https:\/\/fonsvinum.com\/de\/"},{"@type":"ListItem","position":2,"name":"Shop","item":"https:\/\/fonsvinum.com\/de\/shop\/"},{"@type":"ListItem","position":3,"name":"Nebbiolo IL FAVOT 2015 Aldo Conterno"}]},{"@type":"WebSite","@id":"https:\/\/fonsvinum.com\/en\/#website","url":"https:\/\/fonsvinum.com\/en\/","name":"Fons Vinum","description":"Vendita Vino Online","publisher":{"@id":"https:\/\/fonsvinum.com\/en\/#organization"},"potentialAction":[{"@type":"SearchAction","target":{"@type":"EntryPoint","urlTemplate":"https:\/\/fonsvinum.com\/en\/?s={search_term_string}"},"query-input":{"@type":"PropertyValueSpecification","valueRequired":true,"valueName":"search_term_string"}}],"inLanguage":"de"},{"@type":"Organization","@id":"https:\/\/fonsvinum.com\/en\/#organization","name":"Fons Vinum","url":"https:\/\/fonsvinum.com\/en\/","logo":{"@type":"ImageObject","inLanguage":"de","@id":"https:\/\/fonsvinum.com\/en\/#\/schema\/logo\/image\/","url":"","contentUrl":"","caption":"Fons Vinum"},"image":{"@id":"https:\/\/fonsvinum.com\/en\/#\/schema\/logo\/image\/"}}]}},"acf":[],"_links":{"self":[{"href":"https:\/\/fonsvinum.com\/de\/wp-json\/wp\/v2\/product\/23948","targetHints":{"allow":["GET"]}}],"collection":[{"href":"https:\/\/fonsvinum.com\/de\/wp-json\/wp\/v2\/product"}],"about":[{"href":"https:\/\/fonsvinum.com\/de\/wp-json\/wp\/v2\/types\/product"}],"replies":[{"embeddable":true,"href":"https:\/\/fonsvinum.com\/de\/wp-json\/wp\/v2\/comments?post=23948"}],"wp:featuredmedia":[{"embeddable":true,"href":"https:\/\/fonsvinum.com\/de\/wp-json\/wp\/v2\/media\/21744"}],"wp:attachment":[{"href":"https:\/\/fonsvinum.com\/de\/wp-json\/wp\/v2\/media?parent=23948"}],"wp:term":[{"taxonomy":"product_brand","embeddable":true,"href":"https:\/\/fonsvinum.com\/de\/wp-json\/wp\/v2\/product_brand?post=23948"},{"taxonomy":"product_cat","embeddable":true,"href":"https:\/\/fonsvinum.com\/de\/wp-json\/wp\/v2\/product_cat?post=23948"},{"taxonomy":"product_tag","embeddable":true,"href":"https:\/\/fonsvinum.com\/de\/wp-json\/wp\/v2\/product_tag?post=23948"}],"curies":[{"name":"wp","href":"https:\/\/api.w.org\/{rel}","templated":true}]}}