{"id":23914,"date":"2020-04-17T16:21:14","date_gmt":"2020-04-17T14:21:14","guid":{"rendered":"https:\/\/fonsvinum.com\/?post_type=product&#038;p=23914"},"modified":"2020-04-17T16:39:01","modified_gmt":"2020-04-17T14:39:01","slug":"barolo-castiglione-vietti-2016","status":"publish","type":"product","link":"https:\/\/fonsvinum.com\/de\/produkt\/barolo-castiglione-vietti-2016\/","title":{"rendered":"Barolo Castiglione Vietti 2016"},"content":{"rendered":"<h1>Barolo Castiglione Vietti 2016<\/h1>\n<p>Dieser Wein kommt wie immer aus 11 verschiedenen Lagen und ist der Barolo des Hauses schlechthin.<\/p>\n<p>Diese Basis zeigt perfekt, was Vietti kann. Und der Wein ist mit gleichem Aufwand vom Weinberg bis zum Keller entstanden und somit eines der qualitativen Superschn\u00e4ppchen der Langhe \u00fcberhaupt.<\/p>\n<p>Biologisch-organische Weinbergsarbeit. Ultrakleine Ertr\u00e4ge von unter 20 hl\/ha durch mehrmalige gr\u00fcne Lese.<\/p>\n<p>Beides zusammen ergibt immer eine fr\u00fchere Reife mir knackiger S\u00e4ure bei zugleich hoher Fruchts\u00fc\u00dfe. Vietti arbeitet seit vielen, vielen Jahren biologisch, ja sogar biodynamisch, aber ohne zertifiziert zu sein.<\/p>\n<p>Barolo Castiglione ist das Sammelsurium aller Crus.<\/p>\n<p>Castglione ist ja neben vielen ausgesuchten Lagen quasi auch immer ein Sammelzweitwein aller Crus von Vietti aus Castglione, La Morra, Serralunga und Novello. Entsprechend ist das immer einer der komplexesten \u201enormalen\u201c Barolo des Piemonts gewesen.<\/p>\n<p>Die Frucht ist sehr frisch. Viel auf der roten Frucht bleibend, anders als es die Nase suggerierte. Sehr viel Zwetschge, Waldhimbeere, auch etwas Johannisbeere. Nicht ganz so extrem auf der Finesse und nicht ganz so schlank wie der \u00e4hnlich komponierte Wein von Bartolo Mascarello. Etwas mehr W\u00e4rme und F\u00fclle, etwas mehr K\u00f6rper und s\u00fc\u00dfe F\u00fclle aufweisend. Dennoch eher ein feiner, langer, extrem stylischer, seidiger Finessebarolo.<\/p>\n<p>Man muss 4-5 Jahre warten, aber es wird eine gro\u00dfe Freude sein diesen sehr stylischen, sehr typischen Barolo aus einer fast vergessenen Zeit zu trinken. Ein Wein wie Barolo fr\u00fcher war.<\/p>\n<p>&nbsp;<\/p>\n<p>&nbsp;<\/p>\n","protected":false},"excerpt":{"rendered":"<p>Barolo Castiglione Vietti 2016 Dieser Wein kommt wie immer aus 11 verschiedenen Lagen und ist der Barolo des Hauses schlechthin. Diese Basis zeigt perfekt, was Vietti kann. Und der Wein ist mit gleichem Aufwand vom Weinberg bis zum Keller entstanden und somit eines der qualitativen Superschn\u00e4ppchen der Langhe \u00fcberhaupt. Biologisch-organische Weinbergsarbeit. Ultrakleine Ertr\u00e4ge von unter [&hellip;]<\/p>\n","protected":false},"featured_media":17601,"comment_status":"open","ping_status":"closed","template":"","meta":{"_acf_changed":false,"_monsterinsights_skip_tracking":false,"_monsterinsights_sitenote_active":false,"_monsterinsights_sitenote_note":"","_monsterinsights_sitenote_category":0},"product_brand":[],"product_cat":[1824],"product_tag":[1733,15903],"class_list":{"0":"post-23914","1":"product","2":"type-product","3":"status-publish","4":"has-post-thumbnail","6":"product_cat-barolo-de","7":"product_tag-aussergewoehnliche-weine-de","8":"product_tag-barolo-de","9":"pa_appellation-barolo-docg-de","10":"pa_formato-0-75-l-flasche-de","11":"pa_producer-vietti-de","12":"pa_region-piemont-de","13":"pa_vine-100-nebbiolo-de","14":"pa_vintage-2016-de","16":"first","17":"outofstock","18":"taxable","19":"shipping-taxable","20":"purchasable","21":"product-type-simple"},"bundled_by":[],"bundle_stock_status":"outofstock","bundle_stock_quantity":0,"bundle_virtual":false,"bundle_layout":"","bundle_add_to_cart_form_location":"","bundle_editable_in_cart":false,"bundle_sold_individually_context":"","bundle_item_grouping":"","bundle_min_size":"","bundle_max_size":"","bundle_price":[],"bundled_items":[],"bundle_sell_ids":[],"yoast_head":"<!-- This site is optimized with the Yoast SEO plugin v27.2 - https:\/\/yoast.com\/product\/yoast-seo-wordpress\/ -->\n<title>On line on Fons Vinum Barolo Castiglione Vietti 2016<\/title>\n<meta name=\"description\" content=\"Barolo Castiglione Vietti 2016 Dieser Wein kommt wie immer aus 11 verschiedenen Lagen und ist der Barolo des Hauses schlechthin.\u00a0\" \/>\n<meta name=\"robots\" content=\"index, follow, max-snippet:-1, max-image-preview:large, max-video-preview:-1\" \/>\n<link rel=\"canonical\" href=\"https:\/\/fonsvinum.com\/de\/produkt\/barolo-castiglione-vietti-2016\/\" \/>\n<meta property=\"og:locale\" content=\"de_DE\" \/>\n<meta property=\"og:type\" content=\"article\" \/>\n<meta property=\"og:title\" content=\"On line on Fons Vinum Barolo Castiglione Vietti 2016\" \/>\n<meta property=\"og:description\" content=\"Barolo Castiglione Vietti 2016 Dieser Wein kommt wie immer aus 11 verschiedenen Lagen und ist der Barolo des Hauses schlechthin.\u00a0\" \/>\n<meta property=\"og:url\" content=\"https:\/\/fonsvinum.com\/de\/produkt\/barolo-castiglione-vietti-2016\/\" \/>\n<meta property=\"og:site_name\" content=\"Fons Vinum\" \/>\n<meta property=\"article:modified_time\" content=\"2020-04-17T14:39:01+00:00\" \/>\n<meta property=\"og:image\" content=\"https:\/\/fonsvinum.com\/files\/2019\/02\/barolo-castiglione-docg-vietti.jpg\" \/>\n\t<meta property=\"og:image:width\" content=\"568\" \/>\n\t<meta property=\"og:image:height\" content=\"1100\" \/>\n\t<meta property=\"og:image:type\" content=\"image\/jpeg\" \/>\n<meta name=\"twitter:label1\" content=\"Gesch\u00e4tzte Lesezeit\" \/>\n\t<meta name=\"twitter:data1\" content=\"1\u00a0Minute\" \/>\n<script type=\"application\/ld+json\" class=\"yoast-schema-graph\">{\"@context\":\"https:\/\/schema.org\",\"@graph\":[{\"@type\":\"WebPage\",\"@id\":\"https:\/\/fonsvinum.com\/de\/produkt\/barolo-castiglione-vietti-2016\/\",\"url\":\"https:\/\/fonsvinum.com\/de\/produkt\/barolo-castiglione-vietti-2016\/\",\"name\":\"On line on Fons Vinum Barolo Castiglione Vietti 2016\",\"isPartOf\":{\"@id\":\"https:\/\/fonsvinum.com\/en\/#website\"},\"primaryImageOfPage\":{\"@id\":\"https:\/\/fonsvinum.com\/de\/produkt\/barolo-castiglione-vietti-2016\/#primaryimage\"},\"image\":{\"@id\":\"https:\/\/fonsvinum.com\/de\/produkt\/barolo-castiglione-vietti-2016\/#primaryimage\"},\"thumbnailUrl\":\"https:\/\/fonsvinum.com\/files\/2019\/02\/barolo-castiglione-docg-vietti.jpg\",\"datePublished\":\"2020-04-17T14:21:14+00:00\",\"dateModified\":\"2020-04-17T14:39:01+00:00\",\"description\":\"Barolo Castiglione Vietti 2016 Dieser Wein kommt wie immer aus 11 verschiedenen Lagen und ist der Barolo des Hauses schlechthin.\u00a0\",\"breadcrumb\":{\"@id\":\"https:\/\/fonsvinum.com\/de\/produkt\/barolo-castiglione-vietti-2016\/#breadcrumb\"},\"inLanguage\":\"de\",\"potentialAction\":[{\"@type\":\"ReadAction\",\"target\":[\"https:\/\/fonsvinum.com\/de\/produkt\/barolo-castiglione-vietti-2016\/\"]}]},{\"@type\":\"ImageObject\",\"inLanguage\":\"de\",\"@id\":\"https:\/\/fonsvinum.com\/de\/produkt\/barolo-castiglione-vietti-2016\/#primaryimage\",\"url\":\"https:\/\/fonsvinum.com\/files\/2019\/02\/barolo-castiglione-docg-vietti.jpg\",\"contentUrl\":\"https:\/\/fonsvinum.com\/files\/2019\/02\/barolo-castiglione-docg-vietti.jpg\",\"width\":568,\"height\":1100,\"caption\":\"barolo-castiglione-docg-vietti\"},{\"@type\":\"BreadcrumbList\",\"@id\":\"https:\/\/fonsvinum.com\/de\/produkt\/barolo-castiglione-vietti-2016\/#breadcrumb\",\"itemListElement\":[{\"@type\":\"ListItem\",\"position\":1,\"name\":\"Startseite\",\"item\":\"https:\/\/fonsvinum.com\/de\/\"},{\"@type\":\"ListItem\",\"position\":2,\"name\":\"Shop\",\"item\":\"https:\/\/fonsvinum.com\/de\/shop\/\"},{\"@type\":\"ListItem\",\"position\":3,\"name\":\"Barolo Castiglione Vietti 2016\"}]},{\"@type\":\"WebSite\",\"@id\":\"https:\/\/fonsvinum.com\/en\/#website\",\"url\":\"https:\/\/fonsvinum.com\/en\/\",\"name\":\"Fons Vinum\",\"description\":\"Vendita Vino Online\",\"publisher\":{\"@id\":\"https:\/\/fonsvinum.com\/en\/#organization\"},\"potentialAction\":[{\"@type\":\"SearchAction\",\"target\":{\"@type\":\"EntryPoint\",\"urlTemplate\":\"https:\/\/fonsvinum.com\/en\/?s={search_term_string}\"},\"query-input\":{\"@type\":\"PropertyValueSpecification\",\"valueRequired\":true,\"valueName\":\"search_term_string\"}}],\"inLanguage\":\"de\"},{\"@type\":\"Organization\",\"@id\":\"https:\/\/fonsvinum.com\/en\/#organization\",\"name\":\"Fons Vinum\",\"url\":\"https:\/\/fonsvinum.com\/en\/\",\"logo\":{\"@type\":\"ImageObject\",\"inLanguage\":\"de\",\"@id\":\"https:\/\/fonsvinum.com\/en\/#\/schema\/logo\/image\/\",\"url\":\"\",\"contentUrl\":\"\",\"caption\":\"Fons Vinum\"},\"image\":{\"@id\":\"https:\/\/fonsvinum.com\/en\/#\/schema\/logo\/image\/\"}}]}<\/script>\n<!-- \/ Yoast SEO plugin. -->","yoast_head_json":{"title":"On line on Fons Vinum Barolo Castiglione Vietti 2016","description":"Barolo Castiglione Vietti 2016 Dieser Wein kommt wie immer aus 11 verschiedenen Lagen und ist der Barolo des Hauses schlechthin.\u00a0","robots":{"index":"index","follow":"follow","max-snippet":"max-snippet:-1","max-image-preview":"max-image-preview:large","max-video-preview":"max-video-preview:-1"},"canonical":"https:\/\/fonsvinum.com\/de\/produkt\/barolo-castiglione-vietti-2016\/","og_locale":"de_DE","og_type":"article","og_title":"On line on Fons Vinum Barolo Castiglione Vietti 2016","og_description":"Barolo Castiglione Vietti 2016 Dieser Wein kommt wie immer aus 11 verschiedenen Lagen und ist der Barolo des Hauses schlechthin.\u00a0","og_url":"https:\/\/fonsvinum.com\/de\/produkt\/barolo-castiglione-vietti-2016\/","og_site_name":"Fons Vinum","article_modified_time":"2020-04-17T14:39:01+00:00","og_image":[{"width":568,"height":1100,"url":"https:\/\/fonsvinum.com\/files\/2019\/02\/barolo-castiglione-docg-vietti.jpg","type":"image\/jpeg"}],"twitter_misc":{"Gesch\u00e4tzte Lesezeit":"1\u00a0Minute"},"schema":{"@context":"https:\/\/schema.org","@graph":[{"@type":"WebPage","@id":"https:\/\/fonsvinum.com\/de\/produkt\/barolo-castiglione-vietti-2016\/","url":"https:\/\/fonsvinum.com\/de\/produkt\/barolo-castiglione-vietti-2016\/","name":"On line on Fons Vinum Barolo Castiglione Vietti 2016","isPartOf":{"@id":"https:\/\/fonsvinum.com\/en\/#website"},"primaryImageOfPage":{"@id":"https:\/\/fonsvinum.com\/de\/produkt\/barolo-castiglione-vietti-2016\/#primaryimage"},"image":{"@id":"https:\/\/fonsvinum.com\/de\/produkt\/barolo-castiglione-vietti-2016\/#primaryimage"},"thumbnailUrl":"https:\/\/fonsvinum.com\/files\/2019\/02\/barolo-castiglione-docg-vietti.jpg","datePublished":"2020-04-17T14:21:14+00:00","dateModified":"2020-04-17T14:39:01+00:00","description":"Barolo Castiglione Vietti 2016 Dieser Wein kommt wie immer aus 11 verschiedenen Lagen und ist der Barolo des Hauses schlechthin.\u00a0","breadcrumb":{"@id":"https:\/\/fonsvinum.com\/de\/produkt\/barolo-castiglione-vietti-2016\/#breadcrumb"},"inLanguage":"de","potentialAction":[{"@type":"ReadAction","target":["https:\/\/fonsvinum.com\/de\/produkt\/barolo-castiglione-vietti-2016\/"]}]},{"@type":"ImageObject","inLanguage":"de","@id":"https:\/\/fonsvinum.com\/de\/produkt\/barolo-castiglione-vietti-2016\/#primaryimage","url":"https:\/\/fonsvinum.com\/files\/2019\/02\/barolo-castiglione-docg-vietti.jpg","contentUrl":"https:\/\/fonsvinum.com\/files\/2019\/02\/barolo-castiglione-docg-vietti.jpg","width":568,"height":1100,"caption":"barolo-castiglione-docg-vietti"},{"@type":"BreadcrumbList","@id":"https:\/\/fonsvinum.com\/de\/produkt\/barolo-castiglione-vietti-2016\/#breadcrumb","itemListElement":[{"@type":"ListItem","position":1,"name":"Startseite","item":"https:\/\/fonsvinum.com\/de\/"},{"@type":"ListItem","position":2,"name":"Shop","item":"https:\/\/fonsvinum.com\/de\/shop\/"},{"@type":"ListItem","position":3,"name":"Barolo Castiglione Vietti 2016"}]},{"@type":"WebSite","@id":"https:\/\/fonsvinum.com\/en\/#website","url":"https:\/\/fonsvinum.com\/en\/","name":"Fons Vinum","description":"Vendita Vino Online","publisher":{"@id":"https:\/\/fonsvinum.com\/en\/#organization"},"potentialAction":[{"@type":"SearchAction","target":{"@type":"EntryPoint","urlTemplate":"https:\/\/fonsvinum.com\/en\/?s={search_term_string}"},"query-input":{"@type":"PropertyValueSpecification","valueRequired":true,"valueName":"search_term_string"}}],"inLanguage":"de"},{"@type":"Organization","@id":"https:\/\/fonsvinum.com\/en\/#organization","name":"Fons Vinum","url":"https:\/\/fonsvinum.com\/en\/","logo":{"@type":"ImageObject","inLanguage":"de","@id":"https:\/\/fonsvinum.com\/en\/#\/schema\/logo\/image\/","url":"","contentUrl":"","caption":"Fons Vinum"},"image":{"@id":"https:\/\/fonsvinum.com\/en\/#\/schema\/logo\/image\/"}}]}},"acf":[],"_links":{"self":[{"href":"https:\/\/fonsvinum.com\/de\/wp-json\/wp\/v2\/product\/23914","targetHints":{"allow":["GET"]}}],"collection":[{"href":"https:\/\/fonsvinum.com\/de\/wp-json\/wp\/v2\/product"}],"about":[{"href":"https:\/\/fonsvinum.com\/de\/wp-json\/wp\/v2\/types\/product"}],"replies":[{"embeddable":true,"href":"https:\/\/fonsvinum.com\/de\/wp-json\/wp\/v2\/comments?post=23914"}],"wp:featuredmedia":[{"embeddable":true,"href":"https:\/\/fonsvinum.com\/de\/wp-json\/wp\/v2\/media\/17601"}],"wp:attachment":[{"href":"https:\/\/fonsvinum.com\/de\/wp-json\/wp\/v2\/media?parent=23914"}],"wp:term":[{"taxonomy":"product_brand","embeddable":true,"href":"https:\/\/fonsvinum.com\/de\/wp-json\/wp\/v2\/product_brand?post=23914"},{"taxonomy":"product_cat","embeddable":true,"href":"https:\/\/fonsvinum.com\/de\/wp-json\/wp\/v2\/product_cat?post=23914"},{"taxonomy":"product_tag","embeddable":true,"href":"https:\/\/fonsvinum.com\/de\/wp-json\/wp\/v2\/product_tag?post=23914"}],"curies":[{"name":"wp","href":"https:\/\/api.w.org\/{rel}","templated":true}]}}