{"id":23726,"date":"2020-04-15T11:34:57","date_gmt":"2020-04-15T09:34:57","guid":{"rendered":"https:\/\/fonsvinum.com\/?post_type=product&#038;p=23726"},"modified":"2020-04-15T12:08:02","modified_gmt":"2020-04-15T10:08:02","slug":"barolo-cannubi-michele-chiarlo-2010","status":"publish","type":"product","link":"https:\/\/fonsvinum.com\/de\/produkt\/barolo-cannubi-michele-chiarlo-2010\/","title":{"rendered":"Barolo Cannubi Michele Chiarlo 2010"},"content":{"rendered":"<h1>Barolo Cannubi <a title=\"michele chiarlo\" href=\"https:\/\/fonsvinum.com\/produttore\/michele-chiarlo-comprare-il-vino-in-cantina\/\" target=\"_blank\" rel=\"noopener noreferrer\">Michele Chiarlo<\/a>\u00a02010<\/h1>\n<p>Auf dem ber\u00fchmten H\u00fcgel von Cannubi besitzt Michele Chiarlo einen Prachtweinberg an einem Steilhang, den man (als erste Lage in der Gegend) terrassierte, um ideale Bedingungen zu erhalten. Der Wein beeindruckt mit ausgepr\u00e4gten Aromen von Brombeeren, Lakritze, Zimt, Minze und welkenden Rosen.<\/p>\n<p>Die vom ber\u00fchmten Cru gepr\u00e4gte Charakterst\u00e4rke zeigt sich in feinsten Tanninen und der wunderbaren Pfirsichkernnote des langen, subtilen Abgangs.<\/p>\n","protected":false},"excerpt":{"rendered":"<p>Barolo Cannubi Michele Chiarlo\u00a02010 Auf dem ber\u00fchmten H\u00fcgel von Cannubi besitzt Michele Chiarlo einen Prachtweinberg an einem Steilhang, den man (als erste Lage in der Gegend) terrassierte, um ideale Bedingungen zu erhalten. Der Wein beeindruckt mit ausgepr\u00e4gten Aromen von Brombeeren, Lakritze, Zimt, Minze und welkenden Rosen. Die vom ber\u00fchmten Cru gepr\u00e4gte Charakterst\u00e4rke zeigt sich in [&hellip;]<\/p>\n","protected":false},"featured_media":5936,"comment_status":"open","ping_status":"closed","template":"","meta":{"_acf_changed":false,"_monsterinsights_skip_tracking":false,"_monsterinsights_sitenote_active":false,"_monsterinsights_sitenote_note":"","_monsterinsights_sitenote_category":0},"product_brand":[],"product_cat":[1824],"product_tag":[],"class_list":{"0":"post-23726","1":"product","2":"type-product","3":"status-publish","4":"has-post-thumbnail","6":"product_cat-barolo-de","7":"pa_appellation-barolo-docg-de","8":"pa_formato-0-75-l-flasche-de","9":"pa_producer-michele-chiarlo-de","10":"pa_region-piemont-de","11":"pa_vine-100-nebbiolo-de","12":"pa_vintage-2010-de","14":"first","15":"outofstock","16":"taxable","17":"shipping-taxable","18":"purchasable","19":"product-type-simple"},"bundled_by":[],"bundle_stock_status":"outofstock","bundle_stock_quantity":0,"bundle_virtual":false,"bundle_layout":"","bundle_add_to_cart_form_location":"","bundle_editable_in_cart":false,"bundle_sold_individually_context":"","bundle_item_grouping":"","bundle_min_size":"","bundle_max_size":"","bundle_price":[],"bundled_items":[],"bundle_sell_ids":[],"yoast_head":"<!-- This site is optimized with the Yoast SEO plugin v27.2 - https:\/\/yoast.com\/product\/yoast-seo-wordpress\/ -->\n<title>Buy Barolo Cannubi Michele Chiarlo 2010 -FonsVinum<\/title>\n<meta name=\"description\" content=\"Barolo Cannubi Michele Chiarlo 2010 -FonsVinum\" \/>\n<meta name=\"robots\" content=\"index, follow, max-snippet:-1, max-image-preview:large, max-video-preview:-1\" \/>\n<link rel=\"canonical\" href=\"https:\/\/fonsvinum.com\/de\/produkt\/barolo-cannubi-michele-chiarlo-2010\/\" \/>\n<meta property=\"og:locale\" content=\"de_DE\" \/>\n<meta property=\"og:type\" content=\"article\" \/>\n<meta property=\"og:title\" content=\"Buy Barolo Cannubi Michele Chiarlo 2010 -FonsVinum\" \/>\n<meta property=\"og:description\" content=\"Barolo Cannubi Michele Chiarlo 2010 -FonsVinum\" \/>\n<meta property=\"og:url\" content=\"https:\/\/fonsvinum.com\/de\/produkt\/barolo-cannubi-michele-chiarlo-2010\/\" \/>\n<meta property=\"og:site_name\" content=\"Fons Vinum\" \/>\n<meta property=\"article:modified_time\" content=\"2020-04-15T10:08:02+00:00\" \/>\n<meta property=\"og:image\" content=\"https:\/\/fonsvinum.com\/files\/2013\/05\/barolo-cannubi-michele-chiarlo.jpg\" \/>\n\t<meta property=\"og:image:width\" content=\"172\" \/>\n\t<meta property=\"og:image:height\" content=\"690\" \/>\n\t<meta property=\"og:image:type\" content=\"image\/jpeg\" \/>\n<script type=\"application\/ld+json\" class=\"yoast-schema-graph\">{\"@context\":\"https:\/\/schema.org\",\"@graph\":[{\"@type\":\"WebPage\",\"@id\":\"https:\/\/fonsvinum.com\/de\/produkt\/barolo-cannubi-michele-chiarlo-2010\/\",\"url\":\"https:\/\/fonsvinum.com\/de\/produkt\/barolo-cannubi-michele-chiarlo-2010\/\",\"name\":\"Buy Barolo Cannubi Michele Chiarlo 2010 -FonsVinum\",\"isPartOf\":{\"@id\":\"https:\/\/fonsvinum.com\/en\/#website\"},\"primaryImageOfPage\":{\"@id\":\"https:\/\/fonsvinum.com\/de\/produkt\/barolo-cannubi-michele-chiarlo-2010\/#primaryimage\"},\"image\":{\"@id\":\"https:\/\/fonsvinum.com\/de\/produkt\/barolo-cannubi-michele-chiarlo-2010\/#primaryimage\"},\"thumbnailUrl\":\"https:\/\/fonsvinum.com\/files\/2013\/05\/barolo-cannubi-michele-chiarlo.jpg\",\"datePublished\":\"2020-04-15T09:34:57+00:00\",\"dateModified\":\"2020-04-15T10:08:02+00:00\",\"description\":\"Barolo Cannubi Michele Chiarlo 2010 -FonsVinum\",\"breadcrumb\":{\"@id\":\"https:\/\/fonsvinum.com\/de\/produkt\/barolo-cannubi-michele-chiarlo-2010\/#breadcrumb\"},\"inLanguage\":\"de\",\"potentialAction\":[{\"@type\":\"ReadAction\",\"target\":[\"https:\/\/fonsvinum.com\/de\/produkt\/barolo-cannubi-michele-chiarlo-2010\/\"]}]},{\"@type\":\"ImageObject\",\"inLanguage\":\"de\",\"@id\":\"https:\/\/fonsvinum.com\/de\/produkt\/barolo-cannubi-michele-chiarlo-2010\/#primaryimage\",\"url\":\"https:\/\/fonsvinum.com\/files\/2013\/05\/barolo-cannubi-michele-chiarlo.jpg\",\"contentUrl\":\"https:\/\/fonsvinum.com\/files\/2013\/05\/barolo-cannubi-michele-chiarlo.jpg\",\"width\":172,\"height\":690},{\"@type\":\"BreadcrumbList\",\"@id\":\"https:\/\/fonsvinum.com\/de\/produkt\/barolo-cannubi-michele-chiarlo-2010\/#breadcrumb\",\"itemListElement\":[{\"@type\":\"ListItem\",\"position\":1,\"name\":\"Startseite\",\"item\":\"https:\/\/fonsvinum.com\/de\/\"},{\"@type\":\"ListItem\",\"position\":2,\"name\":\"Shop\",\"item\":\"https:\/\/fonsvinum.com\/de\/shop\/\"},{\"@type\":\"ListItem\",\"position\":3,\"name\":\"Barolo Cannubi Michele Chiarlo 2010\"}]},{\"@type\":\"WebSite\",\"@id\":\"https:\/\/fonsvinum.com\/en\/#website\",\"url\":\"https:\/\/fonsvinum.com\/en\/\",\"name\":\"Fons Vinum\",\"description\":\"Vendita Vino Online\",\"publisher\":{\"@id\":\"https:\/\/fonsvinum.com\/en\/#organization\"},\"potentialAction\":[{\"@type\":\"SearchAction\",\"target\":{\"@type\":\"EntryPoint\",\"urlTemplate\":\"https:\/\/fonsvinum.com\/en\/?s={search_term_string}\"},\"query-input\":{\"@type\":\"PropertyValueSpecification\",\"valueRequired\":true,\"valueName\":\"search_term_string\"}}],\"inLanguage\":\"de\"},{\"@type\":\"Organization\",\"@id\":\"https:\/\/fonsvinum.com\/en\/#organization\",\"name\":\"Fons Vinum\",\"url\":\"https:\/\/fonsvinum.com\/en\/\",\"logo\":{\"@type\":\"ImageObject\",\"inLanguage\":\"de\",\"@id\":\"https:\/\/fonsvinum.com\/en\/#\/schema\/logo\/image\/\",\"url\":\"\",\"contentUrl\":\"\",\"caption\":\"Fons Vinum\"},\"image\":{\"@id\":\"https:\/\/fonsvinum.com\/en\/#\/schema\/logo\/image\/\"}}]}<\/script>\n<!-- \/ Yoast SEO plugin. -->","yoast_head_json":{"title":"Buy Barolo Cannubi Michele Chiarlo 2010 -FonsVinum","description":"Barolo Cannubi Michele Chiarlo 2010 -FonsVinum","robots":{"index":"index","follow":"follow","max-snippet":"max-snippet:-1","max-image-preview":"max-image-preview:large","max-video-preview":"max-video-preview:-1"},"canonical":"https:\/\/fonsvinum.com\/de\/produkt\/barolo-cannubi-michele-chiarlo-2010\/","og_locale":"de_DE","og_type":"article","og_title":"Buy Barolo Cannubi Michele Chiarlo 2010 -FonsVinum","og_description":"Barolo Cannubi Michele Chiarlo 2010 -FonsVinum","og_url":"https:\/\/fonsvinum.com\/de\/produkt\/barolo-cannubi-michele-chiarlo-2010\/","og_site_name":"Fons Vinum","article_modified_time":"2020-04-15T10:08:02+00:00","og_image":[{"width":172,"height":690,"url":"https:\/\/fonsvinum.com\/files\/2013\/05\/barolo-cannubi-michele-chiarlo.jpg","type":"image\/jpeg"}],"schema":{"@context":"https:\/\/schema.org","@graph":[{"@type":"WebPage","@id":"https:\/\/fonsvinum.com\/de\/produkt\/barolo-cannubi-michele-chiarlo-2010\/","url":"https:\/\/fonsvinum.com\/de\/produkt\/barolo-cannubi-michele-chiarlo-2010\/","name":"Buy Barolo Cannubi Michele Chiarlo 2010 -FonsVinum","isPartOf":{"@id":"https:\/\/fonsvinum.com\/en\/#website"},"primaryImageOfPage":{"@id":"https:\/\/fonsvinum.com\/de\/produkt\/barolo-cannubi-michele-chiarlo-2010\/#primaryimage"},"image":{"@id":"https:\/\/fonsvinum.com\/de\/produkt\/barolo-cannubi-michele-chiarlo-2010\/#primaryimage"},"thumbnailUrl":"https:\/\/fonsvinum.com\/files\/2013\/05\/barolo-cannubi-michele-chiarlo.jpg","datePublished":"2020-04-15T09:34:57+00:00","dateModified":"2020-04-15T10:08:02+00:00","description":"Barolo Cannubi Michele Chiarlo 2010 -FonsVinum","breadcrumb":{"@id":"https:\/\/fonsvinum.com\/de\/produkt\/barolo-cannubi-michele-chiarlo-2010\/#breadcrumb"},"inLanguage":"de","potentialAction":[{"@type":"ReadAction","target":["https:\/\/fonsvinum.com\/de\/produkt\/barolo-cannubi-michele-chiarlo-2010\/"]}]},{"@type":"ImageObject","inLanguage":"de","@id":"https:\/\/fonsvinum.com\/de\/produkt\/barolo-cannubi-michele-chiarlo-2010\/#primaryimage","url":"https:\/\/fonsvinum.com\/files\/2013\/05\/barolo-cannubi-michele-chiarlo.jpg","contentUrl":"https:\/\/fonsvinum.com\/files\/2013\/05\/barolo-cannubi-michele-chiarlo.jpg","width":172,"height":690},{"@type":"BreadcrumbList","@id":"https:\/\/fonsvinum.com\/de\/produkt\/barolo-cannubi-michele-chiarlo-2010\/#breadcrumb","itemListElement":[{"@type":"ListItem","position":1,"name":"Startseite","item":"https:\/\/fonsvinum.com\/de\/"},{"@type":"ListItem","position":2,"name":"Shop","item":"https:\/\/fonsvinum.com\/de\/shop\/"},{"@type":"ListItem","position":3,"name":"Barolo Cannubi Michele Chiarlo 2010"}]},{"@type":"WebSite","@id":"https:\/\/fonsvinum.com\/en\/#website","url":"https:\/\/fonsvinum.com\/en\/","name":"Fons Vinum","description":"Vendita Vino Online","publisher":{"@id":"https:\/\/fonsvinum.com\/en\/#organization"},"potentialAction":[{"@type":"SearchAction","target":{"@type":"EntryPoint","urlTemplate":"https:\/\/fonsvinum.com\/en\/?s={search_term_string}"},"query-input":{"@type":"PropertyValueSpecification","valueRequired":true,"valueName":"search_term_string"}}],"inLanguage":"de"},{"@type":"Organization","@id":"https:\/\/fonsvinum.com\/en\/#organization","name":"Fons Vinum","url":"https:\/\/fonsvinum.com\/en\/","logo":{"@type":"ImageObject","inLanguage":"de","@id":"https:\/\/fonsvinum.com\/en\/#\/schema\/logo\/image\/","url":"","contentUrl":"","caption":"Fons Vinum"},"image":{"@id":"https:\/\/fonsvinum.com\/en\/#\/schema\/logo\/image\/"}}]}},"acf":[],"_links":{"self":[{"href":"https:\/\/fonsvinum.com\/de\/wp-json\/wp\/v2\/product\/23726","targetHints":{"allow":["GET"]}}],"collection":[{"href":"https:\/\/fonsvinum.com\/de\/wp-json\/wp\/v2\/product"}],"about":[{"href":"https:\/\/fonsvinum.com\/de\/wp-json\/wp\/v2\/types\/product"}],"replies":[{"embeddable":true,"href":"https:\/\/fonsvinum.com\/de\/wp-json\/wp\/v2\/comments?post=23726"}],"wp:featuredmedia":[{"embeddable":true,"href":"https:\/\/fonsvinum.com\/de\/wp-json\/wp\/v2\/media\/5936"}],"wp:attachment":[{"href":"https:\/\/fonsvinum.com\/de\/wp-json\/wp\/v2\/media?parent=23726"}],"wp:term":[{"taxonomy":"product_brand","embeddable":true,"href":"https:\/\/fonsvinum.com\/de\/wp-json\/wp\/v2\/product_brand?post=23726"},{"taxonomy":"product_cat","embeddable":true,"href":"https:\/\/fonsvinum.com\/de\/wp-json\/wp\/v2\/product_cat?post=23726"},{"taxonomy":"product_tag","embeddable":true,"href":"https:\/\/fonsvinum.com\/de\/wp-json\/wp\/v2\/product_tag?post=23726"}],"curies":[{"name":"wp","href":"https:\/\/api.w.org\/{rel}","templated":true}]}}