{"id":23392,"date":"2020-04-08T11:31:21","date_gmt":"2020-04-08T09:31:21","guid":{"rendered":"https:\/\/fonsvinum.com\/?post_type=product&#038;p=23392"},"modified":"2021-02-16T06:36:25","modified_gmt":"2021-02-16T05:36:25","slug":"marchesi-antinori-cervaro-della-sala-2018","status":"publish","type":"product","link":"https:\/\/fonsvinum.com\/de\/produkt\/marchesi-antinori-cervaro-della-sala-2018\/","title":{"rendered":"MARCHESI ANTINORI Cervaro della Sala 2018"},"content":{"rendered":"<h1><a href=\"https:\/\/fonsvinum.com\/de\/?s=MARCHESI+ANTINORI&amp;post_type=product\">MARCHESI ANTINORI<\/a> <a href=\"https:\/\/fonsvinum.com\/de\/?s=Cervaro+della+Sala&amp;post_type=product\">Cervaro della Sala<\/a> 2018<\/h1>\n<p>Der wohl ber\u00fchmteste Wei\u00dfwein Umbriens! Das komplexe Bouquet, dabei der intensiv fruchtige Geschmack mit feinen Vanillenoten und der unendlich erscheinende Abgang lassen diesen gro\u00dfartigen, 5 Monate in neuen Barriques gereiften Wein zu einem unvergesslichen Erlebnis werden.<\/p>\n<h2>VERKOSTUNGSNOTIZEN<\/h2>\n<p>Der Cervaro della Sala 2018, von strahlend strohgelber Farbe mit einigen gr\u00fcnlichen Reflexen, zeigt Toastnoten und Noten von Zitrusfr\u00fcchten und exotischen Fr\u00fcchten mit leichten Butternuancen. Am Gaumen markante Frische, Schmackhaftigkeit und eine angenehme Nachhaltigkeit. In seiner Jugendlichkeit, die schon erfreulich und einladend ist, l\u00e4sst er bereits ein gro\u00dfes Potenzial erahnen, das sich im Laufe der Jahre voll entfalten wird.<\/p>\n","protected":false},"excerpt":{"rendered":"<p>MARCHESI ANTINORI Cervaro della Sala 2018 Der wohl ber\u00fchmteste Wei\u00dfwein Umbriens! Das komplexe Bouquet, dabei der intensiv fruchtige Geschmack mit feinen Vanillenoten und der unendlich erscheinende Abgang lassen diesen gro\u00dfartigen, 5 Monate in neuen Barriques gereiften Wein zu einem unvergesslichen Erlebnis werden. VERKOSTUNGSNOTIZEN Der Cervaro della Sala 2018, von strahlend strohgelber Farbe mit einigen gr\u00fcnlichen [&hellip;]<\/p>\n","protected":false},"featured_media":11645,"comment_status":"open","ping_status":"closed","template":"","meta":{"_acf_changed":false,"_monsterinsights_skip_tracking":false,"_monsterinsights_sitenote_active":false,"_monsterinsights_sitenote_note":"","_monsterinsights_sitenote_category":0},"product_brand":[],"product_cat":[2162,2266],"product_tag":[],"class_list":{"0":"post-23392","1":"product","2":"type-product","3":"status-publish","4":"has-post-thumbnail","6":"product_cat-blend","7":"product_cat-weissweine-de","8":"pa_appellation-umbria-igt-de","9":"pa_formato-0-75-l-flasche-de","10":"pa_producer-marchesi-antinori-de","11":"pa_region-umbrien-de","12":"pa_vintage-2018-de","14":"first","15":"instock","16":"taxable","17":"shipping-taxable","18":"purchasable","19":"product-type-simple"},"bundled_by":[],"bundle_stock_status":"instock","bundle_stock_quantity":2,"bundle_virtual":false,"bundle_layout":"","bundle_add_to_cart_form_location":"","bundle_editable_in_cart":false,"bundle_sold_individually_context":"","bundle_item_grouping":"","bundle_min_size":"","bundle_max_size":"","bundle_price":[],"bundled_items":[],"bundle_sell_ids":[],"yoast_head":"<!-- This site is optimized with the Yoast SEO plugin v27.3 - https:\/\/yoast.com\/product\/yoast-seo-wordpress\/ -->\n<title>Marchesi Antinori Cervaro Della Sala 2018<\/title>\n<meta name=\"description\" content=\"Marchesi Antinori Cervaro Della Sala 2018 von strahlend strohgelber Farbe mit einigen gr\u00fcnlichen Reflexen, zeigt Toastnoten und Noten von Zitrusfr\u00fcchten.\" \/>\n<meta name=\"robots\" content=\"index, follow, max-snippet:-1, max-image-preview:large, max-video-preview:-1\" \/>\n<link rel=\"canonical\" href=\"https:\/\/fonsvinum.com\/de\/produkt\/marchesi-antinori-cervaro-della-sala-2018\/\" \/>\n<meta property=\"og:locale\" content=\"de_DE\" \/>\n<meta property=\"og:type\" content=\"article\" \/>\n<meta property=\"og:title\" content=\"Marchesi Antinori Cervaro Della Sala 2018\" \/>\n<meta property=\"og:description\" content=\"Marchesi Antinori Cervaro Della Sala 2018 von strahlend strohgelber Farbe mit einigen gr\u00fcnlichen Reflexen, zeigt Toastnoten und Noten von Zitrusfr\u00fcchten.\" \/>\n<meta property=\"og:url\" content=\"https:\/\/fonsvinum.com\/de\/produkt\/marchesi-antinori-cervaro-della-sala-2018\/\" \/>\n<meta property=\"og:site_name\" content=\"Fons Vinum\" \/>\n<meta property=\"article:modified_time\" content=\"2021-02-16T05:36:25+00:00\" \/>\n<meta property=\"og:image\" content=\"https:\/\/fonsvinum.com\/files\/2017\/07\/Cervaro-Della-Sala-Marchesi-Antinori-2015.jpg\" \/>\n\t<meta property=\"og:image:width\" content=\"200\" \/>\n\t<meta property=\"og:image:height\" content=\"600\" \/>\n\t<meta property=\"og:image:type\" content=\"image\/jpeg\" \/>\n<meta name=\"twitter:label1\" content=\"Gesch\u00e4tzte Lesezeit\" \/>\n\t<meta name=\"twitter:data1\" content=\"1\u00a0Minute\" \/>\n<script type=\"application\/ld+json\" class=\"yoast-schema-graph\">{\"@context\":\"https:\\\/\\\/schema.org\",\"@graph\":[{\"@type\":\"WebPage\",\"@id\":\"https:\\\/\\\/fonsvinum.com\\\/de\\\/produkt\\\/marchesi-antinori-cervaro-della-sala-2018\\\/\",\"url\":\"https:\\\/\\\/fonsvinum.com\\\/de\\\/produkt\\\/marchesi-antinori-cervaro-della-sala-2018\\\/\",\"name\":\"Marchesi Antinori Cervaro Della Sala 2018\",\"isPartOf\":{\"@id\":\"https:\\\/\\\/fonsvinum.com\\\/en\\\/#website\"},\"primaryImageOfPage\":{\"@id\":\"https:\\\/\\\/fonsvinum.com\\\/de\\\/produkt\\\/marchesi-antinori-cervaro-della-sala-2018\\\/#primaryimage\"},\"image\":{\"@id\":\"https:\\\/\\\/fonsvinum.com\\\/de\\\/produkt\\\/marchesi-antinori-cervaro-della-sala-2018\\\/#primaryimage\"},\"thumbnailUrl\":\"https:\\\/\\\/fonsvinum.com\\\/files\\\/2017\\\/07\\\/Cervaro-Della-Sala-Marchesi-Antinori-2015.jpg\",\"datePublished\":\"2020-04-08T09:31:21+00:00\",\"dateModified\":\"2021-02-16T05:36:25+00:00\",\"description\":\"Marchesi Antinori Cervaro Della Sala 2018 von strahlend strohgelber Farbe mit einigen gr\u00fcnlichen Reflexen, zeigt Toastnoten und Noten von Zitrusfr\u00fcchten.\",\"breadcrumb\":{\"@id\":\"https:\\\/\\\/fonsvinum.com\\\/de\\\/produkt\\\/marchesi-antinori-cervaro-della-sala-2018\\\/#breadcrumb\"},\"inLanguage\":\"de\",\"potentialAction\":[{\"@type\":\"ReadAction\",\"target\":[\"https:\\\/\\\/fonsvinum.com\\\/de\\\/produkt\\\/marchesi-antinori-cervaro-della-sala-2018\\\/\"]}]},{\"@type\":\"ImageObject\",\"inLanguage\":\"de\",\"@id\":\"https:\\\/\\\/fonsvinum.com\\\/de\\\/produkt\\\/marchesi-antinori-cervaro-della-sala-2018\\\/#primaryimage\",\"url\":\"https:\\\/\\\/fonsvinum.com\\\/files\\\/2017\\\/07\\\/Cervaro-Della-Sala-Marchesi-Antinori-2015.jpg\",\"contentUrl\":\"https:\\\/\\\/fonsvinum.com\\\/files\\\/2017\\\/07\\\/Cervaro-Della-Sala-Marchesi-Antinori-2015.jpg\",\"width\":200,\"height\":600},{\"@type\":\"BreadcrumbList\",\"@id\":\"https:\\\/\\\/fonsvinum.com\\\/de\\\/produkt\\\/marchesi-antinori-cervaro-della-sala-2018\\\/#breadcrumb\",\"itemListElement\":[{\"@type\":\"ListItem\",\"position\":1,\"name\":\"Startseite\",\"item\":\"https:\\\/\\\/fonsvinum.com\\\/de\\\/\"},{\"@type\":\"ListItem\",\"position\":2,\"name\":\"Shop\",\"item\":\"https:\\\/\\\/fonsvinum.com\\\/de\\\/shop\\\/\"},{\"@type\":\"ListItem\",\"position\":3,\"name\":\"MARCHESI ANTINORI Cervaro della Sala 2018\"}]},{\"@type\":\"WebSite\",\"@id\":\"https:\\\/\\\/fonsvinum.com\\\/en\\\/#website\",\"url\":\"https:\\\/\\\/fonsvinum.com\\\/en\\\/\",\"name\":\"Fons Vinum\",\"description\":\"Vendita Vino Online\",\"publisher\":{\"@id\":\"https:\\\/\\\/fonsvinum.com\\\/en\\\/#organization\"},\"potentialAction\":[{\"@type\":\"SearchAction\",\"target\":{\"@type\":\"EntryPoint\",\"urlTemplate\":\"https:\\\/\\\/fonsvinum.com\\\/en\\\/?s={search_term_string}\"},\"query-input\":{\"@type\":\"PropertyValueSpecification\",\"valueRequired\":true,\"valueName\":\"search_term_string\"}}],\"inLanguage\":\"de\"},{\"@type\":\"Organization\",\"@id\":\"https:\\\/\\\/fonsvinum.com\\\/en\\\/#organization\",\"name\":\"Fons Vinum\",\"url\":\"https:\\\/\\\/fonsvinum.com\\\/en\\\/\",\"logo\":{\"@type\":\"ImageObject\",\"inLanguage\":\"de\",\"@id\":\"https:\\\/\\\/fonsvinum.com\\\/en\\\/#\\\/schema\\\/logo\\\/image\\\/\",\"url\":\"\",\"contentUrl\":\"\",\"caption\":\"Fons Vinum\"},\"image\":{\"@id\":\"https:\\\/\\\/fonsvinum.com\\\/en\\\/#\\\/schema\\\/logo\\\/image\\\/\"}}]}<\/script>\n<!-- \/ Yoast SEO plugin. -->","yoast_head_json":{"title":"Marchesi Antinori Cervaro Della Sala 2018","description":"Marchesi Antinori Cervaro Della Sala 2018 von strahlend strohgelber Farbe mit einigen gr\u00fcnlichen Reflexen, zeigt Toastnoten und Noten von Zitrusfr\u00fcchten.","robots":{"index":"index","follow":"follow","max-snippet":"max-snippet:-1","max-image-preview":"max-image-preview:large","max-video-preview":"max-video-preview:-1"},"canonical":"https:\/\/fonsvinum.com\/de\/produkt\/marchesi-antinori-cervaro-della-sala-2018\/","og_locale":"de_DE","og_type":"article","og_title":"Marchesi Antinori Cervaro Della Sala 2018","og_description":"Marchesi Antinori Cervaro Della Sala 2018 von strahlend strohgelber Farbe mit einigen gr\u00fcnlichen Reflexen, zeigt Toastnoten und Noten von Zitrusfr\u00fcchten.","og_url":"https:\/\/fonsvinum.com\/de\/produkt\/marchesi-antinori-cervaro-della-sala-2018\/","og_site_name":"Fons Vinum","article_modified_time":"2021-02-16T05:36:25+00:00","og_image":[{"width":200,"height":600,"url":"https:\/\/fonsvinum.com\/files\/2017\/07\/Cervaro-Della-Sala-Marchesi-Antinori-2015.jpg","type":"image\/jpeg"}],"twitter_misc":{"Gesch\u00e4tzte Lesezeit":"1\u00a0Minute"},"schema":{"@context":"https:\/\/schema.org","@graph":[{"@type":"WebPage","@id":"https:\/\/fonsvinum.com\/de\/produkt\/marchesi-antinori-cervaro-della-sala-2018\/","url":"https:\/\/fonsvinum.com\/de\/produkt\/marchesi-antinori-cervaro-della-sala-2018\/","name":"Marchesi Antinori Cervaro Della Sala 2018","isPartOf":{"@id":"https:\/\/fonsvinum.com\/en\/#website"},"primaryImageOfPage":{"@id":"https:\/\/fonsvinum.com\/de\/produkt\/marchesi-antinori-cervaro-della-sala-2018\/#primaryimage"},"image":{"@id":"https:\/\/fonsvinum.com\/de\/produkt\/marchesi-antinori-cervaro-della-sala-2018\/#primaryimage"},"thumbnailUrl":"https:\/\/fonsvinum.com\/files\/2017\/07\/Cervaro-Della-Sala-Marchesi-Antinori-2015.jpg","datePublished":"2020-04-08T09:31:21+00:00","dateModified":"2021-02-16T05:36:25+00:00","description":"Marchesi Antinori Cervaro Della Sala 2018 von strahlend strohgelber Farbe mit einigen gr\u00fcnlichen Reflexen, zeigt Toastnoten und Noten von Zitrusfr\u00fcchten.","breadcrumb":{"@id":"https:\/\/fonsvinum.com\/de\/produkt\/marchesi-antinori-cervaro-della-sala-2018\/#breadcrumb"},"inLanguage":"de","potentialAction":[{"@type":"ReadAction","target":["https:\/\/fonsvinum.com\/de\/produkt\/marchesi-antinori-cervaro-della-sala-2018\/"]}]},{"@type":"ImageObject","inLanguage":"de","@id":"https:\/\/fonsvinum.com\/de\/produkt\/marchesi-antinori-cervaro-della-sala-2018\/#primaryimage","url":"https:\/\/fonsvinum.com\/files\/2017\/07\/Cervaro-Della-Sala-Marchesi-Antinori-2015.jpg","contentUrl":"https:\/\/fonsvinum.com\/files\/2017\/07\/Cervaro-Della-Sala-Marchesi-Antinori-2015.jpg","width":200,"height":600},{"@type":"BreadcrumbList","@id":"https:\/\/fonsvinum.com\/de\/produkt\/marchesi-antinori-cervaro-della-sala-2018\/#breadcrumb","itemListElement":[{"@type":"ListItem","position":1,"name":"Startseite","item":"https:\/\/fonsvinum.com\/de\/"},{"@type":"ListItem","position":2,"name":"Shop","item":"https:\/\/fonsvinum.com\/de\/shop\/"},{"@type":"ListItem","position":3,"name":"MARCHESI ANTINORI Cervaro della Sala 2018"}]},{"@type":"WebSite","@id":"https:\/\/fonsvinum.com\/en\/#website","url":"https:\/\/fonsvinum.com\/en\/","name":"Fons Vinum","description":"Vendita Vino Online","publisher":{"@id":"https:\/\/fonsvinum.com\/en\/#organization"},"potentialAction":[{"@type":"SearchAction","target":{"@type":"EntryPoint","urlTemplate":"https:\/\/fonsvinum.com\/en\/?s={search_term_string}"},"query-input":{"@type":"PropertyValueSpecification","valueRequired":true,"valueName":"search_term_string"}}],"inLanguage":"de"},{"@type":"Organization","@id":"https:\/\/fonsvinum.com\/en\/#organization","name":"Fons Vinum","url":"https:\/\/fonsvinum.com\/en\/","logo":{"@type":"ImageObject","inLanguage":"de","@id":"https:\/\/fonsvinum.com\/en\/#\/schema\/logo\/image\/","url":"","contentUrl":"","caption":"Fons Vinum"},"image":{"@id":"https:\/\/fonsvinum.com\/en\/#\/schema\/logo\/image\/"}}]}},"acf":[],"_links":{"self":[{"href":"https:\/\/fonsvinum.com\/de\/wp-json\/wp\/v2\/product\/23392","targetHints":{"allow":["GET"]}}],"collection":[{"href":"https:\/\/fonsvinum.com\/de\/wp-json\/wp\/v2\/product"}],"about":[{"href":"https:\/\/fonsvinum.com\/de\/wp-json\/wp\/v2\/types\/product"}],"replies":[{"embeddable":true,"href":"https:\/\/fonsvinum.com\/de\/wp-json\/wp\/v2\/comments?post=23392"}],"wp:featuredmedia":[{"embeddable":true,"href":"https:\/\/fonsvinum.com\/de\/wp-json\/wp\/v2\/media\/11645"}],"wp:attachment":[{"href":"https:\/\/fonsvinum.com\/de\/wp-json\/wp\/v2\/media?parent=23392"}],"wp:term":[{"taxonomy":"product_brand","embeddable":true,"href":"https:\/\/fonsvinum.com\/de\/wp-json\/wp\/v2\/product_brand?post=23392"},{"taxonomy":"product_cat","embeddable":true,"href":"https:\/\/fonsvinum.com\/de\/wp-json\/wp\/v2\/product_cat?post=23392"},{"taxonomy":"product_tag","embeddable":true,"href":"https:\/\/fonsvinum.com\/de\/wp-json\/wp\/v2\/product_tag?post=23392"}],"curies":[{"name":"wp","href":"https:\/\/api.w.org\/{rel}","templated":true}]}}