{"id":23368,"date":"2020-04-06T19:18:18","date_gmt":"2020-04-06T17:18:18","guid":{"rendered":"https:\/\/fonsvinum.com\/?post_type=product&#038;p=23368"},"modified":"2020-04-06T19:53:35","modified_gmt":"2020-04-06T17:53:35","slug":"barolo-borgogno-riserva-1974","status":"publish","type":"product","link":"https:\/\/fonsvinum.com\/de\/produkt\/barolo-borgogno-riserva-1974\/","title":{"rendered":"Barolo Borgogno Riserva 1974"},"content":{"rendered":"<h1>Barolo Borgogno Riserva 1974<\/h1>\n<p>Borgogno weingut befindetsichim\u00a0im namensgebenen Ort Barolo liegt\u00a0mitten im\u00a0\u201eZentrum\u201c\u00a0eines der\u00a0\u00e4ltesten Weing\u00fcter des Piemonts\u00a0welches 1761 gegr\u00fcndet wurde. Bekannt f\u00fcr seine Qualit\u00e4ten wurde\u00a0BORGOGNO\u00a0schon vor vielen Generationen. Gemeinsam mit den\u00a0Marchesi\u00a0de Barolo eroberte der Barolo \u00fcber das ital. K\u00f6nigshaus in Triest die Weinwelt mit einer damals nicht gekannten Qualit\u00e4t.<\/p>\n<p>Ein Barolo ist immer etwas Besonderes, denn er wird nur aus der Rebsorte Nebbiolo, was \u00fcbersetzt kleiner Nebel heisst, gekeltert. Der traditionellen Barolos werden in 1800 Liter Holzf\u00e4ssern aus slawonischer Eiche ausgebaut. Das Weinbaugebiet Barolo umfasst nur 1300 Hektar! Das Zentrum befindet sich rund um den Ort Barolo, Castiglione Falletto, La Morra, Monforte und Serralunga d Alba, diese Regionen haben sehr steile nach S\u00fcden ausgerichtet Weinberge. Die Bewirtschaftung erfolgt dort\u00a0mit kleinen Kettenfahrzeugen.<\/p>\n<p>Bei BORGONO haben sie als Kunden den Vorteil immer wieder einen echt gereiften Barolo\u00a0erwerben zu k\u00f6nnen, da das Weingut seit Jahren die Weine im eigenen Keller reifen l\u00e4sst, welche Sie dann trinkfertig\u00a0genie\u00dfen d\u00fcrfen.<\/p>\n<h3><\/h3>\n","protected":false},"excerpt":{"rendered":"<p>Barolo Borgogno Riserva 1974 Borgogno weingut befindetsichim\u00a0im namensgebenen Ort Barolo liegt\u00a0mitten im\u00a0\u201eZentrum\u201c\u00a0eines der\u00a0\u00e4ltesten Weing\u00fcter des Piemonts\u00a0welches 1761 gegr\u00fcndet wurde. Bekannt f\u00fcr seine Qualit\u00e4ten wurde\u00a0BORGOGNO\u00a0schon vor vielen Generationen. Gemeinsam mit den\u00a0Marchesi\u00a0de Barolo eroberte der Barolo \u00fcber das ital. K\u00f6nigshaus in Triest die Weinwelt mit einer damals nicht gekannten Qualit\u00e4t. Ein Barolo ist immer etwas Besonderes, denn [&hellip;]<\/p>\n","protected":false},"featured_media":23376,"comment_status":"open","ping_status":"closed","template":"","meta":{"_acf_changed":false,"_monsterinsights_skip_tracking":false,"_monsterinsights_sitenote_active":false,"_monsterinsights_sitenote_note":"","_monsterinsights_sitenote_category":0},"product_brand":[],"product_cat":[1824],"product_tag":[1751,2418],"class_list":{"0":"post-23368","1":"product","2":"type-product","3":"status-publish","4":"has-post-thumbnail","6":"product_cat-barolo-de","7":"product_tag-aussergewoehnliche-weine-aus-italien-de","8":"product_tag-kleine-weinzeuger-de","9":"pa_appellation-barolo-riserva-docg-de","10":"pa_formato-0-75-l-flasche-de","11":"pa_producer-borgogno-de","12":"pa_region-piemont-de","13":"pa_vine-100-nebbiolo-de","14":"pa_vintage-1974-de","16":"first","17":"outofstock","18":"taxable","19":"shipping-taxable","20":"purchasable","21":"product-type-simple"},"bundled_by":[],"bundle_stock_status":"outofstock","bundle_stock_quantity":1,"bundle_virtual":false,"bundle_layout":"","bundle_add_to_cart_form_location":"","bundle_editable_in_cart":false,"bundle_sold_individually_context":"","bundle_item_grouping":"","bundle_min_size":"","bundle_max_size":"","bundle_price":[],"bundled_items":[],"bundle_sell_ids":[],"yoast_head":"<!-- This site is optimized with the Yoast SEO plugin v27.2 - https:\/\/yoast.com\/product\/yoast-seo-wordpress\/ -->\n<title>Kaufen online Barolo Borgogno Riserva 1974I Fonsvinum<\/title>\n<meta name=\"description\" content=\"Barolo Borgogno Riserva 1974\" \/>\n<meta name=\"robots\" content=\"index, follow, max-snippet:-1, max-image-preview:large, max-video-preview:-1\" \/>\n<link rel=\"canonical\" href=\"https:\/\/fonsvinum.com\/de\/produkt\/barolo-borgogno-riserva-1974\/\" \/>\n<meta property=\"og:locale\" content=\"de_DE\" \/>\n<meta property=\"og:type\" content=\"article\" \/>\n<meta property=\"og:title\" content=\"Kaufen online Barolo Borgogno Riserva 1974I Fonsvinum\" \/>\n<meta property=\"og:description\" content=\"Barolo Borgogno Riserva 1974\" \/>\n<meta property=\"og:url\" content=\"https:\/\/fonsvinum.com\/de\/produkt\/barolo-borgogno-riserva-1974\/\" \/>\n<meta property=\"og:site_name\" content=\"Fons Vinum\" \/>\n<meta property=\"article:modified_time\" content=\"2020-04-06T17:53:35+00:00\" \/>\n<meta property=\"og:image\" content=\"https:\/\/fonsvinum.com\/files\/2020\/04\/borgogno-barolo-riserva-.jpg\" \/>\n\t<meta property=\"og:image:width\" content=\"390\" \/>\n\t<meta property=\"og:image:height\" content=\"1540\" \/>\n\t<meta property=\"og:image:type\" content=\"image\/jpeg\" \/>\n<meta name=\"twitter:label1\" content=\"Gesch\u00e4tzte Lesezeit\" \/>\n\t<meta name=\"twitter:data1\" content=\"1\u00a0Minute\" \/>\n<script type=\"application\/ld+json\" class=\"yoast-schema-graph\">{\"@context\":\"https:\/\/schema.org\",\"@graph\":[{\"@type\":\"WebPage\",\"@id\":\"https:\/\/fonsvinum.com\/de\/produkt\/barolo-borgogno-riserva-1974\/\",\"url\":\"https:\/\/fonsvinum.com\/de\/produkt\/barolo-borgogno-riserva-1974\/\",\"name\":\"Kaufen online Barolo Borgogno Riserva 1974I Fonsvinum\",\"isPartOf\":{\"@id\":\"https:\/\/fonsvinum.com\/en\/#website\"},\"primaryImageOfPage\":{\"@id\":\"https:\/\/fonsvinum.com\/de\/produkt\/barolo-borgogno-riserva-1974\/#primaryimage\"},\"image\":{\"@id\":\"https:\/\/fonsvinum.com\/de\/produkt\/barolo-borgogno-riserva-1974\/#primaryimage\"},\"thumbnailUrl\":\"https:\/\/fonsvinum.com\/files\/2020\/04\/borgogno-barolo-riserva-.jpg\",\"datePublished\":\"2020-04-06T17:18:18+00:00\",\"dateModified\":\"2020-04-06T17:53:35+00:00\",\"description\":\"Barolo Borgogno Riserva 1974\",\"breadcrumb\":{\"@id\":\"https:\/\/fonsvinum.com\/de\/produkt\/barolo-borgogno-riserva-1974\/#breadcrumb\"},\"inLanguage\":\"de\",\"potentialAction\":[{\"@type\":\"ReadAction\",\"target\":[\"https:\/\/fonsvinum.com\/de\/produkt\/barolo-borgogno-riserva-1974\/\"]}]},{\"@type\":\"ImageObject\",\"inLanguage\":\"de\",\"@id\":\"https:\/\/fonsvinum.com\/de\/produkt\/barolo-borgogno-riserva-1974\/#primaryimage\",\"url\":\"https:\/\/fonsvinum.com\/files\/2020\/04\/borgogno-barolo-riserva-.jpg\",\"contentUrl\":\"https:\/\/fonsvinum.com\/files\/2020\/04\/borgogno-barolo-riserva-.jpg\",\"width\":390,\"height\":1540},{\"@type\":\"BreadcrumbList\",\"@id\":\"https:\/\/fonsvinum.com\/de\/produkt\/barolo-borgogno-riserva-1974\/#breadcrumb\",\"itemListElement\":[{\"@type\":\"ListItem\",\"position\":1,\"name\":\"Startseite\",\"item\":\"https:\/\/fonsvinum.com\/de\/\"},{\"@type\":\"ListItem\",\"position\":2,\"name\":\"Shop\",\"item\":\"https:\/\/fonsvinum.com\/de\/shop\/\"},{\"@type\":\"ListItem\",\"position\":3,\"name\":\"Barolo Borgogno Riserva 1974\"}]},{\"@type\":\"WebSite\",\"@id\":\"https:\/\/fonsvinum.com\/en\/#website\",\"url\":\"https:\/\/fonsvinum.com\/en\/\",\"name\":\"Fons Vinum\",\"description\":\"Vendita Vino Online\",\"publisher\":{\"@id\":\"https:\/\/fonsvinum.com\/en\/#organization\"},\"potentialAction\":[{\"@type\":\"SearchAction\",\"target\":{\"@type\":\"EntryPoint\",\"urlTemplate\":\"https:\/\/fonsvinum.com\/en\/?s={search_term_string}\"},\"query-input\":{\"@type\":\"PropertyValueSpecification\",\"valueRequired\":true,\"valueName\":\"search_term_string\"}}],\"inLanguage\":\"de\"},{\"@type\":\"Organization\",\"@id\":\"https:\/\/fonsvinum.com\/en\/#organization\",\"name\":\"Fons Vinum\",\"url\":\"https:\/\/fonsvinum.com\/en\/\",\"logo\":{\"@type\":\"ImageObject\",\"inLanguage\":\"de\",\"@id\":\"https:\/\/fonsvinum.com\/en\/#\/schema\/logo\/image\/\",\"url\":\"\",\"contentUrl\":\"\",\"caption\":\"Fons Vinum\"},\"image\":{\"@id\":\"https:\/\/fonsvinum.com\/en\/#\/schema\/logo\/image\/\"}}]}<\/script>\n<!-- \/ Yoast SEO plugin. -->","yoast_head_json":{"title":"Kaufen online Barolo Borgogno Riserva 1974I Fonsvinum","description":"Barolo Borgogno Riserva 1974","robots":{"index":"index","follow":"follow","max-snippet":"max-snippet:-1","max-image-preview":"max-image-preview:large","max-video-preview":"max-video-preview:-1"},"canonical":"https:\/\/fonsvinum.com\/de\/produkt\/barolo-borgogno-riserva-1974\/","og_locale":"de_DE","og_type":"article","og_title":"Kaufen online Barolo Borgogno Riserva 1974I Fonsvinum","og_description":"Barolo Borgogno Riserva 1974","og_url":"https:\/\/fonsvinum.com\/de\/produkt\/barolo-borgogno-riserva-1974\/","og_site_name":"Fons Vinum","article_modified_time":"2020-04-06T17:53:35+00:00","og_image":[{"width":390,"height":1540,"url":"https:\/\/fonsvinum.com\/files\/2020\/04\/borgogno-barolo-riserva-.jpg","type":"image\/jpeg"}],"twitter_misc":{"Gesch\u00e4tzte Lesezeit":"1\u00a0Minute"},"schema":{"@context":"https:\/\/schema.org","@graph":[{"@type":"WebPage","@id":"https:\/\/fonsvinum.com\/de\/produkt\/barolo-borgogno-riserva-1974\/","url":"https:\/\/fonsvinum.com\/de\/produkt\/barolo-borgogno-riserva-1974\/","name":"Kaufen online Barolo Borgogno Riserva 1974I Fonsvinum","isPartOf":{"@id":"https:\/\/fonsvinum.com\/en\/#website"},"primaryImageOfPage":{"@id":"https:\/\/fonsvinum.com\/de\/produkt\/barolo-borgogno-riserva-1974\/#primaryimage"},"image":{"@id":"https:\/\/fonsvinum.com\/de\/produkt\/barolo-borgogno-riserva-1974\/#primaryimage"},"thumbnailUrl":"https:\/\/fonsvinum.com\/files\/2020\/04\/borgogno-barolo-riserva-.jpg","datePublished":"2020-04-06T17:18:18+00:00","dateModified":"2020-04-06T17:53:35+00:00","description":"Barolo Borgogno Riserva 1974","breadcrumb":{"@id":"https:\/\/fonsvinum.com\/de\/produkt\/barolo-borgogno-riserva-1974\/#breadcrumb"},"inLanguage":"de","potentialAction":[{"@type":"ReadAction","target":["https:\/\/fonsvinum.com\/de\/produkt\/barolo-borgogno-riserva-1974\/"]}]},{"@type":"ImageObject","inLanguage":"de","@id":"https:\/\/fonsvinum.com\/de\/produkt\/barolo-borgogno-riserva-1974\/#primaryimage","url":"https:\/\/fonsvinum.com\/files\/2020\/04\/borgogno-barolo-riserva-.jpg","contentUrl":"https:\/\/fonsvinum.com\/files\/2020\/04\/borgogno-barolo-riserva-.jpg","width":390,"height":1540},{"@type":"BreadcrumbList","@id":"https:\/\/fonsvinum.com\/de\/produkt\/barolo-borgogno-riserva-1974\/#breadcrumb","itemListElement":[{"@type":"ListItem","position":1,"name":"Startseite","item":"https:\/\/fonsvinum.com\/de\/"},{"@type":"ListItem","position":2,"name":"Shop","item":"https:\/\/fonsvinum.com\/de\/shop\/"},{"@type":"ListItem","position":3,"name":"Barolo Borgogno Riserva 1974"}]},{"@type":"WebSite","@id":"https:\/\/fonsvinum.com\/en\/#website","url":"https:\/\/fonsvinum.com\/en\/","name":"Fons Vinum","description":"Vendita Vino Online","publisher":{"@id":"https:\/\/fonsvinum.com\/en\/#organization"},"potentialAction":[{"@type":"SearchAction","target":{"@type":"EntryPoint","urlTemplate":"https:\/\/fonsvinum.com\/en\/?s={search_term_string}"},"query-input":{"@type":"PropertyValueSpecification","valueRequired":true,"valueName":"search_term_string"}}],"inLanguage":"de"},{"@type":"Organization","@id":"https:\/\/fonsvinum.com\/en\/#organization","name":"Fons Vinum","url":"https:\/\/fonsvinum.com\/en\/","logo":{"@type":"ImageObject","inLanguage":"de","@id":"https:\/\/fonsvinum.com\/en\/#\/schema\/logo\/image\/","url":"","contentUrl":"","caption":"Fons Vinum"},"image":{"@id":"https:\/\/fonsvinum.com\/en\/#\/schema\/logo\/image\/"}}]}},"acf":[],"_links":{"self":[{"href":"https:\/\/fonsvinum.com\/de\/wp-json\/wp\/v2\/product\/23368","targetHints":{"allow":["GET"]}}],"collection":[{"href":"https:\/\/fonsvinum.com\/de\/wp-json\/wp\/v2\/product"}],"about":[{"href":"https:\/\/fonsvinum.com\/de\/wp-json\/wp\/v2\/types\/product"}],"replies":[{"embeddable":true,"href":"https:\/\/fonsvinum.com\/de\/wp-json\/wp\/v2\/comments?post=23368"}],"wp:featuredmedia":[{"embeddable":true,"href":"https:\/\/fonsvinum.com\/de\/wp-json\/wp\/v2\/media\/23376"}],"wp:attachment":[{"href":"https:\/\/fonsvinum.com\/de\/wp-json\/wp\/v2\/media?parent=23368"}],"wp:term":[{"taxonomy":"product_brand","embeddable":true,"href":"https:\/\/fonsvinum.com\/de\/wp-json\/wp\/v2\/product_brand?post=23368"},{"taxonomy":"product_cat","embeddable":true,"href":"https:\/\/fonsvinum.com\/de\/wp-json\/wp\/v2\/product_cat?post=23368"},{"taxonomy":"product_tag","embeddable":true,"href":"https:\/\/fonsvinum.com\/de\/wp-json\/wp\/v2\/product_tag?post=23368"}],"curies":[{"name":"wp","href":"https:\/\/api.w.org\/{rel}","templated":true}]}}