{"id":23278,"date":"2020-04-03T17:32:18","date_gmt":"2020-04-03T15:32:18","guid":{"rendered":"https:\/\/fonsvinum.com\/?post_type=product&#038;p=23278"},"modified":"2020-04-03T17:44:59","modified_gmt":"2020-04-03T15:44:59","slug":"barolo-arborina-elio-altare-2015","status":"publish","type":"product","link":"https:\/\/fonsvinum.com\/de\/produkt\/barolo-arborina-elio-altare-2015\/","title":{"rendered":"BAROLO ARBORINA ELIO ALTARE 2015"},"content":{"rendered":"<h1><a href=\"http:\/\/www.elioaltare.com\/en\">BAROLO ARBORINA ELIO ALTARE 2015<\/a><\/h1>\n<h2 class=\"collapse--headline is--active\">BESCHREIBUNG<\/h2>\n<div class=\"collapse--content is--collapsed\">\n<div class=\"product-description\">\n<div class=\"product-description--content\">Ein Barolo von einem der bekanntesten Crus in Serralunga d\u2019Alba-La Morra. Hier gewinnt Elio Altare einen Wein, der vor Kraft und Extrakt fast \u00fcberflie\u00dft, ein wahrer Kraftprotz. Damit f\u00e4llt er ein wenig aus dem Rahmen, was Elios sonstige Produktion angeht, denn die besticht sonst eher durch feinnervige Eleganz. Der Ceretta aber balanciert das mit gro\u00dfer Kraft und erdigen Noten vollkommen aus.<\/div>\n<div><\/div>\n<div>Balancierter und eleganter Wein. Warm, vollmundig mit sanften Tanninen im Geschmack.<\/div>\n<div><\/div>\n<div><strong>Weinart:<\/strong> Rotwein<br \/>\n<strong>Geschmack:<\/strong> trocken<br \/>\n<strong>Land\u00a0 \u00a0 <\/strong>ITALIEN -Piemont &#8211; La Morra(CN)<br \/>\n<strong>Rebsorte:<\/strong> Nebbiolo<br \/>\n<strong>Ausbau:<\/strong> Barrique<br \/>\n<strong>Alkohol:<\/strong> 14% Vol.<br \/>\n<strong>Verschluss:<\/strong> Naturkork<br \/>\n<strong>Trinktemperatur :<\/strong> 18\u00b0 C mindestens<br \/>\n<strong>Zutaten:<\/strong> enth\u00e4lt Sulfite<br \/>\n<strong>Allergene:<\/strong> Kann Spuren von Schwefel, Eiwei\u00df, Gelatine und Milch enthalten<br \/>\nHersteller<\/div>\n<div>\n<div>\n<div>\n<div>\n<div>\n<div><\/div>\n<\/div>\n<\/div>\n<\/div>\n<\/div>\n<\/div>\n<\/div>\n<\/div>\n","protected":false},"excerpt":{"rendered":"<p>BAROLO ARBORINA ELIO ALTARE 2015 BESCHREIBUNG Ein Barolo von einem der bekanntesten Crus in Serralunga d\u2019Alba-La Morra. Hier gewinnt Elio Altare einen Wein, der vor Kraft und Extrakt fast \u00fcberflie\u00dft, ein wahrer Kraftprotz. Damit f\u00e4llt er ein wenig aus dem Rahmen, was Elios sonstige Produktion angeht, denn die besticht sonst eher durch feinnervige Eleganz. Der [&hellip;]<\/p>\n","protected":false},"featured_media":20596,"comment_status":"open","ping_status":"closed","template":"","meta":{"_acf_changed":false,"_monsterinsights_skip_tracking":false,"_monsterinsights_sitenote_active":false,"_monsterinsights_sitenote_note":"","_monsterinsights_sitenote_category":0},"product_brand":[],"product_cat":[1824,2332],"product_tag":[],"class_list":{"0":"post-23278","1":"product","2":"type-product","3":"status-publish","4":"has-post-thumbnail","6":"product_cat-barolo-de","7":"product_cat-rotweine-de","8":"pa_appellation-barolo-docg-de","9":"pa_formato-0-75-l-flasche-de","10":"pa_producer-elio-altare-de","11":"pa_region-piemont-de","12":"pa_vine-100-nebbiolo-de","13":"pa_vintage-2015-de","15":"first","16":"instock","17":"taxable","18":"shipping-taxable","19":"purchasable","20":"product-type-simple"},"bundled_by":[],"bundle_stock_status":"instock","bundle_stock_quantity":11,"bundle_virtual":false,"bundle_layout":"","bundle_add_to_cart_form_location":"","bundle_editable_in_cart":false,"bundle_sold_individually_context":"","bundle_item_grouping":"","bundle_min_size":"","bundle_max_size":"","bundle_price":[],"bundled_items":[],"bundle_sell_ids":[],"yoast_head":"<!-- This site is optimized with the Yoast SEO plugin v27.3 - https:\/\/yoast.com\/product\/yoast-seo-wordpress\/ -->\n<title>Buy BAROLO ARBORINA ELIO ALTARE 2015 - FonsVinum<\/title>\n<meta name=\"description\" content=\"BAROLO VIGNETO ARBORINA ELIO ALTARE 2015 _ FonsVinum _ Balancierter und eleganter Wein. Warm, vollmundig mit sanften Tanninen im Geschmack.\" \/>\n<meta name=\"robots\" content=\"index, follow, max-snippet:-1, max-image-preview:large, max-video-preview:-1\" \/>\n<link rel=\"canonical\" href=\"https:\/\/fonsvinum.com\/de\/produkt\/barolo-arborina-elio-altare-2015\/\" \/>\n<meta property=\"og:locale\" content=\"de_DE\" \/>\n<meta property=\"og:type\" content=\"article\" \/>\n<meta property=\"og:title\" content=\"Buy BAROLO ARBORINA ELIO ALTARE 2015 - FonsVinum\" \/>\n<meta property=\"og:description\" content=\"BAROLO VIGNETO ARBORINA ELIO ALTARE 2015 _ FonsVinum _ Balancierter und eleganter Wein. Warm, vollmundig mit sanften Tanninen im Geschmack.\" \/>\n<meta property=\"og:url\" content=\"https:\/\/fonsvinum.com\/de\/produkt\/barolo-arborina-elio-altare-2015\/\" \/>\n<meta property=\"og:site_name\" content=\"Fons Vinum\" \/>\n<meta property=\"article:modified_time\" content=\"2020-04-03T15:44:59+00:00\" \/>\n<meta property=\"og:image\" content=\"https:\/\/fonsvinum.com\/files\/2019\/10\/barolo-arborina-elio-altare.jpg\" \/>\n\t<meta property=\"og:image:width\" content=\"200\" \/>\n\t<meta property=\"og:image:height\" content=\"600\" \/>\n\t<meta property=\"og:image:type\" content=\"image\/jpeg\" \/>\n<meta name=\"twitter:label1\" content=\"Gesch\u00e4tzte Lesezeit\" \/>\n\t<meta name=\"twitter:data1\" content=\"1\u00a0Minute\" \/>\n<script type=\"application\/ld+json\" class=\"yoast-schema-graph\">{\"@context\":\"https:\\\/\\\/schema.org\",\"@graph\":[{\"@type\":\"WebPage\",\"@id\":\"https:\\\/\\\/fonsvinum.com\\\/de\\\/produkt\\\/barolo-arborina-elio-altare-2015\\\/\",\"url\":\"https:\\\/\\\/fonsvinum.com\\\/de\\\/produkt\\\/barolo-arborina-elio-altare-2015\\\/\",\"name\":\"Buy BAROLO ARBORINA ELIO ALTARE 2015 - FonsVinum\",\"isPartOf\":{\"@id\":\"https:\\\/\\\/fonsvinum.com\\\/en\\\/#website\"},\"primaryImageOfPage\":{\"@id\":\"https:\\\/\\\/fonsvinum.com\\\/de\\\/produkt\\\/barolo-arborina-elio-altare-2015\\\/#primaryimage\"},\"image\":{\"@id\":\"https:\\\/\\\/fonsvinum.com\\\/de\\\/produkt\\\/barolo-arborina-elio-altare-2015\\\/#primaryimage\"},\"thumbnailUrl\":\"https:\\\/\\\/fonsvinum.com\\\/files\\\/2019\\\/10\\\/barolo-arborina-elio-altare.jpg\",\"datePublished\":\"2020-04-03T15:32:18+00:00\",\"dateModified\":\"2020-04-03T15:44:59+00:00\",\"description\":\"BAROLO VIGNETO ARBORINA ELIO ALTARE 2015 _ FonsVinum _ Balancierter und eleganter Wein. Warm, vollmundig mit sanften Tanninen im Geschmack.\",\"breadcrumb\":{\"@id\":\"https:\\\/\\\/fonsvinum.com\\\/de\\\/produkt\\\/barolo-arborina-elio-altare-2015\\\/#breadcrumb\"},\"inLanguage\":\"de\",\"potentialAction\":[{\"@type\":\"ReadAction\",\"target\":[\"https:\\\/\\\/fonsvinum.com\\\/de\\\/produkt\\\/barolo-arborina-elio-altare-2015\\\/\"]}]},{\"@type\":\"ImageObject\",\"inLanguage\":\"de\",\"@id\":\"https:\\\/\\\/fonsvinum.com\\\/de\\\/produkt\\\/barolo-arborina-elio-altare-2015\\\/#primaryimage\",\"url\":\"https:\\\/\\\/fonsvinum.com\\\/files\\\/2019\\\/10\\\/barolo-arborina-elio-altare.jpg\",\"contentUrl\":\"https:\\\/\\\/fonsvinum.com\\\/files\\\/2019\\\/10\\\/barolo-arborina-elio-altare.jpg\",\"width\":200,\"height\":600},{\"@type\":\"BreadcrumbList\",\"@id\":\"https:\\\/\\\/fonsvinum.com\\\/de\\\/produkt\\\/barolo-arborina-elio-altare-2015\\\/#breadcrumb\",\"itemListElement\":[{\"@type\":\"ListItem\",\"position\":1,\"name\":\"Startseite\",\"item\":\"https:\\\/\\\/fonsvinum.com\\\/de\\\/\"},{\"@type\":\"ListItem\",\"position\":2,\"name\":\"Shop\",\"item\":\"https:\\\/\\\/fonsvinum.com\\\/de\\\/shop\\\/\"},{\"@type\":\"ListItem\",\"position\":3,\"name\":\"BAROLO ARBORINA ELIO ALTARE 2015\"}]},{\"@type\":\"WebSite\",\"@id\":\"https:\\\/\\\/fonsvinum.com\\\/en\\\/#website\",\"url\":\"https:\\\/\\\/fonsvinum.com\\\/en\\\/\",\"name\":\"Fons Vinum\",\"description\":\"Vendita Vino Online\",\"publisher\":{\"@id\":\"https:\\\/\\\/fonsvinum.com\\\/en\\\/#organization\"},\"potentialAction\":[{\"@type\":\"SearchAction\",\"target\":{\"@type\":\"EntryPoint\",\"urlTemplate\":\"https:\\\/\\\/fonsvinum.com\\\/en\\\/?s={search_term_string}\"},\"query-input\":{\"@type\":\"PropertyValueSpecification\",\"valueRequired\":true,\"valueName\":\"search_term_string\"}}],\"inLanguage\":\"de\"},{\"@type\":\"Organization\",\"@id\":\"https:\\\/\\\/fonsvinum.com\\\/en\\\/#organization\",\"name\":\"Fons Vinum\",\"url\":\"https:\\\/\\\/fonsvinum.com\\\/en\\\/\",\"logo\":{\"@type\":\"ImageObject\",\"inLanguage\":\"de\",\"@id\":\"https:\\\/\\\/fonsvinum.com\\\/en\\\/#\\\/schema\\\/logo\\\/image\\\/\",\"url\":\"\",\"contentUrl\":\"\",\"caption\":\"Fons Vinum\"},\"image\":{\"@id\":\"https:\\\/\\\/fonsvinum.com\\\/en\\\/#\\\/schema\\\/logo\\\/image\\\/\"}}]}<\/script>\n<!-- \/ Yoast SEO plugin. -->","yoast_head_json":{"title":"Buy BAROLO ARBORINA ELIO ALTARE 2015 - FonsVinum","description":"BAROLO VIGNETO ARBORINA ELIO ALTARE 2015 _ FonsVinum _ Balancierter und eleganter Wein. Warm, vollmundig mit sanften Tanninen im Geschmack.","robots":{"index":"index","follow":"follow","max-snippet":"max-snippet:-1","max-image-preview":"max-image-preview:large","max-video-preview":"max-video-preview:-1"},"canonical":"https:\/\/fonsvinum.com\/de\/produkt\/barolo-arborina-elio-altare-2015\/","og_locale":"de_DE","og_type":"article","og_title":"Buy BAROLO ARBORINA ELIO ALTARE 2015 - FonsVinum","og_description":"BAROLO VIGNETO ARBORINA ELIO ALTARE 2015 _ FonsVinum _ Balancierter und eleganter Wein. Warm, vollmundig mit sanften Tanninen im Geschmack.","og_url":"https:\/\/fonsvinum.com\/de\/produkt\/barolo-arborina-elio-altare-2015\/","og_site_name":"Fons Vinum","article_modified_time":"2020-04-03T15:44:59+00:00","og_image":[{"width":200,"height":600,"url":"https:\/\/fonsvinum.com\/files\/2019\/10\/barolo-arborina-elio-altare.jpg","type":"image\/jpeg"}],"twitter_misc":{"Gesch\u00e4tzte Lesezeit":"1\u00a0Minute"},"schema":{"@context":"https:\/\/schema.org","@graph":[{"@type":"WebPage","@id":"https:\/\/fonsvinum.com\/de\/produkt\/barolo-arborina-elio-altare-2015\/","url":"https:\/\/fonsvinum.com\/de\/produkt\/barolo-arborina-elio-altare-2015\/","name":"Buy BAROLO ARBORINA ELIO ALTARE 2015 - FonsVinum","isPartOf":{"@id":"https:\/\/fonsvinum.com\/en\/#website"},"primaryImageOfPage":{"@id":"https:\/\/fonsvinum.com\/de\/produkt\/barolo-arborina-elio-altare-2015\/#primaryimage"},"image":{"@id":"https:\/\/fonsvinum.com\/de\/produkt\/barolo-arborina-elio-altare-2015\/#primaryimage"},"thumbnailUrl":"https:\/\/fonsvinum.com\/files\/2019\/10\/barolo-arborina-elio-altare.jpg","datePublished":"2020-04-03T15:32:18+00:00","dateModified":"2020-04-03T15:44:59+00:00","description":"BAROLO VIGNETO ARBORINA ELIO ALTARE 2015 _ FonsVinum _ Balancierter und eleganter Wein. Warm, vollmundig mit sanften Tanninen im Geschmack.","breadcrumb":{"@id":"https:\/\/fonsvinum.com\/de\/produkt\/barolo-arborina-elio-altare-2015\/#breadcrumb"},"inLanguage":"de","potentialAction":[{"@type":"ReadAction","target":["https:\/\/fonsvinum.com\/de\/produkt\/barolo-arborina-elio-altare-2015\/"]}]},{"@type":"ImageObject","inLanguage":"de","@id":"https:\/\/fonsvinum.com\/de\/produkt\/barolo-arborina-elio-altare-2015\/#primaryimage","url":"https:\/\/fonsvinum.com\/files\/2019\/10\/barolo-arborina-elio-altare.jpg","contentUrl":"https:\/\/fonsvinum.com\/files\/2019\/10\/barolo-arborina-elio-altare.jpg","width":200,"height":600},{"@type":"BreadcrumbList","@id":"https:\/\/fonsvinum.com\/de\/produkt\/barolo-arborina-elio-altare-2015\/#breadcrumb","itemListElement":[{"@type":"ListItem","position":1,"name":"Startseite","item":"https:\/\/fonsvinum.com\/de\/"},{"@type":"ListItem","position":2,"name":"Shop","item":"https:\/\/fonsvinum.com\/de\/shop\/"},{"@type":"ListItem","position":3,"name":"BAROLO ARBORINA ELIO ALTARE 2015"}]},{"@type":"WebSite","@id":"https:\/\/fonsvinum.com\/en\/#website","url":"https:\/\/fonsvinum.com\/en\/","name":"Fons Vinum","description":"Vendita Vino Online","publisher":{"@id":"https:\/\/fonsvinum.com\/en\/#organization"},"potentialAction":[{"@type":"SearchAction","target":{"@type":"EntryPoint","urlTemplate":"https:\/\/fonsvinum.com\/en\/?s={search_term_string}"},"query-input":{"@type":"PropertyValueSpecification","valueRequired":true,"valueName":"search_term_string"}}],"inLanguage":"de"},{"@type":"Organization","@id":"https:\/\/fonsvinum.com\/en\/#organization","name":"Fons Vinum","url":"https:\/\/fonsvinum.com\/en\/","logo":{"@type":"ImageObject","inLanguage":"de","@id":"https:\/\/fonsvinum.com\/en\/#\/schema\/logo\/image\/","url":"","contentUrl":"","caption":"Fons Vinum"},"image":{"@id":"https:\/\/fonsvinum.com\/en\/#\/schema\/logo\/image\/"}}]}},"acf":[],"_links":{"self":[{"href":"https:\/\/fonsvinum.com\/de\/wp-json\/wp\/v2\/product\/23278","targetHints":{"allow":["GET"]}}],"collection":[{"href":"https:\/\/fonsvinum.com\/de\/wp-json\/wp\/v2\/product"}],"about":[{"href":"https:\/\/fonsvinum.com\/de\/wp-json\/wp\/v2\/types\/product"}],"replies":[{"embeddable":true,"href":"https:\/\/fonsvinum.com\/de\/wp-json\/wp\/v2\/comments?post=23278"}],"wp:featuredmedia":[{"embeddable":true,"href":"https:\/\/fonsvinum.com\/de\/wp-json\/wp\/v2\/media\/20596"}],"wp:attachment":[{"href":"https:\/\/fonsvinum.com\/de\/wp-json\/wp\/v2\/media?parent=23278"}],"wp:term":[{"taxonomy":"product_brand","embeddable":true,"href":"https:\/\/fonsvinum.com\/de\/wp-json\/wp\/v2\/product_brand?post=23278"},{"taxonomy":"product_cat","embeddable":true,"href":"https:\/\/fonsvinum.com\/de\/wp-json\/wp\/v2\/product_cat?post=23278"},{"taxonomy":"product_tag","embeddable":true,"href":"https:\/\/fonsvinum.com\/de\/wp-json\/wp\/v2\/product_tag?post=23278"}],"curies":[{"name":"wp","href":"https:\/\/api.w.org\/{rel}","templated":true}]}}