{"id":23166,"date":"2020-04-01T17:17:01","date_gmt":"2020-04-01T15:17:01","guid":{"rendered":"https:\/\/fonsvinum.com\/?post_type=product&#038;p=23166"},"modified":"2020-04-06T12:24:44","modified_gmt":"2020-04-06T10:24:44","slug":"barbaresco-riserva-montefico-produttori-del-barbaresco-2015","status":"publish","type":"product","link":"https:\/\/fonsvinum.com\/de\/produkt\/barbaresco-riserva-montefico-produttori-del-barbaresco-2015\/","title":{"rendered":"Barbaresco Riserva Montefico PRODUTTORI DEL BARBARESCO 2015"},"content":{"rendered":"<h1>Barbaresco Riserva Montefico PRODUTTORI DEL BARBARESCO 2015<\/h1>\n<p>Der Barbaresco wird zu 100% aus Nebbiolo-Trauben produziert, die D.O.C.G. Gebiet von Barbaresco wachsen.<\/p>\n<p>Dieses umfa\u00dft die Zone der drei D\u00f6rfer Neive, Treiso und nat\u00fcrlich Barbaresco.<\/p>\n<p>Nebbiolo ist eine sp\u00e4treifende Sorte, die \u00e4u\u00dferst empfindlich auf verschiedene B\u00f6den und Klimata reagiert.<\/p>\n<p>Es ist faszinierend zu beobachten, welche verschiedenen Aromen Barbareschi oder Baroli haben k\u00f6nnen, obwohl sie aus der gleichen Rebsorte stammen.<\/p>\n<p>Der Barbaresco ist ein k\u00f6rperreicher Rotwein, reich an Tannin und mit komplexer Nase, die zur vollen Entfaltung einige Jahre braucht. Dann erinnert sein Bouquet an getrocknete Blumen, Veilchen, Tr\u00fcffel, Anis und vieles mehr.<\/p>\n<p>In seiner Jugend zeigt er sich im Mund verschlossen, fruchtig und tanninig, und w\u00fcrzigen Aromen \u00fcberwiegen. Einmal gereift, er\u00f6ffnet sich eine ungeheuere Geschmacksvielfalt, und der Abgang wird eleganter.<\/p>\n<p>Der Wein hat einen langen Abgang und kann vier, f\u00fcnf Tage nach dem \u00d6ffnen noch getrunken werden.<\/p>\n<p>Die optimale Trinktemperatur liegt bei einem Barbaresco bei circa 18 Grad.<br \/>\nTraube: Nebbiolo d&#8217;Alba DOCG<br \/>\nJahrgang: 2014 Riserva &#8222;Montefico&#8220;<\/p>\n","protected":false},"excerpt":{"rendered":"<p>Barbaresco Riserva Montefico PRODUTTORI DEL BARBARESCO 2015 Der Barbaresco wird zu 100% aus Nebbiolo-Trauben produziert, die D.O.C.G. Gebiet von Barbaresco wachsen. Dieses umfa\u00dft die Zone der drei D\u00f6rfer Neive, Treiso und nat\u00fcrlich Barbaresco. Nebbiolo ist eine sp\u00e4treifende Sorte, die \u00e4u\u00dferst empfindlich auf verschiedene B\u00f6den und Klimata reagiert. Es ist faszinierend zu beobachten, welche verschiedenen Aromen [&hellip;]<\/p>\n","protected":false},"featured_media":8519,"comment_status":"open","ping_status":"closed","template":"","meta":{"_acf_changed":false,"_monsterinsights_skip_tracking":false,"_monsterinsights_sitenote_active":false,"_monsterinsights_sitenote_note":"","_monsterinsights_sitenote_category":0},"product_brand":[],"product_cat":[1773],"product_tag":[15895],"class_list":{"0":"post-23166","1":"product","2":"type-product","3":"status-publish","4":"has-post-thumbnail","6":"product_cat-barbaresco-de","7":"product_tag-barbaresco-de-2","8":"pa_appellation-barbaresco-docg-de","9":"pa_formato-0-75-l-flasche-de","10":"pa_producer-produttori-del-barbaresco-de","11":"pa_region-piemont-de","12":"pa_vine-100-nebbiolo-de","13":"pa_vintage-2015-de","15":"first","16":"outofstock","17":"taxable","18":"shipping-taxable","19":"purchasable","20":"product-type-simple"},"bundled_by":[],"bundle_stock_status":"outofstock","bundle_stock_quantity":0,"bundle_virtual":false,"bundle_layout":"","bundle_add_to_cart_form_location":"","bundle_editable_in_cart":false,"bundle_sold_individually_context":"","bundle_item_grouping":"","bundle_min_size":"","bundle_max_size":"","bundle_price":[],"bundled_items":[],"bundle_sell_ids":[],"yoast_head":"<!-- This site is optimized with the Yoast SEO plugin v27.2 - https:\/\/yoast.com\/product\/yoast-seo-wordpress\/ -->\n<title>Barbaresco Riserva Montefico PRODUTTORI DEL BARBARESCO 2015<\/title>\n<meta name=\"description\" content=\"Barbaresco Riserva Montefico PRODUTTORI 2015. Der Barbaresco wird zu 100% aus Nebbiolo-Trauben produziert, die D.O.C.G. Gebiet von Barbaresco wachsen.\" \/>\n<meta name=\"robots\" content=\"index, follow, max-snippet:-1, max-image-preview:large, max-video-preview:-1\" \/>\n<link rel=\"canonical\" href=\"https:\/\/fonsvinum.com\/de\/produkt\/barbaresco-riserva-montefico-produttori-del-barbaresco-2015\/\" \/>\n<meta property=\"og:locale\" content=\"de_DE\" \/>\n<meta property=\"og:type\" content=\"article\" \/>\n<meta property=\"og:title\" content=\"Barbaresco Riserva Montefico PRODUTTORI DEL BARBARESCO 2015\" \/>\n<meta property=\"og:description\" content=\"Barbaresco Riserva Montefico PRODUTTORI 2015. Der Barbaresco wird zu 100% aus Nebbiolo-Trauben produziert, die D.O.C.G. Gebiet von Barbaresco wachsen.\" \/>\n<meta property=\"og:url\" content=\"https:\/\/fonsvinum.com\/de\/produkt\/barbaresco-riserva-montefico-produttori-del-barbaresco-2015\/\" \/>\n<meta property=\"og:site_name\" content=\"Fons Vinum\" \/>\n<meta property=\"article:modified_time\" content=\"2020-04-06T10:24:44+00:00\" \/>\n<meta property=\"og:image\" content=\"https:\/\/fonsvinum.com\/files\/2013\/04\/barberesco-produttori-riserva-montefico.png\" \/>\n\t<meta property=\"og:image:width\" content=\"225\" \/>\n\t<meta property=\"og:image:height\" content=\"540\" \/>\n\t<meta property=\"og:image:type\" content=\"image\/png\" \/>\n<meta name=\"twitter:label1\" content=\"Gesch\u00e4tzte Lesezeit\" \/>\n\t<meta name=\"twitter:data1\" content=\"1\u00a0Minute\" \/>\n<script type=\"application\/ld+json\" class=\"yoast-schema-graph\">{\"@context\":\"https:\/\/schema.org\",\"@graph\":[{\"@type\":\"WebPage\",\"@id\":\"https:\/\/fonsvinum.com\/de\/produkt\/barbaresco-riserva-montefico-produttori-del-barbaresco-2015\/\",\"url\":\"https:\/\/fonsvinum.com\/de\/produkt\/barbaresco-riserva-montefico-produttori-del-barbaresco-2015\/\",\"name\":\"Barbaresco Riserva Montefico PRODUTTORI DEL BARBARESCO 2015\",\"isPartOf\":{\"@id\":\"https:\/\/fonsvinum.com\/en\/#website\"},\"primaryImageOfPage\":{\"@id\":\"https:\/\/fonsvinum.com\/de\/produkt\/barbaresco-riserva-montefico-produttori-del-barbaresco-2015\/#primaryimage\"},\"image\":{\"@id\":\"https:\/\/fonsvinum.com\/de\/produkt\/barbaresco-riserva-montefico-produttori-del-barbaresco-2015\/#primaryimage\"},\"thumbnailUrl\":\"https:\/\/fonsvinum.com\/files\/2013\/04\/barberesco-produttori-riserva-montefico.png\",\"datePublished\":\"2020-04-01T15:17:01+00:00\",\"dateModified\":\"2020-04-06T10:24:44+00:00\",\"description\":\"Barbaresco Riserva Montefico PRODUTTORI 2015. Der Barbaresco wird zu 100% aus Nebbiolo-Trauben produziert, die D.O.C.G. Gebiet von Barbaresco wachsen.\",\"breadcrumb\":{\"@id\":\"https:\/\/fonsvinum.com\/de\/produkt\/barbaresco-riserva-montefico-produttori-del-barbaresco-2015\/#breadcrumb\"},\"inLanguage\":\"de\",\"potentialAction\":[{\"@type\":\"ReadAction\",\"target\":[\"https:\/\/fonsvinum.com\/de\/produkt\/barbaresco-riserva-montefico-produttori-del-barbaresco-2015\/\"]}]},{\"@type\":\"ImageObject\",\"inLanguage\":\"de\",\"@id\":\"https:\/\/fonsvinum.com\/de\/produkt\/barbaresco-riserva-montefico-produttori-del-barbaresco-2015\/#primaryimage\",\"url\":\"https:\/\/fonsvinum.com\/files\/2013\/04\/barberesco-produttori-riserva-montefico.png\",\"contentUrl\":\"https:\/\/fonsvinum.com\/files\/2013\/04\/barberesco-produttori-riserva-montefico.png\",\"width\":225,\"height\":540},{\"@type\":\"BreadcrumbList\",\"@id\":\"https:\/\/fonsvinum.com\/de\/produkt\/barbaresco-riserva-montefico-produttori-del-barbaresco-2015\/#breadcrumb\",\"itemListElement\":[{\"@type\":\"ListItem\",\"position\":1,\"name\":\"Startseite\",\"item\":\"https:\/\/fonsvinum.com\/de\/\"},{\"@type\":\"ListItem\",\"position\":2,\"name\":\"Shop\",\"item\":\"https:\/\/fonsvinum.com\/de\/shop\/\"},{\"@type\":\"ListItem\",\"position\":3,\"name\":\"Barbaresco Riserva Montefico PRODUTTORI DEL BARBARESCO 2015\"}]},{\"@type\":\"WebSite\",\"@id\":\"https:\/\/fonsvinum.com\/en\/#website\",\"url\":\"https:\/\/fonsvinum.com\/en\/\",\"name\":\"Fons Vinum\",\"description\":\"Vendita Vino Online\",\"publisher\":{\"@id\":\"https:\/\/fonsvinum.com\/en\/#organization\"},\"potentialAction\":[{\"@type\":\"SearchAction\",\"target\":{\"@type\":\"EntryPoint\",\"urlTemplate\":\"https:\/\/fonsvinum.com\/en\/?s={search_term_string}\"},\"query-input\":{\"@type\":\"PropertyValueSpecification\",\"valueRequired\":true,\"valueName\":\"search_term_string\"}}],\"inLanguage\":\"de\"},{\"@type\":\"Organization\",\"@id\":\"https:\/\/fonsvinum.com\/en\/#organization\",\"name\":\"Fons Vinum\",\"url\":\"https:\/\/fonsvinum.com\/en\/\",\"logo\":{\"@type\":\"ImageObject\",\"inLanguage\":\"de\",\"@id\":\"https:\/\/fonsvinum.com\/en\/#\/schema\/logo\/image\/\",\"url\":\"\",\"contentUrl\":\"\",\"caption\":\"Fons Vinum\"},\"image\":{\"@id\":\"https:\/\/fonsvinum.com\/en\/#\/schema\/logo\/image\/\"}}]}<\/script>\n<!-- \/ Yoast SEO plugin. -->","yoast_head_json":{"title":"Barbaresco Riserva Montefico PRODUTTORI DEL BARBARESCO 2015","description":"Barbaresco Riserva Montefico PRODUTTORI 2015. Der Barbaresco wird zu 100% aus Nebbiolo-Trauben produziert, die D.O.C.G. Gebiet von Barbaresco wachsen.","robots":{"index":"index","follow":"follow","max-snippet":"max-snippet:-1","max-image-preview":"max-image-preview:large","max-video-preview":"max-video-preview:-1"},"canonical":"https:\/\/fonsvinum.com\/de\/produkt\/barbaresco-riserva-montefico-produttori-del-barbaresco-2015\/","og_locale":"de_DE","og_type":"article","og_title":"Barbaresco Riserva Montefico PRODUTTORI DEL BARBARESCO 2015","og_description":"Barbaresco Riserva Montefico PRODUTTORI 2015. Der Barbaresco wird zu 100% aus Nebbiolo-Trauben produziert, die D.O.C.G. Gebiet von Barbaresco wachsen.","og_url":"https:\/\/fonsvinum.com\/de\/produkt\/barbaresco-riserva-montefico-produttori-del-barbaresco-2015\/","og_site_name":"Fons Vinum","article_modified_time":"2020-04-06T10:24:44+00:00","og_image":[{"width":225,"height":540,"url":"https:\/\/fonsvinum.com\/files\/2013\/04\/barberesco-produttori-riserva-montefico.png","type":"image\/png"}],"twitter_misc":{"Gesch\u00e4tzte Lesezeit":"1\u00a0Minute"},"schema":{"@context":"https:\/\/schema.org","@graph":[{"@type":"WebPage","@id":"https:\/\/fonsvinum.com\/de\/produkt\/barbaresco-riserva-montefico-produttori-del-barbaresco-2015\/","url":"https:\/\/fonsvinum.com\/de\/produkt\/barbaresco-riserva-montefico-produttori-del-barbaresco-2015\/","name":"Barbaresco Riserva Montefico PRODUTTORI DEL BARBARESCO 2015","isPartOf":{"@id":"https:\/\/fonsvinum.com\/en\/#website"},"primaryImageOfPage":{"@id":"https:\/\/fonsvinum.com\/de\/produkt\/barbaresco-riserva-montefico-produttori-del-barbaresco-2015\/#primaryimage"},"image":{"@id":"https:\/\/fonsvinum.com\/de\/produkt\/barbaresco-riserva-montefico-produttori-del-barbaresco-2015\/#primaryimage"},"thumbnailUrl":"https:\/\/fonsvinum.com\/files\/2013\/04\/barberesco-produttori-riserva-montefico.png","datePublished":"2020-04-01T15:17:01+00:00","dateModified":"2020-04-06T10:24:44+00:00","description":"Barbaresco Riserva Montefico PRODUTTORI 2015. Der Barbaresco wird zu 100% aus Nebbiolo-Trauben produziert, die D.O.C.G. Gebiet von Barbaresco wachsen.","breadcrumb":{"@id":"https:\/\/fonsvinum.com\/de\/produkt\/barbaresco-riserva-montefico-produttori-del-barbaresco-2015\/#breadcrumb"},"inLanguage":"de","potentialAction":[{"@type":"ReadAction","target":["https:\/\/fonsvinum.com\/de\/produkt\/barbaresco-riserva-montefico-produttori-del-barbaresco-2015\/"]}]},{"@type":"ImageObject","inLanguage":"de","@id":"https:\/\/fonsvinum.com\/de\/produkt\/barbaresco-riserva-montefico-produttori-del-barbaresco-2015\/#primaryimage","url":"https:\/\/fonsvinum.com\/files\/2013\/04\/barberesco-produttori-riserva-montefico.png","contentUrl":"https:\/\/fonsvinum.com\/files\/2013\/04\/barberesco-produttori-riserva-montefico.png","width":225,"height":540},{"@type":"BreadcrumbList","@id":"https:\/\/fonsvinum.com\/de\/produkt\/barbaresco-riserva-montefico-produttori-del-barbaresco-2015\/#breadcrumb","itemListElement":[{"@type":"ListItem","position":1,"name":"Startseite","item":"https:\/\/fonsvinum.com\/de\/"},{"@type":"ListItem","position":2,"name":"Shop","item":"https:\/\/fonsvinum.com\/de\/shop\/"},{"@type":"ListItem","position":3,"name":"Barbaresco Riserva Montefico PRODUTTORI DEL BARBARESCO 2015"}]},{"@type":"WebSite","@id":"https:\/\/fonsvinum.com\/en\/#website","url":"https:\/\/fonsvinum.com\/en\/","name":"Fons Vinum","description":"Vendita Vino Online","publisher":{"@id":"https:\/\/fonsvinum.com\/en\/#organization"},"potentialAction":[{"@type":"SearchAction","target":{"@type":"EntryPoint","urlTemplate":"https:\/\/fonsvinum.com\/en\/?s={search_term_string}"},"query-input":{"@type":"PropertyValueSpecification","valueRequired":true,"valueName":"search_term_string"}}],"inLanguage":"de"},{"@type":"Organization","@id":"https:\/\/fonsvinum.com\/en\/#organization","name":"Fons Vinum","url":"https:\/\/fonsvinum.com\/en\/","logo":{"@type":"ImageObject","inLanguage":"de","@id":"https:\/\/fonsvinum.com\/en\/#\/schema\/logo\/image\/","url":"","contentUrl":"","caption":"Fons Vinum"},"image":{"@id":"https:\/\/fonsvinum.com\/en\/#\/schema\/logo\/image\/"}}]}},"acf":[],"_links":{"self":[{"href":"https:\/\/fonsvinum.com\/de\/wp-json\/wp\/v2\/product\/23166","targetHints":{"allow":["GET"]}}],"collection":[{"href":"https:\/\/fonsvinum.com\/de\/wp-json\/wp\/v2\/product"}],"about":[{"href":"https:\/\/fonsvinum.com\/de\/wp-json\/wp\/v2\/types\/product"}],"replies":[{"embeddable":true,"href":"https:\/\/fonsvinum.com\/de\/wp-json\/wp\/v2\/comments?post=23166"}],"wp:featuredmedia":[{"embeddable":true,"href":"https:\/\/fonsvinum.com\/de\/wp-json\/wp\/v2\/media\/8519"}],"wp:attachment":[{"href":"https:\/\/fonsvinum.com\/de\/wp-json\/wp\/v2\/media?parent=23166"}],"wp:term":[{"taxonomy":"product_brand","embeddable":true,"href":"https:\/\/fonsvinum.com\/de\/wp-json\/wp\/v2\/product_brand?post=23166"},{"taxonomy":"product_cat","embeddable":true,"href":"https:\/\/fonsvinum.com\/de\/wp-json\/wp\/v2\/product_cat?post=23166"},{"taxonomy":"product_tag","embeddable":true,"href":"https:\/\/fonsvinum.com\/de\/wp-json\/wp\/v2\/product_tag?post=23166"}],"curies":[{"name":"wp","href":"https:\/\/api.w.org\/{rel}","templated":true}]}}