{"id":23160,"date":"2020-04-01T17:12:31","date_gmt":"2020-04-01T15:12:31","guid":{"rendered":"https:\/\/fonsvinum.com\/?post_type=product&#038;p=23160"},"modified":"2020-04-06T12:16:43","modified_gmt":"2020-04-06T10:16:43","slug":"barbaresco-2015-ris-pora-produttori-del-barbaresco","status":"publish","type":"product","link":"https:\/\/fonsvinum.com\/de\/produkt\/barbaresco-2015-ris-pora-produttori-del-barbaresco\/","title":{"rendered":"Barbaresco 2015 Ris. Pora PRODUTTORI DEL BARBARESCO"},"content":{"rendered":"<h1>Barbaresco 2015 Ris. Pora PRODUTTORI DEL BARBARESCO<\/h1>\n<p>Pora \u00fcberw\u00e4ltigt mit unglaublicher Komplexit\u00e4t und einer Aromenvielfalt, die von Himbeeren und Lakritz \u00fcber Trockenblumen und Gew\u00fcrze bis zu wei\u00dfem Tr\u00fcffel reicht.<\/p>\n<p>Im Geschmack bietet der Pora Noblesse und eine gewisse Ernsthaftigkeit, bevor er sich mit Biss und Saftigkeit \u00f6ffnet und samtig weit ausklingt.<\/p>\n<h2>Produttori del Barbaresco &#8211; Piemont<\/h2>\n<p>Sie z\u00e4hlt heute nicht nur zu den besten Genossenschaftskellereien Europas, sondern bietet ihre Weine auch noch zu sehr kundenfreundlichen Preisen an: Die im Jahr 1958 vom \u00f6rtlichen Pfarrer Don Fiorino Marengo neugeschaffene und heute mit ruhiger Hand von Aldo Vacca und Gianni Testa gef\u00fchrte Kooperative Produttori del Barbaresco.<\/p>\n<p>Mehr als f\u00fcnfzig angeschlossene Weinbauern kultivieren knapp ein Sechstel der Gesamtanbaufl\u00e4che im Barbaresco-Gebiet.<\/p>\n<p>Die Winzerfamilien bewirtschaften ihre in 200 bis 400 Meter H\u00f6he liegenden Parzellen autonom,\u00a0befolgen aber strenge Vorgaben des Direktoriums bez\u00fcglich der Boden- und Rebstockpflege.<\/p>\n<p>Da die Gew\u00e4chse in neun der besten Lagen der Denomination wachsen, beschreibt der Weinf\u00fchrer Gambero Rosso das aus knapp einem Dutzend kostbarer Tropfen bestehende und in guten Weinbaujahren durch die Linie Riserva erg\u00e4nzte Sortiment der Kooperative als einen &#8222;Lehrpfad, der zum wahren Wesen der Langa f\u00fchrt&#8220;.<\/p>\n<p>Erkl\u00e4rtes Ziel der Piemonteser war es von Anfang an, hochwertige Weine zu keltern und sich auf die Rebsorte Nebbiolo zu beschr\u00e4nken.<\/p>\n<p>Bis heute werden deshalb lediglich Barbaresco und Nebbiolo-Basisweine im traditionellen Stil erzeugt.<\/p>\n<p>Die Trauben f\u00fcr den Barbaresco stammen aus den Premium-Lagen Asili, Rabaj\u00e0, Pora, Montestefano, Ovello, Paj\u00e9, Montefico, Muncagota und Rio Sordo.<\/p>\n<p>Die klassische Bereitung mit ausgedehnten Maischestandzeiten und gro\u00dfen F\u00e4ssern bilden die Grundlage f\u00fcr \u00e4u\u00dferst langlebige Tropfen, die sich von Modestr\u00f6mungen deutlich distanzieren.<\/p>\n<p>Die Genossenschaft Cantina Sociale dei Produttori del Barbaresco war mit den bis in die Gegenwart hinein bedeutenden Weinbaubetrieben von Angelo Gaja und Bruno Giacosa der erste Erzeuger der Region, der Weine aus Cru-Lagen produzierte.<\/p>\n<p>Diese Vorgehensweise war ein erster Schritt in Richtung der heute g\u00fcltigen offiziellen Lagenkartografie der faszinierenden Denomination.<\/p>\n<p>In guten Jahren wird von der Kooperative aus rund der H\u00e4lfte der geernteten Trauben Barbaresco hergestellt.<\/p>\n<p>&nbsp;<\/p>\n","protected":false},"excerpt":{"rendered":"<p>Barbaresco 2015 Ris. Pora PRODUTTORI DEL BARBARESCO Pora \u00fcberw\u00e4ltigt mit unglaublicher Komplexit\u00e4t und einer Aromenvielfalt, die von Himbeeren und Lakritz \u00fcber Trockenblumen und Gew\u00fcrze bis zu wei\u00dfem Tr\u00fcffel reicht. Im Geschmack bietet der Pora Noblesse und eine gewisse Ernsthaftigkeit, bevor er sich mit Biss und Saftigkeit \u00f6ffnet und samtig weit ausklingt. Produttori del Barbaresco &#8211; [&hellip;]<\/p>\n","protected":false},"featured_media":7909,"comment_status":"open","ping_status":"closed","template":"","meta":{"_acf_changed":false,"_monsterinsights_skip_tracking":false,"_monsterinsights_sitenote_active":false,"_monsterinsights_sitenote_note":"","_monsterinsights_sitenote_category":0},"product_brand":[],"product_cat":[1773],"product_tag":[1751,15895],"class_list":{"0":"post-23160","1":"product","2":"type-product","3":"status-publish","4":"has-post-thumbnail","6":"product_cat-barbaresco-de","7":"product_tag-aussergewoehnliche-weine-aus-italien-de","8":"product_tag-barbaresco-de-2","9":"pa_appellation-barbaresco-docg-de","10":"pa_formato-0-75-l-flasche-de","11":"pa_producer-produttori-del-barbaresco-de","12":"pa_region-piemont-de","13":"pa_vine-100-nebbiolo-de","14":"pa_vintage-2015-de","16":"first","17":"instock","18":"taxable","19":"shipping-taxable","20":"purchasable","21":"product-type-simple"},"bundled_by":[],"bundle_stock_status":"instock","bundle_stock_quantity":1,"bundle_virtual":false,"bundle_layout":"","bundle_add_to_cart_form_location":"","bundle_editable_in_cart":false,"bundle_sold_individually_context":"","bundle_item_grouping":"","bundle_min_size":"","bundle_max_size":"","bundle_price":[],"bundled_items":[],"bundle_sell_ids":[],"yoast_head":"<!-- This site is optimized with the Yoast SEO plugin v27.2 - https:\/\/yoast.com\/product\/yoast-seo-wordpress\/ -->\n<title>Barbaresco 2015 Ris. Pora PRODUTTORI DEL BARBARESCO<\/title>\n<meta name=\"description\" content=\"Barbaresco 2015 Ris. Pora PRODUTTORI DEL BARBARESCO Der Barbaresco Wird zu 100% Nebbiolo- Trauben produziert, die D.O.C.G. von barbaresco wachsen\" \/>\n<meta name=\"robots\" content=\"index, follow, max-snippet:-1, max-image-preview:large, max-video-preview:-1\" \/>\n<link rel=\"canonical\" href=\"https:\/\/fonsvinum.com\/de\/produkt\/barbaresco-2015-ris-pora-produttori-del-barbaresco\/\" \/>\n<meta property=\"og:locale\" content=\"de_DE\" \/>\n<meta property=\"og:type\" content=\"article\" \/>\n<meta property=\"og:title\" content=\"Barbaresco 2015 Ris. Pora PRODUTTORI DEL BARBARESCO\" \/>\n<meta property=\"og:description\" content=\"Barbaresco 2015 Ris. Pora PRODUTTORI DEL BARBARESCO Der Barbaresco Wird zu 100% Nebbiolo- Trauben produziert, die D.O.C.G. von barbaresco wachsen\" \/>\n<meta property=\"og:url\" content=\"https:\/\/fonsvinum.com\/de\/produkt\/barbaresco-2015-ris-pora-produttori-del-barbaresco\/\" \/>\n<meta property=\"og:site_name\" content=\"Fons Vinum\" \/>\n<meta property=\"article:modified_time\" content=\"2020-04-06T10:16:43+00:00\" \/>\n<meta property=\"og:image\" content=\"https:\/\/fonsvinum.com\/files\/2013\/04\/barbaresco-produttori-riserva-pora.png\" \/>\n\t<meta property=\"og:image:width\" content=\"225\" \/>\n\t<meta property=\"og:image:height\" content=\"540\" \/>\n\t<meta property=\"og:image:type\" content=\"image\/png\" \/>\n<meta name=\"twitter:label1\" content=\"Gesch\u00e4tzte Lesezeit\" \/>\n\t<meta name=\"twitter:data1\" content=\"2\u00a0Minuten\" \/>\n<script type=\"application\/ld+json\" class=\"yoast-schema-graph\">{\"@context\":\"https:\/\/schema.org\",\"@graph\":[{\"@type\":\"WebPage\",\"@id\":\"https:\/\/fonsvinum.com\/de\/produkt\/barbaresco-2015-ris-pora-produttori-del-barbaresco\/\",\"url\":\"https:\/\/fonsvinum.com\/de\/produkt\/barbaresco-2015-ris-pora-produttori-del-barbaresco\/\",\"name\":\"Barbaresco 2015 Ris. Pora PRODUTTORI DEL BARBARESCO\",\"isPartOf\":{\"@id\":\"https:\/\/fonsvinum.com\/en\/#website\"},\"primaryImageOfPage\":{\"@id\":\"https:\/\/fonsvinum.com\/de\/produkt\/barbaresco-2015-ris-pora-produttori-del-barbaresco\/#primaryimage\"},\"image\":{\"@id\":\"https:\/\/fonsvinum.com\/de\/produkt\/barbaresco-2015-ris-pora-produttori-del-barbaresco\/#primaryimage\"},\"thumbnailUrl\":\"https:\/\/fonsvinum.com\/files\/2013\/04\/barbaresco-produttori-riserva-pora.png\",\"datePublished\":\"2020-04-01T15:12:31+00:00\",\"dateModified\":\"2020-04-06T10:16:43+00:00\",\"description\":\"Barbaresco 2015 Ris. Pora PRODUTTORI DEL BARBARESCO Der Barbaresco Wird zu 100% Nebbiolo- Trauben produziert, die D.O.C.G. von barbaresco wachsen\",\"breadcrumb\":{\"@id\":\"https:\/\/fonsvinum.com\/de\/produkt\/barbaresco-2015-ris-pora-produttori-del-barbaresco\/#breadcrumb\"},\"inLanguage\":\"de\",\"potentialAction\":[{\"@type\":\"ReadAction\",\"target\":[\"https:\/\/fonsvinum.com\/de\/produkt\/barbaresco-2015-ris-pora-produttori-del-barbaresco\/\"]}]},{\"@type\":\"ImageObject\",\"inLanguage\":\"de\",\"@id\":\"https:\/\/fonsvinum.com\/de\/produkt\/barbaresco-2015-ris-pora-produttori-del-barbaresco\/#primaryimage\",\"url\":\"https:\/\/fonsvinum.com\/files\/2013\/04\/barbaresco-produttori-riserva-pora.png\",\"contentUrl\":\"https:\/\/fonsvinum.com\/files\/2013\/04\/barbaresco-produttori-riserva-pora.png\",\"width\":225,\"height\":540},{\"@type\":\"BreadcrumbList\",\"@id\":\"https:\/\/fonsvinum.com\/de\/produkt\/barbaresco-2015-ris-pora-produttori-del-barbaresco\/#breadcrumb\",\"itemListElement\":[{\"@type\":\"ListItem\",\"position\":1,\"name\":\"Startseite\",\"item\":\"https:\/\/fonsvinum.com\/de\/\"},{\"@type\":\"ListItem\",\"position\":2,\"name\":\"Shop\",\"item\":\"https:\/\/fonsvinum.com\/de\/shop\/\"},{\"@type\":\"ListItem\",\"position\":3,\"name\":\"Barbaresco 2015 Ris. Pora PRODUTTORI DEL BARBARESCO\"}]},{\"@type\":\"WebSite\",\"@id\":\"https:\/\/fonsvinum.com\/en\/#website\",\"url\":\"https:\/\/fonsvinum.com\/en\/\",\"name\":\"Fons Vinum\",\"description\":\"Vendita Vino Online\",\"publisher\":{\"@id\":\"https:\/\/fonsvinum.com\/en\/#organization\"},\"potentialAction\":[{\"@type\":\"SearchAction\",\"target\":{\"@type\":\"EntryPoint\",\"urlTemplate\":\"https:\/\/fonsvinum.com\/en\/?s={search_term_string}\"},\"query-input\":{\"@type\":\"PropertyValueSpecification\",\"valueRequired\":true,\"valueName\":\"search_term_string\"}}],\"inLanguage\":\"de\"},{\"@type\":\"Organization\",\"@id\":\"https:\/\/fonsvinum.com\/en\/#organization\",\"name\":\"Fons Vinum\",\"url\":\"https:\/\/fonsvinum.com\/en\/\",\"logo\":{\"@type\":\"ImageObject\",\"inLanguage\":\"de\",\"@id\":\"https:\/\/fonsvinum.com\/en\/#\/schema\/logo\/image\/\",\"url\":\"\",\"contentUrl\":\"\",\"caption\":\"Fons Vinum\"},\"image\":{\"@id\":\"https:\/\/fonsvinum.com\/en\/#\/schema\/logo\/image\/\"}}]}<\/script>\n<!-- \/ Yoast SEO plugin. -->","yoast_head_json":{"title":"Barbaresco 2015 Ris. Pora PRODUTTORI DEL BARBARESCO","description":"Barbaresco 2015 Ris. Pora PRODUTTORI DEL BARBARESCO Der Barbaresco Wird zu 100% Nebbiolo- Trauben produziert, die D.O.C.G. von barbaresco wachsen","robots":{"index":"index","follow":"follow","max-snippet":"max-snippet:-1","max-image-preview":"max-image-preview:large","max-video-preview":"max-video-preview:-1"},"canonical":"https:\/\/fonsvinum.com\/de\/produkt\/barbaresco-2015-ris-pora-produttori-del-barbaresco\/","og_locale":"de_DE","og_type":"article","og_title":"Barbaresco 2015 Ris. Pora PRODUTTORI DEL BARBARESCO","og_description":"Barbaresco 2015 Ris. Pora PRODUTTORI DEL BARBARESCO Der Barbaresco Wird zu 100% Nebbiolo- Trauben produziert, die D.O.C.G. von barbaresco wachsen","og_url":"https:\/\/fonsvinum.com\/de\/produkt\/barbaresco-2015-ris-pora-produttori-del-barbaresco\/","og_site_name":"Fons Vinum","article_modified_time":"2020-04-06T10:16:43+00:00","og_image":[{"width":225,"height":540,"url":"https:\/\/fonsvinum.com\/files\/2013\/04\/barbaresco-produttori-riserva-pora.png","type":"image\/png"}],"twitter_misc":{"Gesch\u00e4tzte Lesezeit":"2\u00a0Minuten"},"schema":{"@context":"https:\/\/schema.org","@graph":[{"@type":"WebPage","@id":"https:\/\/fonsvinum.com\/de\/produkt\/barbaresco-2015-ris-pora-produttori-del-barbaresco\/","url":"https:\/\/fonsvinum.com\/de\/produkt\/barbaresco-2015-ris-pora-produttori-del-barbaresco\/","name":"Barbaresco 2015 Ris. Pora PRODUTTORI DEL BARBARESCO","isPartOf":{"@id":"https:\/\/fonsvinum.com\/en\/#website"},"primaryImageOfPage":{"@id":"https:\/\/fonsvinum.com\/de\/produkt\/barbaresco-2015-ris-pora-produttori-del-barbaresco\/#primaryimage"},"image":{"@id":"https:\/\/fonsvinum.com\/de\/produkt\/barbaresco-2015-ris-pora-produttori-del-barbaresco\/#primaryimage"},"thumbnailUrl":"https:\/\/fonsvinum.com\/files\/2013\/04\/barbaresco-produttori-riserva-pora.png","datePublished":"2020-04-01T15:12:31+00:00","dateModified":"2020-04-06T10:16:43+00:00","description":"Barbaresco 2015 Ris. Pora PRODUTTORI DEL BARBARESCO Der Barbaresco Wird zu 100% Nebbiolo- Trauben produziert, die D.O.C.G. von barbaresco wachsen","breadcrumb":{"@id":"https:\/\/fonsvinum.com\/de\/produkt\/barbaresco-2015-ris-pora-produttori-del-barbaresco\/#breadcrumb"},"inLanguage":"de","potentialAction":[{"@type":"ReadAction","target":["https:\/\/fonsvinum.com\/de\/produkt\/barbaresco-2015-ris-pora-produttori-del-barbaresco\/"]}]},{"@type":"ImageObject","inLanguage":"de","@id":"https:\/\/fonsvinum.com\/de\/produkt\/barbaresco-2015-ris-pora-produttori-del-barbaresco\/#primaryimage","url":"https:\/\/fonsvinum.com\/files\/2013\/04\/barbaresco-produttori-riserva-pora.png","contentUrl":"https:\/\/fonsvinum.com\/files\/2013\/04\/barbaresco-produttori-riserva-pora.png","width":225,"height":540},{"@type":"BreadcrumbList","@id":"https:\/\/fonsvinum.com\/de\/produkt\/barbaresco-2015-ris-pora-produttori-del-barbaresco\/#breadcrumb","itemListElement":[{"@type":"ListItem","position":1,"name":"Startseite","item":"https:\/\/fonsvinum.com\/de\/"},{"@type":"ListItem","position":2,"name":"Shop","item":"https:\/\/fonsvinum.com\/de\/shop\/"},{"@type":"ListItem","position":3,"name":"Barbaresco 2015 Ris. Pora PRODUTTORI DEL BARBARESCO"}]},{"@type":"WebSite","@id":"https:\/\/fonsvinum.com\/en\/#website","url":"https:\/\/fonsvinum.com\/en\/","name":"Fons Vinum","description":"Vendita Vino Online","publisher":{"@id":"https:\/\/fonsvinum.com\/en\/#organization"},"potentialAction":[{"@type":"SearchAction","target":{"@type":"EntryPoint","urlTemplate":"https:\/\/fonsvinum.com\/en\/?s={search_term_string}"},"query-input":{"@type":"PropertyValueSpecification","valueRequired":true,"valueName":"search_term_string"}}],"inLanguage":"de"},{"@type":"Organization","@id":"https:\/\/fonsvinum.com\/en\/#organization","name":"Fons Vinum","url":"https:\/\/fonsvinum.com\/en\/","logo":{"@type":"ImageObject","inLanguage":"de","@id":"https:\/\/fonsvinum.com\/en\/#\/schema\/logo\/image\/","url":"","contentUrl":"","caption":"Fons Vinum"},"image":{"@id":"https:\/\/fonsvinum.com\/en\/#\/schema\/logo\/image\/"}}]}},"acf":[],"_links":{"self":[{"href":"https:\/\/fonsvinum.com\/de\/wp-json\/wp\/v2\/product\/23160","targetHints":{"allow":["GET"]}}],"collection":[{"href":"https:\/\/fonsvinum.com\/de\/wp-json\/wp\/v2\/product"}],"about":[{"href":"https:\/\/fonsvinum.com\/de\/wp-json\/wp\/v2\/types\/product"}],"replies":[{"embeddable":true,"href":"https:\/\/fonsvinum.com\/de\/wp-json\/wp\/v2\/comments?post=23160"}],"wp:featuredmedia":[{"embeddable":true,"href":"https:\/\/fonsvinum.com\/de\/wp-json\/wp\/v2\/media\/7909"}],"wp:attachment":[{"href":"https:\/\/fonsvinum.com\/de\/wp-json\/wp\/v2\/media?parent=23160"}],"wp:term":[{"taxonomy":"product_brand","embeddable":true,"href":"https:\/\/fonsvinum.com\/de\/wp-json\/wp\/v2\/product_brand?post=23160"},{"taxonomy":"product_cat","embeddable":true,"href":"https:\/\/fonsvinum.com\/de\/wp-json\/wp\/v2\/product_cat?post=23160"},{"taxonomy":"product_tag","embeddable":true,"href":"https:\/\/fonsvinum.com\/de\/wp-json\/wp\/v2\/product_tag?post=23160"}],"curies":[{"name":"wp","href":"https:\/\/api.w.org\/{rel}","templated":true}]}}