{"id":23126,"date":"2020-03-27T17:20:37","date_gmt":"2020-03-27T16:20:37","guid":{"rendered":"https:\/\/fonsvinum.com\/?post_type=product&#038;p=23126"},"modified":"2020-04-06T12:03:45","modified_gmt":"2020-04-06T10:03:45","slug":"tignanello-2016-marchesi-antinori-toscana-rosso-magnum","status":"publish","type":"product","link":"https:\/\/fonsvinum.com\/de\/produkt\/tignanello-2016-marchesi-antinori-toscana-rosso-magnum\/","title":{"rendered":"TIGNANELLO 2016 MARCHESI ANTINORI TOSCANA ROSSO MAGNUM"},"content":{"rendered":"<h1>Tignanello 2016 MARCHESI ANTINORI TOSCANA ROSSO MAGNUM<\/h1>\n<h3>Tignanello 2016 MARCHESI ANTINORI TOSCANA ROSSO MAGNUM<\/h3>\n<p>Der Weinberg Tignanello wird besonders sp\u00e4t gelesen, und ausschlie\u00dflich sorgf\u00e4ltig per Hand selektierte Trauben werden f\u00fcr diesen Wein verwendet.<\/p>\n<p>Der Tignanello ist intensiv fruchtig und komplex im Bouquet, im Geschmack zeigt er eine optimale Struktur, ist ausgewogen mit sanften Tanninen und einem angenehm langen Nachhall.<\/p>\n<p>Ein Name, den man nicht weiter vorstellen braucht. Ultrafein. Schwarzer Pfeffer, Nelke, etwas Amarenakirsche in der Nase. Am Gaumen bleibt der Wein kr\u00e4ftig strukturiert, ganz fein poliertes Tannin, mittelkr\u00e4ftiger K\u00f6rper, nie fett, trotzdem immer mollig und geschmeidig. Ein Wein, der auch von der reifen S\u00e4ure lebt, elegant bleibt und in seiner Komplexit\u00e4t einzigartig ist. Von au\u00dfergew\u00f6hnlichem Reifepotenzial gepr\u00e4gt!<\/p>\n","protected":false},"excerpt":{"rendered":"<p>Tignanello 2016 MARCHESI ANTINORI TOSCANA ROSSO MAGNUM Tignanello 2016 MARCHESI ANTINORI TOSCANA ROSSO MAGNUM Der Weinberg Tignanello wird besonders sp\u00e4t gelesen, und ausschlie\u00dflich sorgf\u00e4ltig per Hand selektierte Trauben werden f\u00fcr diesen Wein verwendet. Der Tignanello ist intensiv fruchtig und komplex im Bouquet, im Geschmack zeigt er eine optimale Struktur, ist ausgewogen mit sanften Tanninen und [&hellip;]<\/p>\n","protected":false},"featured_media":4189,"comment_status":"open","ping_status":"closed","template":"","meta":{"_acf_changed":false,"_monsterinsights_skip_tracking":false,"_monsterinsights_sitenote_active":false,"_monsterinsights_sitenote_note":"","_monsterinsights_sitenote_category":0},"product_brand":[],"product_cat":[2162],"product_tag":[1733,2150],"class_list":{"0":"post-23126","1":"product","2":"type-product","3":"status-publish","4":"has-post-thumbnail","6":"product_cat-blend","7":"product_tag-aussergewoehnliche-weine-de","8":"product_tag-grossformat","9":"pa_appellation-toscana-rosso-igt-de","10":"pa_formato-1-50-l-flasche-de","11":"pa_producer-marchesi-antinori-de","12":"pa_region-toskana-de","13":"pa_vine-85-sangiovese-10-cabernet-sauvignon-e-5-cabernet-franc-de","14":"pa_vintage-2016-de","16":"first","17":"instock","18":"taxable","19":"shipping-taxable","20":"purchasable","21":"product-type-simple"},"bundled_by":[],"bundle_stock_status":"instock","bundle_stock_quantity":1,"bundle_virtual":false,"bundle_layout":"","bundle_add_to_cart_form_location":"","bundle_editable_in_cart":false,"bundle_sold_individually_context":"","bundle_item_grouping":"","bundle_min_size":"","bundle_max_size":"","bundle_price":[],"bundled_items":[],"bundle_sell_ids":[],"yoast_head":"<!-- This site is optimized with the Yoast SEO plugin v27.3 - https:\/\/yoast.com\/product\/yoast-seo-wordpress\/ -->\n<title>TIGNANELLO 2016 MARCHESI ANTINORI TOSCANA ROSSO MAGNUM<\/title>\n<meta name=\"description\" content=\"Kaufen online TIGNANELLO 2016 MARCHESI ANTINORI TOSCANA ROSSO MAGNUM I Fonsvinum rare Weine online aus Piedmont,Toskana und Venetien\" \/>\n<meta name=\"robots\" content=\"index, follow, max-snippet:-1, max-image-preview:large, max-video-preview:-1\" \/>\n<link rel=\"canonical\" href=\"https:\/\/fonsvinum.com\/de\/produkt\/tignanello-2016-marchesi-antinori-toscana-rosso-magnum\/\" \/>\n<meta property=\"og:locale\" content=\"de_DE\" \/>\n<meta property=\"og:type\" content=\"article\" \/>\n<meta property=\"og:title\" content=\"TIGNANELLO 2016 MARCHESI ANTINORI TOSCANA ROSSO MAGNUM\" \/>\n<meta property=\"og:description\" content=\"Kaufen online TIGNANELLO 2016 MARCHESI ANTINORI TOSCANA ROSSO MAGNUM I Fonsvinum rare Weine online aus Piedmont,Toskana und Venetien\" \/>\n<meta property=\"og:url\" content=\"https:\/\/fonsvinum.com\/de\/produkt\/tignanello-2016-marchesi-antinori-toscana-rosso-magnum\/\" \/>\n<meta property=\"og:site_name\" content=\"Fons Vinum\" \/>\n<meta property=\"article:modified_time\" content=\"2020-04-06T10:03:45+00:00\" \/>\n<meta property=\"og:image\" content=\"https:\/\/fonsvinum.com\/files\/2013\/04\/tignanello-marchesi-antinori.png\" \/>\n\t<meta property=\"og:image:width\" content=\"202\" \/>\n\t<meta property=\"og:image:height\" content=\"630\" \/>\n\t<meta property=\"og:image:type\" content=\"image\/png\" \/>\n<meta name=\"twitter:label1\" content=\"Gesch\u00e4tzte Lesezeit\" \/>\n\t<meta name=\"twitter:data1\" content=\"1\u00a0Minute\" \/>\n<script type=\"application\/ld+json\" class=\"yoast-schema-graph\">{\"@context\":\"https:\\\/\\\/schema.org\",\"@graph\":[{\"@type\":\"WebPage\",\"@id\":\"https:\\\/\\\/fonsvinum.com\\\/de\\\/produkt\\\/tignanello-2016-marchesi-antinori-toscana-rosso-magnum\\\/\",\"url\":\"https:\\\/\\\/fonsvinum.com\\\/de\\\/produkt\\\/tignanello-2016-marchesi-antinori-toscana-rosso-magnum\\\/\",\"name\":\"TIGNANELLO 2016 MARCHESI ANTINORI TOSCANA ROSSO MAGNUM\",\"isPartOf\":{\"@id\":\"https:\\\/\\\/fonsvinum.com\\\/en\\\/#website\"},\"primaryImageOfPage\":{\"@id\":\"https:\\\/\\\/fonsvinum.com\\\/de\\\/produkt\\\/tignanello-2016-marchesi-antinori-toscana-rosso-magnum\\\/#primaryimage\"},\"image\":{\"@id\":\"https:\\\/\\\/fonsvinum.com\\\/de\\\/produkt\\\/tignanello-2016-marchesi-antinori-toscana-rosso-magnum\\\/#primaryimage\"},\"thumbnailUrl\":\"https:\\\/\\\/fonsvinum.com\\\/files\\\/2013\\\/04\\\/tignanello-marchesi-antinori.png\",\"datePublished\":\"2020-03-27T16:20:37+00:00\",\"dateModified\":\"2020-04-06T10:03:45+00:00\",\"description\":\"Kaufen online TIGNANELLO 2016 MARCHESI ANTINORI TOSCANA ROSSO MAGNUM I Fonsvinum rare Weine online aus Piedmont,Toskana und Venetien\",\"breadcrumb\":{\"@id\":\"https:\\\/\\\/fonsvinum.com\\\/de\\\/produkt\\\/tignanello-2016-marchesi-antinori-toscana-rosso-magnum\\\/#breadcrumb\"},\"inLanguage\":\"de\",\"potentialAction\":[{\"@type\":\"ReadAction\",\"target\":[\"https:\\\/\\\/fonsvinum.com\\\/de\\\/produkt\\\/tignanello-2016-marchesi-antinori-toscana-rosso-magnum\\\/\"]}]},{\"@type\":\"ImageObject\",\"inLanguage\":\"de\",\"@id\":\"https:\\\/\\\/fonsvinum.com\\\/de\\\/produkt\\\/tignanello-2016-marchesi-antinori-toscana-rosso-magnum\\\/#primaryimage\",\"url\":\"https:\\\/\\\/fonsvinum.com\\\/files\\\/2013\\\/04\\\/tignanello-marchesi-antinori.png\",\"contentUrl\":\"https:\\\/\\\/fonsvinum.com\\\/files\\\/2013\\\/04\\\/tignanello-marchesi-antinori.png\",\"width\":202,\"height\":630},{\"@type\":\"BreadcrumbList\",\"@id\":\"https:\\\/\\\/fonsvinum.com\\\/de\\\/produkt\\\/tignanello-2016-marchesi-antinori-toscana-rosso-magnum\\\/#breadcrumb\",\"itemListElement\":[{\"@type\":\"ListItem\",\"position\":1,\"name\":\"Startseite\",\"item\":\"https:\\\/\\\/fonsvinum.com\\\/de\\\/\"},{\"@type\":\"ListItem\",\"position\":2,\"name\":\"Shop\",\"item\":\"https:\\\/\\\/fonsvinum.com\\\/de\\\/shop\\\/\"},{\"@type\":\"ListItem\",\"position\":3,\"name\":\"TIGNANELLO 2016 MARCHESI ANTINORI TOSCANA ROSSO MAGNUM\"}]},{\"@type\":\"WebSite\",\"@id\":\"https:\\\/\\\/fonsvinum.com\\\/en\\\/#website\",\"url\":\"https:\\\/\\\/fonsvinum.com\\\/en\\\/\",\"name\":\"Fons Vinum\",\"description\":\"Vendita Vino Online\",\"publisher\":{\"@id\":\"https:\\\/\\\/fonsvinum.com\\\/en\\\/#organization\"},\"potentialAction\":[{\"@type\":\"SearchAction\",\"target\":{\"@type\":\"EntryPoint\",\"urlTemplate\":\"https:\\\/\\\/fonsvinum.com\\\/en\\\/?s={search_term_string}\"},\"query-input\":{\"@type\":\"PropertyValueSpecification\",\"valueRequired\":true,\"valueName\":\"search_term_string\"}}],\"inLanguage\":\"de\"},{\"@type\":\"Organization\",\"@id\":\"https:\\\/\\\/fonsvinum.com\\\/en\\\/#organization\",\"name\":\"Fons Vinum\",\"url\":\"https:\\\/\\\/fonsvinum.com\\\/en\\\/\",\"logo\":{\"@type\":\"ImageObject\",\"inLanguage\":\"de\",\"@id\":\"https:\\\/\\\/fonsvinum.com\\\/en\\\/#\\\/schema\\\/logo\\\/image\\\/\",\"url\":\"\",\"contentUrl\":\"\",\"caption\":\"Fons Vinum\"},\"image\":{\"@id\":\"https:\\\/\\\/fonsvinum.com\\\/en\\\/#\\\/schema\\\/logo\\\/image\\\/\"}}]}<\/script>\n<!-- \/ Yoast SEO plugin. -->","yoast_head_json":{"title":"TIGNANELLO 2016 MARCHESI ANTINORI TOSCANA ROSSO MAGNUM","description":"Kaufen online TIGNANELLO 2016 MARCHESI ANTINORI TOSCANA ROSSO MAGNUM I Fonsvinum rare Weine online aus Piedmont,Toskana und Venetien","robots":{"index":"index","follow":"follow","max-snippet":"max-snippet:-1","max-image-preview":"max-image-preview:large","max-video-preview":"max-video-preview:-1"},"canonical":"https:\/\/fonsvinum.com\/de\/produkt\/tignanello-2016-marchesi-antinori-toscana-rosso-magnum\/","og_locale":"de_DE","og_type":"article","og_title":"TIGNANELLO 2016 MARCHESI ANTINORI TOSCANA ROSSO MAGNUM","og_description":"Kaufen online TIGNANELLO 2016 MARCHESI ANTINORI TOSCANA ROSSO MAGNUM I Fonsvinum rare Weine online aus Piedmont,Toskana und Venetien","og_url":"https:\/\/fonsvinum.com\/de\/produkt\/tignanello-2016-marchesi-antinori-toscana-rosso-magnum\/","og_site_name":"Fons Vinum","article_modified_time":"2020-04-06T10:03:45+00:00","og_image":[{"width":202,"height":630,"url":"https:\/\/fonsvinum.com\/files\/2013\/04\/tignanello-marchesi-antinori.png","type":"image\/png"}],"twitter_misc":{"Gesch\u00e4tzte Lesezeit":"1\u00a0Minute"},"schema":{"@context":"https:\/\/schema.org","@graph":[{"@type":"WebPage","@id":"https:\/\/fonsvinum.com\/de\/produkt\/tignanello-2016-marchesi-antinori-toscana-rosso-magnum\/","url":"https:\/\/fonsvinum.com\/de\/produkt\/tignanello-2016-marchesi-antinori-toscana-rosso-magnum\/","name":"TIGNANELLO 2016 MARCHESI ANTINORI TOSCANA ROSSO MAGNUM","isPartOf":{"@id":"https:\/\/fonsvinum.com\/en\/#website"},"primaryImageOfPage":{"@id":"https:\/\/fonsvinum.com\/de\/produkt\/tignanello-2016-marchesi-antinori-toscana-rosso-magnum\/#primaryimage"},"image":{"@id":"https:\/\/fonsvinum.com\/de\/produkt\/tignanello-2016-marchesi-antinori-toscana-rosso-magnum\/#primaryimage"},"thumbnailUrl":"https:\/\/fonsvinum.com\/files\/2013\/04\/tignanello-marchesi-antinori.png","datePublished":"2020-03-27T16:20:37+00:00","dateModified":"2020-04-06T10:03:45+00:00","description":"Kaufen online TIGNANELLO 2016 MARCHESI ANTINORI TOSCANA ROSSO MAGNUM I Fonsvinum rare Weine online aus Piedmont,Toskana und Venetien","breadcrumb":{"@id":"https:\/\/fonsvinum.com\/de\/produkt\/tignanello-2016-marchesi-antinori-toscana-rosso-magnum\/#breadcrumb"},"inLanguage":"de","potentialAction":[{"@type":"ReadAction","target":["https:\/\/fonsvinum.com\/de\/produkt\/tignanello-2016-marchesi-antinori-toscana-rosso-magnum\/"]}]},{"@type":"ImageObject","inLanguage":"de","@id":"https:\/\/fonsvinum.com\/de\/produkt\/tignanello-2016-marchesi-antinori-toscana-rosso-magnum\/#primaryimage","url":"https:\/\/fonsvinum.com\/files\/2013\/04\/tignanello-marchesi-antinori.png","contentUrl":"https:\/\/fonsvinum.com\/files\/2013\/04\/tignanello-marchesi-antinori.png","width":202,"height":630},{"@type":"BreadcrumbList","@id":"https:\/\/fonsvinum.com\/de\/produkt\/tignanello-2016-marchesi-antinori-toscana-rosso-magnum\/#breadcrumb","itemListElement":[{"@type":"ListItem","position":1,"name":"Startseite","item":"https:\/\/fonsvinum.com\/de\/"},{"@type":"ListItem","position":2,"name":"Shop","item":"https:\/\/fonsvinum.com\/de\/shop\/"},{"@type":"ListItem","position":3,"name":"TIGNANELLO 2016 MARCHESI ANTINORI TOSCANA ROSSO MAGNUM"}]},{"@type":"WebSite","@id":"https:\/\/fonsvinum.com\/en\/#website","url":"https:\/\/fonsvinum.com\/en\/","name":"Fons Vinum","description":"Vendita Vino Online","publisher":{"@id":"https:\/\/fonsvinum.com\/en\/#organization"},"potentialAction":[{"@type":"SearchAction","target":{"@type":"EntryPoint","urlTemplate":"https:\/\/fonsvinum.com\/en\/?s={search_term_string}"},"query-input":{"@type":"PropertyValueSpecification","valueRequired":true,"valueName":"search_term_string"}}],"inLanguage":"de"},{"@type":"Organization","@id":"https:\/\/fonsvinum.com\/en\/#organization","name":"Fons Vinum","url":"https:\/\/fonsvinum.com\/en\/","logo":{"@type":"ImageObject","inLanguage":"de","@id":"https:\/\/fonsvinum.com\/en\/#\/schema\/logo\/image\/","url":"","contentUrl":"","caption":"Fons Vinum"},"image":{"@id":"https:\/\/fonsvinum.com\/en\/#\/schema\/logo\/image\/"}}]}},"acf":[],"_links":{"self":[{"href":"https:\/\/fonsvinum.com\/de\/wp-json\/wp\/v2\/product\/23126","targetHints":{"allow":["GET"]}}],"collection":[{"href":"https:\/\/fonsvinum.com\/de\/wp-json\/wp\/v2\/product"}],"about":[{"href":"https:\/\/fonsvinum.com\/de\/wp-json\/wp\/v2\/types\/product"}],"replies":[{"embeddable":true,"href":"https:\/\/fonsvinum.com\/de\/wp-json\/wp\/v2\/comments?post=23126"}],"wp:featuredmedia":[{"embeddable":true,"href":"https:\/\/fonsvinum.com\/de\/wp-json\/wp\/v2\/media\/4189"}],"wp:attachment":[{"href":"https:\/\/fonsvinum.com\/de\/wp-json\/wp\/v2\/media?parent=23126"}],"wp:term":[{"taxonomy":"product_brand","embeddable":true,"href":"https:\/\/fonsvinum.com\/de\/wp-json\/wp\/v2\/product_brand?post=23126"},{"taxonomy":"product_cat","embeddable":true,"href":"https:\/\/fonsvinum.com\/de\/wp-json\/wp\/v2\/product_cat?post=23126"},{"taxonomy":"product_tag","embeddable":true,"href":"https:\/\/fonsvinum.com\/de\/wp-json\/wp\/v2\/product_tag?post=23126"}],"curies":[{"name":"wp","href":"https:\/\/api.w.org\/{rel}","templated":true}]}}