{"id":23100,"date":"2020-03-19T17:36:21","date_gmt":"2020-03-19T16:36:21","guid":{"rendered":"https:\/\/fonsvinum.com\/?post_type=product&#038;p=23100"},"modified":"2020-03-19T17:46:20","modified_gmt":"2020-03-19T16:46:20","slug":"lurei-barbera-dasti-docg-superiore-tenuta-il-falchetto","status":"publish","type":"product","link":"https:\/\/fonsvinum.com\/de\/produkt\/lurei-barbera-dasti-docg-superiore-tenuta-il-falchetto\/","title":{"rendered":"LUREI BARBERA D&#8217;ASTI DOCG SUPERIORE Tenuta Il Falchetto"},"content":{"rendered":"<h1>LUREI BARBERA D&#8217;ASTI DOCG SUPERIORE<\/h1>\n<h1>Tenuta Il Falchetto<\/h1>\n<p>Die ersten Dokumente \u00fcber die Familie Forno aus Santo Stefano Belbo gehen auf die Mitte des siebzehnten Jahrhunderts zur\u00fcck: Man kann heute noch auf alten Karten die &#8222;Cascina Forno&#8220;, auch unter der Bezeichnung &#8222;Tenuta Il Falchetto&#8220;, finden. Schon 1940 begann Pietro Forno, der aus einer Landwirtsfamilie kam, die sich bereits seit vier Generationen dem Weinanbau widmete, mit der Produktion der ersten Flaschen Moscato.<\/p>\n<p>Ende der 70er Jahre \u00fcbergab Pietro seinen Kindern Natalino und Luigi die Z\u00fcgel, welche dann den Keller erneuerten und neuartiges Equipment f\u00fcr die Weinherstellung und G\u00e4rung einf\u00fchrten und den Herstellungsprozess verfeinerten und verbesserten, nat\u00fcrlich immer mit dem h\u00f6chsten Respekt f\u00fcr die Tradition ihres Landes.<\/p>\n<p>Haupth\u00fcgelgebiete des Piemonts Haupth\u00fcgelgebiete des Piemonts<\/p>\n<p>Heute leiten stolz die Br\u00fcder Giorgio, Fabrizio und Adriano Forno den Betrieb, der jetzt aus drei Weing\u00fctern In der Provinz Cuneo in den Gemeinden Santo Stefano Belbo und Castiglione Tanella und drei in der Provinz Asti in den Gemeinden Agliano Terme und Calosso besteht, in denen neun verschiedene typische und internationale Rebsorten angebaut werden.<\/p>\n<p>Auf dem Weinberg wird jeder Anbauschritt sorgf\u00e4ltig begleitet \u2013 vom Winterschnitt bis zur Ausd\u00fcnnung der Trauben im Sommer, wobei es sich um eine Arbeit handelt, die per Hand ausgef\u00fchrt wird, um die Menge und Qualit\u00e4t der Trauben an jeder einzelnen Pflanze gut kontrollieren zu k\u00f6nnen.<\/p>\n<p>Die \u00fcbrigen Trauben reifen damit einheitlich und sind viel reicher an Duft und Farbe. Die Weinlese erfolgt manuell in den Weinbergen.<\/p>\n<h4>Der Weine<\/h4>\n<ul>\n<li>100% aus Barberatrauben.<\/li>\n<li>Der Wein erinnert uns, schon mit seiner intensiven rubinroten Farbe, an die Pers\u00f6nlichkeit und den Charakter des Barbera d\u2019Asti.<\/li>\n<li>Er reift ein Jahr in 30-hl-Eichenholzf\u00e4ssern aus Slawonien.<\/li>\n<li>Der Duft ist fruchtig mit Noten von schwarzen Johannisbeeren und Maraskakirschen.<\/li>\n<li>Im Mund ist er wohlschmeckend und umh\u00fcllend, mit Mineralnoten im langen Abgang.<\/li>\n<li>Mit seinem guten K\u00f6rper passt dieser Wein sehr gut zu Braten und reifem K\u00e4se.<\/li>\n<\/ul>\n","protected":false},"excerpt":{"rendered":"<p>LUREI BARBERA D&#8217;ASTI DOCG SUPERIORE Tenuta Il Falchetto Die ersten Dokumente \u00fcber die Familie Forno aus Santo Stefano Belbo gehen auf die Mitte des siebzehnten Jahrhunderts zur\u00fcck: Man kann heute noch auf alten Karten die &#8222;Cascina Forno&#8220;, auch unter der Bezeichnung &#8222;Tenuta Il Falchetto&#8220;, finden. Schon 1940 begann Pietro Forno, der aus einer Landwirtsfamilie kam, [&hellip;]<\/p>\n","protected":false},"featured_media":19479,"comment_status":"open","ping_status":"closed","template":"","meta":{"_acf_changed":false,"_monsterinsights_skip_tracking":false,"_monsterinsights_sitenote_active":false,"_monsterinsights_sitenote_note":"","_monsterinsights_sitenote_category":0},"product_brand":[],"product_cat":[2170],"product_tag":[1751,2418],"class_list":{"0":"post-23100","1":"product","2":"type-product","3":"status-publish","4":"has-post-thumbnail","6":"product_cat-barbera-de","7":"product_tag-aussergewoehnliche-weine-aus-italien-de","8":"product_tag-kleine-weinzeuger-de","9":"pa_appellation-barbera-dasti-superiore-docg-de","10":"pa_formato-0-75-l-flasche-de","11":"pa_producer-tenuta-il-falchetto-de","12":"pa_region-piemont-de","13":"pa_vine-100-barbera-de","14":"pa_vintage-18393","16":"first","17":"outofstock","18":"taxable","19":"shipping-taxable","20":"purchasable","21":"product-type-simple"},"bundled_by":[],"bundle_stock_status":"outofstock","bundle_stock_quantity":0,"bundle_virtual":false,"bundle_layout":"","bundle_add_to_cart_form_location":"","bundle_editable_in_cart":false,"bundle_sold_individually_context":"","bundle_item_grouping":"","bundle_min_size":"","bundle_max_size":"","bundle_price":[],"bundled_items":[],"bundle_sell_ids":[],"yoast_head":"<!-- This site is optimized with the Yoast SEO plugin v27.2 - https:\/\/yoast.com\/product\/yoast-seo-wordpress\/ -->\n<title>LUREI BARBERA D&#039;ASTI SUPERIORE Il Falchetto<\/title>\n<meta name=\"description\" content=\"LUREI BARBERA D&#039;ASTI DOCG SUPERIORE tenuta Il Falchetto Der Wein erinnert uns, schon mit seiner intensiven rubinroten Farbe\" \/>\n<meta name=\"robots\" content=\"index, follow, max-snippet:-1, max-image-preview:large, max-video-preview:-1\" \/>\n<link rel=\"canonical\" href=\"https:\/\/fonsvinum.com\/de\/produkt\/lurei-barbera-dasti-docg-superiore-tenuta-il-falchetto\/\" \/>\n<meta property=\"og:locale\" content=\"de_DE\" \/>\n<meta property=\"og:type\" content=\"article\" \/>\n<meta property=\"og:title\" content=\"LUREI BARBERA D&#039;ASTI SUPERIORE Il Falchetto\" \/>\n<meta property=\"og:description\" content=\"LUREI BARBERA D&#039;ASTI DOCG SUPERIORE tenuta Il Falchetto Der Wein erinnert uns, schon mit seiner intensiven rubinroten Farbe\" \/>\n<meta property=\"og:url\" content=\"https:\/\/fonsvinum.com\/de\/produkt\/lurei-barbera-dasti-docg-superiore-tenuta-il-falchetto\/\" \/>\n<meta property=\"og:site_name\" content=\"Fons Vinum\" \/>\n<meta property=\"article:modified_time\" content=\"2020-03-19T16:46:20+00:00\" \/>\n<meta property=\"og:image\" content=\"https:\/\/fonsvinum.com\/files\/2019\/04\/lurei-tenuta-il-falchetto.jpg\" \/>\n\t<meta property=\"og:image:width\" content=\"249\" \/>\n\t<meta property=\"og:image:height\" content=\"800\" \/>\n\t<meta property=\"og:image:type\" content=\"image\/jpeg\" \/>\n<meta name=\"twitter:label1\" content=\"Gesch\u00e4tzte Lesezeit\" \/>\n\t<meta name=\"twitter:data1\" content=\"2\u00a0Minuten\" \/>\n<script type=\"application\/ld+json\" class=\"yoast-schema-graph\">{\"@context\":\"https:\/\/schema.org\",\"@graph\":[{\"@type\":\"WebPage\",\"@id\":\"https:\/\/fonsvinum.com\/de\/produkt\/lurei-barbera-dasti-docg-superiore-tenuta-il-falchetto\/\",\"url\":\"https:\/\/fonsvinum.com\/de\/produkt\/lurei-barbera-dasti-docg-superiore-tenuta-il-falchetto\/\",\"name\":\"LUREI BARBERA D'ASTI SUPERIORE Il Falchetto\",\"isPartOf\":{\"@id\":\"https:\/\/fonsvinum.com\/en\/#website\"},\"primaryImageOfPage\":{\"@id\":\"https:\/\/fonsvinum.com\/de\/produkt\/lurei-barbera-dasti-docg-superiore-tenuta-il-falchetto\/#primaryimage\"},\"image\":{\"@id\":\"https:\/\/fonsvinum.com\/de\/produkt\/lurei-barbera-dasti-docg-superiore-tenuta-il-falchetto\/#primaryimage\"},\"thumbnailUrl\":\"https:\/\/fonsvinum.com\/files\/2019\/04\/lurei-tenuta-il-falchetto.jpg\",\"datePublished\":\"2020-03-19T16:36:21+00:00\",\"dateModified\":\"2020-03-19T16:46:20+00:00\",\"description\":\"LUREI BARBERA D'ASTI DOCG SUPERIORE tenuta Il Falchetto Der Wein erinnert uns, schon mit seiner intensiven rubinroten Farbe\",\"breadcrumb\":{\"@id\":\"https:\/\/fonsvinum.com\/de\/produkt\/lurei-barbera-dasti-docg-superiore-tenuta-il-falchetto\/#breadcrumb\"},\"inLanguage\":\"de\",\"potentialAction\":[{\"@type\":\"ReadAction\",\"target\":[\"https:\/\/fonsvinum.com\/de\/produkt\/lurei-barbera-dasti-docg-superiore-tenuta-il-falchetto\/\"]}]},{\"@type\":\"ImageObject\",\"inLanguage\":\"de\",\"@id\":\"https:\/\/fonsvinum.com\/de\/produkt\/lurei-barbera-dasti-docg-superiore-tenuta-il-falchetto\/#primaryimage\",\"url\":\"https:\/\/fonsvinum.com\/files\/2019\/04\/lurei-tenuta-il-falchetto.jpg\",\"contentUrl\":\"https:\/\/fonsvinum.com\/files\/2019\/04\/lurei-tenuta-il-falchetto.jpg\",\"width\":249,\"height\":800,\"caption\":\"lurei-tenuta-il-falchetto\"},{\"@type\":\"BreadcrumbList\",\"@id\":\"https:\/\/fonsvinum.com\/de\/produkt\/lurei-barbera-dasti-docg-superiore-tenuta-il-falchetto\/#breadcrumb\",\"itemListElement\":[{\"@type\":\"ListItem\",\"position\":1,\"name\":\"Startseite\",\"item\":\"https:\/\/fonsvinum.com\/de\/\"},{\"@type\":\"ListItem\",\"position\":2,\"name\":\"Shop\",\"item\":\"https:\/\/fonsvinum.com\/de\/shop\/\"},{\"@type\":\"ListItem\",\"position\":3,\"name\":\"LUREI BARBERA D&#8217;ASTI DOCG SUPERIORE Tenuta Il Falchetto\"}]},{\"@type\":\"WebSite\",\"@id\":\"https:\/\/fonsvinum.com\/en\/#website\",\"url\":\"https:\/\/fonsvinum.com\/en\/\",\"name\":\"Fons Vinum\",\"description\":\"Vendita Vino Online\",\"publisher\":{\"@id\":\"https:\/\/fonsvinum.com\/en\/#organization\"},\"potentialAction\":[{\"@type\":\"SearchAction\",\"target\":{\"@type\":\"EntryPoint\",\"urlTemplate\":\"https:\/\/fonsvinum.com\/en\/?s={search_term_string}\"},\"query-input\":{\"@type\":\"PropertyValueSpecification\",\"valueRequired\":true,\"valueName\":\"search_term_string\"}}],\"inLanguage\":\"de\"},{\"@type\":\"Organization\",\"@id\":\"https:\/\/fonsvinum.com\/en\/#organization\",\"name\":\"Fons Vinum\",\"url\":\"https:\/\/fonsvinum.com\/en\/\",\"logo\":{\"@type\":\"ImageObject\",\"inLanguage\":\"de\",\"@id\":\"https:\/\/fonsvinum.com\/en\/#\/schema\/logo\/image\/\",\"url\":\"\",\"contentUrl\":\"\",\"caption\":\"Fons Vinum\"},\"image\":{\"@id\":\"https:\/\/fonsvinum.com\/en\/#\/schema\/logo\/image\/\"}}]}<\/script>\n<!-- \/ Yoast SEO plugin. -->","yoast_head_json":{"title":"LUREI BARBERA D'ASTI SUPERIORE Il Falchetto","description":"LUREI BARBERA D'ASTI DOCG SUPERIORE tenuta Il Falchetto Der Wein erinnert uns, schon mit seiner intensiven rubinroten Farbe","robots":{"index":"index","follow":"follow","max-snippet":"max-snippet:-1","max-image-preview":"max-image-preview:large","max-video-preview":"max-video-preview:-1"},"canonical":"https:\/\/fonsvinum.com\/de\/produkt\/lurei-barbera-dasti-docg-superiore-tenuta-il-falchetto\/","og_locale":"de_DE","og_type":"article","og_title":"LUREI BARBERA D'ASTI SUPERIORE Il Falchetto","og_description":"LUREI BARBERA D'ASTI DOCG SUPERIORE tenuta Il Falchetto Der Wein erinnert uns, schon mit seiner intensiven rubinroten Farbe","og_url":"https:\/\/fonsvinum.com\/de\/produkt\/lurei-barbera-dasti-docg-superiore-tenuta-il-falchetto\/","og_site_name":"Fons Vinum","article_modified_time":"2020-03-19T16:46:20+00:00","og_image":[{"width":249,"height":800,"url":"https:\/\/fonsvinum.com\/files\/2019\/04\/lurei-tenuta-il-falchetto.jpg","type":"image\/jpeg"}],"twitter_misc":{"Gesch\u00e4tzte Lesezeit":"2\u00a0Minuten"},"schema":{"@context":"https:\/\/schema.org","@graph":[{"@type":"WebPage","@id":"https:\/\/fonsvinum.com\/de\/produkt\/lurei-barbera-dasti-docg-superiore-tenuta-il-falchetto\/","url":"https:\/\/fonsvinum.com\/de\/produkt\/lurei-barbera-dasti-docg-superiore-tenuta-il-falchetto\/","name":"LUREI BARBERA D'ASTI SUPERIORE Il Falchetto","isPartOf":{"@id":"https:\/\/fonsvinum.com\/en\/#website"},"primaryImageOfPage":{"@id":"https:\/\/fonsvinum.com\/de\/produkt\/lurei-barbera-dasti-docg-superiore-tenuta-il-falchetto\/#primaryimage"},"image":{"@id":"https:\/\/fonsvinum.com\/de\/produkt\/lurei-barbera-dasti-docg-superiore-tenuta-il-falchetto\/#primaryimage"},"thumbnailUrl":"https:\/\/fonsvinum.com\/files\/2019\/04\/lurei-tenuta-il-falchetto.jpg","datePublished":"2020-03-19T16:36:21+00:00","dateModified":"2020-03-19T16:46:20+00:00","description":"LUREI BARBERA D'ASTI DOCG SUPERIORE tenuta Il Falchetto Der Wein erinnert uns, schon mit seiner intensiven rubinroten Farbe","breadcrumb":{"@id":"https:\/\/fonsvinum.com\/de\/produkt\/lurei-barbera-dasti-docg-superiore-tenuta-il-falchetto\/#breadcrumb"},"inLanguage":"de","potentialAction":[{"@type":"ReadAction","target":["https:\/\/fonsvinum.com\/de\/produkt\/lurei-barbera-dasti-docg-superiore-tenuta-il-falchetto\/"]}]},{"@type":"ImageObject","inLanguage":"de","@id":"https:\/\/fonsvinum.com\/de\/produkt\/lurei-barbera-dasti-docg-superiore-tenuta-il-falchetto\/#primaryimage","url":"https:\/\/fonsvinum.com\/files\/2019\/04\/lurei-tenuta-il-falchetto.jpg","contentUrl":"https:\/\/fonsvinum.com\/files\/2019\/04\/lurei-tenuta-il-falchetto.jpg","width":249,"height":800,"caption":"lurei-tenuta-il-falchetto"},{"@type":"BreadcrumbList","@id":"https:\/\/fonsvinum.com\/de\/produkt\/lurei-barbera-dasti-docg-superiore-tenuta-il-falchetto\/#breadcrumb","itemListElement":[{"@type":"ListItem","position":1,"name":"Startseite","item":"https:\/\/fonsvinum.com\/de\/"},{"@type":"ListItem","position":2,"name":"Shop","item":"https:\/\/fonsvinum.com\/de\/shop\/"},{"@type":"ListItem","position":3,"name":"LUREI BARBERA D&#8217;ASTI DOCG SUPERIORE Tenuta Il Falchetto"}]},{"@type":"WebSite","@id":"https:\/\/fonsvinum.com\/en\/#website","url":"https:\/\/fonsvinum.com\/en\/","name":"Fons Vinum","description":"Vendita Vino Online","publisher":{"@id":"https:\/\/fonsvinum.com\/en\/#organization"},"potentialAction":[{"@type":"SearchAction","target":{"@type":"EntryPoint","urlTemplate":"https:\/\/fonsvinum.com\/en\/?s={search_term_string}"},"query-input":{"@type":"PropertyValueSpecification","valueRequired":true,"valueName":"search_term_string"}}],"inLanguage":"de"},{"@type":"Organization","@id":"https:\/\/fonsvinum.com\/en\/#organization","name":"Fons Vinum","url":"https:\/\/fonsvinum.com\/en\/","logo":{"@type":"ImageObject","inLanguage":"de","@id":"https:\/\/fonsvinum.com\/en\/#\/schema\/logo\/image\/","url":"","contentUrl":"","caption":"Fons Vinum"},"image":{"@id":"https:\/\/fonsvinum.com\/en\/#\/schema\/logo\/image\/"}}]}},"acf":[],"_links":{"self":[{"href":"https:\/\/fonsvinum.com\/de\/wp-json\/wp\/v2\/product\/23100","targetHints":{"allow":["GET"]}}],"collection":[{"href":"https:\/\/fonsvinum.com\/de\/wp-json\/wp\/v2\/product"}],"about":[{"href":"https:\/\/fonsvinum.com\/de\/wp-json\/wp\/v2\/types\/product"}],"replies":[{"embeddable":true,"href":"https:\/\/fonsvinum.com\/de\/wp-json\/wp\/v2\/comments?post=23100"}],"wp:featuredmedia":[{"embeddable":true,"href":"https:\/\/fonsvinum.com\/de\/wp-json\/wp\/v2\/media\/19479"}],"wp:attachment":[{"href":"https:\/\/fonsvinum.com\/de\/wp-json\/wp\/v2\/media?parent=23100"}],"wp:term":[{"taxonomy":"product_brand","embeddable":true,"href":"https:\/\/fonsvinum.com\/de\/wp-json\/wp\/v2\/product_brand?post=23100"},{"taxonomy":"product_cat","embeddable":true,"href":"https:\/\/fonsvinum.com\/de\/wp-json\/wp\/v2\/product_cat?post=23100"},{"taxonomy":"product_tag","embeddable":true,"href":"https:\/\/fonsvinum.com\/de\/wp-json\/wp\/v2\/product_tag?post=23100"}],"curies":[{"name":"wp","href":"https:\/\/api.w.org\/{rel}","templated":true}]}}