{"id":23054,"date":"2020-03-11T11:56:02","date_gmt":"2020-03-11T10:56:02","guid":{"rendered":"https:\/\/fonsvinum.com\/?post_type=product&#038;p=23054"},"modified":"2020-03-11T12:02:02","modified_gmt":"2020-03-11T11:02:02","slug":"montevertine-2016","status":"publish","type":"product","link":"https:\/\/fonsvinum.com\/de\/produkt\/montevertine-2016\/","title":{"rendered":"Montevertine 2016"},"content":{"rendered":"<h1>Montevertine 2016<\/h1>\n<p><strong>\u00a0<\/strong>Der Montevertine Rosso di Toscana IGT ist Montevertines Zweitwein.<\/p>\n<p>Dieser spielt in einer Gewichtsklasse, die ziemlich genau zwischen dem famosen, kraftstrotzenden Le Pergole Torte und dem wunderbar frischen Pian del Ciampolo liegt.<\/p>\n<p>Der Montevertine Rosso di Toscana IGT\u00a0ist eine Mischung aus Sangiovese, Canaiolo und Colorino.<\/p>\n<p>Die Trauben stammen aus einer 2,5 Hektaren grossen S\u00fcdlage, die 1982 gepflanzt und 2008 zum Teil erneuert wurde. Der Wein reift w\u00e4hrend 24 Monaten in F\u00e4ssern aus slawonischer Eiche.<\/p>\n<p>Dass die Abf\u00fcllung den Namen des Weinguts tr\u00e4gt, ist Programm.<\/p>\n<p>In diesem mittelschweren, ebenso robusten wie finessenreichen Wein kommt der authentische Toskana-Stil exakt zum Ausdruck.<\/p>\n<p>Strahlendes Rubin, kerniger Gerbstoff, Himbeeren und Veilchen im Aroma und ein wunderbar tiefer Abgang, der nach dem n\u00e4chsten Schluck ruft.<\/p>\n<p>&nbsp;<\/p>\n","protected":false},"excerpt":{"rendered":"<p>Montevertine 2016 \u00a0Der Montevertine Rosso di Toscana IGT ist Montevertines Zweitwein. Dieser spielt in einer Gewichtsklasse, die ziemlich genau zwischen dem famosen, kraftstrotzenden Le Pergole Torte und dem wunderbar frischen Pian del Ciampolo liegt. Der Montevertine Rosso di Toscana IGT\u00a0ist eine Mischung aus Sangiovese, Canaiolo und Colorino. Die Trauben stammen aus einer 2,5 Hektaren grossen [&hellip;]<\/p>\n","protected":false},"featured_media":15680,"comment_status":"open","ping_status":"closed","template":"","meta":{"_acf_changed":false,"_monsterinsights_skip_tracking":false,"_monsterinsights_sitenote_active":false,"_monsterinsights_sitenote_note":"","_monsterinsights_sitenote_category":0},"product_brand":[],"product_cat":[1772],"product_tag":[1751,3583],"class_list":{"0":"post-23054","1":"product","2":"type-product","3":"status-publish","4":"has-post-thumbnail","6":"product_cat-sangiovese-de","7":"product_tag-aussergewoehnliche-weine-aus-italien-de","8":"product_tag-vini-toscani-de","9":"pa_appellation-toscana-rosso-igt-de","10":"pa_formato-0-75-l-flasche-de","11":"pa_producer-montevertine-societa-agricola-de","12":"pa_region-toskana-de","13":"pa_vine-sangiovese-90-canaiolo-5-e-colorino-5-de","14":"pa_vintage-2016-de","16":"first","17":"outofstock","18":"taxable","19":"shipping-taxable","20":"purchasable","21":"product-type-simple"},"bundled_by":[],"bundle_stock_status":"outofstock","bundle_stock_quantity":0,"bundle_virtual":false,"bundle_layout":"","bundle_add_to_cart_form_location":"","bundle_editable_in_cart":false,"bundle_sold_individually_context":"","bundle_item_grouping":"","bundle_min_size":"","bundle_max_size":"","bundle_price":[],"bundled_items":[],"bundle_sell_ids":[],"yoast_head":"<!-- This site is optimized with the Yoast SEO plugin v27.2 - https:\/\/yoast.com\/product\/yoast-seo-wordpress\/ -->\n<title>BUY ON LINE FONS VINUM MONTEVERTINE igt Montevertine 2016<\/title>\n<meta name=\"description\" content=\"MONTEVERTINE 2016. Rubin, kerniger Gerbstoff, Himbeeren und Veilchen im Aroma und ein wunderbar tiefer Abgang, der nach dem n\u00e4chsten Schluck ruft.\" \/>\n<meta name=\"robots\" content=\"index, follow, max-snippet:-1, max-image-preview:large, max-video-preview:-1\" \/>\n<link rel=\"canonical\" href=\"https:\/\/fonsvinum.com\/de\/produkt\/montevertine-2016\/\" \/>\n<meta property=\"og:locale\" content=\"de_DE\" \/>\n<meta property=\"og:type\" content=\"article\" \/>\n<meta property=\"og:title\" content=\"BUY ON LINE FONS VINUM MONTEVERTINE igt Montevertine 2016\" \/>\n<meta property=\"og:description\" content=\"MONTEVERTINE 2016. Rubin, kerniger Gerbstoff, Himbeeren und Veilchen im Aroma und ein wunderbar tiefer Abgang, der nach dem n\u00e4chsten Schluck ruft.\" \/>\n<meta property=\"og:url\" content=\"https:\/\/fonsvinum.com\/de\/produkt\/montevertine-2016\/\" \/>\n<meta property=\"og:site_name\" content=\"Fons Vinum\" \/>\n<meta property=\"article:modified_time\" content=\"2020-03-11T11:02:02+00:00\" \/>\n<meta property=\"og:image\" content=\"https:\/\/fonsvinum.com\/files\/2018\/08\/montevertine-montevertine-2015.png\" \/>\n\t<meta property=\"og:image:width\" content=\"200\" \/>\n\t<meta property=\"og:image:height\" content=\"600\" \/>\n\t<meta property=\"og:image:type\" content=\"image\/png\" \/>\n<meta name=\"twitter:label1\" content=\"Gesch\u00e4tzte Lesezeit\" \/>\n\t<meta name=\"twitter:data1\" content=\"1\u00a0Minute\" \/>\n<script type=\"application\/ld+json\" class=\"yoast-schema-graph\">{\"@context\":\"https:\/\/schema.org\",\"@graph\":[{\"@type\":\"WebPage\",\"@id\":\"https:\/\/fonsvinum.com\/de\/produkt\/montevertine-2016\/\",\"url\":\"https:\/\/fonsvinum.com\/de\/produkt\/montevertine-2016\/\",\"name\":\"BUY ON LINE FONS VINUM MONTEVERTINE igt Montevertine 2016\",\"isPartOf\":{\"@id\":\"https:\/\/fonsvinum.com\/en\/#website\"},\"primaryImageOfPage\":{\"@id\":\"https:\/\/fonsvinum.com\/de\/produkt\/montevertine-2016\/#primaryimage\"},\"image\":{\"@id\":\"https:\/\/fonsvinum.com\/de\/produkt\/montevertine-2016\/#primaryimage\"},\"thumbnailUrl\":\"https:\/\/fonsvinum.com\/files\/2018\/08\/montevertine-montevertine-2015.png\",\"datePublished\":\"2020-03-11T10:56:02+00:00\",\"dateModified\":\"2020-03-11T11:02:02+00:00\",\"description\":\"MONTEVERTINE 2016. Rubin, kerniger Gerbstoff, Himbeeren und Veilchen im Aroma und ein wunderbar tiefer Abgang, der nach dem n\u00e4chsten Schluck ruft.\",\"breadcrumb\":{\"@id\":\"https:\/\/fonsvinum.com\/de\/produkt\/montevertine-2016\/#breadcrumb\"},\"inLanguage\":\"de\",\"potentialAction\":[{\"@type\":\"ReadAction\",\"target\":[\"https:\/\/fonsvinum.com\/de\/produkt\/montevertine-2016\/\"]}]},{\"@type\":\"ImageObject\",\"inLanguage\":\"de\",\"@id\":\"https:\/\/fonsvinum.com\/de\/produkt\/montevertine-2016\/#primaryimage\",\"url\":\"https:\/\/fonsvinum.com\/files\/2018\/08\/montevertine-montevertine-2015.png\",\"contentUrl\":\"https:\/\/fonsvinum.com\/files\/2018\/08\/montevertine-montevertine-2015.png\",\"width\":200,\"height\":600,\"caption\":\"montevertine-montevertine-2015\"},{\"@type\":\"BreadcrumbList\",\"@id\":\"https:\/\/fonsvinum.com\/de\/produkt\/montevertine-2016\/#breadcrumb\",\"itemListElement\":[{\"@type\":\"ListItem\",\"position\":1,\"name\":\"Startseite\",\"item\":\"https:\/\/fonsvinum.com\/de\/\"},{\"@type\":\"ListItem\",\"position\":2,\"name\":\"Shop\",\"item\":\"https:\/\/fonsvinum.com\/de\/shop\/\"},{\"@type\":\"ListItem\",\"position\":3,\"name\":\"Montevertine 2016\"}]},{\"@type\":\"WebSite\",\"@id\":\"https:\/\/fonsvinum.com\/en\/#website\",\"url\":\"https:\/\/fonsvinum.com\/en\/\",\"name\":\"Fons Vinum\",\"description\":\"Vendita Vino Online\",\"publisher\":{\"@id\":\"https:\/\/fonsvinum.com\/en\/#organization\"},\"potentialAction\":[{\"@type\":\"SearchAction\",\"target\":{\"@type\":\"EntryPoint\",\"urlTemplate\":\"https:\/\/fonsvinum.com\/en\/?s={search_term_string}\"},\"query-input\":{\"@type\":\"PropertyValueSpecification\",\"valueRequired\":true,\"valueName\":\"search_term_string\"}}],\"inLanguage\":\"de\"},{\"@type\":\"Organization\",\"@id\":\"https:\/\/fonsvinum.com\/en\/#organization\",\"name\":\"Fons Vinum\",\"url\":\"https:\/\/fonsvinum.com\/en\/\",\"logo\":{\"@type\":\"ImageObject\",\"inLanguage\":\"de\",\"@id\":\"https:\/\/fonsvinum.com\/en\/#\/schema\/logo\/image\/\",\"url\":\"\",\"contentUrl\":\"\",\"caption\":\"Fons Vinum\"},\"image\":{\"@id\":\"https:\/\/fonsvinum.com\/en\/#\/schema\/logo\/image\/\"}}]}<\/script>\n<!-- \/ Yoast SEO plugin. -->","yoast_head_json":{"title":"BUY ON LINE FONS VINUM MONTEVERTINE igt Montevertine 2016","description":"MONTEVERTINE 2016. Rubin, kerniger Gerbstoff, Himbeeren und Veilchen im Aroma und ein wunderbar tiefer Abgang, der nach dem n\u00e4chsten Schluck ruft.","robots":{"index":"index","follow":"follow","max-snippet":"max-snippet:-1","max-image-preview":"max-image-preview:large","max-video-preview":"max-video-preview:-1"},"canonical":"https:\/\/fonsvinum.com\/de\/produkt\/montevertine-2016\/","og_locale":"de_DE","og_type":"article","og_title":"BUY ON LINE FONS VINUM MONTEVERTINE igt Montevertine 2016","og_description":"MONTEVERTINE 2016. Rubin, kerniger Gerbstoff, Himbeeren und Veilchen im Aroma und ein wunderbar tiefer Abgang, der nach dem n\u00e4chsten Schluck ruft.","og_url":"https:\/\/fonsvinum.com\/de\/produkt\/montevertine-2016\/","og_site_name":"Fons Vinum","article_modified_time":"2020-03-11T11:02:02+00:00","og_image":[{"width":200,"height":600,"url":"https:\/\/fonsvinum.com\/files\/2018\/08\/montevertine-montevertine-2015.png","type":"image\/png"}],"twitter_misc":{"Gesch\u00e4tzte Lesezeit":"1\u00a0Minute"},"schema":{"@context":"https:\/\/schema.org","@graph":[{"@type":"WebPage","@id":"https:\/\/fonsvinum.com\/de\/produkt\/montevertine-2016\/","url":"https:\/\/fonsvinum.com\/de\/produkt\/montevertine-2016\/","name":"BUY ON LINE FONS VINUM MONTEVERTINE igt Montevertine 2016","isPartOf":{"@id":"https:\/\/fonsvinum.com\/en\/#website"},"primaryImageOfPage":{"@id":"https:\/\/fonsvinum.com\/de\/produkt\/montevertine-2016\/#primaryimage"},"image":{"@id":"https:\/\/fonsvinum.com\/de\/produkt\/montevertine-2016\/#primaryimage"},"thumbnailUrl":"https:\/\/fonsvinum.com\/files\/2018\/08\/montevertine-montevertine-2015.png","datePublished":"2020-03-11T10:56:02+00:00","dateModified":"2020-03-11T11:02:02+00:00","description":"MONTEVERTINE 2016. Rubin, kerniger Gerbstoff, Himbeeren und Veilchen im Aroma und ein wunderbar tiefer Abgang, der nach dem n\u00e4chsten Schluck ruft.","breadcrumb":{"@id":"https:\/\/fonsvinum.com\/de\/produkt\/montevertine-2016\/#breadcrumb"},"inLanguage":"de","potentialAction":[{"@type":"ReadAction","target":["https:\/\/fonsvinum.com\/de\/produkt\/montevertine-2016\/"]}]},{"@type":"ImageObject","inLanguage":"de","@id":"https:\/\/fonsvinum.com\/de\/produkt\/montevertine-2016\/#primaryimage","url":"https:\/\/fonsvinum.com\/files\/2018\/08\/montevertine-montevertine-2015.png","contentUrl":"https:\/\/fonsvinum.com\/files\/2018\/08\/montevertine-montevertine-2015.png","width":200,"height":600,"caption":"montevertine-montevertine-2015"},{"@type":"BreadcrumbList","@id":"https:\/\/fonsvinum.com\/de\/produkt\/montevertine-2016\/#breadcrumb","itemListElement":[{"@type":"ListItem","position":1,"name":"Startseite","item":"https:\/\/fonsvinum.com\/de\/"},{"@type":"ListItem","position":2,"name":"Shop","item":"https:\/\/fonsvinum.com\/de\/shop\/"},{"@type":"ListItem","position":3,"name":"Montevertine 2016"}]},{"@type":"WebSite","@id":"https:\/\/fonsvinum.com\/en\/#website","url":"https:\/\/fonsvinum.com\/en\/","name":"Fons Vinum","description":"Vendita Vino Online","publisher":{"@id":"https:\/\/fonsvinum.com\/en\/#organization"},"potentialAction":[{"@type":"SearchAction","target":{"@type":"EntryPoint","urlTemplate":"https:\/\/fonsvinum.com\/en\/?s={search_term_string}"},"query-input":{"@type":"PropertyValueSpecification","valueRequired":true,"valueName":"search_term_string"}}],"inLanguage":"de"},{"@type":"Organization","@id":"https:\/\/fonsvinum.com\/en\/#organization","name":"Fons Vinum","url":"https:\/\/fonsvinum.com\/en\/","logo":{"@type":"ImageObject","inLanguage":"de","@id":"https:\/\/fonsvinum.com\/en\/#\/schema\/logo\/image\/","url":"","contentUrl":"","caption":"Fons Vinum"},"image":{"@id":"https:\/\/fonsvinum.com\/en\/#\/schema\/logo\/image\/"}}]}},"acf":[],"_links":{"self":[{"href":"https:\/\/fonsvinum.com\/de\/wp-json\/wp\/v2\/product\/23054","targetHints":{"allow":["GET"]}}],"collection":[{"href":"https:\/\/fonsvinum.com\/de\/wp-json\/wp\/v2\/product"}],"about":[{"href":"https:\/\/fonsvinum.com\/de\/wp-json\/wp\/v2\/types\/product"}],"replies":[{"embeddable":true,"href":"https:\/\/fonsvinum.com\/de\/wp-json\/wp\/v2\/comments?post=23054"}],"wp:featuredmedia":[{"embeddable":true,"href":"https:\/\/fonsvinum.com\/de\/wp-json\/wp\/v2\/media\/15680"}],"wp:attachment":[{"href":"https:\/\/fonsvinum.com\/de\/wp-json\/wp\/v2\/media?parent=23054"}],"wp:term":[{"taxonomy":"product_brand","embeddable":true,"href":"https:\/\/fonsvinum.com\/de\/wp-json\/wp\/v2\/product_brand?post=23054"},{"taxonomy":"product_cat","embeddable":true,"href":"https:\/\/fonsvinum.com\/de\/wp-json\/wp\/v2\/product_cat?post=23054"},{"taxonomy":"product_tag","embeddable":true,"href":"https:\/\/fonsvinum.com\/de\/wp-json\/wp\/v2\/product_tag?post=23054"}],"curies":[{"name":"wp","href":"https:\/\/api.w.org\/{rel}","templated":true}]}}