{"id":22956,"date":"2020-03-09T11:04:23","date_gmt":"2020-03-09T10:04:23","guid":{"rendered":"https:\/\/fonsvinum.com\/?post_type=product&#038;p=22956"},"modified":"2020-03-09T11:21:54","modified_gmt":"2020-03-09T10:21:54","slug":"paleo-rosso-le-macchiole-2006","status":"publish","type":"product","link":"https:\/\/fonsvinum.com\/de\/produkt\/paleo-rosso-le-macchiole-2006\/","title":{"rendered":"Paleo Rosso Le Macchiole 2006"},"content":{"rendered":"<h1>Paleo Rosso Le Macchiole 2006<\/h1>\n<p>In dem trocken hei\u00dfen Klima an der toskanischen K\u00fcste mit k\u00fchlen Nachtwinden findet der Cabernet Franc auf Lehmboden perfekte Bedingungen, vielleicht die besten auf der ganzen Welt.<\/p>\n<p>Der Paleo Rosso ist der wichtigste Wein von Le Macchiole.<\/p>\n<p>Die Nachfrage nach Le Macchiole Weinen ist enorm, wir k\u00f6nnen Ihnen aber einige Flaschen dieses tollen Weins anbieten.<\/p>\n","protected":false},"excerpt":{"rendered":"<p>Paleo Rosso Le Macchiole 2006 In dem trocken hei\u00dfen Klima an der toskanischen K\u00fcste mit k\u00fchlen Nachtwinden findet der Cabernet Franc auf Lehmboden perfekte Bedingungen, vielleicht die besten auf der ganzen Welt. Der Paleo Rosso ist der wichtigste Wein von Le Macchiole. Die Nachfrage nach Le Macchiole Weinen ist enorm, wir k\u00f6nnen Ihnen aber einige [&hellip;]<\/p>\n","protected":false},"featured_media":9995,"comment_status":"open","ping_status":"closed","template":"","meta":{"_acf_changed":false,"_monsterinsights_skip_tracking":false,"_monsterinsights_sitenote_active":false,"_monsterinsights_sitenote_note":"","_monsterinsights_sitenote_category":0},"product_brand":[],"product_cat":[15711],"product_tag":[2150,1745,3583],"class_list":{"0":"post-22956","1":"product","2":"type-product","3":"status-publish","4":"has-post-thumbnail","6":"product_cat-cabernet-franc-de","7":"product_tag-grossformat","8":"product_tag-super-tuscan-de","9":"product_tag-vini-toscani-de","10":"pa_appellation-toscana-rosso-igt-de","11":"pa_formato-1-50-l-flasche-de","12":"pa_producer-le-macchiole-de","13":"pa_region-toskana-de","14":"pa_vine-100-cabernet-franc-de","15":"pa_vintage-2006-de","17":"first","18":"outofstock","19":"taxable","20":"shipping-taxable","21":"purchasable","22":"product-type-simple"},"bundled_by":[],"bundle_stock_status":"outofstock","bundle_stock_quantity":0,"bundle_virtual":false,"bundle_layout":"","bundle_add_to_cart_form_location":"","bundle_editable_in_cart":false,"bundle_sold_individually_context":"","bundle_item_grouping":"","bundle_min_size":"","bundle_max_size":"","bundle_price":[],"bundled_items":[],"bundle_sell_ids":[],"yoast_head":"<!-- This site is optimized with the Yoast SEO plugin v27.2 - https:\/\/yoast.com\/product\/yoast-seo-wordpress\/ -->\n<title>Buy Paleo Rosso Le Macchiole 2006 wine online | FonsVinum<\/title>\n<meta name=\"description\" content=\"Buy Paleo Rosso Le Macchiole 2006 wine online | FonsVinum\" \/>\n<meta name=\"robots\" content=\"index, follow, max-snippet:-1, max-image-preview:large, max-video-preview:-1\" \/>\n<link rel=\"canonical\" href=\"https:\/\/fonsvinum.com\/de\/produkt\/paleo-rosso-le-macchiole-2006\/\" \/>\n<meta property=\"og:locale\" content=\"de_DE\" \/>\n<meta property=\"og:type\" content=\"article\" \/>\n<meta property=\"og:title\" content=\"Buy Paleo Rosso Le Macchiole 2006 wine online | FonsVinum\" \/>\n<meta property=\"og:description\" content=\"Buy Paleo Rosso Le Macchiole 2006 wine online | FonsVinum\" \/>\n<meta property=\"og:url\" content=\"https:\/\/fonsvinum.com\/de\/produkt\/paleo-rosso-le-macchiole-2006\/\" \/>\n<meta property=\"og:site_name\" content=\"Fons Vinum\" \/>\n<meta property=\"article:modified_time\" content=\"2020-03-09T10:21:54+00:00\" \/>\n<meta property=\"og:image\" content=\"https:\/\/fonsvinum.com\/files\/2017\/01\/Paleo-Rosso-Le-Macchiole.png\" \/>\n\t<meta property=\"og:image:width\" content=\"200\" \/>\n\t<meta property=\"og:image:height\" content=\"600\" \/>\n\t<meta property=\"og:image:type\" content=\"image\/png\" \/>\n<script type=\"application\/ld+json\" class=\"yoast-schema-graph\">{\"@context\":\"https:\/\/schema.org\",\"@graph\":[{\"@type\":\"WebPage\",\"@id\":\"https:\/\/fonsvinum.com\/de\/produkt\/paleo-rosso-le-macchiole-2006\/\",\"url\":\"https:\/\/fonsvinum.com\/de\/produkt\/paleo-rosso-le-macchiole-2006\/\",\"name\":\"Buy Paleo Rosso Le Macchiole 2006 wine online | FonsVinum\",\"isPartOf\":{\"@id\":\"https:\/\/fonsvinum.com\/en\/#website\"},\"primaryImageOfPage\":{\"@id\":\"https:\/\/fonsvinum.com\/de\/produkt\/paleo-rosso-le-macchiole-2006\/#primaryimage\"},\"image\":{\"@id\":\"https:\/\/fonsvinum.com\/de\/produkt\/paleo-rosso-le-macchiole-2006\/#primaryimage\"},\"thumbnailUrl\":\"https:\/\/fonsvinum.com\/files\/2017\/01\/Paleo-Rosso-Le-Macchiole.png\",\"datePublished\":\"2020-03-09T10:04:23+00:00\",\"dateModified\":\"2020-03-09T10:21:54+00:00\",\"description\":\"Buy Paleo Rosso Le Macchiole 2006 wine online | FonsVinum\",\"breadcrumb\":{\"@id\":\"https:\/\/fonsvinum.com\/de\/produkt\/paleo-rosso-le-macchiole-2006\/#breadcrumb\"},\"inLanguage\":\"de\",\"potentialAction\":[{\"@type\":\"ReadAction\",\"target\":[\"https:\/\/fonsvinum.com\/de\/produkt\/paleo-rosso-le-macchiole-2006\/\"]}]},{\"@type\":\"ImageObject\",\"inLanguage\":\"de\",\"@id\":\"https:\/\/fonsvinum.com\/de\/produkt\/paleo-rosso-le-macchiole-2006\/#primaryimage\",\"url\":\"https:\/\/fonsvinum.com\/files\/2017\/01\/Paleo-Rosso-Le-Macchiole.png\",\"contentUrl\":\"https:\/\/fonsvinum.com\/files\/2017\/01\/Paleo-Rosso-Le-Macchiole.png\",\"width\":200,\"height\":600},{\"@type\":\"BreadcrumbList\",\"@id\":\"https:\/\/fonsvinum.com\/de\/produkt\/paleo-rosso-le-macchiole-2006\/#breadcrumb\",\"itemListElement\":[{\"@type\":\"ListItem\",\"position\":1,\"name\":\"Startseite\",\"item\":\"https:\/\/fonsvinum.com\/de\/\"},{\"@type\":\"ListItem\",\"position\":2,\"name\":\"Shop\",\"item\":\"https:\/\/fonsvinum.com\/de\/shop\/\"},{\"@type\":\"ListItem\",\"position\":3,\"name\":\"Paleo Rosso Le Macchiole 2006\"}]},{\"@type\":\"WebSite\",\"@id\":\"https:\/\/fonsvinum.com\/en\/#website\",\"url\":\"https:\/\/fonsvinum.com\/en\/\",\"name\":\"Fons Vinum\",\"description\":\"Vendita Vino Online\",\"publisher\":{\"@id\":\"https:\/\/fonsvinum.com\/en\/#organization\"},\"potentialAction\":[{\"@type\":\"SearchAction\",\"target\":{\"@type\":\"EntryPoint\",\"urlTemplate\":\"https:\/\/fonsvinum.com\/en\/?s={search_term_string}\"},\"query-input\":{\"@type\":\"PropertyValueSpecification\",\"valueRequired\":true,\"valueName\":\"search_term_string\"}}],\"inLanguage\":\"de\"},{\"@type\":\"Organization\",\"@id\":\"https:\/\/fonsvinum.com\/en\/#organization\",\"name\":\"Fons Vinum\",\"url\":\"https:\/\/fonsvinum.com\/en\/\",\"logo\":{\"@type\":\"ImageObject\",\"inLanguage\":\"de\",\"@id\":\"https:\/\/fonsvinum.com\/en\/#\/schema\/logo\/image\/\",\"url\":\"\",\"contentUrl\":\"\",\"caption\":\"Fons Vinum\"},\"image\":{\"@id\":\"https:\/\/fonsvinum.com\/en\/#\/schema\/logo\/image\/\"}}]}<\/script>\n<!-- \/ Yoast SEO plugin. -->","yoast_head_json":{"title":"Buy Paleo Rosso Le Macchiole 2006 wine online | FonsVinum","description":"Buy Paleo Rosso Le Macchiole 2006 wine online | FonsVinum","robots":{"index":"index","follow":"follow","max-snippet":"max-snippet:-1","max-image-preview":"max-image-preview:large","max-video-preview":"max-video-preview:-1"},"canonical":"https:\/\/fonsvinum.com\/de\/produkt\/paleo-rosso-le-macchiole-2006\/","og_locale":"de_DE","og_type":"article","og_title":"Buy Paleo Rosso Le Macchiole 2006 wine online | FonsVinum","og_description":"Buy Paleo Rosso Le Macchiole 2006 wine online | FonsVinum","og_url":"https:\/\/fonsvinum.com\/de\/produkt\/paleo-rosso-le-macchiole-2006\/","og_site_name":"Fons Vinum","article_modified_time":"2020-03-09T10:21:54+00:00","og_image":[{"width":200,"height":600,"url":"https:\/\/fonsvinum.com\/files\/2017\/01\/Paleo-Rosso-Le-Macchiole.png","type":"image\/png"}],"schema":{"@context":"https:\/\/schema.org","@graph":[{"@type":"WebPage","@id":"https:\/\/fonsvinum.com\/de\/produkt\/paleo-rosso-le-macchiole-2006\/","url":"https:\/\/fonsvinum.com\/de\/produkt\/paleo-rosso-le-macchiole-2006\/","name":"Buy Paleo Rosso Le Macchiole 2006 wine online | FonsVinum","isPartOf":{"@id":"https:\/\/fonsvinum.com\/en\/#website"},"primaryImageOfPage":{"@id":"https:\/\/fonsvinum.com\/de\/produkt\/paleo-rosso-le-macchiole-2006\/#primaryimage"},"image":{"@id":"https:\/\/fonsvinum.com\/de\/produkt\/paleo-rosso-le-macchiole-2006\/#primaryimage"},"thumbnailUrl":"https:\/\/fonsvinum.com\/files\/2017\/01\/Paleo-Rosso-Le-Macchiole.png","datePublished":"2020-03-09T10:04:23+00:00","dateModified":"2020-03-09T10:21:54+00:00","description":"Buy Paleo Rosso Le Macchiole 2006 wine online | FonsVinum","breadcrumb":{"@id":"https:\/\/fonsvinum.com\/de\/produkt\/paleo-rosso-le-macchiole-2006\/#breadcrumb"},"inLanguage":"de","potentialAction":[{"@type":"ReadAction","target":["https:\/\/fonsvinum.com\/de\/produkt\/paleo-rosso-le-macchiole-2006\/"]}]},{"@type":"ImageObject","inLanguage":"de","@id":"https:\/\/fonsvinum.com\/de\/produkt\/paleo-rosso-le-macchiole-2006\/#primaryimage","url":"https:\/\/fonsvinum.com\/files\/2017\/01\/Paleo-Rosso-Le-Macchiole.png","contentUrl":"https:\/\/fonsvinum.com\/files\/2017\/01\/Paleo-Rosso-Le-Macchiole.png","width":200,"height":600},{"@type":"BreadcrumbList","@id":"https:\/\/fonsvinum.com\/de\/produkt\/paleo-rosso-le-macchiole-2006\/#breadcrumb","itemListElement":[{"@type":"ListItem","position":1,"name":"Startseite","item":"https:\/\/fonsvinum.com\/de\/"},{"@type":"ListItem","position":2,"name":"Shop","item":"https:\/\/fonsvinum.com\/de\/shop\/"},{"@type":"ListItem","position":3,"name":"Paleo Rosso Le Macchiole 2006"}]},{"@type":"WebSite","@id":"https:\/\/fonsvinum.com\/en\/#website","url":"https:\/\/fonsvinum.com\/en\/","name":"Fons Vinum","description":"Vendita Vino Online","publisher":{"@id":"https:\/\/fonsvinum.com\/en\/#organization"},"potentialAction":[{"@type":"SearchAction","target":{"@type":"EntryPoint","urlTemplate":"https:\/\/fonsvinum.com\/en\/?s={search_term_string}"},"query-input":{"@type":"PropertyValueSpecification","valueRequired":true,"valueName":"search_term_string"}}],"inLanguage":"de"},{"@type":"Organization","@id":"https:\/\/fonsvinum.com\/en\/#organization","name":"Fons Vinum","url":"https:\/\/fonsvinum.com\/en\/","logo":{"@type":"ImageObject","inLanguage":"de","@id":"https:\/\/fonsvinum.com\/en\/#\/schema\/logo\/image\/","url":"","contentUrl":"","caption":"Fons Vinum"},"image":{"@id":"https:\/\/fonsvinum.com\/en\/#\/schema\/logo\/image\/"}}]}},"acf":[],"_links":{"self":[{"href":"https:\/\/fonsvinum.com\/de\/wp-json\/wp\/v2\/product\/22956","targetHints":{"allow":["GET"]}}],"collection":[{"href":"https:\/\/fonsvinum.com\/de\/wp-json\/wp\/v2\/product"}],"about":[{"href":"https:\/\/fonsvinum.com\/de\/wp-json\/wp\/v2\/types\/product"}],"replies":[{"embeddable":true,"href":"https:\/\/fonsvinum.com\/de\/wp-json\/wp\/v2\/comments?post=22956"}],"wp:featuredmedia":[{"embeddable":true,"href":"https:\/\/fonsvinum.com\/de\/wp-json\/wp\/v2\/media\/9995"}],"wp:attachment":[{"href":"https:\/\/fonsvinum.com\/de\/wp-json\/wp\/v2\/media?parent=22956"}],"wp:term":[{"taxonomy":"product_brand","embeddable":true,"href":"https:\/\/fonsvinum.com\/de\/wp-json\/wp\/v2\/product_brand?post=22956"},{"taxonomy":"product_cat","embeddable":true,"href":"https:\/\/fonsvinum.com\/de\/wp-json\/wp\/v2\/product_cat?post=22956"},{"taxonomy":"product_tag","embeddable":true,"href":"https:\/\/fonsvinum.com\/de\/wp-json\/wp\/v2\/product_tag?post=22956"}],"curies":[{"name":"wp","href":"https:\/\/api.w.org\/{rel}","templated":true}]}}